
{"id":49871,"date":"2026-04-10T14:14:55","date_gmt":"2026-04-10T20:14:55","guid":{"rendered":"https:\/\/harleydavidsontoluca.com\/shop\/?post_type=product&#038;p=49871"},"modified":"2026-04-10T14:14:55","modified_gmt":"2026-04-10T20:14:55","slug":"camisa-screamin-eagle-aloha-para-hombre","status":"publish","type":"product","link":"https:\/\/harleydavidsontoluca.com\/shop\/producto\/camisa-screamin-eagle-aloha-para-hombre\/","title":{"rendered":"CAMISA SCREAMIN&#8217; EAGLE ALOHA PARA HOMBRE"},"content":{"rendered":"<ul class=\"ig-flex ig-flex-col ig-gap-2.5 ig-list-disc ig-list-outside ig-pl-5\">\n<li class=\"ig-text-[0.875rem] ig-leading-[1.25rem] md:ig-text-[1rem] md:ig-leading-[1.5rem] lg:ig-text-[1rem] lg:ig-leading-[1.5rem]\"><strong>Materiales:<\/strong>\n<p class=\"ig-text-[0.875rem] ig-leading-[1.25rem] md:ig-text-[1rem] md:ig-leading-[1.5rem] lg:ig-text-[1rem] lg:ig-leading-[1.5rem] [&amp;&gt;a]:ig-underline [&amp;&gt;a]:hover:ig-no-underline ig-inline\" style=\"border: 0px solid #e5e7eb;--tw-border-spacing-x: 0;--tw-border-spacing-y: 0;--tw-translate-x: 0;--tw-translate-y: 0;--tw-rotate: 0;--tw-skew-x: 0;--tw-skew-y: 0;--tw-scale-x: 1;--tw-scale-y: 1;--tw-scroll-snap-strictness: proximity;--tw-ring-offset-width: 0px;--tw-ring-offset-color: #fff;--tw-ring-offset-shadow: 0 0 #0000;--tw-ring-shadow: 0 0 #0000;--tw-shadow: 0 0 #0000;--tw-shadow-colored: 0 0 #0000;margin: 0px;display: inline;font-size: 1rem;line-height: 1.5rem\">Challis de peso medio de 100\u202f% de viscosa, con proceso de lavado.<\/p>\n<\/li>\n<li class=\"ig-text-[0.875rem] ig-leading-[1.25rem] md:ig-text-[1rem] md:ig-leading-[1.5rem] lg:ig-text-[1rem] lg:ig-leading-[1.5rem]\"><strong>Cierre:<\/strong>\n<p class=\"ig-text-[0.875rem] ig-leading-[1.25rem] md:ig-text-[1rem] md:ig-leading-[1.5rem] lg:ig-text-[1rem] lg:ig-leading-[1.5rem] [&amp;&gt;a]:ig-underline [&amp;&gt;a]:hover:ig-no-underline ig-inline\" style=\"border: 0px solid #e5e7eb;--tw-border-spacing-x: 0;--tw-border-spacing-y: 0;--tw-translate-x: 0;--tw-translate-y: 0;--tw-rotate: 0;--tw-skew-x: 0;--tw-skew-y: 0;--tw-scale-x: 1;--tw-scale-y: 1;--tw-scroll-snap-strictness: proximity;--tw-ring-offset-width: 0px;--tw-ring-offset-color: #fff;--tw-ring-offset-shadow: 0 0 #0000;--tw-ring-shadow: 0 0 #0000;--tw-shadow: 0 0 #0000;--tw-shadow-colored: 0 0 #0000;margin: 0px;display: inline;font-size: 1rem;line-height: 1.5rem\">Botones en la parte delantera.<\/p>\n<\/li>\n<li class=\"ig-text-[0.875rem] ig-leading-[1.25rem] md:ig-text-[1rem] md:ig-leading-[1.5rem] lg:ig-text-[1rem] lg:ig-leading-[1.5rem]\"><strong>BOLSILLOS:<\/strong>\n<p class=\"ig-text-[0.875rem] ig-leading-[1.25rem] md:ig-text-[1rem] md:ig-leading-[1.5rem] lg:ig-text-[1rem] lg:ig-leading-[1.5rem] [&amp;&gt;a]:ig-underline [&amp;&gt;a]:hover:ig-no-underline ig-inline\" style=\"border: 0px solid #e5e7eb;--tw-border-spacing-x: 0;--tw-border-spacing-y: 0;--tw-translate-x: 0;--tw-translate-y: 0;--tw-rotate: 0;--tw-skew-x: 0;--tw-skew-y: 0;--tw-scale-x: 1;--tw-scale-y: 1;--tw-scroll-snap-strictness: proximity;--tw-ring-offset-width: 0px;--tw-ring-offset-color: #fff;--tw-ring-offset-shadow: 0 0 #0000;--tw-ring-shadow: 0 0 #0000;--tw-shadow: 0 0 #0000;--tw-shadow-colored: 0 0 #0000;margin: 0px;display: inline;font-size: 1rem;line-height: 1.5rem\">Bolsillo de parche en el pecho.<\/p>\n<\/li>\n<li class=\"ig-text-[0.875rem] ig-leading-[1.25rem] md:ig-text-[1rem] md:ig-leading-[1.5rem] lg:ig-text-[1rem] lg:ig-leading-[1.5rem]\"><strong>Detalles de dise\u00f1o:<\/strong>\n<p class=\"ig-text-[0.875rem] ig-leading-[1.25rem] md:ig-text-[1rem] md:ig-leading-[1.5rem] lg:ig-text-[1rem] lg:ig-leading-[1.5rem] [&amp;&gt;a]:ig-underline [&amp;&gt;a]:hover:ig-no-underline ig-inline\" style=\"border: 0px solid #e5e7eb;--tw-border-spacing-x: 0;--tw-border-spacing-y: 0;--tw-translate-x: 0;--tw-translate-y: 0;--tw-rotate: 0;--tw-skew-x: 0;--tw-skew-y: 0;--tw-scale-x: 1;--tw-scale-y: 1;--tw-scroll-snap-strictness: proximity;--tw-ring-offset-width: 0px;--tw-ring-offset-color: #fff;--tw-ring-offset-shadow: 0 0 #0000;--tw-ring-shadow: 0 0 #0000;--tw-shadow: 0 0 #0000;--tw-shadow-colored: 0 0 #0000;margin: 0px;display: inline;font-size: 1rem;line-height: 1.5rem\">Estampado personalizado en toda la prenda. Camp collar. Aberturas de respiraci\u00f3n laterales.<\/p>\n<\/li>\n<li class=\"ig-text-[0.875rem] ig-leading-[1.25rem] md:ig-text-[1rem] md:ig-leading-[1.5rem] lg:ig-text-[1rem] lg:ig-leading-[1.5rem]\"><strong>Gr\u00e1ficos:<\/strong>\n<p class=\"ig-text-[0.875rem] ig-leading-[1.25rem] md:ig-text-[1rem] md:ig-leading-[1.5rem] lg:ig-text-[1rem] lg:ig-leading-[1.5rem] [&amp;&gt;a]:ig-underline [&amp;&gt;a]:hover:ig-no-underline ig-inline\" style=\"border: 0px solid #e5e7eb;--tw-border-spacing-x: 0;--tw-border-spacing-y: 0;--tw-translate-x: 0;--tw-translate-y: 0;--tw-rotate: 0;--tw-skew-x: 0;--tw-skew-y: 0;--tw-scale-x: 1;--tw-scale-y: 1;--tw-scroll-snap-strictness: proximity;--tw-ring-offset-width: 0px;--tw-ring-offset-color: #fff;--tw-ring-offset-shadow: 0 0 #0000;--tw-ring-shadow: 0 0 #0000;--tw-shadow: 0 0 #0000;--tw-shadow-colored: 0 0 #0000;margin: 0px;display: inline;font-size: 1rem;line-height: 1.5rem\">Estampado con tintes reactivos en toda la prenda. Etiqueta de bandera que luce la marca.<\/p>\n<\/li>\n<\/ul>\n","protected":false},"excerpt":{"rendered":"<p>La camisa Screamin\u2019 Eagle\u00ae Aloha combina un dise\u00f1o inspirado en las islas con detalles de alto rendimiento pensados para la experiencia del motociclista. Su confecci\u00f3n en challis de viscosa ofrece un ajuste liviano y relajado que te mantiene fresco en climas c\u00e1lidos.<\/p>\n","protected":false},"featured_media":49876,"template":"","meta":[],"product_brand":[],"product_cat":[39,24],"product_tag":[],"class_list":{"0":"post-49871","1":"product","2":"type-product","3":"status-publish","4":"has-post-thumbnail","6":"product_cat-camisas","7":"product_cat-hombre","8":"pa_talla-l","9":"pa_talla-m","10":"pa_talla-s","11":"pa_talla-xl","13":"first","14":"instock","15":"taxable","16":"shipping-taxable","17":"purchasable","18":"product-type-variable"},"yoast_head":"<!-- This site is optimized with the Yoast SEO plugin v27.4 - https:\/\/yoast.com\/product\/yoast-seo-wordpress\/ -->\n<title>CAMISA SCREAMIN&#039; EAGLE ALOHA PARA HOMBRE - Tienda oficial H-D Toluca<\/title>\n<meta name=\"robots\" content=\"index, follow, max-snippet:-1, max-image-preview:large, max-video-preview:-1\" \/>\n<link rel=\"canonical\" href=\"https:\/\/harleydavidsontoluca.com\/shop\/producto\/camisa-screamin-eagle-aloha-para-hombre\/\" \/>\n<meta property=\"og:locale\" content=\"es_MX\" \/>\n<meta property=\"og:type\" content=\"article\" \/>\n<meta property=\"og:title\" content=\"CAMISA SCREAMIN&#039; EAGLE ALOHA PARA HOMBRE - Tienda oficial H-D Toluca\" \/>\n<meta property=\"og:description\" content=\"La camisa Screamin\u2019 Eagle\u00ae Aloha combina un dise\u00f1o inspirado en las islas con detalles de alto rendimiento pensados para la experiencia del motociclista. Su confecci\u00f3n en challis de viscosa ofrece un ajuste liviano y relajado que te mantiene fresco en climas c\u00e1lidos.\" \/>\n<meta property=\"og:url\" content=\"https:\/\/harleydavidsontoluca.com\/shop\/producto\/camisa-screamin-eagle-aloha-para-hombre\/\" \/>\n<meta property=\"og:site_name\" content=\"Tienda oficial H-D Toluca\" \/>\n<meta property=\"article:publisher\" content=\"https:\/\/www.facebook.com\/HarleyDavidsonToluca\" \/>\n<meta property=\"og:image\" content=\"https:\/\/harleydavidsontoluca.com\/shop\/wp-content\/uploads\/2026\/04\/Web_Photo_Editor-2026-04-10T151324.758.jpg\" \/>\n\t<meta property=\"og:image:width\" content=\"1080\" \/>\n\t<meta property=\"og:image:height\" content=\"1080\" \/>\n\t<meta property=\"og:image:type\" content=\"image\/jpeg\" \/>\n<meta name=\"twitter:card\" content=\"summary_large_image\" \/>\n<meta name=\"twitter:label1\" content=\"Tiempo de lectura\" \/>\n\t<meta name=\"twitter:data1\" content=\"2 minutos\" \/>\n<script type=\"application\/ld+json\" class=\"yoast-schema-graph\">{\"@context\":\"https:\\\/\\\/schema.org\",\"@graph\":[{\"@type\":\"WebPage\",\"@id\":\"https:\\\/\\\/harleydavidsontoluca.com\\\/shop\\\/producto\\\/camisa-screamin-eagle-aloha-para-hombre\\\/\",\"url\":\"https:\\\/\\\/harleydavidsontoluca.com\\\/shop\\\/producto\\\/camisa-screamin-eagle-aloha-para-hombre\\\/\",\"name\":\"CAMISA SCREAMIN' EAGLE ALOHA PARA HOMBRE - Tienda oficial H-D Toluca\",\"isPartOf\":{\"@id\":\"https:\\\/\\\/harleydavidsontoluca.com\\\/shop\\\/#website\"},\"primaryImageOfPage\":{\"@id\":\"https:\\\/\\\/harleydavidsontoluca.com\\\/shop\\\/producto\\\/camisa-screamin-eagle-aloha-para-hombre\\\/#primaryimage\"},\"image\":{\"@id\":\"https:\\\/\\\/harleydavidsontoluca.com\\\/shop\\\/producto\\\/camisa-screamin-eagle-aloha-para-hombre\\\/#primaryimage\"},\"thumbnailUrl\":\"https:\\\/\\\/harleydavidsontoluca.com\\\/shop\\\/wp-content\\\/uploads\\\/2026\\\/04\\\/Web_Photo_Editor-2026-04-10T151324.758.jpg\",\"datePublished\":\"2026-04-10T20:14:55+00:00\",\"breadcrumb\":{\"@id\":\"https:\\\/\\\/harleydavidsontoluca.com\\\/shop\\\/producto\\\/camisa-screamin-eagle-aloha-para-hombre\\\/#breadcrumb\"},\"inLanguage\":\"es\",\"potentialAction\":[{\"@type\":\"ReadAction\",\"target\":[\"https:\\\/\\\/harleydavidsontoluca.com\\\/shop\\\/producto\\\/camisa-screamin-eagle-aloha-para-hombre\\\/\"]}]},{\"@type\":\"ImageObject\",\"inLanguage\":\"es\",\"@id\":\"https:\\\/\\\/harleydavidsontoluca.com\\\/shop\\\/producto\\\/camisa-screamin-eagle-aloha-para-hombre\\\/#primaryimage\",\"url\":\"https:\\\/\\\/harleydavidsontoluca.com\\\/shop\\\/wp-content\\\/uploads\\\/2026\\\/04\\\/Web_Photo_Editor-2026-04-10T151324.758.jpg\",\"contentUrl\":\"https:\\\/\\\/harleydavidsontoluca.com\\\/shop\\\/wp-content\\\/uploads\\\/2026\\\/04\\\/Web_Photo_Editor-2026-04-10T151324.758.jpg\",\"width\":1080,\"height\":1080},{\"@type\":\"BreadcrumbList\",\"@id\":\"https:\\\/\\\/harleydavidsontoluca.com\\\/shop\\\/producto\\\/camisa-screamin-eagle-aloha-para-hombre\\\/#breadcrumb\",\"itemListElement\":[{\"@type\":\"ListItem\",\"position\":1,\"name\":\"Portada\",\"item\":\"https:\\\/\\\/harleydavidsontoluca.com\\\/shop\\\/\"},{\"@type\":\"ListItem\",\"position\":2,\"name\":\"Tienda\",\"item\":\"https:\\\/\\\/harleydavidsontoluca.com\\\/shop\\\/tienda\\\/\"},{\"@type\":\"ListItem\",\"position\":3,\"name\":\"CAMISA SCREAMIN&#8217; EAGLE ALOHA PARA HOMBRE\"}]},{\"@type\":\"WebSite\",\"@id\":\"https:\\\/\\\/harleydavidsontoluca.com\\\/shop\\\/#website\",\"url\":\"https:\\\/\\\/harleydavidsontoluca.com\\\/shop\\\/\",\"name\":\"Shop H-D Toluca\",\"description\":\"Shop H-D Toluca\",\"publisher\":{\"@id\":\"https:\\\/\\\/harleydavidsontoluca.com\\\/shop\\\/#organization\"},\"potentialAction\":[{\"@type\":\"SearchAction\",\"target\":{\"@type\":\"EntryPoint\",\"urlTemplate\":\"https:\\\/\\\/harleydavidsontoluca.com\\\/shop\\\/?s={search_term_string}\"},\"query-input\":{\"@type\":\"PropertyValueSpecification\",\"valueRequired\":true,\"valueName\":\"search_term_string\"}}],\"inLanguage\":\"es\"},{\"@type\":\"Organization\",\"@id\":\"https:\\\/\\\/harleydavidsontoluca.com\\\/shop\\\/#organization\",\"name\":\"Concesionaria Central de Motos\",\"url\":\"https:\\\/\\\/harleydavidsontoluca.com\\\/shop\\\/\",\"logo\":{\"@type\":\"ImageObject\",\"inLanguage\":\"es\",\"@id\":\"https:\\\/\\\/harleydavidsontoluca.com\\\/shop\\\/#\\\/schema\\\/logo\\\/image\\\/\",\"url\":\"https:\\\/\\\/harleydavidsontoluca.com\\\/shop\\\/wp-content\\\/uploads\\\/2024\\\/02\\\/cropped-Logo-512.png\",\"contentUrl\":\"https:\\\/\\\/harleydavidsontoluca.com\\\/shop\\\/wp-content\\\/uploads\\\/2024\\\/02\\\/cropped-Logo-512.png\",\"width\":512,\"height\":512,\"caption\":\"Concesionaria Central de Motos\"},\"image\":{\"@id\":\"https:\\\/\\\/harleydavidsontoluca.com\\\/shop\\\/#\\\/schema\\\/logo\\\/image\\\/\"},\"sameAs\":[\"https:\\\/\\\/www.facebook.com\\\/HarleyDavidsonToluca\",\"https:\\\/\\\/www.instagram.com\\\/hdtoluca\\\/\"]}]}<\/script>\n<!-- \/ Yoast SEO plugin. -->","yoast_head_json":{"title":"CAMISA SCREAMIN' EAGLE ALOHA PARA HOMBRE - Tienda oficial H-D Toluca","robots":{"index":"index","follow":"follow","max-snippet":"max-snippet:-1","max-image-preview":"max-image-preview:large","max-video-preview":"max-video-preview:-1"},"canonical":"https:\/\/harleydavidsontoluca.com\/shop\/producto\/camisa-screamin-eagle-aloha-para-hombre\/","og_locale":"es_MX","og_type":"article","og_title":"CAMISA SCREAMIN' EAGLE ALOHA PARA HOMBRE - Tienda oficial H-D Toluca","og_description":"La camisa Screamin\u2019 Eagle\u00ae Aloha combina un dise\u00f1o inspirado en las islas con detalles de alto rendimiento pensados para la experiencia del motociclista. Su confecci\u00f3n en challis de viscosa ofrece un ajuste liviano y relajado que te mantiene fresco en climas c\u00e1lidos.","og_url":"https:\/\/harleydavidsontoluca.com\/shop\/producto\/camisa-screamin-eagle-aloha-para-hombre\/","og_site_name":"Tienda oficial H-D Toluca","article_publisher":"https:\/\/www.facebook.com\/HarleyDavidsonToluca","og_image":[{"width":1080,"height":1080,"url":"https:\/\/harleydavidsontoluca.com\/shop\/wp-content\/uploads\/2026\/04\/Web_Photo_Editor-2026-04-10T151324.758.jpg","type":"image\/jpeg"}],"twitter_card":"summary_large_image","twitter_misc":{"Tiempo de lectura":"2 minutos"},"schema":{"@context":"https:\/\/schema.org","@graph":[{"@type":"WebPage","@id":"https:\/\/harleydavidsontoluca.com\/shop\/producto\/camisa-screamin-eagle-aloha-para-hombre\/","url":"https:\/\/harleydavidsontoluca.com\/shop\/producto\/camisa-screamin-eagle-aloha-para-hombre\/","name":"CAMISA SCREAMIN' EAGLE ALOHA PARA HOMBRE - Tienda oficial H-D Toluca","isPartOf":{"@id":"https:\/\/harleydavidsontoluca.com\/shop\/#website"},"primaryImageOfPage":{"@id":"https:\/\/harleydavidsontoluca.com\/shop\/producto\/camisa-screamin-eagle-aloha-para-hombre\/#primaryimage"},"image":{"@id":"https:\/\/harleydavidsontoluca.com\/shop\/producto\/camisa-screamin-eagle-aloha-para-hombre\/#primaryimage"},"thumbnailUrl":"https:\/\/harleydavidsontoluca.com\/shop\/wp-content\/uploads\/2026\/04\/Web_Photo_Editor-2026-04-10T151324.758.jpg","datePublished":"2026-04-10T20:14:55+00:00","breadcrumb":{"@id":"https:\/\/harleydavidsontoluca.com\/shop\/producto\/camisa-screamin-eagle-aloha-para-hombre\/#breadcrumb"},"inLanguage":"es","potentialAction":[{"@type":"ReadAction","target":["https:\/\/harleydavidsontoluca.com\/shop\/producto\/camisa-screamin-eagle-aloha-para-hombre\/"]}]},{"@type":"ImageObject","inLanguage":"es","@id":"https:\/\/harleydavidsontoluca.com\/shop\/producto\/camisa-screamin-eagle-aloha-para-hombre\/#primaryimage","url":"https:\/\/harleydavidsontoluca.com\/shop\/wp-content\/uploads\/2026\/04\/Web_Photo_Editor-2026-04-10T151324.758.jpg","contentUrl":"https:\/\/harleydavidsontoluca.com\/shop\/wp-content\/uploads\/2026\/04\/Web_Photo_Editor-2026-04-10T151324.758.jpg","width":1080,"height":1080},{"@type":"BreadcrumbList","@id":"https:\/\/harleydavidsontoluca.com\/shop\/producto\/camisa-screamin-eagle-aloha-para-hombre\/#breadcrumb","itemListElement":[{"@type":"ListItem","position":1,"name":"Portada","item":"https:\/\/harleydavidsontoluca.com\/shop\/"},{"@type":"ListItem","position":2,"name":"Tienda","item":"https:\/\/harleydavidsontoluca.com\/shop\/tienda\/"},{"@type":"ListItem","position":3,"name":"CAMISA SCREAMIN&#8217; EAGLE ALOHA PARA HOMBRE"}]},{"@type":"WebSite","@id":"https:\/\/harleydavidsontoluca.com\/shop\/#website","url":"https:\/\/harleydavidsontoluca.com\/shop\/","name":"Shop H-D Toluca","description":"Shop H-D Toluca","publisher":{"@id":"https:\/\/harleydavidsontoluca.com\/shop\/#organization"},"potentialAction":[{"@type":"SearchAction","target":{"@type":"EntryPoint","urlTemplate":"https:\/\/harleydavidsontoluca.com\/shop\/?s={search_term_string}"},"query-input":{"@type":"PropertyValueSpecification","valueRequired":true,"valueName":"search_term_string"}}],"inLanguage":"es"},{"@type":"Organization","@id":"https:\/\/harleydavidsontoluca.com\/shop\/#organization","name":"Concesionaria Central de Motos","url":"https:\/\/harleydavidsontoluca.com\/shop\/","logo":{"@type":"ImageObject","inLanguage":"es","@id":"https:\/\/harleydavidsontoluca.com\/shop\/#\/schema\/logo\/image\/","url":"https:\/\/harleydavidsontoluca.com\/shop\/wp-content\/uploads\/2024\/02\/cropped-Logo-512.png","contentUrl":"https:\/\/harleydavidsontoluca.com\/shop\/wp-content\/uploads\/2024\/02\/cropped-Logo-512.png","width":512,"height":512,"caption":"Concesionaria Central de Motos"},"image":{"@id":"https:\/\/harleydavidsontoluca.com\/shop\/#\/schema\/logo\/image\/"},"sameAs":["https:\/\/www.facebook.com\/HarleyDavidsonToluca","https:\/\/www.instagram.com\/hdtoluca\/"]}]}},"_links":{"self":[{"href":"https:\/\/harleydavidsontoluca.com\/shop\/wp-json\/wp\/v2\/product\/49871","targetHints":{"allow":["GET"]}}],"collection":[{"href":"https:\/\/harleydavidsontoluca.com\/shop\/wp-json\/wp\/v2\/product"}],"about":[{"href":"https:\/\/harleydavidsontoluca.com\/shop\/wp-json\/wp\/v2\/types\/product"}],"wp:featuredmedia":[{"embeddable":true,"href":"https:\/\/harleydavidsontoluca.com\/shop\/wp-json\/wp\/v2\/media\/49876"}],"wp:attachment":[{"href":"https:\/\/harleydavidsontoluca.com\/shop\/wp-json\/wp\/v2\/media?parent=49871"}],"wp:term":[{"taxonomy":"product_brand","embeddable":true,"href":"https:\/\/harleydavidsontoluca.com\/shop\/wp-json\/wp\/v2\/product_brand?post=49871"},{"taxonomy":"product_cat","embeddable":true,"href":"https:\/\/harleydavidsontoluca.com\/shop\/wp-json\/wp\/v2\/product_cat?post=49871"},{"taxonomy":"product_tag","embeddable":true,"href":"https:\/\/harleydavidsontoluca.com\/shop\/wp-json\/wp\/v2\/product_tag?post=49871"}],"curies":[{"name":"wp","href":"https:\/\/api.w.org\/{rel}","templated":true}]}}