
{"id":49787,"date":"2026-04-10T13:26:58","date_gmt":"2026-04-10T19:26:58","guid":{"rendered":"https:\/\/harleydavidsontoluca.com\/shop\/?post_type=product&#038;p=49787"},"modified":"2026-04-28T17:01:50","modified_gmt":"2026-04-28T23:01:50","slug":"jersey-screamin-eagle-race-para-hombre","status":"publish","type":"product","link":"https:\/\/harleydavidsontoluca.com\/shop\/producto\/jersey-screamin-eagle-race-para-hombre\/","title":{"rendered":"JERSEY SCREAMIN&#8217; EAGLE RACE PARA HOMBRE"},"content":{"rendered":"<ul class=\"ig-flex ig-flex-col ig-gap-2.5 ig-list-disc ig-list-outside ig-pl-5\">\n<li class=\"ig-text-[0.875rem] ig-leading-[1.25rem] md:ig-text-[1rem] md:ig-leading-[1.5rem] lg:ig-text-[1rem] lg:ig-leading-[1.5rem]\"><strong>Materiales:<\/strong>\n<p class=\"ig-text-[0.875rem] ig-leading-[1.25rem] md:ig-text-[1rem] md:ig-leading-[1.5rem] lg:ig-text-[1rem] lg:ig-leading-[1.5rem] [&amp;&gt;a]:ig-underline [&amp;&gt;a]:hover:ig-no-underline ig-inline\" style=\"border: 0px solid #e5e7eb;--tw-border-spacing-x: 0;--tw-border-spacing-y: 0;--tw-translate-x: 0;--tw-translate-y: 0;--tw-rotate: 0;--tw-skew-x: 0;--tw-skew-y: 0;--tw-scale-x: 1;--tw-scale-y: 1;--tw-scroll-snap-strictness: proximity;--tw-ring-offset-width: 0px;--tw-ring-offset-color: #fff;--tw-ring-offset-shadow: 0 0 #0000;--tw-ring-shadow: 0 0 #0000;--tw-shadow: 0 0 #0000;--tw-shadow-colored: 0 0 #0000;margin: 0px;display: inline;font-size: 1rem;line-height: 1.5rem\">Malla tipo nido de abeja de peso mediano de 100\u00a0% de poli\u00e9ster.<\/p>\n<\/li>\n<li class=\"ig-text-[0.875rem] ig-leading-[1.25rem] md:ig-text-[1rem] md:ig-leading-[1.5rem] lg:ig-text-[1rem] lg:ig-leading-[1.5rem]\"><strong>Detalles de dise\u00f1o:<\/strong>\n<p class=\"ig-text-[0.875rem] ig-leading-[1.25rem] md:ig-text-[1rem] md:ig-leading-[1.5rem] lg:ig-text-[1rem] lg:ig-leading-[1.5rem] [&amp;&gt;a]:ig-underline [&amp;&gt;a]:hover:ig-no-underline ig-inline\" style=\"border: 0px solid #e5e7eb;--tw-border-spacing-x: 0;--tw-border-spacing-y: 0;--tw-translate-x: 0;--tw-translate-y: 0;--tw-rotate: 0;--tw-skew-x: 0;--tw-skew-y: 0;--tw-scale-x: 1;--tw-scale-y: 1;--tw-scroll-snap-strictness: proximity;--tw-ring-offset-width: 0px;--tw-ring-offset-color: #fff;--tw-ring-offset-shadow: 0 0 #0000;--tw-ring-shadow: 0 0 #0000;--tw-shadow: 0 0 #0000;--tw-shadow-colored: 0 0 #0000;margin: 0px;display: inline;font-size: 1rem;line-height: 1.5rem\">Dise\u00f1o de bloques de color con piezas de tela en contraste. Pu\u00f1os y cuello de punto acanalado. Dobladillo plegado.<\/p>\n<\/li>\n<li class=\"ig-text-[0.875rem] ig-leading-[1.25rem] md:ig-text-[1rem] md:ig-leading-[1.5rem] lg:ig-text-[1rem] lg:ig-leading-[1.5rem]\"><strong>Gr\u00e1ficos:<\/strong>\n<p class=\"ig-text-[0.875rem] ig-leading-[1.25rem] md:ig-text-[1rem] md:ig-leading-[1.5rem] lg:ig-text-[1rem] lg:ig-leading-[1.5rem] [&amp;&gt;a]:ig-underline [&amp;&gt;a]:hover:ig-no-underline ig-inline\" style=\"border: 0px solid #e5e7eb;--tw-border-spacing-x: 0;--tw-border-spacing-y: 0;--tw-translate-x: 0;--tw-translate-y: 0;--tw-rotate: 0;--tw-skew-x: 0;--tw-skew-y: 0;--tw-scale-x: 1;--tw-scale-y: 1;--tw-scroll-snap-strictness: proximity;--tw-ring-offset-width: 0px;--tw-ring-offset-color: #fff;--tw-ring-offset-shadow: 0 0 #0000;--tw-ring-shadow: 0 0 #0000;--tw-shadow: 0 0 #0000;--tw-shadow-colored: 0 0 #0000;margin: 0px;display: inline;font-size: 1rem;line-height: 1.5rem\">Impresi\u00f3n por sublimaci\u00f3n.<\/p>\n<\/li>\n<\/ul>\n","protected":false},"excerpt":{"rendered":"<p>Con nuestro jersey Screamin\u2019 Eagle\u00ae Race llega el estilo creado para los fan\u00e1ticos del flat track. Esta prenda, confeccionada en tejido de malla con dise\u00f1o de nido de abeja de poli\u00e9ster, favorece la ventilaci\u00f3n y la comodidad, mientras que el punto acanalado permite mantener la forma.<\/p>\n","protected":false},"featured_media":49794,"template":"","meta":[],"product_brand":[],"product_cat":[24,54],"product_tag":[],"class_list":{"0":"post-49787","1":"product","2":"type-product","3":"status-publish","4":"has-post-thumbnail","6":"product_cat-hombre","7":"product_cat-playeras","8":"pa_talla-l","9":"pa_talla-m","10":"pa_talla-s","11":"pa_talla-xl","12":"pa_talla-xxl","14":"first","15":"instock","16":"taxable","17":"shipping-taxable","18":"purchasable","19":"product-type-variable"},"yoast_head":"<!-- This site is optimized with the Yoast SEO plugin v27.5 - https:\/\/yoast.com\/product\/yoast-seo-wordpress\/ -->\n<title>JERSEY SCREAMIN&#039; EAGLE RACE PARA HOMBRE - Tienda oficial H-D Toluca<\/title>\n<meta name=\"robots\" content=\"index, follow, max-snippet:-1, max-image-preview:large, max-video-preview:-1\" \/>\n<link rel=\"canonical\" href=\"https:\/\/harleydavidsontoluca.com\/shop\/producto\/jersey-screamin-eagle-race-para-hombre\/\" \/>\n<meta property=\"og:locale\" content=\"es_MX\" \/>\n<meta property=\"og:type\" content=\"article\" \/>\n<meta property=\"og:title\" content=\"JERSEY SCREAMIN&#039; EAGLE RACE PARA HOMBRE - Tienda oficial H-D Toluca\" \/>\n<meta property=\"og:description\" content=\"Con nuestro jersey Screamin\u2019 Eagle\u00ae Race llega el estilo creado para los fan\u00e1ticos del flat track. Esta prenda, confeccionada en tejido de malla con dise\u00f1o de nido de abeja de poli\u00e9ster, favorece la ventilaci\u00f3n y la comodidad, mientras que el punto acanalado permite mantener la forma.\" \/>\n<meta property=\"og:url\" content=\"https:\/\/harleydavidsontoluca.com\/shop\/producto\/jersey-screamin-eagle-race-para-hombre\/\" \/>\n<meta property=\"og:site_name\" content=\"Tienda oficial H-D Toluca\" \/>\n<meta property=\"article:publisher\" content=\"https:\/\/www.facebook.com\/HarleyDavidsonToluca\" \/>\n<meta property=\"article:modified_time\" content=\"2026-04-28T23:01:50+00:00\" \/>\n<meta property=\"og:image\" content=\"https:\/\/harleydavidsontoluca.com\/shop\/wp-content\/uploads\/2026\/04\/Web_Photo_Editor-2026-04-10T142508.326.jpg\" \/>\n\t<meta property=\"og:image:width\" content=\"1080\" \/>\n\t<meta property=\"og:image:height\" content=\"1080\" \/>\n\t<meta property=\"og:image:type\" content=\"image\/jpeg\" \/>\n<meta name=\"twitter:card\" content=\"summary_large_image\" \/>\n<meta name=\"twitter:label1\" content=\"Tiempo de lectura\" \/>\n\t<meta name=\"twitter:data1\" content=\"1 minuto\" \/>\n<script type=\"application\/ld+json\" class=\"yoast-schema-graph\">{\"@context\":\"https:\\\/\\\/schema.org\",\"@graph\":[{\"@type\":\"WebPage\",\"@id\":\"https:\\\/\\\/harleydavidsontoluca.com\\\/shop\\\/producto\\\/jersey-screamin-eagle-race-para-hombre\\\/\",\"url\":\"https:\\\/\\\/harleydavidsontoluca.com\\\/shop\\\/producto\\\/jersey-screamin-eagle-race-para-hombre\\\/\",\"name\":\"JERSEY SCREAMIN' EAGLE RACE PARA HOMBRE - Tienda oficial H-D Toluca\",\"isPartOf\":{\"@id\":\"https:\\\/\\\/harleydavidsontoluca.com\\\/shop\\\/#website\"},\"primaryImageOfPage\":{\"@id\":\"https:\\\/\\\/harleydavidsontoluca.com\\\/shop\\\/producto\\\/jersey-screamin-eagle-race-para-hombre\\\/#primaryimage\"},\"image\":{\"@id\":\"https:\\\/\\\/harleydavidsontoluca.com\\\/shop\\\/producto\\\/jersey-screamin-eagle-race-para-hombre\\\/#primaryimage\"},\"thumbnailUrl\":\"https:\\\/\\\/harleydavidsontoluca.com\\\/shop\\\/wp-content\\\/uploads\\\/2026\\\/04\\\/Web_Photo_Editor-2026-04-10T142508.326.jpg\",\"datePublished\":\"2026-04-10T19:26:58+00:00\",\"dateModified\":\"2026-04-28T23:01:50+00:00\",\"breadcrumb\":{\"@id\":\"https:\\\/\\\/harleydavidsontoluca.com\\\/shop\\\/producto\\\/jersey-screamin-eagle-race-para-hombre\\\/#breadcrumb\"},\"inLanguage\":\"es\",\"potentialAction\":[{\"@type\":\"ReadAction\",\"target\":[\"https:\\\/\\\/harleydavidsontoluca.com\\\/shop\\\/producto\\\/jersey-screamin-eagle-race-para-hombre\\\/\"]}]},{\"@type\":\"ImageObject\",\"inLanguage\":\"es\",\"@id\":\"https:\\\/\\\/harleydavidsontoluca.com\\\/shop\\\/producto\\\/jersey-screamin-eagle-race-para-hombre\\\/#primaryimage\",\"url\":\"https:\\\/\\\/harleydavidsontoluca.com\\\/shop\\\/wp-content\\\/uploads\\\/2026\\\/04\\\/Web_Photo_Editor-2026-04-10T142508.326.jpg\",\"contentUrl\":\"https:\\\/\\\/harleydavidsontoluca.com\\\/shop\\\/wp-content\\\/uploads\\\/2026\\\/04\\\/Web_Photo_Editor-2026-04-10T142508.326.jpg\",\"width\":1080,\"height\":1080},{\"@type\":\"BreadcrumbList\",\"@id\":\"https:\\\/\\\/harleydavidsontoluca.com\\\/shop\\\/producto\\\/jersey-screamin-eagle-race-para-hombre\\\/#breadcrumb\",\"itemListElement\":[{\"@type\":\"ListItem\",\"position\":1,\"name\":\"Portada\",\"item\":\"https:\\\/\\\/harleydavidsontoluca.com\\\/shop\\\/\"},{\"@type\":\"ListItem\",\"position\":2,\"name\":\"Tienda\",\"item\":\"https:\\\/\\\/harleydavidsontoluca.com\\\/shop\\\/tienda\\\/\"},{\"@type\":\"ListItem\",\"position\":3,\"name\":\"JERSEY SCREAMIN&#8217; EAGLE RACE PARA HOMBRE\"}]},{\"@type\":\"WebSite\",\"@id\":\"https:\\\/\\\/harleydavidsontoluca.com\\\/shop\\\/#website\",\"url\":\"https:\\\/\\\/harleydavidsontoluca.com\\\/shop\\\/\",\"name\":\"Shop H-D Toluca\",\"description\":\"Shop H-D Toluca\",\"publisher\":{\"@id\":\"https:\\\/\\\/harleydavidsontoluca.com\\\/shop\\\/#organization\"},\"potentialAction\":[{\"@type\":\"SearchAction\",\"target\":{\"@type\":\"EntryPoint\",\"urlTemplate\":\"https:\\\/\\\/harleydavidsontoluca.com\\\/shop\\\/?s={search_term_string}\"},\"query-input\":{\"@type\":\"PropertyValueSpecification\",\"valueRequired\":true,\"valueName\":\"search_term_string\"}}],\"inLanguage\":\"es\"},{\"@type\":\"Organization\",\"@id\":\"https:\\\/\\\/harleydavidsontoluca.com\\\/shop\\\/#organization\",\"name\":\"Concesionaria Central de Motos\",\"url\":\"https:\\\/\\\/harleydavidsontoluca.com\\\/shop\\\/\",\"logo\":{\"@type\":\"ImageObject\",\"inLanguage\":\"es\",\"@id\":\"https:\\\/\\\/harleydavidsontoluca.com\\\/shop\\\/#\\\/schema\\\/logo\\\/image\\\/\",\"url\":\"https:\\\/\\\/harleydavidsontoluca.com\\\/shop\\\/wp-content\\\/uploads\\\/2024\\\/02\\\/cropped-Logo-512.png\",\"contentUrl\":\"https:\\\/\\\/harleydavidsontoluca.com\\\/shop\\\/wp-content\\\/uploads\\\/2024\\\/02\\\/cropped-Logo-512.png\",\"width\":512,\"height\":512,\"caption\":\"Concesionaria Central de Motos\"},\"image\":{\"@id\":\"https:\\\/\\\/harleydavidsontoluca.com\\\/shop\\\/#\\\/schema\\\/logo\\\/image\\\/\"},\"sameAs\":[\"https:\\\/\\\/www.facebook.com\\\/HarleyDavidsonToluca\",\"https:\\\/\\\/www.instagram.com\\\/hdtoluca\\\/\"]}]}<\/script>\n<!-- \/ Yoast SEO plugin. -->","yoast_head_json":{"title":"JERSEY SCREAMIN' EAGLE RACE PARA HOMBRE - Tienda oficial H-D Toluca","robots":{"index":"index","follow":"follow","max-snippet":"max-snippet:-1","max-image-preview":"max-image-preview:large","max-video-preview":"max-video-preview:-1"},"canonical":"https:\/\/harleydavidsontoluca.com\/shop\/producto\/jersey-screamin-eagle-race-para-hombre\/","og_locale":"es_MX","og_type":"article","og_title":"JERSEY SCREAMIN' EAGLE RACE PARA HOMBRE - Tienda oficial H-D Toluca","og_description":"Con nuestro jersey Screamin\u2019 Eagle\u00ae Race llega el estilo creado para los fan\u00e1ticos del flat track. Esta prenda, confeccionada en tejido de malla con dise\u00f1o de nido de abeja de poli\u00e9ster, favorece la ventilaci\u00f3n y la comodidad, mientras que el punto acanalado permite mantener la forma.","og_url":"https:\/\/harleydavidsontoluca.com\/shop\/producto\/jersey-screamin-eagle-race-para-hombre\/","og_site_name":"Tienda oficial H-D Toluca","article_publisher":"https:\/\/www.facebook.com\/HarleyDavidsonToluca","article_modified_time":"2026-04-28T23:01:50+00:00","og_image":[{"width":1080,"height":1080,"url":"https:\/\/harleydavidsontoluca.com\/shop\/wp-content\/uploads\/2026\/04\/Web_Photo_Editor-2026-04-10T142508.326.jpg","type":"image\/jpeg"}],"twitter_card":"summary_large_image","twitter_misc":{"Tiempo de lectura":"1 minuto"},"schema":{"@context":"https:\/\/schema.org","@graph":[{"@type":"WebPage","@id":"https:\/\/harleydavidsontoluca.com\/shop\/producto\/jersey-screamin-eagle-race-para-hombre\/","url":"https:\/\/harleydavidsontoluca.com\/shop\/producto\/jersey-screamin-eagle-race-para-hombre\/","name":"JERSEY SCREAMIN' EAGLE RACE PARA HOMBRE - Tienda oficial H-D Toluca","isPartOf":{"@id":"https:\/\/harleydavidsontoluca.com\/shop\/#website"},"primaryImageOfPage":{"@id":"https:\/\/harleydavidsontoluca.com\/shop\/producto\/jersey-screamin-eagle-race-para-hombre\/#primaryimage"},"image":{"@id":"https:\/\/harleydavidsontoluca.com\/shop\/producto\/jersey-screamin-eagle-race-para-hombre\/#primaryimage"},"thumbnailUrl":"https:\/\/harleydavidsontoluca.com\/shop\/wp-content\/uploads\/2026\/04\/Web_Photo_Editor-2026-04-10T142508.326.jpg","datePublished":"2026-04-10T19:26:58+00:00","dateModified":"2026-04-28T23:01:50+00:00","breadcrumb":{"@id":"https:\/\/harleydavidsontoluca.com\/shop\/producto\/jersey-screamin-eagle-race-para-hombre\/#breadcrumb"},"inLanguage":"es","potentialAction":[{"@type":"ReadAction","target":["https:\/\/harleydavidsontoluca.com\/shop\/producto\/jersey-screamin-eagle-race-para-hombre\/"]}]},{"@type":"ImageObject","inLanguage":"es","@id":"https:\/\/harleydavidsontoluca.com\/shop\/producto\/jersey-screamin-eagle-race-para-hombre\/#primaryimage","url":"https:\/\/harleydavidsontoluca.com\/shop\/wp-content\/uploads\/2026\/04\/Web_Photo_Editor-2026-04-10T142508.326.jpg","contentUrl":"https:\/\/harleydavidsontoluca.com\/shop\/wp-content\/uploads\/2026\/04\/Web_Photo_Editor-2026-04-10T142508.326.jpg","width":1080,"height":1080},{"@type":"BreadcrumbList","@id":"https:\/\/harleydavidsontoluca.com\/shop\/producto\/jersey-screamin-eagle-race-para-hombre\/#breadcrumb","itemListElement":[{"@type":"ListItem","position":1,"name":"Portada","item":"https:\/\/harleydavidsontoluca.com\/shop\/"},{"@type":"ListItem","position":2,"name":"Tienda","item":"https:\/\/harleydavidsontoluca.com\/shop\/tienda\/"},{"@type":"ListItem","position":3,"name":"JERSEY SCREAMIN&#8217; EAGLE RACE PARA HOMBRE"}]},{"@type":"WebSite","@id":"https:\/\/harleydavidsontoluca.com\/shop\/#website","url":"https:\/\/harleydavidsontoluca.com\/shop\/","name":"Shop H-D Toluca","description":"Shop H-D Toluca","publisher":{"@id":"https:\/\/harleydavidsontoluca.com\/shop\/#organization"},"potentialAction":[{"@type":"SearchAction","target":{"@type":"EntryPoint","urlTemplate":"https:\/\/harleydavidsontoluca.com\/shop\/?s={search_term_string}"},"query-input":{"@type":"PropertyValueSpecification","valueRequired":true,"valueName":"search_term_string"}}],"inLanguage":"es"},{"@type":"Organization","@id":"https:\/\/harleydavidsontoluca.com\/shop\/#organization","name":"Concesionaria Central de Motos","url":"https:\/\/harleydavidsontoluca.com\/shop\/","logo":{"@type":"ImageObject","inLanguage":"es","@id":"https:\/\/harleydavidsontoluca.com\/shop\/#\/schema\/logo\/image\/","url":"https:\/\/harleydavidsontoluca.com\/shop\/wp-content\/uploads\/2024\/02\/cropped-Logo-512.png","contentUrl":"https:\/\/harleydavidsontoluca.com\/shop\/wp-content\/uploads\/2024\/02\/cropped-Logo-512.png","width":512,"height":512,"caption":"Concesionaria Central de Motos"},"image":{"@id":"https:\/\/harleydavidsontoluca.com\/shop\/#\/schema\/logo\/image\/"},"sameAs":["https:\/\/www.facebook.com\/HarleyDavidsonToluca","https:\/\/www.instagram.com\/hdtoluca\/"]}]}},"_links":{"self":[{"href":"https:\/\/harleydavidsontoluca.com\/shop\/wp-json\/wp\/v2\/product\/49787","targetHints":{"allow":["GET"]}}],"collection":[{"href":"https:\/\/harleydavidsontoluca.com\/shop\/wp-json\/wp\/v2\/product"}],"about":[{"href":"https:\/\/harleydavidsontoluca.com\/shop\/wp-json\/wp\/v2\/types\/product"}],"wp:featuredmedia":[{"embeddable":true,"href":"https:\/\/harleydavidsontoluca.com\/shop\/wp-json\/wp\/v2\/media\/49794"}],"wp:attachment":[{"href":"https:\/\/harleydavidsontoluca.com\/shop\/wp-json\/wp\/v2\/media?parent=49787"}],"wp:term":[{"taxonomy":"product_brand","embeddable":true,"href":"https:\/\/harleydavidsontoluca.com\/shop\/wp-json\/wp\/v2\/product_brand?post=49787"},{"taxonomy":"product_cat","embeddable":true,"href":"https:\/\/harleydavidsontoluca.com\/shop\/wp-json\/wp\/v2\/product_cat?post=49787"},{"taxonomy":"product_tag","embeddable":true,"href":"https:\/\/harleydavidsontoluca.com\/shop\/wp-json\/wp\/v2\/product_tag?post=49787"}],"curies":[{"name":"wp","href":"https:\/\/api.w.org\/{rel}","templated":true}]}}