
{"id":49637,"date":"2026-03-27T11:44:38","date_gmt":"2026-03-27T17:44:38","guid":{"rendered":"https:\/\/harleydavidsontoluca.com\/shop\/?post_type=product&#038;p=49637"},"modified":"2026-03-27T11:44:39","modified_gmt":"2026-03-27T17:44:39","slug":"faro-delantero-led-con-reflector-distintivo-daymaker-de-7-pulg","status":"publish","type":"product","link":"https:\/\/harleydavidsontoluca.com\/shop\/producto\/faro-delantero-led-con-reflector-distintivo-daymaker-de-7-pulg\/","title":{"rendered":"FARO DELANTERO LED CON REFLECTOR DISTINTIVO DAYMAKER DE 7 PULG."},"content":{"rendered":"<pre>Se adapta a los modelos FLD 2012 a 2016 , Softail\u00ae 1991 a 2024 con faro delantero de 7 pulg., Touring 1994 a 2025 (excepto Road Glide\u00ae, FLHXSE, FLTRXSE 2023 y posteriores, FLHX 2024 y posteriores y FLHXU 2025 y posteriores) y Trike 2009 a 2025 (excepto FLTRT). Para los modelos FLD 2012 a 2016, Touring 1994 a 2013, Trike 2009 a 2013, y Softail\u00ae 1994 a 2017 con kit de alojamiento de faro delantero estilo tren de carga se requiere la compra por separado del kit de aros de montaje de faro delantero n.\u00b0 de pieza 67700439 y el cable puente n.\u00b0 de pieza 69201070. Los modelos FLHR '14-'20 (excepto FLHRSE '14), FLHRC, FLHRXS y FLRT (DOM) '20 y posteriores requieren la compra por separado del arn\u00e9s de cableado N\/P 69202452. Se incluye de f\u00e1brica en los modelos Softail 2018 a 2024.<\/pre>\n","protected":false},"excerpt":{"rendered":"<pre>Rodeado por un halo luminoso, este faro delantero LED con reflector distintivo Daymaker\u2122 ofrece un rendimiento nocturno superior, mientras que crea una impresi\u00f3n visual poderosa. Esta luz LED brillante produce un destello blanco que ilumina los alrededores y llama la atenci\u00f3n del tr\u00e1fico que se aproxima. El color natural de las luces de luz diurna es agradable a la vista y est\u00e1 ajustado para realzar y amplificar el car\u00e1cter reflectante de las se\u00f1ales de carretera y los indicadores de carril.<\/pre>\n","protected":false},"featured_media":49638,"template":"","meta":[],"product_brand":[],"product_cat":[83],"product_tag":[],"class_list":{"0":"post-49637","1":"product","2":"type-product","3":"status-publish","4":"has-post-thumbnail","6":"product_cat-partesyaccesoriosparamotos","8":"first","9":"instock","10":"sold-individually","11":"taxable","12":"shipping-taxable","13":"purchasable","14":"product-type-simple"},"yoast_head":"<!-- This site is optimized with the Yoast SEO plugin v27.4 - https:\/\/yoast.com\/product\/yoast-seo-wordpress\/ -->\n<title>FARO DELANTERO LED CON REFLECTOR DISTINTIVO DAYMAKER DE 7 PULG. - Tienda oficial H-D Toluca<\/title>\n<meta name=\"robots\" content=\"index, follow, max-snippet:-1, max-image-preview:large, max-video-preview:-1\" \/>\n<link rel=\"canonical\" href=\"https:\/\/harleydavidsontoluca.com\/shop\/producto\/faro-delantero-led-con-reflector-distintivo-daymaker-de-7-pulg\/\" \/>\n<meta property=\"og:locale\" content=\"es_MX\" \/>\n<meta property=\"og:type\" content=\"article\" \/>\n<meta property=\"og:title\" content=\"FARO DELANTERO LED CON REFLECTOR DISTINTIVO DAYMAKER DE 7 PULG. - Tienda oficial H-D Toluca\" \/>\n<meta property=\"og:description\" content=\"Rodeado por un halo luminoso, este faro delantero LED con reflector distintivo Daymaker\u2122 ofrece un rendimiento nocturno superior, mientras que crea una impresi\u00f3n visual poderosa. Esta luz LED brillante produce un destello blanco que ilumina los alrededores y llama la atenci\u00f3n del tr\u00e1fico que se aproxima. El color natural de las luces de luz diurna es agradable a la vista y est\u00e1 ajustado para realzar y amplificar el car\u00e1cter reflectante de las se\u00f1ales de carretera y los indicadores de carril.\" \/>\n<meta property=\"og:url\" content=\"https:\/\/harleydavidsontoluca.com\/shop\/producto\/faro-delantero-led-con-reflector-distintivo-daymaker-de-7-pulg\/\" \/>\n<meta property=\"og:site_name\" content=\"Tienda oficial H-D Toluca\" \/>\n<meta property=\"article:publisher\" content=\"https:\/\/www.facebook.com\/HarleyDavidsonToluca\" \/>\n<meta property=\"article:modified_time\" content=\"2026-03-27T17:44:39+00:00\" \/>\n<meta property=\"og:image\" content=\"https:\/\/harleydavidsontoluca.com\/shop\/wp-content\/uploads\/2026\/03\/Captura.jpg\" \/>\n\t<meta property=\"og:image:width\" content=\"852\" \/>\n\t<meta property=\"og:image:height\" content=\"793\" \/>\n\t<meta property=\"og:image:type\" content=\"image\/jpeg\" \/>\n<meta name=\"twitter:card\" content=\"summary_large_image\" \/>\n<meta name=\"twitter:label1\" content=\"Tiempo de lectura\" \/>\n\t<meta name=\"twitter:data1\" content=\"1 minuto\" \/>\n<script type=\"application\/ld+json\" class=\"yoast-schema-graph\">{\"@context\":\"https:\\\/\\\/schema.org\",\"@graph\":[{\"@type\":\"WebPage\",\"@id\":\"https:\\\/\\\/harleydavidsontoluca.com\\\/shop\\\/producto\\\/faro-delantero-led-con-reflector-distintivo-daymaker-de-7-pulg\\\/\",\"url\":\"https:\\\/\\\/harleydavidsontoluca.com\\\/shop\\\/producto\\\/faro-delantero-led-con-reflector-distintivo-daymaker-de-7-pulg\\\/\",\"name\":\"FARO DELANTERO LED CON REFLECTOR DISTINTIVO DAYMAKER DE 7 PULG. - Tienda oficial H-D Toluca\",\"isPartOf\":{\"@id\":\"https:\\\/\\\/harleydavidsontoluca.com\\\/shop\\\/#website\"},\"primaryImageOfPage\":{\"@id\":\"https:\\\/\\\/harleydavidsontoluca.com\\\/shop\\\/producto\\\/faro-delantero-led-con-reflector-distintivo-daymaker-de-7-pulg\\\/#primaryimage\"},\"image\":{\"@id\":\"https:\\\/\\\/harleydavidsontoluca.com\\\/shop\\\/producto\\\/faro-delantero-led-con-reflector-distintivo-daymaker-de-7-pulg\\\/#primaryimage\"},\"thumbnailUrl\":\"https:\\\/\\\/harleydavidsontoluca.com\\\/shop\\\/wp-content\\\/uploads\\\/2026\\\/03\\\/Captura.jpg\",\"datePublished\":\"2026-03-27T17:44:38+00:00\",\"dateModified\":\"2026-03-27T17:44:39+00:00\",\"breadcrumb\":{\"@id\":\"https:\\\/\\\/harleydavidsontoluca.com\\\/shop\\\/producto\\\/faro-delantero-led-con-reflector-distintivo-daymaker-de-7-pulg\\\/#breadcrumb\"},\"inLanguage\":\"es\",\"potentialAction\":[{\"@type\":\"ReadAction\",\"target\":[\"https:\\\/\\\/harleydavidsontoluca.com\\\/shop\\\/producto\\\/faro-delantero-led-con-reflector-distintivo-daymaker-de-7-pulg\\\/\"]}]},{\"@type\":\"ImageObject\",\"inLanguage\":\"es\",\"@id\":\"https:\\\/\\\/harleydavidsontoluca.com\\\/shop\\\/producto\\\/faro-delantero-led-con-reflector-distintivo-daymaker-de-7-pulg\\\/#primaryimage\",\"url\":\"https:\\\/\\\/harleydavidsontoluca.com\\\/shop\\\/wp-content\\\/uploads\\\/2026\\\/03\\\/Captura.jpg\",\"contentUrl\":\"https:\\\/\\\/harleydavidsontoluca.com\\\/shop\\\/wp-content\\\/uploads\\\/2026\\\/03\\\/Captura.jpg\",\"width\":852,\"height\":793},{\"@type\":\"BreadcrumbList\",\"@id\":\"https:\\\/\\\/harleydavidsontoluca.com\\\/shop\\\/producto\\\/faro-delantero-led-con-reflector-distintivo-daymaker-de-7-pulg\\\/#breadcrumb\",\"itemListElement\":[{\"@type\":\"ListItem\",\"position\":1,\"name\":\"Portada\",\"item\":\"https:\\\/\\\/harleydavidsontoluca.com\\\/shop\\\/\"},{\"@type\":\"ListItem\",\"position\":2,\"name\":\"Tienda\",\"item\":\"https:\\\/\\\/harleydavidsontoluca.com\\\/shop\\\/tienda\\\/\"},{\"@type\":\"ListItem\",\"position\":3,\"name\":\"FARO DELANTERO LED CON REFLECTOR DISTINTIVO DAYMAKER DE 7 PULG.\"}]},{\"@type\":\"WebSite\",\"@id\":\"https:\\\/\\\/harleydavidsontoluca.com\\\/shop\\\/#website\",\"url\":\"https:\\\/\\\/harleydavidsontoluca.com\\\/shop\\\/\",\"name\":\"Shop H-D Toluca\",\"description\":\"Shop H-D Toluca\",\"publisher\":{\"@id\":\"https:\\\/\\\/harleydavidsontoluca.com\\\/shop\\\/#organization\"},\"potentialAction\":[{\"@type\":\"SearchAction\",\"target\":{\"@type\":\"EntryPoint\",\"urlTemplate\":\"https:\\\/\\\/harleydavidsontoluca.com\\\/shop\\\/?s={search_term_string}\"},\"query-input\":{\"@type\":\"PropertyValueSpecification\",\"valueRequired\":true,\"valueName\":\"search_term_string\"}}],\"inLanguage\":\"es\"},{\"@type\":\"Organization\",\"@id\":\"https:\\\/\\\/harleydavidsontoluca.com\\\/shop\\\/#organization\",\"name\":\"Concesionaria Central de Motos\",\"url\":\"https:\\\/\\\/harleydavidsontoluca.com\\\/shop\\\/\",\"logo\":{\"@type\":\"ImageObject\",\"inLanguage\":\"es\",\"@id\":\"https:\\\/\\\/harleydavidsontoluca.com\\\/shop\\\/#\\\/schema\\\/logo\\\/image\\\/\",\"url\":\"https:\\\/\\\/harleydavidsontoluca.com\\\/shop\\\/wp-content\\\/uploads\\\/2024\\\/02\\\/cropped-Logo-512.png\",\"contentUrl\":\"https:\\\/\\\/harleydavidsontoluca.com\\\/shop\\\/wp-content\\\/uploads\\\/2024\\\/02\\\/cropped-Logo-512.png\",\"width\":512,\"height\":512,\"caption\":\"Concesionaria Central de Motos\"},\"image\":{\"@id\":\"https:\\\/\\\/harleydavidsontoluca.com\\\/shop\\\/#\\\/schema\\\/logo\\\/image\\\/\"},\"sameAs\":[\"https:\\\/\\\/www.facebook.com\\\/HarleyDavidsonToluca\",\"https:\\\/\\\/www.instagram.com\\\/hdtoluca\\\/\"]}]}<\/script>\n<!-- \/ Yoast SEO plugin. -->","yoast_head_json":{"title":"FARO DELANTERO LED CON REFLECTOR DISTINTIVO DAYMAKER DE 7 PULG. - Tienda oficial H-D Toluca","robots":{"index":"index","follow":"follow","max-snippet":"max-snippet:-1","max-image-preview":"max-image-preview:large","max-video-preview":"max-video-preview:-1"},"canonical":"https:\/\/harleydavidsontoluca.com\/shop\/producto\/faro-delantero-led-con-reflector-distintivo-daymaker-de-7-pulg\/","og_locale":"es_MX","og_type":"article","og_title":"FARO DELANTERO LED CON REFLECTOR DISTINTIVO DAYMAKER DE 7 PULG. - Tienda oficial H-D Toluca","og_description":"Rodeado por un halo luminoso, este faro delantero LED con reflector distintivo Daymaker\u2122 ofrece un rendimiento nocturno superior, mientras que crea una impresi\u00f3n visual poderosa. Esta luz LED brillante produce un destello blanco que ilumina los alrededores y llama la atenci\u00f3n del tr\u00e1fico que se aproxima. El color natural de las luces de luz diurna es agradable a la vista y est\u00e1 ajustado para realzar y amplificar el car\u00e1cter reflectante de las se\u00f1ales de carretera y los indicadores de carril.","og_url":"https:\/\/harleydavidsontoluca.com\/shop\/producto\/faro-delantero-led-con-reflector-distintivo-daymaker-de-7-pulg\/","og_site_name":"Tienda oficial H-D Toluca","article_publisher":"https:\/\/www.facebook.com\/HarleyDavidsonToluca","article_modified_time":"2026-03-27T17:44:39+00:00","og_image":[{"width":852,"height":793,"url":"https:\/\/harleydavidsontoluca.com\/shop\/wp-content\/uploads\/2026\/03\/Captura.jpg","type":"image\/jpeg"}],"twitter_card":"summary_large_image","twitter_misc":{"Tiempo de lectura":"1 minuto"},"schema":{"@context":"https:\/\/schema.org","@graph":[{"@type":"WebPage","@id":"https:\/\/harleydavidsontoluca.com\/shop\/producto\/faro-delantero-led-con-reflector-distintivo-daymaker-de-7-pulg\/","url":"https:\/\/harleydavidsontoluca.com\/shop\/producto\/faro-delantero-led-con-reflector-distintivo-daymaker-de-7-pulg\/","name":"FARO DELANTERO LED CON REFLECTOR DISTINTIVO DAYMAKER DE 7 PULG. - Tienda oficial H-D Toluca","isPartOf":{"@id":"https:\/\/harleydavidsontoluca.com\/shop\/#website"},"primaryImageOfPage":{"@id":"https:\/\/harleydavidsontoluca.com\/shop\/producto\/faro-delantero-led-con-reflector-distintivo-daymaker-de-7-pulg\/#primaryimage"},"image":{"@id":"https:\/\/harleydavidsontoluca.com\/shop\/producto\/faro-delantero-led-con-reflector-distintivo-daymaker-de-7-pulg\/#primaryimage"},"thumbnailUrl":"https:\/\/harleydavidsontoluca.com\/shop\/wp-content\/uploads\/2026\/03\/Captura.jpg","datePublished":"2026-03-27T17:44:38+00:00","dateModified":"2026-03-27T17:44:39+00:00","breadcrumb":{"@id":"https:\/\/harleydavidsontoluca.com\/shop\/producto\/faro-delantero-led-con-reflector-distintivo-daymaker-de-7-pulg\/#breadcrumb"},"inLanguage":"es","potentialAction":[{"@type":"ReadAction","target":["https:\/\/harleydavidsontoluca.com\/shop\/producto\/faro-delantero-led-con-reflector-distintivo-daymaker-de-7-pulg\/"]}]},{"@type":"ImageObject","inLanguage":"es","@id":"https:\/\/harleydavidsontoluca.com\/shop\/producto\/faro-delantero-led-con-reflector-distintivo-daymaker-de-7-pulg\/#primaryimage","url":"https:\/\/harleydavidsontoluca.com\/shop\/wp-content\/uploads\/2026\/03\/Captura.jpg","contentUrl":"https:\/\/harleydavidsontoluca.com\/shop\/wp-content\/uploads\/2026\/03\/Captura.jpg","width":852,"height":793},{"@type":"BreadcrumbList","@id":"https:\/\/harleydavidsontoluca.com\/shop\/producto\/faro-delantero-led-con-reflector-distintivo-daymaker-de-7-pulg\/#breadcrumb","itemListElement":[{"@type":"ListItem","position":1,"name":"Portada","item":"https:\/\/harleydavidsontoluca.com\/shop\/"},{"@type":"ListItem","position":2,"name":"Tienda","item":"https:\/\/harleydavidsontoluca.com\/shop\/tienda\/"},{"@type":"ListItem","position":3,"name":"FARO DELANTERO LED CON REFLECTOR DISTINTIVO DAYMAKER DE 7 PULG."}]},{"@type":"WebSite","@id":"https:\/\/harleydavidsontoluca.com\/shop\/#website","url":"https:\/\/harleydavidsontoluca.com\/shop\/","name":"Shop H-D Toluca","description":"Shop H-D Toluca","publisher":{"@id":"https:\/\/harleydavidsontoluca.com\/shop\/#organization"},"potentialAction":[{"@type":"SearchAction","target":{"@type":"EntryPoint","urlTemplate":"https:\/\/harleydavidsontoluca.com\/shop\/?s={search_term_string}"},"query-input":{"@type":"PropertyValueSpecification","valueRequired":true,"valueName":"search_term_string"}}],"inLanguage":"es"},{"@type":"Organization","@id":"https:\/\/harleydavidsontoluca.com\/shop\/#organization","name":"Concesionaria Central de Motos","url":"https:\/\/harleydavidsontoluca.com\/shop\/","logo":{"@type":"ImageObject","inLanguage":"es","@id":"https:\/\/harleydavidsontoluca.com\/shop\/#\/schema\/logo\/image\/","url":"https:\/\/harleydavidsontoluca.com\/shop\/wp-content\/uploads\/2024\/02\/cropped-Logo-512.png","contentUrl":"https:\/\/harleydavidsontoluca.com\/shop\/wp-content\/uploads\/2024\/02\/cropped-Logo-512.png","width":512,"height":512,"caption":"Concesionaria Central de Motos"},"image":{"@id":"https:\/\/harleydavidsontoluca.com\/shop\/#\/schema\/logo\/image\/"},"sameAs":["https:\/\/www.facebook.com\/HarleyDavidsonToluca","https:\/\/www.instagram.com\/hdtoluca\/"]}]}},"_links":{"self":[{"href":"https:\/\/harleydavidsontoluca.com\/shop\/wp-json\/wp\/v2\/product\/49637","targetHints":{"allow":["GET"]}}],"collection":[{"href":"https:\/\/harleydavidsontoluca.com\/shop\/wp-json\/wp\/v2\/product"}],"about":[{"href":"https:\/\/harleydavidsontoluca.com\/shop\/wp-json\/wp\/v2\/types\/product"}],"wp:featuredmedia":[{"embeddable":true,"href":"https:\/\/harleydavidsontoluca.com\/shop\/wp-json\/wp\/v2\/media\/49638"}],"wp:attachment":[{"href":"https:\/\/harleydavidsontoluca.com\/shop\/wp-json\/wp\/v2\/media?parent=49637"}],"wp:term":[{"taxonomy":"product_brand","embeddable":true,"href":"https:\/\/harleydavidsontoluca.com\/shop\/wp-json\/wp\/v2\/product_brand?post=49637"},{"taxonomy":"product_cat","embeddable":true,"href":"https:\/\/harleydavidsontoluca.com\/shop\/wp-json\/wp\/v2\/product_cat?post=49637"},{"taxonomy":"product_tag","embeddable":true,"href":"https:\/\/harleydavidsontoluca.com\/shop\/wp-json\/wp\/v2\/product_tag?post=49637"}],"curies":[{"name":"wp","href":"https:\/\/api.w.org\/{rel}","templated":true}]}}