
{"id":49336,"date":"2026-02-08T13:15:48","date_gmt":"2026-02-08T19:15:48","guid":{"rendered":"https:\/\/harleydavidsontoluca.com\/shop\/?post_type=product&#038;p=49336"},"modified":"2026-02-08T13:15:49","modified_gmt":"2026-02-08T19:15:49","slug":"empunaduras-con-calefaccion-willie-g-skull","status":"publish","type":"product","link":"https:\/\/harleydavidsontoluca.com\/shop\/producto\/empunaduras-con-calefaccion-willie-g-skull\/","title":{"rendered":"EMPU\u00d1ADURAS CON CALEFACCI\u00d3N WILLIE G SKULL"},"content":{"rendered":"<pre>Se adapta a los modelos Dyna\u00ae FXDLS 2016-2017, Softail\u00ae 2016 a 2024, y Touring (excepto CVO, FLHXSE y FLTRXSE 2023 y posteriores, FLHX, FLTRX y FLTRXSTSE 2024 y posteriores, y FLHXU y FLTRXRRSE 2025 y posteriores) y Trike 2008 a 2025. Los modelos Softail\u00ae 2016 y 2017 requieren la compra por separado del kit de conexi\u00f3n el\u00e9ctrica con n\u00famero de pieza 72673-11. Los modelos Touring y Trike 2014 a 2016 requieren la compra por separado del kit de conexi\u00f3n el\u00e9ctrica con n\u00famero de pieza 69200722. Los modelos Softail 2018 y posteriores, y Touring y Trike 2017 y posteriores requieren el kit de conexi\u00f3n el\u00e9ctrica con n\u00famero de pieza 69201599A. No se adapta a modelos 2008-2013 con manillares con cableado interno. Los cables de alimentaci\u00f3n para estas empu\u00f1aduras deben estar conectados por cableado externo, fuera del manillar. Consulta los manillares accesorios para conocer las exclusiones espec\u00edficas de las empu\u00f1aduras con calefacci\u00f3n.<\/pre>\n","protected":false},"excerpt":{"rendered":"<pre>Dise\u00f1ados para complementar los controles manuales y de pie de la colecci\u00f3n Willie G Skull, estas empu\u00f1aduras con calefacci\u00f3n con control termost\u00e1tico te mantendr\u00e1n c\u00f3modo en una conducci\u00f3n con tiempo fr\u00edo.<\/pre>\n","protected":false},"featured_media":49338,"template":"","meta":[],"product_brand":[],"product_cat":[83],"product_tag":[],"class_list":{"0":"post-49336","1":"product","2":"type-product","3":"status-publish","4":"has-post-thumbnail","6":"product_cat-partesyaccesoriosparamotos","8":"first","9":"instock","10":"sold-individually","11":"taxable","12":"shipping-taxable","13":"purchasable","14":"product-type-simple"},"yoast_head":"<!-- This site is optimized with the Yoast SEO plugin v27.4 - https:\/\/yoast.com\/product\/yoast-seo-wordpress\/ -->\n<title>EMPU\u00d1ADURAS CON CALEFACCI\u00d3N WILLIE G SKULL - Tienda oficial H-D Toluca<\/title>\n<meta name=\"robots\" content=\"index, follow, max-snippet:-1, max-image-preview:large, max-video-preview:-1\" \/>\n<link rel=\"canonical\" href=\"https:\/\/harleydavidsontoluca.com\/shop\/producto\/empunaduras-con-calefaccion-willie-g-skull\/\" \/>\n<meta property=\"og:locale\" content=\"es_MX\" \/>\n<meta property=\"og:type\" content=\"article\" \/>\n<meta property=\"og:title\" content=\"EMPU\u00d1ADURAS CON CALEFACCI\u00d3N WILLIE G SKULL - Tienda oficial H-D Toluca\" \/>\n<meta property=\"og:description\" content=\"Dise\u00f1ados para complementar los controles manuales y de pie de la colecci\u00f3n Willie G Skull, estas empu\u00f1aduras con calefacci\u00f3n con control termost\u00e1tico te mantendr\u00e1n c\u00f3modo en una conducci\u00f3n con tiempo fr\u00edo.\" \/>\n<meta property=\"og:url\" content=\"https:\/\/harleydavidsontoluca.com\/shop\/producto\/empunaduras-con-calefaccion-willie-g-skull\/\" \/>\n<meta property=\"og:site_name\" content=\"Tienda oficial H-D Toluca\" \/>\n<meta property=\"article:publisher\" content=\"https:\/\/www.facebook.com\/HarleyDavidsonToluca\" \/>\n<meta property=\"article:modified_time\" content=\"2026-02-08T19:15:49+00:00\" \/>\n<meta property=\"og:image\" content=\"https:\/\/harleydavidsontoluca.com\/shop\/wp-content\/uploads\/2026\/02\/Captura3.png\" \/>\n\t<meta property=\"og:image:width\" content=\"531\" \/>\n\t<meta property=\"og:image:height\" content=\"482\" \/>\n\t<meta property=\"og:image:type\" content=\"image\/png\" \/>\n<meta name=\"twitter:card\" content=\"summary_large_image\" \/>\n<meta name=\"twitter:label1\" content=\"Tiempo de lectura\" \/>\n\t<meta name=\"twitter:data1\" content=\"1 minuto\" \/>\n<script type=\"application\/ld+json\" class=\"yoast-schema-graph\">{\"@context\":\"https:\\\/\\\/schema.org\",\"@graph\":[{\"@type\":\"WebPage\",\"@id\":\"https:\\\/\\\/harleydavidsontoluca.com\\\/shop\\\/producto\\\/empunaduras-con-calefaccion-willie-g-skull\\\/\",\"url\":\"https:\\\/\\\/harleydavidsontoluca.com\\\/shop\\\/producto\\\/empunaduras-con-calefaccion-willie-g-skull\\\/\",\"name\":\"EMPU\u00d1ADURAS CON CALEFACCI\u00d3N WILLIE G SKULL - Tienda oficial H-D Toluca\",\"isPartOf\":{\"@id\":\"https:\\\/\\\/harleydavidsontoluca.com\\\/shop\\\/#website\"},\"primaryImageOfPage\":{\"@id\":\"https:\\\/\\\/harleydavidsontoluca.com\\\/shop\\\/producto\\\/empunaduras-con-calefaccion-willie-g-skull\\\/#primaryimage\"},\"image\":{\"@id\":\"https:\\\/\\\/harleydavidsontoluca.com\\\/shop\\\/producto\\\/empunaduras-con-calefaccion-willie-g-skull\\\/#primaryimage\"},\"thumbnailUrl\":\"https:\\\/\\\/harleydavidsontoluca.com\\\/shop\\\/wp-content\\\/uploads\\\/2026\\\/02\\\/Captura3.png\",\"datePublished\":\"2026-02-08T19:15:48+00:00\",\"dateModified\":\"2026-02-08T19:15:49+00:00\",\"breadcrumb\":{\"@id\":\"https:\\\/\\\/harleydavidsontoluca.com\\\/shop\\\/producto\\\/empunaduras-con-calefaccion-willie-g-skull\\\/#breadcrumb\"},\"inLanguage\":\"es\",\"potentialAction\":[{\"@type\":\"ReadAction\",\"target\":[\"https:\\\/\\\/harleydavidsontoluca.com\\\/shop\\\/producto\\\/empunaduras-con-calefaccion-willie-g-skull\\\/\"]}]},{\"@type\":\"ImageObject\",\"inLanguage\":\"es\",\"@id\":\"https:\\\/\\\/harleydavidsontoluca.com\\\/shop\\\/producto\\\/empunaduras-con-calefaccion-willie-g-skull\\\/#primaryimage\",\"url\":\"https:\\\/\\\/harleydavidsontoluca.com\\\/shop\\\/wp-content\\\/uploads\\\/2026\\\/02\\\/Captura3.png\",\"contentUrl\":\"https:\\\/\\\/harleydavidsontoluca.com\\\/shop\\\/wp-content\\\/uploads\\\/2026\\\/02\\\/Captura3.png\",\"width\":531,\"height\":482},{\"@type\":\"BreadcrumbList\",\"@id\":\"https:\\\/\\\/harleydavidsontoluca.com\\\/shop\\\/producto\\\/empunaduras-con-calefaccion-willie-g-skull\\\/#breadcrumb\",\"itemListElement\":[{\"@type\":\"ListItem\",\"position\":1,\"name\":\"Portada\",\"item\":\"https:\\\/\\\/harleydavidsontoluca.com\\\/shop\\\/\"},{\"@type\":\"ListItem\",\"position\":2,\"name\":\"Tienda\",\"item\":\"https:\\\/\\\/harleydavidsontoluca.com\\\/shop\\\/tienda\\\/\"},{\"@type\":\"ListItem\",\"position\":3,\"name\":\"EMPU\u00d1ADURAS CON CALEFACCI\u00d3N WILLIE G SKULL\"}]},{\"@type\":\"WebSite\",\"@id\":\"https:\\\/\\\/harleydavidsontoluca.com\\\/shop\\\/#website\",\"url\":\"https:\\\/\\\/harleydavidsontoluca.com\\\/shop\\\/\",\"name\":\"Shop H-D Toluca\",\"description\":\"Shop H-D Toluca\",\"publisher\":{\"@id\":\"https:\\\/\\\/harleydavidsontoluca.com\\\/shop\\\/#organization\"},\"potentialAction\":[{\"@type\":\"SearchAction\",\"target\":{\"@type\":\"EntryPoint\",\"urlTemplate\":\"https:\\\/\\\/harleydavidsontoluca.com\\\/shop\\\/?s={search_term_string}\"},\"query-input\":{\"@type\":\"PropertyValueSpecification\",\"valueRequired\":true,\"valueName\":\"search_term_string\"}}],\"inLanguage\":\"es\"},{\"@type\":\"Organization\",\"@id\":\"https:\\\/\\\/harleydavidsontoluca.com\\\/shop\\\/#organization\",\"name\":\"Concesionaria Central de Motos\",\"url\":\"https:\\\/\\\/harleydavidsontoluca.com\\\/shop\\\/\",\"logo\":{\"@type\":\"ImageObject\",\"inLanguage\":\"es\",\"@id\":\"https:\\\/\\\/harleydavidsontoluca.com\\\/shop\\\/#\\\/schema\\\/logo\\\/image\\\/\",\"url\":\"https:\\\/\\\/harleydavidsontoluca.com\\\/shop\\\/wp-content\\\/uploads\\\/2024\\\/02\\\/cropped-Logo-512.png\",\"contentUrl\":\"https:\\\/\\\/harleydavidsontoluca.com\\\/shop\\\/wp-content\\\/uploads\\\/2024\\\/02\\\/cropped-Logo-512.png\",\"width\":512,\"height\":512,\"caption\":\"Concesionaria Central de Motos\"},\"image\":{\"@id\":\"https:\\\/\\\/harleydavidsontoluca.com\\\/shop\\\/#\\\/schema\\\/logo\\\/image\\\/\"},\"sameAs\":[\"https:\\\/\\\/www.facebook.com\\\/HarleyDavidsonToluca\",\"https:\\\/\\\/www.instagram.com\\\/hdtoluca\\\/\"]}]}<\/script>\n<!-- \/ Yoast SEO plugin. -->","yoast_head_json":{"title":"EMPU\u00d1ADURAS CON CALEFACCI\u00d3N WILLIE G SKULL - Tienda oficial H-D Toluca","robots":{"index":"index","follow":"follow","max-snippet":"max-snippet:-1","max-image-preview":"max-image-preview:large","max-video-preview":"max-video-preview:-1"},"canonical":"https:\/\/harleydavidsontoluca.com\/shop\/producto\/empunaduras-con-calefaccion-willie-g-skull\/","og_locale":"es_MX","og_type":"article","og_title":"EMPU\u00d1ADURAS CON CALEFACCI\u00d3N WILLIE G SKULL - Tienda oficial H-D Toluca","og_description":"Dise\u00f1ados para complementar los controles manuales y de pie de la colecci\u00f3n Willie G Skull, estas empu\u00f1aduras con calefacci\u00f3n con control termost\u00e1tico te mantendr\u00e1n c\u00f3modo en una conducci\u00f3n con tiempo fr\u00edo.","og_url":"https:\/\/harleydavidsontoluca.com\/shop\/producto\/empunaduras-con-calefaccion-willie-g-skull\/","og_site_name":"Tienda oficial H-D Toluca","article_publisher":"https:\/\/www.facebook.com\/HarleyDavidsonToluca","article_modified_time":"2026-02-08T19:15:49+00:00","og_image":[{"width":531,"height":482,"url":"https:\/\/harleydavidsontoluca.com\/shop\/wp-content\/uploads\/2026\/02\/Captura3.png","type":"image\/png"}],"twitter_card":"summary_large_image","twitter_misc":{"Tiempo de lectura":"1 minuto"},"schema":{"@context":"https:\/\/schema.org","@graph":[{"@type":"WebPage","@id":"https:\/\/harleydavidsontoluca.com\/shop\/producto\/empunaduras-con-calefaccion-willie-g-skull\/","url":"https:\/\/harleydavidsontoluca.com\/shop\/producto\/empunaduras-con-calefaccion-willie-g-skull\/","name":"EMPU\u00d1ADURAS CON CALEFACCI\u00d3N WILLIE G SKULL - Tienda oficial H-D Toluca","isPartOf":{"@id":"https:\/\/harleydavidsontoluca.com\/shop\/#website"},"primaryImageOfPage":{"@id":"https:\/\/harleydavidsontoluca.com\/shop\/producto\/empunaduras-con-calefaccion-willie-g-skull\/#primaryimage"},"image":{"@id":"https:\/\/harleydavidsontoluca.com\/shop\/producto\/empunaduras-con-calefaccion-willie-g-skull\/#primaryimage"},"thumbnailUrl":"https:\/\/harleydavidsontoluca.com\/shop\/wp-content\/uploads\/2026\/02\/Captura3.png","datePublished":"2026-02-08T19:15:48+00:00","dateModified":"2026-02-08T19:15:49+00:00","breadcrumb":{"@id":"https:\/\/harleydavidsontoluca.com\/shop\/producto\/empunaduras-con-calefaccion-willie-g-skull\/#breadcrumb"},"inLanguage":"es","potentialAction":[{"@type":"ReadAction","target":["https:\/\/harleydavidsontoluca.com\/shop\/producto\/empunaduras-con-calefaccion-willie-g-skull\/"]}]},{"@type":"ImageObject","inLanguage":"es","@id":"https:\/\/harleydavidsontoluca.com\/shop\/producto\/empunaduras-con-calefaccion-willie-g-skull\/#primaryimage","url":"https:\/\/harleydavidsontoluca.com\/shop\/wp-content\/uploads\/2026\/02\/Captura3.png","contentUrl":"https:\/\/harleydavidsontoluca.com\/shop\/wp-content\/uploads\/2026\/02\/Captura3.png","width":531,"height":482},{"@type":"BreadcrumbList","@id":"https:\/\/harleydavidsontoluca.com\/shop\/producto\/empunaduras-con-calefaccion-willie-g-skull\/#breadcrumb","itemListElement":[{"@type":"ListItem","position":1,"name":"Portada","item":"https:\/\/harleydavidsontoluca.com\/shop\/"},{"@type":"ListItem","position":2,"name":"Tienda","item":"https:\/\/harleydavidsontoluca.com\/shop\/tienda\/"},{"@type":"ListItem","position":3,"name":"EMPU\u00d1ADURAS CON CALEFACCI\u00d3N WILLIE G SKULL"}]},{"@type":"WebSite","@id":"https:\/\/harleydavidsontoluca.com\/shop\/#website","url":"https:\/\/harleydavidsontoluca.com\/shop\/","name":"Shop H-D Toluca","description":"Shop H-D Toluca","publisher":{"@id":"https:\/\/harleydavidsontoluca.com\/shop\/#organization"},"potentialAction":[{"@type":"SearchAction","target":{"@type":"EntryPoint","urlTemplate":"https:\/\/harleydavidsontoluca.com\/shop\/?s={search_term_string}"},"query-input":{"@type":"PropertyValueSpecification","valueRequired":true,"valueName":"search_term_string"}}],"inLanguage":"es"},{"@type":"Organization","@id":"https:\/\/harleydavidsontoluca.com\/shop\/#organization","name":"Concesionaria Central de Motos","url":"https:\/\/harleydavidsontoluca.com\/shop\/","logo":{"@type":"ImageObject","inLanguage":"es","@id":"https:\/\/harleydavidsontoluca.com\/shop\/#\/schema\/logo\/image\/","url":"https:\/\/harleydavidsontoluca.com\/shop\/wp-content\/uploads\/2024\/02\/cropped-Logo-512.png","contentUrl":"https:\/\/harleydavidsontoluca.com\/shop\/wp-content\/uploads\/2024\/02\/cropped-Logo-512.png","width":512,"height":512,"caption":"Concesionaria Central de Motos"},"image":{"@id":"https:\/\/harleydavidsontoluca.com\/shop\/#\/schema\/logo\/image\/"},"sameAs":["https:\/\/www.facebook.com\/HarleyDavidsonToluca","https:\/\/www.instagram.com\/hdtoluca\/"]}]}},"_links":{"self":[{"href":"https:\/\/harleydavidsontoluca.com\/shop\/wp-json\/wp\/v2\/product\/49336","targetHints":{"allow":["GET"]}}],"collection":[{"href":"https:\/\/harleydavidsontoluca.com\/shop\/wp-json\/wp\/v2\/product"}],"about":[{"href":"https:\/\/harleydavidsontoluca.com\/shop\/wp-json\/wp\/v2\/types\/product"}],"wp:featuredmedia":[{"embeddable":true,"href":"https:\/\/harleydavidsontoluca.com\/shop\/wp-json\/wp\/v2\/media\/49338"}],"wp:attachment":[{"href":"https:\/\/harleydavidsontoluca.com\/shop\/wp-json\/wp\/v2\/media?parent=49336"}],"wp:term":[{"taxonomy":"product_brand","embeddable":true,"href":"https:\/\/harleydavidsontoluca.com\/shop\/wp-json\/wp\/v2\/product_brand?post=49336"},{"taxonomy":"product_cat","embeddable":true,"href":"https:\/\/harleydavidsontoluca.com\/shop\/wp-json\/wp\/v2\/product_cat?post=49336"},{"taxonomy":"product_tag","embeddable":true,"href":"https:\/\/harleydavidsontoluca.com\/shop\/wp-json\/wp\/v2\/product_tag?post=49336"}],"curies":[{"name":"wp","href":"https:\/\/api.w.org\/{rel}","templated":true}]}}