
{"id":49152,"date":"2026-02-05T10:55:42","date_gmt":"2026-02-05T16:55:42","guid":{"rendered":"https:\/\/harleydavidsontoluca.com\/shop\/?post_type=product&#038;p=49152"},"modified":"2026-02-05T10:55:43","modified_gmt":"2026-02-05T16:55:43","slug":"sudadera-lone-wolf","status":"publish","type":"product","link":"https:\/\/harleydavidsontoluca.com\/shop\/producto\/sudadera-lone-wolf\/","title":{"rendered":"SUDADERA LONE WOLF"},"content":{"rendered":"<p>Esta sudadera de corte holgado para hombre, confeccionada en tela polar de algod\u00f3n y poli\u00e9ster, ofrece comodidad y durabilidad, y tiene ribetes de punto el\u00e1stico que ayudan a mantener la forma.<\/p>\n","protected":false},"excerpt":{"rendered":"<ul class=\"ig-flex ig-flex-col ig-gap-2.5 ig-list-disc ig-list-outside ig-pl-5\">\n<li class=\"ig-text-[0.875rem] ig-leading-[1.25rem] md:ig-text-[1rem] md:ig-leading-[1.5rem] lg:ig-text-[1rem] lg:ig-leading-[1.5rem]\"><strong>Materiales:<\/strong>\n<p class=\"ig-text-[0.875rem] ig-leading-[1.25rem] md:ig-text-[1rem] md:ig-leading-[1.5rem] lg:ig-text-[1rem] lg:ig-leading-[1.5rem] [&amp;&gt;a]:ig-underline [&amp;&gt;a]:hover:ig-no-underline ig-inline\">Tela polar de peso mediano de 60% de algod\u00f3n y 40% de poli\u00e9ster.<\/p>\n<\/li>\n<li class=\"ig-text-[0.875rem] ig-leading-[1.25rem] md:ig-text-[1rem] md:ig-leading-[1.5rem] lg:ig-text-[1rem] lg:ig-leading-[1.5rem]\"><strong>Detalles de dise\u00f1o:<\/strong>\n<p class=\"ig-text-[0.875rem] ig-leading-[1.25rem] md:ig-text-[1rem] md:ig-leading-[1.5rem] lg:ig-text-[1rem] lg:ig-leading-[1.5rem] [&amp;&gt;a]:ig-underline [&amp;&gt;a]:hover:ig-no-underline ig-inline\">Gr\u00e1fico personalizado integral. Pu\u00f1os, cuello y dobladillo de punto acanalado.<\/p>\n<\/li>\n<li class=\"ig-text-[0.875rem] ig-leading-[1.25rem] md:ig-text-[1rem] md:ig-leading-[1.5rem] lg:ig-text-[1rem] lg:ig-leading-[1.5rem]\"><strong>Gr\u00e1ficos:<\/strong>\n<p class=\"ig-text-[0.875rem] ig-leading-[1.25rem] md:ig-text-[1rem] md:ig-leading-[1.5rem] lg:ig-text-[1rem] lg:ig-leading-[1.5rem] [&amp;&gt;a]:ig-underline [&amp;&gt;a]:hover:ig-no-underline ig-inline\">Estampado suave al tacto.<\/p>\n<\/li>\n<\/ul>\n","protected":false},"featured_media":49158,"template":"","meta":[],"product_brand":[],"product_cat":[24,44],"product_tag":[],"class_list":{"0":"post-49152","1":"product","2":"type-product","3":"status-publish","4":"has-post-thumbnail","6":"product_cat-hombre","7":"product_cat-sudaderas","8":"pa_talla-l","9":"pa_talla-m","10":"pa_talla-s","11":"pa_talla-xl","13":"first","14":"instock","15":"taxable","16":"shipping-taxable","17":"purchasable","18":"product-type-variable"},"yoast_head":"<!-- This site is optimized with the Yoast SEO plugin v27.4 - https:\/\/yoast.com\/product\/yoast-seo-wordpress\/ -->\n<title>SUDADERA LONE WOLF - Tienda oficial H-D Toluca<\/title>\n<meta name=\"robots\" content=\"index, follow, max-snippet:-1, max-image-preview:large, max-video-preview:-1\" \/>\n<link rel=\"canonical\" href=\"https:\/\/harleydavidsontoluca.com\/shop\/producto\/sudadera-lone-wolf\/\" \/>\n<meta property=\"og:locale\" content=\"es_MX\" \/>\n<meta property=\"og:type\" content=\"article\" \/>\n<meta property=\"og:title\" content=\"SUDADERA LONE WOLF - Tienda oficial H-D Toluca\" \/>\n<meta property=\"og:description\" content=\"Materiales: Tela polar de peso mediano de 60% de algod\u00f3n y 40% de poli\u00e9ster.   Detalles de dise\u00f1o: Gr\u00e1fico personalizado integral. Pu\u00f1os, cuello y dobladillo de punto acanalado.   Gr\u00e1ficos: Estampado suave al tacto.\" \/>\n<meta property=\"og:url\" content=\"https:\/\/harleydavidsontoluca.com\/shop\/producto\/sudadera-lone-wolf\/\" \/>\n<meta property=\"og:site_name\" content=\"Tienda oficial H-D Toluca\" \/>\n<meta property=\"article:publisher\" content=\"https:\/\/www.facebook.com\/HarleyDavidsonToluca\" \/>\n<meta property=\"article:modified_time\" content=\"2026-02-05T16:55:43+00:00\" \/>\n<meta property=\"og:image\" content=\"https:\/\/harleydavidsontoluca.com\/shop\/wp-content\/uploads\/2026\/02\/Web_Photo_Editor-2026-02-05T105153.071.jpg\" \/>\n\t<meta property=\"og:image:width\" content=\"1080\" \/>\n\t<meta property=\"og:image:height\" content=\"1080\" \/>\n\t<meta property=\"og:image:type\" content=\"image\/jpeg\" \/>\n<meta name=\"twitter:card\" content=\"summary_large_image\" \/>\n<meta name=\"twitter:label1\" content=\"Tiempo de lectura\" \/>\n\t<meta name=\"twitter:data1\" content=\"1 minuto\" \/>\n<script type=\"application\/ld+json\" class=\"yoast-schema-graph\">{\"@context\":\"https:\\\/\\\/schema.org\",\"@graph\":[{\"@type\":\"WebPage\",\"@id\":\"https:\\\/\\\/harleydavidsontoluca.com\\\/shop\\\/producto\\\/sudadera-lone-wolf\\\/\",\"url\":\"https:\\\/\\\/harleydavidsontoluca.com\\\/shop\\\/producto\\\/sudadera-lone-wolf\\\/\",\"name\":\"SUDADERA LONE WOLF - Tienda oficial H-D Toluca\",\"isPartOf\":{\"@id\":\"https:\\\/\\\/harleydavidsontoluca.com\\\/shop\\\/#website\"},\"primaryImageOfPage\":{\"@id\":\"https:\\\/\\\/harleydavidsontoluca.com\\\/shop\\\/producto\\\/sudadera-lone-wolf\\\/#primaryimage\"},\"image\":{\"@id\":\"https:\\\/\\\/harleydavidsontoluca.com\\\/shop\\\/producto\\\/sudadera-lone-wolf\\\/#primaryimage\"},\"thumbnailUrl\":\"https:\\\/\\\/harleydavidsontoluca.com\\\/shop\\\/wp-content\\\/uploads\\\/2026\\\/02\\\/Web_Photo_Editor-2026-02-05T105153.071.jpg\",\"datePublished\":\"2026-02-05T16:55:42+00:00\",\"dateModified\":\"2026-02-05T16:55:43+00:00\",\"breadcrumb\":{\"@id\":\"https:\\\/\\\/harleydavidsontoluca.com\\\/shop\\\/producto\\\/sudadera-lone-wolf\\\/#breadcrumb\"},\"inLanguage\":\"es\",\"potentialAction\":[{\"@type\":\"ReadAction\",\"target\":[\"https:\\\/\\\/harleydavidsontoluca.com\\\/shop\\\/producto\\\/sudadera-lone-wolf\\\/\"]}]},{\"@type\":\"ImageObject\",\"inLanguage\":\"es\",\"@id\":\"https:\\\/\\\/harleydavidsontoluca.com\\\/shop\\\/producto\\\/sudadera-lone-wolf\\\/#primaryimage\",\"url\":\"https:\\\/\\\/harleydavidsontoluca.com\\\/shop\\\/wp-content\\\/uploads\\\/2026\\\/02\\\/Web_Photo_Editor-2026-02-05T105153.071.jpg\",\"contentUrl\":\"https:\\\/\\\/harleydavidsontoluca.com\\\/shop\\\/wp-content\\\/uploads\\\/2026\\\/02\\\/Web_Photo_Editor-2026-02-05T105153.071.jpg\",\"width\":1080,\"height\":1080},{\"@type\":\"BreadcrumbList\",\"@id\":\"https:\\\/\\\/harleydavidsontoluca.com\\\/shop\\\/producto\\\/sudadera-lone-wolf\\\/#breadcrumb\",\"itemListElement\":[{\"@type\":\"ListItem\",\"position\":1,\"name\":\"Portada\",\"item\":\"https:\\\/\\\/harleydavidsontoluca.com\\\/shop\\\/\"},{\"@type\":\"ListItem\",\"position\":2,\"name\":\"Tienda\",\"item\":\"https:\\\/\\\/harleydavidsontoluca.com\\\/shop\\\/tienda\\\/\"},{\"@type\":\"ListItem\",\"position\":3,\"name\":\"SUDADERA LONE WOLF\"}]},{\"@type\":\"WebSite\",\"@id\":\"https:\\\/\\\/harleydavidsontoluca.com\\\/shop\\\/#website\",\"url\":\"https:\\\/\\\/harleydavidsontoluca.com\\\/shop\\\/\",\"name\":\"Shop H-D Toluca\",\"description\":\"Shop H-D Toluca\",\"publisher\":{\"@id\":\"https:\\\/\\\/harleydavidsontoluca.com\\\/shop\\\/#organization\"},\"potentialAction\":[{\"@type\":\"SearchAction\",\"target\":{\"@type\":\"EntryPoint\",\"urlTemplate\":\"https:\\\/\\\/harleydavidsontoluca.com\\\/shop\\\/?s={search_term_string}\"},\"query-input\":{\"@type\":\"PropertyValueSpecification\",\"valueRequired\":true,\"valueName\":\"search_term_string\"}}],\"inLanguage\":\"es\"},{\"@type\":\"Organization\",\"@id\":\"https:\\\/\\\/harleydavidsontoluca.com\\\/shop\\\/#organization\",\"name\":\"Concesionaria Central de Motos\",\"url\":\"https:\\\/\\\/harleydavidsontoluca.com\\\/shop\\\/\",\"logo\":{\"@type\":\"ImageObject\",\"inLanguage\":\"es\",\"@id\":\"https:\\\/\\\/harleydavidsontoluca.com\\\/shop\\\/#\\\/schema\\\/logo\\\/image\\\/\",\"url\":\"https:\\\/\\\/harleydavidsontoluca.com\\\/shop\\\/wp-content\\\/uploads\\\/2024\\\/02\\\/cropped-Logo-512.png\",\"contentUrl\":\"https:\\\/\\\/harleydavidsontoluca.com\\\/shop\\\/wp-content\\\/uploads\\\/2024\\\/02\\\/cropped-Logo-512.png\",\"width\":512,\"height\":512,\"caption\":\"Concesionaria Central de Motos\"},\"image\":{\"@id\":\"https:\\\/\\\/harleydavidsontoluca.com\\\/shop\\\/#\\\/schema\\\/logo\\\/image\\\/\"},\"sameAs\":[\"https:\\\/\\\/www.facebook.com\\\/HarleyDavidsonToluca\",\"https:\\\/\\\/www.instagram.com\\\/hdtoluca\\\/\"]}]}<\/script>\n<!-- \/ Yoast SEO plugin. -->","yoast_head_json":{"title":"SUDADERA LONE WOLF - Tienda oficial H-D Toluca","robots":{"index":"index","follow":"follow","max-snippet":"max-snippet:-1","max-image-preview":"max-image-preview:large","max-video-preview":"max-video-preview:-1"},"canonical":"https:\/\/harleydavidsontoluca.com\/shop\/producto\/sudadera-lone-wolf\/","og_locale":"es_MX","og_type":"article","og_title":"SUDADERA LONE WOLF - Tienda oficial H-D Toluca","og_description":"Materiales: Tela polar de peso mediano de 60% de algod\u00f3n y 40% de poli\u00e9ster.   Detalles de dise\u00f1o: Gr\u00e1fico personalizado integral. Pu\u00f1os, cuello y dobladillo de punto acanalado.   Gr\u00e1ficos: Estampado suave al tacto.","og_url":"https:\/\/harleydavidsontoluca.com\/shop\/producto\/sudadera-lone-wolf\/","og_site_name":"Tienda oficial H-D Toluca","article_publisher":"https:\/\/www.facebook.com\/HarleyDavidsonToluca","article_modified_time":"2026-02-05T16:55:43+00:00","og_image":[{"width":1080,"height":1080,"url":"https:\/\/harleydavidsontoluca.com\/shop\/wp-content\/uploads\/2026\/02\/Web_Photo_Editor-2026-02-05T105153.071.jpg","type":"image\/jpeg"}],"twitter_card":"summary_large_image","twitter_misc":{"Tiempo de lectura":"1 minuto"},"schema":{"@context":"https:\/\/schema.org","@graph":[{"@type":"WebPage","@id":"https:\/\/harleydavidsontoluca.com\/shop\/producto\/sudadera-lone-wolf\/","url":"https:\/\/harleydavidsontoluca.com\/shop\/producto\/sudadera-lone-wolf\/","name":"SUDADERA LONE WOLF - Tienda oficial H-D Toluca","isPartOf":{"@id":"https:\/\/harleydavidsontoluca.com\/shop\/#website"},"primaryImageOfPage":{"@id":"https:\/\/harleydavidsontoluca.com\/shop\/producto\/sudadera-lone-wolf\/#primaryimage"},"image":{"@id":"https:\/\/harleydavidsontoluca.com\/shop\/producto\/sudadera-lone-wolf\/#primaryimage"},"thumbnailUrl":"https:\/\/harleydavidsontoluca.com\/shop\/wp-content\/uploads\/2026\/02\/Web_Photo_Editor-2026-02-05T105153.071.jpg","datePublished":"2026-02-05T16:55:42+00:00","dateModified":"2026-02-05T16:55:43+00:00","breadcrumb":{"@id":"https:\/\/harleydavidsontoluca.com\/shop\/producto\/sudadera-lone-wolf\/#breadcrumb"},"inLanguage":"es","potentialAction":[{"@type":"ReadAction","target":["https:\/\/harleydavidsontoluca.com\/shop\/producto\/sudadera-lone-wolf\/"]}]},{"@type":"ImageObject","inLanguage":"es","@id":"https:\/\/harleydavidsontoluca.com\/shop\/producto\/sudadera-lone-wolf\/#primaryimage","url":"https:\/\/harleydavidsontoluca.com\/shop\/wp-content\/uploads\/2026\/02\/Web_Photo_Editor-2026-02-05T105153.071.jpg","contentUrl":"https:\/\/harleydavidsontoluca.com\/shop\/wp-content\/uploads\/2026\/02\/Web_Photo_Editor-2026-02-05T105153.071.jpg","width":1080,"height":1080},{"@type":"BreadcrumbList","@id":"https:\/\/harleydavidsontoluca.com\/shop\/producto\/sudadera-lone-wolf\/#breadcrumb","itemListElement":[{"@type":"ListItem","position":1,"name":"Portada","item":"https:\/\/harleydavidsontoluca.com\/shop\/"},{"@type":"ListItem","position":2,"name":"Tienda","item":"https:\/\/harleydavidsontoluca.com\/shop\/tienda\/"},{"@type":"ListItem","position":3,"name":"SUDADERA LONE WOLF"}]},{"@type":"WebSite","@id":"https:\/\/harleydavidsontoluca.com\/shop\/#website","url":"https:\/\/harleydavidsontoluca.com\/shop\/","name":"Shop H-D Toluca","description":"Shop H-D Toluca","publisher":{"@id":"https:\/\/harleydavidsontoluca.com\/shop\/#organization"},"potentialAction":[{"@type":"SearchAction","target":{"@type":"EntryPoint","urlTemplate":"https:\/\/harleydavidsontoluca.com\/shop\/?s={search_term_string}"},"query-input":{"@type":"PropertyValueSpecification","valueRequired":true,"valueName":"search_term_string"}}],"inLanguage":"es"},{"@type":"Organization","@id":"https:\/\/harleydavidsontoluca.com\/shop\/#organization","name":"Concesionaria Central de Motos","url":"https:\/\/harleydavidsontoluca.com\/shop\/","logo":{"@type":"ImageObject","inLanguage":"es","@id":"https:\/\/harleydavidsontoluca.com\/shop\/#\/schema\/logo\/image\/","url":"https:\/\/harleydavidsontoluca.com\/shop\/wp-content\/uploads\/2024\/02\/cropped-Logo-512.png","contentUrl":"https:\/\/harleydavidsontoluca.com\/shop\/wp-content\/uploads\/2024\/02\/cropped-Logo-512.png","width":512,"height":512,"caption":"Concesionaria Central de Motos"},"image":{"@id":"https:\/\/harleydavidsontoluca.com\/shop\/#\/schema\/logo\/image\/"},"sameAs":["https:\/\/www.facebook.com\/HarleyDavidsonToluca","https:\/\/www.instagram.com\/hdtoluca\/"]}]}},"_links":{"self":[{"href":"https:\/\/harleydavidsontoluca.com\/shop\/wp-json\/wp\/v2\/product\/49152","targetHints":{"allow":["GET"]}}],"collection":[{"href":"https:\/\/harleydavidsontoluca.com\/shop\/wp-json\/wp\/v2\/product"}],"about":[{"href":"https:\/\/harleydavidsontoluca.com\/shop\/wp-json\/wp\/v2\/types\/product"}],"wp:featuredmedia":[{"embeddable":true,"href":"https:\/\/harleydavidsontoluca.com\/shop\/wp-json\/wp\/v2\/media\/49158"}],"wp:attachment":[{"href":"https:\/\/harleydavidsontoluca.com\/shop\/wp-json\/wp\/v2\/media?parent=49152"}],"wp:term":[{"taxonomy":"product_brand","embeddable":true,"href":"https:\/\/harleydavidsontoluca.com\/shop\/wp-json\/wp\/v2\/product_brand?post=49152"},{"taxonomy":"product_cat","embeddable":true,"href":"https:\/\/harleydavidsontoluca.com\/shop\/wp-json\/wp\/v2\/product_cat?post=49152"},{"taxonomy":"product_tag","embeddable":true,"href":"https:\/\/harleydavidsontoluca.com\/shop\/wp-json\/wp\/v2\/product_tag?post=49152"}],"curies":[{"name":"wp","href":"https:\/\/api.w.org\/{rel}","templated":true}]}}