
{"id":48632,"date":"2025-11-25T17:09:23","date_gmt":"2025-11-25T23:09:23","guid":{"rendered":"https:\/\/harleydavidsontoluca.com\/shop\/?post_type=product&#038;p=48632"},"modified":"2026-02-18T11:29:36","modified_gmt":"2026-02-18T17:29:36","slug":"chamarra-h-d-operative-2-0-riding-shirt","status":"publish","type":"product","link":"https:\/\/harleydavidsontoluca.com\/shop\/producto\/chamarra-h-d-operative-2-0-riding-shirt\/","title":{"rendered":"CHAMARRA H-D OPERATIVE 2.0 RIDING SHIRT"},"content":{"rendered":"<ul class=\"ig-flex ig-flex-col ig-gap-2.5 ig-list-disc ig-list-outside ig-pl-5\">\n<li class=\"ig-text-[0.875rem] ig-leading-[1.25rem] md:ig-text-[1rem] md:ig-leading-[1.5rem] lg:ig-text-[1rem] lg:ig-leading-[1.5rem]\"><strong>Mantente fresco:<\/strong>\n<p class=\"ig-text-[0.875rem] ig-leading-[1.25rem] md:ig-text-[1rem] md:ig-leading-[1.5rem] lg:ig-text-[1rem] lg:ig-leading-[1.5rem] [&amp;&gt;a]:ig-underline [&amp;&gt;a]:hover:ig-no-underline ig-inline\" style=\"border: 0px solid #e5e7eb;--tw-border-spacing-x: 0;--tw-border-spacing-y: 0;--tw-translate-x: 0;--tw-translate-y: 0;--tw-rotate: 0;--tw-skew-x: 0;--tw-skew-y: 0;--tw-scale-x: 1;--tw-scale-y: 1;--tw-scroll-snap-strictness: proximity;--tw-ring-offset-width: 0px;--tw-ring-offset-color: #fff;--tw-ring-offset-shadow: 0 0 #0000;--tw-ring-shadow: 0 0 #0000;--tw-shadow: 0 0 #0000;--tw-shadow-colored: 0 0 #0000;margin: 0px;display: inline;font-size: 1rem;line-height: 1.5rem\">Orificios en las axilas para que circule el aire.<\/p>\n<\/li>\n<li class=\"ig-text-[0.875rem] ig-leading-[1.25rem] md:ig-text-[1rem] md:ig-leading-[1.5rem] lg:ig-text-[1rem] lg:ig-leading-[1.5rem]\"><strong>Ajuste y movilidad:<\/strong>\n<p class=\"ig-text-[0.875rem] ig-leading-[1.25rem] md:ig-text-[1rem] md:ig-leading-[1.5rem] lg:ig-text-[1rem] lg:ig-leading-[1.5rem] [&amp;&gt;a]:ig-underline [&amp;&gt;a]:hover:ig-no-underline ig-inline\" style=\"border: 0px solid #e5e7eb;--tw-border-spacing-x: 0;--tw-border-spacing-y: 0;--tw-translate-x: 0;--tw-translate-y: 0;--tw-rotate: 0;--tw-skew-x: 0;--tw-skew-y: 0;--tw-scale-x: 1;--tw-scale-y: 1;--tw-scroll-snap-strictness: proximity;--tw-ring-offset-width: 0px;--tw-ring-offset-color: #fff;--tw-ring-offset-shadow: 0 0 #0000;--tw-ring-shadow: 0 0 #0000;--tw-shadow: 0 0 #0000;--tw-shadow-colored: 0 0 #0000;margin: 0px;display: inline;font-size: 1rem;line-height: 1.5rem\">Mangas precurvadas.<\/p>\n<\/li>\n<li class=\"ig-text-[0.875rem] ig-leading-[1.25rem] md:ig-text-[1rem] md:ig-leading-[1.5rem] lg:ig-text-[1rem] lg:ig-leading-[1.5rem]\"><strong>Materiales:<\/strong>\n<p class=\"ig-text-[0.875rem] ig-leading-[1.25rem] md:ig-text-[1rem] md:ig-leading-[1.5rem] lg:ig-text-[1rem] lg:ig-leading-[1.5rem] [&amp;&gt;a]:ig-underline [&amp;&gt;a]:hover:ig-no-underline ig-inline\" style=\"border: 0px solid #e5e7eb;--tw-border-spacing-x: 0;--tw-border-spacing-y: 0;--tw-translate-x: 0;--tw-translate-y: 0;--tw-rotate: 0;--tw-skew-x: 0;--tw-skew-y: 0;--tw-scale-x: 1;--tw-scale-y: 1;--tw-scroll-snap-strictness: proximity;--tw-ring-offset-width: 0px;--tw-ring-offset-color: #fff;--tw-ring-offset-shadow: 0 0 #0000;--tw-ring-shadow: 0 0 #0000;--tw-shadow: 0 0 #0000;--tw-shadow-colored: 0 0 #0000;margin: 0px;display: inline;font-size: 1rem;line-height: 1.5rem\">Sarga pesada de 60\u202f% de algod\u00f3n y 40\u202f% de poli\u00e9ster. Forro trasero parcial de malla de 100\u202f% de poli\u00e9ster.<\/p>\n<\/li>\n<li class=\"ig-text-[0.875rem] ig-leading-[1.25rem] md:ig-text-[1rem] md:ig-leading-[1.5rem] lg:ig-text-[1rem] lg:ig-leading-[1.5rem]\"><strong>Cierre:<\/strong>\n<p class=\"ig-text-[0.875rem] ig-leading-[1.25rem] md:ig-text-[1rem] md:ig-leading-[1.5rem] lg:ig-text-[1rem] lg:ig-leading-[1.5rem] [&amp;&gt;a]:ig-underline [&amp;&gt;a]:hover:ig-no-underline ig-inline\" style=\"border: 0px solid #e5e7eb;--tw-border-spacing-x: 0;--tw-border-spacing-y: 0;--tw-translate-x: 0;--tw-translate-y: 0;--tw-rotate: 0;--tw-skew-x: 0;--tw-skew-y: 0;--tw-scale-x: 1;--tw-scale-y: 1;--tw-scroll-snap-strictness: proximity;--tw-ring-offset-width: 0px;--tw-ring-offset-color: #fff;--tw-ring-offset-shadow: 0 0 #0000;--tw-ring-shadow: 0 0 #0000;--tw-shadow: 0 0 #0000;--tw-shadow-colored: 0 0 #0000;margin: 0px;display: inline;font-size: 1rem;line-height: 1.5rem\">Cremallera frontal de dos v\u00edas. Tapeta delantera y pu\u00f1os con broches a presi\u00f3n.<\/p>\n<\/li>\n<li class=\"ig-text-[0.875rem] ig-leading-[1.25rem] md:ig-text-[1rem] md:ig-leading-[1.5rem] lg:ig-text-[1rem] lg:ig-leading-[1.5rem]\"><strong>BOLSILLOS:<\/strong>\n<p class=\"ig-text-[0.875rem] ig-leading-[1.25rem] md:ig-text-[1rem] md:ig-leading-[1.5rem] lg:ig-text-[1rem] lg:ig-leading-[1.5rem] [&amp;&gt;a]:ig-underline [&amp;&gt;a]:hover:ig-no-underline ig-inline\" style=\"border: 0px solid #e5e7eb;--tw-border-spacing-x: 0;--tw-border-spacing-y: 0;--tw-translate-x: 0;--tw-translate-y: 0;--tw-rotate: 0;--tw-skew-x: 0;--tw-skew-y: 0;--tw-scale-x: 1;--tw-scale-y: 1;--tw-scroll-snap-strictness: proximity;--tw-ring-offset-width: 0px;--tw-ring-offset-color: #fff;--tw-ring-offset-shadow: 0 0 #0000;--tw-ring-shadow: 0 0 #0000;--tw-shadow: 0 0 #0000;--tw-shadow-colored: 0 0 #0000;margin: 0px;display: inline;font-size: 1rem;line-height: 1.5rem\">Bolsillos con ribete y cierres de broche a presi\u00f3n ocultos par mantener las manos abrigadas. Bolsillos en el pecho planos con broches a presi\u00f3n. Bolsillo interior con cremallera.<\/p>\n<\/li>\n<\/ul>\n","protected":false},"excerpt":{"rendered":"<p>Nuestra \u00faltima Chamarra H-D\u00ae Operative 2.0 Riding Shirt es una prenda imprescindible para los motoclistas de tu lista de regalos. La confecci\u00f3n de sarga pesada tiene un forro parcial para que se sienta m\u00e1s como una camisa que como una chamarra. Tiene material reflectante para mejorar la visibilidad, un cuello con broche a presi\u00f3n oculto para que no aletee mientras conduces y protecci\u00f3n superior contra impactos D3O\u00ae Ghost\u2122 en los hombros y los codos.<\/p>\n","protected":false},"featured_media":48642,"template":"","meta":[],"product_brand":[],"product_cat":[41,24],"product_tag":[],"class_list":{"0":"post-48632","1":"product","2":"type-product","3":"status-publish","4":"has-post-thumbnail","6":"product_cat-chamarra-casual-hombre","7":"product_cat-hombre","8":"pa_talla-l","9":"pa_talla-m","10":"pa_talla-s","11":"pa_talla-xl","13":"first","14":"instock","15":"taxable","16":"shipping-taxable","17":"purchasable","18":"product-type-variable"},"yoast_head":"<!-- This site is optimized with the Yoast SEO plugin v27.4 - https:\/\/yoast.com\/product\/yoast-seo-wordpress\/ -->\n<title>CHAMARRA H-D OPERATIVE 2.0 RIDING SHIRT - Tienda oficial H-D Toluca<\/title>\n<meta name=\"robots\" content=\"index, follow, max-snippet:-1, max-image-preview:large, max-video-preview:-1\" \/>\n<link rel=\"canonical\" href=\"https:\/\/harleydavidsontoluca.com\/shop\/producto\/chamarra-h-d-operative-2-0-riding-shirt\/\" \/>\n<meta property=\"og:locale\" content=\"es_MX\" \/>\n<meta property=\"og:type\" content=\"article\" \/>\n<meta property=\"og:title\" content=\"CHAMARRA H-D OPERATIVE 2.0 RIDING SHIRT - Tienda oficial H-D Toluca\" \/>\n<meta property=\"og:description\" content=\"Nuestra \u00faltima Chamarra H-D\u00ae Operative 2.0 Riding Shirt es una prenda imprescindible para los motoclistas de tu lista de regalos. La confecci\u00f3n de sarga pesada tiene un forro parcial para que se sienta m\u00e1s como una camisa que como una chamarra. Tiene material reflectante para mejorar la visibilidad, un cuello con broche a presi\u00f3n oculto para que no aletee mientras conduces y protecci\u00f3n superior contra impactos D3O\u00ae Ghost\u2122 en los hombros y los codos.\" \/>\n<meta property=\"og:url\" content=\"https:\/\/harleydavidsontoluca.com\/shop\/producto\/chamarra-h-d-operative-2-0-riding-shirt\/\" \/>\n<meta property=\"og:site_name\" content=\"Tienda oficial H-D Toluca\" \/>\n<meta property=\"article:publisher\" content=\"https:\/\/www.facebook.com\/HarleyDavidsonToluca\" \/>\n<meta property=\"article:modified_time\" content=\"2026-02-18T17:29:36+00:00\" \/>\n<meta property=\"og:image\" content=\"https:\/\/harleydavidsontoluca.com\/shop\/wp-content\/uploads\/2025\/11\/Web_Photo_Editor-2025-11-25T170607.845.jpg\" \/>\n\t<meta property=\"og:image:width\" content=\"1080\" \/>\n\t<meta property=\"og:image:height\" content=\"1080\" \/>\n\t<meta property=\"og:image:type\" content=\"image\/jpeg\" \/>\n<meta name=\"twitter:card\" content=\"summary_large_image\" \/>\n<meta name=\"twitter:label1\" content=\"Tiempo de lectura\" \/>\n\t<meta name=\"twitter:data1\" content=\"2 minutos\" \/>\n<script type=\"application\/ld+json\" class=\"yoast-schema-graph\">{\"@context\":\"https:\\\/\\\/schema.org\",\"@graph\":[{\"@type\":\"WebPage\",\"@id\":\"https:\\\/\\\/harleydavidsontoluca.com\\\/shop\\\/producto\\\/chamarra-h-d-operative-2-0-riding-shirt\\\/\",\"url\":\"https:\\\/\\\/harleydavidsontoluca.com\\\/shop\\\/producto\\\/chamarra-h-d-operative-2-0-riding-shirt\\\/\",\"name\":\"CHAMARRA H-D OPERATIVE 2.0 RIDING SHIRT - Tienda oficial H-D Toluca\",\"isPartOf\":{\"@id\":\"https:\\\/\\\/harleydavidsontoluca.com\\\/shop\\\/#website\"},\"primaryImageOfPage\":{\"@id\":\"https:\\\/\\\/harleydavidsontoluca.com\\\/shop\\\/producto\\\/chamarra-h-d-operative-2-0-riding-shirt\\\/#primaryimage\"},\"image\":{\"@id\":\"https:\\\/\\\/harleydavidsontoluca.com\\\/shop\\\/producto\\\/chamarra-h-d-operative-2-0-riding-shirt\\\/#primaryimage\"},\"thumbnailUrl\":\"https:\\\/\\\/harleydavidsontoluca.com\\\/shop\\\/wp-content\\\/uploads\\\/2025\\\/11\\\/Web_Photo_Editor-2025-11-25T170607.845.jpg\",\"datePublished\":\"2025-11-25T23:09:23+00:00\",\"dateModified\":\"2026-02-18T17:29:36+00:00\",\"breadcrumb\":{\"@id\":\"https:\\\/\\\/harleydavidsontoluca.com\\\/shop\\\/producto\\\/chamarra-h-d-operative-2-0-riding-shirt\\\/#breadcrumb\"},\"inLanguage\":\"es\",\"potentialAction\":[{\"@type\":\"ReadAction\",\"target\":[\"https:\\\/\\\/harleydavidsontoluca.com\\\/shop\\\/producto\\\/chamarra-h-d-operative-2-0-riding-shirt\\\/\"]}]},{\"@type\":\"ImageObject\",\"inLanguage\":\"es\",\"@id\":\"https:\\\/\\\/harleydavidsontoluca.com\\\/shop\\\/producto\\\/chamarra-h-d-operative-2-0-riding-shirt\\\/#primaryimage\",\"url\":\"https:\\\/\\\/harleydavidsontoluca.com\\\/shop\\\/wp-content\\\/uploads\\\/2025\\\/11\\\/Web_Photo_Editor-2025-11-25T170607.845.jpg\",\"contentUrl\":\"https:\\\/\\\/harleydavidsontoluca.com\\\/shop\\\/wp-content\\\/uploads\\\/2025\\\/11\\\/Web_Photo_Editor-2025-11-25T170607.845.jpg\",\"width\":1080,\"height\":1080},{\"@type\":\"BreadcrumbList\",\"@id\":\"https:\\\/\\\/harleydavidsontoluca.com\\\/shop\\\/producto\\\/chamarra-h-d-operative-2-0-riding-shirt\\\/#breadcrumb\",\"itemListElement\":[{\"@type\":\"ListItem\",\"position\":1,\"name\":\"Portada\",\"item\":\"https:\\\/\\\/harleydavidsontoluca.com\\\/shop\\\/\"},{\"@type\":\"ListItem\",\"position\":2,\"name\":\"Tienda\",\"item\":\"https:\\\/\\\/harleydavidsontoluca.com\\\/shop\\\/tienda\\\/\"},{\"@type\":\"ListItem\",\"position\":3,\"name\":\"CHAMARRA H-D OPERATIVE 2.0 RIDING SHIRT\"}]},{\"@type\":\"WebSite\",\"@id\":\"https:\\\/\\\/harleydavidsontoluca.com\\\/shop\\\/#website\",\"url\":\"https:\\\/\\\/harleydavidsontoluca.com\\\/shop\\\/\",\"name\":\"Shop H-D Toluca\",\"description\":\"Shop H-D Toluca\",\"publisher\":{\"@id\":\"https:\\\/\\\/harleydavidsontoluca.com\\\/shop\\\/#organization\"},\"potentialAction\":[{\"@type\":\"SearchAction\",\"target\":{\"@type\":\"EntryPoint\",\"urlTemplate\":\"https:\\\/\\\/harleydavidsontoluca.com\\\/shop\\\/?s={search_term_string}\"},\"query-input\":{\"@type\":\"PropertyValueSpecification\",\"valueRequired\":true,\"valueName\":\"search_term_string\"}}],\"inLanguage\":\"es\"},{\"@type\":\"Organization\",\"@id\":\"https:\\\/\\\/harleydavidsontoluca.com\\\/shop\\\/#organization\",\"name\":\"Concesionaria Central de Motos\",\"url\":\"https:\\\/\\\/harleydavidsontoluca.com\\\/shop\\\/\",\"logo\":{\"@type\":\"ImageObject\",\"inLanguage\":\"es\",\"@id\":\"https:\\\/\\\/harleydavidsontoluca.com\\\/shop\\\/#\\\/schema\\\/logo\\\/image\\\/\",\"url\":\"https:\\\/\\\/harleydavidsontoluca.com\\\/shop\\\/wp-content\\\/uploads\\\/2024\\\/02\\\/cropped-Logo-512.png\",\"contentUrl\":\"https:\\\/\\\/harleydavidsontoluca.com\\\/shop\\\/wp-content\\\/uploads\\\/2024\\\/02\\\/cropped-Logo-512.png\",\"width\":512,\"height\":512,\"caption\":\"Concesionaria Central de Motos\"},\"image\":{\"@id\":\"https:\\\/\\\/harleydavidsontoluca.com\\\/shop\\\/#\\\/schema\\\/logo\\\/image\\\/\"},\"sameAs\":[\"https:\\\/\\\/www.facebook.com\\\/HarleyDavidsonToluca\",\"https:\\\/\\\/www.instagram.com\\\/hdtoluca\\\/\"]}]}<\/script>\n<!-- \/ Yoast SEO plugin. -->","yoast_head_json":{"title":"CHAMARRA H-D OPERATIVE 2.0 RIDING SHIRT - Tienda oficial H-D Toluca","robots":{"index":"index","follow":"follow","max-snippet":"max-snippet:-1","max-image-preview":"max-image-preview:large","max-video-preview":"max-video-preview:-1"},"canonical":"https:\/\/harleydavidsontoluca.com\/shop\/producto\/chamarra-h-d-operative-2-0-riding-shirt\/","og_locale":"es_MX","og_type":"article","og_title":"CHAMARRA H-D OPERATIVE 2.0 RIDING SHIRT - Tienda oficial H-D Toluca","og_description":"Nuestra \u00faltima Chamarra H-D\u00ae Operative 2.0 Riding Shirt es una prenda imprescindible para los motoclistas de tu lista de regalos. La confecci\u00f3n de sarga pesada tiene un forro parcial para que se sienta m\u00e1s como una camisa que como una chamarra. Tiene material reflectante para mejorar la visibilidad, un cuello con broche a presi\u00f3n oculto para que no aletee mientras conduces y protecci\u00f3n superior contra impactos D3O\u00ae Ghost\u2122 en los hombros y los codos.","og_url":"https:\/\/harleydavidsontoluca.com\/shop\/producto\/chamarra-h-d-operative-2-0-riding-shirt\/","og_site_name":"Tienda oficial H-D Toluca","article_publisher":"https:\/\/www.facebook.com\/HarleyDavidsonToluca","article_modified_time":"2026-02-18T17:29:36+00:00","og_image":[{"width":1080,"height":1080,"url":"https:\/\/harleydavidsontoluca.com\/shop\/wp-content\/uploads\/2025\/11\/Web_Photo_Editor-2025-11-25T170607.845.jpg","type":"image\/jpeg"}],"twitter_card":"summary_large_image","twitter_misc":{"Tiempo de lectura":"2 minutos"},"schema":{"@context":"https:\/\/schema.org","@graph":[{"@type":"WebPage","@id":"https:\/\/harleydavidsontoluca.com\/shop\/producto\/chamarra-h-d-operative-2-0-riding-shirt\/","url":"https:\/\/harleydavidsontoluca.com\/shop\/producto\/chamarra-h-d-operative-2-0-riding-shirt\/","name":"CHAMARRA H-D OPERATIVE 2.0 RIDING SHIRT - Tienda oficial H-D Toluca","isPartOf":{"@id":"https:\/\/harleydavidsontoluca.com\/shop\/#website"},"primaryImageOfPage":{"@id":"https:\/\/harleydavidsontoluca.com\/shop\/producto\/chamarra-h-d-operative-2-0-riding-shirt\/#primaryimage"},"image":{"@id":"https:\/\/harleydavidsontoluca.com\/shop\/producto\/chamarra-h-d-operative-2-0-riding-shirt\/#primaryimage"},"thumbnailUrl":"https:\/\/harleydavidsontoluca.com\/shop\/wp-content\/uploads\/2025\/11\/Web_Photo_Editor-2025-11-25T170607.845.jpg","datePublished":"2025-11-25T23:09:23+00:00","dateModified":"2026-02-18T17:29:36+00:00","breadcrumb":{"@id":"https:\/\/harleydavidsontoluca.com\/shop\/producto\/chamarra-h-d-operative-2-0-riding-shirt\/#breadcrumb"},"inLanguage":"es","potentialAction":[{"@type":"ReadAction","target":["https:\/\/harleydavidsontoluca.com\/shop\/producto\/chamarra-h-d-operative-2-0-riding-shirt\/"]}]},{"@type":"ImageObject","inLanguage":"es","@id":"https:\/\/harleydavidsontoluca.com\/shop\/producto\/chamarra-h-d-operative-2-0-riding-shirt\/#primaryimage","url":"https:\/\/harleydavidsontoluca.com\/shop\/wp-content\/uploads\/2025\/11\/Web_Photo_Editor-2025-11-25T170607.845.jpg","contentUrl":"https:\/\/harleydavidsontoluca.com\/shop\/wp-content\/uploads\/2025\/11\/Web_Photo_Editor-2025-11-25T170607.845.jpg","width":1080,"height":1080},{"@type":"BreadcrumbList","@id":"https:\/\/harleydavidsontoluca.com\/shop\/producto\/chamarra-h-d-operative-2-0-riding-shirt\/#breadcrumb","itemListElement":[{"@type":"ListItem","position":1,"name":"Portada","item":"https:\/\/harleydavidsontoluca.com\/shop\/"},{"@type":"ListItem","position":2,"name":"Tienda","item":"https:\/\/harleydavidsontoluca.com\/shop\/tienda\/"},{"@type":"ListItem","position":3,"name":"CHAMARRA H-D OPERATIVE 2.0 RIDING SHIRT"}]},{"@type":"WebSite","@id":"https:\/\/harleydavidsontoluca.com\/shop\/#website","url":"https:\/\/harleydavidsontoluca.com\/shop\/","name":"Shop H-D Toluca","description":"Shop H-D Toluca","publisher":{"@id":"https:\/\/harleydavidsontoluca.com\/shop\/#organization"},"potentialAction":[{"@type":"SearchAction","target":{"@type":"EntryPoint","urlTemplate":"https:\/\/harleydavidsontoluca.com\/shop\/?s={search_term_string}"},"query-input":{"@type":"PropertyValueSpecification","valueRequired":true,"valueName":"search_term_string"}}],"inLanguage":"es"},{"@type":"Organization","@id":"https:\/\/harleydavidsontoluca.com\/shop\/#organization","name":"Concesionaria Central de Motos","url":"https:\/\/harleydavidsontoluca.com\/shop\/","logo":{"@type":"ImageObject","inLanguage":"es","@id":"https:\/\/harleydavidsontoluca.com\/shop\/#\/schema\/logo\/image\/","url":"https:\/\/harleydavidsontoluca.com\/shop\/wp-content\/uploads\/2024\/02\/cropped-Logo-512.png","contentUrl":"https:\/\/harleydavidsontoluca.com\/shop\/wp-content\/uploads\/2024\/02\/cropped-Logo-512.png","width":512,"height":512,"caption":"Concesionaria Central de Motos"},"image":{"@id":"https:\/\/harleydavidsontoluca.com\/shop\/#\/schema\/logo\/image\/"},"sameAs":["https:\/\/www.facebook.com\/HarleyDavidsonToluca","https:\/\/www.instagram.com\/hdtoluca\/"]}]}},"_links":{"self":[{"href":"https:\/\/harleydavidsontoluca.com\/shop\/wp-json\/wp\/v2\/product\/48632","targetHints":{"allow":["GET"]}}],"collection":[{"href":"https:\/\/harleydavidsontoluca.com\/shop\/wp-json\/wp\/v2\/product"}],"about":[{"href":"https:\/\/harleydavidsontoluca.com\/shop\/wp-json\/wp\/v2\/types\/product"}],"wp:featuredmedia":[{"embeddable":true,"href":"https:\/\/harleydavidsontoluca.com\/shop\/wp-json\/wp\/v2\/media\/48642"}],"wp:attachment":[{"href":"https:\/\/harleydavidsontoluca.com\/shop\/wp-json\/wp\/v2\/media?parent=48632"}],"wp:term":[{"taxonomy":"product_brand","embeddable":true,"href":"https:\/\/harleydavidsontoluca.com\/shop\/wp-json\/wp\/v2\/product_brand?post=48632"},{"taxonomy":"product_cat","embeddable":true,"href":"https:\/\/harleydavidsontoluca.com\/shop\/wp-json\/wp\/v2\/product_cat?post=48632"},{"taxonomy":"product_tag","embeddable":true,"href":"https:\/\/harleydavidsontoluca.com\/shop\/wp-json\/wp\/v2\/product_tag?post=48632"}],"curies":[{"name":"wp","href":"https:\/\/api.w.org\/{rel}","templated":true}]}}