
{"id":48588,"date":"2025-11-15T17:01:08","date_gmt":"2025-11-15T23:01:08","guid":{"rendered":"https:\/\/harleydavidsontoluca.com\/shop\/?post_type=product&#038;p=48588"},"modified":"2026-04-14T12:45:45","modified_gmt":"2026-04-14T18:45:45","slug":"camisa-block-font-yarn-dyed-plaid-para-hombre-plaid-cloud-dancer-cinder","status":"publish","type":"product","link":"https:\/\/harleydavidsontoluca.com\/shop\/producto\/camisa-block-font-yarn-dyed-plaid-para-hombre-plaid-cloud-dancer-cinder\/","title":{"rendered":"CAMISA BLOCK FONT YARN DYED PLAID PARA HOMBRE &#8211; PLAID &#8211; CLOUD DANCER &amp; CINDER"},"content":{"rendered":"<p>Luce un look impecable sin renunciar a tu estilo de motociclista con nuestra Camisa Block Font Yarn Dyed Plaid Esta prenda de sarga de algod\u00f3n liviana, duradera y respirable ha sido sometida a un proceso de lavado para darle un aspecto desgastado. Esta camisa abotonada de mangas cortas para hombre tiene un dobladillo redondeado que luce muy bien fuera o dentro de los pantalones, un pr\u00e1ctico compartimento para bol\u00edgrafo en el bolsillo izquierdo del pecho y un cuello con broches a presi\u00f3n ocultos para que no aletee mientras conduces.<\/p>\n","protected":false},"excerpt":{"rendered":"<ul class=\"ig-flex ig-flex-col ig-gap-2.5 ig-list-disc ig-list-outside ig-pl-5\">\n<li class=\"ig-text-[0.875rem] ig-leading-[1.25rem] md:ig-text-[1rem] md:ig-leading-[1.5rem] lg:ig-text-[1rem] lg:ig-leading-[1.5rem]\"><strong>Materiales:<\/strong>\n<p class=\"ig-text-[0.875rem] ig-leading-[1.25rem] md:ig-text-[1rem] md:ig-leading-[1.5rem] lg:ig-text-[1rem] lg:ig-leading-[1.5rem] [&amp;&gt;a]:ig-underline [&amp;&gt;a]:hover:ig-no-underline ig-inline\" style=\"border: 0px solid #e5e7eb;--tw-border-spacing-x: 0;--tw-border-spacing-y: 0;--tw-translate-x: 0;--tw-translate-y: 0;--tw-rotate: 0;--tw-skew-x: 0;--tw-skew-y: 0;--tw-scale-x: 1;--tw-scale-y: 1;--tw-scroll-snap-strictness: proximity;--tw-ring-offset-width: 0px;--tw-ring-offset-color: #fff;--tw-ring-offset-shadow: 0 0 #0000;--tw-ring-shadow: 0 0 #0000;--tw-shadow: 0 0 #0000;--tw-shadow-colored: 0 0 #0000;margin: 0px;display: inline;font-size: 1rem;line-height: 1.5rem\">Sarga liviana de 100\u202f% de algod\u00f3n, con proceso de lavado una vez confeccionada la prenda.<\/p>\n<\/li>\n<li class=\"ig-text-[0.875rem] ig-leading-[1.25rem] md:ig-text-[1rem] md:ig-leading-[1.5rem] lg:ig-text-[1rem] lg:ig-leading-[1.5rem]\"><strong>Cierre:<\/strong>\n<p class=\"ig-text-[0.875rem] ig-leading-[1.25rem] md:ig-text-[1rem] md:ig-leading-[1.5rem] lg:ig-text-[1rem] lg:ig-leading-[1.5rem] [&amp;&gt;a]:ig-underline [&amp;&gt;a]:hover:ig-no-underline ig-inline\" style=\"border: 0px solid #e5e7eb;--tw-border-spacing-x: 0;--tw-border-spacing-y: 0;--tw-translate-x: 0;--tw-translate-y: 0;--tw-rotate: 0;--tw-skew-x: 0;--tw-skew-y: 0;--tw-scale-x: 1;--tw-scale-y: 1;--tw-scroll-snap-strictness: proximity;--tw-ring-offset-width: 0px;--tw-ring-offset-color: #fff;--tw-ring-offset-shadow: 0 0 #0000;--tw-ring-shadow: 0 0 #0000;--tw-shadow: 0 0 #0000;--tw-shadow-colored: 0 0 #0000;margin: 0px;display: inline;font-size: 1rem;line-height: 1.5rem\">Botones en la parte delantera.<\/p>\n<\/li>\n<li class=\"ig-text-[0.875rem] ig-leading-[1.25rem] md:ig-text-[1rem] md:ig-leading-[1.5rem] lg:ig-text-[1rem] lg:ig-leading-[1.5rem]\"><strong>BOLSILLOS:<\/strong>\n<p class=\"ig-text-[0.875rem] ig-leading-[1.25rem] md:ig-text-[1rem] md:ig-leading-[1.5rem] lg:ig-text-[1rem] lg:ig-leading-[1.5rem] [&amp;&gt;a]:ig-underline [&amp;&gt;a]:hover:ig-no-underline ig-inline\" style=\"border: 0px solid #e5e7eb;--tw-border-spacing-x: 0;--tw-border-spacing-y: 0;--tw-translate-x: 0;--tw-translate-y: 0;--tw-rotate: 0;--tw-skew-x: 0;--tw-skew-y: 0;--tw-scale-x: 1;--tw-scale-y: 1;--tw-scroll-snap-strictness: proximity;--tw-ring-offset-width: 0px;--tw-ring-offset-color: #fff;--tw-ring-offset-shadow: 0 0 #0000;--tw-ring-shadow: 0 0 #0000;--tw-shadow: 0 0 #0000;--tw-shadow-colored: 0 0 #0000;margin: 0px;display: inline;font-size: 1rem;line-height: 1.5rem\">Bolsillos en el pecho con solapa y bot\u00f3n, con compartimento para bol\u00edgrafo (lado izquierdo).<\/p>\n<\/li>\n<li class=\"ig-text-[0.875rem] ig-leading-[1.25rem] md:ig-text-[1rem] md:ig-leading-[1.5rem] lg:ig-text-[1rem] lg:ig-leading-[1.5rem]\"><strong>Detalles de dise\u00f1o:<\/strong>\n<p class=\"ig-text-[0.875rem] ig-leading-[1.25rem] md:ig-text-[1rem] md:ig-leading-[1.5rem] lg:ig-text-[1rem] lg:ig-leading-[1.5rem] [&amp;&gt;a]:ig-underline [&amp;&gt;a]:hover:ig-no-underline ig-inline\" style=\"border: 0px solid #e5e7eb;--tw-border-spacing-x: 0;--tw-border-spacing-y: 0;--tw-translate-x: 0;--tw-translate-y: 0;--tw-rotate: 0;--tw-skew-x: 0;--tw-skew-y: 0;--tw-scale-x: 1;--tw-scale-y: 1;--tw-scroll-snap-strictness: proximity;--tw-ring-offset-width: 0px;--tw-ring-offset-color: #fff;--tw-ring-offset-shadow: 0 0 #0000;--tw-ring-shadow: 0 0 #0000;--tw-shadow: 0 0 #0000;--tw-shadow-colored: 0 0 #0000;margin: 0px;display: inline;font-size: 1rem;line-height: 1.5rem\">Cuello con broche a presi\u00f3n oculto. Dobladillo redondeado.<\/p>\n<\/li>\n<li class=\"ig-text-[0.875rem] ig-leading-[1.25rem] md:ig-text-[1rem] md:ig-leading-[1.5rem] lg:ig-text-[1rem] lg:ig-leading-[1.5rem]\"><strong>Gr\u00e1ficos:<\/strong>\n<p class=\"ig-text-[0.875rem] ig-leading-[1.25rem] md:ig-text-[1rem] md:ig-leading-[1.5rem] lg:ig-text-[1rem] lg:ig-leading-[1.5rem] [&amp;&gt;a]:ig-underline [&amp;&gt;a]:hover:ig-no-underline ig-inline\" style=\"border: 0px solid #e5e7eb;--tw-border-spacing-x: 0;--tw-border-spacing-y: 0;--tw-translate-x: 0;--tw-translate-y: 0;--tw-rotate: 0;--tw-skew-x: 0;--tw-skew-y: 0;--tw-scale-x: 1;--tw-scale-y: 1;--tw-scroll-snap-strictness: proximity;--tw-ring-offset-width: 0px;--tw-ring-offset-color: #fff;--tw-ring-offset-shadow: 0 0 #0000;--tw-ring-shadow: 0 0 #0000;--tw-shadow: 0 0 #0000;--tw-shadow-colored: 0 0 #0000;margin: 0px;display: inline;font-size: 1rem;line-height: 1.5rem\">Parche de sarga bordado con efecto de pulverizaci\u00f3n.<\/p>\n<\/li>\n<\/ul>\n","protected":false},"featured_media":48594,"template":"","meta":[],"product_brand":[],"product_cat":[39,24],"product_tag":[],"class_list":{"0":"post-48588","1":"product","2":"type-product","3":"status-publish","4":"has-post-thumbnail","6":"product_cat-camisas","7":"product_cat-hombre","8":"pa_talla-l","9":"pa_talla-m","10":"pa_talla-s","11":"pa_talla-xl","12":"pa_talla-xxl","14":"first","15":"instock","16":"taxable","17":"shipping-taxable","18":"purchasable","19":"product-type-variable"},"yoast_head":"<!-- This site is optimized with the Yoast SEO plugin v27.4 - https:\/\/yoast.com\/product\/yoast-seo-wordpress\/ -->\n<title>CAMISA BLOCK FONT YARN DYED PLAID PARA HOMBRE - PLAID - CLOUD DANCER &amp; CINDER - Tienda oficial H-D Toluca<\/title>\n<meta name=\"robots\" content=\"index, follow, max-snippet:-1, max-image-preview:large, max-video-preview:-1\" \/>\n<link rel=\"canonical\" href=\"https:\/\/harleydavidsontoluca.com\/shop\/producto\/camisa-block-font-yarn-dyed-plaid-para-hombre-plaid-cloud-dancer-cinder\/\" \/>\n<meta property=\"og:locale\" content=\"es_MX\" \/>\n<meta property=\"og:type\" content=\"article\" \/>\n<meta property=\"og:title\" content=\"CAMISA BLOCK FONT YARN DYED PLAID PARA HOMBRE - PLAID - CLOUD DANCER &amp; CINDER - Tienda oficial H-D Toluca\" \/>\n<meta property=\"og:description\" content=\"Materiales: Sarga liviana de 100\u202f% de algod\u00f3n, con proceso de lavado una vez confeccionada la prenda.   Cierre: Botones en la parte delantera.   BOLSILLOS: Bolsillos en el pecho con solapa y bot\u00f3n, con compartimento para bol\u00edgrafo (lado izquierdo).   Detalles de dise\u00f1o: Cuello con broche a presi\u00f3n oculto. Dobladillo redondeado.   Gr\u00e1ficos: Parche de sarga bordado con efecto de pulverizaci\u00f3n.\" \/>\n<meta property=\"og:url\" content=\"https:\/\/harleydavidsontoluca.com\/shop\/producto\/camisa-block-font-yarn-dyed-plaid-para-hombre-plaid-cloud-dancer-cinder\/\" \/>\n<meta property=\"og:site_name\" content=\"Tienda oficial H-D Toluca\" \/>\n<meta property=\"article:publisher\" content=\"https:\/\/www.facebook.com\/HarleyDavidsonToluca\" \/>\n<meta property=\"article:modified_time\" content=\"2026-04-14T18:45:45+00:00\" \/>\n<meta property=\"og:image\" content=\"https:\/\/harleydavidsontoluca.com\/shop\/wp-content\/uploads\/2025\/11\/Web_Photo_Editor-2025-11-15T170013.350.jpg\" \/>\n\t<meta property=\"og:image:width\" content=\"1080\" \/>\n\t<meta property=\"og:image:height\" content=\"1080\" \/>\n\t<meta property=\"og:image:type\" content=\"image\/jpeg\" \/>\n<meta name=\"twitter:card\" content=\"summary_large_image\" \/>\n<meta name=\"twitter:label1\" content=\"Tiempo de lectura\" \/>\n\t<meta name=\"twitter:data1\" content=\"1 minuto\" \/>\n<script type=\"application\/ld+json\" class=\"yoast-schema-graph\">{\"@context\":\"https:\\\/\\\/schema.org\",\"@graph\":[{\"@type\":\"WebPage\",\"@id\":\"https:\\\/\\\/harleydavidsontoluca.com\\\/shop\\\/producto\\\/camisa-block-font-yarn-dyed-plaid-para-hombre-plaid-cloud-dancer-cinder\\\/\",\"url\":\"https:\\\/\\\/harleydavidsontoluca.com\\\/shop\\\/producto\\\/camisa-block-font-yarn-dyed-plaid-para-hombre-plaid-cloud-dancer-cinder\\\/\",\"name\":\"CAMISA BLOCK FONT YARN DYED PLAID PARA HOMBRE - PLAID - CLOUD DANCER &amp; CINDER - Tienda oficial H-D Toluca\",\"isPartOf\":{\"@id\":\"https:\\\/\\\/harleydavidsontoluca.com\\\/shop\\\/#website\"},\"primaryImageOfPage\":{\"@id\":\"https:\\\/\\\/harleydavidsontoluca.com\\\/shop\\\/producto\\\/camisa-block-font-yarn-dyed-plaid-para-hombre-plaid-cloud-dancer-cinder\\\/#primaryimage\"},\"image\":{\"@id\":\"https:\\\/\\\/harleydavidsontoluca.com\\\/shop\\\/producto\\\/camisa-block-font-yarn-dyed-plaid-para-hombre-plaid-cloud-dancer-cinder\\\/#primaryimage\"},\"thumbnailUrl\":\"https:\\\/\\\/harleydavidsontoluca.com\\\/shop\\\/wp-content\\\/uploads\\\/2025\\\/11\\\/Web_Photo_Editor-2025-11-15T170013.350.jpg\",\"datePublished\":\"2025-11-15T23:01:08+00:00\",\"dateModified\":\"2026-04-14T18:45:45+00:00\",\"breadcrumb\":{\"@id\":\"https:\\\/\\\/harleydavidsontoluca.com\\\/shop\\\/producto\\\/camisa-block-font-yarn-dyed-plaid-para-hombre-plaid-cloud-dancer-cinder\\\/#breadcrumb\"},\"inLanguage\":\"es\",\"potentialAction\":[{\"@type\":\"ReadAction\",\"target\":[\"https:\\\/\\\/harleydavidsontoluca.com\\\/shop\\\/producto\\\/camisa-block-font-yarn-dyed-plaid-para-hombre-plaid-cloud-dancer-cinder\\\/\"]}]},{\"@type\":\"ImageObject\",\"inLanguage\":\"es\",\"@id\":\"https:\\\/\\\/harleydavidsontoluca.com\\\/shop\\\/producto\\\/camisa-block-font-yarn-dyed-plaid-para-hombre-plaid-cloud-dancer-cinder\\\/#primaryimage\",\"url\":\"https:\\\/\\\/harleydavidsontoluca.com\\\/shop\\\/wp-content\\\/uploads\\\/2025\\\/11\\\/Web_Photo_Editor-2025-11-15T170013.350.jpg\",\"contentUrl\":\"https:\\\/\\\/harleydavidsontoluca.com\\\/shop\\\/wp-content\\\/uploads\\\/2025\\\/11\\\/Web_Photo_Editor-2025-11-15T170013.350.jpg\",\"width\":1080,\"height\":1080},{\"@type\":\"BreadcrumbList\",\"@id\":\"https:\\\/\\\/harleydavidsontoluca.com\\\/shop\\\/producto\\\/camisa-block-font-yarn-dyed-plaid-para-hombre-plaid-cloud-dancer-cinder\\\/#breadcrumb\",\"itemListElement\":[{\"@type\":\"ListItem\",\"position\":1,\"name\":\"Portada\",\"item\":\"https:\\\/\\\/harleydavidsontoluca.com\\\/shop\\\/\"},{\"@type\":\"ListItem\",\"position\":2,\"name\":\"Tienda\",\"item\":\"https:\\\/\\\/harleydavidsontoluca.com\\\/shop\\\/tienda\\\/\"},{\"@type\":\"ListItem\",\"position\":3,\"name\":\"CAMISA BLOCK FONT YARN DYED PLAID PARA HOMBRE &#8211; PLAID &#8211; CLOUD DANCER &amp; CINDER\"}]},{\"@type\":\"WebSite\",\"@id\":\"https:\\\/\\\/harleydavidsontoluca.com\\\/shop\\\/#website\",\"url\":\"https:\\\/\\\/harleydavidsontoluca.com\\\/shop\\\/\",\"name\":\"Shop H-D Toluca\",\"description\":\"Shop H-D Toluca\",\"publisher\":{\"@id\":\"https:\\\/\\\/harleydavidsontoluca.com\\\/shop\\\/#organization\"},\"potentialAction\":[{\"@type\":\"SearchAction\",\"target\":{\"@type\":\"EntryPoint\",\"urlTemplate\":\"https:\\\/\\\/harleydavidsontoluca.com\\\/shop\\\/?s={search_term_string}\"},\"query-input\":{\"@type\":\"PropertyValueSpecification\",\"valueRequired\":true,\"valueName\":\"search_term_string\"}}],\"inLanguage\":\"es\"},{\"@type\":\"Organization\",\"@id\":\"https:\\\/\\\/harleydavidsontoluca.com\\\/shop\\\/#organization\",\"name\":\"Concesionaria Central de Motos\",\"url\":\"https:\\\/\\\/harleydavidsontoluca.com\\\/shop\\\/\",\"logo\":{\"@type\":\"ImageObject\",\"inLanguage\":\"es\",\"@id\":\"https:\\\/\\\/harleydavidsontoluca.com\\\/shop\\\/#\\\/schema\\\/logo\\\/image\\\/\",\"url\":\"https:\\\/\\\/harleydavidsontoluca.com\\\/shop\\\/wp-content\\\/uploads\\\/2024\\\/02\\\/cropped-Logo-512.png\",\"contentUrl\":\"https:\\\/\\\/harleydavidsontoluca.com\\\/shop\\\/wp-content\\\/uploads\\\/2024\\\/02\\\/cropped-Logo-512.png\",\"width\":512,\"height\":512,\"caption\":\"Concesionaria Central de Motos\"},\"image\":{\"@id\":\"https:\\\/\\\/harleydavidsontoluca.com\\\/shop\\\/#\\\/schema\\\/logo\\\/image\\\/\"},\"sameAs\":[\"https:\\\/\\\/www.facebook.com\\\/HarleyDavidsonToluca\",\"https:\\\/\\\/www.instagram.com\\\/hdtoluca\\\/\"]}]}<\/script>\n<!-- \/ Yoast SEO plugin. -->","yoast_head_json":{"title":"CAMISA BLOCK FONT YARN DYED PLAID PARA HOMBRE - PLAID - CLOUD DANCER &amp; CINDER - Tienda oficial H-D Toluca","robots":{"index":"index","follow":"follow","max-snippet":"max-snippet:-1","max-image-preview":"max-image-preview:large","max-video-preview":"max-video-preview:-1"},"canonical":"https:\/\/harleydavidsontoluca.com\/shop\/producto\/camisa-block-font-yarn-dyed-plaid-para-hombre-plaid-cloud-dancer-cinder\/","og_locale":"es_MX","og_type":"article","og_title":"CAMISA BLOCK FONT YARN DYED PLAID PARA HOMBRE - PLAID - CLOUD DANCER &amp; CINDER - Tienda oficial H-D Toluca","og_description":"Materiales: Sarga liviana de 100\u202f% de algod\u00f3n, con proceso de lavado una vez confeccionada la prenda.   Cierre: Botones en la parte delantera.   BOLSILLOS: Bolsillos en el pecho con solapa y bot\u00f3n, con compartimento para bol\u00edgrafo (lado izquierdo).   Detalles de dise\u00f1o: Cuello con broche a presi\u00f3n oculto. Dobladillo redondeado.   Gr\u00e1ficos: Parche de sarga bordado con efecto de pulverizaci\u00f3n.","og_url":"https:\/\/harleydavidsontoluca.com\/shop\/producto\/camisa-block-font-yarn-dyed-plaid-para-hombre-plaid-cloud-dancer-cinder\/","og_site_name":"Tienda oficial H-D Toluca","article_publisher":"https:\/\/www.facebook.com\/HarleyDavidsonToluca","article_modified_time":"2026-04-14T18:45:45+00:00","og_image":[{"width":1080,"height":1080,"url":"https:\/\/harleydavidsontoluca.com\/shop\/wp-content\/uploads\/2025\/11\/Web_Photo_Editor-2025-11-15T170013.350.jpg","type":"image\/jpeg"}],"twitter_card":"summary_large_image","twitter_misc":{"Tiempo de lectura":"1 minuto"},"schema":{"@context":"https:\/\/schema.org","@graph":[{"@type":"WebPage","@id":"https:\/\/harleydavidsontoluca.com\/shop\/producto\/camisa-block-font-yarn-dyed-plaid-para-hombre-plaid-cloud-dancer-cinder\/","url":"https:\/\/harleydavidsontoluca.com\/shop\/producto\/camisa-block-font-yarn-dyed-plaid-para-hombre-plaid-cloud-dancer-cinder\/","name":"CAMISA BLOCK FONT YARN DYED PLAID PARA HOMBRE - PLAID - CLOUD DANCER &amp; CINDER - Tienda oficial H-D Toluca","isPartOf":{"@id":"https:\/\/harleydavidsontoluca.com\/shop\/#website"},"primaryImageOfPage":{"@id":"https:\/\/harleydavidsontoluca.com\/shop\/producto\/camisa-block-font-yarn-dyed-plaid-para-hombre-plaid-cloud-dancer-cinder\/#primaryimage"},"image":{"@id":"https:\/\/harleydavidsontoluca.com\/shop\/producto\/camisa-block-font-yarn-dyed-plaid-para-hombre-plaid-cloud-dancer-cinder\/#primaryimage"},"thumbnailUrl":"https:\/\/harleydavidsontoluca.com\/shop\/wp-content\/uploads\/2025\/11\/Web_Photo_Editor-2025-11-15T170013.350.jpg","datePublished":"2025-11-15T23:01:08+00:00","dateModified":"2026-04-14T18:45:45+00:00","breadcrumb":{"@id":"https:\/\/harleydavidsontoluca.com\/shop\/producto\/camisa-block-font-yarn-dyed-plaid-para-hombre-plaid-cloud-dancer-cinder\/#breadcrumb"},"inLanguage":"es","potentialAction":[{"@type":"ReadAction","target":["https:\/\/harleydavidsontoluca.com\/shop\/producto\/camisa-block-font-yarn-dyed-plaid-para-hombre-plaid-cloud-dancer-cinder\/"]}]},{"@type":"ImageObject","inLanguage":"es","@id":"https:\/\/harleydavidsontoluca.com\/shop\/producto\/camisa-block-font-yarn-dyed-plaid-para-hombre-plaid-cloud-dancer-cinder\/#primaryimage","url":"https:\/\/harleydavidsontoluca.com\/shop\/wp-content\/uploads\/2025\/11\/Web_Photo_Editor-2025-11-15T170013.350.jpg","contentUrl":"https:\/\/harleydavidsontoluca.com\/shop\/wp-content\/uploads\/2025\/11\/Web_Photo_Editor-2025-11-15T170013.350.jpg","width":1080,"height":1080},{"@type":"BreadcrumbList","@id":"https:\/\/harleydavidsontoluca.com\/shop\/producto\/camisa-block-font-yarn-dyed-plaid-para-hombre-plaid-cloud-dancer-cinder\/#breadcrumb","itemListElement":[{"@type":"ListItem","position":1,"name":"Portada","item":"https:\/\/harleydavidsontoluca.com\/shop\/"},{"@type":"ListItem","position":2,"name":"Tienda","item":"https:\/\/harleydavidsontoluca.com\/shop\/tienda\/"},{"@type":"ListItem","position":3,"name":"CAMISA BLOCK FONT YARN DYED PLAID PARA HOMBRE &#8211; PLAID &#8211; CLOUD DANCER &amp; CINDER"}]},{"@type":"WebSite","@id":"https:\/\/harleydavidsontoluca.com\/shop\/#website","url":"https:\/\/harleydavidsontoluca.com\/shop\/","name":"Shop H-D Toluca","description":"Shop H-D Toluca","publisher":{"@id":"https:\/\/harleydavidsontoluca.com\/shop\/#organization"},"potentialAction":[{"@type":"SearchAction","target":{"@type":"EntryPoint","urlTemplate":"https:\/\/harleydavidsontoluca.com\/shop\/?s={search_term_string}"},"query-input":{"@type":"PropertyValueSpecification","valueRequired":true,"valueName":"search_term_string"}}],"inLanguage":"es"},{"@type":"Organization","@id":"https:\/\/harleydavidsontoluca.com\/shop\/#organization","name":"Concesionaria Central de Motos","url":"https:\/\/harleydavidsontoluca.com\/shop\/","logo":{"@type":"ImageObject","inLanguage":"es","@id":"https:\/\/harleydavidsontoluca.com\/shop\/#\/schema\/logo\/image\/","url":"https:\/\/harleydavidsontoluca.com\/shop\/wp-content\/uploads\/2024\/02\/cropped-Logo-512.png","contentUrl":"https:\/\/harleydavidsontoluca.com\/shop\/wp-content\/uploads\/2024\/02\/cropped-Logo-512.png","width":512,"height":512,"caption":"Concesionaria Central de Motos"},"image":{"@id":"https:\/\/harleydavidsontoluca.com\/shop\/#\/schema\/logo\/image\/"},"sameAs":["https:\/\/www.facebook.com\/HarleyDavidsonToluca","https:\/\/www.instagram.com\/hdtoluca\/"]}]}},"_links":{"self":[{"href":"https:\/\/harleydavidsontoluca.com\/shop\/wp-json\/wp\/v2\/product\/48588","targetHints":{"allow":["GET"]}}],"collection":[{"href":"https:\/\/harleydavidsontoluca.com\/shop\/wp-json\/wp\/v2\/product"}],"about":[{"href":"https:\/\/harleydavidsontoluca.com\/shop\/wp-json\/wp\/v2\/types\/product"}],"wp:featuredmedia":[{"embeddable":true,"href":"https:\/\/harleydavidsontoluca.com\/shop\/wp-json\/wp\/v2\/media\/48594"}],"wp:attachment":[{"href":"https:\/\/harleydavidsontoluca.com\/shop\/wp-json\/wp\/v2\/media?parent=48588"}],"wp:term":[{"taxonomy":"product_brand","embeddable":true,"href":"https:\/\/harleydavidsontoluca.com\/shop\/wp-json\/wp\/v2\/product_brand?post=48588"},{"taxonomy":"product_cat","embeddable":true,"href":"https:\/\/harleydavidsontoluca.com\/shop\/wp-json\/wp\/v2\/product_cat?post=48588"},{"taxonomy":"product_tag","embeddable":true,"href":"https:\/\/harleydavidsontoluca.com\/shop\/wp-json\/wp\/v2\/product_tag?post=48588"}],"curies":[{"name":"wp","href":"https:\/\/api.w.org\/{rel}","templated":true}]}}