
{"id":47788,"date":"2025-05-28T12:28:11","date_gmt":"2025-05-28T17:28:11","guid":{"rendered":"https:\/\/harleydavidsontoluca.com\/shop\/?post_type=product&#038;p=47788"},"modified":"2025-05-28T12:28:11","modified_gmt":"2025-05-28T17:28:11","slug":"bandeja-de-drenado-de-aceite","status":"publish","type":"product","link":"https:\/\/harleydavidsontoluca.com\/shop\/producto\/bandeja-de-drenado-de-aceite\/","title":{"rendered":"BANDEJA DE DRENADO DE ACEITE"},"content":{"rendered":"<pre id=\"tw-target-text\" class=\"tw-data-text tw-text-large tw-ta\" dir=\"ltr\" data-placeholder=\"Traducci\u00f3n\" data-ved=\"2ahUKEwikzvqH1MaNAxUCl-4BHZ7uL48Q3ewLegQICRAV\" aria-label=\"Texto traducido: \u2022 Su dise\u00f1o discreto se adapta f\u00e1cilmente a motocicletas de altura est\u00e1ndar y baja, y se desliza debajo de la moto incluso con el caballete lateral.\r\n\u2022 Su capacidad de 10 cuartos permite dos cambios de aceite de motor o el vaciado completo de los fluidos (aceite de motor, aceite primario y transmisi\u00f3n) de una motocicleta.\r\n\u2022 Suficientemente grande para recoger el aceite de toda la longitud de la primaria y con el tama\u00f1o adecuado para sostener y vaciar una tapa de primaria invertida.\r\n\u2022 Cuenta con un compartimento elevado para los herrajes, una superficie de drenaje del filtro y un orificio de ventilaci\u00f3n a presi\u00f3n para evitar derrames de aceite.\r\n\u2022 El aceite usado drenado se sella de forma segura dentro del c\u00e1rter con tapas y tapones de alta calidad.\r\n\u2022 Su pr\u00e1ctica asa de transporte simplifica su transporte.\"><span class=\"Y2IQFc\" lang=\"es\"> Su dise\u00f1o discreto se adapta f\u00e1cilmente a motocicletas de altura est\u00e1ndar y baja, y se desliza debajo de la moto incluso con el caballete lateral.\r\n\u2022 Su capacidad de 10 cuartos permite dos cambios de aceite de motor o el vaciado completo de los fluidos (aceite de motor, aceite primario y transmisi\u00f3n) de una motocicleta.\r\n\u2022 Suficientemente grande para recoger el aceite de toda la longitud de la primaria y con el tama\u00f1o adecuado para sostener y vaciar una tapa de primaria invertida.\r\n\u2022 Cuenta con un compartimento elevado para los herrajes, una superficie de drenaje del filtro y un orificio de ventilaci\u00f3n a presi\u00f3n para evitar derrames de aceite.\r\n\u2022 El aceite usado drenado se sella de forma segura dentro del c\u00e1rter con tapas y tapones de alta calidad.<\/span><\/pre>\n","protected":false},"excerpt":{"rendered":"<p>Disminuye el desorden y la necesidad de limpiar cuando cambias los l\u00edquidos de tu motocicleta. Esta bandeja de drenado reutilizable est\u00e1 dise\u00f1ada espec\u00edficamente para ser utilizada con las motocicletas Harley-Davidson<sup>\u00ae<\/sup>.<\/p>\n","protected":false},"featured_media":47791,"template":"","meta":[],"product_brand":[],"product_cat":[83],"product_tag":[],"class_list":{"0":"post-47788","1":"product","2":"type-product","3":"status-publish","4":"has-post-thumbnail","6":"product_cat-partesyaccesoriosparamotos","8":"first","9":"instock","10":"taxable","11":"shipping-taxable","12":"purchasable","13":"product-type-simple"},"yoast_head":"<!-- This site is optimized with the Yoast SEO plugin v27.4 - https:\/\/yoast.com\/product\/yoast-seo-wordpress\/ -->\n<title>BANDEJA DE DRENADO DE ACEITE - Tienda oficial H-D Toluca<\/title>\n<meta name=\"robots\" content=\"index, follow, max-snippet:-1, max-image-preview:large, max-video-preview:-1\" \/>\n<link rel=\"canonical\" href=\"https:\/\/harleydavidsontoluca.com\/shop\/producto\/bandeja-de-drenado-de-aceite\/\" \/>\n<meta property=\"og:locale\" content=\"es_MX\" \/>\n<meta property=\"og:type\" content=\"article\" \/>\n<meta property=\"og:title\" content=\"BANDEJA DE DRENADO DE ACEITE - Tienda oficial H-D Toluca\" \/>\n<meta property=\"og:description\" content=\"Disminuye el desorden y la necesidad de limpiar cuando cambias los l\u00edquidos de tu motocicleta. Esta bandeja de drenado reutilizable est\u00e1 dise\u00f1ada espec\u00edficamente para ser utilizada con las motocicletas Harley-Davidson\u00ae.\" \/>\n<meta property=\"og:url\" content=\"https:\/\/harleydavidsontoluca.com\/shop\/producto\/bandeja-de-drenado-de-aceite\/\" \/>\n<meta property=\"og:site_name\" content=\"Tienda oficial H-D Toluca\" \/>\n<meta property=\"article:publisher\" content=\"https:\/\/www.facebook.com\/HarleyDavidsonToluca\" \/>\n<meta property=\"og:image\" content=\"https:\/\/harleydavidsontoluca.com\/shop\/wp-content\/uploads\/2025\/05\/Untitled-Project-2025-05-28T122651.393.jpg\" \/>\n\t<meta property=\"og:image:width\" content=\"1080\" \/>\n\t<meta property=\"og:image:height\" content=\"1080\" \/>\n\t<meta property=\"og:image:type\" content=\"image\/jpeg\" \/>\n<meta name=\"twitter:card\" content=\"summary_large_image\" \/>\n<meta name=\"twitter:label1\" content=\"Tiempo de lectura\" \/>\n\t<meta name=\"twitter:data1\" content=\"1 minuto\" \/>\n<script type=\"application\/ld+json\" class=\"yoast-schema-graph\">{\"@context\":\"https:\\\/\\\/schema.org\",\"@graph\":[{\"@type\":\"WebPage\",\"@id\":\"https:\\\/\\\/harleydavidsontoluca.com\\\/shop\\\/producto\\\/bandeja-de-drenado-de-aceite\\\/\",\"url\":\"https:\\\/\\\/harleydavidsontoluca.com\\\/shop\\\/producto\\\/bandeja-de-drenado-de-aceite\\\/\",\"name\":\"BANDEJA DE DRENADO DE ACEITE - Tienda oficial H-D Toluca\",\"isPartOf\":{\"@id\":\"https:\\\/\\\/harleydavidsontoluca.com\\\/shop\\\/#website\"},\"primaryImageOfPage\":{\"@id\":\"https:\\\/\\\/harleydavidsontoluca.com\\\/shop\\\/producto\\\/bandeja-de-drenado-de-aceite\\\/#primaryimage\"},\"image\":{\"@id\":\"https:\\\/\\\/harleydavidsontoluca.com\\\/shop\\\/producto\\\/bandeja-de-drenado-de-aceite\\\/#primaryimage\"},\"thumbnailUrl\":\"https:\\\/\\\/harleydavidsontoluca.com\\\/shop\\\/wp-content\\\/uploads\\\/2025\\\/05\\\/Untitled-Project-2025-05-28T122651.393.jpg\",\"datePublished\":\"2025-05-28T17:28:11+00:00\",\"breadcrumb\":{\"@id\":\"https:\\\/\\\/harleydavidsontoluca.com\\\/shop\\\/producto\\\/bandeja-de-drenado-de-aceite\\\/#breadcrumb\"},\"inLanguage\":\"es\",\"potentialAction\":[{\"@type\":\"ReadAction\",\"target\":[\"https:\\\/\\\/harleydavidsontoluca.com\\\/shop\\\/producto\\\/bandeja-de-drenado-de-aceite\\\/\"]}]},{\"@type\":\"ImageObject\",\"inLanguage\":\"es\",\"@id\":\"https:\\\/\\\/harleydavidsontoluca.com\\\/shop\\\/producto\\\/bandeja-de-drenado-de-aceite\\\/#primaryimage\",\"url\":\"https:\\\/\\\/harleydavidsontoluca.com\\\/shop\\\/wp-content\\\/uploads\\\/2025\\\/05\\\/Untitled-Project-2025-05-28T122651.393.jpg\",\"contentUrl\":\"https:\\\/\\\/harleydavidsontoluca.com\\\/shop\\\/wp-content\\\/uploads\\\/2025\\\/05\\\/Untitled-Project-2025-05-28T122651.393.jpg\",\"width\":1080,\"height\":1080},{\"@type\":\"BreadcrumbList\",\"@id\":\"https:\\\/\\\/harleydavidsontoluca.com\\\/shop\\\/producto\\\/bandeja-de-drenado-de-aceite\\\/#breadcrumb\",\"itemListElement\":[{\"@type\":\"ListItem\",\"position\":1,\"name\":\"Portada\",\"item\":\"https:\\\/\\\/harleydavidsontoluca.com\\\/shop\\\/\"},{\"@type\":\"ListItem\",\"position\":2,\"name\":\"Tienda\",\"item\":\"https:\\\/\\\/harleydavidsontoluca.com\\\/shop\\\/tienda\\\/\"},{\"@type\":\"ListItem\",\"position\":3,\"name\":\"BANDEJA DE DRENADO DE ACEITE\"}]},{\"@type\":\"WebSite\",\"@id\":\"https:\\\/\\\/harleydavidsontoluca.com\\\/shop\\\/#website\",\"url\":\"https:\\\/\\\/harleydavidsontoluca.com\\\/shop\\\/\",\"name\":\"Shop H-D Toluca\",\"description\":\"Shop H-D Toluca\",\"publisher\":{\"@id\":\"https:\\\/\\\/harleydavidsontoluca.com\\\/shop\\\/#organization\"},\"potentialAction\":[{\"@type\":\"SearchAction\",\"target\":{\"@type\":\"EntryPoint\",\"urlTemplate\":\"https:\\\/\\\/harleydavidsontoluca.com\\\/shop\\\/?s={search_term_string}\"},\"query-input\":{\"@type\":\"PropertyValueSpecification\",\"valueRequired\":true,\"valueName\":\"search_term_string\"}}],\"inLanguage\":\"es\"},{\"@type\":\"Organization\",\"@id\":\"https:\\\/\\\/harleydavidsontoluca.com\\\/shop\\\/#organization\",\"name\":\"Concesionaria Central de Motos\",\"url\":\"https:\\\/\\\/harleydavidsontoluca.com\\\/shop\\\/\",\"logo\":{\"@type\":\"ImageObject\",\"inLanguage\":\"es\",\"@id\":\"https:\\\/\\\/harleydavidsontoluca.com\\\/shop\\\/#\\\/schema\\\/logo\\\/image\\\/\",\"url\":\"https:\\\/\\\/harleydavidsontoluca.com\\\/shop\\\/wp-content\\\/uploads\\\/2024\\\/02\\\/cropped-Logo-512.png\",\"contentUrl\":\"https:\\\/\\\/harleydavidsontoluca.com\\\/shop\\\/wp-content\\\/uploads\\\/2024\\\/02\\\/cropped-Logo-512.png\",\"width\":512,\"height\":512,\"caption\":\"Concesionaria Central de Motos\"},\"image\":{\"@id\":\"https:\\\/\\\/harleydavidsontoluca.com\\\/shop\\\/#\\\/schema\\\/logo\\\/image\\\/\"},\"sameAs\":[\"https:\\\/\\\/www.facebook.com\\\/HarleyDavidsonToluca\",\"https:\\\/\\\/www.instagram.com\\\/hdtoluca\\\/\"]}]}<\/script>\n<!-- \/ Yoast SEO plugin. -->","yoast_head_json":{"title":"BANDEJA DE DRENADO DE ACEITE - Tienda oficial H-D Toluca","robots":{"index":"index","follow":"follow","max-snippet":"max-snippet:-1","max-image-preview":"max-image-preview:large","max-video-preview":"max-video-preview:-1"},"canonical":"https:\/\/harleydavidsontoluca.com\/shop\/producto\/bandeja-de-drenado-de-aceite\/","og_locale":"es_MX","og_type":"article","og_title":"BANDEJA DE DRENADO DE ACEITE - Tienda oficial H-D Toluca","og_description":"Disminuye el desorden y la necesidad de limpiar cuando cambias los l\u00edquidos de tu motocicleta. Esta bandeja de drenado reutilizable est\u00e1 dise\u00f1ada espec\u00edficamente para ser utilizada con las motocicletas Harley-Davidson\u00ae.","og_url":"https:\/\/harleydavidsontoluca.com\/shop\/producto\/bandeja-de-drenado-de-aceite\/","og_site_name":"Tienda oficial H-D Toluca","article_publisher":"https:\/\/www.facebook.com\/HarleyDavidsonToluca","og_image":[{"width":1080,"height":1080,"url":"https:\/\/harleydavidsontoluca.com\/shop\/wp-content\/uploads\/2025\/05\/Untitled-Project-2025-05-28T122651.393.jpg","type":"image\/jpeg"}],"twitter_card":"summary_large_image","twitter_misc":{"Tiempo de lectura":"1 minuto"},"schema":{"@context":"https:\/\/schema.org","@graph":[{"@type":"WebPage","@id":"https:\/\/harleydavidsontoluca.com\/shop\/producto\/bandeja-de-drenado-de-aceite\/","url":"https:\/\/harleydavidsontoluca.com\/shop\/producto\/bandeja-de-drenado-de-aceite\/","name":"BANDEJA DE DRENADO DE ACEITE - Tienda oficial H-D Toluca","isPartOf":{"@id":"https:\/\/harleydavidsontoluca.com\/shop\/#website"},"primaryImageOfPage":{"@id":"https:\/\/harleydavidsontoluca.com\/shop\/producto\/bandeja-de-drenado-de-aceite\/#primaryimage"},"image":{"@id":"https:\/\/harleydavidsontoluca.com\/shop\/producto\/bandeja-de-drenado-de-aceite\/#primaryimage"},"thumbnailUrl":"https:\/\/harleydavidsontoluca.com\/shop\/wp-content\/uploads\/2025\/05\/Untitled-Project-2025-05-28T122651.393.jpg","datePublished":"2025-05-28T17:28:11+00:00","breadcrumb":{"@id":"https:\/\/harleydavidsontoluca.com\/shop\/producto\/bandeja-de-drenado-de-aceite\/#breadcrumb"},"inLanguage":"es","potentialAction":[{"@type":"ReadAction","target":["https:\/\/harleydavidsontoluca.com\/shop\/producto\/bandeja-de-drenado-de-aceite\/"]}]},{"@type":"ImageObject","inLanguage":"es","@id":"https:\/\/harleydavidsontoluca.com\/shop\/producto\/bandeja-de-drenado-de-aceite\/#primaryimage","url":"https:\/\/harleydavidsontoluca.com\/shop\/wp-content\/uploads\/2025\/05\/Untitled-Project-2025-05-28T122651.393.jpg","contentUrl":"https:\/\/harleydavidsontoluca.com\/shop\/wp-content\/uploads\/2025\/05\/Untitled-Project-2025-05-28T122651.393.jpg","width":1080,"height":1080},{"@type":"BreadcrumbList","@id":"https:\/\/harleydavidsontoluca.com\/shop\/producto\/bandeja-de-drenado-de-aceite\/#breadcrumb","itemListElement":[{"@type":"ListItem","position":1,"name":"Portada","item":"https:\/\/harleydavidsontoluca.com\/shop\/"},{"@type":"ListItem","position":2,"name":"Tienda","item":"https:\/\/harleydavidsontoluca.com\/shop\/tienda\/"},{"@type":"ListItem","position":3,"name":"BANDEJA DE DRENADO DE ACEITE"}]},{"@type":"WebSite","@id":"https:\/\/harleydavidsontoluca.com\/shop\/#website","url":"https:\/\/harleydavidsontoluca.com\/shop\/","name":"Shop H-D Toluca","description":"Shop H-D Toluca","publisher":{"@id":"https:\/\/harleydavidsontoluca.com\/shop\/#organization"},"potentialAction":[{"@type":"SearchAction","target":{"@type":"EntryPoint","urlTemplate":"https:\/\/harleydavidsontoluca.com\/shop\/?s={search_term_string}"},"query-input":{"@type":"PropertyValueSpecification","valueRequired":true,"valueName":"search_term_string"}}],"inLanguage":"es"},{"@type":"Organization","@id":"https:\/\/harleydavidsontoluca.com\/shop\/#organization","name":"Concesionaria Central de Motos","url":"https:\/\/harleydavidsontoluca.com\/shop\/","logo":{"@type":"ImageObject","inLanguage":"es","@id":"https:\/\/harleydavidsontoluca.com\/shop\/#\/schema\/logo\/image\/","url":"https:\/\/harleydavidsontoluca.com\/shop\/wp-content\/uploads\/2024\/02\/cropped-Logo-512.png","contentUrl":"https:\/\/harleydavidsontoluca.com\/shop\/wp-content\/uploads\/2024\/02\/cropped-Logo-512.png","width":512,"height":512,"caption":"Concesionaria Central de Motos"},"image":{"@id":"https:\/\/harleydavidsontoluca.com\/shop\/#\/schema\/logo\/image\/"},"sameAs":["https:\/\/www.facebook.com\/HarleyDavidsonToluca","https:\/\/www.instagram.com\/hdtoluca\/"]}]}},"_links":{"self":[{"href":"https:\/\/harleydavidsontoluca.com\/shop\/wp-json\/wp\/v2\/product\/47788","targetHints":{"allow":["GET"]}}],"collection":[{"href":"https:\/\/harleydavidsontoluca.com\/shop\/wp-json\/wp\/v2\/product"}],"about":[{"href":"https:\/\/harleydavidsontoluca.com\/shop\/wp-json\/wp\/v2\/types\/product"}],"wp:featuredmedia":[{"embeddable":true,"href":"https:\/\/harleydavidsontoluca.com\/shop\/wp-json\/wp\/v2\/media\/47791"}],"wp:attachment":[{"href":"https:\/\/harleydavidsontoluca.com\/shop\/wp-json\/wp\/v2\/media?parent=47788"}],"wp:term":[{"taxonomy":"product_brand","embeddable":true,"href":"https:\/\/harleydavidsontoluca.com\/shop\/wp-json\/wp\/v2\/product_brand?post=47788"},{"taxonomy":"product_cat","embeddable":true,"href":"https:\/\/harleydavidsontoluca.com\/shop\/wp-json\/wp\/v2\/product_cat?post=47788"},{"taxonomy":"product_tag","embeddable":true,"href":"https:\/\/harleydavidsontoluca.com\/shop\/wp-json\/wp\/v2\/product_tag?post=47788"}],"curies":[{"name":"wp","href":"https:\/\/api.w.org\/{rel}","templated":true}]}}