
{"id":47648,"date":"2025-04-30T15:38:43","date_gmt":"2025-04-30T21:38:43","guid":{"rendered":"https:\/\/harleydavidsontoluca.com\/shop\/?post_type=product&#038;p=47648"},"modified":"2026-04-10T13:29:07","modified_gmt":"2026-04-10T19:29:07","slug":"casco-h-d-division-x15","status":"publish","type":"product","link":"https:\/\/harleydavidsontoluca.com\/shop\/producto\/casco-h-d-division-x15\/","title":{"rendered":"CASCO H-D DIVISION X15"},"content":{"rendered":"<div class=\"mt-3\">\u2022\u00a0<span class=\"b2\">Peso aproximado:\u00a0<\/span>0,9\u00a0k. 15 \u00be oz o 1,350 gramos.<\/div>\n<div class=\"mt-3\">\u2022\u00a0<span class=\"b2\">Construcci\u00f3n del casco:\u00a0<\/span>Carcasa de fibra de vidrio preimpregnada. Correa de barbilla de doble anillo en D de acero inoxidable.<\/div>\n<div class=\"mt-3\">\u2022\u00a0<span class=\"b2\">Mantente fresco:\u00a0<\/span>Ventilaciones ajustables en el ment\u00f3n, la parte superior y el aler\u00f3n en la parte posterior del casco.<\/div>\n<div class=\"mt-3\">\u2022\u00a0<span class=\"b2\">Interior y forros:\u00a0<\/span>C\u00f3modo forro desmontable, lavable y que absorbe la humedad.<\/div>\n<div class=\"mt-3\">\u2022\u00a0<span class=\"b2\">CARACTER\u00cdSTICAS_ADICIONALES:\u00a0<\/span>La cubierta de bajo perfil de dise\u00f1o aerodin\u00e1mico minimiza el levante y la turbulencia para lograr un manejo m\u00e1s suave, m\u00e1s silencioso y m\u00e1s estable. Sistema sin herramientas para retirar el protector para la cara. Nuevo sistema de trinquete para asegurar el protector de la cara a la visera, lo que garantiza un sello adecuado. El protector para la cara tiene una tecnolog\u00eda antiniebla de primer nivel y protecci\u00f3n contra UVA\/UVB.<\/div>\n<div class=\"mt-3\">\u2022\u00a0<span class=\"b2\">Fabricante y homologaci\u00f3n:\u00a0<\/span>Scorpion ((Kido Sports Co., Ltd). Certificaci\u00f3n doble q<\/div>\n","protected":false},"excerpt":{"rendered":"<p>Un favorito de m\u00e1xima cobertura que celebra el legado creativo de Willie G. Davidson en nuestro Casco H-D Division X15 Full Face Skull Graphic. Su cubierta de bajo perfil est\u00e1 dise\u00f1ada para minimizar el levante y la turbulencia y lograr un manejo m\u00e1s suave, m\u00e1s silencioso y m\u00e1s estable. A eso, agr\u00e9gale un pr\u00e1ctico sistema sin herramientas para el protector de la cara, un sistema con trinquete que asegura el protector de la cara a la visera y una visi\u00f3n m\u00e1s clara con una tecnolog\u00eda antiniebla avanzada.<\/p>\n","protected":false},"featured_media":47655,"template":"","meta":[],"product_brand":[],"product_cat":[45,24],"product_tag":[],"class_list":{"0":"post-47648","1":"product","2":"type-product","3":"status-publish","4":"has-post-thumbnail","6":"product_cat-cascos","7":"product_cat-hombre","8":"pa_talla-l","9":"pa_talla-m","10":"pa_talla-s","11":"pa_talla-xxl","13":"first","14":"instock","15":"taxable","16":"shipping-taxable","17":"purchasable","18":"product-type-variable"},"yoast_head":"<!-- This site is optimized with the Yoast SEO plugin v27.4 - https:\/\/yoast.com\/product\/yoast-seo-wordpress\/ -->\n<title>CASCO H-D DIVISION X15 - Tienda oficial H-D Toluca<\/title>\n<meta name=\"robots\" content=\"index, follow, max-snippet:-1, max-image-preview:large, max-video-preview:-1\" \/>\n<link rel=\"canonical\" href=\"https:\/\/harleydavidsontoluca.com\/shop\/producto\/casco-h-d-division-x15\/\" \/>\n<meta property=\"og:locale\" content=\"es_MX\" \/>\n<meta property=\"og:type\" content=\"article\" \/>\n<meta property=\"og:title\" content=\"CASCO H-D DIVISION X15 - Tienda oficial H-D Toluca\" \/>\n<meta property=\"og:description\" content=\"Un favorito de m\u00e1xima cobertura que celebra el legado creativo de Willie G. Davidson en nuestro Casco H-D Division X15 Full Face Skull Graphic. Su cubierta de bajo perfil est\u00e1 dise\u00f1ada para minimizar el levante y la turbulencia y lograr un manejo m\u00e1s suave, m\u00e1s silencioso y m\u00e1s estable. A eso, agr\u00e9gale un pr\u00e1ctico sistema sin herramientas para el protector de la cara, un sistema con trinquete que asegura el protector de la cara a la visera y una visi\u00f3n m\u00e1s clara con una tecnolog\u00eda antiniebla avanzada.\" \/>\n<meta property=\"og:url\" content=\"https:\/\/harleydavidsontoluca.com\/shop\/producto\/casco-h-d-division-x15\/\" \/>\n<meta property=\"og:site_name\" content=\"Tienda oficial H-D Toluca\" \/>\n<meta property=\"article:publisher\" content=\"https:\/\/www.facebook.com\/HarleyDavidsonToluca\" \/>\n<meta property=\"article:modified_time\" content=\"2026-04-10T19:29:07+00:00\" \/>\n<meta property=\"og:image\" content=\"https:\/\/harleydavidsontoluca.com\/shop\/wp-content\/uploads\/2025\/04\/Untitled-Project-2025-04-30T163712.791.jpg\" \/>\n\t<meta property=\"og:image:width\" content=\"1080\" \/>\n\t<meta property=\"og:image:height\" content=\"1080\" \/>\n\t<meta property=\"og:image:type\" content=\"image\/jpeg\" \/>\n<meta name=\"twitter:card\" content=\"summary_large_image\" \/>\n<meta name=\"twitter:label1\" content=\"Tiempo de lectura\" \/>\n\t<meta name=\"twitter:data1\" content=\"1 minuto\" \/>\n<script type=\"application\/ld+json\" class=\"yoast-schema-graph\">{\"@context\":\"https:\\\/\\\/schema.org\",\"@graph\":[{\"@type\":\"WebPage\",\"@id\":\"https:\\\/\\\/harleydavidsontoluca.com\\\/shop\\\/producto\\\/casco-h-d-division-x15\\\/\",\"url\":\"https:\\\/\\\/harleydavidsontoluca.com\\\/shop\\\/producto\\\/casco-h-d-division-x15\\\/\",\"name\":\"CASCO H-D DIVISION X15 - Tienda oficial H-D Toluca\",\"isPartOf\":{\"@id\":\"https:\\\/\\\/harleydavidsontoluca.com\\\/shop\\\/#website\"},\"primaryImageOfPage\":{\"@id\":\"https:\\\/\\\/harleydavidsontoluca.com\\\/shop\\\/producto\\\/casco-h-d-division-x15\\\/#primaryimage\"},\"image\":{\"@id\":\"https:\\\/\\\/harleydavidsontoluca.com\\\/shop\\\/producto\\\/casco-h-d-division-x15\\\/#primaryimage\"},\"thumbnailUrl\":\"https:\\\/\\\/harleydavidsontoluca.com\\\/shop\\\/wp-content\\\/uploads\\\/2025\\\/04\\\/Untitled-Project-2025-04-30T163712.791.jpg\",\"datePublished\":\"2025-04-30T21:38:43+00:00\",\"dateModified\":\"2026-04-10T19:29:07+00:00\",\"breadcrumb\":{\"@id\":\"https:\\\/\\\/harleydavidsontoluca.com\\\/shop\\\/producto\\\/casco-h-d-division-x15\\\/#breadcrumb\"},\"inLanguage\":\"es\",\"potentialAction\":[{\"@type\":\"ReadAction\",\"target\":[\"https:\\\/\\\/harleydavidsontoluca.com\\\/shop\\\/producto\\\/casco-h-d-division-x15\\\/\"]}]},{\"@type\":\"ImageObject\",\"inLanguage\":\"es\",\"@id\":\"https:\\\/\\\/harleydavidsontoluca.com\\\/shop\\\/producto\\\/casco-h-d-division-x15\\\/#primaryimage\",\"url\":\"https:\\\/\\\/harleydavidsontoluca.com\\\/shop\\\/wp-content\\\/uploads\\\/2025\\\/04\\\/Untitled-Project-2025-04-30T163712.791.jpg\",\"contentUrl\":\"https:\\\/\\\/harleydavidsontoluca.com\\\/shop\\\/wp-content\\\/uploads\\\/2025\\\/04\\\/Untitled-Project-2025-04-30T163712.791.jpg\",\"width\":1080,\"height\":1080},{\"@type\":\"BreadcrumbList\",\"@id\":\"https:\\\/\\\/harleydavidsontoluca.com\\\/shop\\\/producto\\\/casco-h-d-division-x15\\\/#breadcrumb\",\"itemListElement\":[{\"@type\":\"ListItem\",\"position\":1,\"name\":\"Portada\",\"item\":\"https:\\\/\\\/harleydavidsontoluca.com\\\/shop\\\/\"},{\"@type\":\"ListItem\",\"position\":2,\"name\":\"Tienda\",\"item\":\"https:\\\/\\\/harleydavidsontoluca.com\\\/shop\\\/tienda\\\/\"},{\"@type\":\"ListItem\",\"position\":3,\"name\":\"CASCO H-D DIVISION X15\"}]},{\"@type\":\"WebSite\",\"@id\":\"https:\\\/\\\/harleydavidsontoluca.com\\\/shop\\\/#website\",\"url\":\"https:\\\/\\\/harleydavidsontoluca.com\\\/shop\\\/\",\"name\":\"Shop H-D Toluca\",\"description\":\"Shop H-D Toluca\",\"publisher\":{\"@id\":\"https:\\\/\\\/harleydavidsontoluca.com\\\/shop\\\/#organization\"},\"potentialAction\":[{\"@type\":\"SearchAction\",\"target\":{\"@type\":\"EntryPoint\",\"urlTemplate\":\"https:\\\/\\\/harleydavidsontoluca.com\\\/shop\\\/?s={search_term_string}\"},\"query-input\":{\"@type\":\"PropertyValueSpecification\",\"valueRequired\":true,\"valueName\":\"search_term_string\"}}],\"inLanguage\":\"es\"},{\"@type\":\"Organization\",\"@id\":\"https:\\\/\\\/harleydavidsontoluca.com\\\/shop\\\/#organization\",\"name\":\"Concesionaria Central de Motos\",\"url\":\"https:\\\/\\\/harleydavidsontoluca.com\\\/shop\\\/\",\"logo\":{\"@type\":\"ImageObject\",\"inLanguage\":\"es\",\"@id\":\"https:\\\/\\\/harleydavidsontoluca.com\\\/shop\\\/#\\\/schema\\\/logo\\\/image\\\/\",\"url\":\"https:\\\/\\\/harleydavidsontoluca.com\\\/shop\\\/wp-content\\\/uploads\\\/2024\\\/02\\\/cropped-Logo-512.png\",\"contentUrl\":\"https:\\\/\\\/harleydavidsontoluca.com\\\/shop\\\/wp-content\\\/uploads\\\/2024\\\/02\\\/cropped-Logo-512.png\",\"width\":512,\"height\":512,\"caption\":\"Concesionaria Central de Motos\"},\"image\":{\"@id\":\"https:\\\/\\\/harleydavidsontoluca.com\\\/shop\\\/#\\\/schema\\\/logo\\\/image\\\/\"},\"sameAs\":[\"https:\\\/\\\/www.facebook.com\\\/HarleyDavidsonToluca\",\"https:\\\/\\\/www.instagram.com\\\/hdtoluca\\\/\"]}]}<\/script>\n<!-- \/ Yoast SEO plugin. -->","yoast_head_json":{"title":"CASCO H-D DIVISION X15 - Tienda oficial H-D Toluca","robots":{"index":"index","follow":"follow","max-snippet":"max-snippet:-1","max-image-preview":"max-image-preview:large","max-video-preview":"max-video-preview:-1"},"canonical":"https:\/\/harleydavidsontoluca.com\/shop\/producto\/casco-h-d-division-x15\/","og_locale":"es_MX","og_type":"article","og_title":"CASCO H-D DIVISION X15 - Tienda oficial H-D Toluca","og_description":"Un favorito de m\u00e1xima cobertura que celebra el legado creativo de Willie G. Davidson en nuestro Casco H-D Division X15 Full Face Skull Graphic. Su cubierta de bajo perfil est\u00e1 dise\u00f1ada para minimizar el levante y la turbulencia y lograr un manejo m\u00e1s suave, m\u00e1s silencioso y m\u00e1s estable. A eso, agr\u00e9gale un pr\u00e1ctico sistema sin herramientas para el protector de la cara, un sistema con trinquete que asegura el protector de la cara a la visera y una visi\u00f3n m\u00e1s clara con una tecnolog\u00eda antiniebla avanzada.","og_url":"https:\/\/harleydavidsontoluca.com\/shop\/producto\/casco-h-d-division-x15\/","og_site_name":"Tienda oficial H-D Toluca","article_publisher":"https:\/\/www.facebook.com\/HarleyDavidsonToluca","article_modified_time":"2026-04-10T19:29:07+00:00","og_image":[{"width":1080,"height":1080,"url":"https:\/\/harleydavidsontoluca.com\/shop\/wp-content\/uploads\/2025\/04\/Untitled-Project-2025-04-30T163712.791.jpg","type":"image\/jpeg"}],"twitter_card":"summary_large_image","twitter_misc":{"Tiempo de lectura":"1 minuto"},"schema":{"@context":"https:\/\/schema.org","@graph":[{"@type":"WebPage","@id":"https:\/\/harleydavidsontoluca.com\/shop\/producto\/casco-h-d-division-x15\/","url":"https:\/\/harleydavidsontoluca.com\/shop\/producto\/casco-h-d-division-x15\/","name":"CASCO H-D DIVISION X15 - Tienda oficial H-D Toluca","isPartOf":{"@id":"https:\/\/harleydavidsontoluca.com\/shop\/#website"},"primaryImageOfPage":{"@id":"https:\/\/harleydavidsontoluca.com\/shop\/producto\/casco-h-d-division-x15\/#primaryimage"},"image":{"@id":"https:\/\/harleydavidsontoluca.com\/shop\/producto\/casco-h-d-division-x15\/#primaryimage"},"thumbnailUrl":"https:\/\/harleydavidsontoluca.com\/shop\/wp-content\/uploads\/2025\/04\/Untitled-Project-2025-04-30T163712.791.jpg","datePublished":"2025-04-30T21:38:43+00:00","dateModified":"2026-04-10T19:29:07+00:00","breadcrumb":{"@id":"https:\/\/harleydavidsontoluca.com\/shop\/producto\/casco-h-d-division-x15\/#breadcrumb"},"inLanguage":"es","potentialAction":[{"@type":"ReadAction","target":["https:\/\/harleydavidsontoluca.com\/shop\/producto\/casco-h-d-division-x15\/"]}]},{"@type":"ImageObject","inLanguage":"es","@id":"https:\/\/harleydavidsontoluca.com\/shop\/producto\/casco-h-d-division-x15\/#primaryimage","url":"https:\/\/harleydavidsontoluca.com\/shop\/wp-content\/uploads\/2025\/04\/Untitled-Project-2025-04-30T163712.791.jpg","contentUrl":"https:\/\/harleydavidsontoluca.com\/shop\/wp-content\/uploads\/2025\/04\/Untitled-Project-2025-04-30T163712.791.jpg","width":1080,"height":1080},{"@type":"BreadcrumbList","@id":"https:\/\/harleydavidsontoluca.com\/shop\/producto\/casco-h-d-division-x15\/#breadcrumb","itemListElement":[{"@type":"ListItem","position":1,"name":"Portada","item":"https:\/\/harleydavidsontoluca.com\/shop\/"},{"@type":"ListItem","position":2,"name":"Tienda","item":"https:\/\/harleydavidsontoluca.com\/shop\/tienda\/"},{"@type":"ListItem","position":3,"name":"CASCO H-D DIVISION X15"}]},{"@type":"WebSite","@id":"https:\/\/harleydavidsontoluca.com\/shop\/#website","url":"https:\/\/harleydavidsontoluca.com\/shop\/","name":"Shop H-D Toluca","description":"Shop H-D Toluca","publisher":{"@id":"https:\/\/harleydavidsontoluca.com\/shop\/#organization"},"potentialAction":[{"@type":"SearchAction","target":{"@type":"EntryPoint","urlTemplate":"https:\/\/harleydavidsontoluca.com\/shop\/?s={search_term_string}"},"query-input":{"@type":"PropertyValueSpecification","valueRequired":true,"valueName":"search_term_string"}}],"inLanguage":"es"},{"@type":"Organization","@id":"https:\/\/harleydavidsontoluca.com\/shop\/#organization","name":"Concesionaria Central de Motos","url":"https:\/\/harleydavidsontoluca.com\/shop\/","logo":{"@type":"ImageObject","inLanguage":"es","@id":"https:\/\/harleydavidsontoluca.com\/shop\/#\/schema\/logo\/image\/","url":"https:\/\/harleydavidsontoluca.com\/shop\/wp-content\/uploads\/2024\/02\/cropped-Logo-512.png","contentUrl":"https:\/\/harleydavidsontoluca.com\/shop\/wp-content\/uploads\/2024\/02\/cropped-Logo-512.png","width":512,"height":512,"caption":"Concesionaria Central de Motos"},"image":{"@id":"https:\/\/harleydavidsontoluca.com\/shop\/#\/schema\/logo\/image\/"},"sameAs":["https:\/\/www.facebook.com\/HarleyDavidsonToluca","https:\/\/www.instagram.com\/hdtoluca\/"]}]}},"_links":{"self":[{"href":"https:\/\/harleydavidsontoluca.com\/shop\/wp-json\/wp\/v2\/product\/47648","targetHints":{"allow":["GET"]}}],"collection":[{"href":"https:\/\/harleydavidsontoluca.com\/shop\/wp-json\/wp\/v2\/product"}],"about":[{"href":"https:\/\/harleydavidsontoluca.com\/shop\/wp-json\/wp\/v2\/types\/product"}],"wp:featuredmedia":[{"embeddable":true,"href":"https:\/\/harleydavidsontoluca.com\/shop\/wp-json\/wp\/v2\/media\/47655"}],"wp:attachment":[{"href":"https:\/\/harleydavidsontoluca.com\/shop\/wp-json\/wp\/v2\/media?parent=47648"}],"wp:term":[{"taxonomy":"product_brand","embeddable":true,"href":"https:\/\/harleydavidsontoluca.com\/shop\/wp-json\/wp\/v2\/product_brand?post=47648"},{"taxonomy":"product_cat","embeddable":true,"href":"https:\/\/harleydavidsontoluca.com\/shop\/wp-json\/wp\/v2\/product_cat?post=47648"},{"taxonomy":"product_tag","embeddable":true,"href":"https:\/\/harleydavidsontoluca.com\/shop\/wp-json\/wp\/v2\/product_tag?post=47648"}],"curies":[{"name":"wp","href":"https:\/\/api.w.org\/{rel}","templated":true}]}}