
{"id":47006,"date":"2025-02-12T14:14:39","date_gmt":"2025-02-12T20:14:39","guid":{"rendered":"https:\/\/harleydavidsontoluca.com\/shop\/?post_type=product&#038;p=47006"},"modified":"2026-02-05T11:19:49","modified_gmt":"2026-02-05T17:19:49","slug":"casco-harley-davidson-evo-x17-sunshield-modular","status":"publish","type":"product","link":"https:\/\/harleydavidsontoluca.com\/shop\/producto\/casco-harley-davidson-evo-x17-sunshield-modular\/","title":{"rendered":"CASCO HARLEY-DAVIDSON EVO X17 SUNSHIELD MODULAR"},"content":{"rendered":"<div class=\"mt-3\">\u2022\u00a0<span class=\"b2\">Average Weight:\u00a0<\/span>1,3\u00a0k. 12 6\/8 onzas o 1,720 gramos<\/div>\n<div class=\"mt-3\">\u2022\u00a0<span class=\"b2\">Helmet Construction:\u00a0<\/span>Carcasa termopl\u00e1stica. Correa de ment\u00f3n con doble anillo en D<\/div>\n<div class=\"mt-3\">\u2022\u00a0<span class=\"b2\">Stay Cool:\u00a0<\/span>Ventilaciones ajustables en el ment\u00f3n, la parte superior del casco y el aler\u00f3n en la parte posterior del casco.<\/div>\n<div class=\"mt-3\">\u2022\u00a0<span class=\"b2\">Interior &amp; Linings:\u00a0<\/span>El forro desmontable y lavable que absorbe la humedad te mantiene fresco y seco cuando hace calor y abrigado cuando hace fr\u00edo.<\/div>\n<div class=\"mt-3\">\u2022\u00a0<span class=\"b2\">Additional Information:\u00a0<\/span>El sistema de trinquete utiliza un movimiento el\u00edptico para tirar de la visera de forma segura contra el orificio ocular para un sellado adecuado, y permite cambiar la visera sin herramientas en segundos.<\/div>\n<div class=\"mt-3\">\u2022\u00a0<span class=\"b2\">Manufacturer &amp; Certification:\u00a0<\/span>Kido Sports Co., Ltd., con doble certificaci\u00f3n para cumplir con los requisitos de las normas de seguridad DOT FMVSS 218 y ECE R22.06.<\/div>\n","protected":false},"excerpt":{"rendered":"<p>La ventilaci\u00f3n, la protecci\u00f3n, la versatilidad y el estilo cl\u00e1sico de la moto se combinan en nuestro H-D<sup>\u00ae<\/sup>\u00a0Evo X17 Sunshield Modular Helmet. Su estructura termopl\u00e1stica tiene caracter\u00edsticas como ventilaciones ajustables (en el ment\u00f3n, la parte superior y el spoiler trasero), protecci\u00f3n UV en el protector para el sol y la protecci\u00f3n para la cara, y una mentonera totalmente desmontable que se transforma de una configuraci\u00f3n modular a una de \u00be de cara abierta. Tambi\u00e9n tiene un sistema de trinquete sin herramientas que sella adecuadamente su protecci\u00f3n con un movimiento el\u00edptico. Adem\u00e1s, tiene un forro que absorbe la humedad y te mantiene c\u00f3modo en diferentes condiciones clim\u00e1ticas. Este casco para motociclista combina de manera audaz nuestros colores ic\u00f3nicos que le dan un aspecto retro y a la vez moderno. Cumple con los est\u00e1ndares de seguridad federales. Conoce el resto de las especificaciones a continuaci\u00f3n y p\u00eddelo ahora.<\/p>\n","protected":false},"featured_media":47007,"template":"","meta":[],"product_brand":[],"product_cat":[45,24],"product_tag":[],"class_list":{"0":"post-47006","1":"product","2":"type-product","3":"status-publish","4":"has-post-thumbnail","6":"product_cat-cascos","7":"product_cat-hombre","8":"pa_talla-l","9":"pa_talla-m","10":"pa_talla-s","11":"pa_talla-xl","12":"pa_talla-xs","13":"pa_talla-xxl","15":"first","16":"instock","17":"taxable","18":"shipping-taxable","19":"purchasable","20":"product-type-variable"},"yoast_head":"<!-- This site is optimized with the Yoast SEO plugin v27.5 - https:\/\/yoast.com\/product\/yoast-seo-wordpress\/ -->\n<title>CASCO HARLEY-DAVIDSON EVO X17 SUNSHIELD MODULAR - Tienda oficial H-D Toluca<\/title>\n<meta name=\"robots\" content=\"index, follow, max-snippet:-1, max-image-preview:large, max-video-preview:-1\" \/>\n<link rel=\"canonical\" href=\"https:\/\/harleydavidsontoluca.com\/shop\/producto\/casco-harley-davidson-evo-x17-sunshield-modular\/\" \/>\n<meta property=\"og:locale\" content=\"es_MX\" \/>\n<meta property=\"og:type\" content=\"article\" \/>\n<meta property=\"og:title\" content=\"CASCO HARLEY-DAVIDSON EVO X17 SUNSHIELD MODULAR - Tienda oficial H-D Toluca\" \/>\n<meta property=\"og:description\" content=\"La ventilaci\u00f3n, la protecci\u00f3n, la versatilidad y el estilo cl\u00e1sico de la moto se combinan en nuestro H-D\u00ae\u00a0Evo X17 Sunshield Modular Helmet. Su estructura termopl\u00e1stica tiene caracter\u00edsticas como ventilaciones ajustables (en el ment\u00f3n, la parte superior y el spoiler trasero), protecci\u00f3n UV en el protector para el sol y la protecci\u00f3n para la cara, y una mentonera totalmente desmontable que se transforma de una configuraci\u00f3n modular a una de \u00be de cara abierta. Tambi\u00e9n tiene un sistema de trinquete sin herramientas que sella adecuadamente su protecci\u00f3n con un movimiento el\u00edptico. Adem\u00e1s, tiene un forro que absorbe la humedad y te mantiene c\u00f3modo en diferentes condiciones clim\u00e1ticas. Este casco para motociclista combina de manera audaz nuestros colores ic\u00f3nicos que le dan un aspecto retro y a la vez moderno. Cumple con los est\u00e1ndares de seguridad federales. Conoce el resto de las especificaciones a continuaci\u00f3n y p\u00eddelo ahora.\" \/>\n<meta property=\"og:url\" content=\"https:\/\/harleydavidsontoluca.com\/shop\/producto\/casco-harley-davidson-evo-x17-sunshield-modular\/\" \/>\n<meta property=\"og:site_name\" content=\"Tienda oficial H-D Toluca\" \/>\n<meta property=\"article:publisher\" content=\"https:\/\/www.facebook.com\/HarleyDavidsonToluca\" \/>\n<meta property=\"article:modified_time\" content=\"2026-02-05T17:19:49+00:00\" \/>\n<meta property=\"og:image\" content=\"https:\/\/harleydavidsontoluca.com\/shop\/wp-content\/uploads\/2025\/02\/WhatsApp-Image-2025-02-12-at-13.54.09-2.jpeg\" \/>\n\t<meta property=\"og:image:width\" content=\"489\" \/>\n\t<meta property=\"og:image:height\" content=\"461\" \/>\n\t<meta property=\"og:image:type\" content=\"image\/jpeg\" \/>\n<meta name=\"twitter:card\" content=\"summary_large_image\" \/>\n<meta name=\"twitter:label1\" content=\"Tiempo de lectura\" \/>\n\t<meta name=\"twitter:data1\" content=\"1 minuto\" \/>\n<script type=\"application\/ld+json\" class=\"yoast-schema-graph\">{\"@context\":\"https:\\\/\\\/schema.org\",\"@graph\":[{\"@type\":\"WebPage\",\"@id\":\"https:\\\/\\\/harleydavidsontoluca.com\\\/shop\\\/producto\\\/casco-harley-davidson-evo-x17-sunshield-modular\\\/\",\"url\":\"https:\\\/\\\/harleydavidsontoluca.com\\\/shop\\\/producto\\\/casco-harley-davidson-evo-x17-sunshield-modular\\\/\",\"name\":\"CASCO HARLEY-DAVIDSON EVO X17 SUNSHIELD MODULAR - Tienda oficial H-D Toluca\",\"isPartOf\":{\"@id\":\"https:\\\/\\\/harleydavidsontoluca.com\\\/shop\\\/#website\"},\"primaryImageOfPage\":{\"@id\":\"https:\\\/\\\/harleydavidsontoluca.com\\\/shop\\\/producto\\\/casco-harley-davidson-evo-x17-sunshield-modular\\\/#primaryimage\"},\"image\":{\"@id\":\"https:\\\/\\\/harleydavidsontoluca.com\\\/shop\\\/producto\\\/casco-harley-davidson-evo-x17-sunshield-modular\\\/#primaryimage\"},\"thumbnailUrl\":\"https:\\\/\\\/harleydavidsontoluca.com\\\/shop\\\/wp-content\\\/uploads\\\/2025\\\/02\\\/WhatsApp-Image-2025-02-12-at-13.54.09-2.jpeg\",\"datePublished\":\"2025-02-12T20:14:39+00:00\",\"dateModified\":\"2026-02-05T17:19:49+00:00\",\"breadcrumb\":{\"@id\":\"https:\\\/\\\/harleydavidsontoluca.com\\\/shop\\\/producto\\\/casco-harley-davidson-evo-x17-sunshield-modular\\\/#breadcrumb\"},\"inLanguage\":\"es\",\"potentialAction\":[{\"@type\":\"ReadAction\",\"target\":[\"https:\\\/\\\/harleydavidsontoluca.com\\\/shop\\\/producto\\\/casco-harley-davidson-evo-x17-sunshield-modular\\\/\"]}]},{\"@type\":\"ImageObject\",\"inLanguage\":\"es\",\"@id\":\"https:\\\/\\\/harleydavidsontoluca.com\\\/shop\\\/producto\\\/casco-harley-davidson-evo-x17-sunshield-modular\\\/#primaryimage\",\"url\":\"https:\\\/\\\/harleydavidsontoluca.com\\\/shop\\\/wp-content\\\/uploads\\\/2025\\\/02\\\/WhatsApp-Image-2025-02-12-at-13.54.09-2.jpeg\",\"contentUrl\":\"https:\\\/\\\/harleydavidsontoluca.com\\\/shop\\\/wp-content\\\/uploads\\\/2025\\\/02\\\/WhatsApp-Image-2025-02-12-at-13.54.09-2.jpeg\",\"width\":489,\"height\":461},{\"@type\":\"BreadcrumbList\",\"@id\":\"https:\\\/\\\/harleydavidsontoluca.com\\\/shop\\\/producto\\\/casco-harley-davidson-evo-x17-sunshield-modular\\\/#breadcrumb\",\"itemListElement\":[{\"@type\":\"ListItem\",\"position\":1,\"name\":\"Portada\",\"item\":\"https:\\\/\\\/harleydavidsontoluca.com\\\/shop\\\/\"},{\"@type\":\"ListItem\",\"position\":2,\"name\":\"Tienda\",\"item\":\"https:\\\/\\\/harleydavidsontoluca.com\\\/shop\\\/tienda\\\/\"},{\"@type\":\"ListItem\",\"position\":3,\"name\":\"CASCO HARLEY-DAVIDSON EVO X17 SUNSHIELD MODULAR\"}]},{\"@type\":\"WebSite\",\"@id\":\"https:\\\/\\\/harleydavidsontoluca.com\\\/shop\\\/#website\",\"url\":\"https:\\\/\\\/harleydavidsontoluca.com\\\/shop\\\/\",\"name\":\"Shop H-D Toluca\",\"description\":\"Shop H-D Toluca\",\"publisher\":{\"@id\":\"https:\\\/\\\/harleydavidsontoluca.com\\\/shop\\\/#organization\"},\"potentialAction\":[{\"@type\":\"SearchAction\",\"target\":{\"@type\":\"EntryPoint\",\"urlTemplate\":\"https:\\\/\\\/harleydavidsontoluca.com\\\/shop\\\/?s={search_term_string}\"},\"query-input\":{\"@type\":\"PropertyValueSpecification\",\"valueRequired\":true,\"valueName\":\"search_term_string\"}}],\"inLanguage\":\"es\"},{\"@type\":\"Organization\",\"@id\":\"https:\\\/\\\/harleydavidsontoluca.com\\\/shop\\\/#organization\",\"name\":\"Concesionaria Central de Motos\",\"url\":\"https:\\\/\\\/harleydavidsontoluca.com\\\/shop\\\/\",\"logo\":{\"@type\":\"ImageObject\",\"inLanguage\":\"es\",\"@id\":\"https:\\\/\\\/harleydavidsontoluca.com\\\/shop\\\/#\\\/schema\\\/logo\\\/image\\\/\",\"url\":\"https:\\\/\\\/harleydavidsontoluca.com\\\/shop\\\/wp-content\\\/uploads\\\/2024\\\/02\\\/cropped-Logo-512.png\",\"contentUrl\":\"https:\\\/\\\/harleydavidsontoluca.com\\\/shop\\\/wp-content\\\/uploads\\\/2024\\\/02\\\/cropped-Logo-512.png\",\"width\":512,\"height\":512,\"caption\":\"Concesionaria Central de Motos\"},\"image\":{\"@id\":\"https:\\\/\\\/harleydavidsontoluca.com\\\/shop\\\/#\\\/schema\\\/logo\\\/image\\\/\"},\"sameAs\":[\"https:\\\/\\\/www.facebook.com\\\/HarleyDavidsonToluca\",\"https:\\\/\\\/www.instagram.com\\\/hdtoluca\\\/\"]}]}<\/script>\n<!-- \/ Yoast SEO plugin. -->","yoast_head_json":{"title":"CASCO HARLEY-DAVIDSON EVO X17 SUNSHIELD MODULAR - Tienda oficial H-D Toluca","robots":{"index":"index","follow":"follow","max-snippet":"max-snippet:-1","max-image-preview":"max-image-preview:large","max-video-preview":"max-video-preview:-1"},"canonical":"https:\/\/harleydavidsontoluca.com\/shop\/producto\/casco-harley-davidson-evo-x17-sunshield-modular\/","og_locale":"es_MX","og_type":"article","og_title":"CASCO HARLEY-DAVIDSON EVO X17 SUNSHIELD MODULAR - Tienda oficial H-D Toluca","og_description":"La ventilaci\u00f3n, la protecci\u00f3n, la versatilidad y el estilo cl\u00e1sico de la moto se combinan en nuestro H-D\u00ae\u00a0Evo X17 Sunshield Modular Helmet. Su estructura termopl\u00e1stica tiene caracter\u00edsticas como ventilaciones ajustables (en el ment\u00f3n, la parte superior y el spoiler trasero), protecci\u00f3n UV en el protector para el sol y la protecci\u00f3n para la cara, y una mentonera totalmente desmontable que se transforma de una configuraci\u00f3n modular a una de \u00be de cara abierta. Tambi\u00e9n tiene un sistema de trinquete sin herramientas que sella adecuadamente su protecci\u00f3n con un movimiento el\u00edptico. Adem\u00e1s, tiene un forro que absorbe la humedad y te mantiene c\u00f3modo en diferentes condiciones clim\u00e1ticas. Este casco para motociclista combina de manera audaz nuestros colores ic\u00f3nicos que le dan un aspecto retro y a la vez moderno. Cumple con los est\u00e1ndares de seguridad federales. Conoce el resto de las especificaciones a continuaci\u00f3n y p\u00eddelo ahora.","og_url":"https:\/\/harleydavidsontoluca.com\/shop\/producto\/casco-harley-davidson-evo-x17-sunshield-modular\/","og_site_name":"Tienda oficial H-D Toluca","article_publisher":"https:\/\/www.facebook.com\/HarleyDavidsonToluca","article_modified_time":"2026-02-05T17:19:49+00:00","og_image":[{"width":489,"height":461,"url":"https:\/\/harleydavidsontoluca.com\/shop\/wp-content\/uploads\/2025\/02\/WhatsApp-Image-2025-02-12-at-13.54.09-2.jpeg","type":"image\/jpeg"}],"twitter_card":"summary_large_image","twitter_misc":{"Tiempo de lectura":"1 minuto"},"schema":{"@context":"https:\/\/schema.org","@graph":[{"@type":"WebPage","@id":"https:\/\/harleydavidsontoluca.com\/shop\/producto\/casco-harley-davidson-evo-x17-sunshield-modular\/","url":"https:\/\/harleydavidsontoluca.com\/shop\/producto\/casco-harley-davidson-evo-x17-sunshield-modular\/","name":"CASCO HARLEY-DAVIDSON EVO X17 SUNSHIELD MODULAR - Tienda oficial H-D Toluca","isPartOf":{"@id":"https:\/\/harleydavidsontoluca.com\/shop\/#website"},"primaryImageOfPage":{"@id":"https:\/\/harleydavidsontoluca.com\/shop\/producto\/casco-harley-davidson-evo-x17-sunshield-modular\/#primaryimage"},"image":{"@id":"https:\/\/harleydavidsontoluca.com\/shop\/producto\/casco-harley-davidson-evo-x17-sunshield-modular\/#primaryimage"},"thumbnailUrl":"https:\/\/harleydavidsontoluca.com\/shop\/wp-content\/uploads\/2025\/02\/WhatsApp-Image-2025-02-12-at-13.54.09-2.jpeg","datePublished":"2025-02-12T20:14:39+00:00","dateModified":"2026-02-05T17:19:49+00:00","breadcrumb":{"@id":"https:\/\/harleydavidsontoluca.com\/shop\/producto\/casco-harley-davidson-evo-x17-sunshield-modular\/#breadcrumb"},"inLanguage":"es","potentialAction":[{"@type":"ReadAction","target":["https:\/\/harleydavidsontoluca.com\/shop\/producto\/casco-harley-davidson-evo-x17-sunshield-modular\/"]}]},{"@type":"ImageObject","inLanguage":"es","@id":"https:\/\/harleydavidsontoluca.com\/shop\/producto\/casco-harley-davidson-evo-x17-sunshield-modular\/#primaryimage","url":"https:\/\/harleydavidsontoluca.com\/shop\/wp-content\/uploads\/2025\/02\/WhatsApp-Image-2025-02-12-at-13.54.09-2.jpeg","contentUrl":"https:\/\/harleydavidsontoluca.com\/shop\/wp-content\/uploads\/2025\/02\/WhatsApp-Image-2025-02-12-at-13.54.09-2.jpeg","width":489,"height":461},{"@type":"BreadcrumbList","@id":"https:\/\/harleydavidsontoluca.com\/shop\/producto\/casco-harley-davidson-evo-x17-sunshield-modular\/#breadcrumb","itemListElement":[{"@type":"ListItem","position":1,"name":"Portada","item":"https:\/\/harleydavidsontoluca.com\/shop\/"},{"@type":"ListItem","position":2,"name":"Tienda","item":"https:\/\/harleydavidsontoluca.com\/shop\/tienda\/"},{"@type":"ListItem","position":3,"name":"CASCO HARLEY-DAVIDSON EVO X17 SUNSHIELD MODULAR"}]},{"@type":"WebSite","@id":"https:\/\/harleydavidsontoluca.com\/shop\/#website","url":"https:\/\/harleydavidsontoluca.com\/shop\/","name":"Shop H-D Toluca","description":"Shop H-D Toluca","publisher":{"@id":"https:\/\/harleydavidsontoluca.com\/shop\/#organization"},"potentialAction":[{"@type":"SearchAction","target":{"@type":"EntryPoint","urlTemplate":"https:\/\/harleydavidsontoluca.com\/shop\/?s={search_term_string}"},"query-input":{"@type":"PropertyValueSpecification","valueRequired":true,"valueName":"search_term_string"}}],"inLanguage":"es"},{"@type":"Organization","@id":"https:\/\/harleydavidsontoluca.com\/shop\/#organization","name":"Concesionaria Central de Motos","url":"https:\/\/harleydavidsontoluca.com\/shop\/","logo":{"@type":"ImageObject","inLanguage":"es","@id":"https:\/\/harleydavidsontoluca.com\/shop\/#\/schema\/logo\/image\/","url":"https:\/\/harleydavidsontoluca.com\/shop\/wp-content\/uploads\/2024\/02\/cropped-Logo-512.png","contentUrl":"https:\/\/harleydavidsontoluca.com\/shop\/wp-content\/uploads\/2024\/02\/cropped-Logo-512.png","width":512,"height":512,"caption":"Concesionaria Central de Motos"},"image":{"@id":"https:\/\/harleydavidsontoluca.com\/shop\/#\/schema\/logo\/image\/"},"sameAs":["https:\/\/www.facebook.com\/HarleyDavidsonToluca","https:\/\/www.instagram.com\/hdtoluca\/"]}]}},"_links":{"self":[{"href":"https:\/\/harleydavidsontoluca.com\/shop\/wp-json\/wp\/v2\/product\/47006","targetHints":{"allow":["GET"]}}],"collection":[{"href":"https:\/\/harleydavidsontoluca.com\/shop\/wp-json\/wp\/v2\/product"}],"about":[{"href":"https:\/\/harleydavidsontoluca.com\/shop\/wp-json\/wp\/v2\/types\/product"}],"wp:featuredmedia":[{"embeddable":true,"href":"https:\/\/harleydavidsontoluca.com\/shop\/wp-json\/wp\/v2\/media\/47007"}],"wp:attachment":[{"href":"https:\/\/harleydavidsontoluca.com\/shop\/wp-json\/wp\/v2\/media?parent=47006"}],"wp:term":[{"taxonomy":"product_brand","embeddable":true,"href":"https:\/\/harleydavidsontoluca.com\/shop\/wp-json\/wp\/v2\/product_brand?post=47006"},{"taxonomy":"product_cat","embeddable":true,"href":"https:\/\/harleydavidsontoluca.com\/shop\/wp-json\/wp\/v2\/product_cat?post=47006"},{"taxonomy":"product_tag","embeddable":true,"href":"https:\/\/harleydavidsontoluca.com\/shop\/wp-json\/wp\/v2\/product_tag?post=47006"}],"curies":[{"name":"wp","href":"https:\/\/api.w.org\/{rel}","templated":true}]}}