
{"id":46952,"date":"2025-01-24T14:31:08","date_gmt":"2025-01-24T20:31:08","guid":{"rendered":"https:\/\/harleydavidsontoluca.com\/shop\/?post_type=product&#038;p=46952"},"modified":"2025-05-06T13:44:08","modified_gmt":"2025-05-06T18:44:08","slug":"chaqueta-de-cuero-impermeable-para-hombre-de-oracle","status":"publish","type":"product","link":"https:\/\/harleydavidsontoluca.com\/shop\/producto\/chaqueta-de-cuero-impermeable-para-hombre-de-oracle\/","title":{"rendered":"CHAQUETA DE CUERO IMPERMEABLE PARA HOMBRE DE ORACLE"},"content":{"rendered":"<pre id=\"tw-target-text\" class=\"tw-data-text tw-text-large tw-ta\" dir=\"ltr\" data-placeholder=\"Traducci\u00f3n\" data-ved=\"2ahUKEwiC0aeC146LAxUoHUQIHVOCHE4Q3ewLegQIBxAV\" aria-label=\"Texto traducido: \u2022 Mantente fresco: Aberturas de ventilaci\u00f3n con cremallera en las axilas para la circulaci\u00f3n del aire.\r\n\u2022 Mantente seco: Costuras impermeables selladas. Cremalleras impermeables.\r\n\u2022 Ajuste y movilidad: Espalda para mayor movimiento. Mangas precurvadas.\r\n\u2022 Materiales: Cuero vacuno de gran peso. Forro de malla 100 % poli\u00e9ster.\r\n\u2022 Cierre: Cremallera frontal bidireccional. Pu\u00f1os con cremallera.\r\n\u2022 Bolsillos: Bolsillos para calentar las manos con cremallera. Un bolsillo interior oculto y un bolsillo interior con cremallera.\r\n\u2022 Caracter\u00edsticas adicionales: Paneles protectores D3O\u00ae Ghost Armor con certificaci\u00f3n CE en hombros y codos (98104-22VR y 98103-22VR se venden por separado). Panel protector trasero para D3O Viper Back Body Armor (98105-22VR se vende por separado). Cuello con solapa a presi\u00f3n. Material reflectante 3M Scotchlite.\r\n\u2022 Detalles de dise\u00f1o: Paneles laterales en contraste.\r\n\u2022 Gr\u00e1fico: Serigraf\u00eda.\r\n\u2022 Informaci\u00f3n adicional: No disponible para compra o entrega en California\"><span class=\"Y2IQFc\" lang=\"es\">\u2022 Mantente fresco: Aberturas de ventilaci\u00f3n con cremallera en las axilas para la circulaci\u00f3n del aire.\r\n\u2022 Mantente seco: Costuras impermeables selladas. Cremalleras impermeables.\r\n\u2022 Ajuste y movilidad: Espalda para mayor movimiento. Mangas precurvadas.\r\n\u2022 Materiales: Cuero vacuno de gran peso. Forro de malla 100 % poli\u00e9ster.\r\n\u2022 Cierre: Cremallera frontal bidireccional. Pu\u00f1os con cremallera.\r\n\u2022 Bolsillos: Bolsillos para calentar las manos con cremallera. Un bolsillo interior oculto y un bolsillo interior con cremallera.\r\n\u2022 Caracter\u00edsticas adicionales: Paneles protectores D3O\u00ae Ghost Armor con certificaci\u00f3n CE en hombros y codos (98104-22VR y 98103-22VR se venden por separado). Panel protector trasero para D3O Viper Back Body Armor (98105-22VR se vende por separado). Cuello con solapa a presi\u00f3n. Material reflectante 3M Scotchlite.\r\n\u2022 Detalles de dise\u00f1o: Paneles laterales en contraste.\r\n\u2022 Gr\u00e1fico: Serigraf\u00eda.\r\n\u2022 Informaci\u00f3n adicional: No disponible para compra o entrega en California<\/span><\/pre>\n","protected":false},"excerpt":{"rendered":"<p>Las condiciones de humedad no arruinar\u00e1n tu viaje ni tu estilo con nuestra Oracle Waterproof Leather Jacket de edici\u00f3n limitada. Confeccionada con cuero vacuno pesado, impermeable y con costuras selladas con cremalleras resistentes al agua. Esta chamarra para hombre est\u00e1 dise\u00f1ada con una serie de caracter\u00edsticas que mejoran la conducci\u00f3n, como ventilaci\u00f3n con cremallera, material reflectante para aumentar la visibilidad y nuestras opciones de paneles protectores livianos D3O Ghost Armor que protegen contra impactos. Acabado elegante con paneles laterales en contraste y nuestro Bar &amp; Shield m\u00e1s ic\u00f3nico en la espalda. Puedes obtener m\u00e1s informaci\u00f3n en las especificaciones a continuaci\u00f3n, y c\u00f3mprala cuanto antes, ya que el stock es limitado&#8230;<\/p>\n","protected":false},"featured_media":46956,"template":"","meta":[],"product_brand":[],"product_cat":[41,36,24],"product_tag":[],"class_list":{"0":"post-46952","1":"product","2":"type-product","3":"status-publish","4":"has-post-thumbnail","6":"product_cat-chamarra-casual-hombre","7":"product_cat-chamarra-para-rodar","8":"product_cat-hombre","9":"pa_talla-l","10":"pa_talla-m","11":"pa_talla-s","12":"pa_talla-xl","14":"first","15":"instock","16":"taxable","17":"shipping-taxable","18":"purchasable","19":"product-type-variable"},"yoast_head":"<!-- This site is optimized with the Yoast SEO plugin v27.4 - https:\/\/yoast.com\/product\/yoast-seo-wordpress\/ -->\n<title>CHAQUETA DE CUERO IMPERMEABLE PARA HOMBRE DE ORACLE - Tienda oficial H-D Toluca<\/title>\n<meta name=\"robots\" content=\"index, follow, max-snippet:-1, max-image-preview:large, max-video-preview:-1\" \/>\n<link rel=\"canonical\" href=\"https:\/\/harleydavidsontoluca.com\/shop\/producto\/chaqueta-de-cuero-impermeable-para-hombre-de-oracle\/\" \/>\n<meta property=\"og:locale\" content=\"es_MX\" \/>\n<meta property=\"og:type\" content=\"article\" \/>\n<meta property=\"og:title\" content=\"CHAQUETA DE CUERO IMPERMEABLE PARA HOMBRE DE ORACLE - Tienda oficial H-D Toluca\" \/>\n<meta property=\"og:description\" content=\"Las condiciones de humedad no arruinar\u00e1n tu viaje ni tu estilo con nuestra Oracle Waterproof Leather Jacket de edici\u00f3n limitada. Confeccionada con cuero vacuno pesado, impermeable y con costuras selladas con cremalleras resistentes al agua. Esta chamarra para hombre est\u00e1 dise\u00f1ada con una serie de caracter\u00edsticas que mejoran la conducci\u00f3n, como ventilaci\u00f3n con cremallera, material reflectante para aumentar la visibilidad y nuestras opciones de paneles protectores livianos D3O Ghost Armor que protegen contra impactos. Acabado elegante con paneles laterales en contraste y nuestro Bar &amp; Shield m\u00e1s ic\u00f3nico en la espalda. Puedes obtener m\u00e1s informaci\u00f3n en las especificaciones a continuaci\u00f3n, y c\u00f3mprala cuanto antes, ya que el stock es limitado...\" \/>\n<meta property=\"og:url\" content=\"https:\/\/harleydavidsontoluca.com\/shop\/producto\/chaqueta-de-cuero-impermeable-para-hombre-de-oracle\/\" \/>\n<meta property=\"og:site_name\" content=\"Tienda oficial H-D Toluca\" \/>\n<meta property=\"article:publisher\" content=\"https:\/\/www.facebook.com\/HarleyDavidsonToluca\" \/>\n<meta property=\"article:modified_time\" content=\"2025-05-06T18:44:08+00:00\" \/>\n<meta property=\"og:image\" content=\"https:\/\/harleydavidsontoluca.com\/shop\/wp-content\/uploads\/2025\/01\/Untitled-Project-2025-01-24T100723.336.jpg\" \/>\n\t<meta property=\"og:image:width\" content=\"1080\" \/>\n\t<meta property=\"og:image:height\" content=\"1080\" \/>\n\t<meta property=\"og:image:type\" content=\"image\/jpeg\" \/>\n<meta name=\"twitter:card\" content=\"summary_large_image\" \/>\n<meta name=\"twitter:label1\" content=\"Tiempo de lectura\" \/>\n\t<meta name=\"twitter:data1\" content=\"1 minuto\" \/>\n<script type=\"application\/ld+json\" class=\"yoast-schema-graph\">{\"@context\":\"https:\\\/\\\/schema.org\",\"@graph\":[{\"@type\":\"WebPage\",\"@id\":\"https:\\\/\\\/harleydavidsontoluca.com\\\/shop\\\/producto\\\/chaqueta-de-cuero-impermeable-para-hombre-de-oracle\\\/\",\"url\":\"https:\\\/\\\/harleydavidsontoluca.com\\\/shop\\\/producto\\\/chaqueta-de-cuero-impermeable-para-hombre-de-oracle\\\/\",\"name\":\"CHAQUETA DE CUERO IMPERMEABLE PARA HOMBRE DE ORACLE - Tienda oficial H-D Toluca\",\"isPartOf\":{\"@id\":\"https:\\\/\\\/harleydavidsontoluca.com\\\/shop\\\/#website\"},\"primaryImageOfPage\":{\"@id\":\"https:\\\/\\\/harleydavidsontoluca.com\\\/shop\\\/producto\\\/chaqueta-de-cuero-impermeable-para-hombre-de-oracle\\\/#primaryimage\"},\"image\":{\"@id\":\"https:\\\/\\\/harleydavidsontoluca.com\\\/shop\\\/producto\\\/chaqueta-de-cuero-impermeable-para-hombre-de-oracle\\\/#primaryimage\"},\"thumbnailUrl\":\"https:\\\/\\\/harleydavidsontoluca.com\\\/shop\\\/wp-content\\\/uploads\\\/2025\\\/01\\\/Untitled-Project-2025-01-24T100723.336.jpg\",\"datePublished\":\"2025-01-24T20:31:08+00:00\",\"dateModified\":\"2025-05-06T18:44:08+00:00\",\"breadcrumb\":{\"@id\":\"https:\\\/\\\/harleydavidsontoluca.com\\\/shop\\\/producto\\\/chaqueta-de-cuero-impermeable-para-hombre-de-oracle\\\/#breadcrumb\"},\"inLanguage\":\"es\",\"potentialAction\":[{\"@type\":\"ReadAction\",\"target\":[\"https:\\\/\\\/harleydavidsontoluca.com\\\/shop\\\/producto\\\/chaqueta-de-cuero-impermeable-para-hombre-de-oracle\\\/\"]}]},{\"@type\":\"ImageObject\",\"inLanguage\":\"es\",\"@id\":\"https:\\\/\\\/harleydavidsontoluca.com\\\/shop\\\/producto\\\/chaqueta-de-cuero-impermeable-para-hombre-de-oracle\\\/#primaryimage\",\"url\":\"https:\\\/\\\/harleydavidsontoluca.com\\\/shop\\\/wp-content\\\/uploads\\\/2025\\\/01\\\/Untitled-Project-2025-01-24T100723.336.jpg\",\"contentUrl\":\"https:\\\/\\\/harleydavidsontoluca.com\\\/shop\\\/wp-content\\\/uploads\\\/2025\\\/01\\\/Untitled-Project-2025-01-24T100723.336.jpg\",\"width\":1080,\"height\":1080},{\"@type\":\"BreadcrumbList\",\"@id\":\"https:\\\/\\\/harleydavidsontoluca.com\\\/shop\\\/producto\\\/chaqueta-de-cuero-impermeable-para-hombre-de-oracle\\\/#breadcrumb\",\"itemListElement\":[{\"@type\":\"ListItem\",\"position\":1,\"name\":\"Portada\",\"item\":\"https:\\\/\\\/harleydavidsontoluca.com\\\/shop\\\/\"},{\"@type\":\"ListItem\",\"position\":2,\"name\":\"Tienda\",\"item\":\"https:\\\/\\\/harleydavidsontoluca.com\\\/shop\\\/tienda\\\/\"},{\"@type\":\"ListItem\",\"position\":3,\"name\":\"CHAQUETA DE CUERO IMPERMEABLE PARA HOMBRE DE ORACLE\"}]},{\"@type\":\"WebSite\",\"@id\":\"https:\\\/\\\/harleydavidsontoluca.com\\\/shop\\\/#website\",\"url\":\"https:\\\/\\\/harleydavidsontoluca.com\\\/shop\\\/\",\"name\":\"Shop H-D Toluca\",\"description\":\"Shop H-D Toluca\",\"publisher\":{\"@id\":\"https:\\\/\\\/harleydavidsontoluca.com\\\/shop\\\/#organization\"},\"potentialAction\":[{\"@type\":\"SearchAction\",\"target\":{\"@type\":\"EntryPoint\",\"urlTemplate\":\"https:\\\/\\\/harleydavidsontoluca.com\\\/shop\\\/?s={search_term_string}\"},\"query-input\":{\"@type\":\"PropertyValueSpecification\",\"valueRequired\":true,\"valueName\":\"search_term_string\"}}],\"inLanguage\":\"es\"},{\"@type\":\"Organization\",\"@id\":\"https:\\\/\\\/harleydavidsontoluca.com\\\/shop\\\/#organization\",\"name\":\"Concesionaria Central de Motos\",\"url\":\"https:\\\/\\\/harleydavidsontoluca.com\\\/shop\\\/\",\"logo\":{\"@type\":\"ImageObject\",\"inLanguage\":\"es\",\"@id\":\"https:\\\/\\\/harleydavidsontoluca.com\\\/shop\\\/#\\\/schema\\\/logo\\\/image\\\/\",\"url\":\"https:\\\/\\\/harleydavidsontoluca.com\\\/shop\\\/wp-content\\\/uploads\\\/2024\\\/02\\\/cropped-Logo-512.png\",\"contentUrl\":\"https:\\\/\\\/harleydavidsontoluca.com\\\/shop\\\/wp-content\\\/uploads\\\/2024\\\/02\\\/cropped-Logo-512.png\",\"width\":512,\"height\":512,\"caption\":\"Concesionaria Central de Motos\"},\"image\":{\"@id\":\"https:\\\/\\\/harleydavidsontoluca.com\\\/shop\\\/#\\\/schema\\\/logo\\\/image\\\/\"},\"sameAs\":[\"https:\\\/\\\/www.facebook.com\\\/HarleyDavidsonToluca\",\"https:\\\/\\\/www.instagram.com\\\/hdtoluca\\\/\"]}]}<\/script>\n<!-- \/ Yoast SEO plugin. -->","yoast_head_json":{"title":"CHAQUETA DE CUERO IMPERMEABLE PARA HOMBRE DE ORACLE - Tienda oficial H-D Toluca","robots":{"index":"index","follow":"follow","max-snippet":"max-snippet:-1","max-image-preview":"max-image-preview:large","max-video-preview":"max-video-preview:-1"},"canonical":"https:\/\/harleydavidsontoluca.com\/shop\/producto\/chaqueta-de-cuero-impermeable-para-hombre-de-oracle\/","og_locale":"es_MX","og_type":"article","og_title":"CHAQUETA DE CUERO IMPERMEABLE PARA HOMBRE DE ORACLE - Tienda oficial H-D Toluca","og_description":"Las condiciones de humedad no arruinar\u00e1n tu viaje ni tu estilo con nuestra Oracle Waterproof Leather Jacket de edici\u00f3n limitada. Confeccionada con cuero vacuno pesado, impermeable y con costuras selladas con cremalleras resistentes al agua. Esta chamarra para hombre est\u00e1 dise\u00f1ada con una serie de caracter\u00edsticas que mejoran la conducci\u00f3n, como ventilaci\u00f3n con cremallera, material reflectante para aumentar la visibilidad y nuestras opciones de paneles protectores livianos D3O Ghost Armor que protegen contra impactos. Acabado elegante con paneles laterales en contraste y nuestro Bar &amp; Shield m\u00e1s ic\u00f3nico en la espalda. Puedes obtener m\u00e1s informaci\u00f3n en las especificaciones a continuaci\u00f3n, y c\u00f3mprala cuanto antes, ya que el stock es limitado...","og_url":"https:\/\/harleydavidsontoluca.com\/shop\/producto\/chaqueta-de-cuero-impermeable-para-hombre-de-oracle\/","og_site_name":"Tienda oficial H-D Toluca","article_publisher":"https:\/\/www.facebook.com\/HarleyDavidsonToluca","article_modified_time":"2025-05-06T18:44:08+00:00","og_image":[{"width":1080,"height":1080,"url":"https:\/\/harleydavidsontoluca.com\/shop\/wp-content\/uploads\/2025\/01\/Untitled-Project-2025-01-24T100723.336.jpg","type":"image\/jpeg"}],"twitter_card":"summary_large_image","twitter_misc":{"Tiempo de lectura":"1 minuto"},"schema":{"@context":"https:\/\/schema.org","@graph":[{"@type":"WebPage","@id":"https:\/\/harleydavidsontoluca.com\/shop\/producto\/chaqueta-de-cuero-impermeable-para-hombre-de-oracle\/","url":"https:\/\/harleydavidsontoluca.com\/shop\/producto\/chaqueta-de-cuero-impermeable-para-hombre-de-oracle\/","name":"CHAQUETA DE CUERO IMPERMEABLE PARA HOMBRE DE ORACLE - Tienda oficial H-D Toluca","isPartOf":{"@id":"https:\/\/harleydavidsontoluca.com\/shop\/#website"},"primaryImageOfPage":{"@id":"https:\/\/harleydavidsontoluca.com\/shop\/producto\/chaqueta-de-cuero-impermeable-para-hombre-de-oracle\/#primaryimage"},"image":{"@id":"https:\/\/harleydavidsontoluca.com\/shop\/producto\/chaqueta-de-cuero-impermeable-para-hombre-de-oracle\/#primaryimage"},"thumbnailUrl":"https:\/\/harleydavidsontoluca.com\/shop\/wp-content\/uploads\/2025\/01\/Untitled-Project-2025-01-24T100723.336.jpg","datePublished":"2025-01-24T20:31:08+00:00","dateModified":"2025-05-06T18:44:08+00:00","breadcrumb":{"@id":"https:\/\/harleydavidsontoluca.com\/shop\/producto\/chaqueta-de-cuero-impermeable-para-hombre-de-oracle\/#breadcrumb"},"inLanguage":"es","potentialAction":[{"@type":"ReadAction","target":["https:\/\/harleydavidsontoluca.com\/shop\/producto\/chaqueta-de-cuero-impermeable-para-hombre-de-oracle\/"]}]},{"@type":"ImageObject","inLanguage":"es","@id":"https:\/\/harleydavidsontoluca.com\/shop\/producto\/chaqueta-de-cuero-impermeable-para-hombre-de-oracle\/#primaryimage","url":"https:\/\/harleydavidsontoluca.com\/shop\/wp-content\/uploads\/2025\/01\/Untitled-Project-2025-01-24T100723.336.jpg","contentUrl":"https:\/\/harleydavidsontoluca.com\/shop\/wp-content\/uploads\/2025\/01\/Untitled-Project-2025-01-24T100723.336.jpg","width":1080,"height":1080},{"@type":"BreadcrumbList","@id":"https:\/\/harleydavidsontoluca.com\/shop\/producto\/chaqueta-de-cuero-impermeable-para-hombre-de-oracle\/#breadcrumb","itemListElement":[{"@type":"ListItem","position":1,"name":"Portada","item":"https:\/\/harleydavidsontoluca.com\/shop\/"},{"@type":"ListItem","position":2,"name":"Tienda","item":"https:\/\/harleydavidsontoluca.com\/shop\/tienda\/"},{"@type":"ListItem","position":3,"name":"CHAQUETA DE CUERO IMPERMEABLE PARA HOMBRE DE ORACLE"}]},{"@type":"WebSite","@id":"https:\/\/harleydavidsontoluca.com\/shop\/#website","url":"https:\/\/harleydavidsontoluca.com\/shop\/","name":"Shop H-D Toluca","description":"Shop H-D Toluca","publisher":{"@id":"https:\/\/harleydavidsontoluca.com\/shop\/#organization"},"potentialAction":[{"@type":"SearchAction","target":{"@type":"EntryPoint","urlTemplate":"https:\/\/harleydavidsontoluca.com\/shop\/?s={search_term_string}"},"query-input":{"@type":"PropertyValueSpecification","valueRequired":true,"valueName":"search_term_string"}}],"inLanguage":"es"},{"@type":"Organization","@id":"https:\/\/harleydavidsontoluca.com\/shop\/#organization","name":"Concesionaria Central de Motos","url":"https:\/\/harleydavidsontoluca.com\/shop\/","logo":{"@type":"ImageObject","inLanguage":"es","@id":"https:\/\/harleydavidsontoluca.com\/shop\/#\/schema\/logo\/image\/","url":"https:\/\/harleydavidsontoluca.com\/shop\/wp-content\/uploads\/2024\/02\/cropped-Logo-512.png","contentUrl":"https:\/\/harleydavidsontoluca.com\/shop\/wp-content\/uploads\/2024\/02\/cropped-Logo-512.png","width":512,"height":512,"caption":"Concesionaria Central de Motos"},"image":{"@id":"https:\/\/harleydavidsontoluca.com\/shop\/#\/schema\/logo\/image\/"},"sameAs":["https:\/\/www.facebook.com\/HarleyDavidsonToluca","https:\/\/www.instagram.com\/hdtoluca\/"]}]}},"_links":{"self":[{"href":"https:\/\/harleydavidsontoluca.com\/shop\/wp-json\/wp\/v2\/product\/46952","targetHints":{"allow":["GET"]}}],"collection":[{"href":"https:\/\/harleydavidsontoluca.com\/shop\/wp-json\/wp\/v2\/product"}],"about":[{"href":"https:\/\/harleydavidsontoluca.com\/shop\/wp-json\/wp\/v2\/types\/product"}],"wp:featuredmedia":[{"embeddable":true,"href":"https:\/\/harleydavidsontoluca.com\/shop\/wp-json\/wp\/v2\/media\/46956"}],"wp:attachment":[{"href":"https:\/\/harleydavidsontoluca.com\/shop\/wp-json\/wp\/v2\/media?parent=46952"}],"wp:term":[{"taxonomy":"product_brand","embeddable":true,"href":"https:\/\/harleydavidsontoluca.com\/shop\/wp-json\/wp\/v2\/product_brand?post=46952"},{"taxonomy":"product_cat","embeddable":true,"href":"https:\/\/harleydavidsontoluca.com\/shop\/wp-json\/wp\/v2\/product_cat?post=46952"},{"taxonomy":"product_tag","embeddable":true,"href":"https:\/\/harleydavidsontoluca.com\/shop\/wp-json\/wp\/v2\/product_tag?post=46952"}],"curies":[{"name":"wp","href":"https:\/\/api.w.org\/{rel}","templated":true}]}}