
{"id":46930,"date":"2025-01-24T09:37:01","date_gmt":"2025-01-24T15:37:01","guid":{"rendered":"https:\/\/harleydavidsontoluca.com\/shop\/?post_type=product&#038;p=46930"},"modified":"2026-03-05T16:03:44","modified_gmt":"2026-03-05T22:03:44","slug":"sistema-de-capas-h-d-flex-capa-intermedia-acolchada","status":"publish","type":"product","link":"https:\/\/harleydavidsontoluca.com\/shop\/producto\/sistema-de-capas-h-d-flex-capa-intermedia-acolchada\/","title":{"rendered":"SISTEMA DE CAPAS H-D FLEX CAPA INTERMEDIA ACOLCHADA"},"content":{"rendered":"<div class=\"mt-3\">&#8211; Con 100 mg de relleno de poli\u00e9ster que ofrece un abrigo liviano.<\/div>\n<div class=\"mt-3\">-Ajuste y movilidad: Mangas precurvadas.<\/div>\n<div class=\"mt-3\">&#8211; Tejido liso liviano de 100\u202f% de nylon. Forro de 100% de nylon.<\/div>\n<div class=\"mt-3\">&#8211; Broches a presi\u00f3n delanteros.<\/div>\n<div class=\"mt-3\">-Bolsillos: Bolsillos calentadores de manos de parche. Bolsillo tipo parche en el pecho con broche a presi\u00f3n.<\/div>\n<div class=\"mt-3\">-Detalles de dise\u00f1o: Estilo acolchado en toda la prenda. Cuello con broche a presi\u00f3n oculto.<\/div>\n<div class=\"mt-3\">&#8211; Estampado serigrafiado.<\/div>\n","protected":false},"excerpt":{"rendered":"<p>Abr\u00edgate sin agregar volumen con nuestra H-D<sup>\u00ae<\/sup>\u00a0Flex Layering System Quilted Mid Layer. Se puede usar como capa intermedia en nuestra l\u00ednea modular 1-2-3 que te brinda opciones de protecci\u00f3n intercambiables y estilo para conducir. Esta capa intermedia aislante est\u00e1 fabricada con nylon duradero y liviano. Su estilo acolchado con detalles de ribetes y la marca en el mismo tono luce genial como prenda independiente. Adem\u00e1s, tiene un cuello con broches a presi\u00f3n ocultos que hacen que no aletee cuando conduces<\/p>\n","protected":false},"featured_media":46937,"template":"","meta":[],"product_brand":[],"product_cat":[41,36,24],"product_tag":[],"class_list":{"0":"post-46930","1":"product","2":"type-product","3":"status-publish","4":"has-post-thumbnail","6":"product_cat-chamarra-casual-hombre","7":"product_cat-chamarra-para-rodar","8":"product_cat-hombre","9":"pa_talla-l","10":"pa_talla-m","11":"pa_talla-s","12":"pa_talla-xl","14":"first","15":"instock","16":"taxable","17":"shipping-taxable","18":"purchasable","19":"product-type-variable"},"yoast_head":"<!-- This site is optimized with the Yoast SEO plugin v27.4 - https:\/\/yoast.com\/product\/yoast-seo-wordpress\/ -->\n<title>SISTEMA DE CAPAS H-D FLEX CAPA INTERMEDIA ACOLCHADA - Tienda oficial H-D Toluca<\/title>\n<meta name=\"robots\" content=\"index, follow, max-snippet:-1, max-image-preview:large, max-video-preview:-1\" \/>\n<link rel=\"canonical\" href=\"https:\/\/harleydavidsontoluca.com\/shop\/producto\/sistema-de-capas-h-d-flex-capa-intermedia-acolchada\/\" \/>\n<meta property=\"og:locale\" content=\"es_MX\" \/>\n<meta property=\"og:type\" content=\"article\" \/>\n<meta property=\"og:title\" content=\"SISTEMA DE CAPAS H-D FLEX CAPA INTERMEDIA ACOLCHADA - Tienda oficial H-D Toluca\" \/>\n<meta property=\"og:description\" content=\"Abr\u00edgate sin agregar volumen con nuestra H-D\u00ae\u00a0Flex Layering System Quilted Mid Layer. Se puede usar como capa intermedia en nuestra l\u00ednea modular 1-2-3 que te brinda opciones de protecci\u00f3n intercambiables y estilo para conducir. Esta capa intermedia aislante est\u00e1 fabricada con nylon duradero y liviano. Su estilo acolchado con detalles de ribetes y la marca en el mismo tono luce genial como prenda independiente. Adem\u00e1s, tiene un cuello con broches a presi\u00f3n ocultos que hacen que no aletee cuando conduces\" \/>\n<meta property=\"og:url\" content=\"https:\/\/harleydavidsontoluca.com\/shop\/producto\/sistema-de-capas-h-d-flex-capa-intermedia-acolchada\/\" \/>\n<meta property=\"og:site_name\" content=\"Tienda oficial H-D Toluca\" \/>\n<meta property=\"article:publisher\" content=\"https:\/\/www.facebook.com\/HarleyDavidsonToluca\" \/>\n<meta property=\"article:modified_time\" content=\"2026-03-05T22:03:44+00:00\" \/>\n<meta property=\"og:image\" content=\"https:\/\/harleydavidsontoluca.com\/shop\/wp-content\/uploads\/2025\/01\/Untitled-Project-2025-01-24T093518.718.jpg\" \/>\n\t<meta property=\"og:image:width\" content=\"1080\" \/>\n\t<meta property=\"og:image:height\" content=\"1080\" \/>\n\t<meta property=\"og:image:type\" content=\"image\/jpeg\" \/>\n<meta name=\"twitter:card\" content=\"summary_large_image\" \/>\n<meta name=\"twitter:label1\" content=\"Tiempo de lectura\" \/>\n\t<meta name=\"twitter:data1\" content=\"1 minuto\" \/>\n<script type=\"application\/ld+json\" class=\"yoast-schema-graph\">{\"@context\":\"https:\\\/\\\/schema.org\",\"@graph\":[{\"@type\":\"WebPage\",\"@id\":\"https:\\\/\\\/harleydavidsontoluca.com\\\/shop\\\/producto\\\/sistema-de-capas-h-d-flex-capa-intermedia-acolchada\\\/\",\"url\":\"https:\\\/\\\/harleydavidsontoluca.com\\\/shop\\\/producto\\\/sistema-de-capas-h-d-flex-capa-intermedia-acolchada\\\/\",\"name\":\"SISTEMA DE CAPAS H-D FLEX CAPA INTERMEDIA ACOLCHADA - Tienda oficial H-D Toluca\",\"isPartOf\":{\"@id\":\"https:\\\/\\\/harleydavidsontoluca.com\\\/shop\\\/#website\"},\"primaryImageOfPage\":{\"@id\":\"https:\\\/\\\/harleydavidsontoluca.com\\\/shop\\\/producto\\\/sistema-de-capas-h-d-flex-capa-intermedia-acolchada\\\/#primaryimage\"},\"image\":{\"@id\":\"https:\\\/\\\/harleydavidsontoluca.com\\\/shop\\\/producto\\\/sistema-de-capas-h-d-flex-capa-intermedia-acolchada\\\/#primaryimage\"},\"thumbnailUrl\":\"https:\\\/\\\/harleydavidsontoluca.com\\\/shop\\\/wp-content\\\/uploads\\\/2025\\\/01\\\/Untitled-Project-2025-01-24T093518.718.jpg\",\"datePublished\":\"2025-01-24T15:37:01+00:00\",\"dateModified\":\"2026-03-05T22:03:44+00:00\",\"breadcrumb\":{\"@id\":\"https:\\\/\\\/harleydavidsontoluca.com\\\/shop\\\/producto\\\/sistema-de-capas-h-d-flex-capa-intermedia-acolchada\\\/#breadcrumb\"},\"inLanguage\":\"es\",\"potentialAction\":[{\"@type\":\"ReadAction\",\"target\":[\"https:\\\/\\\/harleydavidsontoluca.com\\\/shop\\\/producto\\\/sistema-de-capas-h-d-flex-capa-intermedia-acolchada\\\/\"]}]},{\"@type\":\"ImageObject\",\"inLanguage\":\"es\",\"@id\":\"https:\\\/\\\/harleydavidsontoluca.com\\\/shop\\\/producto\\\/sistema-de-capas-h-d-flex-capa-intermedia-acolchada\\\/#primaryimage\",\"url\":\"https:\\\/\\\/harleydavidsontoluca.com\\\/shop\\\/wp-content\\\/uploads\\\/2025\\\/01\\\/Untitled-Project-2025-01-24T093518.718.jpg\",\"contentUrl\":\"https:\\\/\\\/harleydavidsontoluca.com\\\/shop\\\/wp-content\\\/uploads\\\/2025\\\/01\\\/Untitled-Project-2025-01-24T093518.718.jpg\",\"width\":1080,\"height\":1080},{\"@type\":\"BreadcrumbList\",\"@id\":\"https:\\\/\\\/harleydavidsontoluca.com\\\/shop\\\/producto\\\/sistema-de-capas-h-d-flex-capa-intermedia-acolchada\\\/#breadcrumb\",\"itemListElement\":[{\"@type\":\"ListItem\",\"position\":1,\"name\":\"Portada\",\"item\":\"https:\\\/\\\/harleydavidsontoluca.com\\\/shop\\\/\"},{\"@type\":\"ListItem\",\"position\":2,\"name\":\"Tienda\",\"item\":\"https:\\\/\\\/harleydavidsontoluca.com\\\/shop\\\/tienda\\\/\"},{\"@type\":\"ListItem\",\"position\":3,\"name\":\"SISTEMA DE CAPAS H-D FLEX CAPA INTERMEDIA ACOLCHADA\"}]},{\"@type\":\"WebSite\",\"@id\":\"https:\\\/\\\/harleydavidsontoluca.com\\\/shop\\\/#website\",\"url\":\"https:\\\/\\\/harleydavidsontoluca.com\\\/shop\\\/\",\"name\":\"Shop H-D Toluca\",\"description\":\"Shop H-D Toluca\",\"publisher\":{\"@id\":\"https:\\\/\\\/harleydavidsontoluca.com\\\/shop\\\/#organization\"},\"potentialAction\":[{\"@type\":\"SearchAction\",\"target\":{\"@type\":\"EntryPoint\",\"urlTemplate\":\"https:\\\/\\\/harleydavidsontoluca.com\\\/shop\\\/?s={search_term_string}\"},\"query-input\":{\"@type\":\"PropertyValueSpecification\",\"valueRequired\":true,\"valueName\":\"search_term_string\"}}],\"inLanguage\":\"es\"},{\"@type\":\"Organization\",\"@id\":\"https:\\\/\\\/harleydavidsontoluca.com\\\/shop\\\/#organization\",\"name\":\"Concesionaria Central de Motos\",\"url\":\"https:\\\/\\\/harleydavidsontoluca.com\\\/shop\\\/\",\"logo\":{\"@type\":\"ImageObject\",\"inLanguage\":\"es\",\"@id\":\"https:\\\/\\\/harleydavidsontoluca.com\\\/shop\\\/#\\\/schema\\\/logo\\\/image\\\/\",\"url\":\"https:\\\/\\\/harleydavidsontoluca.com\\\/shop\\\/wp-content\\\/uploads\\\/2024\\\/02\\\/cropped-Logo-512.png\",\"contentUrl\":\"https:\\\/\\\/harleydavidsontoluca.com\\\/shop\\\/wp-content\\\/uploads\\\/2024\\\/02\\\/cropped-Logo-512.png\",\"width\":512,\"height\":512,\"caption\":\"Concesionaria Central de Motos\"},\"image\":{\"@id\":\"https:\\\/\\\/harleydavidsontoluca.com\\\/shop\\\/#\\\/schema\\\/logo\\\/image\\\/\"},\"sameAs\":[\"https:\\\/\\\/www.facebook.com\\\/HarleyDavidsonToluca\",\"https:\\\/\\\/www.instagram.com\\\/hdtoluca\\\/\"]}]}<\/script>\n<!-- \/ Yoast SEO plugin. -->","yoast_head_json":{"title":"SISTEMA DE CAPAS H-D FLEX CAPA INTERMEDIA ACOLCHADA - Tienda oficial H-D Toluca","robots":{"index":"index","follow":"follow","max-snippet":"max-snippet:-1","max-image-preview":"max-image-preview:large","max-video-preview":"max-video-preview:-1"},"canonical":"https:\/\/harleydavidsontoluca.com\/shop\/producto\/sistema-de-capas-h-d-flex-capa-intermedia-acolchada\/","og_locale":"es_MX","og_type":"article","og_title":"SISTEMA DE CAPAS H-D FLEX CAPA INTERMEDIA ACOLCHADA - Tienda oficial H-D Toluca","og_description":"Abr\u00edgate sin agregar volumen con nuestra H-D\u00ae\u00a0Flex Layering System Quilted Mid Layer. Se puede usar como capa intermedia en nuestra l\u00ednea modular 1-2-3 que te brinda opciones de protecci\u00f3n intercambiables y estilo para conducir. Esta capa intermedia aislante est\u00e1 fabricada con nylon duradero y liviano. Su estilo acolchado con detalles de ribetes y la marca en el mismo tono luce genial como prenda independiente. Adem\u00e1s, tiene un cuello con broches a presi\u00f3n ocultos que hacen que no aletee cuando conduces","og_url":"https:\/\/harleydavidsontoluca.com\/shop\/producto\/sistema-de-capas-h-d-flex-capa-intermedia-acolchada\/","og_site_name":"Tienda oficial H-D Toluca","article_publisher":"https:\/\/www.facebook.com\/HarleyDavidsonToluca","article_modified_time":"2026-03-05T22:03:44+00:00","og_image":[{"width":1080,"height":1080,"url":"https:\/\/harleydavidsontoluca.com\/shop\/wp-content\/uploads\/2025\/01\/Untitled-Project-2025-01-24T093518.718.jpg","type":"image\/jpeg"}],"twitter_card":"summary_large_image","twitter_misc":{"Tiempo de lectura":"1 minuto"},"schema":{"@context":"https:\/\/schema.org","@graph":[{"@type":"WebPage","@id":"https:\/\/harleydavidsontoluca.com\/shop\/producto\/sistema-de-capas-h-d-flex-capa-intermedia-acolchada\/","url":"https:\/\/harleydavidsontoluca.com\/shop\/producto\/sistema-de-capas-h-d-flex-capa-intermedia-acolchada\/","name":"SISTEMA DE CAPAS H-D FLEX CAPA INTERMEDIA ACOLCHADA - Tienda oficial H-D Toluca","isPartOf":{"@id":"https:\/\/harleydavidsontoluca.com\/shop\/#website"},"primaryImageOfPage":{"@id":"https:\/\/harleydavidsontoluca.com\/shop\/producto\/sistema-de-capas-h-d-flex-capa-intermedia-acolchada\/#primaryimage"},"image":{"@id":"https:\/\/harleydavidsontoluca.com\/shop\/producto\/sistema-de-capas-h-d-flex-capa-intermedia-acolchada\/#primaryimage"},"thumbnailUrl":"https:\/\/harleydavidsontoluca.com\/shop\/wp-content\/uploads\/2025\/01\/Untitled-Project-2025-01-24T093518.718.jpg","datePublished":"2025-01-24T15:37:01+00:00","dateModified":"2026-03-05T22:03:44+00:00","breadcrumb":{"@id":"https:\/\/harleydavidsontoluca.com\/shop\/producto\/sistema-de-capas-h-d-flex-capa-intermedia-acolchada\/#breadcrumb"},"inLanguage":"es","potentialAction":[{"@type":"ReadAction","target":["https:\/\/harleydavidsontoluca.com\/shop\/producto\/sistema-de-capas-h-d-flex-capa-intermedia-acolchada\/"]}]},{"@type":"ImageObject","inLanguage":"es","@id":"https:\/\/harleydavidsontoluca.com\/shop\/producto\/sistema-de-capas-h-d-flex-capa-intermedia-acolchada\/#primaryimage","url":"https:\/\/harleydavidsontoluca.com\/shop\/wp-content\/uploads\/2025\/01\/Untitled-Project-2025-01-24T093518.718.jpg","contentUrl":"https:\/\/harleydavidsontoluca.com\/shop\/wp-content\/uploads\/2025\/01\/Untitled-Project-2025-01-24T093518.718.jpg","width":1080,"height":1080},{"@type":"BreadcrumbList","@id":"https:\/\/harleydavidsontoluca.com\/shop\/producto\/sistema-de-capas-h-d-flex-capa-intermedia-acolchada\/#breadcrumb","itemListElement":[{"@type":"ListItem","position":1,"name":"Portada","item":"https:\/\/harleydavidsontoluca.com\/shop\/"},{"@type":"ListItem","position":2,"name":"Tienda","item":"https:\/\/harleydavidsontoluca.com\/shop\/tienda\/"},{"@type":"ListItem","position":3,"name":"SISTEMA DE CAPAS H-D FLEX CAPA INTERMEDIA ACOLCHADA"}]},{"@type":"WebSite","@id":"https:\/\/harleydavidsontoluca.com\/shop\/#website","url":"https:\/\/harleydavidsontoluca.com\/shop\/","name":"Shop H-D Toluca","description":"Shop H-D Toluca","publisher":{"@id":"https:\/\/harleydavidsontoluca.com\/shop\/#organization"},"potentialAction":[{"@type":"SearchAction","target":{"@type":"EntryPoint","urlTemplate":"https:\/\/harleydavidsontoluca.com\/shop\/?s={search_term_string}"},"query-input":{"@type":"PropertyValueSpecification","valueRequired":true,"valueName":"search_term_string"}}],"inLanguage":"es"},{"@type":"Organization","@id":"https:\/\/harleydavidsontoluca.com\/shop\/#organization","name":"Concesionaria Central de Motos","url":"https:\/\/harleydavidsontoluca.com\/shop\/","logo":{"@type":"ImageObject","inLanguage":"es","@id":"https:\/\/harleydavidsontoluca.com\/shop\/#\/schema\/logo\/image\/","url":"https:\/\/harleydavidsontoluca.com\/shop\/wp-content\/uploads\/2024\/02\/cropped-Logo-512.png","contentUrl":"https:\/\/harleydavidsontoluca.com\/shop\/wp-content\/uploads\/2024\/02\/cropped-Logo-512.png","width":512,"height":512,"caption":"Concesionaria Central de Motos"},"image":{"@id":"https:\/\/harleydavidsontoluca.com\/shop\/#\/schema\/logo\/image\/"},"sameAs":["https:\/\/www.facebook.com\/HarleyDavidsonToluca","https:\/\/www.instagram.com\/hdtoluca\/"]}]}},"_links":{"self":[{"href":"https:\/\/harleydavidsontoluca.com\/shop\/wp-json\/wp\/v2\/product\/46930","targetHints":{"allow":["GET"]}}],"collection":[{"href":"https:\/\/harleydavidsontoluca.com\/shop\/wp-json\/wp\/v2\/product"}],"about":[{"href":"https:\/\/harleydavidsontoluca.com\/shop\/wp-json\/wp\/v2\/types\/product"}],"wp:featuredmedia":[{"embeddable":true,"href":"https:\/\/harleydavidsontoluca.com\/shop\/wp-json\/wp\/v2\/media\/46937"}],"wp:attachment":[{"href":"https:\/\/harleydavidsontoluca.com\/shop\/wp-json\/wp\/v2\/media?parent=46930"}],"wp:term":[{"taxonomy":"product_brand","embeddable":true,"href":"https:\/\/harleydavidsontoluca.com\/shop\/wp-json\/wp\/v2\/product_brand?post=46930"},{"taxonomy":"product_cat","embeddable":true,"href":"https:\/\/harleydavidsontoluca.com\/shop\/wp-json\/wp\/v2\/product_cat?post=46930"},{"taxonomy":"product_tag","embeddable":true,"href":"https:\/\/harleydavidsontoluca.com\/shop\/wp-json\/wp\/v2\/product_tag?post=46930"}],"curies":[{"name":"wp","href":"https:\/\/api.w.org\/{rel}","templated":true}]}}