
{"id":46677,"date":"2024-11-12T15:45:18","date_gmt":"2024-11-12T21:45:18","guid":{"rendered":"https:\/\/harleydavidsontoluca.com\/shop\/?post_type=product&#038;p=46677"},"modified":"2025-12-23T13:18:56","modified_gmt":"2025-12-23T19:18:56","slug":"set-de-regalo-con-guantes-y-gorro-de-willie-g-skull","status":"publish","type":"product","link":"https:\/\/harleydavidsontoluca.com\/shop\/producto\/set-de-regalo-con-guantes-y-gorro-de-willie-g-skull\/","title":{"rendered":"SET DE REGALO CON GUANTES Y GORRO DE WILLIE G SKULL"},"content":{"rendered":"<div class=\"mt-3\">\u2022\u00a0<span class=\"b2\">Materials:\u00a0<\/span>Materiales: Punto acanalado de 97\u202f% de acr\u00edlico y 3\u202f% de lycra.<\/div>\n<div class=\"mt-3\">\u2022\u00a0<span class=\"b2\">Closure:\u00a0<\/span>Cierre: Talla \u00fanica.<\/div>\n<div class=\"mt-3\">\u2022\u00a0<span class=\"b2\">Design Details:\u00a0<\/span>Detalles de dise\u00f1o: Palma de cuero de cabra (guante). Compatible con pantallas t\u00e1ctiles.<\/div>\n<div class=\"mt-3\">\u2022\u00a0<span class=\"b2\">Graphics:\u00a0<\/span>Gr\u00e1ficos: Punto intarsia (gorro) Etiqueta de cuero estampada en relieve (guante).<\/div>\n","protected":false},"excerpt":{"rendered":"<p>Mantente abrigado con un estilo que rinde homenaje al legado creativo con el Willie G<sup>\u2122<\/sup>\u00a0Skull Beanie and Glove Gift Set de edici\u00f3n limitada. El gorro est\u00e1 hecho de tejido de punto acanalado de acr\u00edlico con un toque de lycra que le da mayor elasticidad. Los guantes compatibles con pantallas t\u00e1ctiles est\u00e1n confeccionados con una mezcla de tejido de acr\u00edlico\/lycra y cuero de cabra en las palmas. El ic\u00f3nico gr\u00e1fico de la calavera de Willie G. Davidson le da un toque de color llamativo a un estilo que honra el trabajo del director de estilo de nuestra marca. Conoce la historia: adem\u00e1s de los gr\u00e1ficos, Willie G. dise\u00f1\u00f3 varias motocicletas H-D<sup>\u00ae<\/sup>, como la FX Super Glide de 1971 y la FXS Low Rider<sup>\u00ae<\/sup>\u00a0de 1977. Pide ahora este set antes de que se agoten las existencias.<\/p>\n<div class=\"pl-3\">\n<div class=\"mt-3\">\u2022\u00a0<span class=\"b2\">Materials:\u00a0<\/span>Materiales: Punto acanalado de 97\u202f% de acr\u00edlico y 3\u202f% de lycra.<\/div>\n<\/div>\n","protected":false},"featured_media":46678,"template":"","meta":[],"product_brand":[],"product_cat":[79,24],"product_tag":[],"class_list":{"0":"post-46677","1":"product","2":"type-product","3":"status-publish","4":"has-post-thumbnail","6":"product_cat-accesorios-hombre","7":"product_cat-hombre","9":"first","10":"instock","11":"taxable","12":"shipping-taxable","13":"purchasable","14":"product-type-simple"},"yoast_head":"<!-- This site is optimized with the Yoast SEO plugin v27.4 - https:\/\/yoast.com\/product\/yoast-seo-wordpress\/ -->\n<title>SET DE REGALO CON GUANTES Y GORRO DE WILLIE G SKULL - Tienda oficial H-D Toluca<\/title>\n<meta name=\"robots\" content=\"index, follow, max-snippet:-1, max-image-preview:large, max-video-preview:-1\" \/>\n<link rel=\"canonical\" href=\"https:\/\/harleydavidsontoluca.com\/shop\/producto\/set-de-regalo-con-guantes-y-gorro-de-willie-g-skull\/\" \/>\n<meta property=\"og:locale\" content=\"es_MX\" \/>\n<meta property=\"og:type\" content=\"article\" \/>\n<meta property=\"og:title\" content=\"SET DE REGALO CON GUANTES Y GORRO DE WILLIE G SKULL - Tienda oficial H-D Toluca\" \/>\n<meta property=\"og:description\" content=\"Mantente abrigado con un estilo que rinde homenaje al legado creativo con el Willie G\u2122\u00a0Skull Beanie and Glove Gift Set de edici\u00f3n limitada. El gorro est\u00e1 hecho de tejido de punto acanalado de acr\u00edlico con un toque de lycra que le da mayor elasticidad. Los guantes compatibles con pantallas t\u00e1ctiles est\u00e1n confeccionados con una mezcla de tejido de acr\u00edlico\/lycra y cuero de cabra en las palmas. El ic\u00f3nico gr\u00e1fico de la calavera de Willie G. Davidson le da un toque de color llamativo a un estilo que honra el trabajo del director de estilo de nuestra marca. Conoce la historia: adem\u00e1s de los gr\u00e1ficos, Willie G. dise\u00f1\u00f3 varias motocicletas H-D\u00ae, como la FX Super Glide de 1971 y la FXS Low Rider\u00ae\u00a0de 1977. Pide ahora este set antes de que se agoten las existencias.  \u2022\u00a0Materials:\u00a0Materiales: Punto acanalado de 97\u202f% de acr\u00edlico y 3\u202f% de lycra.\" \/>\n<meta property=\"og:url\" content=\"https:\/\/harleydavidsontoluca.com\/shop\/producto\/set-de-regalo-con-guantes-y-gorro-de-willie-g-skull\/\" \/>\n<meta property=\"og:site_name\" content=\"Tienda oficial H-D Toluca\" \/>\n<meta property=\"article:publisher\" content=\"https:\/\/www.facebook.com\/HarleyDavidsonToluca\" \/>\n<meta property=\"article:modified_time\" content=\"2025-12-23T19:18:56+00:00\" \/>\n<meta property=\"og:image\" content=\"https:\/\/harleydavidsontoluca.com\/shop\/wp-content\/uploads\/2024\/11\/Untitled-Project-2024-11-12T154451.716.jpg\" \/>\n\t<meta property=\"og:image:width\" content=\"1080\" \/>\n\t<meta property=\"og:image:height\" content=\"1080\" \/>\n\t<meta property=\"og:image:type\" content=\"image\/jpeg\" \/>\n<meta name=\"twitter:card\" content=\"summary_large_image\" \/>\n<meta name=\"twitter:label1\" content=\"Tiempo de lectura\" \/>\n\t<meta name=\"twitter:data1\" content=\"1 minuto\" \/>\n<script type=\"application\/ld+json\" class=\"yoast-schema-graph\">{\"@context\":\"https:\\\/\\\/schema.org\",\"@graph\":[{\"@type\":\"WebPage\",\"@id\":\"https:\\\/\\\/harleydavidsontoluca.com\\\/shop\\\/producto\\\/set-de-regalo-con-guantes-y-gorro-de-willie-g-skull\\\/\",\"url\":\"https:\\\/\\\/harleydavidsontoluca.com\\\/shop\\\/producto\\\/set-de-regalo-con-guantes-y-gorro-de-willie-g-skull\\\/\",\"name\":\"SET DE REGALO CON GUANTES Y GORRO DE WILLIE G SKULL - Tienda oficial H-D Toluca\",\"isPartOf\":{\"@id\":\"https:\\\/\\\/harleydavidsontoluca.com\\\/shop\\\/#website\"},\"primaryImageOfPage\":{\"@id\":\"https:\\\/\\\/harleydavidsontoluca.com\\\/shop\\\/producto\\\/set-de-regalo-con-guantes-y-gorro-de-willie-g-skull\\\/#primaryimage\"},\"image\":{\"@id\":\"https:\\\/\\\/harleydavidsontoluca.com\\\/shop\\\/producto\\\/set-de-regalo-con-guantes-y-gorro-de-willie-g-skull\\\/#primaryimage\"},\"thumbnailUrl\":\"https:\\\/\\\/harleydavidsontoluca.com\\\/shop\\\/wp-content\\\/uploads\\\/2024\\\/11\\\/Untitled-Project-2024-11-12T154451.716.jpg\",\"datePublished\":\"2024-11-12T21:45:18+00:00\",\"dateModified\":\"2025-12-23T19:18:56+00:00\",\"breadcrumb\":{\"@id\":\"https:\\\/\\\/harleydavidsontoluca.com\\\/shop\\\/producto\\\/set-de-regalo-con-guantes-y-gorro-de-willie-g-skull\\\/#breadcrumb\"},\"inLanguage\":\"es\",\"potentialAction\":[{\"@type\":\"ReadAction\",\"target\":[\"https:\\\/\\\/harleydavidsontoluca.com\\\/shop\\\/producto\\\/set-de-regalo-con-guantes-y-gorro-de-willie-g-skull\\\/\"]}]},{\"@type\":\"ImageObject\",\"inLanguage\":\"es\",\"@id\":\"https:\\\/\\\/harleydavidsontoluca.com\\\/shop\\\/producto\\\/set-de-regalo-con-guantes-y-gorro-de-willie-g-skull\\\/#primaryimage\",\"url\":\"https:\\\/\\\/harleydavidsontoluca.com\\\/shop\\\/wp-content\\\/uploads\\\/2024\\\/11\\\/Untitled-Project-2024-11-12T154451.716.jpg\",\"contentUrl\":\"https:\\\/\\\/harleydavidsontoluca.com\\\/shop\\\/wp-content\\\/uploads\\\/2024\\\/11\\\/Untitled-Project-2024-11-12T154451.716.jpg\",\"width\":1080,\"height\":1080},{\"@type\":\"BreadcrumbList\",\"@id\":\"https:\\\/\\\/harleydavidsontoluca.com\\\/shop\\\/producto\\\/set-de-regalo-con-guantes-y-gorro-de-willie-g-skull\\\/#breadcrumb\",\"itemListElement\":[{\"@type\":\"ListItem\",\"position\":1,\"name\":\"Portada\",\"item\":\"https:\\\/\\\/harleydavidsontoluca.com\\\/shop\\\/\"},{\"@type\":\"ListItem\",\"position\":2,\"name\":\"Tienda\",\"item\":\"https:\\\/\\\/harleydavidsontoluca.com\\\/shop\\\/tienda\\\/\"},{\"@type\":\"ListItem\",\"position\":3,\"name\":\"SET DE REGALO CON GUANTES Y GORRO DE WILLIE G SKULL\"}]},{\"@type\":\"WebSite\",\"@id\":\"https:\\\/\\\/harleydavidsontoluca.com\\\/shop\\\/#website\",\"url\":\"https:\\\/\\\/harleydavidsontoluca.com\\\/shop\\\/\",\"name\":\"Shop H-D Toluca\",\"description\":\"Shop H-D Toluca\",\"publisher\":{\"@id\":\"https:\\\/\\\/harleydavidsontoluca.com\\\/shop\\\/#organization\"},\"potentialAction\":[{\"@type\":\"SearchAction\",\"target\":{\"@type\":\"EntryPoint\",\"urlTemplate\":\"https:\\\/\\\/harleydavidsontoluca.com\\\/shop\\\/?s={search_term_string}\"},\"query-input\":{\"@type\":\"PropertyValueSpecification\",\"valueRequired\":true,\"valueName\":\"search_term_string\"}}],\"inLanguage\":\"es\"},{\"@type\":\"Organization\",\"@id\":\"https:\\\/\\\/harleydavidsontoluca.com\\\/shop\\\/#organization\",\"name\":\"Concesionaria Central de Motos\",\"url\":\"https:\\\/\\\/harleydavidsontoluca.com\\\/shop\\\/\",\"logo\":{\"@type\":\"ImageObject\",\"inLanguage\":\"es\",\"@id\":\"https:\\\/\\\/harleydavidsontoluca.com\\\/shop\\\/#\\\/schema\\\/logo\\\/image\\\/\",\"url\":\"https:\\\/\\\/harleydavidsontoluca.com\\\/shop\\\/wp-content\\\/uploads\\\/2024\\\/02\\\/cropped-Logo-512.png\",\"contentUrl\":\"https:\\\/\\\/harleydavidsontoluca.com\\\/shop\\\/wp-content\\\/uploads\\\/2024\\\/02\\\/cropped-Logo-512.png\",\"width\":512,\"height\":512,\"caption\":\"Concesionaria Central de Motos\"},\"image\":{\"@id\":\"https:\\\/\\\/harleydavidsontoluca.com\\\/shop\\\/#\\\/schema\\\/logo\\\/image\\\/\"},\"sameAs\":[\"https:\\\/\\\/www.facebook.com\\\/HarleyDavidsonToluca\",\"https:\\\/\\\/www.instagram.com\\\/hdtoluca\\\/\"]}]}<\/script>\n<!-- \/ Yoast SEO plugin. -->","yoast_head_json":{"title":"SET DE REGALO CON GUANTES Y GORRO DE WILLIE G SKULL - Tienda oficial H-D Toluca","robots":{"index":"index","follow":"follow","max-snippet":"max-snippet:-1","max-image-preview":"max-image-preview:large","max-video-preview":"max-video-preview:-1"},"canonical":"https:\/\/harleydavidsontoluca.com\/shop\/producto\/set-de-regalo-con-guantes-y-gorro-de-willie-g-skull\/","og_locale":"es_MX","og_type":"article","og_title":"SET DE REGALO CON GUANTES Y GORRO DE WILLIE G SKULL - Tienda oficial H-D Toluca","og_description":"Mantente abrigado con un estilo que rinde homenaje al legado creativo con el Willie G\u2122\u00a0Skull Beanie and Glove Gift Set de edici\u00f3n limitada. El gorro est\u00e1 hecho de tejido de punto acanalado de acr\u00edlico con un toque de lycra que le da mayor elasticidad. Los guantes compatibles con pantallas t\u00e1ctiles est\u00e1n confeccionados con una mezcla de tejido de acr\u00edlico\/lycra y cuero de cabra en las palmas. El ic\u00f3nico gr\u00e1fico de la calavera de Willie G. Davidson le da un toque de color llamativo a un estilo que honra el trabajo del director de estilo de nuestra marca. Conoce la historia: adem\u00e1s de los gr\u00e1ficos, Willie G. dise\u00f1\u00f3 varias motocicletas H-D\u00ae, como la FX Super Glide de 1971 y la FXS Low Rider\u00ae\u00a0de 1977. Pide ahora este set antes de que se agoten las existencias.  \u2022\u00a0Materials:\u00a0Materiales: Punto acanalado de 97\u202f% de acr\u00edlico y 3\u202f% de lycra.","og_url":"https:\/\/harleydavidsontoluca.com\/shop\/producto\/set-de-regalo-con-guantes-y-gorro-de-willie-g-skull\/","og_site_name":"Tienda oficial H-D Toluca","article_publisher":"https:\/\/www.facebook.com\/HarleyDavidsonToluca","article_modified_time":"2025-12-23T19:18:56+00:00","og_image":[{"width":1080,"height":1080,"url":"https:\/\/harleydavidsontoluca.com\/shop\/wp-content\/uploads\/2024\/11\/Untitled-Project-2024-11-12T154451.716.jpg","type":"image\/jpeg"}],"twitter_card":"summary_large_image","twitter_misc":{"Tiempo de lectura":"1 minuto"},"schema":{"@context":"https:\/\/schema.org","@graph":[{"@type":"WebPage","@id":"https:\/\/harleydavidsontoluca.com\/shop\/producto\/set-de-regalo-con-guantes-y-gorro-de-willie-g-skull\/","url":"https:\/\/harleydavidsontoluca.com\/shop\/producto\/set-de-regalo-con-guantes-y-gorro-de-willie-g-skull\/","name":"SET DE REGALO CON GUANTES Y GORRO DE WILLIE G SKULL - Tienda oficial H-D Toluca","isPartOf":{"@id":"https:\/\/harleydavidsontoluca.com\/shop\/#website"},"primaryImageOfPage":{"@id":"https:\/\/harleydavidsontoluca.com\/shop\/producto\/set-de-regalo-con-guantes-y-gorro-de-willie-g-skull\/#primaryimage"},"image":{"@id":"https:\/\/harleydavidsontoluca.com\/shop\/producto\/set-de-regalo-con-guantes-y-gorro-de-willie-g-skull\/#primaryimage"},"thumbnailUrl":"https:\/\/harleydavidsontoluca.com\/shop\/wp-content\/uploads\/2024\/11\/Untitled-Project-2024-11-12T154451.716.jpg","datePublished":"2024-11-12T21:45:18+00:00","dateModified":"2025-12-23T19:18:56+00:00","breadcrumb":{"@id":"https:\/\/harleydavidsontoluca.com\/shop\/producto\/set-de-regalo-con-guantes-y-gorro-de-willie-g-skull\/#breadcrumb"},"inLanguage":"es","potentialAction":[{"@type":"ReadAction","target":["https:\/\/harleydavidsontoluca.com\/shop\/producto\/set-de-regalo-con-guantes-y-gorro-de-willie-g-skull\/"]}]},{"@type":"ImageObject","inLanguage":"es","@id":"https:\/\/harleydavidsontoluca.com\/shop\/producto\/set-de-regalo-con-guantes-y-gorro-de-willie-g-skull\/#primaryimage","url":"https:\/\/harleydavidsontoluca.com\/shop\/wp-content\/uploads\/2024\/11\/Untitled-Project-2024-11-12T154451.716.jpg","contentUrl":"https:\/\/harleydavidsontoluca.com\/shop\/wp-content\/uploads\/2024\/11\/Untitled-Project-2024-11-12T154451.716.jpg","width":1080,"height":1080},{"@type":"BreadcrumbList","@id":"https:\/\/harleydavidsontoluca.com\/shop\/producto\/set-de-regalo-con-guantes-y-gorro-de-willie-g-skull\/#breadcrumb","itemListElement":[{"@type":"ListItem","position":1,"name":"Portada","item":"https:\/\/harleydavidsontoluca.com\/shop\/"},{"@type":"ListItem","position":2,"name":"Tienda","item":"https:\/\/harleydavidsontoluca.com\/shop\/tienda\/"},{"@type":"ListItem","position":3,"name":"SET DE REGALO CON GUANTES Y GORRO DE WILLIE G SKULL"}]},{"@type":"WebSite","@id":"https:\/\/harleydavidsontoluca.com\/shop\/#website","url":"https:\/\/harleydavidsontoluca.com\/shop\/","name":"Shop H-D Toluca","description":"Shop H-D Toluca","publisher":{"@id":"https:\/\/harleydavidsontoluca.com\/shop\/#organization"},"potentialAction":[{"@type":"SearchAction","target":{"@type":"EntryPoint","urlTemplate":"https:\/\/harleydavidsontoluca.com\/shop\/?s={search_term_string}"},"query-input":{"@type":"PropertyValueSpecification","valueRequired":true,"valueName":"search_term_string"}}],"inLanguage":"es"},{"@type":"Organization","@id":"https:\/\/harleydavidsontoluca.com\/shop\/#organization","name":"Concesionaria Central de Motos","url":"https:\/\/harleydavidsontoluca.com\/shop\/","logo":{"@type":"ImageObject","inLanguage":"es","@id":"https:\/\/harleydavidsontoluca.com\/shop\/#\/schema\/logo\/image\/","url":"https:\/\/harleydavidsontoluca.com\/shop\/wp-content\/uploads\/2024\/02\/cropped-Logo-512.png","contentUrl":"https:\/\/harleydavidsontoluca.com\/shop\/wp-content\/uploads\/2024\/02\/cropped-Logo-512.png","width":512,"height":512,"caption":"Concesionaria Central de Motos"},"image":{"@id":"https:\/\/harleydavidsontoluca.com\/shop\/#\/schema\/logo\/image\/"},"sameAs":["https:\/\/www.facebook.com\/HarleyDavidsonToluca","https:\/\/www.instagram.com\/hdtoluca\/"]}]}},"_links":{"self":[{"href":"https:\/\/harleydavidsontoluca.com\/shop\/wp-json\/wp\/v2\/product\/46677","targetHints":{"allow":["GET"]}}],"collection":[{"href":"https:\/\/harleydavidsontoluca.com\/shop\/wp-json\/wp\/v2\/product"}],"about":[{"href":"https:\/\/harleydavidsontoluca.com\/shop\/wp-json\/wp\/v2\/types\/product"}],"wp:featuredmedia":[{"embeddable":true,"href":"https:\/\/harleydavidsontoluca.com\/shop\/wp-json\/wp\/v2\/media\/46678"}],"wp:attachment":[{"href":"https:\/\/harleydavidsontoluca.com\/shop\/wp-json\/wp\/v2\/media?parent=46677"}],"wp:term":[{"taxonomy":"product_brand","embeddable":true,"href":"https:\/\/harleydavidsontoluca.com\/shop\/wp-json\/wp\/v2\/product_brand?post=46677"},{"taxonomy":"product_cat","embeddable":true,"href":"https:\/\/harleydavidsontoluca.com\/shop\/wp-json\/wp\/v2\/product_cat?post=46677"},{"taxonomy":"product_tag","embeddable":true,"href":"https:\/\/harleydavidsontoluca.com\/shop\/wp-json\/wp\/v2\/product_tag?post=46677"}],"curies":[{"name":"wp","href":"https:\/\/api.w.org\/{rel}","templated":true}]}}