
{"id":46647,"date":"2024-11-12T15:23:48","date_gmt":"2024-11-12T21:23:48","guid":{"rendered":"https:\/\/harleydavidsontoluca.com\/shop\/?post_type=product&#038;p=46647"},"modified":"2026-01-16T13:45:21","modified_gmt":"2026-01-16T19:45:21","slug":"guantes-para-hombre-h-d","status":"publish","type":"product","link":"https:\/\/harleydavidsontoluca.com\/shop\/producto\/guantes-para-hombre-h-d\/","title":{"rendered":"GUANTES PARA  HOMBRE H-D"},"content":{"rendered":"<pre id=\"tw-target-text\" class=\"tw-data-text tw-text-large tw-ta\" dir=\"ltr\" data-placeholder=\"Traducci\u00f3n\" data-ved=\"2ahUKEwjBltqnsdeJAxV5JEQIHZ15OLsQ3ewLegQICRAU\" aria-label=\"Texto traducido: \u2022 Mant\u00e9ngase abrigado: Aislante 3M Thinsulate. \u2022 Mant\u00e9ngase seco: Impermeable. \u2022 Ajuste y movilidad: Dedos precurvados a 30\u00b0. Nudillos Power-Stretch. Mu\u00f1eca el\u00e1stica con cierre de velcro ajustable. \u2022 Materiales: Sarga de poli\u00e9ster y lycra, cuero de imitaci\u00f3n gamuza con poli\u00e9ster y cuero de cabra. Forro de punto. \u2022 Funciones adicionales: Dispositivo, ubicado en el dedo \u00edndice izquierdo, para despejar el visor del casco. Dispositivo de microfibra, ubicado en el pulgar, para limpiar la nariz. Palmas y envolturas de los dedos reforzados y acolchados, y compatibles con pantallas t\u00e1ctiles. Ribetes de material reflectante 3M Scotchlite. \u2022 Gr\u00e1fica: Estampado serigrafiado. \u2022 Certificaci\u00f3n: Previsto para cumplir con EN 13594:2015, nivel 1\"><span class=\"Y2IQFc\" lang=\"es\">\u2022 Mant\u00e9ngase abrigado: Aislante 3M Thinsulate.\r\n\u2022 Mant\u00e9ngase seco: Impermeable.\r\n\u2022 Ajuste y movilidad: Dedos precurvados a 30\u00b0. Nudillos Power-Stretch. Mu\u00f1eca el\u00e1stica con cierre de velcro ajustable.\r\n\u2022 Materiales: Sarga de poli\u00e9ster y lycra, cuero de imitaci\u00f3n gamuza con poli\u00e9ster y cuero de cabra. Forro de punto.\r\n\u2022 Funciones adicionales: Dispositivo, ubicado en el dedo \u00edndice izquierdo, para despejar el visor del casco. Dispositivo de microfibra, ubicado en el pulgar, para limpiar la nariz. Palmas y envolturas de los dedos reforzados y acolchados, y compatibles con pantallas t\u00e1ctiles. Ribetes de material reflectante 3M Scotchlite.\r\n\u2022 Gr\u00e1fica: Estampado serigrafiado.\r\n\u2022 Certificaci\u00f3n: Previsto para cumplir con EN 13594:2015, nivel 1<\/span><\/pre>\n","protected":false},"excerpt":{"rendered":"<p>Abrigados, impermeables y c\u00f3modos: estas tres cualidades y mucho m\u00e1s en estos Apex Mixed Media Gloves. Estos guantes, con material aislante y dise\u00f1ados con una combinaci\u00f3n de materiales resistentes, son impermeables y tienen las costuras selladas para protegerte de las condiciones clim\u00e1ticas no deseadas cuando conduces. Para el dise\u00f1o de estos guantes se tuvo en cuenta cada detalle, desde el Power-Stretch en los nudillos y las palmas acolchadas hasta la compatibilidad con las pantallas t\u00e1ctiles y el material reflectante con tecnolog\u00eda Carbon Black para dar mayor visibilidad. Y como caracter\u00edstica funcional extra, estos guantes para conducir est\u00e1n dise\u00f1ados con un dispositivo, ubicado en el dedo \u00edndice izquierdo, para despejar el visor del casco y con un dispositivo de microfibra, ubicado en el pulgar, para limpiar la nariz. Tienen nuestro logo abierto Bar &amp; Shield que le da un look discreto, aut\u00e9nticamente Harley-Davidson.<\/p>\n","protected":false},"featured_media":46653,"template":"","meta":[],"product_brand":[],"product_cat":[37,24],"product_tag":[],"class_list":{"0":"post-46647","1":"product","2":"type-product","3":"status-publish","4":"has-post-thumbnail","6":"product_cat-guantes","7":"product_cat-hombre","8":"pa_talla-l","9":"pa_talla-m","10":"pa_talla-s","11":"pa_talla-xl","12":"pa_talla-xxl","14":"first","15":"instock","16":"taxable","17":"shipping-taxable","18":"purchasable","19":"product-type-variable"},"yoast_head":"<!-- This site is optimized with the Yoast SEO plugin v27.4 - https:\/\/yoast.com\/product\/yoast-seo-wordpress\/ -->\n<title>GUANTES PARA HOMBRE H-D - Tienda oficial H-D Toluca<\/title>\n<meta name=\"robots\" content=\"index, follow, max-snippet:-1, max-image-preview:large, max-video-preview:-1\" \/>\n<link rel=\"canonical\" href=\"https:\/\/harleydavidsontoluca.com\/shop\/producto\/guantes-para-hombre-h-d\/\" \/>\n<meta property=\"og:locale\" content=\"es_MX\" \/>\n<meta property=\"og:type\" content=\"article\" \/>\n<meta property=\"og:title\" content=\"GUANTES PARA HOMBRE H-D - Tienda oficial H-D Toluca\" \/>\n<meta property=\"og:description\" content=\"Abrigados, impermeables y c\u00f3modos: estas tres cualidades y mucho m\u00e1s en estos Apex Mixed Media Gloves. Estos guantes, con material aislante y dise\u00f1ados con una combinaci\u00f3n de materiales resistentes, son impermeables y tienen las costuras selladas para protegerte de las condiciones clim\u00e1ticas no deseadas cuando conduces. Para el dise\u00f1o de estos guantes se tuvo en cuenta cada detalle, desde el Power-Stretch en los nudillos y las palmas acolchadas hasta la compatibilidad con las pantallas t\u00e1ctiles y el material reflectante con tecnolog\u00eda Carbon Black para dar mayor visibilidad. Y como caracter\u00edstica funcional extra, estos guantes para conducir est\u00e1n dise\u00f1ados con un dispositivo, ubicado en el dedo \u00edndice izquierdo, para despejar el visor del casco y con un dispositivo de microfibra, ubicado en el pulgar, para limpiar la nariz. Tienen nuestro logo abierto Bar &amp; Shield que le da un look discreto, aut\u00e9nticamente Harley-Davidson.\" \/>\n<meta property=\"og:url\" content=\"https:\/\/harleydavidsontoluca.com\/shop\/producto\/guantes-para-hombre-h-d\/\" \/>\n<meta property=\"og:site_name\" content=\"Tienda oficial H-D Toluca\" \/>\n<meta property=\"article:publisher\" content=\"https:\/\/www.facebook.com\/HarleyDavidsonToluca\" \/>\n<meta property=\"article:modified_time\" content=\"2026-01-16T19:45:21+00:00\" \/>\n<meta property=\"og:image\" content=\"https:\/\/harleydavidsontoluca.com\/shop\/wp-content\/uploads\/2024\/11\/Untitled-Project-2024-11-12T152253.770.jpg\" \/>\n\t<meta property=\"og:image:width\" content=\"1080\" \/>\n\t<meta property=\"og:image:height\" content=\"1080\" \/>\n\t<meta property=\"og:image:type\" content=\"image\/jpeg\" \/>\n<meta name=\"twitter:card\" content=\"summary_large_image\" \/>\n<meta name=\"twitter:label1\" content=\"Tiempo de lectura\" \/>\n\t<meta name=\"twitter:data1\" content=\"1 minuto\" \/>\n<script type=\"application\/ld+json\" class=\"yoast-schema-graph\">{\"@context\":\"https:\\\/\\\/schema.org\",\"@graph\":[{\"@type\":\"WebPage\",\"@id\":\"https:\\\/\\\/harleydavidsontoluca.com\\\/shop\\\/producto\\\/guantes-para-hombre-h-d\\\/\",\"url\":\"https:\\\/\\\/harleydavidsontoluca.com\\\/shop\\\/producto\\\/guantes-para-hombre-h-d\\\/\",\"name\":\"GUANTES PARA HOMBRE H-D - Tienda oficial H-D Toluca\",\"isPartOf\":{\"@id\":\"https:\\\/\\\/harleydavidsontoluca.com\\\/shop\\\/#website\"},\"primaryImageOfPage\":{\"@id\":\"https:\\\/\\\/harleydavidsontoluca.com\\\/shop\\\/producto\\\/guantes-para-hombre-h-d\\\/#primaryimage\"},\"image\":{\"@id\":\"https:\\\/\\\/harleydavidsontoluca.com\\\/shop\\\/producto\\\/guantes-para-hombre-h-d\\\/#primaryimage\"},\"thumbnailUrl\":\"https:\\\/\\\/harleydavidsontoluca.com\\\/shop\\\/wp-content\\\/uploads\\\/2024\\\/11\\\/Untitled-Project-2024-11-12T152253.770.jpg\",\"datePublished\":\"2024-11-12T21:23:48+00:00\",\"dateModified\":\"2026-01-16T19:45:21+00:00\",\"breadcrumb\":{\"@id\":\"https:\\\/\\\/harleydavidsontoluca.com\\\/shop\\\/producto\\\/guantes-para-hombre-h-d\\\/#breadcrumb\"},\"inLanguage\":\"es\",\"potentialAction\":[{\"@type\":\"ReadAction\",\"target\":[\"https:\\\/\\\/harleydavidsontoluca.com\\\/shop\\\/producto\\\/guantes-para-hombre-h-d\\\/\"]}]},{\"@type\":\"ImageObject\",\"inLanguage\":\"es\",\"@id\":\"https:\\\/\\\/harleydavidsontoluca.com\\\/shop\\\/producto\\\/guantes-para-hombre-h-d\\\/#primaryimage\",\"url\":\"https:\\\/\\\/harleydavidsontoluca.com\\\/shop\\\/wp-content\\\/uploads\\\/2024\\\/11\\\/Untitled-Project-2024-11-12T152253.770.jpg\",\"contentUrl\":\"https:\\\/\\\/harleydavidsontoluca.com\\\/shop\\\/wp-content\\\/uploads\\\/2024\\\/11\\\/Untitled-Project-2024-11-12T152253.770.jpg\",\"width\":1080,\"height\":1080},{\"@type\":\"BreadcrumbList\",\"@id\":\"https:\\\/\\\/harleydavidsontoluca.com\\\/shop\\\/producto\\\/guantes-para-hombre-h-d\\\/#breadcrumb\",\"itemListElement\":[{\"@type\":\"ListItem\",\"position\":1,\"name\":\"Portada\",\"item\":\"https:\\\/\\\/harleydavidsontoluca.com\\\/shop\\\/\"},{\"@type\":\"ListItem\",\"position\":2,\"name\":\"Tienda\",\"item\":\"https:\\\/\\\/harleydavidsontoluca.com\\\/shop\\\/tienda\\\/\"},{\"@type\":\"ListItem\",\"position\":3,\"name\":\"GUANTES PARA HOMBRE H-D\"}]},{\"@type\":\"WebSite\",\"@id\":\"https:\\\/\\\/harleydavidsontoluca.com\\\/shop\\\/#website\",\"url\":\"https:\\\/\\\/harleydavidsontoluca.com\\\/shop\\\/\",\"name\":\"Shop H-D Toluca\",\"description\":\"Shop H-D Toluca\",\"publisher\":{\"@id\":\"https:\\\/\\\/harleydavidsontoluca.com\\\/shop\\\/#organization\"},\"potentialAction\":[{\"@type\":\"SearchAction\",\"target\":{\"@type\":\"EntryPoint\",\"urlTemplate\":\"https:\\\/\\\/harleydavidsontoluca.com\\\/shop\\\/?s={search_term_string}\"},\"query-input\":{\"@type\":\"PropertyValueSpecification\",\"valueRequired\":true,\"valueName\":\"search_term_string\"}}],\"inLanguage\":\"es\"},{\"@type\":\"Organization\",\"@id\":\"https:\\\/\\\/harleydavidsontoluca.com\\\/shop\\\/#organization\",\"name\":\"Concesionaria Central de Motos\",\"url\":\"https:\\\/\\\/harleydavidsontoluca.com\\\/shop\\\/\",\"logo\":{\"@type\":\"ImageObject\",\"inLanguage\":\"es\",\"@id\":\"https:\\\/\\\/harleydavidsontoluca.com\\\/shop\\\/#\\\/schema\\\/logo\\\/image\\\/\",\"url\":\"https:\\\/\\\/harleydavidsontoluca.com\\\/shop\\\/wp-content\\\/uploads\\\/2024\\\/02\\\/cropped-Logo-512.png\",\"contentUrl\":\"https:\\\/\\\/harleydavidsontoluca.com\\\/shop\\\/wp-content\\\/uploads\\\/2024\\\/02\\\/cropped-Logo-512.png\",\"width\":512,\"height\":512,\"caption\":\"Concesionaria Central de Motos\"},\"image\":{\"@id\":\"https:\\\/\\\/harleydavidsontoluca.com\\\/shop\\\/#\\\/schema\\\/logo\\\/image\\\/\"},\"sameAs\":[\"https:\\\/\\\/www.facebook.com\\\/HarleyDavidsonToluca\",\"https:\\\/\\\/www.instagram.com\\\/hdtoluca\\\/\"]}]}<\/script>\n<!-- \/ Yoast SEO plugin. -->","yoast_head_json":{"title":"GUANTES PARA HOMBRE H-D - Tienda oficial H-D Toluca","robots":{"index":"index","follow":"follow","max-snippet":"max-snippet:-1","max-image-preview":"max-image-preview:large","max-video-preview":"max-video-preview:-1"},"canonical":"https:\/\/harleydavidsontoluca.com\/shop\/producto\/guantes-para-hombre-h-d\/","og_locale":"es_MX","og_type":"article","og_title":"GUANTES PARA HOMBRE H-D - Tienda oficial H-D Toluca","og_description":"Abrigados, impermeables y c\u00f3modos: estas tres cualidades y mucho m\u00e1s en estos Apex Mixed Media Gloves. Estos guantes, con material aislante y dise\u00f1ados con una combinaci\u00f3n de materiales resistentes, son impermeables y tienen las costuras selladas para protegerte de las condiciones clim\u00e1ticas no deseadas cuando conduces. Para el dise\u00f1o de estos guantes se tuvo en cuenta cada detalle, desde el Power-Stretch en los nudillos y las palmas acolchadas hasta la compatibilidad con las pantallas t\u00e1ctiles y el material reflectante con tecnolog\u00eda Carbon Black para dar mayor visibilidad. Y como caracter\u00edstica funcional extra, estos guantes para conducir est\u00e1n dise\u00f1ados con un dispositivo, ubicado en el dedo \u00edndice izquierdo, para despejar el visor del casco y con un dispositivo de microfibra, ubicado en el pulgar, para limpiar la nariz. Tienen nuestro logo abierto Bar &amp; Shield que le da un look discreto, aut\u00e9nticamente Harley-Davidson.","og_url":"https:\/\/harleydavidsontoluca.com\/shop\/producto\/guantes-para-hombre-h-d\/","og_site_name":"Tienda oficial H-D Toluca","article_publisher":"https:\/\/www.facebook.com\/HarleyDavidsonToluca","article_modified_time":"2026-01-16T19:45:21+00:00","og_image":[{"width":1080,"height":1080,"url":"https:\/\/harleydavidsontoluca.com\/shop\/wp-content\/uploads\/2024\/11\/Untitled-Project-2024-11-12T152253.770.jpg","type":"image\/jpeg"}],"twitter_card":"summary_large_image","twitter_misc":{"Tiempo de lectura":"1 minuto"},"schema":{"@context":"https:\/\/schema.org","@graph":[{"@type":"WebPage","@id":"https:\/\/harleydavidsontoluca.com\/shop\/producto\/guantes-para-hombre-h-d\/","url":"https:\/\/harleydavidsontoluca.com\/shop\/producto\/guantes-para-hombre-h-d\/","name":"GUANTES PARA HOMBRE H-D - Tienda oficial H-D Toluca","isPartOf":{"@id":"https:\/\/harleydavidsontoluca.com\/shop\/#website"},"primaryImageOfPage":{"@id":"https:\/\/harleydavidsontoluca.com\/shop\/producto\/guantes-para-hombre-h-d\/#primaryimage"},"image":{"@id":"https:\/\/harleydavidsontoluca.com\/shop\/producto\/guantes-para-hombre-h-d\/#primaryimage"},"thumbnailUrl":"https:\/\/harleydavidsontoluca.com\/shop\/wp-content\/uploads\/2024\/11\/Untitled-Project-2024-11-12T152253.770.jpg","datePublished":"2024-11-12T21:23:48+00:00","dateModified":"2026-01-16T19:45:21+00:00","breadcrumb":{"@id":"https:\/\/harleydavidsontoluca.com\/shop\/producto\/guantes-para-hombre-h-d\/#breadcrumb"},"inLanguage":"es","potentialAction":[{"@type":"ReadAction","target":["https:\/\/harleydavidsontoluca.com\/shop\/producto\/guantes-para-hombre-h-d\/"]}]},{"@type":"ImageObject","inLanguage":"es","@id":"https:\/\/harleydavidsontoluca.com\/shop\/producto\/guantes-para-hombre-h-d\/#primaryimage","url":"https:\/\/harleydavidsontoluca.com\/shop\/wp-content\/uploads\/2024\/11\/Untitled-Project-2024-11-12T152253.770.jpg","contentUrl":"https:\/\/harleydavidsontoluca.com\/shop\/wp-content\/uploads\/2024\/11\/Untitled-Project-2024-11-12T152253.770.jpg","width":1080,"height":1080},{"@type":"BreadcrumbList","@id":"https:\/\/harleydavidsontoluca.com\/shop\/producto\/guantes-para-hombre-h-d\/#breadcrumb","itemListElement":[{"@type":"ListItem","position":1,"name":"Portada","item":"https:\/\/harleydavidsontoluca.com\/shop\/"},{"@type":"ListItem","position":2,"name":"Tienda","item":"https:\/\/harleydavidsontoluca.com\/shop\/tienda\/"},{"@type":"ListItem","position":3,"name":"GUANTES PARA HOMBRE H-D"}]},{"@type":"WebSite","@id":"https:\/\/harleydavidsontoluca.com\/shop\/#website","url":"https:\/\/harleydavidsontoluca.com\/shop\/","name":"Shop H-D Toluca","description":"Shop H-D Toluca","publisher":{"@id":"https:\/\/harleydavidsontoluca.com\/shop\/#organization"},"potentialAction":[{"@type":"SearchAction","target":{"@type":"EntryPoint","urlTemplate":"https:\/\/harleydavidsontoluca.com\/shop\/?s={search_term_string}"},"query-input":{"@type":"PropertyValueSpecification","valueRequired":true,"valueName":"search_term_string"}}],"inLanguage":"es"},{"@type":"Organization","@id":"https:\/\/harleydavidsontoluca.com\/shop\/#organization","name":"Concesionaria Central de Motos","url":"https:\/\/harleydavidsontoluca.com\/shop\/","logo":{"@type":"ImageObject","inLanguage":"es","@id":"https:\/\/harleydavidsontoluca.com\/shop\/#\/schema\/logo\/image\/","url":"https:\/\/harleydavidsontoluca.com\/shop\/wp-content\/uploads\/2024\/02\/cropped-Logo-512.png","contentUrl":"https:\/\/harleydavidsontoluca.com\/shop\/wp-content\/uploads\/2024\/02\/cropped-Logo-512.png","width":512,"height":512,"caption":"Concesionaria Central de Motos"},"image":{"@id":"https:\/\/harleydavidsontoluca.com\/shop\/#\/schema\/logo\/image\/"},"sameAs":["https:\/\/www.facebook.com\/HarleyDavidsonToluca","https:\/\/www.instagram.com\/hdtoluca\/"]}]}},"_links":{"self":[{"href":"https:\/\/harleydavidsontoluca.com\/shop\/wp-json\/wp\/v2\/product\/46647","targetHints":{"allow":["GET"]}}],"collection":[{"href":"https:\/\/harleydavidsontoluca.com\/shop\/wp-json\/wp\/v2\/product"}],"about":[{"href":"https:\/\/harleydavidsontoluca.com\/shop\/wp-json\/wp\/v2\/types\/product"}],"wp:featuredmedia":[{"embeddable":true,"href":"https:\/\/harleydavidsontoluca.com\/shop\/wp-json\/wp\/v2\/media\/46653"}],"wp:attachment":[{"href":"https:\/\/harleydavidsontoluca.com\/shop\/wp-json\/wp\/v2\/media?parent=46647"}],"wp:term":[{"taxonomy":"product_brand","embeddable":true,"href":"https:\/\/harleydavidsontoluca.com\/shop\/wp-json\/wp\/v2\/product_brand?post=46647"},{"taxonomy":"product_cat","embeddable":true,"href":"https:\/\/harleydavidsontoluca.com\/shop\/wp-json\/wp\/v2\/product_cat?post=46647"},{"taxonomy":"product_tag","embeddable":true,"href":"https:\/\/harleydavidsontoluca.com\/shop\/wp-json\/wp\/v2\/product_tag?post=46647"}],"curies":[{"name":"wp","href":"https:\/\/api.w.org\/{rel}","templated":true}]}}