
{"id":46584,"date":"2024-11-12T13:23:01","date_gmt":"2024-11-12T19:23:01","guid":{"rendered":"https:\/\/harleydavidsontoluca.com\/shop\/?post_type=product&#038;p=46584"},"modified":"2025-12-18T17:11:24","modified_gmt":"2025-12-18T23:11:24","slug":"camisa-manga-larga-h-d","status":"publish","type":"product","link":"https:\/\/harleydavidsontoluca.com\/shop\/producto\/camisa-manga-larga-h-d\/","title":{"rendered":"CAMISA MANGA LARGA H-D"},"content":{"rendered":"<pre id=\"tw-target-text\" class=\"tw-data-text tw-text-large tw-ta\" dir=\"ltr\" data-placeholder=\"Traducci\u00f3n\" data-ved=\"2ahUKEwjBltqnsdeJAxV5JEQIHZ15OLsQ3ewLegQICRAU\" aria-label=\"Texto traducido: \u2022 Materiales: 100% sarga de algod\u00f3n, lavada para mayor suavidad. \u2022 Cierre: Bot\u00f3n delante y pu\u00f1os. \u2022 Bolsillos: Bolsillos en el pecho con solapa y botones. \u2022 Detalles de dise\u00f1o: silueta mec\u00e1nica ligeramente m\u00e1s corta y m\u00e1s espaciosa. Cuello a presi\u00f3n oculto. Pu\u00f1os ajustables. \u2022 Gr\u00e1ficos: Apliques bordados.\"><span class=\"Y2IQFc\" lang=\"es\">\u2022 Materiales: 100% sarga de algod\u00f3n, lavada para mayor suavidad.\r\n\u2022 Cierre: Bot\u00f3n delante y pu\u00f1os.\r\n\u2022 Bolsillos: Bolsillos en el pecho con solapa y botones.\r\n\u2022 Detalles de dise\u00f1o: silueta mec\u00e1nica ligeramente m\u00e1s corta y m\u00e1s espaciosa. Cuello a presi\u00f3n oculto. Pu\u00f1os ajustables.\r\n\u2022 Gr\u00e1ficos: Apliques bordados.<\/span><\/pre>\n","protected":false},"excerpt":{"rendered":"<div class=\"accordion-outer-content py-4 expanded-accordion-content\" role=\"button\" aria-expanded=\"true\" aria-controls=\"expandable-description\">\n<div class=\"accordion-button\"><\/div>\n<\/div>\n<div id=\"expandable-description\" class=\"accordion-inner-content\">Esta camisa Bar &amp; Shield es la definici\u00f3n de estilo sin esfuerzo y comodidad superior. Confeccionada con sarga de 100 % algod\u00f3n que nunca es r\u00edgida ni aprieta porque est\u00e1 prelavada para una sensaci\u00f3n de uso en el marcador de la milla 1. Con nuestro logotipo m\u00e1s ic\u00f3nico en una aplicaci\u00f3n bordada para una apariencia discreta y aut\u00e9ntica de H-D<sup>\u00ae<\/sup>.<\/div>\n","protected":false},"featured_media":46589,"template":"","meta":[],"product_brand":[],"product_cat":[39,24],"product_tag":[],"class_list":{"0":"post-46584","1":"product","2":"type-product","3":"status-publish","4":"has-post-thumbnail","6":"product_cat-camisas","7":"product_cat-hombre","8":"pa_talla-l","9":"pa_talla-m","10":"pa_talla-xl","12":"first","13":"instock","14":"taxable","15":"shipping-taxable","16":"purchasable","17":"product-type-variable"},"yoast_head":"<!-- This site is optimized with the Yoast SEO plugin v27.4 - https:\/\/yoast.com\/product\/yoast-seo-wordpress\/ -->\n<title>CAMISA MANGA LARGA H-D - Tienda oficial H-D Toluca<\/title>\n<meta name=\"robots\" content=\"index, follow, max-snippet:-1, max-image-preview:large, max-video-preview:-1\" \/>\n<link rel=\"canonical\" href=\"https:\/\/harleydavidsontoluca.com\/shop\/producto\/camisa-manga-larga-h-d\/\" \/>\n<meta property=\"og:locale\" content=\"es_MX\" \/>\n<meta property=\"og:type\" content=\"article\" \/>\n<meta property=\"og:title\" content=\"CAMISA MANGA LARGA H-D - Tienda oficial H-D Toluca\" \/>\n<meta property=\"og:description\" content=\"Esta camisa Bar &amp; Shield es la definici\u00f3n de estilo sin esfuerzo y comodidad superior. Confeccionada con sarga de 100 % algod\u00f3n que nunca es r\u00edgida ni aprieta porque est\u00e1 prelavada para una sensaci\u00f3n de uso en el marcador de la milla 1. Con nuestro logotipo m\u00e1s ic\u00f3nico en una aplicaci\u00f3n bordada para una apariencia discreta y aut\u00e9ntica de H-D\u00ae.\" \/>\n<meta property=\"og:url\" content=\"https:\/\/harleydavidsontoluca.com\/shop\/producto\/camisa-manga-larga-h-d\/\" \/>\n<meta property=\"og:site_name\" content=\"Tienda oficial H-D Toluca\" \/>\n<meta property=\"article:publisher\" content=\"https:\/\/www.facebook.com\/HarleyDavidsonToluca\" \/>\n<meta property=\"article:modified_time\" content=\"2025-12-18T23:11:24+00:00\" \/>\n<meta property=\"og:image\" content=\"https:\/\/harleydavidsontoluca.com\/shop\/wp-content\/uploads\/2024\/11\/Untitled-Project-2024-11-12T131952.656.jpg\" \/>\n\t<meta property=\"og:image:width\" content=\"1080\" \/>\n\t<meta property=\"og:image:height\" content=\"1080\" \/>\n\t<meta property=\"og:image:type\" content=\"image\/jpeg\" \/>\n<meta name=\"twitter:card\" content=\"summary_large_image\" \/>\n<meta name=\"twitter:label1\" content=\"Tiempo de lectura\" \/>\n\t<meta name=\"twitter:data1\" content=\"1 minuto\" \/>\n<script type=\"application\/ld+json\" class=\"yoast-schema-graph\">{\"@context\":\"https:\\\/\\\/schema.org\",\"@graph\":[{\"@type\":\"WebPage\",\"@id\":\"https:\\\/\\\/harleydavidsontoluca.com\\\/shop\\\/producto\\\/camisa-manga-larga-h-d\\\/\",\"url\":\"https:\\\/\\\/harleydavidsontoluca.com\\\/shop\\\/producto\\\/camisa-manga-larga-h-d\\\/\",\"name\":\"CAMISA MANGA LARGA H-D - Tienda oficial H-D Toluca\",\"isPartOf\":{\"@id\":\"https:\\\/\\\/harleydavidsontoluca.com\\\/shop\\\/#website\"},\"primaryImageOfPage\":{\"@id\":\"https:\\\/\\\/harleydavidsontoluca.com\\\/shop\\\/producto\\\/camisa-manga-larga-h-d\\\/#primaryimage\"},\"image\":{\"@id\":\"https:\\\/\\\/harleydavidsontoluca.com\\\/shop\\\/producto\\\/camisa-manga-larga-h-d\\\/#primaryimage\"},\"thumbnailUrl\":\"https:\\\/\\\/harleydavidsontoluca.com\\\/shop\\\/wp-content\\\/uploads\\\/2024\\\/11\\\/Untitled-Project-2024-11-12T131952.656.jpg\",\"datePublished\":\"2024-11-12T19:23:01+00:00\",\"dateModified\":\"2025-12-18T23:11:24+00:00\",\"breadcrumb\":{\"@id\":\"https:\\\/\\\/harleydavidsontoluca.com\\\/shop\\\/producto\\\/camisa-manga-larga-h-d\\\/#breadcrumb\"},\"inLanguage\":\"es\",\"potentialAction\":[{\"@type\":\"ReadAction\",\"target\":[\"https:\\\/\\\/harleydavidsontoluca.com\\\/shop\\\/producto\\\/camisa-manga-larga-h-d\\\/\"]}]},{\"@type\":\"ImageObject\",\"inLanguage\":\"es\",\"@id\":\"https:\\\/\\\/harleydavidsontoluca.com\\\/shop\\\/producto\\\/camisa-manga-larga-h-d\\\/#primaryimage\",\"url\":\"https:\\\/\\\/harleydavidsontoluca.com\\\/shop\\\/wp-content\\\/uploads\\\/2024\\\/11\\\/Untitled-Project-2024-11-12T131952.656.jpg\",\"contentUrl\":\"https:\\\/\\\/harleydavidsontoluca.com\\\/shop\\\/wp-content\\\/uploads\\\/2024\\\/11\\\/Untitled-Project-2024-11-12T131952.656.jpg\",\"width\":1080,\"height\":1080},{\"@type\":\"BreadcrumbList\",\"@id\":\"https:\\\/\\\/harleydavidsontoluca.com\\\/shop\\\/producto\\\/camisa-manga-larga-h-d\\\/#breadcrumb\",\"itemListElement\":[{\"@type\":\"ListItem\",\"position\":1,\"name\":\"Portada\",\"item\":\"https:\\\/\\\/harleydavidsontoluca.com\\\/shop\\\/\"},{\"@type\":\"ListItem\",\"position\":2,\"name\":\"Tienda\",\"item\":\"https:\\\/\\\/harleydavidsontoluca.com\\\/shop\\\/tienda\\\/\"},{\"@type\":\"ListItem\",\"position\":3,\"name\":\"CAMISA MANGA LARGA H-D\"}]},{\"@type\":\"WebSite\",\"@id\":\"https:\\\/\\\/harleydavidsontoluca.com\\\/shop\\\/#website\",\"url\":\"https:\\\/\\\/harleydavidsontoluca.com\\\/shop\\\/\",\"name\":\"Shop H-D Toluca\",\"description\":\"Shop H-D Toluca\",\"publisher\":{\"@id\":\"https:\\\/\\\/harleydavidsontoluca.com\\\/shop\\\/#organization\"},\"potentialAction\":[{\"@type\":\"SearchAction\",\"target\":{\"@type\":\"EntryPoint\",\"urlTemplate\":\"https:\\\/\\\/harleydavidsontoluca.com\\\/shop\\\/?s={search_term_string}\"},\"query-input\":{\"@type\":\"PropertyValueSpecification\",\"valueRequired\":true,\"valueName\":\"search_term_string\"}}],\"inLanguage\":\"es\"},{\"@type\":\"Organization\",\"@id\":\"https:\\\/\\\/harleydavidsontoluca.com\\\/shop\\\/#organization\",\"name\":\"Concesionaria Central de Motos\",\"url\":\"https:\\\/\\\/harleydavidsontoluca.com\\\/shop\\\/\",\"logo\":{\"@type\":\"ImageObject\",\"inLanguage\":\"es\",\"@id\":\"https:\\\/\\\/harleydavidsontoluca.com\\\/shop\\\/#\\\/schema\\\/logo\\\/image\\\/\",\"url\":\"https:\\\/\\\/harleydavidsontoluca.com\\\/shop\\\/wp-content\\\/uploads\\\/2024\\\/02\\\/cropped-Logo-512.png\",\"contentUrl\":\"https:\\\/\\\/harleydavidsontoluca.com\\\/shop\\\/wp-content\\\/uploads\\\/2024\\\/02\\\/cropped-Logo-512.png\",\"width\":512,\"height\":512,\"caption\":\"Concesionaria Central de Motos\"},\"image\":{\"@id\":\"https:\\\/\\\/harleydavidsontoluca.com\\\/shop\\\/#\\\/schema\\\/logo\\\/image\\\/\"},\"sameAs\":[\"https:\\\/\\\/www.facebook.com\\\/HarleyDavidsonToluca\",\"https:\\\/\\\/www.instagram.com\\\/hdtoluca\\\/\"]}]}<\/script>\n<!-- \/ Yoast SEO plugin. -->","yoast_head_json":{"title":"CAMISA MANGA LARGA H-D - Tienda oficial H-D Toluca","robots":{"index":"index","follow":"follow","max-snippet":"max-snippet:-1","max-image-preview":"max-image-preview:large","max-video-preview":"max-video-preview:-1"},"canonical":"https:\/\/harleydavidsontoluca.com\/shop\/producto\/camisa-manga-larga-h-d\/","og_locale":"es_MX","og_type":"article","og_title":"CAMISA MANGA LARGA H-D - Tienda oficial H-D Toluca","og_description":"Esta camisa Bar &amp; Shield es la definici\u00f3n de estilo sin esfuerzo y comodidad superior. Confeccionada con sarga de 100 % algod\u00f3n que nunca es r\u00edgida ni aprieta porque est\u00e1 prelavada para una sensaci\u00f3n de uso en el marcador de la milla 1. Con nuestro logotipo m\u00e1s ic\u00f3nico en una aplicaci\u00f3n bordada para una apariencia discreta y aut\u00e9ntica de H-D\u00ae.","og_url":"https:\/\/harleydavidsontoluca.com\/shop\/producto\/camisa-manga-larga-h-d\/","og_site_name":"Tienda oficial H-D Toluca","article_publisher":"https:\/\/www.facebook.com\/HarleyDavidsonToluca","article_modified_time":"2025-12-18T23:11:24+00:00","og_image":[{"width":1080,"height":1080,"url":"https:\/\/harleydavidsontoluca.com\/shop\/wp-content\/uploads\/2024\/11\/Untitled-Project-2024-11-12T131952.656.jpg","type":"image\/jpeg"}],"twitter_card":"summary_large_image","twitter_misc":{"Tiempo de lectura":"1 minuto"},"schema":{"@context":"https:\/\/schema.org","@graph":[{"@type":"WebPage","@id":"https:\/\/harleydavidsontoluca.com\/shop\/producto\/camisa-manga-larga-h-d\/","url":"https:\/\/harleydavidsontoluca.com\/shop\/producto\/camisa-manga-larga-h-d\/","name":"CAMISA MANGA LARGA H-D - Tienda oficial H-D Toluca","isPartOf":{"@id":"https:\/\/harleydavidsontoluca.com\/shop\/#website"},"primaryImageOfPage":{"@id":"https:\/\/harleydavidsontoluca.com\/shop\/producto\/camisa-manga-larga-h-d\/#primaryimage"},"image":{"@id":"https:\/\/harleydavidsontoluca.com\/shop\/producto\/camisa-manga-larga-h-d\/#primaryimage"},"thumbnailUrl":"https:\/\/harleydavidsontoluca.com\/shop\/wp-content\/uploads\/2024\/11\/Untitled-Project-2024-11-12T131952.656.jpg","datePublished":"2024-11-12T19:23:01+00:00","dateModified":"2025-12-18T23:11:24+00:00","breadcrumb":{"@id":"https:\/\/harleydavidsontoluca.com\/shop\/producto\/camisa-manga-larga-h-d\/#breadcrumb"},"inLanguage":"es","potentialAction":[{"@type":"ReadAction","target":["https:\/\/harleydavidsontoluca.com\/shop\/producto\/camisa-manga-larga-h-d\/"]}]},{"@type":"ImageObject","inLanguage":"es","@id":"https:\/\/harleydavidsontoluca.com\/shop\/producto\/camisa-manga-larga-h-d\/#primaryimage","url":"https:\/\/harleydavidsontoluca.com\/shop\/wp-content\/uploads\/2024\/11\/Untitled-Project-2024-11-12T131952.656.jpg","contentUrl":"https:\/\/harleydavidsontoluca.com\/shop\/wp-content\/uploads\/2024\/11\/Untitled-Project-2024-11-12T131952.656.jpg","width":1080,"height":1080},{"@type":"BreadcrumbList","@id":"https:\/\/harleydavidsontoluca.com\/shop\/producto\/camisa-manga-larga-h-d\/#breadcrumb","itemListElement":[{"@type":"ListItem","position":1,"name":"Portada","item":"https:\/\/harleydavidsontoluca.com\/shop\/"},{"@type":"ListItem","position":2,"name":"Tienda","item":"https:\/\/harleydavidsontoluca.com\/shop\/tienda\/"},{"@type":"ListItem","position":3,"name":"CAMISA MANGA LARGA H-D"}]},{"@type":"WebSite","@id":"https:\/\/harleydavidsontoluca.com\/shop\/#website","url":"https:\/\/harleydavidsontoluca.com\/shop\/","name":"Shop H-D Toluca","description":"Shop H-D Toluca","publisher":{"@id":"https:\/\/harleydavidsontoluca.com\/shop\/#organization"},"potentialAction":[{"@type":"SearchAction","target":{"@type":"EntryPoint","urlTemplate":"https:\/\/harleydavidsontoluca.com\/shop\/?s={search_term_string}"},"query-input":{"@type":"PropertyValueSpecification","valueRequired":true,"valueName":"search_term_string"}}],"inLanguage":"es"},{"@type":"Organization","@id":"https:\/\/harleydavidsontoluca.com\/shop\/#organization","name":"Concesionaria Central de Motos","url":"https:\/\/harleydavidsontoluca.com\/shop\/","logo":{"@type":"ImageObject","inLanguage":"es","@id":"https:\/\/harleydavidsontoluca.com\/shop\/#\/schema\/logo\/image\/","url":"https:\/\/harleydavidsontoluca.com\/shop\/wp-content\/uploads\/2024\/02\/cropped-Logo-512.png","contentUrl":"https:\/\/harleydavidsontoluca.com\/shop\/wp-content\/uploads\/2024\/02\/cropped-Logo-512.png","width":512,"height":512,"caption":"Concesionaria Central de Motos"},"image":{"@id":"https:\/\/harleydavidsontoluca.com\/shop\/#\/schema\/logo\/image\/"},"sameAs":["https:\/\/www.facebook.com\/HarleyDavidsonToluca","https:\/\/www.instagram.com\/hdtoluca\/"]}]}},"_links":{"self":[{"href":"https:\/\/harleydavidsontoluca.com\/shop\/wp-json\/wp\/v2\/product\/46584","targetHints":{"allow":["GET"]}}],"collection":[{"href":"https:\/\/harleydavidsontoluca.com\/shop\/wp-json\/wp\/v2\/product"}],"about":[{"href":"https:\/\/harleydavidsontoluca.com\/shop\/wp-json\/wp\/v2\/types\/product"}],"wp:featuredmedia":[{"embeddable":true,"href":"https:\/\/harleydavidsontoluca.com\/shop\/wp-json\/wp\/v2\/media\/46589"}],"wp:attachment":[{"href":"https:\/\/harleydavidsontoluca.com\/shop\/wp-json\/wp\/v2\/media?parent=46584"}],"wp:term":[{"taxonomy":"product_brand","embeddable":true,"href":"https:\/\/harleydavidsontoluca.com\/shop\/wp-json\/wp\/v2\/product_brand?post=46584"},{"taxonomy":"product_cat","embeddable":true,"href":"https:\/\/harleydavidsontoluca.com\/shop\/wp-json\/wp\/v2\/product_cat?post=46584"},{"taxonomy":"product_tag","embeddable":true,"href":"https:\/\/harleydavidsontoluca.com\/shop\/wp-json\/wp\/v2\/product_tag?post=46584"}],"curies":[{"name":"wp","href":"https:\/\/api.w.org\/{rel}","templated":true}]}}