
{"id":46566,"date":"2024-11-12T13:11:14","date_gmt":"2024-11-12T19:11:14","guid":{"rendered":"https:\/\/harleydavidsontoluca.com\/shop\/?post_type=product&#038;p=46566"},"modified":"2025-06-21T15:10:11","modified_gmt":"2025-06-21T20:10:11","slug":"chaqueta-para-mujer","status":"publish","type":"product","link":"https:\/\/harleydavidsontoluca.com\/shop\/producto\/chaqueta-para-mujer\/","title":{"rendered":"CHAQUETA PARA MUJER"},"content":{"rendered":"<pre id=\"tw-target-text\" class=\"tw-data-text tw-text-large tw-ta\" dir=\"ltr\" data-placeholder=\"Traducci\u00f3n\" data-ved=\"2ahUKEwjBltqnsdeJAxV5JEQIHZ15OLsQ3ewLegQICRAU\" aria-label=\"Texto traducido: \u2022 Mant\u00e9ngase fresco: sistema de triple ventilaci\u00f3n 2.0.\r\n\u2022 Fit &amp; Mobility: Mangas precurvadas y articuladas. Espalda que permite mayor movimiento. Cintura con lengua con broche a presi\u00f3n.\r\n\u2022 Materiales: Tejido liso pesado de 100 % de nylon. Forro de malla confeccionado con un 100 % de poli\u00e9ster.\r\n\u2022 Cierre: Cremallera frontal de dos v\u00edas. Pu\u00f1os con cremallera\r\n\u2022 Bolsillos: Bolsillos para calentar las manos con cremallera. Bolsillo vertical en el pecho y cierre con cremallera. Un bolsillo interior oculto y un bolsillo interior con cremallera.\r\n\u2022 Caracter\u00edsticas adicionales: Paneles protectores D3O\u00ae Ghost Armor con certificaci\u00f3n CE en los hombros y los codos (98104-22VR y 98103-22VR se venden por separado). El panel protector trasero para D3O Viper Back Body Armor (98105-22VR se vende por separado). Material reflectante 3M Scotchlite.\r\n\u2022 Detalles de dise\u00f1o: Capucha desmontable con cremallera. Piezas y detalles de tela en contraste adelante y atr\u00e1s.\r\n\u2022 Gr\u00e1ficos: Bordado directo.\"><span class=\"Y2IQFc\" lang=\"es\">\u2022 Mant\u00e9ngase fresco: sistema de triple ventilaci\u00f3n 2.0.\r\n\u2022 Fit &amp; Mobility: Mangas precurvadas y articuladas. Espalda que permite mayor movimiento. Cintura con lengua con broche a presi\u00f3n.\r\n\u2022 Materiales: Tejido liso pesado de 100 % de nylon. Forro de malla confeccionado con un 100 % de poli\u00e9ster.\r\n\u2022 Cierre: Cremallera frontal de dos v\u00edas. Pu\u00f1os con cremallera\r\n\u2022 Bolsillos: Bolsillos para calentar las manos con cremallera. Bolsillo vertical en el pecho y cierre con cremallera. Un bolsillo interior oculto y un bolsillo interior con cremallera.<\/span><\/pre>\n","protected":false},"excerpt":{"rendered":"<p>Redefine la comodidad para conducir con nuestra Junction Triple Vent System 2.0 de edici\u00f3n limitada. Confeccionada en nylon pesado con nuestro dise\u00f1o Triple Vent System 2.0 mejorado. Este sistema cuenta con tres ranuras de ventilaci\u00f3n ubicadas estrat\u00e9gicamente, un desviador del flujo de aire bajo el brazo y una extensi\u00f3n de la cremallera central delantera cubierta, todo ello dise\u00f1ado para mejorar de forma significativa el flujo de aire, incluso en motocicletas con carenados y parabrisas. Esta chamarra de motociclismo tambi\u00e9n cuenta con una capucha con cremallera desmontable, amplios bolsillos para guardar lo esencial y ribetes reflectantes para aumentar la visibilidad. Acabado con piezas de tela en contraste y gr\u00e1ficos verticales que le dan un look deportivo y sofisticado. Agrega mayor permeabilidad al aire y m\u00e1s protecci\u00f3n contra impactos a esta chamarra con nuestros livianos paneles de protecci\u00f3n D3O Ghost Armor. Consulta todas sus especificaciones a continuaci\u00f3n y haz tu pedido antes de que se agoten las cantidades limitadas &#8230;<\/p>\n","protected":false},"featured_media":46574,"template":"","meta":[],"product_brand":[],"product_cat":[61,25],"product_tag":[],"class_list":{"0":"post-46566","1":"product","2":"type-product","3":"status-publish","4":"has-post-thumbnail","6":"product_cat-chamarra-para-rodar-mujer","7":"product_cat-mujer","8":"pa_talla-l","9":"pa_talla-m","10":"pa_talla-xl","12":"first","13":"instock","14":"taxable","15":"shipping-taxable","16":"purchasable","17":"product-type-variable"},"yoast_head":"<!-- This site is optimized with the Yoast SEO plugin v27.4 - https:\/\/yoast.com\/product\/yoast-seo-wordpress\/ -->\n<title>CHAQUETA PARA MUJER - Tienda oficial H-D Toluca<\/title>\n<meta name=\"robots\" content=\"index, follow, max-snippet:-1, max-image-preview:large, max-video-preview:-1\" \/>\n<link rel=\"canonical\" href=\"https:\/\/harleydavidsontoluca.com\/shop\/producto\/chaqueta-para-mujer\/\" \/>\n<meta property=\"og:locale\" content=\"es_MX\" \/>\n<meta property=\"og:type\" content=\"article\" \/>\n<meta property=\"og:title\" content=\"CHAQUETA PARA MUJER - Tienda oficial H-D Toluca\" \/>\n<meta property=\"og:description\" content=\"Redefine la comodidad para conducir con nuestra Junction Triple Vent System 2.0 de edici\u00f3n limitada. Confeccionada en nylon pesado con nuestro dise\u00f1o Triple Vent System 2.0 mejorado. Este sistema cuenta con tres ranuras de ventilaci\u00f3n ubicadas estrat\u00e9gicamente, un desviador del flujo de aire bajo el brazo y una extensi\u00f3n de la cremallera central delantera cubierta, todo ello dise\u00f1ado para mejorar de forma significativa el flujo de aire, incluso en motocicletas con carenados y parabrisas. Esta chamarra de motociclismo tambi\u00e9n cuenta con una capucha con cremallera desmontable, amplios bolsillos para guardar lo esencial y ribetes reflectantes para aumentar la visibilidad. Acabado con piezas de tela en contraste y gr\u00e1ficos verticales que le dan un look deportivo y sofisticado. Agrega mayor permeabilidad al aire y m\u00e1s protecci\u00f3n contra impactos a esta chamarra con nuestros livianos paneles de protecci\u00f3n D3O Ghost Armor. Consulta todas sus especificaciones a continuaci\u00f3n y haz tu pedido antes de que se agoten las cantidades limitadas ...\" \/>\n<meta property=\"og:url\" content=\"https:\/\/harleydavidsontoluca.com\/shop\/producto\/chaqueta-para-mujer\/\" \/>\n<meta property=\"og:site_name\" content=\"Tienda oficial H-D Toluca\" \/>\n<meta property=\"article:publisher\" content=\"https:\/\/www.facebook.com\/HarleyDavidsonToluca\" \/>\n<meta property=\"article:modified_time\" content=\"2025-06-21T20:10:11+00:00\" \/>\n<meta property=\"og:image\" content=\"https:\/\/harleydavidsontoluca.com\/shop\/wp-content\/uploads\/2024\/11\/Untitled-Project-2024-11-12T130823.553.jpg\" \/>\n\t<meta property=\"og:image:width\" content=\"1080\" \/>\n\t<meta property=\"og:image:height\" content=\"1080\" \/>\n\t<meta property=\"og:image:type\" content=\"image\/jpeg\" \/>\n<meta name=\"twitter:card\" content=\"summary_large_image\" \/>\n<meta name=\"twitter:label1\" content=\"Tiempo de lectura\" \/>\n\t<meta name=\"twitter:data1\" content=\"1 minuto\" \/>\n<script type=\"application\/ld+json\" class=\"yoast-schema-graph\">{\"@context\":\"https:\\\/\\\/schema.org\",\"@graph\":[{\"@type\":\"WebPage\",\"@id\":\"https:\\\/\\\/harleydavidsontoluca.com\\\/shop\\\/producto\\\/chaqueta-para-mujer\\\/\",\"url\":\"https:\\\/\\\/harleydavidsontoluca.com\\\/shop\\\/producto\\\/chaqueta-para-mujer\\\/\",\"name\":\"CHAQUETA PARA MUJER - Tienda oficial H-D Toluca\",\"isPartOf\":{\"@id\":\"https:\\\/\\\/harleydavidsontoluca.com\\\/shop\\\/#website\"},\"primaryImageOfPage\":{\"@id\":\"https:\\\/\\\/harleydavidsontoluca.com\\\/shop\\\/producto\\\/chaqueta-para-mujer\\\/#primaryimage\"},\"image\":{\"@id\":\"https:\\\/\\\/harleydavidsontoluca.com\\\/shop\\\/producto\\\/chaqueta-para-mujer\\\/#primaryimage\"},\"thumbnailUrl\":\"https:\\\/\\\/harleydavidsontoluca.com\\\/shop\\\/wp-content\\\/uploads\\\/2024\\\/11\\\/Untitled-Project-2024-11-12T130823.553.jpg\",\"datePublished\":\"2024-11-12T19:11:14+00:00\",\"dateModified\":\"2025-06-21T20:10:11+00:00\",\"breadcrumb\":{\"@id\":\"https:\\\/\\\/harleydavidsontoluca.com\\\/shop\\\/producto\\\/chaqueta-para-mujer\\\/#breadcrumb\"},\"inLanguage\":\"es\",\"potentialAction\":[{\"@type\":\"ReadAction\",\"target\":[\"https:\\\/\\\/harleydavidsontoluca.com\\\/shop\\\/producto\\\/chaqueta-para-mujer\\\/\"]}]},{\"@type\":\"ImageObject\",\"inLanguage\":\"es\",\"@id\":\"https:\\\/\\\/harleydavidsontoluca.com\\\/shop\\\/producto\\\/chaqueta-para-mujer\\\/#primaryimage\",\"url\":\"https:\\\/\\\/harleydavidsontoluca.com\\\/shop\\\/wp-content\\\/uploads\\\/2024\\\/11\\\/Untitled-Project-2024-11-12T130823.553.jpg\",\"contentUrl\":\"https:\\\/\\\/harleydavidsontoluca.com\\\/shop\\\/wp-content\\\/uploads\\\/2024\\\/11\\\/Untitled-Project-2024-11-12T130823.553.jpg\",\"width\":1080,\"height\":1080},{\"@type\":\"BreadcrumbList\",\"@id\":\"https:\\\/\\\/harleydavidsontoluca.com\\\/shop\\\/producto\\\/chaqueta-para-mujer\\\/#breadcrumb\",\"itemListElement\":[{\"@type\":\"ListItem\",\"position\":1,\"name\":\"Portada\",\"item\":\"https:\\\/\\\/harleydavidsontoluca.com\\\/shop\\\/\"},{\"@type\":\"ListItem\",\"position\":2,\"name\":\"Tienda\",\"item\":\"https:\\\/\\\/harleydavidsontoluca.com\\\/shop\\\/tienda\\\/\"},{\"@type\":\"ListItem\",\"position\":3,\"name\":\"CHAQUETA PARA MUJER\"}]},{\"@type\":\"WebSite\",\"@id\":\"https:\\\/\\\/harleydavidsontoluca.com\\\/shop\\\/#website\",\"url\":\"https:\\\/\\\/harleydavidsontoluca.com\\\/shop\\\/\",\"name\":\"Shop H-D Toluca\",\"description\":\"Shop H-D Toluca\",\"publisher\":{\"@id\":\"https:\\\/\\\/harleydavidsontoluca.com\\\/shop\\\/#organization\"},\"potentialAction\":[{\"@type\":\"SearchAction\",\"target\":{\"@type\":\"EntryPoint\",\"urlTemplate\":\"https:\\\/\\\/harleydavidsontoluca.com\\\/shop\\\/?s={search_term_string}\"},\"query-input\":{\"@type\":\"PropertyValueSpecification\",\"valueRequired\":true,\"valueName\":\"search_term_string\"}}],\"inLanguage\":\"es\"},{\"@type\":\"Organization\",\"@id\":\"https:\\\/\\\/harleydavidsontoluca.com\\\/shop\\\/#organization\",\"name\":\"Concesionaria Central de Motos\",\"url\":\"https:\\\/\\\/harleydavidsontoluca.com\\\/shop\\\/\",\"logo\":{\"@type\":\"ImageObject\",\"inLanguage\":\"es\",\"@id\":\"https:\\\/\\\/harleydavidsontoluca.com\\\/shop\\\/#\\\/schema\\\/logo\\\/image\\\/\",\"url\":\"https:\\\/\\\/harleydavidsontoluca.com\\\/shop\\\/wp-content\\\/uploads\\\/2024\\\/02\\\/cropped-Logo-512.png\",\"contentUrl\":\"https:\\\/\\\/harleydavidsontoluca.com\\\/shop\\\/wp-content\\\/uploads\\\/2024\\\/02\\\/cropped-Logo-512.png\",\"width\":512,\"height\":512,\"caption\":\"Concesionaria Central de Motos\"},\"image\":{\"@id\":\"https:\\\/\\\/harleydavidsontoluca.com\\\/shop\\\/#\\\/schema\\\/logo\\\/image\\\/\"},\"sameAs\":[\"https:\\\/\\\/www.facebook.com\\\/HarleyDavidsonToluca\",\"https:\\\/\\\/www.instagram.com\\\/hdtoluca\\\/\"]}]}<\/script>\n<!-- \/ Yoast SEO plugin. -->","yoast_head_json":{"title":"CHAQUETA PARA MUJER - Tienda oficial H-D Toluca","robots":{"index":"index","follow":"follow","max-snippet":"max-snippet:-1","max-image-preview":"max-image-preview:large","max-video-preview":"max-video-preview:-1"},"canonical":"https:\/\/harleydavidsontoluca.com\/shop\/producto\/chaqueta-para-mujer\/","og_locale":"es_MX","og_type":"article","og_title":"CHAQUETA PARA MUJER - Tienda oficial H-D Toluca","og_description":"Redefine la comodidad para conducir con nuestra Junction Triple Vent System 2.0 de edici\u00f3n limitada. Confeccionada en nylon pesado con nuestro dise\u00f1o Triple Vent System 2.0 mejorado. Este sistema cuenta con tres ranuras de ventilaci\u00f3n ubicadas estrat\u00e9gicamente, un desviador del flujo de aire bajo el brazo y una extensi\u00f3n de la cremallera central delantera cubierta, todo ello dise\u00f1ado para mejorar de forma significativa el flujo de aire, incluso en motocicletas con carenados y parabrisas. Esta chamarra de motociclismo tambi\u00e9n cuenta con una capucha con cremallera desmontable, amplios bolsillos para guardar lo esencial y ribetes reflectantes para aumentar la visibilidad. Acabado con piezas de tela en contraste y gr\u00e1ficos verticales que le dan un look deportivo y sofisticado. Agrega mayor permeabilidad al aire y m\u00e1s protecci\u00f3n contra impactos a esta chamarra con nuestros livianos paneles de protecci\u00f3n D3O Ghost Armor. Consulta todas sus especificaciones a continuaci\u00f3n y haz tu pedido antes de que se agoten las cantidades limitadas ...","og_url":"https:\/\/harleydavidsontoluca.com\/shop\/producto\/chaqueta-para-mujer\/","og_site_name":"Tienda oficial H-D Toluca","article_publisher":"https:\/\/www.facebook.com\/HarleyDavidsonToluca","article_modified_time":"2025-06-21T20:10:11+00:00","og_image":[{"width":1080,"height":1080,"url":"https:\/\/harleydavidsontoluca.com\/shop\/wp-content\/uploads\/2024\/11\/Untitled-Project-2024-11-12T130823.553.jpg","type":"image\/jpeg"}],"twitter_card":"summary_large_image","twitter_misc":{"Tiempo de lectura":"1 minuto"},"schema":{"@context":"https:\/\/schema.org","@graph":[{"@type":"WebPage","@id":"https:\/\/harleydavidsontoluca.com\/shop\/producto\/chaqueta-para-mujer\/","url":"https:\/\/harleydavidsontoluca.com\/shop\/producto\/chaqueta-para-mujer\/","name":"CHAQUETA PARA MUJER - Tienda oficial H-D Toluca","isPartOf":{"@id":"https:\/\/harleydavidsontoluca.com\/shop\/#website"},"primaryImageOfPage":{"@id":"https:\/\/harleydavidsontoluca.com\/shop\/producto\/chaqueta-para-mujer\/#primaryimage"},"image":{"@id":"https:\/\/harleydavidsontoluca.com\/shop\/producto\/chaqueta-para-mujer\/#primaryimage"},"thumbnailUrl":"https:\/\/harleydavidsontoluca.com\/shop\/wp-content\/uploads\/2024\/11\/Untitled-Project-2024-11-12T130823.553.jpg","datePublished":"2024-11-12T19:11:14+00:00","dateModified":"2025-06-21T20:10:11+00:00","breadcrumb":{"@id":"https:\/\/harleydavidsontoluca.com\/shop\/producto\/chaqueta-para-mujer\/#breadcrumb"},"inLanguage":"es","potentialAction":[{"@type":"ReadAction","target":["https:\/\/harleydavidsontoluca.com\/shop\/producto\/chaqueta-para-mujer\/"]}]},{"@type":"ImageObject","inLanguage":"es","@id":"https:\/\/harleydavidsontoluca.com\/shop\/producto\/chaqueta-para-mujer\/#primaryimage","url":"https:\/\/harleydavidsontoluca.com\/shop\/wp-content\/uploads\/2024\/11\/Untitled-Project-2024-11-12T130823.553.jpg","contentUrl":"https:\/\/harleydavidsontoluca.com\/shop\/wp-content\/uploads\/2024\/11\/Untitled-Project-2024-11-12T130823.553.jpg","width":1080,"height":1080},{"@type":"BreadcrumbList","@id":"https:\/\/harleydavidsontoluca.com\/shop\/producto\/chaqueta-para-mujer\/#breadcrumb","itemListElement":[{"@type":"ListItem","position":1,"name":"Portada","item":"https:\/\/harleydavidsontoluca.com\/shop\/"},{"@type":"ListItem","position":2,"name":"Tienda","item":"https:\/\/harleydavidsontoluca.com\/shop\/tienda\/"},{"@type":"ListItem","position":3,"name":"CHAQUETA PARA MUJER"}]},{"@type":"WebSite","@id":"https:\/\/harleydavidsontoluca.com\/shop\/#website","url":"https:\/\/harleydavidsontoluca.com\/shop\/","name":"Shop H-D Toluca","description":"Shop H-D Toluca","publisher":{"@id":"https:\/\/harleydavidsontoluca.com\/shop\/#organization"},"potentialAction":[{"@type":"SearchAction","target":{"@type":"EntryPoint","urlTemplate":"https:\/\/harleydavidsontoluca.com\/shop\/?s={search_term_string}"},"query-input":{"@type":"PropertyValueSpecification","valueRequired":true,"valueName":"search_term_string"}}],"inLanguage":"es"},{"@type":"Organization","@id":"https:\/\/harleydavidsontoluca.com\/shop\/#organization","name":"Concesionaria Central de Motos","url":"https:\/\/harleydavidsontoluca.com\/shop\/","logo":{"@type":"ImageObject","inLanguage":"es","@id":"https:\/\/harleydavidsontoluca.com\/shop\/#\/schema\/logo\/image\/","url":"https:\/\/harleydavidsontoluca.com\/shop\/wp-content\/uploads\/2024\/02\/cropped-Logo-512.png","contentUrl":"https:\/\/harleydavidsontoluca.com\/shop\/wp-content\/uploads\/2024\/02\/cropped-Logo-512.png","width":512,"height":512,"caption":"Concesionaria Central de Motos"},"image":{"@id":"https:\/\/harleydavidsontoluca.com\/shop\/#\/schema\/logo\/image\/"},"sameAs":["https:\/\/www.facebook.com\/HarleyDavidsonToluca","https:\/\/www.instagram.com\/hdtoluca\/"]}]}},"_links":{"self":[{"href":"https:\/\/harleydavidsontoluca.com\/shop\/wp-json\/wp\/v2\/product\/46566","targetHints":{"allow":["GET"]}}],"collection":[{"href":"https:\/\/harleydavidsontoluca.com\/shop\/wp-json\/wp\/v2\/product"}],"about":[{"href":"https:\/\/harleydavidsontoluca.com\/shop\/wp-json\/wp\/v2\/types\/product"}],"wp:featuredmedia":[{"embeddable":true,"href":"https:\/\/harleydavidsontoluca.com\/shop\/wp-json\/wp\/v2\/media\/46574"}],"wp:attachment":[{"href":"https:\/\/harleydavidsontoluca.com\/shop\/wp-json\/wp\/v2\/media?parent=46566"}],"wp:term":[{"taxonomy":"product_brand","embeddable":true,"href":"https:\/\/harleydavidsontoluca.com\/shop\/wp-json\/wp\/v2\/product_brand?post=46566"},{"taxonomy":"product_cat","embeddable":true,"href":"https:\/\/harleydavidsontoluca.com\/shop\/wp-json\/wp\/v2\/product_cat?post=46566"},{"taxonomy":"product_tag","embeddable":true,"href":"https:\/\/harleydavidsontoluca.com\/shop\/wp-json\/wp\/v2\/product_tag?post=46566"}],"curies":[{"name":"wp","href":"https:\/\/api.w.org\/{rel}","templated":true}]}}