
{"id":46531,"date":"2024-11-12T12:28:25","date_gmt":"2024-11-12T18:28:25","guid":{"rendered":"https:\/\/harleydavidsontoluca.com\/shop\/?post_type=product&#038;p=46531"},"modified":"2025-12-23T13:40:38","modified_gmt":"2025-12-23T19:40:38","slug":"capa-intermedia-de-forro-polar-h-d","status":"publish","type":"product","link":"https:\/\/harleydavidsontoluca.com\/shop\/producto\/capa-intermedia-de-forro-polar-h-d\/","title":{"rendered":"CAPA INTERMEDIA DE FORRO POLAR H-D"},"content":{"rendered":"<pre id=\"tw-target-text\" class=\"tw-data-text tw-text-large tw-ta\" dir=\"ltr\" data-placeholder=\"Traducci\u00f3n\" data-ved=\"2ahUKEwjBltqnsdeJAxV5JEQIHZ15OLsQ3ewLegQICRAU\" aria-label=\"Texto traducido: \u2022 Mant\u00e9ngase abrigado: cuerpo y mangas de tejido polar.\r\n\u2022 Materiales: 100% poli\u00e9ster polar de peso medio (cuerpo y mangas). Lona pesada 100% poli\u00e9ster (pecho y canes\u00fa).\r\n\u2022 Cierre: Cremallera frontal.\r\n\u2022 Bolsillos: Bolsillos calientamanos con cremallera. Bolsillo vertical en el pecho y cierre de cremallera.\r\n\u2022 Caracter\u00edsticas adicionales: Material reflectante Scotchlite de 3M.\r\n\u2022 Detalles de dise\u00f1o: Cortes de tela en contraste.\r\n\u2022 Gr\u00e1fico: Impresi\u00f3n serigrafiada. Bordado directo.\"><span class=\"Y2IQFc\" lang=\"es\">\u2022 Mant\u00e9ngase abrigado: cuerpo y mangas de tejido polar.\r\n\u2022 Materiales: 100% poli\u00e9ster polar de peso medio (cuerpo y mangas). Lona pesada 100% poli\u00e9ster (pecho y canes\u00fa).\r\n\u2022 Cierre: Cremallera frontal.\r\n\u2022 Bolsillos: Bolsillos calientamanos con cremallera. Bolsillo vertical en el pecho y cierre de cremallera.\r\n\u2022 Caracter\u00edsticas adicionales: Material reflectante Scotchlite de 3M.\r\n\u2022 Detalles de dise\u00f1o: Cortes de tela en contraste.\r\n\u2022 Gr\u00e1fico: Impresi\u00f3n serigrafiada. Bordado directo.<\/span><\/pre>\n","protected":false},"excerpt":{"rendered":"<p>En nuestra H-D Flex Layering System Fleece Zip Mid Layer se combinan abrigo y estilo para usar en la carretera y en otras ocasiones. Esta capa intermedia en nuestra l\u00ednea modular 1-2-3 te brinda opciones de protecci\u00f3n intercambiables y estilo para conducir. Confeccionada con tela polar de poli\u00e9ster y recortes de lona de poli\u00e9ster para lograr mayor durabilidad y estilo. Tiene un amplio espacio para bolsillos seguros y material reflectante para optimizar al visibilidad. Con detalles de nuestros gr\u00e1ficos de temporada que rinden homenaje a nuestra \u00e9poca de carreras de la d\u00e9cada de 1970. Suma protecci\u00f3n contra impactos combinando esta prenda con nuestra Layering System Armored Base Layer (98122-23VM), y completando con una prenda exterior protectora de nuestra m\u00e1s reciente selecci\u00f3n de chamarras para motociclistas.<\/p>\n","protected":false},"featured_media":46537,"template":"","meta":[],"product_brand":[],"product_cat":[41,24],"product_tag":[],"class_list":{"0":"post-46531","1":"product","2":"type-product","3":"status-publish","4":"has-post-thumbnail","6":"product_cat-chamarra-casual-hombre","7":"product_cat-hombre","8":"pa_talla-l","9":"pa_talla-m","10":"pa_talla-xl","12":"first","13":"outofstock","14":"taxable","15":"shipping-taxable","16":"product-type-variable"},"yoast_head":"<!-- This site is optimized with the Yoast SEO plugin v27.3 - https:\/\/yoast.com\/product\/yoast-seo-wordpress\/ -->\n<title>CAPA INTERMEDIA DE FORRO POLAR H-D - Tienda oficial H-D Toluca<\/title>\n<meta name=\"robots\" content=\"index, follow, max-snippet:-1, max-image-preview:large, max-video-preview:-1\" \/>\n<link rel=\"canonical\" href=\"https:\/\/harleydavidsontoluca.com\/shop\/producto\/capa-intermedia-de-forro-polar-h-d\/\" \/>\n<meta property=\"og:locale\" content=\"es_MX\" \/>\n<meta property=\"og:type\" content=\"article\" \/>\n<meta property=\"og:title\" content=\"CAPA INTERMEDIA DE FORRO POLAR H-D - Tienda oficial H-D Toluca\" \/>\n<meta property=\"og:description\" content=\"En nuestra H-D Flex Layering System Fleece Zip Mid Layer se combinan abrigo y estilo para usar en la carretera y en otras ocasiones. Esta capa intermedia en nuestra l\u00ednea modular 1-2-3 te brinda opciones de protecci\u00f3n intercambiables y estilo para conducir. Confeccionada con tela polar de poli\u00e9ster y recortes de lona de poli\u00e9ster para lograr mayor durabilidad y estilo. Tiene un amplio espacio para bolsillos seguros y material reflectante para optimizar al visibilidad. Con detalles de nuestros gr\u00e1ficos de temporada que rinden homenaje a nuestra \u00e9poca de carreras de la d\u00e9cada de 1970. Suma protecci\u00f3n contra impactos combinando esta prenda con nuestra Layering System Armored Base Layer (98122-23VM), y completando con una prenda exterior protectora de nuestra m\u00e1s reciente selecci\u00f3n de chamarras para motociclistas.\" \/>\n<meta property=\"og:url\" content=\"https:\/\/harleydavidsontoluca.com\/shop\/producto\/capa-intermedia-de-forro-polar-h-d\/\" \/>\n<meta property=\"og:site_name\" content=\"Tienda oficial H-D Toluca\" \/>\n<meta property=\"article:publisher\" content=\"https:\/\/www.facebook.com\/HarleyDavidsonToluca\" \/>\n<meta property=\"article:modified_time\" content=\"2025-12-23T19:40:38+00:00\" \/>\n<meta property=\"og:image\" content=\"https:\/\/harleydavidsontoluca.com\/shop\/wp-content\/uploads\/2024\/11\/Untitled-Project-2024-11-12T122306.584.jpg\" \/>\n\t<meta property=\"og:image:width\" content=\"1080\" \/>\n\t<meta property=\"og:image:height\" content=\"1080\" \/>\n\t<meta property=\"og:image:type\" content=\"image\/jpeg\" \/>\n<meta name=\"twitter:card\" content=\"summary_large_image\" \/>\n<meta name=\"twitter:label1\" content=\"Tiempo de lectura\" \/>\n\t<meta name=\"twitter:data1\" content=\"1 minuto\" \/>\n<script type=\"application\/ld+json\" class=\"yoast-schema-graph\">{\"@context\":\"https:\\\/\\\/schema.org\",\"@graph\":[{\"@type\":\"WebPage\",\"@id\":\"https:\\\/\\\/harleydavidsontoluca.com\\\/shop\\\/producto\\\/capa-intermedia-de-forro-polar-h-d\\\/\",\"url\":\"https:\\\/\\\/harleydavidsontoluca.com\\\/shop\\\/producto\\\/capa-intermedia-de-forro-polar-h-d\\\/\",\"name\":\"CAPA INTERMEDIA DE FORRO POLAR H-D - Tienda oficial H-D Toluca\",\"isPartOf\":{\"@id\":\"https:\\\/\\\/harleydavidsontoluca.com\\\/shop\\\/#website\"},\"primaryImageOfPage\":{\"@id\":\"https:\\\/\\\/harleydavidsontoluca.com\\\/shop\\\/producto\\\/capa-intermedia-de-forro-polar-h-d\\\/#primaryimage\"},\"image\":{\"@id\":\"https:\\\/\\\/harleydavidsontoluca.com\\\/shop\\\/producto\\\/capa-intermedia-de-forro-polar-h-d\\\/#primaryimage\"},\"thumbnailUrl\":\"https:\\\/\\\/harleydavidsontoluca.com\\\/shop\\\/wp-content\\\/uploads\\\/2024\\\/11\\\/Untitled-Project-2024-11-12T122306.584.jpg\",\"datePublished\":\"2024-11-12T18:28:25+00:00\",\"dateModified\":\"2025-12-23T19:40:38+00:00\",\"breadcrumb\":{\"@id\":\"https:\\\/\\\/harleydavidsontoluca.com\\\/shop\\\/producto\\\/capa-intermedia-de-forro-polar-h-d\\\/#breadcrumb\"},\"inLanguage\":\"es\",\"potentialAction\":[{\"@type\":\"ReadAction\",\"target\":[\"https:\\\/\\\/harleydavidsontoluca.com\\\/shop\\\/producto\\\/capa-intermedia-de-forro-polar-h-d\\\/\"]}]},{\"@type\":\"ImageObject\",\"inLanguage\":\"es\",\"@id\":\"https:\\\/\\\/harleydavidsontoluca.com\\\/shop\\\/producto\\\/capa-intermedia-de-forro-polar-h-d\\\/#primaryimage\",\"url\":\"https:\\\/\\\/harleydavidsontoluca.com\\\/shop\\\/wp-content\\\/uploads\\\/2024\\\/11\\\/Untitled-Project-2024-11-12T122306.584.jpg\",\"contentUrl\":\"https:\\\/\\\/harleydavidsontoluca.com\\\/shop\\\/wp-content\\\/uploads\\\/2024\\\/11\\\/Untitled-Project-2024-11-12T122306.584.jpg\",\"width\":1080,\"height\":1080},{\"@type\":\"BreadcrumbList\",\"@id\":\"https:\\\/\\\/harleydavidsontoluca.com\\\/shop\\\/producto\\\/capa-intermedia-de-forro-polar-h-d\\\/#breadcrumb\",\"itemListElement\":[{\"@type\":\"ListItem\",\"position\":1,\"name\":\"Portada\",\"item\":\"https:\\\/\\\/harleydavidsontoluca.com\\\/shop\\\/\"},{\"@type\":\"ListItem\",\"position\":2,\"name\":\"Tienda\",\"item\":\"https:\\\/\\\/harleydavidsontoluca.com\\\/shop\\\/tienda\\\/\"},{\"@type\":\"ListItem\",\"position\":3,\"name\":\"CAPA INTERMEDIA DE FORRO POLAR H-D\"}]},{\"@type\":\"WebSite\",\"@id\":\"https:\\\/\\\/harleydavidsontoluca.com\\\/shop\\\/#website\",\"url\":\"https:\\\/\\\/harleydavidsontoluca.com\\\/shop\\\/\",\"name\":\"Shop H-D Toluca\",\"description\":\"Shop H-D Toluca\",\"publisher\":{\"@id\":\"https:\\\/\\\/harleydavidsontoluca.com\\\/shop\\\/#organization\"},\"potentialAction\":[{\"@type\":\"SearchAction\",\"target\":{\"@type\":\"EntryPoint\",\"urlTemplate\":\"https:\\\/\\\/harleydavidsontoluca.com\\\/shop\\\/?s={search_term_string}\"},\"query-input\":{\"@type\":\"PropertyValueSpecification\",\"valueRequired\":true,\"valueName\":\"search_term_string\"}}],\"inLanguage\":\"es\"},{\"@type\":\"Organization\",\"@id\":\"https:\\\/\\\/harleydavidsontoluca.com\\\/shop\\\/#organization\",\"name\":\"Concesionaria Central de Motos\",\"url\":\"https:\\\/\\\/harleydavidsontoluca.com\\\/shop\\\/\",\"logo\":{\"@type\":\"ImageObject\",\"inLanguage\":\"es\",\"@id\":\"https:\\\/\\\/harleydavidsontoluca.com\\\/shop\\\/#\\\/schema\\\/logo\\\/image\\\/\",\"url\":\"https:\\\/\\\/harleydavidsontoluca.com\\\/shop\\\/wp-content\\\/uploads\\\/2024\\\/02\\\/cropped-Logo-512.png\",\"contentUrl\":\"https:\\\/\\\/harleydavidsontoluca.com\\\/shop\\\/wp-content\\\/uploads\\\/2024\\\/02\\\/cropped-Logo-512.png\",\"width\":512,\"height\":512,\"caption\":\"Concesionaria Central de Motos\"},\"image\":{\"@id\":\"https:\\\/\\\/harleydavidsontoluca.com\\\/shop\\\/#\\\/schema\\\/logo\\\/image\\\/\"},\"sameAs\":[\"https:\\\/\\\/www.facebook.com\\\/HarleyDavidsonToluca\",\"https:\\\/\\\/www.instagram.com\\\/hdtoluca\\\/\"]}]}<\/script>\n<!-- \/ Yoast SEO plugin. -->","yoast_head_json":{"title":"CAPA INTERMEDIA DE FORRO POLAR H-D - Tienda oficial H-D Toluca","robots":{"index":"index","follow":"follow","max-snippet":"max-snippet:-1","max-image-preview":"max-image-preview:large","max-video-preview":"max-video-preview:-1"},"canonical":"https:\/\/harleydavidsontoluca.com\/shop\/producto\/capa-intermedia-de-forro-polar-h-d\/","og_locale":"es_MX","og_type":"article","og_title":"CAPA INTERMEDIA DE FORRO POLAR H-D - Tienda oficial H-D Toluca","og_description":"En nuestra H-D Flex Layering System Fleece Zip Mid Layer se combinan abrigo y estilo para usar en la carretera y en otras ocasiones. Esta capa intermedia en nuestra l\u00ednea modular 1-2-3 te brinda opciones de protecci\u00f3n intercambiables y estilo para conducir. Confeccionada con tela polar de poli\u00e9ster y recortes de lona de poli\u00e9ster para lograr mayor durabilidad y estilo. Tiene un amplio espacio para bolsillos seguros y material reflectante para optimizar al visibilidad. Con detalles de nuestros gr\u00e1ficos de temporada que rinden homenaje a nuestra \u00e9poca de carreras de la d\u00e9cada de 1970. Suma protecci\u00f3n contra impactos combinando esta prenda con nuestra Layering System Armored Base Layer (98122-23VM), y completando con una prenda exterior protectora de nuestra m\u00e1s reciente selecci\u00f3n de chamarras para motociclistas.","og_url":"https:\/\/harleydavidsontoluca.com\/shop\/producto\/capa-intermedia-de-forro-polar-h-d\/","og_site_name":"Tienda oficial H-D Toluca","article_publisher":"https:\/\/www.facebook.com\/HarleyDavidsonToluca","article_modified_time":"2025-12-23T19:40:38+00:00","og_image":[{"width":1080,"height":1080,"url":"https:\/\/harleydavidsontoluca.com\/shop\/wp-content\/uploads\/2024\/11\/Untitled-Project-2024-11-12T122306.584.jpg","type":"image\/jpeg"}],"twitter_card":"summary_large_image","twitter_misc":{"Tiempo de lectura":"1 minuto"},"schema":{"@context":"https:\/\/schema.org","@graph":[{"@type":"WebPage","@id":"https:\/\/harleydavidsontoluca.com\/shop\/producto\/capa-intermedia-de-forro-polar-h-d\/","url":"https:\/\/harleydavidsontoluca.com\/shop\/producto\/capa-intermedia-de-forro-polar-h-d\/","name":"CAPA INTERMEDIA DE FORRO POLAR H-D - Tienda oficial H-D Toluca","isPartOf":{"@id":"https:\/\/harleydavidsontoluca.com\/shop\/#website"},"primaryImageOfPage":{"@id":"https:\/\/harleydavidsontoluca.com\/shop\/producto\/capa-intermedia-de-forro-polar-h-d\/#primaryimage"},"image":{"@id":"https:\/\/harleydavidsontoluca.com\/shop\/producto\/capa-intermedia-de-forro-polar-h-d\/#primaryimage"},"thumbnailUrl":"https:\/\/harleydavidsontoluca.com\/shop\/wp-content\/uploads\/2024\/11\/Untitled-Project-2024-11-12T122306.584.jpg","datePublished":"2024-11-12T18:28:25+00:00","dateModified":"2025-12-23T19:40:38+00:00","breadcrumb":{"@id":"https:\/\/harleydavidsontoluca.com\/shop\/producto\/capa-intermedia-de-forro-polar-h-d\/#breadcrumb"},"inLanguage":"es","potentialAction":[{"@type":"ReadAction","target":["https:\/\/harleydavidsontoluca.com\/shop\/producto\/capa-intermedia-de-forro-polar-h-d\/"]}]},{"@type":"ImageObject","inLanguage":"es","@id":"https:\/\/harleydavidsontoluca.com\/shop\/producto\/capa-intermedia-de-forro-polar-h-d\/#primaryimage","url":"https:\/\/harleydavidsontoluca.com\/shop\/wp-content\/uploads\/2024\/11\/Untitled-Project-2024-11-12T122306.584.jpg","contentUrl":"https:\/\/harleydavidsontoluca.com\/shop\/wp-content\/uploads\/2024\/11\/Untitled-Project-2024-11-12T122306.584.jpg","width":1080,"height":1080},{"@type":"BreadcrumbList","@id":"https:\/\/harleydavidsontoluca.com\/shop\/producto\/capa-intermedia-de-forro-polar-h-d\/#breadcrumb","itemListElement":[{"@type":"ListItem","position":1,"name":"Portada","item":"https:\/\/harleydavidsontoluca.com\/shop\/"},{"@type":"ListItem","position":2,"name":"Tienda","item":"https:\/\/harleydavidsontoluca.com\/shop\/tienda\/"},{"@type":"ListItem","position":3,"name":"CAPA INTERMEDIA DE FORRO POLAR H-D"}]},{"@type":"WebSite","@id":"https:\/\/harleydavidsontoluca.com\/shop\/#website","url":"https:\/\/harleydavidsontoluca.com\/shop\/","name":"Shop H-D Toluca","description":"Shop H-D Toluca","publisher":{"@id":"https:\/\/harleydavidsontoluca.com\/shop\/#organization"},"potentialAction":[{"@type":"SearchAction","target":{"@type":"EntryPoint","urlTemplate":"https:\/\/harleydavidsontoluca.com\/shop\/?s={search_term_string}"},"query-input":{"@type":"PropertyValueSpecification","valueRequired":true,"valueName":"search_term_string"}}],"inLanguage":"es"},{"@type":"Organization","@id":"https:\/\/harleydavidsontoluca.com\/shop\/#organization","name":"Concesionaria Central de Motos","url":"https:\/\/harleydavidsontoluca.com\/shop\/","logo":{"@type":"ImageObject","inLanguage":"es","@id":"https:\/\/harleydavidsontoluca.com\/shop\/#\/schema\/logo\/image\/","url":"https:\/\/harleydavidsontoluca.com\/shop\/wp-content\/uploads\/2024\/02\/cropped-Logo-512.png","contentUrl":"https:\/\/harleydavidsontoluca.com\/shop\/wp-content\/uploads\/2024\/02\/cropped-Logo-512.png","width":512,"height":512,"caption":"Concesionaria Central de Motos"},"image":{"@id":"https:\/\/harleydavidsontoluca.com\/shop\/#\/schema\/logo\/image\/"},"sameAs":["https:\/\/www.facebook.com\/HarleyDavidsonToluca","https:\/\/www.instagram.com\/hdtoluca\/"]}]}},"_links":{"self":[{"href":"https:\/\/harleydavidsontoluca.com\/shop\/wp-json\/wp\/v2\/product\/46531","targetHints":{"allow":["GET"]}}],"collection":[{"href":"https:\/\/harleydavidsontoluca.com\/shop\/wp-json\/wp\/v2\/product"}],"about":[{"href":"https:\/\/harleydavidsontoluca.com\/shop\/wp-json\/wp\/v2\/types\/product"}],"wp:featuredmedia":[{"embeddable":true,"href":"https:\/\/harleydavidsontoluca.com\/shop\/wp-json\/wp\/v2\/media\/46537"}],"wp:attachment":[{"href":"https:\/\/harleydavidsontoluca.com\/shop\/wp-json\/wp\/v2\/media?parent=46531"}],"wp:term":[{"taxonomy":"product_brand","embeddable":true,"href":"https:\/\/harleydavidsontoluca.com\/shop\/wp-json\/wp\/v2\/product_brand?post=46531"},{"taxonomy":"product_cat","embeddable":true,"href":"https:\/\/harleydavidsontoluca.com\/shop\/wp-json\/wp\/v2\/product_cat?post=46531"},{"taxonomy":"product_tag","embeddable":true,"href":"https:\/\/harleydavidsontoluca.com\/shop\/wp-json\/wp\/v2\/product_tag?post=46531"}],"curies":[{"name":"wp","href":"https:\/\/api.w.org\/{rel}","templated":true}]}}