
{"id":46423,"date":"2024-10-31T15:35:54","date_gmt":"2024-10-31T21:35:54","guid":{"rendered":"https:\/\/harleydavidsontoluca.com\/shop\/?post_type=product&#038;p=46423"},"modified":"2026-05-06T16:54:01","modified_gmt":"2026-05-06T22:54:01","slug":"guantes-de-cuero-3-en-1","status":"publish","type":"product","link":"https:\/\/harleydavidsontoluca.com\/shop\/producto\/guantes-de-cuero-3-en-1\/","title":{"rendered":"GUANTES DE CUERO 3 EN 1"},"content":{"rendered":"<div class=\"mt-3\">\u2022\u00a0<span class=\"b2\">Materials:\u00a0<\/span>Materiales: De 100\u202f% de cuero de oveja (guante). Tejido de 50\u202f% de viscosa, 28\u202f% de poli\u00e9ster y 22\u202f% de nylon (pu\u00f1o).<\/div>\n<div class=\"mt-3\">\u2022\u00a0<span class=\"b2\">Closure:\u00a0<\/span>Cierre: Pu\u00f1o el\u00e1stico (guante).<\/div>\n<div class=\"mt-3\">\u2022\u00a0<span class=\"b2\">Design Details:\u00a0<\/span>Detalles de dise\u00f1o: Pu\u00f1o desmontable con orificio para el pulgar. Compatible con pantallas t\u00e1ctiles.<\/div>\n<div class=\"mt-3\">\u2022\u00a0<span class=\"b2\">Graphics:\u00a0<\/span>Gr\u00e1ficos: Tejido de punto intarsia (pu\u00f1o). Grabado en relieve (guante<\/div>\n","protected":false},"excerpt":{"rendered":"<p>Triplica tus opciones con nuestros 3-in-1 Leather Gloves de edici\u00f3n limitada. Los guantes son de cuero de oveja suave, y los pu\u00f1os desmontables con orificios para los pulgares son de una mezcla de tejido de punto igualmente suave. Puedes usar estos guantes de cuero compatibles con pantallas t\u00e1ctiles solos, los pu\u00f1os solos, o combinarlos para tener una capa adicional de abrigo. Nuestro Bar &amp; Shield abierto muestra sutilmente la marca en los guantes de cuero y nuestros gr\u00e1ficos de punto de intarsia se exhiben en los pu\u00f1os. Haz tu pedido ahora antes de que se agote.<\/p>\n","protected":false},"featured_media":46429,"template":"","meta":[],"product_brand":[],"product_cat":[73,25],"product_tag":[],"class_list":{"0":"post-46423","1":"product","2":"type-product","3":"status-publish","4":"has-post-thumbnail","6":"product_cat-guantes-mujer","7":"product_cat-mujer","8":"pa_talla-l","9":"pa_talla-m","10":"pa_talla-s","11":"pa_talla-xs","13":"first","14":"instock","15":"taxable","16":"shipping-taxable","17":"purchasable","18":"product-type-variable"},"yoast_head":"<!-- This site is optimized with the Yoast SEO plugin v27.5 - https:\/\/yoast.com\/product\/yoast-seo-wordpress\/ -->\n<title>GUANTES DE CUERO 3 EN 1 - Tienda oficial H-D Toluca<\/title>\n<meta name=\"robots\" content=\"index, follow, max-snippet:-1, max-image-preview:large, max-video-preview:-1\" \/>\n<link rel=\"canonical\" href=\"https:\/\/harleydavidsontoluca.com\/shop\/producto\/guantes-de-cuero-3-en-1\/\" \/>\n<meta property=\"og:locale\" content=\"es_MX\" \/>\n<meta property=\"og:type\" content=\"article\" \/>\n<meta property=\"og:title\" content=\"GUANTES DE CUERO 3 EN 1 - Tienda oficial H-D Toluca\" \/>\n<meta property=\"og:description\" content=\"Triplica tus opciones con nuestros 3-in-1 Leather Gloves de edici\u00f3n limitada. Los guantes son de cuero de oveja suave, y los pu\u00f1os desmontables con orificios para los pulgares son de una mezcla de tejido de punto igualmente suave. Puedes usar estos guantes de cuero compatibles con pantallas t\u00e1ctiles solos, los pu\u00f1os solos, o combinarlos para tener una capa adicional de abrigo. Nuestro Bar &amp; Shield abierto muestra sutilmente la marca en los guantes de cuero y nuestros gr\u00e1ficos de punto de intarsia se exhiben en los pu\u00f1os. Haz tu pedido ahora antes de que se agote.\" \/>\n<meta property=\"og:url\" content=\"https:\/\/harleydavidsontoluca.com\/shop\/producto\/guantes-de-cuero-3-en-1\/\" \/>\n<meta property=\"og:site_name\" content=\"Tienda oficial H-D Toluca\" \/>\n<meta property=\"article:publisher\" content=\"https:\/\/www.facebook.com\/HarleyDavidsonToluca\" \/>\n<meta property=\"article:modified_time\" content=\"2026-05-06T22:54:01+00:00\" \/>\n<meta property=\"og:image\" content=\"https:\/\/harleydavidsontoluca.com\/shop\/wp-content\/uploads\/2024\/10\/Untitled-Project-2024-10-31T153414.006.jpg\" \/>\n\t<meta property=\"og:image:width\" content=\"1080\" \/>\n\t<meta property=\"og:image:height\" content=\"1080\" \/>\n\t<meta property=\"og:image:type\" content=\"image\/jpeg\" \/>\n<meta name=\"twitter:card\" content=\"summary_large_image\" \/>\n<meta name=\"twitter:label1\" content=\"Tiempo de lectura\" \/>\n\t<meta name=\"twitter:data1\" content=\"1 minuto\" \/>\n<script type=\"application\/ld+json\" class=\"yoast-schema-graph\">{\"@context\":\"https:\\\/\\\/schema.org\",\"@graph\":[{\"@type\":\"WebPage\",\"@id\":\"https:\\\/\\\/harleydavidsontoluca.com\\\/shop\\\/producto\\\/guantes-de-cuero-3-en-1\\\/\",\"url\":\"https:\\\/\\\/harleydavidsontoluca.com\\\/shop\\\/producto\\\/guantes-de-cuero-3-en-1\\\/\",\"name\":\"GUANTES DE CUERO 3 EN 1 - Tienda oficial H-D Toluca\",\"isPartOf\":{\"@id\":\"https:\\\/\\\/harleydavidsontoluca.com\\\/shop\\\/#website\"},\"primaryImageOfPage\":{\"@id\":\"https:\\\/\\\/harleydavidsontoluca.com\\\/shop\\\/producto\\\/guantes-de-cuero-3-en-1\\\/#primaryimage\"},\"image\":{\"@id\":\"https:\\\/\\\/harleydavidsontoluca.com\\\/shop\\\/producto\\\/guantes-de-cuero-3-en-1\\\/#primaryimage\"},\"thumbnailUrl\":\"https:\\\/\\\/harleydavidsontoluca.com\\\/shop\\\/wp-content\\\/uploads\\\/2024\\\/10\\\/Untitled-Project-2024-10-31T153414.006.jpg\",\"datePublished\":\"2024-10-31T21:35:54+00:00\",\"dateModified\":\"2026-05-06T22:54:01+00:00\",\"breadcrumb\":{\"@id\":\"https:\\\/\\\/harleydavidsontoluca.com\\\/shop\\\/producto\\\/guantes-de-cuero-3-en-1\\\/#breadcrumb\"},\"inLanguage\":\"es\",\"potentialAction\":[{\"@type\":\"ReadAction\",\"target\":[\"https:\\\/\\\/harleydavidsontoluca.com\\\/shop\\\/producto\\\/guantes-de-cuero-3-en-1\\\/\"]}]},{\"@type\":\"ImageObject\",\"inLanguage\":\"es\",\"@id\":\"https:\\\/\\\/harleydavidsontoluca.com\\\/shop\\\/producto\\\/guantes-de-cuero-3-en-1\\\/#primaryimage\",\"url\":\"https:\\\/\\\/harleydavidsontoluca.com\\\/shop\\\/wp-content\\\/uploads\\\/2024\\\/10\\\/Untitled-Project-2024-10-31T153414.006.jpg\",\"contentUrl\":\"https:\\\/\\\/harleydavidsontoluca.com\\\/shop\\\/wp-content\\\/uploads\\\/2024\\\/10\\\/Untitled-Project-2024-10-31T153414.006.jpg\",\"width\":1080,\"height\":1080},{\"@type\":\"BreadcrumbList\",\"@id\":\"https:\\\/\\\/harleydavidsontoluca.com\\\/shop\\\/producto\\\/guantes-de-cuero-3-en-1\\\/#breadcrumb\",\"itemListElement\":[{\"@type\":\"ListItem\",\"position\":1,\"name\":\"Portada\",\"item\":\"https:\\\/\\\/harleydavidsontoluca.com\\\/shop\\\/\"},{\"@type\":\"ListItem\",\"position\":2,\"name\":\"Tienda\",\"item\":\"https:\\\/\\\/harleydavidsontoluca.com\\\/shop\\\/tienda\\\/\"},{\"@type\":\"ListItem\",\"position\":3,\"name\":\"GUANTES DE CUERO 3 EN 1\"}]},{\"@type\":\"WebSite\",\"@id\":\"https:\\\/\\\/harleydavidsontoluca.com\\\/shop\\\/#website\",\"url\":\"https:\\\/\\\/harleydavidsontoluca.com\\\/shop\\\/\",\"name\":\"Shop H-D Toluca\",\"description\":\"Shop H-D Toluca\",\"publisher\":{\"@id\":\"https:\\\/\\\/harleydavidsontoluca.com\\\/shop\\\/#organization\"},\"potentialAction\":[{\"@type\":\"SearchAction\",\"target\":{\"@type\":\"EntryPoint\",\"urlTemplate\":\"https:\\\/\\\/harleydavidsontoluca.com\\\/shop\\\/?s={search_term_string}\"},\"query-input\":{\"@type\":\"PropertyValueSpecification\",\"valueRequired\":true,\"valueName\":\"search_term_string\"}}],\"inLanguage\":\"es\"},{\"@type\":\"Organization\",\"@id\":\"https:\\\/\\\/harleydavidsontoluca.com\\\/shop\\\/#organization\",\"name\":\"Concesionaria Central de Motos\",\"url\":\"https:\\\/\\\/harleydavidsontoluca.com\\\/shop\\\/\",\"logo\":{\"@type\":\"ImageObject\",\"inLanguage\":\"es\",\"@id\":\"https:\\\/\\\/harleydavidsontoluca.com\\\/shop\\\/#\\\/schema\\\/logo\\\/image\\\/\",\"url\":\"https:\\\/\\\/harleydavidsontoluca.com\\\/shop\\\/wp-content\\\/uploads\\\/2024\\\/02\\\/cropped-Logo-512.png\",\"contentUrl\":\"https:\\\/\\\/harleydavidsontoluca.com\\\/shop\\\/wp-content\\\/uploads\\\/2024\\\/02\\\/cropped-Logo-512.png\",\"width\":512,\"height\":512,\"caption\":\"Concesionaria Central de Motos\"},\"image\":{\"@id\":\"https:\\\/\\\/harleydavidsontoluca.com\\\/shop\\\/#\\\/schema\\\/logo\\\/image\\\/\"},\"sameAs\":[\"https:\\\/\\\/www.facebook.com\\\/HarleyDavidsonToluca\",\"https:\\\/\\\/www.instagram.com\\\/hdtoluca\\\/\"]}]}<\/script>\n<!-- \/ Yoast SEO plugin. -->","yoast_head_json":{"title":"GUANTES DE CUERO 3 EN 1 - Tienda oficial H-D Toluca","robots":{"index":"index","follow":"follow","max-snippet":"max-snippet:-1","max-image-preview":"max-image-preview:large","max-video-preview":"max-video-preview:-1"},"canonical":"https:\/\/harleydavidsontoluca.com\/shop\/producto\/guantes-de-cuero-3-en-1\/","og_locale":"es_MX","og_type":"article","og_title":"GUANTES DE CUERO 3 EN 1 - Tienda oficial H-D Toluca","og_description":"Triplica tus opciones con nuestros 3-in-1 Leather Gloves de edici\u00f3n limitada. Los guantes son de cuero de oveja suave, y los pu\u00f1os desmontables con orificios para los pulgares son de una mezcla de tejido de punto igualmente suave. Puedes usar estos guantes de cuero compatibles con pantallas t\u00e1ctiles solos, los pu\u00f1os solos, o combinarlos para tener una capa adicional de abrigo. Nuestro Bar &amp; Shield abierto muestra sutilmente la marca en los guantes de cuero y nuestros gr\u00e1ficos de punto de intarsia se exhiben en los pu\u00f1os. Haz tu pedido ahora antes de que se agote.","og_url":"https:\/\/harleydavidsontoluca.com\/shop\/producto\/guantes-de-cuero-3-en-1\/","og_site_name":"Tienda oficial H-D Toluca","article_publisher":"https:\/\/www.facebook.com\/HarleyDavidsonToluca","article_modified_time":"2026-05-06T22:54:01+00:00","og_image":[{"width":1080,"height":1080,"url":"https:\/\/harleydavidsontoluca.com\/shop\/wp-content\/uploads\/2024\/10\/Untitled-Project-2024-10-31T153414.006.jpg","type":"image\/jpeg"}],"twitter_card":"summary_large_image","twitter_misc":{"Tiempo de lectura":"1 minuto"},"schema":{"@context":"https:\/\/schema.org","@graph":[{"@type":"WebPage","@id":"https:\/\/harleydavidsontoluca.com\/shop\/producto\/guantes-de-cuero-3-en-1\/","url":"https:\/\/harleydavidsontoluca.com\/shop\/producto\/guantes-de-cuero-3-en-1\/","name":"GUANTES DE CUERO 3 EN 1 - Tienda oficial H-D Toluca","isPartOf":{"@id":"https:\/\/harleydavidsontoluca.com\/shop\/#website"},"primaryImageOfPage":{"@id":"https:\/\/harleydavidsontoluca.com\/shop\/producto\/guantes-de-cuero-3-en-1\/#primaryimage"},"image":{"@id":"https:\/\/harleydavidsontoluca.com\/shop\/producto\/guantes-de-cuero-3-en-1\/#primaryimage"},"thumbnailUrl":"https:\/\/harleydavidsontoluca.com\/shop\/wp-content\/uploads\/2024\/10\/Untitled-Project-2024-10-31T153414.006.jpg","datePublished":"2024-10-31T21:35:54+00:00","dateModified":"2026-05-06T22:54:01+00:00","breadcrumb":{"@id":"https:\/\/harleydavidsontoluca.com\/shop\/producto\/guantes-de-cuero-3-en-1\/#breadcrumb"},"inLanguage":"es","potentialAction":[{"@type":"ReadAction","target":["https:\/\/harleydavidsontoluca.com\/shop\/producto\/guantes-de-cuero-3-en-1\/"]}]},{"@type":"ImageObject","inLanguage":"es","@id":"https:\/\/harleydavidsontoluca.com\/shop\/producto\/guantes-de-cuero-3-en-1\/#primaryimage","url":"https:\/\/harleydavidsontoluca.com\/shop\/wp-content\/uploads\/2024\/10\/Untitled-Project-2024-10-31T153414.006.jpg","contentUrl":"https:\/\/harleydavidsontoluca.com\/shop\/wp-content\/uploads\/2024\/10\/Untitled-Project-2024-10-31T153414.006.jpg","width":1080,"height":1080},{"@type":"BreadcrumbList","@id":"https:\/\/harleydavidsontoluca.com\/shop\/producto\/guantes-de-cuero-3-en-1\/#breadcrumb","itemListElement":[{"@type":"ListItem","position":1,"name":"Portada","item":"https:\/\/harleydavidsontoluca.com\/shop\/"},{"@type":"ListItem","position":2,"name":"Tienda","item":"https:\/\/harleydavidsontoluca.com\/shop\/tienda\/"},{"@type":"ListItem","position":3,"name":"GUANTES DE CUERO 3 EN 1"}]},{"@type":"WebSite","@id":"https:\/\/harleydavidsontoluca.com\/shop\/#website","url":"https:\/\/harleydavidsontoluca.com\/shop\/","name":"Shop H-D Toluca","description":"Shop H-D Toluca","publisher":{"@id":"https:\/\/harleydavidsontoluca.com\/shop\/#organization"},"potentialAction":[{"@type":"SearchAction","target":{"@type":"EntryPoint","urlTemplate":"https:\/\/harleydavidsontoluca.com\/shop\/?s={search_term_string}"},"query-input":{"@type":"PropertyValueSpecification","valueRequired":true,"valueName":"search_term_string"}}],"inLanguage":"es"},{"@type":"Organization","@id":"https:\/\/harleydavidsontoluca.com\/shop\/#organization","name":"Concesionaria Central de Motos","url":"https:\/\/harleydavidsontoluca.com\/shop\/","logo":{"@type":"ImageObject","inLanguage":"es","@id":"https:\/\/harleydavidsontoluca.com\/shop\/#\/schema\/logo\/image\/","url":"https:\/\/harleydavidsontoluca.com\/shop\/wp-content\/uploads\/2024\/02\/cropped-Logo-512.png","contentUrl":"https:\/\/harleydavidsontoluca.com\/shop\/wp-content\/uploads\/2024\/02\/cropped-Logo-512.png","width":512,"height":512,"caption":"Concesionaria Central de Motos"},"image":{"@id":"https:\/\/harleydavidsontoluca.com\/shop\/#\/schema\/logo\/image\/"},"sameAs":["https:\/\/www.facebook.com\/HarleyDavidsonToluca","https:\/\/www.instagram.com\/hdtoluca\/"]}]}},"_links":{"self":[{"href":"https:\/\/harleydavidsontoluca.com\/shop\/wp-json\/wp\/v2\/product\/46423","targetHints":{"allow":["GET"]}}],"collection":[{"href":"https:\/\/harleydavidsontoluca.com\/shop\/wp-json\/wp\/v2\/product"}],"about":[{"href":"https:\/\/harleydavidsontoluca.com\/shop\/wp-json\/wp\/v2\/types\/product"}],"wp:featuredmedia":[{"embeddable":true,"href":"https:\/\/harleydavidsontoluca.com\/shop\/wp-json\/wp\/v2\/media\/46429"}],"wp:attachment":[{"href":"https:\/\/harleydavidsontoluca.com\/shop\/wp-json\/wp\/v2\/media?parent=46423"}],"wp:term":[{"taxonomy":"product_brand","embeddable":true,"href":"https:\/\/harleydavidsontoluca.com\/shop\/wp-json\/wp\/v2\/product_brand?post=46423"},{"taxonomy":"product_cat","embeddable":true,"href":"https:\/\/harleydavidsontoluca.com\/shop\/wp-json\/wp\/v2\/product_cat?post=46423"},{"taxonomy":"product_tag","embeddable":true,"href":"https:\/\/harleydavidsontoluca.com\/shop\/wp-json\/wp\/v2\/product_tag?post=46423"}],"curies":[{"name":"wp","href":"https:\/\/api.w.org\/{rel}","templated":true}]}}