
{"id":46390,"date":"2024-10-31T13:56:24","date_gmt":"2024-10-31T19:56:24","guid":{"rendered":"https:\/\/harleydavidsontoluca.com\/shop\/?post_type=product&#038;p=46390"},"modified":"2025-05-06T14:34:14","modified_gmt":"2025-05-06T19:34:14","slug":"sudadera-champion-x-harley-davidson","status":"publish","type":"product","link":"https:\/\/harleydavidsontoluca.com\/shop\/producto\/sudadera-champion-x-harley-davidson\/","title":{"rendered":"SUDADERA CHAMPION X HARLEY-DAVIDSON"},"content":{"rendered":"<pre id=\"tw-target-text\" class=\"tw-data-text tw-text-large tw-ta\" dir=\"ltr\" data-placeholder=\"Traducci\u00f3n\" data-ved=\"2ahUKEwigwZb9sLmJAxVdJ0QIHTHvJGkQ3ewLegQICRAU\" aria-label=\"Texto traducido: \u2022 Ajuste y movilidad: Ajuste y movilidad: Ajuste relajado.\r\n\u2022 Materiales: Materiales: Tejido polar pesado de tejido inverso de 82% algod\u00f3n, 18% poli\u00e9ster.\r\n\u2022 Detalles de dise\u00f1o: Detalles de dise\u00f1o: Paneles laterales, cuello, pu\u00f1os y dobladillo de punto acanalado.\r\n\u2022 Gr\u00e1ficos: Gr\u00e1ficos: Apliques bordados.\"><span class=\"Y2IQFc\" lang=\"es\">\u2022 Ajuste y movilidad: Ajuste y movilidad: Ajuste relajado.\r\n\u2022 Materiales: Materiales: Tejido polar pesado de tejido inverso de 82% algod\u00f3n, 18% poli\u00e9ster.\r\n\u2022 Detalles de dise\u00f1o: Detalles de dise\u00f1o: Paneles laterales, cuello, pu\u00f1os y dobladillo de punto acanalado.\r\n\u2022 Gr\u00e1ficos: Gr\u00e1ficos: Apliques bordados.<\/span><\/pre>\n","protected":false},"excerpt":{"rendered":"<p>Alienta con la inconfundible calidad y el estilo ic\u00f3nico de la Champion x Harley-Davidson Fanatic Crew Neck Sweatshirt. Dise\u00f1ada con especificaciones premium de Champion en tela polar pesada y cepillada con caracter\u00edsticas distintivas como costuras dobles, paneles laterales de punto acanalado y un ajuste superholgado. Esta prenda informal para usar superpuesta tiene un acabado audaz con gr\u00e1ficos originales bordados que le dan un aspecto ganador, ideal para usar debajo del equipo cuando conduces tu motocicleta o para otras actividades. Disponible en una variedad de colores para que expreses tu esp\u00edritu de equipo con el orgullo de Harley. Parte de la Colaboraci\u00f3n Champion x H-D\u2014una l\u00ednea de edici\u00f3n limitada para aquellos que aprecian una aut\u00e9ntica comodidad atl\u00e9tica y un estilo inspirado en el legado del motociclismo.<\/p>\n","protected":false},"featured_media":46395,"template":"","meta":[],"product_brand":[],"product_cat":[24,44],"product_tag":[],"class_list":{"0":"post-46390","1":"product","2":"type-product","3":"status-publish","4":"has-post-thumbnail","6":"product_cat-hombre","7":"product_cat-sudaderas","8":"pa_talla-l","9":"pa_talla-m","10":"pa_talla-s","11":"pa_talla-xl","13":"first","14":"outofstock","15":"taxable","16":"shipping-taxable","17":"product-type-variable"},"yoast_head":"<!-- This site is optimized with the Yoast SEO plugin v27.3 - https:\/\/yoast.com\/product\/yoast-seo-wordpress\/ -->\n<title>SUDADERA CHAMPION X HARLEY-DAVIDSON - Tienda oficial H-D Toluca<\/title>\n<meta name=\"robots\" content=\"index, follow, max-snippet:-1, max-image-preview:large, max-video-preview:-1\" \/>\n<link rel=\"canonical\" href=\"https:\/\/harleydavidsontoluca.com\/shop\/producto\/sudadera-champion-x-harley-davidson\/\" \/>\n<meta property=\"og:locale\" content=\"es_MX\" \/>\n<meta property=\"og:type\" content=\"article\" \/>\n<meta property=\"og:title\" content=\"SUDADERA CHAMPION X HARLEY-DAVIDSON - Tienda oficial H-D Toluca\" \/>\n<meta property=\"og:description\" content=\"Alienta con la inconfundible calidad y el estilo ic\u00f3nico de la Champion x Harley-Davidson Fanatic Crew Neck Sweatshirt. Dise\u00f1ada con especificaciones premium de Champion en tela polar pesada y cepillada con caracter\u00edsticas distintivas como costuras dobles, paneles laterales de punto acanalado y un ajuste superholgado. Esta prenda informal para usar superpuesta tiene un acabado audaz con gr\u00e1ficos originales bordados que le dan un aspecto ganador, ideal para usar debajo del equipo cuando conduces tu motocicleta o para otras actividades. Disponible en una variedad de colores para que expreses tu esp\u00edritu de equipo con el orgullo de Harley. Parte de la Colaboraci\u00f3n Champion x H-D\u2014una l\u00ednea de edici\u00f3n limitada para aquellos que aprecian una aut\u00e9ntica comodidad atl\u00e9tica y un estilo inspirado en el legado del motociclismo.\" \/>\n<meta property=\"og:url\" content=\"https:\/\/harleydavidsontoluca.com\/shop\/producto\/sudadera-champion-x-harley-davidson\/\" \/>\n<meta property=\"og:site_name\" content=\"Tienda oficial H-D Toluca\" \/>\n<meta property=\"article:publisher\" content=\"https:\/\/www.facebook.com\/HarleyDavidsonToluca\" \/>\n<meta property=\"article:modified_time\" content=\"2025-05-06T19:34:14+00:00\" \/>\n<meta property=\"og:image\" content=\"https:\/\/harleydavidsontoluca.com\/shop\/wp-content\/uploads\/2024\/10\/Untitled-Project-2024-10-31T134745.267.jpg\" \/>\n\t<meta property=\"og:image:width\" content=\"1080\" \/>\n\t<meta property=\"og:image:height\" content=\"1080\" \/>\n\t<meta property=\"og:image:type\" content=\"image\/jpeg\" \/>\n<meta name=\"twitter:card\" content=\"summary_large_image\" \/>\n<meta name=\"twitter:label1\" content=\"Tiempo de lectura\" \/>\n\t<meta name=\"twitter:data1\" content=\"1 minuto\" \/>\n<script type=\"application\/ld+json\" class=\"yoast-schema-graph\">{\"@context\":\"https:\\\/\\\/schema.org\",\"@graph\":[{\"@type\":\"WebPage\",\"@id\":\"https:\\\/\\\/harleydavidsontoluca.com\\\/shop\\\/producto\\\/sudadera-champion-x-harley-davidson\\\/\",\"url\":\"https:\\\/\\\/harleydavidsontoluca.com\\\/shop\\\/producto\\\/sudadera-champion-x-harley-davidson\\\/\",\"name\":\"SUDADERA CHAMPION X HARLEY-DAVIDSON - Tienda oficial H-D Toluca\",\"isPartOf\":{\"@id\":\"https:\\\/\\\/harleydavidsontoluca.com\\\/shop\\\/#website\"},\"primaryImageOfPage\":{\"@id\":\"https:\\\/\\\/harleydavidsontoluca.com\\\/shop\\\/producto\\\/sudadera-champion-x-harley-davidson\\\/#primaryimage\"},\"image\":{\"@id\":\"https:\\\/\\\/harleydavidsontoluca.com\\\/shop\\\/producto\\\/sudadera-champion-x-harley-davidson\\\/#primaryimage\"},\"thumbnailUrl\":\"https:\\\/\\\/harleydavidsontoluca.com\\\/shop\\\/wp-content\\\/uploads\\\/2024\\\/10\\\/Untitled-Project-2024-10-31T134745.267.jpg\",\"datePublished\":\"2024-10-31T19:56:24+00:00\",\"dateModified\":\"2025-05-06T19:34:14+00:00\",\"breadcrumb\":{\"@id\":\"https:\\\/\\\/harleydavidsontoluca.com\\\/shop\\\/producto\\\/sudadera-champion-x-harley-davidson\\\/#breadcrumb\"},\"inLanguage\":\"es\",\"potentialAction\":[{\"@type\":\"ReadAction\",\"target\":[\"https:\\\/\\\/harleydavidsontoluca.com\\\/shop\\\/producto\\\/sudadera-champion-x-harley-davidson\\\/\"]}]},{\"@type\":\"ImageObject\",\"inLanguage\":\"es\",\"@id\":\"https:\\\/\\\/harleydavidsontoluca.com\\\/shop\\\/producto\\\/sudadera-champion-x-harley-davidson\\\/#primaryimage\",\"url\":\"https:\\\/\\\/harleydavidsontoluca.com\\\/shop\\\/wp-content\\\/uploads\\\/2024\\\/10\\\/Untitled-Project-2024-10-31T134745.267.jpg\",\"contentUrl\":\"https:\\\/\\\/harleydavidsontoluca.com\\\/shop\\\/wp-content\\\/uploads\\\/2024\\\/10\\\/Untitled-Project-2024-10-31T134745.267.jpg\",\"width\":1080,\"height\":1080},{\"@type\":\"BreadcrumbList\",\"@id\":\"https:\\\/\\\/harleydavidsontoluca.com\\\/shop\\\/producto\\\/sudadera-champion-x-harley-davidson\\\/#breadcrumb\",\"itemListElement\":[{\"@type\":\"ListItem\",\"position\":1,\"name\":\"Portada\",\"item\":\"https:\\\/\\\/harleydavidsontoluca.com\\\/shop\\\/\"},{\"@type\":\"ListItem\",\"position\":2,\"name\":\"Tienda\",\"item\":\"https:\\\/\\\/harleydavidsontoluca.com\\\/shop\\\/tienda\\\/\"},{\"@type\":\"ListItem\",\"position\":3,\"name\":\"SUDADERA CHAMPION X HARLEY-DAVIDSON\"}]},{\"@type\":\"WebSite\",\"@id\":\"https:\\\/\\\/harleydavidsontoluca.com\\\/shop\\\/#website\",\"url\":\"https:\\\/\\\/harleydavidsontoluca.com\\\/shop\\\/\",\"name\":\"Shop H-D Toluca\",\"description\":\"Shop H-D Toluca\",\"publisher\":{\"@id\":\"https:\\\/\\\/harleydavidsontoluca.com\\\/shop\\\/#organization\"},\"potentialAction\":[{\"@type\":\"SearchAction\",\"target\":{\"@type\":\"EntryPoint\",\"urlTemplate\":\"https:\\\/\\\/harleydavidsontoluca.com\\\/shop\\\/?s={search_term_string}\"},\"query-input\":{\"@type\":\"PropertyValueSpecification\",\"valueRequired\":true,\"valueName\":\"search_term_string\"}}],\"inLanguage\":\"es\"},{\"@type\":\"Organization\",\"@id\":\"https:\\\/\\\/harleydavidsontoluca.com\\\/shop\\\/#organization\",\"name\":\"Concesionaria Central de Motos\",\"url\":\"https:\\\/\\\/harleydavidsontoluca.com\\\/shop\\\/\",\"logo\":{\"@type\":\"ImageObject\",\"inLanguage\":\"es\",\"@id\":\"https:\\\/\\\/harleydavidsontoluca.com\\\/shop\\\/#\\\/schema\\\/logo\\\/image\\\/\",\"url\":\"https:\\\/\\\/harleydavidsontoluca.com\\\/shop\\\/wp-content\\\/uploads\\\/2024\\\/02\\\/cropped-Logo-512.png\",\"contentUrl\":\"https:\\\/\\\/harleydavidsontoluca.com\\\/shop\\\/wp-content\\\/uploads\\\/2024\\\/02\\\/cropped-Logo-512.png\",\"width\":512,\"height\":512,\"caption\":\"Concesionaria Central de Motos\"},\"image\":{\"@id\":\"https:\\\/\\\/harleydavidsontoluca.com\\\/shop\\\/#\\\/schema\\\/logo\\\/image\\\/\"},\"sameAs\":[\"https:\\\/\\\/www.facebook.com\\\/HarleyDavidsonToluca\",\"https:\\\/\\\/www.instagram.com\\\/hdtoluca\\\/\"]}]}<\/script>\n<!-- \/ Yoast SEO plugin. -->","yoast_head_json":{"title":"SUDADERA CHAMPION X HARLEY-DAVIDSON - Tienda oficial H-D Toluca","robots":{"index":"index","follow":"follow","max-snippet":"max-snippet:-1","max-image-preview":"max-image-preview:large","max-video-preview":"max-video-preview:-1"},"canonical":"https:\/\/harleydavidsontoluca.com\/shop\/producto\/sudadera-champion-x-harley-davidson\/","og_locale":"es_MX","og_type":"article","og_title":"SUDADERA CHAMPION X HARLEY-DAVIDSON - Tienda oficial H-D Toluca","og_description":"Alienta con la inconfundible calidad y el estilo ic\u00f3nico de la Champion x Harley-Davidson Fanatic Crew Neck Sweatshirt. Dise\u00f1ada con especificaciones premium de Champion en tela polar pesada y cepillada con caracter\u00edsticas distintivas como costuras dobles, paneles laterales de punto acanalado y un ajuste superholgado. Esta prenda informal para usar superpuesta tiene un acabado audaz con gr\u00e1ficos originales bordados que le dan un aspecto ganador, ideal para usar debajo del equipo cuando conduces tu motocicleta o para otras actividades. Disponible en una variedad de colores para que expreses tu esp\u00edritu de equipo con el orgullo de Harley. Parte de la Colaboraci\u00f3n Champion x H-D\u2014una l\u00ednea de edici\u00f3n limitada para aquellos que aprecian una aut\u00e9ntica comodidad atl\u00e9tica y un estilo inspirado en el legado del motociclismo.","og_url":"https:\/\/harleydavidsontoluca.com\/shop\/producto\/sudadera-champion-x-harley-davidson\/","og_site_name":"Tienda oficial H-D Toluca","article_publisher":"https:\/\/www.facebook.com\/HarleyDavidsonToluca","article_modified_time":"2025-05-06T19:34:14+00:00","og_image":[{"width":1080,"height":1080,"url":"https:\/\/harleydavidsontoluca.com\/shop\/wp-content\/uploads\/2024\/10\/Untitled-Project-2024-10-31T134745.267.jpg","type":"image\/jpeg"}],"twitter_card":"summary_large_image","twitter_misc":{"Tiempo de lectura":"1 minuto"},"schema":{"@context":"https:\/\/schema.org","@graph":[{"@type":"WebPage","@id":"https:\/\/harleydavidsontoluca.com\/shop\/producto\/sudadera-champion-x-harley-davidson\/","url":"https:\/\/harleydavidsontoluca.com\/shop\/producto\/sudadera-champion-x-harley-davidson\/","name":"SUDADERA CHAMPION X HARLEY-DAVIDSON - Tienda oficial H-D Toluca","isPartOf":{"@id":"https:\/\/harleydavidsontoluca.com\/shop\/#website"},"primaryImageOfPage":{"@id":"https:\/\/harleydavidsontoluca.com\/shop\/producto\/sudadera-champion-x-harley-davidson\/#primaryimage"},"image":{"@id":"https:\/\/harleydavidsontoluca.com\/shop\/producto\/sudadera-champion-x-harley-davidson\/#primaryimage"},"thumbnailUrl":"https:\/\/harleydavidsontoluca.com\/shop\/wp-content\/uploads\/2024\/10\/Untitled-Project-2024-10-31T134745.267.jpg","datePublished":"2024-10-31T19:56:24+00:00","dateModified":"2025-05-06T19:34:14+00:00","breadcrumb":{"@id":"https:\/\/harleydavidsontoluca.com\/shop\/producto\/sudadera-champion-x-harley-davidson\/#breadcrumb"},"inLanguage":"es","potentialAction":[{"@type":"ReadAction","target":["https:\/\/harleydavidsontoluca.com\/shop\/producto\/sudadera-champion-x-harley-davidson\/"]}]},{"@type":"ImageObject","inLanguage":"es","@id":"https:\/\/harleydavidsontoluca.com\/shop\/producto\/sudadera-champion-x-harley-davidson\/#primaryimage","url":"https:\/\/harleydavidsontoluca.com\/shop\/wp-content\/uploads\/2024\/10\/Untitled-Project-2024-10-31T134745.267.jpg","contentUrl":"https:\/\/harleydavidsontoluca.com\/shop\/wp-content\/uploads\/2024\/10\/Untitled-Project-2024-10-31T134745.267.jpg","width":1080,"height":1080},{"@type":"BreadcrumbList","@id":"https:\/\/harleydavidsontoluca.com\/shop\/producto\/sudadera-champion-x-harley-davidson\/#breadcrumb","itemListElement":[{"@type":"ListItem","position":1,"name":"Portada","item":"https:\/\/harleydavidsontoluca.com\/shop\/"},{"@type":"ListItem","position":2,"name":"Tienda","item":"https:\/\/harleydavidsontoluca.com\/shop\/tienda\/"},{"@type":"ListItem","position":3,"name":"SUDADERA CHAMPION X HARLEY-DAVIDSON"}]},{"@type":"WebSite","@id":"https:\/\/harleydavidsontoluca.com\/shop\/#website","url":"https:\/\/harleydavidsontoluca.com\/shop\/","name":"Shop H-D Toluca","description":"Shop H-D Toluca","publisher":{"@id":"https:\/\/harleydavidsontoluca.com\/shop\/#organization"},"potentialAction":[{"@type":"SearchAction","target":{"@type":"EntryPoint","urlTemplate":"https:\/\/harleydavidsontoluca.com\/shop\/?s={search_term_string}"},"query-input":{"@type":"PropertyValueSpecification","valueRequired":true,"valueName":"search_term_string"}}],"inLanguage":"es"},{"@type":"Organization","@id":"https:\/\/harleydavidsontoluca.com\/shop\/#organization","name":"Concesionaria Central de Motos","url":"https:\/\/harleydavidsontoluca.com\/shop\/","logo":{"@type":"ImageObject","inLanguage":"es","@id":"https:\/\/harleydavidsontoluca.com\/shop\/#\/schema\/logo\/image\/","url":"https:\/\/harleydavidsontoluca.com\/shop\/wp-content\/uploads\/2024\/02\/cropped-Logo-512.png","contentUrl":"https:\/\/harleydavidsontoluca.com\/shop\/wp-content\/uploads\/2024\/02\/cropped-Logo-512.png","width":512,"height":512,"caption":"Concesionaria Central de Motos"},"image":{"@id":"https:\/\/harleydavidsontoluca.com\/shop\/#\/schema\/logo\/image\/"},"sameAs":["https:\/\/www.facebook.com\/HarleyDavidsonToluca","https:\/\/www.instagram.com\/hdtoluca\/"]}]}},"_links":{"self":[{"href":"https:\/\/harleydavidsontoluca.com\/shop\/wp-json\/wp\/v2\/product\/46390","targetHints":{"allow":["GET"]}}],"collection":[{"href":"https:\/\/harleydavidsontoluca.com\/shop\/wp-json\/wp\/v2\/product"}],"about":[{"href":"https:\/\/harleydavidsontoluca.com\/shop\/wp-json\/wp\/v2\/types\/product"}],"wp:featuredmedia":[{"embeddable":true,"href":"https:\/\/harleydavidsontoluca.com\/shop\/wp-json\/wp\/v2\/media\/46395"}],"wp:attachment":[{"href":"https:\/\/harleydavidsontoluca.com\/shop\/wp-json\/wp\/v2\/media?parent=46390"}],"wp:term":[{"taxonomy":"product_brand","embeddable":true,"href":"https:\/\/harleydavidsontoluca.com\/shop\/wp-json\/wp\/v2\/product_brand?post=46390"},{"taxonomy":"product_cat","embeddable":true,"href":"https:\/\/harleydavidsontoluca.com\/shop\/wp-json\/wp\/v2\/product_cat?post=46390"},{"taxonomy":"product_tag","embeddable":true,"href":"https:\/\/harleydavidsontoluca.com\/shop\/wp-json\/wp\/v2\/product_tag?post=46390"}],"curies":[{"name":"wp","href":"https:\/\/api.w.org\/{rel}","templated":true}]}}