
{"id":46351,"date":"2024-10-12T15:24:27","date_gmt":"2024-10-12T20:24:27","guid":{"rendered":"https:\/\/harleydavidsontoluca.com\/shop\/?post_type=product&#038;p=46351"},"modified":"2025-05-23T14:27:38","modified_gmt":"2025-05-23T19:27:38","slug":"pantalon-para-mujer","status":"publish","type":"product","link":"https:\/\/harleydavidsontoluca.com\/shop\/producto\/pantalon-para-mujer\/","title":{"rendered":"PANTAL\u00d3N PARA MUJER"},"content":{"rendered":"<pre id=\"tw-target-text\" class=\"tw-data-text tw-text-large tw-ta\" dir=\"ltr\" data-placeholder=\"Traducci\u00f3n\" data-ved=\"2ahUKEwj20JSoz4mJAxV4IkQIHWKrIWwQ3ewLegQIBxAW\" aria-label=\"Texto traducido: \u2022 Fit &amp; Mobility: Tejido el\u00e1stico que permite mayor movimiento.\r\n\u2022 Materiales: 44% nailon, 34% poli\u00e9ster y 22% lycra pesada.\r\n\u2022 Cierre: Cintura el\u00e1stica.\r\n\u2022 Caracter\u00edsticas Adicionales: Incluye protecci\u00f3n D30 Ghost Armor en caderas y rodillas con certificaci\u00f3n EN 1621-1 (98104-22VR y 98103-22VR). Cintura alta que ofrece mayor cobertura. Material reflectante Scotchlite de 3M.\r\n\u2022 Detalles de dise\u00f1o: paneles laterales con estampado de guepardo.\r\n\u2022 Gr\u00e1ficos: barra reflectante y escudo\r\n\u2022 Entrepierna: 28&quot;.\r\n\u2022 Certificaci\u00f3n: Con certificaci\u00f3n EN 17092-4:2020\"><span class=\"Y2IQFc\" lang=\"es\">\u2022 Fit &amp; Mobility: Tejido el\u00e1stico que permite mayor movimiento.\r\n\u2022 Materiales: 44% nailon, 34% poli\u00e9ster y 22% lycra pesada.\r\n\u2022 Cierre: Cintura el\u00e1stica.\r\n\u2022 Caracter\u00edsticas Adicionales: Incluye protecci\u00f3n D30 Ghost Armor en caderas y rodillas con certificaci\u00f3n EN 1621-1 (98104-22VR y 98103-22VR). Cintura alta que ofrece mayor cobertura. Material reflectante Scotchlite de 3M.\r\n\u2022 Detalles de dise\u00f1o: paneles laterales con estampado de guepardo.\r\n\u2022 Gr\u00e1ficos: barra reflectante y escudo\r\n\u2022 Entrepierna: 28\".\r\n\u2022 Certificaci\u00f3n: Con certificaci\u00f3n EN 17092-4:2020<\/span><\/pre>\n","protected":false},"excerpt":{"rendered":"<p>La funcionalidad se combina con el estilo animal print en nuestro H-D Skinny Riding Pant de edici\u00f3n limitada. Confeccionado con una mezcla de tejido elastizado y pesado que acompa\u00f1a tus movimientos. Dise\u00f1o de cintura alta que te ofrece una mayor cobertura cuando conduces. Tiene un dise\u00f1o que favorece la figura e incluye protecci\u00f3n D30 Ghost Armor contra impactos en las caderas y rodillas, y material reflectante para una mayor visibilidad. Los tobillos con cremallera permiten adaptarlos a las botas de montar y la cintura el\u00e1stica ofrece mayor comodidad. Paneles laterales con estampado de guepardo y un detalle de nuestro Bar &amp; Shield abierto en la pierna (ampliar la imagen para ver mejor). P\u00eddela ahora, ya que las cantidades son limitadas.<\/p>\n","protected":false},"featured_media":46354,"template":"","meta":[],"product_brand":[],"product_cat":[25,64],"product_tag":[],"class_list":{"0":"post-46351","1":"product","2":"type-product","3":"status-publish","4":"has-post-thumbnail","6":"product_cat-mujer","7":"product_cat-pantalones-mujer","8":"pa_talla-l","9":"pa_talla-m","11":"first","12":"instock","13":"taxable","14":"shipping-taxable","15":"purchasable","16":"product-type-variable"},"yoast_head":"<!-- This site is optimized with the Yoast SEO plugin v27.4 - https:\/\/yoast.com\/product\/yoast-seo-wordpress\/ -->\n<title>PANTAL\u00d3N PARA MUJER - Tienda oficial H-D Toluca<\/title>\n<meta name=\"robots\" content=\"index, follow, max-snippet:-1, max-image-preview:large, max-video-preview:-1\" \/>\n<link rel=\"canonical\" href=\"https:\/\/harleydavidsontoluca.com\/shop\/producto\/pantalon-para-mujer\/\" \/>\n<meta property=\"og:locale\" content=\"es_MX\" \/>\n<meta property=\"og:type\" content=\"article\" \/>\n<meta property=\"og:title\" content=\"PANTAL\u00d3N PARA MUJER - Tienda oficial H-D Toluca\" \/>\n<meta property=\"og:description\" content=\"La funcionalidad se combina con el estilo animal print en nuestro H-D Skinny Riding Pant de edici\u00f3n limitada. Confeccionado con una mezcla de tejido elastizado y pesado que acompa\u00f1a tus movimientos. Dise\u00f1o de cintura alta que te ofrece una mayor cobertura cuando conduces. Tiene un dise\u00f1o que favorece la figura e incluye protecci\u00f3n D30 Ghost Armor contra impactos en las caderas y rodillas, y material reflectante para una mayor visibilidad. Los tobillos con cremallera permiten adaptarlos a las botas de montar y la cintura el\u00e1stica ofrece mayor comodidad. Paneles laterales con estampado de guepardo y un detalle de nuestro Bar &amp; Shield abierto en la pierna (ampliar la imagen para ver mejor). P\u00eddela ahora, ya que las cantidades son limitadas.\" \/>\n<meta property=\"og:url\" content=\"https:\/\/harleydavidsontoluca.com\/shop\/producto\/pantalon-para-mujer\/\" \/>\n<meta property=\"og:site_name\" content=\"Tienda oficial H-D Toluca\" \/>\n<meta property=\"article:publisher\" content=\"https:\/\/www.facebook.com\/HarleyDavidsonToluca\" \/>\n<meta property=\"article:modified_time\" content=\"2025-05-23T19:27:38+00:00\" \/>\n<meta property=\"og:image\" content=\"https:\/\/harleydavidsontoluca.com\/shop\/wp-content\/uploads\/2024\/10\/Untitled-Project-2024-10-12T152020.130.jpg\" \/>\n\t<meta property=\"og:image:width\" content=\"1080\" \/>\n\t<meta property=\"og:image:height\" content=\"1080\" \/>\n\t<meta property=\"og:image:type\" content=\"image\/jpeg\" \/>\n<meta name=\"twitter:card\" content=\"summary_large_image\" \/>\n<meta name=\"twitter:label1\" content=\"Tiempo de lectura\" \/>\n\t<meta name=\"twitter:data1\" content=\"1 minuto\" \/>\n<script type=\"application\/ld+json\" class=\"yoast-schema-graph\">{\"@context\":\"https:\\\/\\\/schema.org\",\"@graph\":[{\"@type\":\"WebPage\",\"@id\":\"https:\\\/\\\/harleydavidsontoluca.com\\\/shop\\\/producto\\\/pantalon-para-mujer\\\/\",\"url\":\"https:\\\/\\\/harleydavidsontoluca.com\\\/shop\\\/producto\\\/pantalon-para-mujer\\\/\",\"name\":\"PANTAL\u00d3N PARA MUJER - Tienda oficial H-D Toluca\",\"isPartOf\":{\"@id\":\"https:\\\/\\\/harleydavidsontoluca.com\\\/shop\\\/#website\"},\"primaryImageOfPage\":{\"@id\":\"https:\\\/\\\/harleydavidsontoluca.com\\\/shop\\\/producto\\\/pantalon-para-mujer\\\/#primaryimage\"},\"image\":{\"@id\":\"https:\\\/\\\/harleydavidsontoluca.com\\\/shop\\\/producto\\\/pantalon-para-mujer\\\/#primaryimage\"},\"thumbnailUrl\":\"https:\\\/\\\/harleydavidsontoluca.com\\\/shop\\\/wp-content\\\/uploads\\\/2024\\\/10\\\/Untitled-Project-2024-10-12T152020.130.jpg\",\"datePublished\":\"2024-10-12T20:24:27+00:00\",\"dateModified\":\"2025-05-23T19:27:38+00:00\",\"breadcrumb\":{\"@id\":\"https:\\\/\\\/harleydavidsontoluca.com\\\/shop\\\/producto\\\/pantalon-para-mujer\\\/#breadcrumb\"},\"inLanguage\":\"es\",\"potentialAction\":[{\"@type\":\"ReadAction\",\"target\":[\"https:\\\/\\\/harleydavidsontoluca.com\\\/shop\\\/producto\\\/pantalon-para-mujer\\\/\"]}]},{\"@type\":\"ImageObject\",\"inLanguage\":\"es\",\"@id\":\"https:\\\/\\\/harleydavidsontoluca.com\\\/shop\\\/producto\\\/pantalon-para-mujer\\\/#primaryimage\",\"url\":\"https:\\\/\\\/harleydavidsontoluca.com\\\/shop\\\/wp-content\\\/uploads\\\/2024\\\/10\\\/Untitled-Project-2024-10-12T152020.130.jpg\",\"contentUrl\":\"https:\\\/\\\/harleydavidsontoluca.com\\\/shop\\\/wp-content\\\/uploads\\\/2024\\\/10\\\/Untitled-Project-2024-10-12T152020.130.jpg\",\"width\":1080,\"height\":1080},{\"@type\":\"BreadcrumbList\",\"@id\":\"https:\\\/\\\/harleydavidsontoluca.com\\\/shop\\\/producto\\\/pantalon-para-mujer\\\/#breadcrumb\",\"itemListElement\":[{\"@type\":\"ListItem\",\"position\":1,\"name\":\"Portada\",\"item\":\"https:\\\/\\\/harleydavidsontoluca.com\\\/shop\\\/\"},{\"@type\":\"ListItem\",\"position\":2,\"name\":\"Tienda\",\"item\":\"https:\\\/\\\/harleydavidsontoluca.com\\\/shop\\\/tienda\\\/\"},{\"@type\":\"ListItem\",\"position\":3,\"name\":\"PANTAL\u00d3N PARA MUJER\"}]},{\"@type\":\"WebSite\",\"@id\":\"https:\\\/\\\/harleydavidsontoluca.com\\\/shop\\\/#website\",\"url\":\"https:\\\/\\\/harleydavidsontoluca.com\\\/shop\\\/\",\"name\":\"Shop H-D Toluca\",\"description\":\"Shop H-D Toluca\",\"publisher\":{\"@id\":\"https:\\\/\\\/harleydavidsontoluca.com\\\/shop\\\/#organization\"},\"potentialAction\":[{\"@type\":\"SearchAction\",\"target\":{\"@type\":\"EntryPoint\",\"urlTemplate\":\"https:\\\/\\\/harleydavidsontoluca.com\\\/shop\\\/?s={search_term_string}\"},\"query-input\":{\"@type\":\"PropertyValueSpecification\",\"valueRequired\":true,\"valueName\":\"search_term_string\"}}],\"inLanguage\":\"es\"},{\"@type\":\"Organization\",\"@id\":\"https:\\\/\\\/harleydavidsontoluca.com\\\/shop\\\/#organization\",\"name\":\"Concesionaria Central de Motos\",\"url\":\"https:\\\/\\\/harleydavidsontoluca.com\\\/shop\\\/\",\"logo\":{\"@type\":\"ImageObject\",\"inLanguage\":\"es\",\"@id\":\"https:\\\/\\\/harleydavidsontoluca.com\\\/shop\\\/#\\\/schema\\\/logo\\\/image\\\/\",\"url\":\"https:\\\/\\\/harleydavidsontoluca.com\\\/shop\\\/wp-content\\\/uploads\\\/2024\\\/02\\\/cropped-Logo-512.png\",\"contentUrl\":\"https:\\\/\\\/harleydavidsontoluca.com\\\/shop\\\/wp-content\\\/uploads\\\/2024\\\/02\\\/cropped-Logo-512.png\",\"width\":512,\"height\":512,\"caption\":\"Concesionaria Central de Motos\"},\"image\":{\"@id\":\"https:\\\/\\\/harleydavidsontoluca.com\\\/shop\\\/#\\\/schema\\\/logo\\\/image\\\/\"},\"sameAs\":[\"https:\\\/\\\/www.facebook.com\\\/HarleyDavidsonToluca\",\"https:\\\/\\\/www.instagram.com\\\/hdtoluca\\\/\"]}]}<\/script>\n<!-- \/ Yoast SEO plugin. -->","yoast_head_json":{"title":"PANTAL\u00d3N PARA MUJER - Tienda oficial H-D Toluca","robots":{"index":"index","follow":"follow","max-snippet":"max-snippet:-1","max-image-preview":"max-image-preview:large","max-video-preview":"max-video-preview:-1"},"canonical":"https:\/\/harleydavidsontoluca.com\/shop\/producto\/pantalon-para-mujer\/","og_locale":"es_MX","og_type":"article","og_title":"PANTAL\u00d3N PARA MUJER - Tienda oficial H-D Toluca","og_description":"La funcionalidad se combina con el estilo animal print en nuestro H-D Skinny Riding Pant de edici\u00f3n limitada. Confeccionado con una mezcla de tejido elastizado y pesado que acompa\u00f1a tus movimientos. Dise\u00f1o de cintura alta que te ofrece una mayor cobertura cuando conduces. Tiene un dise\u00f1o que favorece la figura e incluye protecci\u00f3n D30 Ghost Armor contra impactos en las caderas y rodillas, y material reflectante para una mayor visibilidad. Los tobillos con cremallera permiten adaptarlos a las botas de montar y la cintura el\u00e1stica ofrece mayor comodidad. Paneles laterales con estampado de guepardo y un detalle de nuestro Bar &amp; Shield abierto en la pierna (ampliar la imagen para ver mejor). P\u00eddela ahora, ya que las cantidades son limitadas.","og_url":"https:\/\/harleydavidsontoluca.com\/shop\/producto\/pantalon-para-mujer\/","og_site_name":"Tienda oficial H-D Toluca","article_publisher":"https:\/\/www.facebook.com\/HarleyDavidsonToluca","article_modified_time":"2025-05-23T19:27:38+00:00","og_image":[{"width":1080,"height":1080,"url":"https:\/\/harleydavidsontoluca.com\/shop\/wp-content\/uploads\/2024\/10\/Untitled-Project-2024-10-12T152020.130.jpg","type":"image\/jpeg"}],"twitter_card":"summary_large_image","twitter_misc":{"Tiempo de lectura":"1 minuto"},"schema":{"@context":"https:\/\/schema.org","@graph":[{"@type":"WebPage","@id":"https:\/\/harleydavidsontoluca.com\/shop\/producto\/pantalon-para-mujer\/","url":"https:\/\/harleydavidsontoluca.com\/shop\/producto\/pantalon-para-mujer\/","name":"PANTAL\u00d3N PARA MUJER - Tienda oficial H-D Toluca","isPartOf":{"@id":"https:\/\/harleydavidsontoluca.com\/shop\/#website"},"primaryImageOfPage":{"@id":"https:\/\/harleydavidsontoluca.com\/shop\/producto\/pantalon-para-mujer\/#primaryimage"},"image":{"@id":"https:\/\/harleydavidsontoluca.com\/shop\/producto\/pantalon-para-mujer\/#primaryimage"},"thumbnailUrl":"https:\/\/harleydavidsontoluca.com\/shop\/wp-content\/uploads\/2024\/10\/Untitled-Project-2024-10-12T152020.130.jpg","datePublished":"2024-10-12T20:24:27+00:00","dateModified":"2025-05-23T19:27:38+00:00","breadcrumb":{"@id":"https:\/\/harleydavidsontoluca.com\/shop\/producto\/pantalon-para-mujer\/#breadcrumb"},"inLanguage":"es","potentialAction":[{"@type":"ReadAction","target":["https:\/\/harleydavidsontoluca.com\/shop\/producto\/pantalon-para-mujer\/"]}]},{"@type":"ImageObject","inLanguage":"es","@id":"https:\/\/harleydavidsontoluca.com\/shop\/producto\/pantalon-para-mujer\/#primaryimage","url":"https:\/\/harleydavidsontoluca.com\/shop\/wp-content\/uploads\/2024\/10\/Untitled-Project-2024-10-12T152020.130.jpg","contentUrl":"https:\/\/harleydavidsontoluca.com\/shop\/wp-content\/uploads\/2024\/10\/Untitled-Project-2024-10-12T152020.130.jpg","width":1080,"height":1080},{"@type":"BreadcrumbList","@id":"https:\/\/harleydavidsontoluca.com\/shop\/producto\/pantalon-para-mujer\/#breadcrumb","itemListElement":[{"@type":"ListItem","position":1,"name":"Portada","item":"https:\/\/harleydavidsontoluca.com\/shop\/"},{"@type":"ListItem","position":2,"name":"Tienda","item":"https:\/\/harleydavidsontoluca.com\/shop\/tienda\/"},{"@type":"ListItem","position":3,"name":"PANTAL\u00d3N PARA MUJER"}]},{"@type":"WebSite","@id":"https:\/\/harleydavidsontoluca.com\/shop\/#website","url":"https:\/\/harleydavidsontoluca.com\/shop\/","name":"Shop H-D Toluca","description":"Shop H-D Toluca","publisher":{"@id":"https:\/\/harleydavidsontoluca.com\/shop\/#organization"},"potentialAction":[{"@type":"SearchAction","target":{"@type":"EntryPoint","urlTemplate":"https:\/\/harleydavidsontoluca.com\/shop\/?s={search_term_string}"},"query-input":{"@type":"PropertyValueSpecification","valueRequired":true,"valueName":"search_term_string"}}],"inLanguage":"es"},{"@type":"Organization","@id":"https:\/\/harleydavidsontoluca.com\/shop\/#organization","name":"Concesionaria Central de Motos","url":"https:\/\/harleydavidsontoluca.com\/shop\/","logo":{"@type":"ImageObject","inLanguage":"es","@id":"https:\/\/harleydavidsontoluca.com\/shop\/#\/schema\/logo\/image\/","url":"https:\/\/harleydavidsontoluca.com\/shop\/wp-content\/uploads\/2024\/02\/cropped-Logo-512.png","contentUrl":"https:\/\/harleydavidsontoluca.com\/shop\/wp-content\/uploads\/2024\/02\/cropped-Logo-512.png","width":512,"height":512,"caption":"Concesionaria Central de Motos"},"image":{"@id":"https:\/\/harleydavidsontoluca.com\/shop\/#\/schema\/logo\/image\/"},"sameAs":["https:\/\/www.facebook.com\/HarleyDavidsonToluca","https:\/\/www.instagram.com\/hdtoluca\/"]}]}},"_links":{"self":[{"href":"https:\/\/harleydavidsontoluca.com\/shop\/wp-json\/wp\/v2\/product\/46351","targetHints":{"allow":["GET"]}}],"collection":[{"href":"https:\/\/harleydavidsontoluca.com\/shop\/wp-json\/wp\/v2\/product"}],"about":[{"href":"https:\/\/harleydavidsontoluca.com\/shop\/wp-json\/wp\/v2\/types\/product"}],"wp:featuredmedia":[{"embeddable":true,"href":"https:\/\/harleydavidsontoluca.com\/shop\/wp-json\/wp\/v2\/media\/46354"}],"wp:attachment":[{"href":"https:\/\/harleydavidsontoluca.com\/shop\/wp-json\/wp\/v2\/media?parent=46351"}],"wp:term":[{"taxonomy":"product_brand","embeddable":true,"href":"https:\/\/harleydavidsontoluca.com\/shop\/wp-json\/wp\/v2\/product_brand?post=46351"},{"taxonomy":"product_cat","embeddable":true,"href":"https:\/\/harleydavidsontoluca.com\/shop\/wp-json\/wp\/v2\/product_cat?post=46351"},{"taxonomy":"product_tag","embeddable":true,"href":"https:\/\/harleydavidsontoluca.com\/shop\/wp-json\/wp\/v2\/product_tag?post=46351"}],"curies":[{"name":"wp","href":"https:\/\/api.w.org\/{rel}","templated":true}]}}