
{"id":46297,"date":"2024-09-25T13:31:43","date_gmt":"2024-09-25T18:31:43","guid":{"rendered":"https:\/\/harleydavidsontoluca.com\/shop\/?post_type=product&#038;p=46297"},"modified":"2025-12-23T14:10:08","modified_gmt":"2025-12-23T20:10:08","slug":"guantes-para-hombre-el-clima-humedo-no-te-detendra-con-nuestros-gild-waterproof-leather-gloves-de-edicion-limitada-confeccionados-en-cuero-de-cabra-con-dedos-precurvados-y-un-cierre-de-velcro-ajustab","status":"publish","type":"product","link":"https:\/\/harleydavidsontoluca.com\/shop\/producto\/guantes-para-hombre-el-clima-humedo-no-te-detendra-con-nuestros-gild-waterproof-leather-gloves-de-edicion-limitada-confeccionados-en-cuero-de-cabra-con-dedos-precurvados-y-un-cierre-de-velcro-ajustab\/","title":{"rendered":"GUANTES PARA HOMBRE"},"content":{"rendered":"<p>El clima h\u00famedo no te detendr\u00e1 con nuestros Gild Waterproof Leather Gloves de edici\u00f3n limitada. Confeccionados en cuero de cabra con dedos precurvados y un cierre de velcro ajustable en la mu\u00f1eca. Estos guantes compatibles con pantallas t\u00e1ctiles tambi\u00e9n incorporan protectores de nudillos para evitar rasgu\u00f1os y lesiones graves, adem\u00e1s de palmas acolchadas que minimizan el traqueteo en la carretera. La marca sutil con un detalle bordado aporta un look vers\u00e1til que te permite combinarlos con cualquiera de tus chamarras de motociclistmo H-D<sup>\u00ae<\/sup>. C\u00f3mpralos ya, porque las cantidades son limitadas.<\/p>\n","protected":false},"excerpt":{"rendered":"<div class=\"mt-3\">\u2022\u00a0<span class=\"b2\">Stay Dry:\u00a0<\/span>Impermeable.<\/div>\n<div class=\"mt-3\">\u2022\u00a0<span class=\"b2\">Fit &amp; Mobility:\u00a0<\/span>Dedos precurvados a 30\u00b0. Nudillos Power-Stretch. Cierre de mu\u00f1eca ajustable con Velcro.<\/div>\n<div class=\"mt-3\">\u2022\u00a0<span class=\"b2\">Materials:\u00a0<\/span>100 % cuero de cabra genuino. Forro de punto de un 100\u00a0% poli\u00e9ster.<\/div>\n<div class=\"mt-3\">\u2022\u00a0<span class=\"b2\">Additional Features:\u00a0<\/span>Compatible con pantallas t\u00e1ctiles. Protector de nudillos. Palma acolchada.<\/div>\n<div class=\"mt-3\">\u2022\u00a0<span class=\"b2\">Graphics:\u00a0<\/span>Bordado directo.<\/div>\n<div class=\"mt-3\">\u2022\u00a0<span class=\"b2\">Certification:\u00a0<\/span>Certificaci\u00f3n EN 13594:2015, protecci\u00f3n para nudillos de nivel 1.<\/div>\n","protected":false},"featured_media":46302,"template":"","meta":[],"product_brand":[],"product_cat":[37,24],"product_tag":[],"class_list":{"0":"post-46297","1":"product","2":"type-product","3":"status-publish","4":"has-post-thumbnail","6":"product_cat-guantes","7":"product_cat-hombre","8":"pa_talla-l","9":"pa_talla-m","10":"pa_talla-xl","11":"pa_talla-xxl","13":"first","14":"instock","15":"taxable","16":"shipping-taxable","17":"purchasable","18":"product-type-variable"},"yoast_head":"<!-- This site is optimized with the Yoast SEO plugin v27.4 - https:\/\/yoast.com\/product\/yoast-seo-wordpress\/ -->\n<title>GUANTES PARA HOMBRE - Tienda oficial H-D Toluca<\/title>\n<meta name=\"robots\" content=\"index, follow, max-snippet:-1, max-image-preview:large, max-video-preview:-1\" \/>\n<link rel=\"canonical\" href=\"https:\/\/harleydavidsontoluca.com\/shop\/producto\/guantes-para-hombre-el-clima-humedo-no-te-detendra-con-nuestros-gild-waterproof-leather-gloves-de-edicion-limitada-confeccionados-en-cuero-de-cabra-con-dedos-precurvados-y-un-cierre-de-velcro-ajustab\/\" \/>\n<meta property=\"og:locale\" content=\"es_MX\" \/>\n<meta property=\"og:type\" content=\"article\" \/>\n<meta property=\"og:title\" content=\"GUANTES PARA HOMBRE - Tienda oficial H-D Toluca\" \/>\n<meta property=\"og:description\" content=\"\u2022\u00a0Stay Dry:\u00a0Impermeable. \u2022\u00a0Fit &amp; Mobility:\u00a0Dedos precurvados a 30\u00b0. Nudillos Power-Stretch. Cierre de mu\u00f1eca ajustable con Velcro. \u2022\u00a0Materials:\u00a0100 % cuero de cabra genuino. Forro de punto de un 100\u00a0% poli\u00e9ster. \u2022\u00a0Additional Features:\u00a0Compatible con pantallas t\u00e1ctiles. Protector de nudillos. Palma acolchada. \u2022\u00a0Graphics:\u00a0Bordado directo. \u2022\u00a0Certification:\u00a0Certificaci\u00f3n EN 13594:2015, protecci\u00f3n para nudillos de nivel 1.\" \/>\n<meta property=\"og:url\" content=\"https:\/\/harleydavidsontoluca.com\/shop\/producto\/guantes-para-hombre-el-clima-humedo-no-te-detendra-con-nuestros-gild-waterproof-leather-gloves-de-edicion-limitada-confeccionados-en-cuero-de-cabra-con-dedos-precurvados-y-un-cierre-de-velcro-ajustab\/\" \/>\n<meta property=\"og:site_name\" content=\"Tienda oficial H-D Toluca\" \/>\n<meta property=\"article:publisher\" content=\"https:\/\/www.facebook.com\/HarleyDavidsonToluca\" \/>\n<meta property=\"article:modified_time\" content=\"2025-12-23T20:10:08+00:00\" \/>\n<meta property=\"og:image\" content=\"https:\/\/harleydavidsontoluca.com\/shop\/wp-content\/uploads\/2024\/09\/Untitled-Project-2024-09-25T133109.717.jpg\" \/>\n\t<meta property=\"og:image:width\" content=\"1080\" \/>\n\t<meta property=\"og:image:height\" content=\"1080\" \/>\n\t<meta property=\"og:image:type\" content=\"image\/jpeg\" \/>\n<meta name=\"twitter:card\" content=\"summary_large_image\" \/>\n<meta name=\"twitter:label1\" content=\"Tiempo de lectura\" \/>\n\t<meta name=\"twitter:data1\" content=\"1 minuto\" \/>\n<script type=\"application\/ld+json\" class=\"yoast-schema-graph\">{\"@context\":\"https:\\\/\\\/schema.org\",\"@graph\":[{\"@type\":\"WebPage\",\"@id\":\"https:\\\/\\\/harleydavidsontoluca.com\\\/shop\\\/producto\\\/guantes-para-hombre-el-clima-humedo-no-te-detendra-con-nuestros-gild-waterproof-leather-gloves-de-edicion-limitada-confeccionados-en-cuero-de-cabra-con-dedos-precurvados-y-un-cierre-de-velcro-ajustab\\\/\",\"url\":\"https:\\\/\\\/harleydavidsontoluca.com\\\/shop\\\/producto\\\/guantes-para-hombre-el-clima-humedo-no-te-detendra-con-nuestros-gild-waterproof-leather-gloves-de-edicion-limitada-confeccionados-en-cuero-de-cabra-con-dedos-precurvados-y-un-cierre-de-velcro-ajustab\\\/\",\"name\":\"GUANTES PARA HOMBRE - Tienda oficial H-D Toluca\",\"isPartOf\":{\"@id\":\"https:\\\/\\\/harleydavidsontoluca.com\\\/shop\\\/#website\"},\"primaryImageOfPage\":{\"@id\":\"https:\\\/\\\/harleydavidsontoluca.com\\\/shop\\\/producto\\\/guantes-para-hombre-el-clima-humedo-no-te-detendra-con-nuestros-gild-waterproof-leather-gloves-de-edicion-limitada-confeccionados-en-cuero-de-cabra-con-dedos-precurvados-y-un-cierre-de-velcro-ajustab\\\/#primaryimage\"},\"image\":{\"@id\":\"https:\\\/\\\/harleydavidsontoluca.com\\\/shop\\\/producto\\\/guantes-para-hombre-el-clima-humedo-no-te-detendra-con-nuestros-gild-waterproof-leather-gloves-de-edicion-limitada-confeccionados-en-cuero-de-cabra-con-dedos-precurvados-y-un-cierre-de-velcro-ajustab\\\/#primaryimage\"},\"thumbnailUrl\":\"https:\\\/\\\/harleydavidsontoluca.com\\\/shop\\\/wp-content\\\/uploads\\\/2024\\\/09\\\/Untitled-Project-2024-09-25T133109.717.jpg\",\"datePublished\":\"2024-09-25T18:31:43+00:00\",\"dateModified\":\"2025-12-23T20:10:08+00:00\",\"breadcrumb\":{\"@id\":\"https:\\\/\\\/harleydavidsontoluca.com\\\/shop\\\/producto\\\/guantes-para-hombre-el-clima-humedo-no-te-detendra-con-nuestros-gild-waterproof-leather-gloves-de-edicion-limitada-confeccionados-en-cuero-de-cabra-con-dedos-precurvados-y-un-cierre-de-velcro-ajustab\\\/#breadcrumb\"},\"inLanguage\":\"es\",\"potentialAction\":[{\"@type\":\"ReadAction\",\"target\":[\"https:\\\/\\\/harleydavidsontoluca.com\\\/shop\\\/producto\\\/guantes-para-hombre-el-clima-humedo-no-te-detendra-con-nuestros-gild-waterproof-leather-gloves-de-edicion-limitada-confeccionados-en-cuero-de-cabra-con-dedos-precurvados-y-un-cierre-de-velcro-ajustab\\\/\"]}]},{\"@type\":\"ImageObject\",\"inLanguage\":\"es\",\"@id\":\"https:\\\/\\\/harleydavidsontoluca.com\\\/shop\\\/producto\\\/guantes-para-hombre-el-clima-humedo-no-te-detendra-con-nuestros-gild-waterproof-leather-gloves-de-edicion-limitada-confeccionados-en-cuero-de-cabra-con-dedos-precurvados-y-un-cierre-de-velcro-ajustab\\\/#primaryimage\",\"url\":\"https:\\\/\\\/harleydavidsontoluca.com\\\/shop\\\/wp-content\\\/uploads\\\/2024\\\/09\\\/Untitled-Project-2024-09-25T133109.717.jpg\",\"contentUrl\":\"https:\\\/\\\/harleydavidsontoluca.com\\\/shop\\\/wp-content\\\/uploads\\\/2024\\\/09\\\/Untitled-Project-2024-09-25T133109.717.jpg\",\"width\":1080,\"height\":1080},{\"@type\":\"BreadcrumbList\",\"@id\":\"https:\\\/\\\/harleydavidsontoluca.com\\\/shop\\\/producto\\\/guantes-para-hombre-el-clima-humedo-no-te-detendra-con-nuestros-gild-waterproof-leather-gloves-de-edicion-limitada-confeccionados-en-cuero-de-cabra-con-dedos-precurvados-y-un-cierre-de-velcro-ajustab\\\/#breadcrumb\",\"itemListElement\":[{\"@type\":\"ListItem\",\"position\":1,\"name\":\"Portada\",\"item\":\"https:\\\/\\\/harleydavidsontoluca.com\\\/shop\\\/\"},{\"@type\":\"ListItem\",\"position\":2,\"name\":\"Tienda\",\"item\":\"https:\\\/\\\/harleydavidsontoluca.com\\\/shop\\\/tienda\\\/\"},{\"@type\":\"ListItem\",\"position\":3,\"name\":\"GUANTES PARA HOMBRE\"}]},{\"@type\":\"WebSite\",\"@id\":\"https:\\\/\\\/harleydavidsontoluca.com\\\/shop\\\/#website\",\"url\":\"https:\\\/\\\/harleydavidsontoluca.com\\\/shop\\\/\",\"name\":\"Shop H-D Toluca\",\"description\":\"Shop H-D Toluca\",\"publisher\":{\"@id\":\"https:\\\/\\\/harleydavidsontoluca.com\\\/shop\\\/#organization\"},\"potentialAction\":[{\"@type\":\"SearchAction\",\"target\":{\"@type\":\"EntryPoint\",\"urlTemplate\":\"https:\\\/\\\/harleydavidsontoluca.com\\\/shop\\\/?s={search_term_string}\"},\"query-input\":{\"@type\":\"PropertyValueSpecification\",\"valueRequired\":true,\"valueName\":\"search_term_string\"}}],\"inLanguage\":\"es\"},{\"@type\":\"Organization\",\"@id\":\"https:\\\/\\\/harleydavidsontoluca.com\\\/shop\\\/#organization\",\"name\":\"Concesionaria Central de Motos\",\"url\":\"https:\\\/\\\/harleydavidsontoluca.com\\\/shop\\\/\",\"logo\":{\"@type\":\"ImageObject\",\"inLanguage\":\"es\",\"@id\":\"https:\\\/\\\/harleydavidsontoluca.com\\\/shop\\\/#\\\/schema\\\/logo\\\/image\\\/\",\"url\":\"https:\\\/\\\/harleydavidsontoluca.com\\\/shop\\\/wp-content\\\/uploads\\\/2024\\\/02\\\/cropped-Logo-512.png\",\"contentUrl\":\"https:\\\/\\\/harleydavidsontoluca.com\\\/shop\\\/wp-content\\\/uploads\\\/2024\\\/02\\\/cropped-Logo-512.png\",\"width\":512,\"height\":512,\"caption\":\"Concesionaria Central de Motos\"},\"image\":{\"@id\":\"https:\\\/\\\/harleydavidsontoluca.com\\\/shop\\\/#\\\/schema\\\/logo\\\/image\\\/\"},\"sameAs\":[\"https:\\\/\\\/www.facebook.com\\\/HarleyDavidsonToluca\",\"https:\\\/\\\/www.instagram.com\\\/hdtoluca\\\/\"]}]}<\/script>\n<!-- \/ Yoast SEO plugin. -->","yoast_head_json":{"title":"GUANTES PARA HOMBRE - Tienda oficial H-D Toluca","robots":{"index":"index","follow":"follow","max-snippet":"max-snippet:-1","max-image-preview":"max-image-preview:large","max-video-preview":"max-video-preview:-1"},"canonical":"https:\/\/harleydavidsontoluca.com\/shop\/producto\/guantes-para-hombre-el-clima-humedo-no-te-detendra-con-nuestros-gild-waterproof-leather-gloves-de-edicion-limitada-confeccionados-en-cuero-de-cabra-con-dedos-precurvados-y-un-cierre-de-velcro-ajustab\/","og_locale":"es_MX","og_type":"article","og_title":"GUANTES PARA HOMBRE - Tienda oficial H-D Toluca","og_description":"\u2022\u00a0Stay Dry:\u00a0Impermeable. \u2022\u00a0Fit &amp; Mobility:\u00a0Dedos precurvados a 30\u00b0. Nudillos Power-Stretch. Cierre de mu\u00f1eca ajustable con Velcro. \u2022\u00a0Materials:\u00a0100 % cuero de cabra genuino. Forro de punto de un 100\u00a0% poli\u00e9ster. \u2022\u00a0Additional Features:\u00a0Compatible con pantallas t\u00e1ctiles. Protector de nudillos. Palma acolchada. \u2022\u00a0Graphics:\u00a0Bordado directo. \u2022\u00a0Certification:\u00a0Certificaci\u00f3n EN 13594:2015, protecci\u00f3n para nudillos de nivel 1.","og_url":"https:\/\/harleydavidsontoluca.com\/shop\/producto\/guantes-para-hombre-el-clima-humedo-no-te-detendra-con-nuestros-gild-waterproof-leather-gloves-de-edicion-limitada-confeccionados-en-cuero-de-cabra-con-dedos-precurvados-y-un-cierre-de-velcro-ajustab\/","og_site_name":"Tienda oficial H-D Toluca","article_publisher":"https:\/\/www.facebook.com\/HarleyDavidsonToluca","article_modified_time":"2025-12-23T20:10:08+00:00","og_image":[{"width":1080,"height":1080,"url":"https:\/\/harleydavidsontoluca.com\/shop\/wp-content\/uploads\/2024\/09\/Untitled-Project-2024-09-25T133109.717.jpg","type":"image\/jpeg"}],"twitter_card":"summary_large_image","twitter_misc":{"Tiempo de lectura":"1 minuto"},"schema":{"@context":"https:\/\/schema.org","@graph":[{"@type":"WebPage","@id":"https:\/\/harleydavidsontoluca.com\/shop\/producto\/guantes-para-hombre-el-clima-humedo-no-te-detendra-con-nuestros-gild-waterproof-leather-gloves-de-edicion-limitada-confeccionados-en-cuero-de-cabra-con-dedos-precurvados-y-un-cierre-de-velcro-ajustab\/","url":"https:\/\/harleydavidsontoluca.com\/shop\/producto\/guantes-para-hombre-el-clima-humedo-no-te-detendra-con-nuestros-gild-waterproof-leather-gloves-de-edicion-limitada-confeccionados-en-cuero-de-cabra-con-dedos-precurvados-y-un-cierre-de-velcro-ajustab\/","name":"GUANTES PARA HOMBRE - Tienda oficial H-D Toluca","isPartOf":{"@id":"https:\/\/harleydavidsontoluca.com\/shop\/#website"},"primaryImageOfPage":{"@id":"https:\/\/harleydavidsontoluca.com\/shop\/producto\/guantes-para-hombre-el-clima-humedo-no-te-detendra-con-nuestros-gild-waterproof-leather-gloves-de-edicion-limitada-confeccionados-en-cuero-de-cabra-con-dedos-precurvados-y-un-cierre-de-velcro-ajustab\/#primaryimage"},"image":{"@id":"https:\/\/harleydavidsontoluca.com\/shop\/producto\/guantes-para-hombre-el-clima-humedo-no-te-detendra-con-nuestros-gild-waterproof-leather-gloves-de-edicion-limitada-confeccionados-en-cuero-de-cabra-con-dedos-precurvados-y-un-cierre-de-velcro-ajustab\/#primaryimage"},"thumbnailUrl":"https:\/\/harleydavidsontoluca.com\/shop\/wp-content\/uploads\/2024\/09\/Untitled-Project-2024-09-25T133109.717.jpg","datePublished":"2024-09-25T18:31:43+00:00","dateModified":"2025-12-23T20:10:08+00:00","breadcrumb":{"@id":"https:\/\/harleydavidsontoluca.com\/shop\/producto\/guantes-para-hombre-el-clima-humedo-no-te-detendra-con-nuestros-gild-waterproof-leather-gloves-de-edicion-limitada-confeccionados-en-cuero-de-cabra-con-dedos-precurvados-y-un-cierre-de-velcro-ajustab\/#breadcrumb"},"inLanguage":"es","potentialAction":[{"@type":"ReadAction","target":["https:\/\/harleydavidsontoluca.com\/shop\/producto\/guantes-para-hombre-el-clima-humedo-no-te-detendra-con-nuestros-gild-waterproof-leather-gloves-de-edicion-limitada-confeccionados-en-cuero-de-cabra-con-dedos-precurvados-y-un-cierre-de-velcro-ajustab\/"]}]},{"@type":"ImageObject","inLanguage":"es","@id":"https:\/\/harleydavidsontoluca.com\/shop\/producto\/guantes-para-hombre-el-clima-humedo-no-te-detendra-con-nuestros-gild-waterproof-leather-gloves-de-edicion-limitada-confeccionados-en-cuero-de-cabra-con-dedos-precurvados-y-un-cierre-de-velcro-ajustab\/#primaryimage","url":"https:\/\/harleydavidsontoluca.com\/shop\/wp-content\/uploads\/2024\/09\/Untitled-Project-2024-09-25T133109.717.jpg","contentUrl":"https:\/\/harleydavidsontoluca.com\/shop\/wp-content\/uploads\/2024\/09\/Untitled-Project-2024-09-25T133109.717.jpg","width":1080,"height":1080},{"@type":"BreadcrumbList","@id":"https:\/\/harleydavidsontoluca.com\/shop\/producto\/guantes-para-hombre-el-clima-humedo-no-te-detendra-con-nuestros-gild-waterproof-leather-gloves-de-edicion-limitada-confeccionados-en-cuero-de-cabra-con-dedos-precurvados-y-un-cierre-de-velcro-ajustab\/#breadcrumb","itemListElement":[{"@type":"ListItem","position":1,"name":"Portada","item":"https:\/\/harleydavidsontoluca.com\/shop\/"},{"@type":"ListItem","position":2,"name":"Tienda","item":"https:\/\/harleydavidsontoluca.com\/shop\/tienda\/"},{"@type":"ListItem","position":3,"name":"GUANTES PARA HOMBRE"}]},{"@type":"WebSite","@id":"https:\/\/harleydavidsontoluca.com\/shop\/#website","url":"https:\/\/harleydavidsontoluca.com\/shop\/","name":"Shop H-D Toluca","description":"Shop H-D Toluca","publisher":{"@id":"https:\/\/harleydavidsontoluca.com\/shop\/#organization"},"potentialAction":[{"@type":"SearchAction","target":{"@type":"EntryPoint","urlTemplate":"https:\/\/harleydavidsontoluca.com\/shop\/?s={search_term_string}"},"query-input":{"@type":"PropertyValueSpecification","valueRequired":true,"valueName":"search_term_string"}}],"inLanguage":"es"},{"@type":"Organization","@id":"https:\/\/harleydavidsontoluca.com\/shop\/#organization","name":"Concesionaria Central de Motos","url":"https:\/\/harleydavidsontoluca.com\/shop\/","logo":{"@type":"ImageObject","inLanguage":"es","@id":"https:\/\/harleydavidsontoluca.com\/shop\/#\/schema\/logo\/image\/","url":"https:\/\/harleydavidsontoluca.com\/shop\/wp-content\/uploads\/2024\/02\/cropped-Logo-512.png","contentUrl":"https:\/\/harleydavidsontoluca.com\/shop\/wp-content\/uploads\/2024\/02\/cropped-Logo-512.png","width":512,"height":512,"caption":"Concesionaria Central de Motos"},"image":{"@id":"https:\/\/harleydavidsontoluca.com\/shop\/#\/schema\/logo\/image\/"},"sameAs":["https:\/\/www.facebook.com\/HarleyDavidsonToluca","https:\/\/www.instagram.com\/hdtoluca\/"]}]}},"_links":{"self":[{"href":"https:\/\/harleydavidsontoluca.com\/shop\/wp-json\/wp\/v2\/product\/46297","targetHints":{"allow":["GET"]}}],"collection":[{"href":"https:\/\/harleydavidsontoluca.com\/shop\/wp-json\/wp\/v2\/product"}],"about":[{"href":"https:\/\/harleydavidsontoluca.com\/shop\/wp-json\/wp\/v2\/types\/product"}],"wp:featuredmedia":[{"embeddable":true,"href":"https:\/\/harleydavidsontoluca.com\/shop\/wp-json\/wp\/v2\/media\/46302"}],"wp:attachment":[{"href":"https:\/\/harleydavidsontoluca.com\/shop\/wp-json\/wp\/v2\/media?parent=46297"}],"wp:term":[{"taxonomy":"product_brand","embeddable":true,"href":"https:\/\/harleydavidsontoluca.com\/shop\/wp-json\/wp\/v2\/product_brand?post=46297"},{"taxonomy":"product_cat","embeddable":true,"href":"https:\/\/harleydavidsontoluca.com\/shop\/wp-json\/wp\/v2\/product_cat?post=46297"},{"taxonomy":"product_tag","embeddable":true,"href":"https:\/\/harleydavidsontoluca.com\/shop\/wp-json\/wp\/v2\/product_tag?post=46297"}],"curies":[{"name":"wp","href":"https:\/\/api.w.org\/{rel}","templated":true}]}}