
{"id":46207,"date":"2024-08-14T18:36:54","date_gmt":"2024-08-14T23:36:54","guid":{"rendered":"https:\/\/harleydavidsontoluca.com\/shop\/?post_type=product&#038;p=46207"},"modified":"2026-03-05T16:17:43","modified_gmt":"2026-03-05T22:17:43","slug":"top-sin-mangas-trophy-bar-shield-para-damas","status":"publish","type":"product","link":"https:\/\/harleydavidsontoluca.com\/shop\/producto\/top-sin-mangas-trophy-bar-shield-para-damas\/","title":{"rendered":"TOP SIN MANGAS TROPHY BAR &amp; SHIELD PARA  DAMAS"},"content":{"rendered":"<pre id=\"tw-target-text\" class=\"tw-data-text tw-text-large tw-ta\" dir=\"ltr\" data-placeholder=\"Traducci\u00f3n\" aria-label=\"Texto traducido\" data-ved=\"2ahUKEwjG8OK7-vSHAxVFHEQIHRr1O4wQ3ewLegQIBxAU\"><span class=\"Y2IQFc\" lang=\"es\">\u2022 Materiales: 95% algod\u00f3n, 5% spandex pesado canal\u00e9 2x2.\r\n\u2022 Cierre: Cremallera frontal.\r\n\u2022 Detalles de dise\u00f1o: silueta ajustada y m\u00e1s corta. Costuras princesa delantera y trasera. Cuello oculto a presi\u00f3n. Bajo recto.\r\n\u2022 Longitud: 23\"\r\n\u2022 Gr\u00e1ficos: Bordado directo.<\/span><\/pre>\n","protected":false},"excerpt":{"rendered":"<p>Realce su figura y rinda homenaje a las carreras de H-D con el top sin mangas Trophy Bar &amp; Shield. Est\u00e1 confeccionada en algod\u00f3n con un toque de elastano para mayor elasticidad y con canal\u00e9 para agregar textura (ampliar imagen para ver). Esta playera con cierre frontal para damas ofrece un aspecto estilizado gracias a su silueta ajustada y sus costuras princesa, aunque est\u00e1 dise\u00f1ada de forma pr\u00e1ctica con un cuello oculto con broches a presi\u00f3n que se mantiene en su lugar bajo el equipo para rodar. Acabado con gr\u00e1ficos inspirados en las carreras, como nuestro logotipo m\u00e1s ic\u00f3nico en la espalda enmarcado por un dise\u00f1o de corona de laurel.<\/p>\n","protected":false},"featured_media":46214,"template":"","meta":[],"product_brand":[],"product_cat":[71,25],"product_tag":[],"class_list":{"0":"post-46207","1":"product","2":"type-product","3":"status-publish","4":"has-post-thumbnail","6":"product_cat-blusas","7":"product_cat-mujer","8":"pa_talla-l","9":"pa_talla-m","10":"pa_talla-s","11":"pa_talla-xl","12":"pa_talla-xs","14":"first","15":"instock","16":"taxable","17":"shipping-taxable","18":"purchasable","19":"product-type-variable"},"yoast_head":"<!-- This site is optimized with the Yoast SEO plugin v27.4 - https:\/\/yoast.com\/product\/yoast-seo-wordpress\/ -->\n<title>TOP SIN MANGAS TROPHY BAR &amp; SHIELD PARA DAMAS - Tienda oficial H-D Toluca<\/title>\n<meta name=\"robots\" content=\"index, follow, max-snippet:-1, max-image-preview:large, max-video-preview:-1\" \/>\n<link rel=\"canonical\" href=\"https:\/\/harleydavidsontoluca.com\/shop\/producto\/top-sin-mangas-trophy-bar-shield-para-damas\/\" \/>\n<meta property=\"og:locale\" content=\"es_MX\" \/>\n<meta property=\"og:type\" content=\"article\" \/>\n<meta property=\"og:title\" content=\"TOP SIN MANGAS TROPHY BAR &amp; SHIELD PARA DAMAS - Tienda oficial H-D Toluca\" \/>\n<meta property=\"og:description\" content=\"Realce su figura y rinda homenaje a las carreras de H-D con el top sin mangas Trophy Bar &amp; Shield. Est\u00e1 confeccionada en algod\u00f3n con un toque de elastano para mayor elasticidad y con canal\u00e9 para agregar textura (ampliar imagen para ver). Esta playera con cierre frontal para damas ofrece un aspecto estilizado gracias a su silueta ajustada y sus costuras princesa, aunque est\u00e1 dise\u00f1ada de forma pr\u00e1ctica con un cuello oculto con broches a presi\u00f3n que se mantiene en su lugar bajo el equipo para rodar. Acabado con gr\u00e1ficos inspirados en las carreras, como nuestro logotipo m\u00e1s ic\u00f3nico en la espalda enmarcado por un dise\u00f1o de corona de laurel.\" \/>\n<meta property=\"og:url\" content=\"https:\/\/harleydavidsontoluca.com\/shop\/producto\/top-sin-mangas-trophy-bar-shield-para-damas\/\" \/>\n<meta property=\"og:site_name\" content=\"Tienda oficial H-D Toluca\" \/>\n<meta property=\"article:publisher\" content=\"https:\/\/www.facebook.com\/HarleyDavidsonToluca\" \/>\n<meta property=\"article:modified_time\" content=\"2026-03-05T22:17:43+00:00\" \/>\n<meta property=\"og:image\" content=\"https:\/\/harleydavidsontoluca.com\/shop\/wp-content\/uploads\/2024\/08\/Untitled-Project-2024-08-14T183548.712.jpg\" \/>\n\t<meta property=\"og:image:width\" content=\"1080\" \/>\n\t<meta property=\"og:image:height\" content=\"1080\" \/>\n\t<meta property=\"og:image:type\" content=\"image\/jpeg\" \/>\n<meta name=\"twitter:card\" content=\"summary_large_image\" \/>\n<meta name=\"twitter:label1\" content=\"Tiempo de lectura\" \/>\n\t<meta name=\"twitter:data1\" content=\"1 minuto\" \/>\n<script type=\"application\/ld+json\" class=\"yoast-schema-graph\">{\"@context\":\"https:\\\/\\\/schema.org\",\"@graph\":[{\"@type\":\"WebPage\",\"@id\":\"https:\\\/\\\/harleydavidsontoluca.com\\\/shop\\\/producto\\\/top-sin-mangas-trophy-bar-shield-para-damas\\\/\",\"url\":\"https:\\\/\\\/harleydavidsontoluca.com\\\/shop\\\/producto\\\/top-sin-mangas-trophy-bar-shield-para-damas\\\/\",\"name\":\"TOP SIN MANGAS TROPHY BAR &amp; SHIELD PARA DAMAS - Tienda oficial H-D Toluca\",\"isPartOf\":{\"@id\":\"https:\\\/\\\/harleydavidsontoluca.com\\\/shop\\\/#website\"},\"primaryImageOfPage\":{\"@id\":\"https:\\\/\\\/harleydavidsontoluca.com\\\/shop\\\/producto\\\/top-sin-mangas-trophy-bar-shield-para-damas\\\/#primaryimage\"},\"image\":{\"@id\":\"https:\\\/\\\/harleydavidsontoluca.com\\\/shop\\\/producto\\\/top-sin-mangas-trophy-bar-shield-para-damas\\\/#primaryimage\"},\"thumbnailUrl\":\"https:\\\/\\\/harleydavidsontoluca.com\\\/shop\\\/wp-content\\\/uploads\\\/2024\\\/08\\\/Untitled-Project-2024-08-14T183548.712.jpg\",\"datePublished\":\"2024-08-14T23:36:54+00:00\",\"dateModified\":\"2026-03-05T22:17:43+00:00\",\"breadcrumb\":{\"@id\":\"https:\\\/\\\/harleydavidsontoluca.com\\\/shop\\\/producto\\\/top-sin-mangas-trophy-bar-shield-para-damas\\\/#breadcrumb\"},\"inLanguage\":\"es\",\"potentialAction\":[{\"@type\":\"ReadAction\",\"target\":[\"https:\\\/\\\/harleydavidsontoluca.com\\\/shop\\\/producto\\\/top-sin-mangas-trophy-bar-shield-para-damas\\\/\"]}]},{\"@type\":\"ImageObject\",\"inLanguage\":\"es\",\"@id\":\"https:\\\/\\\/harleydavidsontoluca.com\\\/shop\\\/producto\\\/top-sin-mangas-trophy-bar-shield-para-damas\\\/#primaryimage\",\"url\":\"https:\\\/\\\/harleydavidsontoluca.com\\\/shop\\\/wp-content\\\/uploads\\\/2024\\\/08\\\/Untitled-Project-2024-08-14T183548.712.jpg\",\"contentUrl\":\"https:\\\/\\\/harleydavidsontoluca.com\\\/shop\\\/wp-content\\\/uploads\\\/2024\\\/08\\\/Untitled-Project-2024-08-14T183548.712.jpg\",\"width\":1080,\"height\":1080},{\"@type\":\"BreadcrumbList\",\"@id\":\"https:\\\/\\\/harleydavidsontoluca.com\\\/shop\\\/producto\\\/top-sin-mangas-trophy-bar-shield-para-damas\\\/#breadcrumb\",\"itemListElement\":[{\"@type\":\"ListItem\",\"position\":1,\"name\":\"Portada\",\"item\":\"https:\\\/\\\/harleydavidsontoluca.com\\\/shop\\\/\"},{\"@type\":\"ListItem\",\"position\":2,\"name\":\"Tienda\",\"item\":\"https:\\\/\\\/harleydavidsontoluca.com\\\/shop\\\/tienda\\\/\"},{\"@type\":\"ListItem\",\"position\":3,\"name\":\"TOP SIN MANGAS TROPHY BAR &amp; SHIELD PARA DAMAS\"}]},{\"@type\":\"WebSite\",\"@id\":\"https:\\\/\\\/harleydavidsontoluca.com\\\/shop\\\/#website\",\"url\":\"https:\\\/\\\/harleydavidsontoluca.com\\\/shop\\\/\",\"name\":\"Shop H-D Toluca\",\"description\":\"Shop H-D Toluca\",\"publisher\":{\"@id\":\"https:\\\/\\\/harleydavidsontoluca.com\\\/shop\\\/#organization\"},\"potentialAction\":[{\"@type\":\"SearchAction\",\"target\":{\"@type\":\"EntryPoint\",\"urlTemplate\":\"https:\\\/\\\/harleydavidsontoluca.com\\\/shop\\\/?s={search_term_string}\"},\"query-input\":{\"@type\":\"PropertyValueSpecification\",\"valueRequired\":true,\"valueName\":\"search_term_string\"}}],\"inLanguage\":\"es\"},{\"@type\":\"Organization\",\"@id\":\"https:\\\/\\\/harleydavidsontoluca.com\\\/shop\\\/#organization\",\"name\":\"Concesionaria Central de Motos\",\"url\":\"https:\\\/\\\/harleydavidsontoluca.com\\\/shop\\\/\",\"logo\":{\"@type\":\"ImageObject\",\"inLanguage\":\"es\",\"@id\":\"https:\\\/\\\/harleydavidsontoluca.com\\\/shop\\\/#\\\/schema\\\/logo\\\/image\\\/\",\"url\":\"https:\\\/\\\/harleydavidsontoluca.com\\\/shop\\\/wp-content\\\/uploads\\\/2024\\\/02\\\/cropped-Logo-512.png\",\"contentUrl\":\"https:\\\/\\\/harleydavidsontoluca.com\\\/shop\\\/wp-content\\\/uploads\\\/2024\\\/02\\\/cropped-Logo-512.png\",\"width\":512,\"height\":512,\"caption\":\"Concesionaria Central de Motos\"},\"image\":{\"@id\":\"https:\\\/\\\/harleydavidsontoluca.com\\\/shop\\\/#\\\/schema\\\/logo\\\/image\\\/\"},\"sameAs\":[\"https:\\\/\\\/www.facebook.com\\\/HarleyDavidsonToluca\",\"https:\\\/\\\/www.instagram.com\\\/hdtoluca\\\/\"]}]}<\/script>\n<!-- \/ Yoast SEO plugin. -->","yoast_head_json":{"title":"TOP SIN MANGAS TROPHY BAR &amp; SHIELD PARA DAMAS - Tienda oficial H-D Toluca","robots":{"index":"index","follow":"follow","max-snippet":"max-snippet:-1","max-image-preview":"max-image-preview:large","max-video-preview":"max-video-preview:-1"},"canonical":"https:\/\/harleydavidsontoluca.com\/shop\/producto\/top-sin-mangas-trophy-bar-shield-para-damas\/","og_locale":"es_MX","og_type":"article","og_title":"TOP SIN MANGAS TROPHY BAR &amp; SHIELD PARA DAMAS - Tienda oficial H-D Toluca","og_description":"Realce su figura y rinda homenaje a las carreras de H-D con el top sin mangas Trophy Bar &amp; Shield. Est\u00e1 confeccionada en algod\u00f3n con un toque de elastano para mayor elasticidad y con canal\u00e9 para agregar textura (ampliar imagen para ver). Esta playera con cierre frontal para damas ofrece un aspecto estilizado gracias a su silueta ajustada y sus costuras princesa, aunque est\u00e1 dise\u00f1ada de forma pr\u00e1ctica con un cuello oculto con broches a presi\u00f3n que se mantiene en su lugar bajo el equipo para rodar. Acabado con gr\u00e1ficos inspirados en las carreras, como nuestro logotipo m\u00e1s ic\u00f3nico en la espalda enmarcado por un dise\u00f1o de corona de laurel.","og_url":"https:\/\/harleydavidsontoluca.com\/shop\/producto\/top-sin-mangas-trophy-bar-shield-para-damas\/","og_site_name":"Tienda oficial H-D Toluca","article_publisher":"https:\/\/www.facebook.com\/HarleyDavidsonToluca","article_modified_time":"2026-03-05T22:17:43+00:00","og_image":[{"width":1080,"height":1080,"url":"https:\/\/harleydavidsontoluca.com\/shop\/wp-content\/uploads\/2024\/08\/Untitled-Project-2024-08-14T183548.712.jpg","type":"image\/jpeg"}],"twitter_card":"summary_large_image","twitter_misc":{"Tiempo de lectura":"1 minuto"},"schema":{"@context":"https:\/\/schema.org","@graph":[{"@type":"WebPage","@id":"https:\/\/harleydavidsontoluca.com\/shop\/producto\/top-sin-mangas-trophy-bar-shield-para-damas\/","url":"https:\/\/harleydavidsontoluca.com\/shop\/producto\/top-sin-mangas-trophy-bar-shield-para-damas\/","name":"TOP SIN MANGAS TROPHY BAR &amp; SHIELD PARA DAMAS - Tienda oficial H-D Toluca","isPartOf":{"@id":"https:\/\/harleydavidsontoluca.com\/shop\/#website"},"primaryImageOfPage":{"@id":"https:\/\/harleydavidsontoluca.com\/shop\/producto\/top-sin-mangas-trophy-bar-shield-para-damas\/#primaryimage"},"image":{"@id":"https:\/\/harleydavidsontoluca.com\/shop\/producto\/top-sin-mangas-trophy-bar-shield-para-damas\/#primaryimage"},"thumbnailUrl":"https:\/\/harleydavidsontoluca.com\/shop\/wp-content\/uploads\/2024\/08\/Untitled-Project-2024-08-14T183548.712.jpg","datePublished":"2024-08-14T23:36:54+00:00","dateModified":"2026-03-05T22:17:43+00:00","breadcrumb":{"@id":"https:\/\/harleydavidsontoluca.com\/shop\/producto\/top-sin-mangas-trophy-bar-shield-para-damas\/#breadcrumb"},"inLanguage":"es","potentialAction":[{"@type":"ReadAction","target":["https:\/\/harleydavidsontoluca.com\/shop\/producto\/top-sin-mangas-trophy-bar-shield-para-damas\/"]}]},{"@type":"ImageObject","inLanguage":"es","@id":"https:\/\/harleydavidsontoluca.com\/shop\/producto\/top-sin-mangas-trophy-bar-shield-para-damas\/#primaryimage","url":"https:\/\/harleydavidsontoluca.com\/shop\/wp-content\/uploads\/2024\/08\/Untitled-Project-2024-08-14T183548.712.jpg","contentUrl":"https:\/\/harleydavidsontoluca.com\/shop\/wp-content\/uploads\/2024\/08\/Untitled-Project-2024-08-14T183548.712.jpg","width":1080,"height":1080},{"@type":"BreadcrumbList","@id":"https:\/\/harleydavidsontoluca.com\/shop\/producto\/top-sin-mangas-trophy-bar-shield-para-damas\/#breadcrumb","itemListElement":[{"@type":"ListItem","position":1,"name":"Portada","item":"https:\/\/harleydavidsontoluca.com\/shop\/"},{"@type":"ListItem","position":2,"name":"Tienda","item":"https:\/\/harleydavidsontoluca.com\/shop\/tienda\/"},{"@type":"ListItem","position":3,"name":"TOP SIN MANGAS TROPHY BAR &amp; SHIELD PARA DAMAS"}]},{"@type":"WebSite","@id":"https:\/\/harleydavidsontoluca.com\/shop\/#website","url":"https:\/\/harleydavidsontoluca.com\/shop\/","name":"Shop H-D Toluca","description":"Shop H-D Toluca","publisher":{"@id":"https:\/\/harleydavidsontoluca.com\/shop\/#organization"},"potentialAction":[{"@type":"SearchAction","target":{"@type":"EntryPoint","urlTemplate":"https:\/\/harleydavidsontoluca.com\/shop\/?s={search_term_string}"},"query-input":{"@type":"PropertyValueSpecification","valueRequired":true,"valueName":"search_term_string"}}],"inLanguage":"es"},{"@type":"Organization","@id":"https:\/\/harleydavidsontoluca.com\/shop\/#organization","name":"Concesionaria Central de Motos","url":"https:\/\/harleydavidsontoluca.com\/shop\/","logo":{"@type":"ImageObject","inLanguage":"es","@id":"https:\/\/harleydavidsontoluca.com\/shop\/#\/schema\/logo\/image\/","url":"https:\/\/harleydavidsontoluca.com\/shop\/wp-content\/uploads\/2024\/02\/cropped-Logo-512.png","contentUrl":"https:\/\/harleydavidsontoluca.com\/shop\/wp-content\/uploads\/2024\/02\/cropped-Logo-512.png","width":512,"height":512,"caption":"Concesionaria Central de Motos"},"image":{"@id":"https:\/\/harleydavidsontoluca.com\/shop\/#\/schema\/logo\/image\/"},"sameAs":["https:\/\/www.facebook.com\/HarleyDavidsonToluca","https:\/\/www.instagram.com\/hdtoluca\/"]}]}},"_links":{"self":[{"href":"https:\/\/harleydavidsontoluca.com\/shop\/wp-json\/wp\/v2\/product\/46207","targetHints":{"allow":["GET"]}}],"collection":[{"href":"https:\/\/harleydavidsontoluca.com\/shop\/wp-json\/wp\/v2\/product"}],"about":[{"href":"https:\/\/harleydavidsontoluca.com\/shop\/wp-json\/wp\/v2\/types\/product"}],"wp:featuredmedia":[{"embeddable":true,"href":"https:\/\/harleydavidsontoluca.com\/shop\/wp-json\/wp\/v2\/media\/46214"}],"wp:attachment":[{"href":"https:\/\/harleydavidsontoluca.com\/shop\/wp-json\/wp\/v2\/media?parent=46207"}],"wp:term":[{"taxonomy":"product_brand","embeddable":true,"href":"https:\/\/harleydavidsontoluca.com\/shop\/wp-json\/wp\/v2\/product_brand?post=46207"},{"taxonomy":"product_cat","embeddable":true,"href":"https:\/\/harleydavidsontoluca.com\/shop\/wp-json\/wp\/v2\/product_cat?post=46207"},{"taxonomy":"product_tag","embeddable":true,"href":"https:\/\/harleydavidsontoluca.com\/shop\/wp-json\/wp\/v2\/product_tag?post=46207"}],"curies":[{"name":"wp","href":"https:\/\/api.w.org\/{rel}","templated":true}]}}