
{"id":46152,"date":"2024-08-14T17:37:54","date_gmt":"2024-08-14T22:37:54","guid":{"rendered":"https:\/\/harleydavidsontoluca.com\/shop\/?post_type=product&#038;p=46152"},"modified":"2026-05-06T17:04:33","modified_gmt":"2026-05-06T23:04:33","slug":"chaqueta-impermeable-full-speed-ii-para-hombre","status":"publish","type":"product","link":"https:\/\/harleydavidsontoluca.com\/shop\/producto\/chaqueta-impermeable-full-speed-ii-para-hombre\/","title":{"rendered":"CHAQUETA IMPERMEABLE FULL SPEED II PARA HOMBRE"},"content":{"rendered":"<pre id=\"tw-target-text\" class=\"tw-data-text tw-text-large tw-ta\" dir=\"ltr\" data-placeholder=\"Traducci\u00f3n\" aria-label=\"Texto traducido\" data-ved=\"2ahUKEwjG8OK7-vSHAxVFHEQIHRr1O4wQ3ewLegQIBxAU\"><span class=\"Y2IQFc\" lang=\"es\">\u2022 Mant\u00e9ngase seco: impermeable y transpirable. Costuras totalmente selladas, doble tapizado que permite escurrir el agua hacia la cremallera y solapa que protege de las tormentas.\r\n\u2022 Ajuste y movilidad: mangas precurvadas. Pu\u00f1os y bajo ajustables.\r\n\u2022 Materiales: 100 % nailon con ribete 100 % poli\u00e9ster. Forro confeccionado en tejido 100 % poli\u00e9ster.\r\n\u2022 Cierre: Cremallera bidireccional en la parte delantera.\r\n\u2022 Bolsillos: Bolsillos calientamanos con cremallera. Un bolsillo interior oculto y un bolsillo interior con cremallera.\r\n\u2022 Caracter\u00edsticas adicionales: Borde reflectante 3M Scotchlite que proporciona mayor visibilidad. La capucha ajustable que se puede llevar con casco se mantiene en el cuello. Toda la chamarra se guarda en el bolsillo interior con cremallera.\r\n\u2022 Detalles de dise\u00f1o: recorte de contraste muy visible. Dise\u00f1ado para usar en el equipo de motociclismo.\r\n\u2022 Gr\u00e1ficos: Serigraf\u00eda.<\/span><\/pre>\n","protected":false},"excerpt":{"rendered":"<p>Alta visibilidad, alto rendimiento, alta versatilidad&#8230;Tres razones por las que nuestra Full Speed II Waterproof Rain Jacket establece un nuevo est\u00e1ndar en ropa para lluvia. De nylon liviano y totalmente forrada para una mayor sensaci\u00f3n de respirabilidad, con recortes en contraste muy visibles y ribetes reflectantes. El agua no puede ingresar de ning\u00fan modo, gracias a sus costuras selladas con un sistema \u00fanico para la lluvia y una solapa de protecci\u00f3n en caso de tormenta. Su dise\u00f1o vers\u00e1til se adapta a la ropa de motociclismo con una capucha apta para casco que se ajusta al cuello. Amplio espacio en los bolsillos para guardar lo esencial.<\/p>\n","protected":false},"featured_media":46159,"template":"","meta":[],"product_brand":[],"product_cat":[24,76],"product_tag":[],"class_list":{"0":"post-46152","1":"product","2":"type-product","3":"status-publish","4":"has-post-thumbnail","6":"product_cat-hombre","7":"product_cat-impermeable-hombre","8":"pa_talla-l","9":"pa_talla-m","10":"pa_talla-s","11":"pa_talla-xl","12":"pa_talla-xs","14":"first","15":"instock","16":"taxable","17":"shipping-taxable","18":"purchasable","19":"product-type-variable"},"yoast_head":"<!-- This site is optimized with the Yoast SEO plugin v27.4 - https:\/\/yoast.com\/product\/yoast-seo-wordpress\/ -->\n<title>CHAQUETA IMPERMEABLE FULL SPEED II PARA HOMBRE - Tienda oficial H-D Toluca<\/title>\n<meta name=\"robots\" content=\"index, follow, max-snippet:-1, max-image-preview:large, max-video-preview:-1\" \/>\n<link rel=\"canonical\" href=\"https:\/\/harleydavidsontoluca.com\/shop\/producto\/chaqueta-impermeable-full-speed-ii-para-hombre\/\" \/>\n<meta property=\"og:locale\" content=\"es_MX\" \/>\n<meta property=\"og:type\" content=\"article\" \/>\n<meta property=\"og:title\" content=\"CHAQUETA IMPERMEABLE FULL SPEED II PARA HOMBRE - Tienda oficial H-D Toluca\" \/>\n<meta property=\"og:description\" content=\"Alta visibilidad, alto rendimiento, alta versatilidad...Tres razones por las que nuestra Full Speed II Waterproof Rain Jacket establece un nuevo est\u00e1ndar en ropa para lluvia. De nylon liviano y totalmente forrada para una mayor sensaci\u00f3n de respirabilidad, con recortes en contraste muy visibles y ribetes reflectantes. El agua no puede ingresar de ning\u00fan modo, gracias a sus costuras selladas con un sistema \u00fanico para la lluvia y una solapa de protecci\u00f3n en caso de tormenta. Su dise\u00f1o vers\u00e1til se adapta a la ropa de motociclismo con una capucha apta para casco que se ajusta al cuello. Amplio espacio en los bolsillos para guardar lo esencial.\" \/>\n<meta property=\"og:url\" content=\"https:\/\/harleydavidsontoluca.com\/shop\/producto\/chaqueta-impermeable-full-speed-ii-para-hombre\/\" \/>\n<meta property=\"og:site_name\" content=\"Tienda oficial H-D Toluca\" \/>\n<meta property=\"article:publisher\" content=\"https:\/\/www.facebook.com\/HarleyDavidsonToluca\" \/>\n<meta property=\"article:modified_time\" content=\"2026-05-06T23:04:33+00:00\" \/>\n<meta property=\"og:image\" content=\"https:\/\/harleydavidsontoluca.com\/shop\/wp-content\/uploads\/2024\/08\/Untitled-Project-2024-08-14T173631.406.jpg\" \/>\n\t<meta property=\"og:image:width\" content=\"1080\" \/>\n\t<meta property=\"og:image:height\" content=\"1080\" \/>\n\t<meta property=\"og:image:type\" content=\"image\/jpeg\" \/>\n<meta name=\"twitter:card\" content=\"summary_large_image\" \/>\n<meta name=\"twitter:label1\" content=\"Tiempo de lectura\" \/>\n\t<meta name=\"twitter:data1\" content=\"1 minuto\" \/>\n<script type=\"application\/ld+json\" class=\"yoast-schema-graph\">{\"@context\":\"https:\\\/\\\/schema.org\",\"@graph\":[{\"@type\":\"WebPage\",\"@id\":\"https:\\\/\\\/harleydavidsontoluca.com\\\/shop\\\/producto\\\/chaqueta-impermeable-full-speed-ii-para-hombre\\\/\",\"url\":\"https:\\\/\\\/harleydavidsontoluca.com\\\/shop\\\/producto\\\/chaqueta-impermeable-full-speed-ii-para-hombre\\\/\",\"name\":\"CHAQUETA IMPERMEABLE FULL SPEED II PARA HOMBRE - Tienda oficial H-D Toluca\",\"isPartOf\":{\"@id\":\"https:\\\/\\\/harleydavidsontoluca.com\\\/shop\\\/#website\"},\"primaryImageOfPage\":{\"@id\":\"https:\\\/\\\/harleydavidsontoluca.com\\\/shop\\\/producto\\\/chaqueta-impermeable-full-speed-ii-para-hombre\\\/#primaryimage\"},\"image\":{\"@id\":\"https:\\\/\\\/harleydavidsontoluca.com\\\/shop\\\/producto\\\/chaqueta-impermeable-full-speed-ii-para-hombre\\\/#primaryimage\"},\"thumbnailUrl\":\"https:\\\/\\\/harleydavidsontoluca.com\\\/shop\\\/wp-content\\\/uploads\\\/2024\\\/08\\\/Untitled-Project-2024-08-14T173631.406.jpg\",\"datePublished\":\"2024-08-14T22:37:54+00:00\",\"dateModified\":\"2026-05-06T23:04:33+00:00\",\"breadcrumb\":{\"@id\":\"https:\\\/\\\/harleydavidsontoluca.com\\\/shop\\\/producto\\\/chaqueta-impermeable-full-speed-ii-para-hombre\\\/#breadcrumb\"},\"inLanguage\":\"es\",\"potentialAction\":[{\"@type\":\"ReadAction\",\"target\":[\"https:\\\/\\\/harleydavidsontoluca.com\\\/shop\\\/producto\\\/chaqueta-impermeable-full-speed-ii-para-hombre\\\/\"]}]},{\"@type\":\"ImageObject\",\"inLanguage\":\"es\",\"@id\":\"https:\\\/\\\/harleydavidsontoluca.com\\\/shop\\\/producto\\\/chaqueta-impermeable-full-speed-ii-para-hombre\\\/#primaryimage\",\"url\":\"https:\\\/\\\/harleydavidsontoluca.com\\\/shop\\\/wp-content\\\/uploads\\\/2024\\\/08\\\/Untitled-Project-2024-08-14T173631.406.jpg\",\"contentUrl\":\"https:\\\/\\\/harleydavidsontoluca.com\\\/shop\\\/wp-content\\\/uploads\\\/2024\\\/08\\\/Untitled-Project-2024-08-14T173631.406.jpg\",\"width\":1080,\"height\":1080},{\"@type\":\"BreadcrumbList\",\"@id\":\"https:\\\/\\\/harleydavidsontoluca.com\\\/shop\\\/producto\\\/chaqueta-impermeable-full-speed-ii-para-hombre\\\/#breadcrumb\",\"itemListElement\":[{\"@type\":\"ListItem\",\"position\":1,\"name\":\"Portada\",\"item\":\"https:\\\/\\\/harleydavidsontoluca.com\\\/shop\\\/\"},{\"@type\":\"ListItem\",\"position\":2,\"name\":\"Tienda\",\"item\":\"https:\\\/\\\/harleydavidsontoluca.com\\\/shop\\\/tienda\\\/\"},{\"@type\":\"ListItem\",\"position\":3,\"name\":\"CHAQUETA IMPERMEABLE FULL SPEED II PARA HOMBRE\"}]},{\"@type\":\"WebSite\",\"@id\":\"https:\\\/\\\/harleydavidsontoluca.com\\\/shop\\\/#website\",\"url\":\"https:\\\/\\\/harleydavidsontoluca.com\\\/shop\\\/\",\"name\":\"Shop H-D Toluca\",\"description\":\"Shop H-D Toluca\",\"publisher\":{\"@id\":\"https:\\\/\\\/harleydavidsontoluca.com\\\/shop\\\/#organization\"},\"potentialAction\":[{\"@type\":\"SearchAction\",\"target\":{\"@type\":\"EntryPoint\",\"urlTemplate\":\"https:\\\/\\\/harleydavidsontoluca.com\\\/shop\\\/?s={search_term_string}\"},\"query-input\":{\"@type\":\"PropertyValueSpecification\",\"valueRequired\":true,\"valueName\":\"search_term_string\"}}],\"inLanguage\":\"es\"},{\"@type\":\"Organization\",\"@id\":\"https:\\\/\\\/harleydavidsontoluca.com\\\/shop\\\/#organization\",\"name\":\"Concesionaria Central de Motos\",\"url\":\"https:\\\/\\\/harleydavidsontoluca.com\\\/shop\\\/\",\"logo\":{\"@type\":\"ImageObject\",\"inLanguage\":\"es\",\"@id\":\"https:\\\/\\\/harleydavidsontoluca.com\\\/shop\\\/#\\\/schema\\\/logo\\\/image\\\/\",\"url\":\"https:\\\/\\\/harleydavidsontoluca.com\\\/shop\\\/wp-content\\\/uploads\\\/2024\\\/02\\\/cropped-Logo-512.png\",\"contentUrl\":\"https:\\\/\\\/harleydavidsontoluca.com\\\/shop\\\/wp-content\\\/uploads\\\/2024\\\/02\\\/cropped-Logo-512.png\",\"width\":512,\"height\":512,\"caption\":\"Concesionaria Central de Motos\"},\"image\":{\"@id\":\"https:\\\/\\\/harleydavidsontoluca.com\\\/shop\\\/#\\\/schema\\\/logo\\\/image\\\/\"},\"sameAs\":[\"https:\\\/\\\/www.facebook.com\\\/HarleyDavidsonToluca\",\"https:\\\/\\\/www.instagram.com\\\/hdtoluca\\\/\"]}]}<\/script>\n<!-- \/ Yoast SEO plugin. -->","yoast_head_json":{"title":"CHAQUETA IMPERMEABLE FULL SPEED II PARA HOMBRE - Tienda oficial H-D Toluca","robots":{"index":"index","follow":"follow","max-snippet":"max-snippet:-1","max-image-preview":"max-image-preview:large","max-video-preview":"max-video-preview:-1"},"canonical":"https:\/\/harleydavidsontoluca.com\/shop\/producto\/chaqueta-impermeable-full-speed-ii-para-hombre\/","og_locale":"es_MX","og_type":"article","og_title":"CHAQUETA IMPERMEABLE FULL SPEED II PARA HOMBRE - Tienda oficial H-D Toluca","og_description":"Alta visibilidad, alto rendimiento, alta versatilidad...Tres razones por las que nuestra Full Speed II Waterproof Rain Jacket establece un nuevo est\u00e1ndar en ropa para lluvia. De nylon liviano y totalmente forrada para una mayor sensaci\u00f3n de respirabilidad, con recortes en contraste muy visibles y ribetes reflectantes. El agua no puede ingresar de ning\u00fan modo, gracias a sus costuras selladas con un sistema \u00fanico para la lluvia y una solapa de protecci\u00f3n en caso de tormenta. Su dise\u00f1o vers\u00e1til se adapta a la ropa de motociclismo con una capucha apta para casco que se ajusta al cuello. Amplio espacio en los bolsillos para guardar lo esencial.","og_url":"https:\/\/harleydavidsontoluca.com\/shop\/producto\/chaqueta-impermeable-full-speed-ii-para-hombre\/","og_site_name":"Tienda oficial H-D Toluca","article_publisher":"https:\/\/www.facebook.com\/HarleyDavidsonToluca","article_modified_time":"2026-05-06T23:04:33+00:00","og_image":[{"width":1080,"height":1080,"url":"https:\/\/harleydavidsontoluca.com\/shop\/wp-content\/uploads\/2024\/08\/Untitled-Project-2024-08-14T173631.406.jpg","type":"image\/jpeg"}],"twitter_card":"summary_large_image","twitter_misc":{"Tiempo de lectura":"1 minuto"},"schema":{"@context":"https:\/\/schema.org","@graph":[{"@type":"WebPage","@id":"https:\/\/harleydavidsontoluca.com\/shop\/producto\/chaqueta-impermeable-full-speed-ii-para-hombre\/","url":"https:\/\/harleydavidsontoluca.com\/shop\/producto\/chaqueta-impermeable-full-speed-ii-para-hombre\/","name":"CHAQUETA IMPERMEABLE FULL SPEED II PARA HOMBRE - Tienda oficial H-D Toluca","isPartOf":{"@id":"https:\/\/harleydavidsontoluca.com\/shop\/#website"},"primaryImageOfPage":{"@id":"https:\/\/harleydavidsontoluca.com\/shop\/producto\/chaqueta-impermeable-full-speed-ii-para-hombre\/#primaryimage"},"image":{"@id":"https:\/\/harleydavidsontoluca.com\/shop\/producto\/chaqueta-impermeable-full-speed-ii-para-hombre\/#primaryimage"},"thumbnailUrl":"https:\/\/harleydavidsontoluca.com\/shop\/wp-content\/uploads\/2024\/08\/Untitled-Project-2024-08-14T173631.406.jpg","datePublished":"2024-08-14T22:37:54+00:00","dateModified":"2026-05-06T23:04:33+00:00","breadcrumb":{"@id":"https:\/\/harleydavidsontoluca.com\/shop\/producto\/chaqueta-impermeable-full-speed-ii-para-hombre\/#breadcrumb"},"inLanguage":"es","potentialAction":[{"@type":"ReadAction","target":["https:\/\/harleydavidsontoluca.com\/shop\/producto\/chaqueta-impermeable-full-speed-ii-para-hombre\/"]}]},{"@type":"ImageObject","inLanguage":"es","@id":"https:\/\/harleydavidsontoluca.com\/shop\/producto\/chaqueta-impermeable-full-speed-ii-para-hombre\/#primaryimage","url":"https:\/\/harleydavidsontoluca.com\/shop\/wp-content\/uploads\/2024\/08\/Untitled-Project-2024-08-14T173631.406.jpg","contentUrl":"https:\/\/harleydavidsontoluca.com\/shop\/wp-content\/uploads\/2024\/08\/Untitled-Project-2024-08-14T173631.406.jpg","width":1080,"height":1080},{"@type":"BreadcrumbList","@id":"https:\/\/harleydavidsontoluca.com\/shop\/producto\/chaqueta-impermeable-full-speed-ii-para-hombre\/#breadcrumb","itemListElement":[{"@type":"ListItem","position":1,"name":"Portada","item":"https:\/\/harleydavidsontoluca.com\/shop\/"},{"@type":"ListItem","position":2,"name":"Tienda","item":"https:\/\/harleydavidsontoluca.com\/shop\/tienda\/"},{"@type":"ListItem","position":3,"name":"CHAQUETA IMPERMEABLE FULL SPEED II PARA HOMBRE"}]},{"@type":"WebSite","@id":"https:\/\/harleydavidsontoluca.com\/shop\/#website","url":"https:\/\/harleydavidsontoluca.com\/shop\/","name":"Shop H-D Toluca","description":"Shop H-D Toluca","publisher":{"@id":"https:\/\/harleydavidsontoluca.com\/shop\/#organization"},"potentialAction":[{"@type":"SearchAction","target":{"@type":"EntryPoint","urlTemplate":"https:\/\/harleydavidsontoluca.com\/shop\/?s={search_term_string}"},"query-input":{"@type":"PropertyValueSpecification","valueRequired":true,"valueName":"search_term_string"}}],"inLanguage":"es"},{"@type":"Organization","@id":"https:\/\/harleydavidsontoluca.com\/shop\/#organization","name":"Concesionaria Central de Motos","url":"https:\/\/harleydavidsontoluca.com\/shop\/","logo":{"@type":"ImageObject","inLanguage":"es","@id":"https:\/\/harleydavidsontoluca.com\/shop\/#\/schema\/logo\/image\/","url":"https:\/\/harleydavidsontoluca.com\/shop\/wp-content\/uploads\/2024\/02\/cropped-Logo-512.png","contentUrl":"https:\/\/harleydavidsontoluca.com\/shop\/wp-content\/uploads\/2024\/02\/cropped-Logo-512.png","width":512,"height":512,"caption":"Concesionaria Central de Motos"},"image":{"@id":"https:\/\/harleydavidsontoluca.com\/shop\/#\/schema\/logo\/image\/"},"sameAs":["https:\/\/www.facebook.com\/HarleyDavidsonToluca","https:\/\/www.instagram.com\/hdtoluca\/"]}]}},"_links":{"self":[{"href":"https:\/\/harleydavidsontoluca.com\/shop\/wp-json\/wp\/v2\/product\/46152","targetHints":{"allow":["GET"]}}],"collection":[{"href":"https:\/\/harleydavidsontoluca.com\/shop\/wp-json\/wp\/v2\/product"}],"about":[{"href":"https:\/\/harleydavidsontoluca.com\/shop\/wp-json\/wp\/v2\/types\/product"}],"wp:featuredmedia":[{"embeddable":true,"href":"https:\/\/harleydavidsontoluca.com\/shop\/wp-json\/wp\/v2\/media\/46159"}],"wp:attachment":[{"href":"https:\/\/harleydavidsontoluca.com\/shop\/wp-json\/wp\/v2\/media?parent=46152"}],"wp:term":[{"taxonomy":"product_brand","embeddable":true,"href":"https:\/\/harleydavidsontoluca.com\/shop\/wp-json\/wp\/v2\/product_brand?post=46152"},{"taxonomy":"product_cat","embeddable":true,"href":"https:\/\/harleydavidsontoluca.com\/shop\/wp-json\/wp\/v2\/product_cat?post=46152"},{"taxonomy":"product_tag","embeddable":true,"href":"https:\/\/harleydavidsontoluca.com\/shop\/wp-json\/wp\/v2\/product_tag?post=46152"}],"curies":[{"name":"wp","href":"https:\/\/api.w.org\/{rel}","templated":true}]}}