
{"id":46142,"date":"2024-08-14T17:23:05","date_gmt":"2024-08-14T22:23:05","guid":{"rendered":"https:\/\/harleydavidsontoluca.com\/shop\/?post_type=product&#038;p=46142"},"modified":"2026-03-05T16:20:14","modified_gmt":"2026-03-05T22:20:14","slug":"traje-de-lluvia-impermeable-y-reflectante-para-mujer","status":"publish","type":"product","link":"https:\/\/harleydavidsontoluca.com\/shop\/producto\/traje-de-lluvia-impermeable-y-reflectante-para-mujer\/","title":{"rendered":"TRAJE DE LLUVIA IMPERMEABLE Y REFLECTANTE PARA MUJER"},"content":{"rendered":"<div class=\"mt-3\"><span>\u2022\u00a0<\/span><span class=\"b2\"><span>Mantente seco:\u00a0<\/span><\/span><span>impermeable y transpirable. Solapas de protecci\u00f3n con velcro. Interior con costuras totalmente selladas y costuras dobles selladas en hombros y entrepierna.<\/span><\/div>\n<div class=\"mt-3\"><span>\u2022\u00a0<\/span><span class=\"b2\"><span>Ajuste y movilidad:\u00a0<\/span><\/span><span>pu\u00f1os el\u00e1sticos, cord\u00f3n el\u00e1stico en el dobladillo y en la cintura. Estribos.<\/span><\/div>\n<div class=\"mt-3\"><span>\u2022\u00a0<\/span><span class=\"b2\"><span>Materiales:\u00a0<\/span><\/span><span>100% nailon.<\/span><\/div>\n<div class=\"mt-3\"><span>\u2022\u00a0<\/span><span class=\"b2\"><span>Caracter\u00edsticas adicionales:\u00a0<\/span><\/span><span>Cremallera frontal. El cord\u00f3n el\u00e1stico y la capucha con botones se pueden plegar y asegurar cuando no se usan. Abertura de pierna reforzada. Protectores resistentes al calor en la parte interior de la parte inferior de las piernas. Ribete de material reflectante 3M\u00a0<\/span><sup><span>\u2122<\/span><\/sup><span>\u00a0Scotchlite\u00a0<\/span><sup><span>\u2122<\/span><\/sup><span>\u00a0. Bolsa de almacenamiento incluida.<\/span><\/div>\n<div class=\"mt-3\"><span>\u2022\u00a0<\/span><span class=\"b2\"><span>Gr\u00e1ficos:\u00a0<\/span><\/span><span>aplique reflectante\u00a0<\/span><span>3M\u00a0<\/span><sup><span>\u2122<\/span><\/sup><span>\u00a0Scotchlite\u00a0<\/span><sup><span>\u2122 .<\/span><\/sup><\/div>\n<div class=\"mt-3\"><span>\u2022\u00a0<\/span><span class=\"b2\"><span>Entrepierna:\u00a0<\/span><\/span><span>32&#8243;. Talla ideal para usar sobre jeans (no elijas una talla m\u00e1s grande).<\/span><\/div>\n","protected":false},"excerpt":{"rendered":"<p>Mantente seco, s\u00e9 visible, si\u00e9ntete c\u00f3modo. Este traje de lluvia es ideal para ti, ya que ofrece impermeabilidad, transpirabilidad y propiedades reflectantes superiores. Tambi\u00e9n est\u00e1 dise\u00f1ado con caracter\u00edsticas clave como un cuello con cord\u00f3n y botones y una capucha plegable. Lee los puntos para obtener m\u00e1s detalles sobre las caracter\u00edsticas.<\/p>\n","protected":false},"featured_media":46149,"template":"","meta":[],"product_brand":[],"product_cat":[60,25],"product_tag":[],"class_list":{"0":"post-46142","1":"product","2":"type-product","3":"status-publish","4":"has-post-thumbnail","6":"product_cat-impermeable-mujer","7":"product_cat-mujer","8":"pa_talla-l","9":"pa_talla-m","10":"pa_talla-s","11":"pa_talla-xl","13":"first","14":"instock","15":"taxable","16":"shipping-taxable","17":"purchasable","18":"product-type-variable"},"yoast_head":"<!-- This site is optimized with the Yoast SEO plugin v27.4 - https:\/\/yoast.com\/product\/yoast-seo-wordpress\/ -->\n<title>TRAJE DE LLUVIA IMPERMEABLE Y REFLECTANTE PARA MUJER - Tienda oficial H-D Toluca<\/title>\n<meta name=\"robots\" content=\"index, follow, max-snippet:-1, max-image-preview:large, max-video-preview:-1\" \/>\n<link rel=\"canonical\" href=\"https:\/\/harleydavidsontoluca.com\/shop\/producto\/traje-de-lluvia-impermeable-y-reflectante-para-mujer\/\" \/>\n<meta property=\"og:locale\" content=\"es_MX\" \/>\n<meta property=\"og:type\" content=\"article\" \/>\n<meta property=\"og:title\" content=\"TRAJE DE LLUVIA IMPERMEABLE Y REFLECTANTE PARA MUJER - Tienda oficial H-D Toluca\" \/>\n<meta property=\"og:description\" content=\"Mantente seco, s\u00e9 visible, si\u00e9ntete c\u00f3modo. Este traje de lluvia es ideal para ti, ya que ofrece impermeabilidad, transpirabilidad y propiedades reflectantes superiores. Tambi\u00e9n est\u00e1 dise\u00f1ado con caracter\u00edsticas clave como un cuello con cord\u00f3n y botones y una capucha plegable. Lee los puntos para obtener m\u00e1s detalles sobre las caracter\u00edsticas.\" \/>\n<meta property=\"og:url\" content=\"https:\/\/harleydavidsontoluca.com\/shop\/producto\/traje-de-lluvia-impermeable-y-reflectante-para-mujer\/\" \/>\n<meta property=\"og:site_name\" content=\"Tienda oficial H-D Toluca\" \/>\n<meta property=\"article:publisher\" content=\"https:\/\/www.facebook.com\/HarleyDavidsonToluca\" \/>\n<meta property=\"article:modified_time\" content=\"2026-03-05T22:20:14+00:00\" \/>\n<meta property=\"og:image\" content=\"https:\/\/harleydavidsontoluca.com\/shop\/wp-content\/uploads\/2024\/08\/Untitled-Project-2024-08-14T172123.348.jpg\" \/>\n\t<meta property=\"og:image:width\" content=\"1080\" \/>\n\t<meta property=\"og:image:height\" content=\"1080\" \/>\n\t<meta property=\"og:image:type\" content=\"image\/jpeg\" \/>\n<meta name=\"twitter:card\" content=\"summary_large_image\" \/>\n<meta name=\"twitter:label1\" content=\"Tiempo de lectura\" \/>\n\t<meta name=\"twitter:data1\" content=\"1 minuto\" \/>\n<script type=\"application\/ld+json\" class=\"yoast-schema-graph\">{\"@context\":\"https:\\\/\\\/schema.org\",\"@graph\":[{\"@type\":\"WebPage\",\"@id\":\"https:\\\/\\\/harleydavidsontoluca.com\\\/shop\\\/producto\\\/traje-de-lluvia-impermeable-y-reflectante-para-mujer\\\/\",\"url\":\"https:\\\/\\\/harleydavidsontoluca.com\\\/shop\\\/producto\\\/traje-de-lluvia-impermeable-y-reflectante-para-mujer\\\/\",\"name\":\"TRAJE DE LLUVIA IMPERMEABLE Y REFLECTANTE PARA MUJER - Tienda oficial H-D Toluca\",\"isPartOf\":{\"@id\":\"https:\\\/\\\/harleydavidsontoluca.com\\\/shop\\\/#website\"},\"primaryImageOfPage\":{\"@id\":\"https:\\\/\\\/harleydavidsontoluca.com\\\/shop\\\/producto\\\/traje-de-lluvia-impermeable-y-reflectante-para-mujer\\\/#primaryimage\"},\"image\":{\"@id\":\"https:\\\/\\\/harleydavidsontoluca.com\\\/shop\\\/producto\\\/traje-de-lluvia-impermeable-y-reflectante-para-mujer\\\/#primaryimage\"},\"thumbnailUrl\":\"https:\\\/\\\/harleydavidsontoluca.com\\\/shop\\\/wp-content\\\/uploads\\\/2024\\\/08\\\/Untitled-Project-2024-08-14T172123.348.jpg\",\"datePublished\":\"2024-08-14T22:23:05+00:00\",\"dateModified\":\"2026-03-05T22:20:14+00:00\",\"breadcrumb\":{\"@id\":\"https:\\\/\\\/harleydavidsontoluca.com\\\/shop\\\/producto\\\/traje-de-lluvia-impermeable-y-reflectante-para-mujer\\\/#breadcrumb\"},\"inLanguage\":\"es\",\"potentialAction\":[{\"@type\":\"ReadAction\",\"target\":[\"https:\\\/\\\/harleydavidsontoluca.com\\\/shop\\\/producto\\\/traje-de-lluvia-impermeable-y-reflectante-para-mujer\\\/\"]}]},{\"@type\":\"ImageObject\",\"inLanguage\":\"es\",\"@id\":\"https:\\\/\\\/harleydavidsontoluca.com\\\/shop\\\/producto\\\/traje-de-lluvia-impermeable-y-reflectante-para-mujer\\\/#primaryimage\",\"url\":\"https:\\\/\\\/harleydavidsontoluca.com\\\/shop\\\/wp-content\\\/uploads\\\/2024\\\/08\\\/Untitled-Project-2024-08-14T172123.348.jpg\",\"contentUrl\":\"https:\\\/\\\/harleydavidsontoluca.com\\\/shop\\\/wp-content\\\/uploads\\\/2024\\\/08\\\/Untitled-Project-2024-08-14T172123.348.jpg\",\"width\":1080,\"height\":1080},{\"@type\":\"BreadcrumbList\",\"@id\":\"https:\\\/\\\/harleydavidsontoluca.com\\\/shop\\\/producto\\\/traje-de-lluvia-impermeable-y-reflectante-para-mujer\\\/#breadcrumb\",\"itemListElement\":[{\"@type\":\"ListItem\",\"position\":1,\"name\":\"Portada\",\"item\":\"https:\\\/\\\/harleydavidsontoluca.com\\\/shop\\\/\"},{\"@type\":\"ListItem\",\"position\":2,\"name\":\"Tienda\",\"item\":\"https:\\\/\\\/harleydavidsontoluca.com\\\/shop\\\/tienda\\\/\"},{\"@type\":\"ListItem\",\"position\":3,\"name\":\"TRAJE DE LLUVIA IMPERMEABLE Y REFLECTANTE PARA MUJER\"}]},{\"@type\":\"WebSite\",\"@id\":\"https:\\\/\\\/harleydavidsontoluca.com\\\/shop\\\/#website\",\"url\":\"https:\\\/\\\/harleydavidsontoluca.com\\\/shop\\\/\",\"name\":\"Shop H-D Toluca\",\"description\":\"Shop H-D Toluca\",\"publisher\":{\"@id\":\"https:\\\/\\\/harleydavidsontoluca.com\\\/shop\\\/#organization\"},\"potentialAction\":[{\"@type\":\"SearchAction\",\"target\":{\"@type\":\"EntryPoint\",\"urlTemplate\":\"https:\\\/\\\/harleydavidsontoluca.com\\\/shop\\\/?s={search_term_string}\"},\"query-input\":{\"@type\":\"PropertyValueSpecification\",\"valueRequired\":true,\"valueName\":\"search_term_string\"}}],\"inLanguage\":\"es\"},{\"@type\":\"Organization\",\"@id\":\"https:\\\/\\\/harleydavidsontoluca.com\\\/shop\\\/#organization\",\"name\":\"Concesionaria Central de Motos\",\"url\":\"https:\\\/\\\/harleydavidsontoluca.com\\\/shop\\\/\",\"logo\":{\"@type\":\"ImageObject\",\"inLanguage\":\"es\",\"@id\":\"https:\\\/\\\/harleydavidsontoluca.com\\\/shop\\\/#\\\/schema\\\/logo\\\/image\\\/\",\"url\":\"https:\\\/\\\/harleydavidsontoluca.com\\\/shop\\\/wp-content\\\/uploads\\\/2024\\\/02\\\/cropped-Logo-512.png\",\"contentUrl\":\"https:\\\/\\\/harleydavidsontoluca.com\\\/shop\\\/wp-content\\\/uploads\\\/2024\\\/02\\\/cropped-Logo-512.png\",\"width\":512,\"height\":512,\"caption\":\"Concesionaria Central de Motos\"},\"image\":{\"@id\":\"https:\\\/\\\/harleydavidsontoluca.com\\\/shop\\\/#\\\/schema\\\/logo\\\/image\\\/\"},\"sameAs\":[\"https:\\\/\\\/www.facebook.com\\\/HarleyDavidsonToluca\",\"https:\\\/\\\/www.instagram.com\\\/hdtoluca\\\/\"]}]}<\/script>\n<!-- \/ Yoast SEO plugin. -->","yoast_head_json":{"title":"TRAJE DE LLUVIA IMPERMEABLE Y REFLECTANTE PARA MUJER - Tienda oficial H-D Toluca","robots":{"index":"index","follow":"follow","max-snippet":"max-snippet:-1","max-image-preview":"max-image-preview:large","max-video-preview":"max-video-preview:-1"},"canonical":"https:\/\/harleydavidsontoluca.com\/shop\/producto\/traje-de-lluvia-impermeable-y-reflectante-para-mujer\/","og_locale":"es_MX","og_type":"article","og_title":"TRAJE DE LLUVIA IMPERMEABLE Y REFLECTANTE PARA MUJER - Tienda oficial H-D Toluca","og_description":"Mantente seco, s\u00e9 visible, si\u00e9ntete c\u00f3modo. Este traje de lluvia es ideal para ti, ya que ofrece impermeabilidad, transpirabilidad y propiedades reflectantes superiores. Tambi\u00e9n est\u00e1 dise\u00f1ado con caracter\u00edsticas clave como un cuello con cord\u00f3n y botones y una capucha plegable. Lee los puntos para obtener m\u00e1s detalles sobre las caracter\u00edsticas.","og_url":"https:\/\/harleydavidsontoluca.com\/shop\/producto\/traje-de-lluvia-impermeable-y-reflectante-para-mujer\/","og_site_name":"Tienda oficial H-D Toluca","article_publisher":"https:\/\/www.facebook.com\/HarleyDavidsonToluca","article_modified_time":"2026-03-05T22:20:14+00:00","og_image":[{"width":1080,"height":1080,"url":"https:\/\/harleydavidsontoluca.com\/shop\/wp-content\/uploads\/2024\/08\/Untitled-Project-2024-08-14T172123.348.jpg","type":"image\/jpeg"}],"twitter_card":"summary_large_image","twitter_misc":{"Tiempo de lectura":"1 minuto"},"schema":{"@context":"https:\/\/schema.org","@graph":[{"@type":"WebPage","@id":"https:\/\/harleydavidsontoluca.com\/shop\/producto\/traje-de-lluvia-impermeable-y-reflectante-para-mujer\/","url":"https:\/\/harleydavidsontoluca.com\/shop\/producto\/traje-de-lluvia-impermeable-y-reflectante-para-mujer\/","name":"TRAJE DE LLUVIA IMPERMEABLE Y REFLECTANTE PARA MUJER - Tienda oficial H-D Toluca","isPartOf":{"@id":"https:\/\/harleydavidsontoluca.com\/shop\/#website"},"primaryImageOfPage":{"@id":"https:\/\/harleydavidsontoluca.com\/shop\/producto\/traje-de-lluvia-impermeable-y-reflectante-para-mujer\/#primaryimage"},"image":{"@id":"https:\/\/harleydavidsontoluca.com\/shop\/producto\/traje-de-lluvia-impermeable-y-reflectante-para-mujer\/#primaryimage"},"thumbnailUrl":"https:\/\/harleydavidsontoluca.com\/shop\/wp-content\/uploads\/2024\/08\/Untitled-Project-2024-08-14T172123.348.jpg","datePublished":"2024-08-14T22:23:05+00:00","dateModified":"2026-03-05T22:20:14+00:00","breadcrumb":{"@id":"https:\/\/harleydavidsontoluca.com\/shop\/producto\/traje-de-lluvia-impermeable-y-reflectante-para-mujer\/#breadcrumb"},"inLanguage":"es","potentialAction":[{"@type":"ReadAction","target":["https:\/\/harleydavidsontoluca.com\/shop\/producto\/traje-de-lluvia-impermeable-y-reflectante-para-mujer\/"]}]},{"@type":"ImageObject","inLanguage":"es","@id":"https:\/\/harleydavidsontoluca.com\/shop\/producto\/traje-de-lluvia-impermeable-y-reflectante-para-mujer\/#primaryimage","url":"https:\/\/harleydavidsontoluca.com\/shop\/wp-content\/uploads\/2024\/08\/Untitled-Project-2024-08-14T172123.348.jpg","contentUrl":"https:\/\/harleydavidsontoluca.com\/shop\/wp-content\/uploads\/2024\/08\/Untitled-Project-2024-08-14T172123.348.jpg","width":1080,"height":1080},{"@type":"BreadcrumbList","@id":"https:\/\/harleydavidsontoluca.com\/shop\/producto\/traje-de-lluvia-impermeable-y-reflectante-para-mujer\/#breadcrumb","itemListElement":[{"@type":"ListItem","position":1,"name":"Portada","item":"https:\/\/harleydavidsontoluca.com\/shop\/"},{"@type":"ListItem","position":2,"name":"Tienda","item":"https:\/\/harleydavidsontoluca.com\/shop\/tienda\/"},{"@type":"ListItem","position":3,"name":"TRAJE DE LLUVIA IMPERMEABLE Y REFLECTANTE PARA MUJER"}]},{"@type":"WebSite","@id":"https:\/\/harleydavidsontoluca.com\/shop\/#website","url":"https:\/\/harleydavidsontoluca.com\/shop\/","name":"Shop H-D Toluca","description":"Shop H-D Toluca","publisher":{"@id":"https:\/\/harleydavidsontoluca.com\/shop\/#organization"},"potentialAction":[{"@type":"SearchAction","target":{"@type":"EntryPoint","urlTemplate":"https:\/\/harleydavidsontoluca.com\/shop\/?s={search_term_string}"},"query-input":{"@type":"PropertyValueSpecification","valueRequired":true,"valueName":"search_term_string"}}],"inLanguage":"es"},{"@type":"Organization","@id":"https:\/\/harleydavidsontoluca.com\/shop\/#organization","name":"Concesionaria Central de Motos","url":"https:\/\/harleydavidsontoluca.com\/shop\/","logo":{"@type":"ImageObject","inLanguage":"es","@id":"https:\/\/harleydavidsontoluca.com\/shop\/#\/schema\/logo\/image\/","url":"https:\/\/harleydavidsontoluca.com\/shop\/wp-content\/uploads\/2024\/02\/cropped-Logo-512.png","contentUrl":"https:\/\/harleydavidsontoluca.com\/shop\/wp-content\/uploads\/2024\/02\/cropped-Logo-512.png","width":512,"height":512,"caption":"Concesionaria Central de Motos"},"image":{"@id":"https:\/\/harleydavidsontoluca.com\/shop\/#\/schema\/logo\/image\/"},"sameAs":["https:\/\/www.facebook.com\/HarleyDavidsonToluca","https:\/\/www.instagram.com\/hdtoluca\/"]}]}},"_links":{"self":[{"href":"https:\/\/harleydavidsontoluca.com\/shop\/wp-json\/wp\/v2\/product\/46142","targetHints":{"allow":["GET"]}}],"collection":[{"href":"https:\/\/harleydavidsontoluca.com\/shop\/wp-json\/wp\/v2\/product"}],"about":[{"href":"https:\/\/harleydavidsontoluca.com\/shop\/wp-json\/wp\/v2\/types\/product"}],"wp:featuredmedia":[{"embeddable":true,"href":"https:\/\/harleydavidsontoluca.com\/shop\/wp-json\/wp\/v2\/media\/46149"}],"wp:attachment":[{"href":"https:\/\/harleydavidsontoluca.com\/shop\/wp-json\/wp\/v2\/media?parent=46142"}],"wp:term":[{"taxonomy":"product_brand","embeddable":true,"href":"https:\/\/harleydavidsontoluca.com\/shop\/wp-json\/wp\/v2\/product_brand?post=46142"},{"taxonomy":"product_cat","embeddable":true,"href":"https:\/\/harleydavidsontoluca.com\/shop\/wp-json\/wp\/v2\/product_cat?post=46142"},{"taxonomy":"product_tag","embeddable":true,"href":"https:\/\/harleydavidsontoluca.com\/shop\/wp-json\/wp\/v2\/product_tag?post=46142"}],"curies":[{"name":"wp","href":"https:\/\/api.w.org\/{rel}","templated":true}]}}