
{"id":46022,"date":"2024-07-25T11:02:08","date_gmt":"2024-07-25T16:02:08","guid":{"rendered":"https:\/\/harleydavidsontoluca.com\/shop\/?post_type=product&#038;p=46022"},"modified":"2025-08-13T15:05:28","modified_gmt":"2025-08-13T20:05:28","slug":"chaqueta-de-cuero-con-estampado-de-calavera-willie-g-de-mujer","status":"publish","type":"product","link":"https:\/\/harleydavidsontoluca.com\/shop\/producto\/chaqueta-de-cuero-con-estampado-de-calavera-willie-g-de-mujer\/","title":{"rendered":"CHAQUETA DE CUERO CON ESTAMPADO DE CALAVERA WILLIE G DE MUJER"},"content":{"rendered":"<pre id=\"tw-target-text\" class=\"tw-data-text tw-text-large tw-ta\" dir=\"ltr\" data-placeholder=\"Traducci\u00f3n\" aria-label=\"Texto traducido\" data-ved=\"2ahUKEwj0vJKdwsKHAxWPH0QIHeqACyUQ3ewLegQIBxAU\"><span class=\"Y2IQFc\" lang=\"es\">\u2022 Mant\u00e9ngase fresco: Ventilaci\u00f3n con cremallera en las axilas para el flujo de aire.\r\n\u2022 Fit &amp; Mobility: Acci\u00f3n de regreso. Mangas precurvadas.\r\n\u2022 Materiales: Piel de vacuno de peso medio. Forro de malla 100% poli\u00e9ster.\r\n\u2022 Cierre: Cremallera frontal expuesta de dos direcciones. Pu\u00f1os con cremallera.\r\n\u2022 Bolsillos: Bolsillos calientamanos con cremallera. Un bolsillo interior oculto y un bolsillo interior con cremallera.\r\n\u2022 Caracter\u00edsticas adicionales: Incluye armadura D3O Ghost con certificaci\u00f3n CE en hombros y codos (98104-22VR y 98103-22VR). Bolsillo trasero para armadura para D3O Viper Back Body Armor (98105-22VR, se vende por separado). Rollo de cuello de airprene para mayor comodidad. Material reflectante Scotchlite de 3M.\r\n\u2022 Detalles de dise\u00f1o: Cuello retr\u00e1ctil con leng\u00fceta a presi\u00f3n. Piezas de cuero. Acolchado acolchado en la parte superior de las mangas y paneles laterales.\r\n\u2022 Gr\u00e1ficos: Aplique reflectante con bordado en punto satinado. Bordado directo.\r\n\u2022 Certificaci\u00f3n: Certificado seg\u00fan EN 17092-4:2020<\/span><\/pre>\n","protected":false},"excerpt":{"rendered":"<pre id=\"tw-target-text\" class=\"tw-data-text tw-text-large tw-ta\" dir=\"ltr\" data-placeholder=\"Traducci\u00f3n\" aria-label=\"Texto traducido\" data-ved=\"2ahUKEwj0vJKdwsKHAxWPH0QIHeqACyUQ3ewLegQIBxAU\"><span class=\"Y2IQFc\" lang=\"es\">La funcionalidad es un gui\u00f1o al legado creativo de nuestro ic\u00f3nico estilista en la chaqueta de montar de cuero con estampado de calavera Willie G. Cuenta sabiamente con protecci\u00f3n contra impactos ingr\u00e1vida de la armadura D3O Ghost en hombros y codos, un collar de airprene con leng\u00fceta retr\u00e1ctil y protector de garganta para mayor comodidad, ventilaci\u00f3n que da la bienvenida al aire y material reflectante para mayor visibilidad. Su aspecto elevado est\u00e1 dise\u00f1ado con acolchado de cuero y acabado con gr\u00e1ficos bordados y apliques. Conozca la historia: adem\u00e1s de la querida Calavera que adorna la parte trasera, Willie G.<\/span><\/pre>\n","protected":false},"featured_media":46030,"template":"","meta":[],"product_brand":[],"product_cat":[61,25],"product_tag":[],"class_list":{"0":"post-46022","1":"product","2":"type-product","3":"status-publish","4":"has-post-thumbnail","6":"product_cat-chamarra-para-rodar-mujer","7":"product_cat-mujer","8":"pa_talla-l","9":"pa_talla-m","10":"pa_talla-s","11":"pa_talla-xs","13":"first","14":"instock","15":"taxable","16":"shipping-taxable","17":"purchasable","18":"product-type-variable"},"yoast_head":"<!-- This site is optimized with the Yoast SEO plugin v27.4 - https:\/\/yoast.com\/product\/yoast-seo-wordpress\/ -->\n<title>CHAQUETA DE CUERO CON ESTAMPADO DE CALAVERA WILLIE G DE MUJER - Tienda oficial H-D Toluca<\/title>\n<meta name=\"robots\" content=\"index, follow, max-snippet:-1, max-image-preview:large, max-video-preview:-1\" \/>\n<link rel=\"canonical\" href=\"https:\/\/harleydavidsontoluca.com\/shop\/producto\/chaqueta-de-cuero-con-estampado-de-calavera-willie-g-de-mujer\/\" \/>\n<meta property=\"og:locale\" content=\"es_MX\" \/>\n<meta property=\"og:type\" content=\"article\" \/>\n<meta property=\"og:title\" content=\"CHAQUETA DE CUERO CON ESTAMPADO DE CALAVERA WILLIE G DE MUJER - Tienda oficial H-D Toluca\" \/>\n<meta property=\"og:description\" content=\"La funcionalidad es un gui\u00f1o al legado creativo de nuestro ic\u00f3nico estilista en la chaqueta de montar de cuero con estampado de calavera Willie G. Cuenta sabiamente con protecci\u00f3n contra impactos ingr\u00e1vida de la armadura D3O Ghost en hombros y codos, un collar de airprene con leng\u00fceta retr\u00e1ctil y protector de garganta para mayor comodidad, ventilaci\u00f3n que da la bienvenida al aire y material reflectante para mayor visibilidad. Su aspecto elevado est\u00e1 dise\u00f1ado con acolchado de cuero y acabado con gr\u00e1ficos bordados y apliques. Conozca la historia: adem\u00e1s de la querida Calavera que adorna la parte trasera, Willie G.\" \/>\n<meta property=\"og:url\" content=\"https:\/\/harleydavidsontoluca.com\/shop\/producto\/chaqueta-de-cuero-con-estampado-de-calavera-willie-g-de-mujer\/\" \/>\n<meta property=\"og:site_name\" content=\"Tienda oficial H-D Toluca\" \/>\n<meta property=\"article:publisher\" content=\"https:\/\/www.facebook.com\/HarleyDavidsonToluca\" \/>\n<meta property=\"article:modified_time\" content=\"2025-08-13T20:05:28+00:00\" \/>\n<meta property=\"og:image\" content=\"https:\/\/harleydavidsontoluca.com\/shop\/wp-content\/uploads\/2024\/07\/Untitled-Project-2024-07-25T110004.524.jpg\" \/>\n\t<meta property=\"og:image:width\" content=\"1080\" \/>\n\t<meta property=\"og:image:height\" content=\"1080\" \/>\n\t<meta property=\"og:image:type\" content=\"image\/jpeg\" \/>\n<meta name=\"twitter:card\" content=\"summary_large_image\" \/>\n<meta name=\"twitter:label1\" content=\"Tiempo de lectura\" \/>\n\t<meta name=\"twitter:data1\" content=\"1 minuto\" \/>\n<script type=\"application\/ld+json\" class=\"yoast-schema-graph\">{\"@context\":\"https:\\\/\\\/schema.org\",\"@graph\":[{\"@type\":\"WebPage\",\"@id\":\"https:\\\/\\\/harleydavidsontoluca.com\\\/shop\\\/producto\\\/chaqueta-de-cuero-con-estampado-de-calavera-willie-g-de-mujer\\\/\",\"url\":\"https:\\\/\\\/harleydavidsontoluca.com\\\/shop\\\/producto\\\/chaqueta-de-cuero-con-estampado-de-calavera-willie-g-de-mujer\\\/\",\"name\":\"CHAQUETA DE CUERO CON ESTAMPADO DE CALAVERA WILLIE G DE MUJER - Tienda oficial H-D Toluca\",\"isPartOf\":{\"@id\":\"https:\\\/\\\/harleydavidsontoluca.com\\\/shop\\\/#website\"},\"primaryImageOfPage\":{\"@id\":\"https:\\\/\\\/harleydavidsontoluca.com\\\/shop\\\/producto\\\/chaqueta-de-cuero-con-estampado-de-calavera-willie-g-de-mujer\\\/#primaryimage\"},\"image\":{\"@id\":\"https:\\\/\\\/harleydavidsontoluca.com\\\/shop\\\/producto\\\/chaqueta-de-cuero-con-estampado-de-calavera-willie-g-de-mujer\\\/#primaryimage\"},\"thumbnailUrl\":\"https:\\\/\\\/harleydavidsontoluca.com\\\/shop\\\/wp-content\\\/uploads\\\/2024\\\/07\\\/Untitled-Project-2024-07-25T110004.524.jpg\",\"datePublished\":\"2024-07-25T16:02:08+00:00\",\"dateModified\":\"2025-08-13T20:05:28+00:00\",\"breadcrumb\":{\"@id\":\"https:\\\/\\\/harleydavidsontoluca.com\\\/shop\\\/producto\\\/chaqueta-de-cuero-con-estampado-de-calavera-willie-g-de-mujer\\\/#breadcrumb\"},\"inLanguage\":\"es\",\"potentialAction\":[{\"@type\":\"ReadAction\",\"target\":[\"https:\\\/\\\/harleydavidsontoluca.com\\\/shop\\\/producto\\\/chaqueta-de-cuero-con-estampado-de-calavera-willie-g-de-mujer\\\/\"]}]},{\"@type\":\"ImageObject\",\"inLanguage\":\"es\",\"@id\":\"https:\\\/\\\/harleydavidsontoluca.com\\\/shop\\\/producto\\\/chaqueta-de-cuero-con-estampado-de-calavera-willie-g-de-mujer\\\/#primaryimage\",\"url\":\"https:\\\/\\\/harleydavidsontoluca.com\\\/shop\\\/wp-content\\\/uploads\\\/2024\\\/07\\\/Untitled-Project-2024-07-25T110004.524.jpg\",\"contentUrl\":\"https:\\\/\\\/harleydavidsontoluca.com\\\/shop\\\/wp-content\\\/uploads\\\/2024\\\/07\\\/Untitled-Project-2024-07-25T110004.524.jpg\",\"width\":1080,\"height\":1080},{\"@type\":\"BreadcrumbList\",\"@id\":\"https:\\\/\\\/harleydavidsontoluca.com\\\/shop\\\/producto\\\/chaqueta-de-cuero-con-estampado-de-calavera-willie-g-de-mujer\\\/#breadcrumb\",\"itemListElement\":[{\"@type\":\"ListItem\",\"position\":1,\"name\":\"Portada\",\"item\":\"https:\\\/\\\/harleydavidsontoluca.com\\\/shop\\\/\"},{\"@type\":\"ListItem\",\"position\":2,\"name\":\"Tienda\",\"item\":\"https:\\\/\\\/harleydavidsontoluca.com\\\/shop\\\/tienda\\\/\"},{\"@type\":\"ListItem\",\"position\":3,\"name\":\"CHAQUETA DE CUERO CON ESTAMPADO DE CALAVERA WILLIE G DE MUJER\"}]},{\"@type\":\"WebSite\",\"@id\":\"https:\\\/\\\/harleydavidsontoluca.com\\\/shop\\\/#website\",\"url\":\"https:\\\/\\\/harleydavidsontoluca.com\\\/shop\\\/\",\"name\":\"Shop H-D Toluca\",\"description\":\"Shop H-D Toluca\",\"publisher\":{\"@id\":\"https:\\\/\\\/harleydavidsontoluca.com\\\/shop\\\/#organization\"},\"potentialAction\":[{\"@type\":\"SearchAction\",\"target\":{\"@type\":\"EntryPoint\",\"urlTemplate\":\"https:\\\/\\\/harleydavidsontoluca.com\\\/shop\\\/?s={search_term_string}\"},\"query-input\":{\"@type\":\"PropertyValueSpecification\",\"valueRequired\":true,\"valueName\":\"search_term_string\"}}],\"inLanguage\":\"es\"},{\"@type\":\"Organization\",\"@id\":\"https:\\\/\\\/harleydavidsontoluca.com\\\/shop\\\/#organization\",\"name\":\"Concesionaria Central de Motos\",\"url\":\"https:\\\/\\\/harleydavidsontoluca.com\\\/shop\\\/\",\"logo\":{\"@type\":\"ImageObject\",\"inLanguage\":\"es\",\"@id\":\"https:\\\/\\\/harleydavidsontoluca.com\\\/shop\\\/#\\\/schema\\\/logo\\\/image\\\/\",\"url\":\"https:\\\/\\\/harleydavidsontoluca.com\\\/shop\\\/wp-content\\\/uploads\\\/2024\\\/02\\\/cropped-Logo-512.png\",\"contentUrl\":\"https:\\\/\\\/harleydavidsontoluca.com\\\/shop\\\/wp-content\\\/uploads\\\/2024\\\/02\\\/cropped-Logo-512.png\",\"width\":512,\"height\":512,\"caption\":\"Concesionaria Central de Motos\"},\"image\":{\"@id\":\"https:\\\/\\\/harleydavidsontoluca.com\\\/shop\\\/#\\\/schema\\\/logo\\\/image\\\/\"},\"sameAs\":[\"https:\\\/\\\/www.facebook.com\\\/HarleyDavidsonToluca\",\"https:\\\/\\\/www.instagram.com\\\/hdtoluca\\\/\"]}]}<\/script>\n<!-- \/ Yoast SEO plugin. -->","yoast_head_json":{"title":"CHAQUETA DE CUERO CON ESTAMPADO DE CALAVERA WILLIE G DE MUJER - Tienda oficial H-D Toluca","robots":{"index":"index","follow":"follow","max-snippet":"max-snippet:-1","max-image-preview":"max-image-preview:large","max-video-preview":"max-video-preview:-1"},"canonical":"https:\/\/harleydavidsontoluca.com\/shop\/producto\/chaqueta-de-cuero-con-estampado-de-calavera-willie-g-de-mujer\/","og_locale":"es_MX","og_type":"article","og_title":"CHAQUETA DE CUERO CON ESTAMPADO DE CALAVERA WILLIE G DE MUJER - Tienda oficial H-D Toluca","og_description":"La funcionalidad es un gui\u00f1o al legado creativo de nuestro ic\u00f3nico estilista en la chaqueta de montar de cuero con estampado de calavera Willie G. Cuenta sabiamente con protecci\u00f3n contra impactos ingr\u00e1vida de la armadura D3O Ghost en hombros y codos, un collar de airprene con leng\u00fceta retr\u00e1ctil y protector de garganta para mayor comodidad, ventilaci\u00f3n que da la bienvenida al aire y material reflectante para mayor visibilidad. Su aspecto elevado est\u00e1 dise\u00f1ado con acolchado de cuero y acabado con gr\u00e1ficos bordados y apliques. Conozca la historia: adem\u00e1s de la querida Calavera que adorna la parte trasera, Willie G.","og_url":"https:\/\/harleydavidsontoluca.com\/shop\/producto\/chaqueta-de-cuero-con-estampado-de-calavera-willie-g-de-mujer\/","og_site_name":"Tienda oficial H-D Toluca","article_publisher":"https:\/\/www.facebook.com\/HarleyDavidsonToluca","article_modified_time":"2025-08-13T20:05:28+00:00","og_image":[{"width":1080,"height":1080,"url":"https:\/\/harleydavidsontoluca.com\/shop\/wp-content\/uploads\/2024\/07\/Untitled-Project-2024-07-25T110004.524.jpg","type":"image\/jpeg"}],"twitter_card":"summary_large_image","twitter_misc":{"Tiempo de lectura":"1 minuto"},"schema":{"@context":"https:\/\/schema.org","@graph":[{"@type":"WebPage","@id":"https:\/\/harleydavidsontoluca.com\/shop\/producto\/chaqueta-de-cuero-con-estampado-de-calavera-willie-g-de-mujer\/","url":"https:\/\/harleydavidsontoluca.com\/shop\/producto\/chaqueta-de-cuero-con-estampado-de-calavera-willie-g-de-mujer\/","name":"CHAQUETA DE CUERO CON ESTAMPADO DE CALAVERA WILLIE G DE MUJER - Tienda oficial H-D Toluca","isPartOf":{"@id":"https:\/\/harleydavidsontoluca.com\/shop\/#website"},"primaryImageOfPage":{"@id":"https:\/\/harleydavidsontoluca.com\/shop\/producto\/chaqueta-de-cuero-con-estampado-de-calavera-willie-g-de-mujer\/#primaryimage"},"image":{"@id":"https:\/\/harleydavidsontoluca.com\/shop\/producto\/chaqueta-de-cuero-con-estampado-de-calavera-willie-g-de-mujer\/#primaryimage"},"thumbnailUrl":"https:\/\/harleydavidsontoluca.com\/shop\/wp-content\/uploads\/2024\/07\/Untitled-Project-2024-07-25T110004.524.jpg","datePublished":"2024-07-25T16:02:08+00:00","dateModified":"2025-08-13T20:05:28+00:00","breadcrumb":{"@id":"https:\/\/harleydavidsontoluca.com\/shop\/producto\/chaqueta-de-cuero-con-estampado-de-calavera-willie-g-de-mujer\/#breadcrumb"},"inLanguage":"es","potentialAction":[{"@type":"ReadAction","target":["https:\/\/harleydavidsontoluca.com\/shop\/producto\/chaqueta-de-cuero-con-estampado-de-calavera-willie-g-de-mujer\/"]}]},{"@type":"ImageObject","inLanguage":"es","@id":"https:\/\/harleydavidsontoluca.com\/shop\/producto\/chaqueta-de-cuero-con-estampado-de-calavera-willie-g-de-mujer\/#primaryimage","url":"https:\/\/harleydavidsontoluca.com\/shop\/wp-content\/uploads\/2024\/07\/Untitled-Project-2024-07-25T110004.524.jpg","contentUrl":"https:\/\/harleydavidsontoluca.com\/shop\/wp-content\/uploads\/2024\/07\/Untitled-Project-2024-07-25T110004.524.jpg","width":1080,"height":1080},{"@type":"BreadcrumbList","@id":"https:\/\/harleydavidsontoluca.com\/shop\/producto\/chaqueta-de-cuero-con-estampado-de-calavera-willie-g-de-mujer\/#breadcrumb","itemListElement":[{"@type":"ListItem","position":1,"name":"Portada","item":"https:\/\/harleydavidsontoluca.com\/shop\/"},{"@type":"ListItem","position":2,"name":"Tienda","item":"https:\/\/harleydavidsontoluca.com\/shop\/tienda\/"},{"@type":"ListItem","position":3,"name":"CHAQUETA DE CUERO CON ESTAMPADO DE CALAVERA WILLIE G DE MUJER"}]},{"@type":"WebSite","@id":"https:\/\/harleydavidsontoluca.com\/shop\/#website","url":"https:\/\/harleydavidsontoluca.com\/shop\/","name":"Shop H-D Toluca","description":"Shop H-D Toluca","publisher":{"@id":"https:\/\/harleydavidsontoluca.com\/shop\/#organization"},"potentialAction":[{"@type":"SearchAction","target":{"@type":"EntryPoint","urlTemplate":"https:\/\/harleydavidsontoluca.com\/shop\/?s={search_term_string}"},"query-input":{"@type":"PropertyValueSpecification","valueRequired":true,"valueName":"search_term_string"}}],"inLanguage":"es"},{"@type":"Organization","@id":"https:\/\/harleydavidsontoluca.com\/shop\/#organization","name":"Concesionaria Central de Motos","url":"https:\/\/harleydavidsontoluca.com\/shop\/","logo":{"@type":"ImageObject","inLanguage":"es","@id":"https:\/\/harleydavidsontoluca.com\/shop\/#\/schema\/logo\/image\/","url":"https:\/\/harleydavidsontoluca.com\/shop\/wp-content\/uploads\/2024\/02\/cropped-Logo-512.png","contentUrl":"https:\/\/harleydavidsontoluca.com\/shop\/wp-content\/uploads\/2024\/02\/cropped-Logo-512.png","width":512,"height":512,"caption":"Concesionaria Central de Motos"},"image":{"@id":"https:\/\/harleydavidsontoluca.com\/shop\/#\/schema\/logo\/image\/"},"sameAs":["https:\/\/www.facebook.com\/HarleyDavidsonToluca","https:\/\/www.instagram.com\/hdtoluca\/"]}]}},"_links":{"self":[{"href":"https:\/\/harleydavidsontoluca.com\/shop\/wp-json\/wp\/v2\/product\/46022","targetHints":{"allow":["GET"]}}],"collection":[{"href":"https:\/\/harleydavidsontoluca.com\/shop\/wp-json\/wp\/v2\/product"}],"about":[{"href":"https:\/\/harleydavidsontoluca.com\/shop\/wp-json\/wp\/v2\/types\/product"}],"wp:featuredmedia":[{"embeddable":true,"href":"https:\/\/harleydavidsontoluca.com\/shop\/wp-json\/wp\/v2\/media\/46030"}],"wp:attachment":[{"href":"https:\/\/harleydavidsontoluca.com\/shop\/wp-json\/wp\/v2\/media?parent=46022"}],"wp:term":[{"taxonomy":"product_brand","embeddable":true,"href":"https:\/\/harleydavidsontoluca.com\/shop\/wp-json\/wp\/v2\/product_brand?post=46022"},{"taxonomy":"product_cat","embeddable":true,"href":"https:\/\/harleydavidsontoluca.com\/shop\/wp-json\/wp\/v2\/product_cat?post=46022"},{"taxonomy":"product_tag","embeddable":true,"href":"https:\/\/harleydavidsontoluca.com\/shop\/wp-json\/wp\/v2\/product_tag?post=46022"}],"curies":[{"name":"wp","href":"https:\/\/api.w.org\/{rel}","templated":true}]}}