
{"id":46005,"date":"2024-07-25T10:33:29","date_gmt":"2024-07-25T15:33:29","guid":{"rendered":"https:\/\/harleydavidsontoluca.com\/shop\/?post_type=product&#038;p=46005"},"modified":"2026-03-05T16:42:52","modified_gmt":"2026-03-05T22:42:52","slug":"guantes-de-cuero-de-calavera-willie-g-para-hombre","status":"publish","type":"product","link":"https:\/\/harleydavidsontoluca.com\/shop\/producto\/guantes-de-cuero-de-calavera-willie-g-para-hombre\/","title":{"rendered":"GUANTES DE CUERO DE CALAVERA WILLIE G PARA HOMBRE"},"content":{"rendered":"<div class=\"mt-3\"><span>\u2022\u00a0<\/span><span class=\"b2\"><span>Ajuste y movilidad:\u00a0<\/span><\/span><span>dedos precurvados a 30\u00b0. Pu\u00f1o ajustable con tirador de cuero y cierre de velcro.<\/span><\/div>\n<div class=\"mt-3\"><span>\u2022\u00a0<\/span><span class=\"b2\"><span>Materiales:\u00a0<\/span><\/span><span>100% Piel de Cabra. Forro de Tricot.<\/span><\/div>\n<div class=\"mt-3\"><span>\u2022\u00a0<\/span><span class=\"b2\"><span>Caracter\u00edsticas adicionales:\u00a0<\/span><\/span><span>Palma acolchada. Armadura D3O Ghost en los nudillos. Compatible con pantalla t\u00e1ctil.<\/span><\/div>\n<div class=\"mt-3\"><span>\u2022\u00a0<\/span><span class=\"b2\"><span>Detalles de dise\u00f1o:\u00a0<\/span><\/span><span>Patr\u00f3n acolchado.<\/span><\/div>\n<div class=\"mt-3\"><span>\u2022\u00a0<\/span><span class=\"b2\"><span>Gr\u00e1ficos:\u00a0<\/span><\/span><span>En relieve.<\/span><\/div>\n<div class=\"mt-3\"><span>\u2022\u00a0<\/span><span class=\"b2\"><span>Certificaci\u00f3n:\u00a0<\/span><\/span><span>Certificado seg\u00fan EN 13594:2015, Nivel 1 con protecci\u00f3n en los nudillos.<\/span><\/div>\n","protected":false},"excerpt":{"rendered":"<p>Consiga una protecci\u00f3n que haga referencia al legado creativo de nuestro ic\u00f3nico dise\u00f1ador con los guantes de cuero para montar con calaveras de Willie G. Estos guantes para motociclista compatibles con pantallas t\u00e1ctiles, confeccionados con piel de cabra y con una mu\u00f1eca ajustable con velcro, cuentan con una protecci\u00f3n D3O Ghost en los nudillos y palmas acolchadas para minimizar el ruido de la carretera. Est\u00e1n acabados con costuras distintivas y el venerado gr\u00e1fico de calavera de Willie G grabado en relieve para una apariencia superior. Consiga el suyo antes de agotar existencias.<\/p>\n","protected":false},"featured_media":46010,"template":"","meta":[],"product_brand":[],"product_cat":[37,24],"product_tag":[],"class_list":{"0":"post-46005","1":"product","2":"type-product","3":"status-publish","4":"has-post-thumbnail","6":"product_cat-guantes","7":"product_cat-hombre","8":"pa_talla-l","9":"pa_talla-m","10":"pa_talla-s","11":"pa_talla-xl","13":"first","14":"instock","15":"taxable","16":"shipping-taxable","17":"purchasable","18":"product-type-variable"},"yoast_head":"<!-- This site is optimized with the Yoast SEO plugin v27.4 - https:\/\/yoast.com\/product\/yoast-seo-wordpress\/ -->\n<title>GUANTES DE CUERO DE CALAVERA WILLIE G PARA HOMBRE - Tienda oficial H-D Toluca<\/title>\n<meta name=\"robots\" content=\"index, follow, max-snippet:-1, max-image-preview:large, max-video-preview:-1\" \/>\n<link rel=\"canonical\" href=\"https:\/\/harleydavidsontoluca.com\/shop\/producto\/guantes-de-cuero-de-calavera-willie-g-para-hombre\/\" \/>\n<meta property=\"og:locale\" content=\"es_MX\" \/>\n<meta property=\"og:type\" content=\"article\" \/>\n<meta property=\"og:title\" content=\"GUANTES DE CUERO DE CALAVERA WILLIE G PARA HOMBRE - Tienda oficial H-D Toluca\" \/>\n<meta property=\"og:description\" content=\"Consiga una protecci\u00f3n que haga referencia al legado creativo de nuestro ic\u00f3nico dise\u00f1ador con los guantes de cuero para montar con calaveras de Willie G. Estos guantes para motociclista compatibles con pantallas t\u00e1ctiles, confeccionados con piel de cabra y con una mu\u00f1eca ajustable con velcro, cuentan con una protecci\u00f3n D3O Ghost en los nudillos y palmas acolchadas para minimizar el ruido de la carretera. Est\u00e1n acabados con costuras distintivas y el venerado gr\u00e1fico de calavera de Willie G grabado en relieve para una apariencia superior. Consiga el suyo antes de agotar existencias.\" \/>\n<meta property=\"og:url\" content=\"https:\/\/harleydavidsontoluca.com\/shop\/producto\/guantes-de-cuero-de-calavera-willie-g-para-hombre\/\" \/>\n<meta property=\"og:site_name\" content=\"Tienda oficial H-D Toluca\" \/>\n<meta property=\"article:publisher\" content=\"https:\/\/www.facebook.com\/HarleyDavidsonToluca\" \/>\n<meta property=\"article:modified_time\" content=\"2026-03-05T22:42:52+00:00\" \/>\n<meta property=\"og:image\" content=\"https:\/\/harleydavidsontoluca.com\/shop\/wp-content\/uploads\/2024\/07\/Untitled-Project-2024-07-25T103228.454.jpg\" \/>\n\t<meta property=\"og:image:width\" content=\"1080\" \/>\n\t<meta property=\"og:image:height\" content=\"1080\" \/>\n\t<meta property=\"og:image:type\" content=\"image\/jpeg\" \/>\n<meta name=\"twitter:card\" content=\"summary_large_image\" \/>\n<meta name=\"twitter:label1\" content=\"Tiempo de lectura\" \/>\n\t<meta name=\"twitter:data1\" content=\"1 minuto\" \/>\n<script type=\"application\/ld+json\" class=\"yoast-schema-graph\">{\"@context\":\"https:\\\/\\\/schema.org\",\"@graph\":[{\"@type\":\"WebPage\",\"@id\":\"https:\\\/\\\/harleydavidsontoluca.com\\\/shop\\\/producto\\\/guantes-de-cuero-de-calavera-willie-g-para-hombre\\\/\",\"url\":\"https:\\\/\\\/harleydavidsontoluca.com\\\/shop\\\/producto\\\/guantes-de-cuero-de-calavera-willie-g-para-hombre\\\/\",\"name\":\"GUANTES DE CUERO DE CALAVERA WILLIE G PARA HOMBRE - Tienda oficial H-D Toluca\",\"isPartOf\":{\"@id\":\"https:\\\/\\\/harleydavidsontoluca.com\\\/shop\\\/#website\"},\"primaryImageOfPage\":{\"@id\":\"https:\\\/\\\/harleydavidsontoluca.com\\\/shop\\\/producto\\\/guantes-de-cuero-de-calavera-willie-g-para-hombre\\\/#primaryimage\"},\"image\":{\"@id\":\"https:\\\/\\\/harleydavidsontoluca.com\\\/shop\\\/producto\\\/guantes-de-cuero-de-calavera-willie-g-para-hombre\\\/#primaryimage\"},\"thumbnailUrl\":\"https:\\\/\\\/harleydavidsontoluca.com\\\/shop\\\/wp-content\\\/uploads\\\/2024\\\/07\\\/Untitled-Project-2024-07-25T103228.454.jpg\",\"datePublished\":\"2024-07-25T15:33:29+00:00\",\"dateModified\":\"2026-03-05T22:42:52+00:00\",\"breadcrumb\":{\"@id\":\"https:\\\/\\\/harleydavidsontoluca.com\\\/shop\\\/producto\\\/guantes-de-cuero-de-calavera-willie-g-para-hombre\\\/#breadcrumb\"},\"inLanguage\":\"es\",\"potentialAction\":[{\"@type\":\"ReadAction\",\"target\":[\"https:\\\/\\\/harleydavidsontoluca.com\\\/shop\\\/producto\\\/guantes-de-cuero-de-calavera-willie-g-para-hombre\\\/\"]}]},{\"@type\":\"ImageObject\",\"inLanguage\":\"es\",\"@id\":\"https:\\\/\\\/harleydavidsontoluca.com\\\/shop\\\/producto\\\/guantes-de-cuero-de-calavera-willie-g-para-hombre\\\/#primaryimage\",\"url\":\"https:\\\/\\\/harleydavidsontoluca.com\\\/shop\\\/wp-content\\\/uploads\\\/2024\\\/07\\\/Untitled-Project-2024-07-25T103228.454.jpg\",\"contentUrl\":\"https:\\\/\\\/harleydavidsontoluca.com\\\/shop\\\/wp-content\\\/uploads\\\/2024\\\/07\\\/Untitled-Project-2024-07-25T103228.454.jpg\",\"width\":1080,\"height\":1080},{\"@type\":\"BreadcrumbList\",\"@id\":\"https:\\\/\\\/harleydavidsontoluca.com\\\/shop\\\/producto\\\/guantes-de-cuero-de-calavera-willie-g-para-hombre\\\/#breadcrumb\",\"itemListElement\":[{\"@type\":\"ListItem\",\"position\":1,\"name\":\"Portada\",\"item\":\"https:\\\/\\\/harleydavidsontoluca.com\\\/shop\\\/\"},{\"@type\":\"ListItem\",\"position\":2,\"name\":\"Tienda\",\"item\":\"https:\\\/\\\/harleydavidsontoluca.com\\\/shop\\\/tienda\\\/\"},{\"@type\":\"ListItem\",\"position\":3,\"name\":\"GUANTES DE CUERO DE CALAVERA WILLIE G PARA HOMBRE\"}]},{\"@type\":\"WebSite\",\"@id\":\"https:\\\/\\\/harleydavidsontoluca.com\\\/shop\\\/#website\",\"url\":\"https:\\\/\\\/harleydavidsontoluca.com\\\/shop\\\/\",\"name\":\"Shop H-D Toluca\",\"description\":\"Shop H-D Toluca\",\"publisher\":{\"@id\":\"https:\\\/\\\/harleydavidsontoluca.com\\\/shop\\\/#organization\"},\"potentialAction\":[{\"@type\":\"SearchAction\",\"target\":{\"@type\":\"EntryPoint\",\"urlTemplate\":\"https:\\\/\\\/harleydavidsontoluca.com\\\/shop\\\/?s={search_term_string}\"},\"query-input\":{\"@type\":\"PropertyValueSpecification\",\"valueRequired\":true,\"valueName\":\"search_term_string\"}}],\"inLanguage\":\"es\"},{\"@type\":\"Organization\",\"@id\":\"https:\\\/\\\/harleydavidsontoluca.com\\\/shop\\\/#organization\",\"name\":\"Concesionaria Central de Motos\",\"url\":\"https:\\\/\\\/harleydavidsontoluca.com\\\/shop\\\/\",\"logo\":{\"@type\":\"ImageObject\",\"inLanguage\":\"es\",\"@id\":\"https:\\\/\\\/harleydavidsontoluca.com\\\/shop\\\/#\\\/schema\\\/logo\\\/image\\\/\",\"url\":\"https:\\\/\\\/harleydavidsontoluca.com\\\/shop\\\/wp-content\\\/uploads\\\/2024\\\/02\\\/cropped-Logo-512.png\",\"contentUrl\":\"https:\\\/\\\/harleydavidsontoluca.com\\\/shop\\\/wp-content\\\/uploads\\\/2024\\\/02\\\/cropped-Logo-512.png\",\"width\":512,\"height\":512,\"caption\":\"Concesionaria Central de Motos\"},\"image\":{\"@id\":\"https:\\\/\\\/harleydavidsontoluca.com\\\/shop\\\/#\\\/schema\\\/logo\\\/image\\\/\"},\"sameAs\":[\"https:\\\/\\\/www.facebook.com\\\/HarleyDavidsonToluca\",\"https:\\\/\\\/www.instagram.com\\\/hdtoluca\\\/\"]}]}<\/script>\n<!-- \/ Yoast SEO plugin. -->","yoast_head_json":{"title":"GUANTES DE CUERO DE CALAVERA WILLIE G PARA HOMBRE - Tienda oficial H-D Toluca","robots":{"index":"index","follow":"follow","max-snippet":"max-snippet:-1","max-image-preview":"max-image-preview:large","max-video-preview":"max-video-preview:-1"},"canonical":"https:\/\/harleydavidsontoluca.com\/shop\/producto\/guantes-de-cuero-de-calavera-willie-g-para-hombre\/","og_locale":"es_MX","og_type":"article","og_title":"GUANTES DE CUERO DE CALAVERA WILLIE G PARA HOMBRE - Tienda oficial H-D Toluca","og_description":"Consiga una protecci\u00f3n que haga referencia al legado creativo de nuestro ic\u00f3nico dise\u00f1ador con los guantes de cuero para montar con calaveras de Willie G. Estos guantes para motociclista compatibles con pantallas t\u00e1ctiles, confeccionados con piel de cabra y con una mu\u00f1eca ajustable con velcro, cuentan con una protecci\u00f3n D3O Ghost en los nudillos y palmas acolchadas para minimizar el ruido de la carretera. Est\u00e1n acabados con costuras distintivas y el venerado gr\u00e1fico de calavera de Willie G grabado en relieve para una apariencia superior. Consiga el suyo antes de agotar existencias.","og_url":"https:\/\/harleydavidsontoluca.com\/shop\/producto\/guantes-de-cuero-de-calavera-willie-g-para-hombre\/","og_site_name":"Tienda oficial H-D Toluca","article_publisher":"https:\/\/www.facebook.com\/HarleyDavidsonToluca","article_modified_time":"2026-03-05T22:42:52+00:00","og_image":[{"width":1080,"height":1080,"url":"https:\/\/harleydavidsontoluca.com\/shop\/wp-content\/uploads\/2024\/07\/Untitled-Project-2024-07-25T103228.454.jpg","type":"image\/jpeg"}],"twitter_card":"summary_large_image","twitter_misc":{"Tiempo de lectura":"1 minuto"},"schema":{"@context":"https:\/\/schema.org","@graph":[{"@type":"WebPage","@id":"https:\/\/harleydavidsontoluca.com\/shop\/producto\/guantes-de-cuero-de-calavera-willie-g-para-hombre\/","url":"https:\/\/harleydavidsontoluca.com\/shop\/producto\/guantes-de-cuero-de-calavera-willie-g-para-hombre\/","name":"GUANTES DE CUERO DE CALAVERA WILLIE G PARA HOMBRE - Tienda oficial H-D Toluca","isPartOf":{"@id":"https:\/\/harleydavidsontoluca.com\/shop\/#website"},"primaryImageOfPage":{"@id":"https:\/\/harleydavidsontoluca.com\/shop\/producto\/guantes-de-cuero-de-calavera-willie-g-para-hombre\/#primaryimage"},"image":{"@id":"https:\/\/harleydavidsontoluca.com\/shop\/producto\/guantes-de-cuero-de-calavera-willie-g-para-hombre\/#primaryimage"},"thumbnailUrl":"https:\/\/harleydavidsontoluca.com\/shop\/wp-content\/uploads\/2024\/07\/Untitled-Project-2024-07-25T103228.454.jpg","datePublished":"2024-07-25T15:33:29+00:00","dateModified":"2026-03-05T22:42:52+00:00","breadcrumb":{"@id":"https:\/\/harleydavidsontoluca.com\/shop\/producto\/guantes-de-cuero-de-calavera-willie-g-para-hombre\/#breadcrumb"},"inLanguage":"es","potentialAction":[{"@type":"ReadAction","target":["https:\/\/harleydavidsontoluca.com\/shop\/producto\/guantes-de-cuero-de-calavera-willie-g-para-hombre\/"]}]},{"@type":"ImageObject","inLanguage":"es","@id":"https:\/\/harleydavidsontoluca.com\/shop\/producto\/guantes-de-cuero-de-calavera-willie-g-para-hombre\/#primaryimage","url":"https:\/\/harleydavidsontoluca.com\/shop\/wp-content\/uploads\/2024\/07\/Untitled-Project-2024-07-25T103228.454.jpg","contentUrl":"https:\/\/harleydavidsontoluca.com\/shop\/wp-content\/uploads\/2024\/07\/Untitled-Project-2024-07-25T103228.454.jpg","width":1080,"height":1080},{"@type":"BreadcrumbList","@id":"https:\/\/harleydavidsontoluca.com\/shop\/producto\/guantes-de-cuero-de-calavera-willie-g-para-hombre\/#breadcrumb","itemListElement":[{"@type":"ListItem","position":1,"name":"Portada","item":"https:\/\/harleydavidsontoluca.com\/shop\/"},{"@type":"ListItem","position":2,"name":"Tienda","item":"https:\/\/harleydavidsontoluca.com\/shop\/tienda\/"},{"@type":"ListItem","position":3,"name":"GUANTES DE CUERO DE CALAVERA WILLIE G PARA HOMBRE"}]},{"@type":"WebSite","@id":"https:\/\/harleydavidsontoluca.com\/shop\/#website","url":"https:\/\/harleydavidsontoluca.com\/shop\/","name":"Shop H-D Toluca","description":"Shop H-D Toluca","publisher":{"@id":"https:\/\/harleydavidsontoluca.com\/shop\/#organization"},"potentialAction":[{"@type":"SearchAction","target":{"@type":"EntryPoint","urlTemplate":"https:\/\/harleydavidsontoluca.com\/shop\/?s={search_term_string}"},"query-input":{"@type":"PropertyValueSpecification","valueRequired":true,"valueName":"search_term_string"}}],"inLanguage":"es"},{"@type":"Organization","@id":"https:\/\/harleydavidsontoluca.com\/shop\/#organization","name":"Concesionaria Central de Motos","url":"https:\/\/harleydavidsontoluca.com\/shop\/","logo":{"@type":"ImageObject","inLanguage":"es","@id":"https:\/\/harleydavidsontoluca.com\/shop\/#\/schema\/logo\/image\/","url":"https:\/\/harleydavidsontoluca.com\/shop\/wp-content\/uploads\/2024\/02\/cropped-Logo-512.png","contentUrl":"https:\/\/harleydavidsontoluca.com\/shop\/wp-content\/uploads\/2024\/02\/cropped-Logo-512.png","width":512,"height":512,"caption":"Concesionaria Central de Motos"},"image":{"@id":"https:\/\/harleydavidsontoluca.com\/shop\/#\/schema\/logo\/image\/"},"sameAs":["https:\/\/www.facebook.com\/HarleyDavidsonToluca","https:\/\/www.instagram.com\/hdtoluca\/"]}]}},"_links":{"self":[{"href":"https:\/\/harleydavidsontoluca.com\/shop\/wp-json\/wp\/v2\/product\/46005","targetHints":{"allow":["GET"]}}],"collection":[{"href":"https:\/\/harleydavidsontoluca.com\/shop\/wp-json\/wp\/v2\/product"}],"about":[{"href":"https:\/\/harleydavidsontoluca.com\/shop\/wp-json\/wp\/v2\/types\/product"}],"wp:featuredmedia":[{"embeddable":true,"href":"https:\/\/harleydavidsontoluca.com\/shop\/wp-json\/wp\/v2\/media\/46010"}],"wp:attachment":[{"href":"https:\/\/harleydavidsontoluca.com\/shop\/wp-json\/wp\/v2\/media?parent=46005"}],"wp:term":[{"taxonomy":"product_brand","embeddable":true,"href":"https:\/\/harleydavidsontoluca.com\/shop\/wp-json\/wp\/v2\/product_brand?post=46005"},{"taxonomy":"product_cat","embeddable":true,"href":"https:\/\/harleydavidsontoluca.com\/shop\/wp-json\/wp\/v2\/product_cat?post=46005"},{"taxonomy":"product_tag","embeddable":true,"href":"https:\/\/harleydavidsontoluca.com\/shop\/wp-json\/wp\/v2\/product_tag?post=46005"}],"curies":[{"name":"wp","href":"https:\/\/api.w.org\/{rel}","templated":true}]}}