
{"id":45936,"date":"2024-07-16T12:17:17","date_gmt":"2024-07-16T17:17:17","guid":{"rendered":"https:\/\/harleydavidsontoluca.com\/shop\/?post_type=product&#038;p=45936"},"modified":"2026-03-05T16:46:30","modified_gmt":"2026-03-05T22:46:30","slug":"campana-harley-davidson-classic-willie-g","status":"publish","type":"product","link":"https:\/\/harleydavidsontoluca.com\/shop\/producto\/campana-harley-davidson-classic-willie-g\/","title":{"rendered":"CAMPANA HARLEY-DAVIDSON CLASSIC WILLIE G"},"content":{"rendered":"<pre id=\"tw-target-text\" class=\"tw-data-text tw-text-large tw-ta\" dir=\"ltr\" data-placeholder=\"Traducci\u00f3n\" aria-label=\"Texto traducido\" data-ved=\"2ahUKEwirn5XX9quHAxUVEkQIHfN9DvkQ3ewLegQIBRAU\"><span class=\"Y2IQFc\" lang=\"es\">Campana Harley-Davidson Classic Willie G Skull Flames Ride\r\nHecho de metal.\r\nIncluye funda protectora de terciopelo negro.\r\nColor plateado.\r\nCampana de paseo Harley-Davidson<\/span><\/pre>\n","protected":false},"excerpt":{"rendered":"<p>Harley-Davidson Classic Willie G Skull Flames Ride Bell. La campana est\u00e1 hecha de metal. Incluye anillo para colgar y bolsa de fieltro con tarjeta de leyenda.<\/p>\n<p>La leyenda:<\/p>\n<p>La leyenda afirma que los Esp\u00edritus del Camino Maligno se han encerrado en motocicletas mientras haya bicicletas en la carretera. Estos Esp\u00edritus del Camino Maligno son responsables de problemas mec\u00e1nicos y mala suerte durante un viaje. Las leyendas dicen que al fijar una peque\u00f1a campana a tu bicicleta, los Esp\u00edritus del Camino Maligno se quedar\u00e1n atrapados dentro de la campana donde el constante timbre los vuelve locos, haci\u00e9ndolos perder su agarre hasta que caigan al piso. \u00bfAlguna vez te has preguntado de d\u00f3nde vienen los baches?)<\/p>\n<p>La leyenda dice que el misterio de la Campana Guardiana lleva el doble de poder cuando es comprado por un amigo o ser querido y dado como un regalo.<\/p>\n","protected":false},"featured_media":45937,"template":"","meta":[],"product_brand":[],"product_cat":[79],"product_tag":[],"class_list":{"0":"post-45936","1":"product","2":"type-product","3":"status-publish","4":"has-post-thumbnail","6":"product_cat-accesorios-hombre","8":"first","9":"instock","10":"taxable","11":"shipping-taxable","12":"purchasable","13":"product-type-simple"},"yoast_head":"<!-- This site is optimized with the Yoast SEO plugin v27.4 - https:\/\/yoast.com\/product\/yoast-seo-wordpress\/ -->\n<title>CAMPANA HARLEY-DAVIDSON CLASSIC WILLIE G - Tienda oficial H-D Toluca<\/title>\n<meta name=\"robots\" content=\"index, follow, max-snippet:-1, max-image-preview:large, max-video-preview:-1\" \/>\n<link rel=\"canonical\" href=\"https:\/\/harleydavidsontoluca.com\/shop\/producto\/campana-harley-davidson-classic-willie-g\/\" \/>\n<meta property=\"og:locale\" content=\"es_MX\" \/>\n<meta property=\"og:type\" content=\"article\" \/>\n<meta property=\"og:title\" content=\"CAMPANA HARLEY-DAVIDSON CLASSIC WILLIE G - Tienda oficial H-D Toluca\" \/>\n<meta property=\"og:description\" content=\"Harley-Davidson Classic Willie G Skull Flames Ride Bell. La campana est\u00e1 hecha de metal. Incluye anillo para colgar y bolsa de fieltro con tarjeta de leyenda.  La leyenda:  La leyenda afirma que los Esp\u00edritus del Camino Maligno se han encerrado en motocicletas mientras haya bicicletas en la carretera. Estos Esp\u00edritus del Camino Maligno son responsables de problemas mec\u00e1nicos y mala suerte durante un viaje. Las leyendas dicen que al fijar una peque\u00f1a campana a tu bicicleta, los Esp\u00edritus del Camino Maligno se quedar\u00e1n atrapados dentro de la campana donde el constante timbre los vuelve locos, haci\u00e9ndolos perder su agarre hasta que caigan al piso. \u00bfAlguna vez te has preguntado de d\u00f3nde vienen los baches?)  La leyenda dice que el misterio de la Campana Guardiana lleva el doble de poder cuando es comprado por un amigo o ser querido y dado como un regalo.\" \/>\n<meta property=\"og:url\" content=\"https:\/\/harleydavidsontoluca.com\/shop\/producto\/campana-harley-davidson-classic-willie-g\/\" \/>\n<meta property=\"og:site_name\" content=\"Tienda oficial H-D Toluca\" \/>\n<meta property=\"article:publisher\" content=\"https:\/\/www.facebook.com\/HarleyDavidsonToluca\" \/>\n<meta property=\"article:modified_time\" content=\"2026-03-05T22:46:30+00:00\" \/>\n<meta property=\"og:image\" content=\"https:\/\/harleydavidsontoluca.com\/shop\/wp-content\/uploads\/2024\/07\/Untitled-Project-2024-07-16T121651.775.jpg\" \/>\n\t<meta property=\"og:image:width\" content=\"1080\" \/>\n\t<meta property=\"og:image:height\" content=\"1080\" \/>\n\t<meta property=\"og:image:type\" content=\"image\/jpeg\" \/>\n<meta name=\"twitter:card\" content=\"summary_large_image\" \/>\n<meta name=\"twitter:label1\" content=\"Tiempo de lectura\" \/>\n\t<meta name=\"twitter:data1\" content=\"1 minuto\" \/>\n<script type=\"application\/ld+json\" class=\"yoast-schema-graph\">{\"@context\":\"https:\\\/\\\/schema.org\",\"@graph\":[{\"@type\":\"WebPage\",\"@id\":\"https:\\\/\\\/harleydavidsontoluca.com\\\/shop\\\/producto\\\/campana-harley-davidson-classic-willie-g\\\/\",\"url\":\"https:\\\/\\\/harleydavidsontoluca.com\\\/shop\\\/producto\\\/campana-harley-davidson-classic-willie-g\\\/\",\"name\":\"CAMPANA HARLEY-DAVIDSON CLASSIC WILLIE G - Tienda oficial H-D Toluca\",\"isPartOf\":{\"@id\":\"https:\\\/\\\/harleydavidsontoluca.com\\\/shop\\\/#website\"},\"primaryImageOfPage\":{\"@id\":\"https:\\\/\\\/harleydavidsontoluca.com\\\/shop\\\/producto\\\/campana-harley-davidson-classic-willie-g\\\/#primaryimage\"},\"image\":{\"@id\":\"https:\\\/\\\/harleydavidsontoluca.com\\\/shop\\\/producto\\\/campana-harley-davidson-classic-willie-g\\\/#primaryimage\"},\"thumbnailUrl\":\"https:\\\/\\\/harleydavidsontoluca.com\\\/shop\\\/wp-content\\\/uploads\\\/2024\\\/07\\\/Untitled-Project-2024-07-16T121651.775.jpg\",\"datePublished\":\"2024-07-16T17:17:17+00:00\",\"dateModified\":\"2026-03-05T22:46:30+00:00\",\"breadcrumb\":{\"@id\":\"https:\\\/\\\/harleydavidsontoluca.com\\\/shop\\\/producto\\\/campana-harley-davidson-classic-willie-g\\\/#breadcrumb\"},\"inLanguage\":\"es\",\"potentialAction\":[{\"@type\":\"ReadAction\",\"target\":[\"https:\\\/\\\/harleydavidsontoluca.com\\\/shop\\\/producto\\\/campana-harley-davidson-classic-willie-g\\\/\"]}]},{\"@type\":\"ImageObject\",\"inLanguage\":\"es\",\"@id\":\"https:\\\/\\\/harleydavidsontoluca.com\\\/shop\\\/producto\\\/campana-harley-davidson-classic-willie-g\\\/#primaryimage\",\"url\":\"https:\\\/\\\/harleydavidsontoluca.com\\\/shop\\\/wp-content\\\/uploads\\\/2024\\\/07\\\/Untitled-Project-2024-07-16T121651.775.jpg\",\"contentUrl\":\"https:\\\/\\\/harleydavidsontoluca.com\\\/shop\\\/wp-content\\\/uploads\\\/2024\\\/07\\\/Untitled-Project-2024-07-16T121651.775.jpg\",\"width\":1080,\"height\":1080},{\"@type\":\"BreadcrumbList\",\"@id\":\"https:\\\/\\\/harleydavidsontoluca.com\\\/shop\\\/producto\\\/campana-harley-davidson-classic-willie-g\\\/#breadcrumb\",\"itemListElement\":[{\"@type\":\"ListItem\",\"position\":1,\"name\":\"Portada\",\"item\":\"https:\\\/\\\/harleydavidsontoluca.com\\\/shop\\\/\"},{\"@type\":\"ListItem\",\"position\":2,\"name\":\"Tienda\",\"item\":\"https:\\\/\\\/harleydavidsontoluca.com\\\/shop\\\/tienda\\\/\"},{\"@type\":\"ListItem\",\"position\":3,\"name\":\"CAMPANA HARLEY-DAVIDSON CLASSIC WILLIE G\"}]},{\"@type\":\"WebSite\",\"@id\":\"https:\\\/\\\/harleydavidsontoluca.com\\\/shop\\\/#website\",\"url\":\"https:\\\/\\\/harleydavidsontoluca.com\\\/shop\\\/\",\"name\":\"Shop H-D Toluca\",\"description\":\"Shop H-D Toluca\",\"publisher\":{\"@id\":\"https:\\\/\\\/harleydavidsontoluca.com\\\/shop\\\/#organization\"},\"potentialAction\":[{\"@type\":\"SearchAction\",\"target\":{\"@type\":\"EntryPoint\",\"urlTemplate\":\"https:\\\/\\\/harleydavidsontoluca.com\\\/shop\\\/?s={search_term_string}\"},\"query-input\":{\"@type\":\"PropertyValueSpecification\",\"valueRequired\":true,\"valueName\":\"search_term_string\"}}],\"inLanguage\":\"es\"},{\"@type\":\"Organization\",\"@id\":\"https:\\\/\\\/harleydavidsontoluca.com\\\/shop\\\/#organization\",\"name\":\"Concesionaria Central de Motos\",\"url\":\"https:\\\/\\\/harleydavidsontoluca.com\\\/shop\\\/\",\"logo\":{\"@type\":\"ImageObject\",\"inLanguage\":\"es\",\"@id\":\"https:\\\/\\\/harleydavidsontoluca.com\\\/shop\\\/#\\\/schema\\\/logo\\\/image\\\/\",\"url\":\"https:\\\/\\\/harleydavidsontoluca.com\\\/shop\\\/wp-content\\\/uploads\\\/2024\\\/02\\\/cropped-Logo-512.png\",\"contentUrl\":\"https:\\\/\\\/harleydavidsontoluca.com\\\/shop\\\/wp-content\\\/uploads\\\/2024\\\/02\\\/cropped-Logo-512.png\",\"width\":512,\"height\":512,\"caption\":\"Concesionaria Central de Motos\"},\"image\":{\"@id\":\"https:\\\/\\\/harleydavidsontoluca.com\\\/shop\\\/#\\\/schema\\\/logo\\\/image\\\/\"},\"sameAs\":[\"https:\\\/\\\/www.facebook.com\\\/HarleyDavidsonToluca\",\"https:\\\/\\\/www.instagram.com\\\/hdtoluca\\\/\"]}]}<\/script>\n<!-- \/ Yoast SEO plugin. -->","yoast_head_json":{"title":"CAMPANA HARLEY-DAVIDSON CLASSIC WILLIE G - Tienda oficial H-D Toluca","robots":{"index":"index","follow":"follow","max-snippet":"max-snippet:-1","max-image-preview":"max-image-preview:large","max-video-preview":"max-video-preview:-1"},"canonical":"https:\/\/harleydavidsontoluca.com\/shop\/producto\/campana-harley-davidson-classic-willie-g\/","og_locale":"es_MX","og_type":"article","og_title":"CAMPANA HARLEY-DAVIDSON CLASSIC WILLIE G - Tienda oficial H-D Toluca","og_description":"Harley-Davidson Classic Willie G Skull Flames Ride Bell. La campana est\u00e1 hecha de metal. Incluye anillo para colgar y bolsa de fieltro con tarjeta de leyenda.  La leyenda:  La leyenda afirma que los Esp\u00edritus del Camino Maligno se han encerrado en motocicletas mientras haya bicicletas en la carretera. Estos Esp\u00edritus del Camino Maligno son responsables de problemas mec\u00e1nicos y mala suerte durante un viaje. Las leyendas dicen que al fijar una peque\u00f1a campana a tu bicicleta, los Esp\u00edritus del Camino Maligno se quedar\u00e1n atrapados dentro de la campana donde el constante timbre los vuelve locos, haci\u00e9ndolos perder su agarre hasta que caigan al piso. \u00bfAlguna vez te has preguntado de d\u00f3nde vienen los baches?)  La leyenda dice que el misterio de la Campana Guardiana lleva el doble de poder cuando es comprado por un amigo o ser querido y dado como un regalo.","og_url":"https:\/\/harleydavidsontoluca.com\/shop\/producto\/campana-harley-davidson-classic-willie-g\/","og_site_name":"Tienda oficial H-D Toluca","article_publisher":"https:\/\/www.facebook.com\/HarleyDavidsonToluca","article_modified_time":"2026-03-05T22:46:30+00:00","og_image":[{"width":1080,"height":1080,"url":"https:\/\/harleydavidsontoluca.com\/shop\/wp-content\/uploads\/2024\/07\/Untitled-Project-2024-07-16T121651.775.jpg","type":"image\/jpeg"}],"twitter_card":"summary_large_image","twitter_misc":{"Tiempo de lectura":"1 minuto"},"schema":{"@context":"https:\/\/schema.org","@graph":[{"@type":"WebPage","@id":"https:\/\/harleydavidsontoluca.com\/shop\/producto\/campana-harley-davidson-classic-willie-g\/","url":"https:\/\/harleydavidsontoluca.com\/shop\/producto\/campana-harley-davidson-classic-willie-g\/","name":"CAMPANA HARLEY-DAVIDSON CLASSIC WILLIE G - Tienda oficial H-D Toluca","isPartOf":{"@id":"https:\/\/harleydavidsontoluca.com\/shop\/#website"},"primaryImageOfPage":{"@id":"https:\/\/harleydavidsontoluca.com\/shop\/producto\/campana-harley-davidson-classic-willie-g\/#primaryimage"},"image":{"@id":"https:\/\/harleydavidsontoluca.com\/shop\/producto\/campana-harley-davidson-classic-willie-g\/#primaryimage"},"thumbnailUrl":"https:\/\/harleydavidsontoluca.com\/shop\/wp-content\/uploads\/2024\/07\/Untitled-Project-2024-07-16T121651.775.jpg","datePublished":"2024-07-16T17:17:17+00:00","dateModified":"2026-03-05T22:46:30+00:00","breadcrumb":{"@id":"https:\/\/harleydavidsontoluca.com\/shop\/producto\/campana-harley-davidson-classic-willie-g\/#breadcrumb"},"inLanguage":"es","potentialAction":[{"@type":"ReadAction","target":["https:\/\/harleydavidsontoluca.com\/shop\/producto\/campana-harley-davidson-classic-willie-g\/"]}]},{"@type":"ImageObject","inLanguage":"es","@id":"https:\/\/harleydavidsontoluca.com\/shop\/producto\/campana-harley-davidson-classic-willie-g\/#primaryimage","url":"https:\/\/harleydavidsontoluca.com\/shop\/wp-content\/uploads\/2024\/07\/Untitled-Project-2024-07-16T121651.775.jpg","contentUrl":"https:\/\/harleydavidsontoluca.com\/shop\/wp-content\/uploads\/2024\/07\/Untitled-Project-2024-07-16T121651.775.jpg","width":1080,"height":1080},{"@type":"BreadcrumbList","@id":"https:\/\/harleydavidsontoluca.com\/shop\/producto\/campana-harley-davidson-classic-willie-g\/#breadcrumb","itemListElement":[{"@type":"ListItem","position":1,"name":"Portada","item":"https:\/\/harleydavidsontoluca.com\/shop\/"},{"@type":"ListItem","position":2,"name":"Tienda","item":"https:\/\/harleydavidsontoluca.com\/shop\/tienda\/"},{"@type":"ListItem","position":3,"name":"CAMPANA HARLEY-DAVIDSON CLASSIC WILLIE G"}]},{"@type":"WebSite","@id":"https:\/\/harleydavidsontoluca.com\/shop\/#website","url":"https:\/\/harleydavidsontoluca.com\/shop\/","name":"Shop H-D Toluca","description":"Shop H-D Toluca","publisher":{"@id":"https:\/\/harleydavidsontoluca.com\/shop\/#organization"},"potentialAction":[{"@type":"SearchAction","target":{"@type":"EntryPoint","urlTemplate":"https:\/\/harleydavidsontoluca.com\/shop\/?s={search_term_string}"},"query-input":{"@type":"PropertyValueSpecification","valueRequired":true,"valueName":"search_term_string"}}],"inLanguage":"es"},{"@type":"Organization","@id":"https:\/\/harleydavidsontoluca.com\/shop\/#organization","name":"Concesionaria Central de Motos","url":"https:\/\/harleydavidsontoluca.com\/shop\/","logo":{"@type":"ImageObject","inLanguage":"es","@id":"https:\/\/harleydavidsontoluca.com\/shop\/#\/schema\/logo\/image\/","url":"https:\/\/harleydavidsontoluca.com\/shop\/wp-content\/uploads\/2024\/02\/cropped-Logo-512.png","contentUrl":"https:\/\/harleydavidsontoluca.com\/shop\/wp-content\/uploads\/2024\/02\/cropped-Logo-512.png","width":512,"height":512,"caption":"Concesionaria Central de Motos"},"image":{"@id":"https:\/\/harleydavidsontoluca.com\/shop\/#\/schema\/logo\/image\/"},"sameAs":["https:\/\/www.facebook.com\/HarleyDavidsonToluca","https:\/\/www.instagram.com\/hdtoluca\/"]}]}},"_links":{"self":[{"href":"https:\/\/harleydavidsontoluca.com\/shop\/wp-json\/wp\/v2\/product\/45936","targetHints":{"allow":["GET"]}}],"collection":[{"href":"https:\/\/harleydavidsontoluca.com\/shop\/wp-json\/wp\/v2\/product"}],"about":[{"href":"https:\/\/harleydavidsontoluca.com\/shop\/wp-json\/wp\/v2\/types\/product"}],"wp:featuredmedia":[{"embeddable":true,"href":"https:\/\/harleydavidsontoluca.com\/shop\/wp-json\/wp\/v2\/media\/45937"}],"wp:attachment":[{"href":"https:\/\/harleydavidsontoluca.com\/shop\/wp-json\/wp\/v2\/media?parent=45936"}],"wp:term":[{"taxonomy":"product_brand","embeddable":true,"href":"https:\/\/harleydavidsontoluca.com\/shop\/wp-json\/wp\/v2\/product_brand?post=45936"},{"taxonomy":"product_cat","embeddable":true,"href":"https:\/\/harleydavidsontoluca.com\/shop\/wp-json\/wp\/v2\/product_cat?post=45936"},{"taxonomy":"product_tag","embeddable":true,"href":"https:\/\/harleydavidsontoluca.com\/shop\/wp-json\/wp\/v2\/product_tag?post=45936"}],"curies":[{"name":"wp","href":"https:\/\/api.w.org\/{rel}","templated":true}]}}