
{"id":45910,"date":"2024-07-16T11:06:22","date_gmt":"2024-07-16T16:06:22","guid":{"rendered":"https:\/\/harleydavidsontoluca.com\/shop\/?post_type=product&#038;p=45910"},"modified":"2025-12-23T14:29:52","modified_gmt":"2025-12-23T20:29:52","slug":"campana-harley-davidson-calavera-skull","status":"publish","type":"product","link":"https:\/\/harleydavidsontoluca.com\/shop\/producto\/campana-harley-davidson-calavera-skull\/","title":{"rendered":"CAMPANA HARLEY-DAVIDSON CALAVERA SKULL"},"content":{"rendered":"<pre id=\"tw-target-text\" class=\"tw-data-text tw-text-large tw-ta\" dir=\"ltr\" data-placeholder=\"Traducci\u00f3n\" aria-label=\"Texto traducido\" data-ved=\"2ahUKEwirn5XX9quHAxUVEkQIHfN9DvkQ3ewLegQIBRAU\"><span class=\"Y2IQFc\" lang=\"es\">Hecho de acero inoxidable duradero\r\nAcabado liso y plateado.\r\nForma de calavera esculpida.\r\nIncluye funda protectora de terciopelo negro.\r\nCuenta la leyenda que la misteriosa campana GuardianTM tiene el doble de poder cuando la compra un amigo o un ser querido y la regala.<\/span><\/pre>\n","protected":false},"excerpt":{"rendered":"<pre id=\"tw-target-text\" class=\"tw-data-text tw-text-large tw-ta\" dir=\"ltr\" data-placeholder=\"Traducci\u00f3n\" aria-label=\"Texto traducido\" data-ved=\"2ahUKEwirn5XX9quHAxUVEkQIHfN9DvkQ3ewLegQIBRAU\"><span class=\"Y2IQFc\" lang=\"es\">Campana Skull Ride Harley-Davidson\u00ae Calavera - Plata, HRB104. Impresionante Willie G Skull con texto Harley\u00ae en el frente. Hecho de acero inoxidable duradero. Incluye anilla para colgar.\r\nLa leyenda:\r\n\r\nLa leyenda afirma que los esp\u00edritus malignos de la carretera se han aferrado a las motocicletas desde que hay bicicletas en la carretera. Estos esp\u00edritus del mal camino son responsables de los problemas mec\u00e1nicos y la mala suerte a lo largo del viaje. Las leyendas contin\u00faan diciendo que al colocar una peque\u00f1a campana en tu bicicleta, los esp\u00edritus malignos del camino quedar\u00e1n atrapados dentro de la campana, donde el sonido constante los vuelve locos, haci\u00e9ndoles perder el control hasta caer al suelo. (\u00bfAlguna vez te has preguntado de d\u00f3nde vienen los baches?)<\/span><\/pre>\n","protected":false},"featured_media":45911,"template":"","meta":[],"product_brand":[],"product_cat":[79],"product_tag":[],"class_list":{"0":"post-45910","1":"product","2":"type-product","3":"status-publish","4":"has-post-thumbnail","6":"product_cat-accesorios-hombre","8":"first","9":"outofstock","10":"taxable","11":"shipping-taxable","12":"purchasable","13":"product-type-simple"},"yoast_head":"<!-- This site is optimized with the Yoast SEO plugin v27.3 - https:\/\/yoast.com\/product\/yoast-seo-wordpress\/ -->\n<title>CAMPANA HARLEY-DAVIDSON CALAVERA SKULL - Tienda oficial H-D Toluca<\/title>\n<meta name=\"robots\" content=\"index, follow, max-snippet:-1, max-image-preview:large, max-video-preview:-1\" \/>\n<link rel=\"canonical\" href=\"https:\/\/harleydavidsontoluca.com\/shop\/producto\/campana-harley-davidson-calavera-skull\/\" \/>\n<meta property=\"og:locale\" content=\"es_MX\" \/>\n<meta property=\"og:type\" content=\"article\" \/>\n<meta property=\"og:title\" content=\"CAMPANA HARLEY-DAVIDSON CALAVERA SKULL - Tienda oficial H-D Toluca\" \/>\n<meta property=\"og:description\" content=\"Campana Skull Ride Harley-Davidson\u00ae Calavera - Plata, HRB104. Impresionante Willie G Skull con texto Harley\u00ae en el frente. Hecho de acero inoxidable duradero. Incluye anilla para colgar. La leyenda:  La leyenda afirma que los esp\u00edritus malignos de la carretera se han aferrado a las motocicletas desde que hay bicicletas en la carretera. Estos esp\u00edritus del mal camino son responsables de los problemas mec\u00e1nicos y la mala suerte a lo largo del viaje. Las leyendas contin\u00faan diciendo que al colocar una peque\u00f1a campana en tu bicicleta, los esp\u00edritus malignos del camino quedar\u00e1n atrapados dentro de la campana, donde el sonido constante los vuelve locos, haci\u00e9ndoles perder el control hasta caer al suelo. (\u00bfAlguna vez te has preguntado de d\u00f3nde vienen los baches?)\" \/>\n<meta property=\"og:url\" content=\"https:\/\/harleydavidsontoluca.com\/shop\/producto\/campana-harley-davidson-calavera-skull\/\" \/>\n<meta property=\"og:site_name\" content=\"Tienda oficial H-D Toluca\" \/>\n<meta property=\"article:publisher\" content=\"https:\/\/www.facebook.com\/HarleyDavidsonToluca\" \/>\n<meta property=\"article:modified_time\" content=\"2025-12-23T20:29:52+00:00\" \/>\n<meta property=\"og:image\" content=\"https:\/\/harleydavidsontoluca.com\/shop\/wp-content\/uploads\/2024\/07\/Untitled-Project-2024-07-16T104629.653.jpg\" \/>\n\t<meta property=\"og:image:width\" content=\"1080\" \/>\n\t<meta property=\"og:image:height\" content=\"1080\" \/>\n\t<meta property=\"og:image:type\" content=\"image\/jpeg\" \/>\n<meta name=\"twitter:card\" content=\"summary_large_image\" \/>\n<meta name=\"twitter:label1\" content=\"Tiempo de lectura\" \/>\n\t<meta name=\"twitter:data1\" content=\"1 minuto\" \/>\n<script type=\"application\/ld+json\" class=\"yoast-schema-graph\">{\"@context\":\"https:\\\/\\\/schema.org\",\"@graph\":[{\"@type\":\"WebPage\",\"@id\":\"https:\\\/\\\/harleydavidsontoluca.com\\\/shop\\\/producto\\\/campana-harley-davidson-calavera-skull\\\/\",\"url\":\"https:\\\/\\\/harleydavidsontoluca.com\\\/shop\\\/producto\\\/campana-harley-davidson-calavera-skull\\\/\",\"name\":\"CAMPANA HARLEY-DAVIDSON CALAVERA SKULL - Tienda oficial H-D Toluca\",\"isPartOf\":{\"@id\":\"https:\\\/\\\/harleydavidsontoluca.com\\\/shop\\\/#website\"},\"primaryImageOfPage\":{\"@id\":\"https:\\\/\\\/harleydavidsontoluca.com\\\/shop\\\/producto\\\/campana-harley-davidson-calavera-skull\\\/#primaryimage\"},\"image\":{\"@id\":\"https:\\\/\\\/harleydavidsontoluca.com\\\/shop\\\/producto\\\/campana-harley-davidson-calavera-skull\\\/#primaryimage\"},\"thumbnailUrl\":\"https:\\\/\\\/harleydavidsontoluca.com\\\/shop\\\/wp-content\\\/uploads\\\/2024\\\/07\\\/Untitled-Project-2024-07-16T104629.653.jpg\",\"datePublished\":\"2024-07-16T16:06:22+00:00\",\"dateModified\":\"2025-12-23T20:29:52+00:00\",\"breadcrumb\":{\"@id\":\"https:\\\/\\\/harleydavidsontoluca.com\\\/shop\\\/producto\\\/campana-harley-davidson-calavera-skull\\\/#breadcrumb\"},\"inLanguage\":\"es\",\"potentialAction\":[{\"@type\":\"ReadAction\",\"target\":[\"https:\\\/\\\/harleydavidsontoluca.com\\\/shop\\\/producto\\\/campana-harley-davidson-calavera-skull\\\/\"]}]},{\"@type\":\"ImageObject\",\"inLanguage\":\"es\",\"@id\":\"https:\\\/\\\/harleydavidsontoluca.com\\\/shop\\\/producto\\\/campana-harley-davidson-calavera-skull\\\/#primaryimage\",\"url\":\"https:\\\/\\\/harleydavidsontoluca.com\\\/shop\\\/wp-content\\\/uploads\\\/2024\\\/07\\\/Untitled-Project-2024-07-16T104629.653.jpg\",\"contentUrl\":\"https:\\\/\\\/harleydavidsontoluca.com\\\/shop\\\/wp-content\\\/uploads\\\/2024\\\/07\\\/Untitled-Project-2024-07-16T104629.653.jpg\",\"width\":1080,\"height\":1080},{\"@type\":\"BreadcrumbList\",\"@id\":\"https:\\\/\\\/harleydavidsontoluca.com\\\/shop\\\/producto\\\/campana-harley-davidson-calavera-skull\\\/#breadcrumb\",\"itemListElement\":[{\"@type\":\"ListItem\",\"position\":1,\"name\":\"Portada\",\"item\":\"https:\\\/\\\/harleydavidsontoluca.com\\\/shop\\\/\"},{\"@type\":\"ListItem\",\"position\":2,\"name\":\"Tienda\",\"item\":\"https:\\\/\\\/harleydavidsontoluca.com\\\/shop\\\/tienda\\\/\"},{\"@type\":\"ListItem\",\"position\":3,\"name\":\"CAMPANA HARLEY-DAVIDSON CALAVERA SKULL\"}]},{\"@type\":\"WebSite\",\"@id\":\"https:\\\/\\\/harleydavidsontoluca.com\\\/shop\\\/#website\",\"url\":\"https:\\\/\\\/harleydavidsontoluca.com\\\/shop\\\/\",\"name\":\"Shop H-D Toluca\",\"description\":\"Shop H-D Toluca\",\"publisher\":{\"@id\":\"https:\\\/\\\/harleydavidsontoluca.com\\\/shop\\\/#organization\"},\"potentialAction\":[{\"@type\":\"SearchAction\",\"target\":{\"@type\":\"EntryPoint\",\"urlTemplate\":\"https:\\\/\\\/harleydavidsontoluca.com\\\/shop\\\/?s={search_term_string}\"},\"query-input\":{\"@type\":\"PropertyValueSpecification\",\"valueRequired\":true,\"valueName\":\"search_term_string\"}}],\"inLanguage\":\"es\"},{\"@type\":\"Organization\",\"@id\":\"https:\\\/\\\/harleydavidsontoluca.com\\\/shop\\\/#organization\",\"name\":\"Concesionaria Central de Motos\",\"url\":\"https:\\\/\\\/harleydavidsontoluca.com\\\/shop\\\/\",\"logo\":{\"@type\":\"ImageObject\",\"inLanguage\":\"es\",\"@id\":\"https:\\\/\\\/harleydavidsontoluca.com\\\/shop\\\/#\\\/schema\\\/logo\\\/image\\\/\",\"url\":\"https:\\\/\\\/harleydavidsontoluca.com\\\/shop\\\/wp-content\\\/uploads\\\/2024\\\/02\\\/cropped-Logo-512.png\",\"contentUrl\":\"https:\\\/\\\/harleydavidsontoluca.com\\\/shop\\\/wp-content\\\/uploads\\\/2024\\\/02\\\/cropped-Logo-512.png\",\"width\":512,\"height\":512,\"caption\":\"Concesionaria Central de Motos\"},\"image\":{\"@id\":\"https:\\\/\\\/harleydavidsontoluca.com\\\/shop\\\/#\\\/schema\\\/logo\\\/image\\\/\"},\"sameAs\":[\"https:\\\/\\\/www.facebook.com\\\/HarleyDavidsonToluca\",\"https:\\\/\\\/www.instagram.com\\\/hdtoluca\\\/\"]}]}<\/script>\n<!-- \/ Yoast SEO plugin. -->","yoast_head_json":{"title":"CAMPANA HARLEY-DAVIDSON CALAVERA SKULL - Tienda oficial H-D Toluca","robots":{"index":"index","follow":"follow","max-snippet":"max-snippet:-1","max-image-preview":"max-image-preview:large","max-video-preview":"max-video-preview:-1"},"canonical":"https:\/\/harleydavidsontoluca.com\/shop\/producto\/campana-harley-davidson-calavera-skull\/","og_locale":"es_MX","og_type":"article","og_title":"CAMPANA HARLEY-DAVIDSON CALAVERA SKULL - Tienda oficial H-D Toluca","og_description":"Campana Skull Ride Harley-Davidson\u00ae Calavera - Plata, HRB104. Impresionante Willie G Skull con texto Harley\u00ae en el frente. Hecho de acero inoxidable duradero. Incluye anilla para colgar. La leyenda:  La leyenda afirma que los esp\u00edritus malignos de la carretera se han aferrado a las motocicletas desde que hay bicicletas en la carretera. Estos esp\u00edritus del mal camino son responsables de los problemas mec\u00e1nicos y la mala suerte a lo largo del viaje. Las leyendas contin\u00faan diciendo que al colocar una peque\u00f1a campana en tu bicicleta, los esp\u00edritus malignos del camino quedar\u00e1n atrapados dentro de la campana, donde el sonido constante los vuelve locos, haci\u00e9ndoles perder el control hasta caer al suelo. (\u00bfAlguna vez te has preguntado de d\u00f3nde vienen los baches?)","og_url":"https:\/\/harleydavidsontoluca.com\/shop\/producto\/campana-harley-davidson-calavera-skull\/","og_site_name":"Tienda oficial H-D Toluca","article_publisher":"https:\/\/www.facebook.com\/HarleyDavidsonToluca","article_modified_time":"2025-12-23T20:29:52+00:00","og_image":[{"width":1080,"height":1080,"url":"https:\/\/harleydavidsontoluca.com\/shop\/wp-content\/uploads\/2024\/07\/Untitled-Project-2024-07-16T104629.653.jpg","type":"image\/jpeg"}],"twitter_card":"summary_large_image","twitter_misc":{"Tiempo de lectura":"1 minuto"},"schema":{"@context":"https:\/\/schema.org","@graph":[{"@type":"WebPage","@id":"https:\/\/harleydavidsontoluca.com\/shop\/producto\/campana-harley-davidson-calavera-skull\/","url":"https:\/\/harleydavidsontoluca.com\/shop\/producto\/campana-harley-davidson-calavera-skull\/","name":"CAMPANA HARLEY-DAVIDSON CALAVERA SKULL - Tienda oficial H-D Toluca","isPartOf":{"@id":"https:\/\/harleydavidsontoluca.com\/shop\/#website"},"primaryImageOfPage":{"@id":"https:\/\/harleydavidsontoluca.com\/shop\/producto\/campana-harley-davidson-calavera-skull\/#primaryimage"},"image":{"@id":"https:\/\/harleydavidsontoluca.com\/shop\/producto\/campana-harley-davidson-calavera-skull\/#primaryimage"},"thumbnailUrl":"https:\/\/harleydavidsontoluca.com\/shop\/wp-content\/uploads\/2024\/07\/Untitled-Project-2024-07-16T104629.653.jpg","datePublished":"2024-07-16T16:06:22+00:00","dateModified":"2025-12-23T20:29:52+00:00","breadcrumb":{"@id":"https:\/\/harleydavidsontoluca.com\/shop\/producto\/campana-harley-davidson-calavera-skull\/#breadcrumb"},"inLanguage":"es","potentialAction":[{"@type":"ReadAction","target":["https:\/\/harleydavidsontoluca.com\/shop\/producto\/campana-harley-davidson-calavera-skull\/"]}]},{"@type":"ImageObject","inLanguage":"es","@id":"https:\/\/harleydavidsontoluca.com\/shop\/producto\/campana-harley-davidson-calavera-skull\/#primaryimage","url":"https:\/\/harleydavidsontoluca.com\/shop\/wp-content\/uploads\/2024\/07\/Untitled-Project-2024-07-16T104629.653.jpg","contentUrl":"https:\/\/harleydavidsontoluca.com\/shop\/wp-content\/uploads\/2024\/07\/Untitled-Project-2024-07-16T104629.653.jpg","width":1080,"height":1080},{"@type":"BreadcrumbList","@id":"https:\/\/harleydavidsontoluca.com\/shop\/producto\/campana-harley-davidson-calavera-skull\/#breadcrumb","itemListElement":[{"@type":"ListItem","position":1,"name":"Portada","item":"https:\/\/harleydavidsontoluca.com\/shop\/"},{"@type":"ListItem","position":2,"name":"Tienda","item":"https:\/\/harleydavidsontoluca.com\/shop\/tienda\/"},{"@type":"ListItem","position":3,"name":"CAMPANA HARLEY-DAVIDSON CALAVERA SKULL"}]},{"@type":"WebSite","@id":"https:\/\/harleydavidsontoluca.com\/shop\/#website","url":"https:\/\/harleydavidsontoluca.com\/shop\/","name":"Shop H-D Toluca","description":"Shop H-D Toluca","publisher":{"@id":"https:\/\/harleydavidsontoluca.com\/shop\/#organization"},"potentialAction":[{"@type":"SearchAction","target":{"@type":"EntryPoint","urlTemplate":"https:\/\/harleydavidsontoluca.com\/shop\/?s={search_term_string}"},"query-input":{"@type":"PropertyValueSpecification","valueRequired":true,"valueName":"search_term_string"}}],"inLanguage":"es"},{"@type":"Organization","@id":"https:\/\/harleydavidsontoluca.com\/shop\/#organization","name":"Concesionaria Central de Motos","url":"https:\/\/harleydavidsontoluca.com\/shop\/","logo":{"@type":"ImageObject","inLanguage":"es","@id":"https:\/\/harleydavidsontoluca.com\/shop\/#\/schema\/logo\/image\/","url":"https:\/\/harleydavidsontoluca.com\/shop\/wp-content\/uploads\/2024\/02\/cropped-Logo-512.png","contentUrl":"https:\/\/harleydavidsontoluca.com\/shop\/wp-content\/uploads\/2024\/02\/cropped-Logo-512.png","width":512,"height":512,"caption":"Concesionaria Central de Motos"},"image":{"@id":"https:\/\/harleydavidsontoluca.com\/shop\/#\/schema\/logo\/image\/"},"sameAs":["https:\/\/www.facebook.com\/HarleyDavidsonToluca","https:\/\/www.instagram.com\/hdtoluca\/"]}]}},"_links":{"self":[{"href":"https:\/\/harleydavidsontoluca.com\/shop\/wp-json\/wp\/v2\/product\/45910","targetHints":{"allow":["GET"]}}],"collection":[{"href":"https:\/\/harleydavidsontoluca.com\/shop\/wp-json\/wp\/v2\/product"}],"about":[{"href":"https:\/\/harleydavidsontoluca.com\/shop\/wp-json\/wp\/v2\/types\/product"}],"wp:featuredmedia":[{"embeddable":true,"href":"https:\/\/harleydavidsontoluca.com\/shop\/wp-json\/wp\/v2\/media\/45911"}],"wp:attachment":[{"href":"https:\/\/harleydavidsontoluca.com\/shop\/wp-json\/wp\/v2\/media?parent=45910"}],"wp:term":[{"taxonomy":"product_brand","embeddable":true,"href":"https:\/\/harleydavidsontoluca.com\/shop\/wp-json\/wp\/v2\/product_brand?post=45910"},{"taxonomy":"product_cat","embeddable":true,"href":"https:\/\/harleydavidsontoluca.com\/shop\/wp-json\/wp\/v2\/product_cat?post=45910"},{"taxonomy":"product_tag","embeddable":true,"href":"https:\/\/harleydavidsontoluca.com\/shop\/wp-json\/wp\/v2\/product_tag?post=45910"}],"curies":[{"name":"wp","href":"https:\/\/api.w.org\/{rel}","templated":true}]}}