
{"id":45766,"date":"2024-06-04T14:02:30","date_gmt":"2024-06-04T19:02:30","guid":{"rendered":"https:\/\/harleydavidsontoluca.com\/shop\/?post_type=product&#038;p=45766"},"modified":"2026-03-05T16:49:40","modified_gmt":"2026-03-05T22:49:40","slug":"chaqueta-de-malla-para-mujer","status":"publish","type":"product","link":"https:\/\/harleydavidsontoluca.com\/shop\/producto\/chaqueta-de-malla-para-mujer\/","title":{"rendered":"CHAQUETA DE MALLA  PARA MUJER"},"content":{"rendered":"<div class=\"mt-3\">\u2022\u00a0<span class=\"b2\">Materials:\u00a0<\/span>Cubierta suave de 91\u00a0% de poli\u00e9ster y 9\u00a0% de lycra con refuerzo de poli\u00e9ster de punto waffle. Malla de 100\u00a0% de poli\u00e9ster (paneles laterales, recortes en los hombros y en la zona de las axilas).<\/div>\n<div class=\"mt-3\">\u2022\u00a0<span class=\"b2\">Closure:\u00a0<\/span>Cremallera delantera. Mangas con cremallera.<\/div>\n<div class=\"mt-3\">\u2022\u00a0<span class=\"b2\">Pockets:\u00a0<\/span>Bolsillos para mantener las manos abrigadas y bolsillos con cremallera a la altura del pecho.<\/div>\n<div class=\"mt-3\">\u2022\u00a0<span class=\"b2\">Design Details:\u00a0<\/span>Cuello con leng\u00fceta con broche a presi\u00f3n. Recortes de malla para mayor respirabilidad. Costura m\u00faltiple en los hombros. Detalles de costura superior en contraste.<\/div>\n<div class=\"mt-3\">\u2022\u00a0<span class=\"b2\">Graphics:\u00a0<\/span>Apliques bordados.<\/div>\n","protected":false},"excerpt":{"rendered":"<div class=\"accordion-outer-content py-4 expanded-accordion-content\" role=\"button\" aria-expanded=\"true\" aria-controls=\"expandable-description\">\n<div class=\"accordion-headline\">DESCRIPCI\u00d3N<\/div>\n<div class=\"accordion-button\"><\/div>\n<\/div>\n<div id=\"expandable-description\" class=\"accordion-inner-content\">El estilo caf\u00e9 facer y la comodidad constante se combinan en esta Forever Harley Mesh Jacket. Esta prenda, cuyo dise\u00f1o tiene en cuenta la respirabilidad y la elasticidad, tiene una cubierta suave de una mezcla de poli\u00e9ster y lycra con un refuerzo de tejido waffle y recortes de malla. Los detalles como el acolchado estilo trapunto, las costuras visibles en contraste y el cuello con leng\u00fceta y broche a presi\u00f3n le dan un look m\u00e1s moderno a esta chamarra para mujer. Con dos bordados: nuestro reconocido Bar &amp; Shield en la parte delantera y nuestras prendas de carrera de la d\u00e9cada de 1930 en la espalda.<\/div>\n","protected":false},"featured_media":45771,"template":"","meta":[],"product_brand":[],"product_cat":[66,25],"product_tag":[],"class_list":{"0":"post-45766","1":"product","2":"type-product","3":"status-publish","4":"has-post-thumbnail","6":"product_cat-chamarra-casual","7":"product_cat-mujer","8":"pa_talla-l","9":"pa_talla-m","10":"pa_talla-s","12":"first","13":"instock","14":"taxable","15":"shipping-taxable","16":"purchasable","17":"product-type-variable"},"yoast_head":"<!-- This site is optimized with the Yoast SEO plugin v27.4 - https:\/\/yoast.com\/product\/yoast-seo-wordpress\/ -->\n<title>CHAQUETA DE MALLA PARA MUJER - Tienda oficial H-D Toluca<\/title>\n<meta name=\"robots\" content=\"index, follow, max-snippet:-1, max-image-preview:large, max-video-preview:-1\" \/>\n<link rel=\"canonical\" href=\"https:\/\/harleydavidsontoluca.com\/shop\/producto\/chaqueta-de-malla-para-mujer\/\" \/>\n<meta property=\"og:locale\" content=\"es_MX\" \/>\n<meta property=\"og:type\" content=\"article\" \/>\n<meta property=\"og:title\" content=\"CHAQUETA DE MALLA PARA MUJER - Tienda oficial H-D Toluca\" \/>\n<meta property=\"og:description\" content=\"DESCRIPCI\u00d3N   El estilo caf\u00e9 facer y la comodidad constante se combinan en esta Forever Harley Mesh Jacket. Esta prenda, cuyo dise\u00f1o tiene en cuenta la respirabilidad y la elasticidad, tiene una cubierta suave de una mezcla de poli\u00e9ster y lycra con un refuerzo de tejido waffle y recortes de malla. Los detalles como el acolchado estilo trapunto, las costuras visibles en contraste y el cuello con leng\u00fceta y broche a presi\u00f3n le dan un look m\u00e1s moderno a esta chamarra para mujer. Con dos bordados: nuestro reconocido Bar &amp; Shield en la parte delantera y nuestras prendas de carrera de la d\u00e9cada de 1930 en la espalda.\" \/>\n<meta property=\"og:url\" content=\"https:\/\/harleydavidsontoluca.com\/shop\/producto\/chaqueta-de-malla-para-mujer\/\" \/>\n<meta property=\"og:site_name\" content=\"Tienda oficial H-D Toluca\" \/>\n<meta property=\"article:publisher\" content=\"https:\/\/www.facebook.com\/HarleyDavidsonToluca\" \/>\n<meta property=\"article:modified_time\" content=\"2026-03-05T22:49:40+00:00\" \/>\n<meta property=\"og:image\" content=\"https:\/\/harleydavidsontoluca.com\/shop\/wp-content\/uploads\/2024\/06\/Untitled-Project-2024-06-04T140119.722.jpg\" \/>\n\t<meta property=\"og:image:width\" content=\"1080\" \/>\n\t<meta property=\"og:image:height\" content=\"1080\" \/>\n\t<meta property=\"og:image:type\" content=\"image\/jpeg\" \/>\n<meta name=\"twitter:card\" content=\"summary_large_image\" \/>\n<meta name=\"twitter:label1\" content=\"Tiempo de lectura\" \/>\n\t<meta name=\"twitter:data1\" content=\"1 minuto\" \/>\n<script type=\"application\/ld+json\" class=\"yoast-schema-graph\">{\"@context\":\"https:\\\/\\\/schema.org\",\"@graph\":[{\"@type\":\"WebPage\",\"@id\":\"https:\\\/\\\/harleydavidsontoluca.com\\\/shop\\\/producto\\\/chaqueta-de-malla-para-mujer\\\/\",\"url\":\"https:\\\/\\\/harleydavidsontoluca.com\\\/shop\\\/producto\\\/chaqueta-de-malla-para-mujer\\\/\",\"name\":\"CHAQUETA DE MALLA PARA MUJER - Tienda oficial H-D Toluca\",\"isPartOf\":{\"@id\":\"https:\\\/\\\/harleydavidsontoluca.com\\\/shop\\\/#website\"},\"primaryImageOfPage\":{\"@id\":\"https:\\\/\\\/harleydavidsontoluca.com\\\/shop\\\/producto\\\/chaqueta-de-malla-para-mujer\\\/#primaryimage\"},\"image\":{\"@id\":\"https:\\\/\\\/harleydavidsontoluca.com\\\/shop\\\/producto\\\/chaqueta-de-malla-para-mujer\\\/#primaryimage\"},\"thumbnailUrl\":\"https:\\\/\\\/harleydavidsontoluca.com\\\/shop\\\/wp-content\\\/uploads\\\/2024\\\/06\\\/Untitled-Project-2024-06-04T140119.722.jpg\",\"datePublished\":\"2024-06-04T19:02:30+00:00\",\"dateModified\":\"2026-03-05T22:49:40+00:00\",\"breadcrumb\":{\"@id\":\"https:\\\/\\\/harleydavidsontoluca.com\\\/shop\\\/producto\\\/chaqueta-de-malla-para-mujer\\\/#breadcrumb\"},\"inLanguage\":\"es\",\"potentialAction\":[{\"@type\":\"ReadAction\",\"target\":[\"https:\\\/\\\/harleydavidsontoluca.com\\\/shop\\\/producto\\\/chaqueta-de-malla-para-mujer\\\/\"]}]},{\"@type\":\"ImageObject\",\"inLanguage\":\"es\",\"@id\":\"https:\\\/\\\/harleydavidsontoluca.com\\\/shop\\\/producto\\\/chaqueta-de-malla-para-mujer\\\/#primaryimage\",\"url\":\"https:\\\/\\\/harleydavidsontoluca.com\\\/shop\\\/wp-content\\\/uploads\\\/2024\\\/06\\\/Untitled-Project-2024-06-04T140119.722.jpg\",\"contentUrl\":\"https:\\\/\\\/harleydavidsontoluca.com\\\/shop\\\/wp-content\\\/uploads\\\/2024\\\/06\\\/Untitled-Project-2024-06-04T140119.722.jpg\",\"width\":1080,\"height\":1080},{\"@type\":\"BreadcrumbList\",\"@id\":\"https:\\\/\\\/harleydavidsontoluca.com\\\/shop\\\/producto\\\/chaqueta-de-malla-para-mujer\\\/#breadcrumb\",\"itemListElement\":[{\"@type\":\"ListItem\",\"position\":1,\"name\":\"Portada\",\"item\":\"https:\\\/\\\/harleydavidsontoluca.com\\\/shop\\\/\"},{\"@type\":\"ListItem\",\"position\":2,\"name\":\"Tienda\",\"item\":\"https:\\\/\\\/harleydavidsontoluca.com\\\/shop\\\/tienda\\\/\"},{\"@type\":\"ListItem\",\"position\":3,\"name\":\"CHAQUETA DE MALLA PARA MUJER\"}]},{\"@type\":\"WebSite\",\"@id\":\"https:\\\/\\\/harleydavidsontoluca.com\\\/shop\\\/#website\",\"url\":\"https:\\\/\\\/harleydavidsontoluca.com\\\/shop\\\/\",\"name\":\"Shop H-D Toluca\",\"description\":\"Shop H-D Toluca\",\"publisher\":{\"@id\":\"https:\\\/\\\/harleydavidsontoluca.com\\\/shop\\\/#organization\"},\"potentialAction\":[{\"@type\":\"SearchAction\",\"target\":{\"@type\":\"EntryPoint\",\"urlTemplate\":\"https:\\\/\\\/harleydavidsontoluca.com\\\/shop\\\/?s={search_term_string}\"},\"query-input\":{\"@type\":\"PropertyValueSpecification\",\"valueRequired\":true,\"valueName\":\"search_term_string\"}}],\"inLanguage\":\"es\"},{\"@type\":\"Organization\",\"@id\":\"https:\\\/\\\/harleydavidsontoluca.com\\\/shop\\\/#organization\",\"name\":\"Concesionaria Central de Motos\",\"url\":\"https:\\\/\\\/harleydavidsontoluca.com\\\/shop\\\/\",\"logo\":{\"@type\":\"ImageObject\",\"inLanguage\":\"es\",\"@id\":\"https:\\\/\\\/harleydavidsontoluca.com\\\/shop\\\/#\\\/schema\\\/logo\\\/image\\\/\",\"url\":\"https:\\\/\\\/harleydavidsontoluca.com\\\/shop\\\/wp-content\\\/uploads\\\/2024\\\/02\\\/cropped-Logo-512.png\",\"contentUrl\":\"https:\\\/\\\/harleydavidsontoluca.com\\\/shop\\\/wp-content\\\/uploads\\\/2024\\\/02\\\/cropped-Logo-512.png\",\"width\":512,\"height\":512,\"caption\":\"Concesionaria Central de Motos\"},\"image\":{\"@id\":\"https:\\\/\\\/harleydavidsontoluca.com\\\/shop\\\/#\\\/schema\\\/logo\\\/image\\\/\"},\"sameAs\":[\"https:\\\/\\\/www.facebook.com\\\/HarleyDavidsonToluca\",\"https:\\\/\\\/www.instagram.com\\\/hdtoluca\\\/\"]}]}<\/script>\n<!-- \/ Yoast SEO plugin. -->","yoast_head_json":{"title":"CHAQUETA DE MALLA PARA MUJER - Tienda oficial H-D Toluca","robots":{"index":"index","follow":"follow","max-snippet":"max-snippet:-1","max-image-preview":"max-image-preview:large","max-video-preview":"max-video-preview:-1"},"canonical":"https:\/\/harleydavidsontoluca.com\/shop\/producto\/chaqueta-de-malla-para-mujer\/","og_locale":"es_MX","og_type":"article","og_title":"CHAQUETA DE MALLA PARA MUJER - Tienda oficial H-D Toluca","og_description":"DESCRIPCI\u00d3N   El estilo caf\u00e9 facer y la comodidad constante se combinan en esta Forever Harley Mesh Jacket. Esta prenda, cuyo dise\u00f1o tiene en cuenta la respirabilidad y la elasticidad, tiene una cubierta suave de una mezcla de poli\u00e9ster y lycra con un refuerzo de tejido waffle y recortes de malla. Los detalles como el acolchado estilo trapunto, las costuras visibles en contraste y el cuello con leng\u00fceta y broche a presi\u00f3n le dan un look m\u00e1s moderno a esta chamarra para mujer. Con dos bordados: nuestro reconocido Bar &amp; Shield en la parte delantera y nuestras prendas de carrera de la d\u00e9cada de 1930 en la espalda.","og_url":"https:\/\/harleydavidsontoluca.com\/shop\/producto\/chaqueta-de-malla-para-mujer\/","og_site_name":"Tienda oficial H-D Toluca","article_publisher":"https:\/\/www.facebook.com\/HarleyDavidsonToluca","article_modified_time":"2026-03-05T22:49:40+00:00","og_image":[{"width":1080,"height":1080,"url":"https:\/\/harleydavidsontoluca.com\/shop\/wp-content\/uploads\/2024\/06\/Untitled-Project-2024-06-04T140119.722.jpg","type":"image\/jpeg"}],"twitter_card":"summary_large_image","twitter_misc":{"Tiempo de lectura":"1 minuto"},"schema":{"@context":"https:\/\/schema.org","@graph":[{"@type":"WebPage","@id":"https:\/\/harleydavidsontoluca.com\/shop\/producto\/chaqueta-de-malla-para-mujer\/","url":"https:\/\/harleydavidsontoluca.com\/shop\/producto\/chaqueta-de-malla-para-mujer\/","name":"CHAQUETA DE MALLA PARA MUJER - Tienda oficial H-D Toluca","isPartOf":{"@id":"https:\/\/harleydavidsontoluca.com\/shop\/#website"},"primaryImageOfPage":{"@id":"https:\/\/harleydavidsontoluca.com\/shop\/producto\/chaqueta-de-malla-para-mujer\/#primaryimage"},"image":{"@id":"https:\/\/harleydavidsontoluca.com\/shop\/producto\/chaqueta-de-malla-para-mujer\/#primaryimage"},"thumbnailUrl":"https:\/\/harleydavidsontoluca.com\/shop\/wp-content\/uploads\/2024\/06\/Untitled-Project-2024-06-04T140119.722.jpg","datePublished":"2024-06-04T19:02:30+00:00","dateModified":"2026-03-05T22:49:40+00:00","breadcrumb":{"@id":"https:\/\/harleydavidsontoluca.com\/shop\/producto\/chaqueta-de-malla-para-mujer\/#breadcrumb"},"inLanguage":"es","potentialAction":[{"@type":"ReadAction","target":["https:\/\/harleydavidsontoluca.com\/shop\/producto\/chaqueta-de-malla-para-mujer\/"]}]},{"@type":"ImageObject","inLanguage":"es","@id":"https:\/\/harleydavidsontoluca.com\/shop\/producto\/chaqueta-de-malla-para-mujer\/#primaryimage","url":"https:\/\/harleydavidsontoluca.com\/shop\/wp-content\/uploads\/2024\/06\/Untitled-Project-2024-06-04T140119.722.jpg","contentUrl":"https:\/\/harleydavidsontoluca.com\/shop\/wp-content\/uploads\/2024\/06\/Untitled-Project-2024-06-04T140119.722.jpg","width":1080,"height":1080},{"@type":"BreadcrumbList","@id":"https:\/\/harleydavidsontoluca.com\/shop\/producto\/chaqueta-de-malla-para-mujer\/#breadcrumb","itemListElement":[{"@type":"ListItem","position":1,"name":"Portada","item":"https:\/\/harleydavidsontoluca.com\/shop\/"},{"@type":"ListItem","position":2,"name":"Tienda","item":"https:\/\/harleydavidsontoluca.com\/shop\/tienda\/"},{"@type":"ListItem","position":3,"name":"CHAQUETA DE MALLA PARA MUJER"}]},{"@type":"WebSite","@id":"https:\/\/harleydavidsontoluca.com\/shop\/#website","url":"https:\/\/harleydavidsontoluca.com\/shop\/","name":"Shop H-D Toluca","description":"Shop H-D Toluca","publisher":{"@id":"https:\/\/harleydavidsontoluca.com\/shop\/#organization"},"potentialAction":[{"@type":"SearchAction","target":{"@type":"EntryPoint","urlTemplate":"https:\/\/harleydavidsontoluca.com\/shop\/?s={search_term_string}"},"query-input":{"@type":"PropertyValueSpecification","valueRequired":true,"valueName":"search_term_string"}}],"inLanguage":"es"},{"@type":"Organization","@id":"https:\/\/harleydavidsontoluca.com\/shop\/#organization","name":"Concesionaria Central de Motos","url":"https:\/\/harleydavidsontoluca.com\/shop\/","logo":{"@type":"ImageObject","inLanguage":"es","@id":"https:\/\/harleydavidsontoluca.com\/shop\/#\/schema\/logo\/image\/","url":"https:\/\/harleydavidsontoluca.com\/shop\/wp-content\/uploads\/2024\/02\/cropped-Logo-512.png","contentUrl":"https:\/\/harleydavidsontoluca.com\/shop\/wp-content\/uploads\/2024\/02\/cropped-Logo-512.png","width":512,"height":512,"caption":"Concesionaria Central de Motos"},"image":{"@id":"https:\/\/harleydavidsontoluca.com\/shop\/#\/schema\/logo\/image\/"},"sameAs":["https:\/\/www.facebook.com\/HarleyDavidsonToluca","https:\/\/www.instagram.com\/hdtoluca\/"]}]}},"_links":{"self":[{"href":"https:\/\/harleydavidsontoluca.com\/shop\/wp-json\/wp\/v2\/product\/45766","targetHints":{"allow":["GET"]}}],"collection":[{"href":"https:\/\/harleydavidsontoluca.com\/shop\/wp-json\/wp\/v2\/product"}],"about":[{"href":"https:\/\/harleydavidsontoluca.com\/shop\/wp-json\/wp\/v2\/types\/product"}],"wp:featuredmedia":[{"embeddable":true,"href":"https:\/\/harleydavidsontoluca.com\/shop\/wp-json\/wp\/v2\/media\/45771"}],"wp:attachment":[{"href":"https:\/\/harleydavidsontoluca.com\/shop\/wp-json\/wp\/v2\/media?parent=45766"}],"wp:term":[{"taxonomy":"product_brand","embeddable":true,"href":"https:\/\/harleydavidsontoluca.com\/shop\/wp-json\/wp\/v2\/product_brand?post=45766"},{"taxonomy":"product_cat","embeddable":true,"href":"https:\/\/harleydavidsontoluca.com\/shop\/wp-json\/wp\/v2\/product_cat?post=45766"},{"taxonomy":"product_tag","embeddable":true,"href":"https:\/\/harleydavidsontoluca.com\/shop\/wp-json\/wp\/v2\/product_tag?post=45766"}],"curies":[{"name":"wp","href":"https:\/\/api.w.org\/{rel}","templated":true}]}}