
{"id":45751,"date":"2024-06-04T13:49:05","date_gmt":"2024-06-04T18:49:05","guid":{"rendered":"https:\/\/harleydavidsontoluca.com\/shop\/?post_type=product&#038;p=45751"},"modified":"2025-11-25T15:22:08","modified_gmt":"2025-11-25T21:22:08","slug":"camisa-de-cuatros-con-logo-clasico-para-mujer","status":"publish","type":"product","link":"https:\/\/harleydavidsontoluca.com\/shop\/producto\/camisa-de-cuatros-con-logo-clasico-para-mujer\/","title":{"rendered":"CAMISA DE CUATROS CON LOGO CL\u00c1SICO PARA MUJER"},"content":{"rendered":"<p>Dado que la viscosa es una de nuestras telas para camisas de mujer m\u00e1s vendidas, quer\u00edamos mantener esta buena cosa en nuestra camisa a cuadros con logotipo cl\u00e1sico. Su estructura a cuadros de sarga totalmente de viscosa est\u00e1 lavada para brindar suavidad, transpirabilidad y una hermosa ca\u00edda. Esta camisa de manga larga presenta un dobladillo redondeado para alargar la l\u00ednea de las piernas y un cuello a presi\u00f3n oculto para evitar que se agite mientras conduces. Su atrevido patr\u00f3n de cuadros es el tel\u00f3n de fondo perfecto para nuestro bordado de marca para crear una apariencia que rinde homenaje a nuestra herencia motociclista.<\/p>\n","protected":false},"excerpt":{"rendered":"<div class=\"mt-3\">\u2022\u00a0<span class=\"b2\">Materiales:\u00a0<\/span>100% sarga de viscosa a cuadros, lavada para mayor suavidad.<\/div>\n<div class=\"mt-3\">\u2022\u00a0<span class=\"b2\">Cierre:\u00a0<\/span>Botones en frente, mangas y pu\u00f1os.<\/div>\n<div class=\"mt-3\">\u2022\u00a0<span class=\"b2\">Bolsillos:\u00a0<\/span>Bolsillos en el pecho con solapa y botones.<\/div>\n<div class=\"mt-3\">\u2022\u00a0<span class=\"b2\">Detalles de dise\u00f1o:\u00a0<\/span>Dobladillo redondeado. Cuello oculto a presi\u00f3n.<\/div>\n<div class=\"mt-3\">\u2022\u00a0<span class=\"b2\">Gr\u00e1ficos:\u00a0<\/span>Bordado directo. Aplique bordado.<\/div>\n","protected":false},"featured_media":45757,"template":"","meta":[],"product_brand":[],"product_cat":[71,25],"product_tag":[],"class_list":{"0":"post-45751","1":"product","2":"type-product","3":"status-publish","4":"has-post-thumbnail","6":"product_cat-blusas","7":"product_cat-mujer","8":"pa_talla-l","9":"pa_talla-m","10":"pa_talla-s","11":"pa_talla-xl","13":"first","14":"instock","15":"taxable","16":"shipping-taxable","17":"purchasable","18":"product-type-variable"},"yoast_head":"<!-- This site is optimized with the Yoast SEO plugin v27.4 - https:\/\/yoast.com\/product\/yoast-seo-wordpress\/ -->\n<title>CAMISA DE CUATROS CON LOGO CL\u00c1SICO PARA MUJER - Tienda oficial H-D Toluca<\/title>\n<meta name=\"robots\" content=\"index, follow, max-snippet:-1, max-image-preview:large, max-video-preview:-1\" \/>\n<link rel=\"canonical\" href=\"https:\/\/harleydavidsontoluca.com\/shop\/producto\/camisa-de-cuatros-con-logo-clasico-para-mujer\/\" \/>\n<meta property=\"og:locale\" content=\"es_MX\" \/>\n<meta property=\"og:type\" content=\"article\" \/>\n<meta property=\"og:title\" content=\"CAMISA DE CUATROS CON LOGO CL\u00c1SICO PARA MUJER - Tienda oficial H-D Toluca\" \/>\n<meta property=\"og:description\" content=\"\u2022\u00a0Materiales:\u00a0100% sarga de viscosa a cuadros, lavada para mayor suavidad. \u2022\u00a0Cierre:\u00a0Botones en frente, mangas y pu\u00f1os. \u2022\u00a0Bolsillos:\u00a0Bolsillos en el pecho con solapa y botones. \u2022\u00a0Detalles de dise\u00f1o:\u00a0Dobladillo redondeado. Cuello oculto a presi\u00f3n. \u2022\u00a0Gr\u00e1ficos:\u00a0Bordado directo. Aplique bordado.\" \/>\n<meta property=\"og:url\" content=\"https:\/\/harleydavidsontoluca.com\/shop\/producto\/camisa-de-cuatros-con-logo-clasico-para-mujer\/\" \/>\n<meta property=\"og:site_name\" content=\"Tienda oficial H-D Toluca\" \/>\n<meta property=\"article:publisher\" content=\"https:\/\/www.facebook.com\/HarleyDavidsonToluca\" \/>\n<meta property=\"article:modified_time\" content=\"2025-11-25T21:22:08+00:00\" \/>\n<meta property=\"og:image\" content=\"https:\/\/harleydavidsontoluca.com\/shop\/wp-content\/uploads\/2024\/06\/Untitled-Project-2024-06-04T134747.057.jpg\" \/>\n\t<meta property=\"og:image:width\" content=\"1080\" \/>\n\t<meta property=\"og:image:height\" content=\"1080\" \/>\n\t<meta property=\"og:image:type\" content=\"image\/jpeg\" \/>\n<meta name=\"twitter:card\" content=\"summary_large_image\" \/>\n<meta name=\"twitter:label1\" content=\"Tiempo de lectura\" \/>\n\t<meta name=\"twitter:data1\" content=\"1 minuto\" \/>\n<script type=\"application\/ld+json\" class=\"yoast-schema-graph\">{\"@context\":\"https:\\\/\\\/schema.org\",\"@graph\":[{\"@type\":\"WebPage\",\"@id\":\"https:\\\/\\\/harleydavidsontoluca.com\\\/shop\\\/producto\\\/camisa-de-cuatros-con-logo-clasico-para-mujer\\\/\",\"url\":\"https:\\\/\\\/harleydavidsontoluca.com\\\/shop\\\/producto\\\/camisa-de-cuatros-con-logo-clasico-para-mujer\\\/\",\"name\":\"CAMISA DE CUATROS CON LOGO CL\u00c1SICO PARA MUJER - Tienda oficial H-D Toluca\",\"isPartOf\":{\"@id\":\"https:\\\/\\\/harleydavidsontoluca.com\\\/shop\\\/#website\"},\"primaryImageOfPage\":{\"@id\":\"https:\\\/\\\/harleydavidsontoluca.com\\\/shop\\\/producto\\\/camisa-de-cuatros-con-logo-clasico-para-mujer\\\/#primaryimage\"},\"image\":{\"@id\":\"https:\\\/\\\/harleydavidsontoluca.com\\\/shop\\\/producto\\\/camisa-de-cuatros-con-logo-clasico-para-mujer\\\/#primaryimage\"},\"thumbnailUrl\":\"https:\\\/\\\/harleydavidsontoluca.com\\\/shop\\\/wp-content\\\/uploads\\\/2024\\\/06\\\/Untitled-Project-2024-06-04T134747.057.jpg\",\"datePublished\":\"2024-06-04T18:49:05+00:00\",\"dateModified\":\"2025-11-25T21:22:08+00:00\",\"breadcrumb\":{\"@id\":\"https:\\\/\\\/harleydavidsontoluca.com\\\/shop\\\/producto\\\/camisa-de-cuatros-con-logo-clasico-para-mujer\\\/#breadcrumb\"},\"inLanguage\":\"es\",\"potentialAction\":[{\"@type\":\"ReadAction\",\"target\":[\"https:\\\/\\\/harleydavidsontoluca.com\\\/shop\\\/producto\\\/camisa-de-cuatros-con-logo-clasico-para-mujer\\\/\"]}]},{\"@type\":\"ImageObject\",\"inLanguage\":\"es\",\"@id\":\"https:\\\/\\\/harleydavidsontoluca.com\\\/shop\\\/producto\\\/camisa-de-cuatros-con-logo-clasico-para-mujer\\\/#primaryimage\",\"url\":\"https:\\\/\\\/harleydavidsontoluca.com\\\/shop\\\/wp-content\\\/uploads\\\/2024\\\/06\\\/Untitled-Project-2024-06-04T134747.057.jpg\",\"contentUrl\":\"https:\\\/\\\/harleydavidsontoluca.com\\\/shop\\\/wp-content\\\/uploads\\\/2024\\\/06\\\/Untitled-Project-2024-06-04T134747.057.jpg\",\"width\":1080,\"height\":1080},{\"@type\":\"BreadcrumbList\",\"@id\":\"https:\\\/\\\/harleydavidsontoluca.com\\\/shop\\\/producto\\\/camisa-de-cuatros-con-logo-clasico-para-mujer\\\/#breadcrumb\",\"itemListElement\":[{\"@type\":\"ListItem\",\"position\":1,\"name\":\"Portada\",\"item\":\"https:\\\/\\\/harleydavidsontoluca.com\\\/shop\\\/\"},{\"@type\":\"ListItem\",\"position\":2,\"name\":\"Tienda\",\"item\":\"https:\\\/\\\/harleydavidsontoluca.com\\\/shop\\\/tienda\\\/\"},{\"@type\":\"ListItem\",\"position\":3,\"name\":\"CAMISA DE CUATROS CON LOGO CL\u00c1SICO PARA MUJER\"}]},{\"@type\":\"WebSite\",\"@id\":\"https:\\\/\\\/harleydavidsontoluca.com\\\/shop\\\/#website\",\"url\":\"https:\\\/\\\/harleydavidsontoluca.com\\\/shop\\\/\",\"name\":\"Shop H-D Toluca\",\"description\":\"Shop H-D Toluca\",\"publisher\":{\"@id\":\"https:\\\/\\\/harleydavidsontoluca.com\\\/shop\\\/#organization\"},\"potentialAction\":[{\"@type\":\"SearchAction\",\"target\":{\"@type\":\"EntryPoint\",\"urlTemplate\":\"https:\\\/\\\/harleydavidsontoluca.com\\\/shop\\\/?s={search_term_string}\"},\"query-input\":{\"@type\":\"PropertyValueSpecification\",\"valueRequired\":true,\"valueName\":\"search_term_string\"}}],\"inLanguage\":\"es\"},{\"@type\":\"Organization\",\"@id\":\"https:\\\/\\\/harleydavidsontoluca.com\\\/shop\\\/#organization\",\"name\":\"Concesionaria Central de Motos\",\"url\":\"https:\\\/\\\/harleydavidsontoluca.com\\\/shop\\\/\",\"logo\":{\"@type\":\"ImageObject\",\"inLanguage\":\"es\",\"@id\":\"https:\\\/\\\/harleydavidsontoluca.com\\\/shop\\\/#\\\/schema\\\/logo\\\/image\\\/\",\"url\":\"https:\\\/\\\/harleydavidsontoluca.com\\\/shop\\\/wp-content\\\/uploads\\\/2024\\\/02\\\/cropped-Logo-512.png\",\"contentUrl\":\"https:\\\/\\\/harleydavidsontoluca.com\\\/shop\\\/wp-content\\\/uploads\\\/2024\\\/02\\\/cropped-Logo-512.png\",\"width\":512,\"height\":512,\"caption\":\"Concesionaria Central de Motos\"},\"image\":{\"@id\":\"https:\\\/\\\/harleydavidsontoluca.com\\\/shop\\\/#\\\/schema\\\/logo\\\/image\\\/\"},\"sameAs\":[\"https:\\\/\\\/www.facebook.com\\\/HarleyDavidsonToluca\",\"https:\\\/\\\/www.instagram.com\\\/hdtoluca\\\/\"]}]}<\/script>\n<!-- \/ Yoast SEO plugin. -->","yoast_head_json":{"title":"CAMISA DE CUATROS CON LOGO CL\u00c1SICO PARA MUJER - Tienda oficial H-D Toluca","robots":{"index":"index","follow":"follow","max-snippet":"max-snippet:-1","max-image-preview":"max-image-preview:large","max-video-preview":"max-video-preview:-1"},"canonical":"https:\/\/harleydavidsontoluca.com\/shop\/producto\/camisa-de-cuatros-con-logo-clasico-para-mujer\/","og_locale":"es_MX","og_type":"article","og_title":"CAMISA DE CUATROS CON LOGO CL\u00c1SICO PARA MUJER - Tienda oficial H-D Toluca","og_description":"\u2022\u00a0Materiales:\u00a0100% sarga de viscosa a cuadros, lavada para mayor suavidad. \u2022\u00a0Cierre:\u00a0Botones en frente, mangas y pu\u00f1os. \u2022\u00a0Bolsillos:\u00a0Bolsillos en el pecho con solapa y botones. \u2022\u00a0Detalles de dise\u00f1o:\u00a0Dobladillo redondeado. Cuello oculto a presi\u00f3n. \u2022\u00a0Gr\u00e1ficos:\u00a0Bordado directo. Aplique bordado.","og_url":"https:\/\/harleydavidsontoluca.com\/shop\/producto\/camisa-de-cuatros-con-logo-clasico-para-mujer\/","og_site_name":"Tienda oficial H-D Toluca","article_publisher":"https:\/\/www.facebook.com\/HarleyDavidsonToluca","article_modified_time":"2025-11-25T21:22:08+00:00","og_image":[{"width":1080,"height":1080,"url":"https:\/\/harleydavidsontoluca.com\/shop\/wp-content\/uploads\/2024\/06\/Untitled-Project-2024-06-04T134747.057.jpg","type":"image\/jpeg"}],"twitter_card":"summary_large_image","twitter_misc":{"Tiempo de lectura":"1 minuto"},"schema":{"@context":"https:\/\/schema.org","@graph":[{"@type":"WebPage","@id":"https:\/\/harleydavidsontoluca.com\/shop\/producto\/camisa-de-cuatros-con-logo-clasico-para-mujer\/","url":"https:\/\/harleydavidsontoluca.com\/shop\/producto\/camisa-de-cuatros-con-logo-clasico-para-mujer\/","name":"CAMISA DE CUATROS CON LOGO CL\u00c1SICO PARA MUJER - Tienda oficial H-D Toluca","isPartOf":{"@id":"https:\/\/harleydavidsontoluca.com\/shop\/#website"},"primaryImageOfPage":{"@id":"https:\/\/harleydavidsontoluca.com\/shop\/producto\/camisa-de-cuatros-con-logo-clasico-para-mujer\/#primaryimage"},"image":{"@id":"https:\/\/harleydavidsontoluca.com\/shop\/producto\/camisa-de-cuatros-con-logo-clasico-para-mujer\/#primaryimage"},"thumbnailUrl":"https:\/\/harleydavidsontoluca.com\/shop\/wp-content\/uploads\/2024\/06\/Untitled-Project-2024-06-04T134747.057.jpg","datePublished":"2024-06-04T18:49:05+00:00","dateModified":"2025-11-25T21:22:08+00:00","breadcrumb":{"@id":"https:\/\/harleydavidsontoluca.com\/shop\/producto\/camisa-de-cuatros-con-logo-clasico-para-mujer\/#breadcrumb"},"inLanguage":"es","potentialAction":[{"@type":"ReadAction","target":["https:\/\/harleydavidsontoluca.com\/shop\/producto\/camisa-de-cuatros-con-logo-clasico-para-mujer\/"]}]},{"@type":"ImageObject","inLanguage":"es","@id":"https:\/\/harleydavidsontoluca.com\/shop\/producto\/camisa-de-cuatros-con-logo-clasico-para-mujer\/#primaryimage","url":"https:\/\/harleydavidsontoluca.com\/shop\/wp-content\/uploads\/2024\/06\/Untitled-Project-2024-06-04T134747.057.jpg","contentUrl":"https:\/\/harleydavidsontoluca.com\/shop\/wp-content\/uploads\/2024\/06\/Untitled-Project-2024-06-04T134747.057.jpg","width":1080,"height":1080},{"@type":"BreadcrumbList","@id":"https:\/\/harleydavidsontoluca.com\/shop\/producto\/camisa-de-cuatros-con-logo-clasico-para-mujer\/#breadcrumb","itemListElement":[{"@type":"ListItem","position":1,"name":"Portada","item":"https:\/\/harleydavidsontoluca.com\/shop\/"},{"@type":"ListItem","position":2,"name":"Tienda","item":"https:\/\/harleydavidsontoluca.com\/shop\/tienda\/"},{"@type":"ListItem","position":3,"name":"CAMISA DE CUATROS CON LOGO CL\u00c1SICO PARA MUJER"}]},{"@type":"WebSite","@id":"https:\/\/harleydavidsontoluca.com\/shop\/#website","url":"https:\/\/harleydavidsontoluca.com\/shop\/","name":"Shop H-D Toluca","description":"Shop H-D Toluca","publisher":{"@id":"https:\/\/harleydavidsontoluca.com\/shop\/#organization"},"potentialAction":[{"@type":"SearchAction","target":{"@type":"EntryPoint","urlTemplate":"https:\/\/harleydavidsontoluca.com\/shop\/?s={search_term_string}"},"query-input":{"@type":"PropertyValueSpecification","valueRequired":true,"valueName":"search_term_string"}}],"inLanguage":"es"},{"@type":"Organization","@id":"https:\/\/harleydavidsontoluca.com\/shop\/#organization","name":"Concesionaria Central de Motos","url":"https:\/\/harleydavidsontoluca.com\/shop\/","logo":{"@type":"ImageObject","inLanguage":"es","@id":"https:\/\/harleydavidsontoluca.com\/shop\/#\/schema\/logo\/image\/","url":"https:\/\/harleydavidsontoluca.com\/shop\/wp-content\/uploads\/2024\/02\/cropped-Logo-512.png","contentUrl":"https:\/\/harleydavidsontoluca.com\/shop\/wp-content\/uploads\/2024\/02\/cropped-Logo-512.png","width":512,"height":512,"caption":"Concesionaria Central de Motos"},"image":{"@id":"https:\/\/harleydavidsontoluca.com\/shop\/#\/schema\/logo\/image\/"},"sameAs":["https:\/\/www.facebook.com\/HarleyDavidsonToluca","https:\/\/www.instagram.com\/hdtoluca\/"]}]}},"_links":{"self":[{"href":"https:\/\/harleydavidsontoluca.com\/shop\/wp-json\/wp\/v2\/product\/45751","targetHints":{"allow":["GET"]}}],"collection":[{"href":"https:\/\/harleydavidsontoluca.com\/shop\/wp-json\/wp\/v2\/product"}],"about":[{"href":"https:\/\/harleydavidsontoluca.com\/shop\/wp-json\/wp\/v2\/types\/product"}],"wp:featuredmedia":[{"embeddable":true,"href":"https:\/\/harleydavidsontoluca.com\/shop\/wp-json\/wp\/v2\/media\/45757"}],"wp:attachment":[{"href":"https:\/\/harleydavidsontoluca.com\/shop\/wp-json\/wp\/v2\/media?parent=45751"}],"wp:term":[{"taxonomy":"product_brand","embeddable":true,"href":"https:\/\/harleydavidsontoluca.com\/shop\/wp-json\/wp\/v2\/product_brand?post=45751"},{"taxonomy":"product_cat","embeddable":true,"href":"https:\/\/harleydavidsontoluca.com\/shop\/wp-json\/wp\/v2\/product_cat?post=45751"},{"taxonomy":"product_tag","embeddable":true,"href":"https:\/\/harleydavidsontoluca.com\/shop\/wp-json\/wp\/v2\/product_tag?post=45751"}],"curies":[{"name":"wp","href":"https:\/\/api.w.org\/{rel}","templated":true}]}}