
{"id":45710,"date":"2024-05-21T18:53:14","date_gmt":"2024-05-21T23:53:14","guid":{"rendered":"https:\/\/harleydavidsontoluca.com\/shop\/?post_type=product&#038;p=45710"},"modified":"2025-07-10T18:21:48","modified_gmt":"2025-07-10T23:21:48","slug":"casco-modular-capstone-sun-shield-ii","status":"publish","type":"product","link":"https:\/\/harleydavidsontoluca.com\/shop\/producto\/casco-modular-capstone-sun-shield-ii\/","title":{"rendered":"CASCO MODULAR CAPSTONE SUN SHIELD II"},"content":{"rendered":"<pre id=\"tw-target-text\" class=\"tw-data-text tw-text-large tw-ta\" dir=\"ltr\" data-placeholder=\"Traducci\u00f3n\" aria-label=\"Texto traducido\" data-ved=\"2ahUKEwim9ua685-GAxUnIEQIHbztCNQQ3ewLegQIBRAU\"><span class=\"Y2IQFc\" lang=\"es\">\u2022 Construcci\u00f3n del casco: Cubierta de compuesto de policarbonato superior. Correa de ment\u00f3n con doble anillo en D.\r\n\u2022 Stay Cool: Dos ventilaciones de entrada y una ventilaci\u00f3n de salida.\r\n\u2022 Interior y Revestimientos: Forro que absorbe la humedad. Las almohadillas de la corona y las mejillas se retiran y se lavan. Las ranuras para gafas permiten colocar gafas para la vista y de sol.\r\n\u2022 Especificaciones de Bluetooth\u00ae: Bolsillos para altavoces para comunicaci\u00f3n Bluetooth. Conectividad SMART HJC.\r\n\u2022 Funciones adicionales: Liviano, ajuste superior y c\u00f3modo con tecnolog\u00eda CAD avanzada. El protector de sol integrado de color negro ahumado se coloca de manera r\u00e1pida y f\u00e1cil con un nuevo sistema de operaci\u00f3n de cable, con una posici\u00f3n f\u00e1cil de llegar. El sistema de reemplazo RapidFire Shield permite un retiro y una colocaci\u00f3n superr\u00e1pidas y sin herramientas, para lograr un funcionamiento eficiente. La protecci\u00f3n facial \u00f3pticamente superior, con sistema antiniebla y preparada para 3D brinda un 99% de protecci\u00f3n UV.\r\n\u2022 Fabricante y Certificaci\u00f3n: HJC. Certificaci\u00f3n doble que cumple con las normas de seguridad FMVSS 218 del Departamento de Transporte (DOT) y los requisitos de la norma ECE 22.05.<\/span><\/pre>\n","protected":false},"excerpt":{"rendered":"<div class=\"accordion-outer-content py-4 expanded-accordion-content\" role=\"button\" aria-expanded=\"true\" aria-controls=\"expandable-description\">\n<div class=\"accordion-button\"><\/div>\n<\/div>\n<div id=\"expandable-description\" class=\"accordion-inner-content\">Para crear esta \u00faltima edici\u00f3n, hemos tenido en cuenta todo lo que a los motociclistas les encanta sobre nuestro Capstone original. Entre las caracter\u00edsticas mejoradas de nuestro Capstone Sun Shield II H31 Modular Helmet se incluyen un sistema exclusivo de reemplazo de protector sin herramientas, un ajuste superior liviano que utiliza tecnolog\u00eda CAD y un sistema de comunicaciones mejorado con Bluetooth. Este casco para motocicleta tiene la marca apenas visible y un toque de nuestro ic\u00f3nico color naranja que le da un aspecto cl\u00e1sico que combina con cualquier equipo de motociclismo de H-D. Conoce todas las especificaciones a continuaci\u00f3n.<\/div>\n","protected":false},"featured_media":45714,"template":"","meta":[],"product_brand":[],"product_cat":[45,24],"product_tag":[],"class_list":{"0":"post-45710","1":"product","2":"type-product","3":"status-publish","4":"has-post-thumbnail","6":"product_cat-cascos","7":"product_cat-hombre","8":"pa_talla-l","9":"pa_talla-m","10":"pa_talla-s","11":"pa_talla-xl","12":"pa_talla-xxl","14":"first","15":"instock","16":"taxable","17":"shipping-taxable","18":"purchasable","19":"product-type-variable"},"yoast_head":"<!-- This site is optimized with the Yoast SEO plugin v27.5 - https:\/\/yoast.com\/product\/yoast-seo-wordpress\/ -->\n<title>CASCO MODULAR CAPSTONE SUN SHIELD II - Tienda oficial H-D Toluca<\/title>\n<meta name=\"robots\" content=\"index, follow, max-snippet:-1, max-image-preview:large, max-video-preview:-1\" \/>\n<link rel=\"canonical\" href=\"https:\/\/harleydavidsontoluca.com\/shop\/producto\/casco-modular-capstone-sun-shield-ii\/\" \/>\n<meta property=\"og:locale\" content=\"es_MX\" \/>\n<meta property=\"og:type\" content=\"article\" \/>\n<meta property=\"og:title\" content=\"CASCO MODULAR CAPSTONE SUN SHIELD II - Tienda oficial H-D Toluca\" \/>\n<meta property=\"og:description\" content=\"Para crear esta \u00faltima edici\u00f3n, hemos tenido en cuenta todo lo que a los motociclistas les encanta sobre nuestro Capstone original. Entre las caracter\u00edsticas mejoradas de nuestro Capstone Sun Shield II H31 Modular Helmet se incluyen un sistema exclusivo de reemplazo de protector sin herramientas, un ajuste superior liviano que utiliza tecnolog\u00eda CAD y un sistema de comunicaciones mejorado con Bluetooth. Este casco para motocicleta tiene la marca apenas visible y un toque de nuestro ic\u00f3nico color naranja que le da un aspecto cl\u00e1sico que combina con cualquier equipo de motociclismo de H-D. Conoce todas las especificaciones a continuaci\u00f3n.\" \/>\n<meta property=\"og:url\" content=\"https:\/\/harleydavidsontoluca.com\/shop\/producto\/casco-modular-capstone-sun-shield-ii\/\" \/>\n<meta property=\"og:site_name\" content=\"Tienda oficial H-D Toluca\" \/>\n<meta property=\"article:publisher\" content=\"https:\/\/www.facebook.com\/HarleyDavidsonToluca\" \/>\n<meta property=\"article:modified_time\" content=\"2025-07-10T23:21:48+00:00\" \/>\n<meta property=\"og:image\" content=\"https:\/\/harleydavidsontoluca.com\/shop\/wp-content\/uploads\/2024\/05\/Untitled-Project-2024-05-21T184636.648.jpg\" \/>\n\t<meta property=\"og:image:width\" content=\"1080\" \/>\n\t<meta property=\"og:image:height\" content=\"1080\" \/>\n\t<meta property=\"og:image:type\" content=\"image\/jpeg\" \/>\n<meta name=\"twitter:card\" content=\"summary_large_image\" \/>\n<meta name=\"twitter:label1\" content=\"Tiempo de lectura\" \/>\n\t<meta name=\"twitter:data1\" content=\"1 minuto\" \/>\n<script type=\"application\/ld+json\" class=\"yoast-schema-graph\">{\"@context\":\"https:\\\/\\\/schema.org\",\"@graph\":[{\"@type\":\"WebPage\",\"@id\":\"https:\\\/\\\/harleydavidsontoluca.com\\\/shop\\\/producto\\\/casco-modular-capstone-sun-shield-ii\\\/\",\"url\":\"https:\\\/\\\/harleydavidsontoluca.com\\\/shop\\\/producto\\\/casco-modular-capstone-sun-shield-ii\\\/\",\"name\":\"CASCO MODULAR CAPSTONE SUN SHIELD II - Tienda oficial H-D Toluca\",\"isPartOf\":{\"@id\":\"https:\\\/\\\/harleydavidsontoluca.com\\\/shop\\\/#website\"},\"primaryImageOfPage\":{\"@id\":\"https:\\\/\\\/harleydavidsontoluca.com\\\/shop\\\/producto\\\/casco-modular-capstone-sun-shield-ii\\\/#primaryimage\"},\"image\":{\"@id\":\"https:\\\/\\\/harleydavidsontoluca.com\\\/shop\\\/producto\\\/casco-modular-capstone-sun-shield-ii\\\/#primaryimage\"},\"thumbnailUrl\":\"https:\\\/\\\/harleydavidsontoluca.com\\\/shop\\\/wp-content\\\/uploads\\\/2024\\\/05\\\/Untitled-Project-2024-05-21T184636.648.jpg\",\"datePublished\":\"2024-05-21T23:53:14+00:00\",\"dateModified\":\"2025-07-10T23:21:48+00:00\",\"breadcrumb\":{\"@id\":\"https:\\\/\\\/harleydavidsontoluca.com\\\/shop\\\/producto\\\/casco-modular-capstone-sun-shield-ii\\\/#breadcrumb\"},\"inLanguage\":\"es\",\"potentialAction\":[{\"@type\":\"ReadAction\",\"target\":[\"https:\\\/\\\/harleydavidsontoluca.com\\\/shop\\\/producto\\\/casco-modular-capstone-sun-shield-ii\\\/\"]}]},{\"@type\":\"ImageObject\",\"inLanguage\":\"es\",\"@id\":\"https:\\\/\\\/harleydavidsontoluca.com\\\/shop\\\/producto\\\/casco-modular-capstone-sun-shield-ii\\\/#primaryimage\",\"url\":\"https:\\\/\\\/harleydavidsontoluca.com\\\/shop\\\/wp-content\\\/uploads\\\/2024\\\/05\\\/Untitled-Project-2024-05-21T184636.648.jpg\",\"contentUrl\":\"https:\\\/\\\/harleydavidsontoluca.com\\\/shop\\\/wp-content\\\/uploads\\\/2024\\\/05\\\/Untitled-Project-2024-05-21T184636.648.jpg\",\"width\":1080,\"height\":1080},{\"@type\":\"BreadcrumbList\",\"@id\":\"https:\\\/\\\/harleydavidsontoluca.com\\\/shop\\\/producto\\\/casco-modular-capstone-sun-shield-ii\\\/#breadcrumb\",\"itemListElement\":[{\"@type\":\"ListItem\",\"position\":1,\"name\":\"Portada\",\"item\":\"https:\\\/\\\/harleydavidsontoluca.com\\\/shop\\\/\"},{\"@type\":\"ListItem\",\"position\":2,\"name\":\"Tienda\",\"item\":\"https:\\\/\\\/harleydavidsontoluca.com\\\/shop\\\/tienda\\\/\"},{\"@type\":\"ListItem\",\"position\":3,\"name\":\"CASCO MODULAR CAPSTONE SUN SHIELD II\"}]},{\"@type\":\"WebSite\",\"@id\":\"https:\\\/\\\/harleydavidsontoluca.com\\\/shop\\\/#website\",\"url\":\"https:\\\/\\\/harleydavidsontoluca.com\\\/shop\\\/\",\"name\":\"Shop H-D Toluca\",\"description\":\"Shop H-D Toluca\",\"publisher\":{\"@id\":\"https:\\\/\\\/harleydavidsontoluca.com\\\/shop\\\/#organization\"},\"potentialAction\":[{\"@type\":\"SearchAction\",\"target\":{\"@type\":\"EntryPoint\",\"urlTemplate\":\"https:\\\/\\\/harleydavidsontoluca.com\\\/shop\\\/?s={search_term_string}\"},\"query-input\":{\"@type\":\"PropertyValueSpecification\",\"valueRequired\":true,\"valueName\":\"search_term_string\"}}],\"inLanguage\":\"es\"},{\"@type\":\"Organization\",\"@id\":\"https:\\\/\\\/harleydavidsontoluca.com\\\/shop\\\/#organization\",\"name\":\"Concesionaria Central de Motos\",\"url\":\"https:\\\/\\\/harleydavidsontoluca.com\\\/shop\\\/\",\"logo\":{\"@type\":\"ImageObject\",\"inLanguage\":\"es\",\"@id\":\"https:\\\/\\\/harleydavidsontoluca.com\\\/shop\\\/#\\\/schema\\\/logo\\\/image\\\/\",\"url\":\"https:\\\/\\\/harleydavidsontoluca.com\\\/shop\\\/wp-content\\\/uploads\\\/2024\\\/02\\\/cropped-Logo-512.png\",\"contentUrl\":\"https:\\\/\\\/harleydavidsontoluca.com\\\/shop\\\/wp-content\\\/uploads\\\/2024\\\/02\\\/cropped-Logo-512.png\",\"width\":512,\"height\":512,\"caption\":\"Concesionaria Central de Motos\"},\"image\":{\"@id\":\"https:\\\/\\\/harleydavidsontoluca.com\\\/shop\\\/#\\\/schema\\\/logo\\\/image\\\/\"},\"sameAs\":[\"https:\\\/\\\/www.facebook.com\\\/HarleyDavidsonToluca\",\"https:\\\/\\\/www.instagram.com\\\/hdtoluca\\\/\"]}]}<\/script>\n<!-- \/ Yoast SEO plugin. -->","yoast_head_json":{"title":"CASCO MODULAR CAPSTONE SUN SHIELD II - Tienda oficial H-D Toluca","robots":{"index":"index","follow":"follow","max-snippet":"max-snippet:-1","max-image-preview":"max-image-preview:large","max-video-preview":"max-video-preview:-1"},"canonical":"https:\/\/harleydavidsontoluca.com\/shop\/producto\/casco-modular-capstone-sun-shield-ii\/","og_locale":"es_MX","og_type":"article","og_title":"CASCO MODULAR CAPSTONE SUN SHIELD II - Tienda oficial H-D Toluca","og_description":"Para crear esta \u00faltima edici\u00f3n, hemos tenido en cuenta todo lo que a los motociclistas les encanta sobre nuestro Capstone original. Entre las caracter\u00edsticas mejoradas de nuestro Capstone Sun Shield II H31 Modular Helmet se incluyen un sistema exclusivo de reemplazo de protector sin herramientas, un ajuste superior liviano que utiliza tecnolog\u00eda CAD y un sistema de comunicaciones mejorado con Bluetooth. Este casco para motocicleta tiene la marca apenas visible y un toque de nuestro ic\u00f3nico color naranja que le da un aspecto cl\u00e1sico que combina con cualquier equipo de motociclismo de H-D. Conoce todas las especificaciones a continuaci\u00f3n.","og_url":"https:\/\/harleydavidsontoluca.com\/shop\/producto\/casco-modular-capstone-sun-shield-ii\/","og_site_name":"Tienda oficial H-D Toluca","article_publisher":"https:\/\/www.facebook.com\/HarleyDavidsonToluca","article_modified_time":"2025-07-10T23:21:48+00:00","og_image":[{"width":1080,"height":1080,"url":"https:\/\/harleydavidsontoluca.com\/shop\/wp-content\/uploads\/2024\/05\/Untitled-Project-2024-05-21T184636.648.jpg","type":"image\/jpeg"}],"twitter_card":"summary_large_image","twitter_misc":{"Tiempo de lectura":"1 minuto"},"schema":{"@context":"https:\/\/schema.org","@graph":[{"@type":"WebPage","@id":"https:\/\/harleydavidsontoluca.com\/shop\/producto\/casco-modular-capstone-sun-shield-ii\/","url":"https:\/\/harleydavidsontoluca.com\/shop\/producto\/casco-modular-capstone-sun-shield-ii\/","name":"CASCO MODULAR CAPSTONE SUN SHIELD II - Tienda oficial H-D Toluca","isPartOf":{"@id":"https:\/\/harleydavidsontoluca.com\/shop\/#website"},"primaryImageOfPage":{"@id":"https:\/\/harleydavidsontoluca.com\/shop\/producto\/casco-modular-capstone-sun-shield-ii\/#primaryimage"},"image":{"@id":"https:\/\/harleydavidsontoluca.com\/shop\/producto\/casco-modular-capstone-sun-shield-ii\/#primaryimage"},"thumbnailUrl":"https:\/\/harleydavidsontoluca.com\/shop\/wp-content\/uploads\/2024\/05\/Untitled-Project-2024-05-21T184636.648.jpg","datePublished":"2024-05-21T23:53:14+00:00","dateModified":"2025-07-10T23:21:48+00:00","breadcrumb":{"@id":"https:\/\/harleydavidsontoluca.com\/shop\/producto\/casco-modular-capstone-sun-shield-ii\/#breadcrumb"},"inLanguage":"es","potentialAction":[{"@type":"ReadAction","target":["https:\/\/harleydavidsontoluca.com\/shop\/producto\/casco-modular-capstone-sun-shield-ii\/"]}]},{"@type":"ImageObject","inLanguage":"es","@id":"https:\/\/harleydavidsontoluca.com\/shop\/producto\/casco-modular-capstone-sun-shield-ii\/#primaryimage","url":"https:\/\/harleydavidsontoluca.com\/shop\/wp-content\/uploads\/2024\/05\/Untitled-Project-2024-05-21T184636.648.jpg","contentUrl":"https:\/\/harleydavidsontoluca.com\/shop\/wp-content\/uploads\/2024\/05\/Untitled-Project-2024-05-21T184636.648.jpg","width":1080,"height":1080},{"@type":"BreadcrumbList","@id":"https:\/\/harleydavidsontoluca.com\/shop\/producto\/casco-modular-capstone-sun-shield-ii\/#breadcrumb","itemListElement":[{"@type":"ListItem","position":1,"name":"Portada","item":"https:\/\/harleydavidsontoluca.com\/shop\/"},{"@type":"ListItem","position":2,"name":"Tienda","item":"https:\/\/harleydavidsontoluca.com\/shop\/tienda\/"},{"@type":"ListItem","position":3,"name":"CASCO MODULAR CAPSTONE SUN SHIELD II"}]},{"@type":"WebSite","@id":"https:\/\/harleydavidsontoluca.com\/shop\/#website","url":"https:\/\/harleydavidsontoluca.com\/shop\/","name":"Shop H-D Toluca","description":"Shop H-D Toluca","publisher":{"@id":"https:\/\/harleydavidsontoluca.com\/shop\/#organization"},"potentialAction":[{"@type":"SearchAction","target":{"@type":"EntryPoint","urlTemplate":"https:\/\/harleydavidsontoluca.com\/shop\/?s={search_term_string}"},"query-input":{"@type":"PropertyValueSpecification","valueRequired":true,"valueName":"search_term_string"}}],"inLanguage":"es"},{"@type":"Organization","@id":"https:\/\/harleydavidsontoluca.com\/shop\/#organization","name":"Concesionaria Central de Motos","url":"https:\/\/harleydavidsontoluca.com\/shop\/","logo":{"@type":"ImageObject","inLanguage":"es","@id":"https:\/\/harleydavidsontoluca.com\/shop\/#\/schema\/logo\/image\/","url":"https:\/\/harleydavidsontoluca.com\/shop\/wp-content\/uploads\/2024\/02\/cropped-Logo-512.png","contentUrl":"https:\/\/harleydavidsontoluca.com\/shop\/wp-content\/uploads\/2024\/02\/cropped-Logo-512.png","width":512,"height":512,"caption":"Concesionaria Central de Motos"},"image":{"@id":"https:\/\/harleydavidsontoluca.com\/shop\/#\/schema\/logo\/image\/"},"sameAs":["https:\/\/www.facebook.com\/HarleyDavidsonToluca","https:\/\/www.instagram.com\/hdtoluca\/"]}]}},"_links":{"self":[{"href":"https:\/\/harleydavidsontoluca.com\/shop\/wp-json\/wp\/v2\/product\/45710","targetHints":{"allow":["GET"]}}],"collection":[{"href":"https:\/\/harleydavidsontoluca.com\/shop\/wp-json\/wp\/v2\/product"}],"about":[{"href":"https:\/\/harleydavidsontoluca.com\/shop\/wp-json\/wp\/v2\/types\/product"}],"wp:featuredmedia":[{"embeddable":true,"href":"https:\/\/harleydavidsontoluca.com\/shop\/wp-json\/wp\/v2\/media\/45714"}],"wp:attachment":[{"href":"https:\/\/harleydavidsontoluca.com\/shop\/wp-json\/wp\/v2\/media?parent=45710"}],"wp:term":[{"taxonomy":"product_brand","embeddable":true,"href":"https:\/\/harleydavidsontoluca.com\/shop\/wp-json\/wp\/v2\/product_brand?post=45710"},{"taxonomy":"product_cat","embeddable":true,"href":"https:\/\/harleydavidsontoluca.com\/shop\/wp-json\/wp\/v2\/product_cat?post=45710"},{"taxonomy":"product_tag","embeddable":true,"href":"https:\/\/harleydavidsontoluca.com\/shop\/wp-json\/wp\/v2\/product_tag?post=45710"}],"curies":[{"name":"wp","href":"https:\/\/api.w.org\/{rel}","templated":true}]}}