
{"id":45570,"date":"2024-05-10T12:12:24","date_gmt":"2024-05-10T17:12:24","guid":{"rendered":"https:\/\/harleydavidsontoluca.com\/shop\/?post_type=product&#038;p=45570"},"modified":"2024-05-10T13:22:50","modified_gmt":"2024-05-10T18:22:50","slug":"cubierta-de-inspeccion-del-embrague-de-la-coleccion-66","status":"publish","type":"product","link":"https:\/\/harleydavidsontoluca.com\/shop\/producto\/cubierta-de-inspeccion-del-embrague-de-la-coleccion-66\/","title":{"rendered":"CUBIERTA DE INSPECCI\u00d3N DEL EMBRAGUE DE LA COLECCI\u00d3N 66"},"content":{"rendered":"<p>El aspecto es atemporal y aut\u00e9ntico. El estilo artesanal de los accesorios de la Colecci\u00f3n \u201866 combina un duradero acabado en color negro brillante con toques de aluminio cepillado y, en la mayor\u00eda de las piezas, un medall\u00f3n de color cobrizo inspirado en un emblema cl\u00e1sico del tanque de Harley-Davidson. He aqu\u00ed una alternativa a los estilos cromados brillantes o ennegrecidos que diferenciar\u00e1 su moto de las dem\u00e1s, 2023.<\/p>\n","protected":false},"excerpt":{"rendered":"<pre id=\"tw-target-text\" class=\"tw-data-text tw-text-large tw-ta\" dir=\"ltr\" data-placeholder=\"Traducci\u00f3n\" aria-label=\"Texto traducido\" data-ved=\"2ahUKEwjgiMPXyYOGAxVqD0QIHWh2DpMQ3ewLegQIBRAU\"><span class=\"Y2IQFc\" lang=\"es\">\u2022 Acabado duradero en negro brillante con detalles de aluminio cepillado\r\n\u2022 Medall\u00f3n de color lat\u00f3n inspirado en un emblema cl\u00e1sico del tanque Harley-Davidson para un estilo retro con un toque moderno\r\n\u2022 F\u00e1cil de instalar\r\n\u2022 Incluye accesorios de montaje\r\n\u2022 Completa esta apariencia personalizada con accesorios adicionales de la Colecci\u00f3n '66<\/span><\/pre>\n","protected":false},"featured_media":45598,"template":"","meta":[],"product_brand":[],"product_cat":[83],"product_tag":[],"class_list":{"0":"post-45570","1":"product","2":"type-product","3":"status-publish","4":"has-post-thumbnail","6":"product_cat-partesyaccesoriosparamotos","8":"first","9":"instock","10":"taxable","11":"shipping-taxable","12":"purchasable","13":"product-type-simple"},"yoast_head":"<!-- This site is optimized with the Yoast SEO plugin v27.4 - https:\/\/yoast.com\/product\/yoast-seo-wordpress\/ -->\n<title>CUBIERTA DE INSPECCI\u00d3N DEL EMBRAGUE DE LA COLECCI\u00d3N 66 - Tienda oficial H-D Toluca<\/title>\n<meta name=\"robots\" content=\"index, follow, max-snippet:-1, max-image-preview:large, max-video-preview:-1\" \/>\n<link rel=\"canonical\" href=\"https:\/\/harleydavidsontoluca.com\/shop\/producto\/cubierta-de-inspeccion-del-embrague-de-la-coleccion-66\/\" \/>\n<meta property=\"og:locale\" content=\"es_MX\" \/>\n<meta property=\"og:type\" content=\"article\" \/>\n<meta property=\"og:title\" content=\"CUBIERTA DE INSPECCI\u00d3N DEL EMBRAGUE DE LA COLECCI\u00d3N 66 - Tienda oficial H-D Toluca\" \/>\n<meta property=\"og:description\" content=\"\u2022 Acabado duradero en negro brillante con detalles de aluminio cepillado \u2022 Medall\u00f3n de color lat\u00f3n inspirado en un emblema cl\u00e1sico del tanque Harley-Davidson para un estilo retro con un toque moderno \u2022 F\u00e1cil de instalar \u2022 Incluye accesorios de montaje \u2022 Completa esta apariencia personalizada con accesorios adicionales de la Colecci\u00f3n &#039;66\" \/>\n<meta property=\"og:url\" content=\"https:\/\/harleydavidsontoluca.com\/shop\/producto\/cubierta-de-inspeccion-del-embrague-de-la-coleccion-66\/\" \/>\n<meta property=\"og:site_name\" content=\"Tienda oficial H-D Toluca\" \/>\n<meta property=\"article:publisher\" content=\"https:\/\/www.facebook.com\/HarleyDavidsonToluca\" \/>\n<meta property=\"article:modified_time\" content=\"2024-05-10T18:22:50+00:00\" \/>\n<meta property=\"og:image\" content=\"https:\/\/harleydavidsontoluca.com\/shop\/wp-content\/uploads\/2024\/05\/Untitled-Project-86.jpg\" \/>\n\t<meta property=\"og:image:width\" content=\"1080\" \/>\n\t<meta property=\"og:image:height\" content=\"1080\" \/>\n\t<meta property=\"og:image:type\" content=\"image\/jpeg\" \/>\n<meta name=\"twitter:card\" content=\"summary_large_image\" \/>\n<meta name=\"twitter:label1\" content=\"Tiempo de lectura\" \/>\n\t<meta name=\"twitter:data1\" content=\"1 minuto\" \/>\n<script type=\"application\/ld+json\" class=\"yoast-schema-graph\">{\"@context\":\"https:\\\/\\\/schema.org\",\"@graph\":[{\"@type\":\"WebPage\",\"@id\":\"https:\\\/\\\/harleydavidsontoluca.com\\\/shop\\\/producto\\\/cubierta-de-inspeccion-del-embrague-de-la-coleccion-66\\\/\",\"url\":\"https:\\\/\\\/harleydavidsontoluca.com\\\/shop\\\/producto\\\/cubierta-de-inspeccion-del-embrague-de-la-coleccion-66\\\/\",\"name\":\"CUBIERTA DE INSPECCI\u00d3N DEL EMBRAGUE DE LA COLECCI\u00d3N 66 - Tienda oficial H-D Toluca\",\"isPartOf\":{\"@id\":\"https:\\\/\\\/harleydavidsontoluca.com\\\/shop\\\/#website\"},\"primaryImageOfPage\":{\"@id\":\"https:\\\/\\\/harleydavidsontoluca.com\\\/shop\\\/producto\\\/cubierta-de-inspeccion-del-embrague-de-la-coleccion-66\\\/#primaryimage\"},\"image\":{\"@id\":\"https:\\\/\\\/harleydavidsontoluca.com\\\/shop\\\/producto\\\/cubierta-de-inspeccion-del-embrague-de-la-coleccion-66\\\/#primaryimage\"},\"thumbnailUrl\":\"https:\\\/\\\/harleydavidsontoluca.com\\\/shop\\\/wp-content\\\/uploads\\\/2024\\\/05\\\/Untitled-Project-86.jpg\",\"datePublished\":\"2024-05-10T17:12:24+00:00\",\"dateModified\":\"2024-05-10T18:22:50+00:00\",\"breadcrumb\":{\"@id\":\"https:\\\/\\\/harleydavidsontoluca.com\\\/shop\\\/producto\\\/cubierta-de-inspeccion-del-embrague-de-la-coleccion-66\\\/#breadcrumb\"},\"inLanguage\":\"es\",\"potentialAction\":[{\"@type\":\"ReadAction\",\"target\":[\"https:\\\/\\\/harleydavidsontoluca.com\\\/shop\\\/producto\\\/cubierta-de-inspeccion-del-embrague-de-la-coleccion-66\\\/\"]}]},{\"@type\":\"ImageObject\",\"inLanguage\":\"es\",\"@id\":\"https:\\\/\\\/harleydavidsontoluca.com\\\/shop\\\/producto\\\/cubierta-de-inspeccion-del-embrague-de-la-coleccion-66\\\/#primaryimage\",\"url\":\"https:\\\/\\\/harleydavidsontoluca.com\\\/shop\\\/wp-content\\\/uploads\\\/2024\\\/05\\\/Untitled-Project-86.jpg\",\"contentUrl\":\"https:\\\/\\\/harleydavidsontoluca.com\\\/shop\\\/wp-content\\\/uploads\\\/2024\\\/05\\\/Untitled-Project-86.jpg\",\"width\":1080,\"height\":1080},{\"@type\":\"BreadcrumbList\",\"@id\":\"https:\\\/\\\/harleydavidsontoluca.com\\\/shop\\\/producto\\\/cubierta-de-inspeccion-del-embrague-de-la-coleccion-66\\\/#breadcrumb\",\"itemListElement\":[{\"@type\":\"ListItem\",\"position\":1,\"name\":\"Portada\",\"item\":\"https:\\\/\\\/harleydavidsontoluca.com\\\/shop\\\/\"},{\"@type\":\"ListItem\",\"position\":2,\"name\":\"Tienda\",\"item\":\"https:\\\/\\\/harleydavidsontoluca.com\\\/shop\\\/tienda\\\/\"},{\"@type\":\"ListItem\",\"position\":3,\"name\":\"CUBIERTA DE INSPECCI\u00d3N DEL EMBRAGUE DE LA COLECCI\u00d3N 66\"}]},{\"@type\":\"WebSite\",\"@id\":\"https:\\\/\\\/harleydavidsontoluca.com\\\/shop\\\/#website\",\"url\":\"https:\\\/\\\/harleydavidsontoluca.com\\\/shop\\\/\",\"name\":\"Shop H-D Toluca\",\"description\":\"Shop H-D Toluca\",\"publisher\":{\"@id\":\"https:\\\/\\\/harleydavidsontoluca.com\\\/shop\\\/#organization\"},\"potentialAction\":[{\"@type\":\"SearchAction\",\"target\":{\"@type\":\"EntryPoint\",\"urlTemplate\":\"https:\\\/\\\/harleydavidsontoluca.com\\\/shop\\\/?s={search_term_string}\"},\"query-input\":{\"@type\":\"PropertyValueSpecification\",\"valueRequired\":true,\"valueName\":\"search_term_string\"}}],\"inLanguage\":\"es\"},{\"@type\":\"Organization\",\"@id\":\"https:\\\/\\\/harleydavidsontoluca.com\\\/shop\\\/#organization\",\"name\":\"Concesionaria Central de Motos\",\"url\":\"https:\\\/\\\/harleydavidsontoluca.com\\\/shop\\\/\",\"logo\":{\"@type\":\"ImageObject\",\"inLanguage\":\"es\",\"@id\":\"https:\\\/\\\/harleydavidsontoluca.com\\\/shop\\\/#\\\/schema\\\/logo\\\/image\\\/\",\"url\":\"https:\\\/\\\/harleydavidsontoluca.com\\\/shop\\\/wp-content\\\/uploads\\\/2024\\\/02\\\/cropped-Logo-512.png\",\"contentUrl\":\"https:\\\/\\\/harleydavidsontoluca.com\\\/shop\\\/wp-content\\\/uploads\\\/2024\\\/02\\\/cropped-Logo-512.png\",\"width\":512,\"height\":512,\"caption\":\"Concesionaria Central de Motos\"},\"image\":{\"@id\":\"https:\\\/\\\/harleydavidsontoluca.com\\\/shop\\\/#\\\/schema\\\/logo\\\/image\\\/\"},\"sameAs\":[\"https:\\\/\\\/www.facebook.com\\\/HarleyDavidsonToluca\",\"https:\\\/\\\/www.instagram.com\\\/hdtoluca\\\/\"]}]}<\/script>\n<!-- \/ Yoast SEO plugin. -->","yoast_head_json":{"title":"CUBIERTA DE INSPECCI\u00d3N DEL EMBRAGUE DE LA COLECCI\u00d3N 66 - Tienda oficial H-D Toluca","robots":{"index":"index","follow":"follow","max-snippet":"max-snippet:-1","max-image-preview":"max-image-preview:large","max-video-preview":"max-video-preview:-1"},"canonical":"https:\/\/harleydavidsontoluca.com\/shop\/producto\/cubierta-de-inspeccion-del-embrague-de-la-coleccion-66\/","og_locale":"es_MX","og_type":"article","og_title":"CUBIERTA DE INSPECCI\u00d3N DEL EMBRAGUE DE LA COLECCI\u00d3N 66 - Tienda oficial H-D Toluca","og_description":"\u2022 Acabado duradero en negro brillante con detalles de aluminio cepillado \u2022 Medall\u00f3n de color lat\u00f3n inspirado en un emblema cl\u00e1sico del tanque Harley-Davidson para un estilo retro con un toque moderno \u2022 F\u00e1cil de instalar \u2022 Incluye accesorios de montaje \u2022 Completa esta apariencia personalizada con accesorios adicionales de la Colecci\u00f3n '66","og_url":"https:\/\/harleydavidsontoluca.com\/shop\/producto\/cubierta-de-inspeccion-del-embrague-de-la-coleccion-66\/","og_site_name":"Tienda oficial H-D Toluca","article_publisher":"https:\/\/www.facebook.com\/HarleyDavidsonToluca","article_modified_time":"2024-05-10T18:22:50+00:00","og_image":[{"width":1080,"height":1080,"url":"https:\/\/harleydavidsontoluca.com\/shop\/wp-content\/uploads\/2024\/05\/Untitled-Project-86.jpg","type":"image\/jpeg"}],"twitter_card":"summary_large_image","twitter_misc":{"Tiempo de lectura":"1 minuto"},"schema":{"@context":"https:\/\/schema.org","@graph":[{"@type":"WebPage","@id":"https:\/\/harleydavidsontoluca.com\/shop\/producto\/cubierta-de-inspeccion-del-embrague-de-la-coleccion-66\/","url":"https:\/\/harleydavidsontoluca.com\/shop\/producto\/cubierta-de-inspeccion-del-embrague-de-la-coleccion-66\/","name":"CUBIERTA DE INSPECCI\u00d3N DEL EMBRAGUE DE LA COLECCI\u00d3N 66 - Tienda oficial H-D Toluca","isPartOf":{"@id":"https:\/\/harleydavidsontoluca.com\/shop\/#website"},"primaryImageOfPage":{"@id":"https:\/\/harleydavidsontoluca.com\/shop\/producto\/cubierta-de-inspeccion-del-embrague-de-la-coleccion-66\/#primaryimage"},"image":{"@id":"https:\/\/harleydavidsontoluca.com\/shop\/producto\/cubierta-de-inspeccion-del-embrague-de-la-coleccion-66\/#primaryimage"},"thumbnailUrl":"https:\/\/harleydavidsontoluca.com\/shop\/wp-content\/uploads\/2024\/05\/Untitled-Project-86.jpg","datePublished":"2024-05-10T17:12:24+00:00","dateModified":"2024-05-10T18:22:50+00:00","breadcrumb":{"@id":"https:\/\/harleydavidsontoluca.com\/shop\/producto\/cubierta-de-inspeccion-del-embrague-de-la-coleccion-66\/#breadcrumb"},"inLanguage":"es","potentialAction":[{"@type":"ReadAction","target":["https:\/\/harleydavidsontoluca.com\/shop\/producto\/cubierta-de-inspeccion-del-embrague-de-la-coleccion-66\/"]}]},{"@type":"ImageObject","inLanguage":"es","@id":"https:\/\/harleydavidsontoluca.com\/shop\/producto\/cubierta-de-inspeccion-del-embrague-de-la-coleccion-66\/#primaryimage","url":"https:\/\/harleydavidsontoluca.com\/shop\/wp-content\/uploads\/2024\/05\/Untitled-Project-86.jpg","contentUrl":"https:\/\/harleydavidsontoluca.com\/shop\/wp-content\/uploads\/2024\/05\/Untitled-Project-86.jpg","width":1080,"height":1080},{"@type":"BreadcrumbList","@id":"https:\/\/harleydavidsontoluca.com\/shop\/producto\/cubierta-de-inspeccion-del-embrague-de-la-coleccion-66\/#breadcrumb","itemListElement":[{"@type":"ListItem","position":1,"name":"Portada","item":"https:\/\/harleydavidsontoluca.com\/shop\/"},{"@type":"ListItem","position":2,"name":"Tienda","item":"https:\/\/harleydavidsontoluca.com\/shop\/tienda\/"},{"@type":"ListItem","position":3,"name":"CUBIERTA DE INSPECCI\u00d3N DEL EMBRAGUE DE LA COLECCI\u00d3N 66"}]},{"@type":"WebSite","@id":"https:\/\/harleydavidsontoluca.com\/shop\/#website","url":"https:\/\/harleydavidsontoluca.com\/shop\/","name":"Shop H-D Toluca","description":"Shop H-D Toluca","publisher":{"@id":"https:\/\/harleydavidsontoluca.com\/shop\/#organization"},"potentialAction":[{"@type":"SearchAction","target":{"@type":"EntryPoint","urlTemplate":"https:\/\/harleydavidsontoluca.com\/shop\/?s={search_term_string}"},"query-input":{"@type":"PropertyValueSpecification","valueRequired":true,"valueName":"search_term_string"}}],"inLanguage":"es"},{"@type":"Organization","@id":"https:\/\/harleydavidsontoluca.com\/shop\/#organization","name":"Concesionaria Central de Motos","url":"https:\/\/harleydavidsontoluca.com\/shop\/","logo":{"@type":"ImageObject","inLanguage":"es","@id":"https:\/\/harleydavidsontoluca.com\/shop\/#\/schema\/logo\/image\/","url":"https:\/\/harleydavidsontoluca.com\/shop\/wp-content\/uploads\/2024\/02\/cropped-Logo-512.png","contentUrl":"https:\/\/harleydavidsontoluca.com\/shop\/wp-content\/uploads\/2024\/02\/cropped-Logo-512.png","width":512,"height":512,"caption":"Concesionaria Central de Motos"},"image":{"@id":"https:\/\/harleydavidsontoluca.com\/shop\/#\/schema\/logo\/image\/"},"sameAs":["https:\/\/www.facebook.com\/HarleyDavidsonToluca","https:\/\/www.instagram.com\/hdtoluca\/"]}]}},"_links":{"self":[{"href":"https:\/\/harleydavidsontoluca.com\/shop\/wp-json\/wp\/v2\/product\/45570","targetHints":{"allow":["GET"]}}],"collection":[{"href":"https:\/\/harleydavidsontoluca.com\/shop\/wp-json\/wp\/v2\/product"}],"about":[{"href":"https:\/\/harleydavidsontoluca.com\/shop\/wp-json\/wp\/v2\/types\/product"}],"wp:featuredmedia":[{"embeddable":true,"href":"https:\/\/harleydavidsontoluca.com\/shop\/wp-json\/wp\/v2\/media\/45598"}],"wp:attachment":[{"href":"https:\/\/harleydavidsontoluca.com\/shop\/wp-json\/wp\/v2\/media?parent=45570"}],"wp:term":[{"taxonomy":"product_brand","embeddable":true,"href":"https:\/\/harleydavidsontoluca.com\/shop\/wp-json\/wp\/v2\/product_brand?post=45570"},{"taxonomy":"product_cat","embeddable":true,"href":"https:\/\/harleydavidsontoluca.com\/shop\/wp-json\/wp\/v2\/product_cat?post=45570"},{"taxonomy":"product_tag","embeddable":true,"href":"https:\/\/harleydavidsontoluca.com\/shop\/wp-json\/wp\/v2\/product_tag?post=45570"}],"curies":[{"name":"wp","href":"https:\/\/api.w.org\/{rel}","templated":true}]}}