
{"id":45283,"date":"2024-03-13T12:11:38","date_gmt":"2024-03-13T18:11:38","guid":{"rendered":"https:\/\/harleydavidsontoluca.com\/shop\/?post_type=product&#038;p=45283"},"modified":"2025-12-23T14:38:51","modified_gmt":"2025-12-23T20:38:51","slug":"chaqueta-glide-switchback-lite-para-hombre","status":"publish","type":"product","link":"https:\/\/harleydavidsontoluca.com\/shop\/producto\/chaqueta-glide-switchback-lite-para-hombre\/","title":{"rendered":"CHAMARRA PARA HOMBRE GLIDE SWITCHBACK LITE"},"content":{"rendered":"<div>La m\u00e1xima ventilaci\u00f3n para una conducci\u00f3n m\u00e1s c\u00f3moda est\u00e1 aqu\u00ed en nuestra chaqueta de montar Glide Switchback Lite.\u00a0Su construcci\u00f3n de nailon ultraduradero cuenta con muchos bolsillos con cremallera para guardar tus elementos esenciales y material reflectante para mejorar la visibilidad.<\/div>\n<ul>\n<li class=\"mt-3\">\u2022\u00a0<span class=\"b2\">Mant\u00e9ngase fresco:\u00a0<\/span>Ventilaci\u00f3n reversible para el flujo de aire.<\/li>\n<li class=\"mt-3\">\u2022\u00a0<span class=\"b2\">Ajuste y movilidad:\u00a0<\/span>mangas articuladas y precurvadas.\u00a0Acci\u00f3n de regreso.<\/li>\n<li class=\"mt-3\">\u2022\u00a0<span class=\"b2\">Materiales:\u00a0<\/span>100% nailon de tejido tafet\u00e1n pesado.\u00a0Forro de malla 100% poli\u00e9ster.<\/li>\n<li class=\"mt-3\">\u2022\u00a0<span class=\"b2\">Cierre:\u00a0<\/span>Cremallera frontal de dos direcciones.\u00a0Pu\u00f1os con cremallera.<\/li>\n<li class=\"mt-3\">\u2022\u00a0<span class=\"b2\">Bolsillos:\u00a0<\/span>Bolsillos calientamanos con cremallera.\u00a0Un bolsillo interior oculto y un bolsillo interior con cremallera.<\/li>\n<\/ul>\n","protected":false},"excerpt":{"rendered":"<p>La m\u00e1xima ventilaci\u00f3n para una conducci\u00f3n m\u00e1s c\u00f3moda est\u00e1 aqu\u00ed en nuestra chaqueta de montar Glide Switchback Lite.\u00a0Su construcci\u00f3n de nailon ultraduradero cuenta con muchos bolsillos con cremallera para guardar tus elementos esenciales y material reflectante para mejorar la visibilidad.<\/p>\n","protected":false},"featured_media":45288,"template":"","meta":[],"product_brand":[],"product_cat":[36,24],"product_tag":[],"class_list":{"0":"post-45283","1":"product","2":"type-product","3":"status-publish","4":"has-post-thumbnail","6":"product_cat-chamarra-para-rodar","7":"product_cat-hombre","8":"pa_talla-l","9":"pa_talla-m","10":"pa_talla-s","11":"pa_talla-xl","12":"pa_talla-xxl","14":"first","15":"instock","16":"taxable","17":"shipping-taxable","18":"purchasable","19":"product-type-variable"},"yoast_head":"<!-- This site is optimized with the Yoast SEO plugin v27.5 - https:\/\/yoast.com\/product\/yoast-seo-wordpress\/ -->\n<title>CHAMARRA PARA HOMBRE GLIDE SWITCHBACK LITE - Tienda oficial H-D Toluca<\/title>\n<meta name=\"robots\" content=\"index, follow, max-snippet:-1, max-image-preview:large, max-video-preview:-1\" \/>\n<link rel=\"canonical\" href=\"https:\/\/harleydavidsontoluca.com\/shop\/producto\/chaqueta-glide-switchback-lite-para-hombre\/\" \/>\n<meta property=\"og:locale\" content=\"es_MX\" \/>\n<meta property=\"og:type\" content=\"article\" \/>\n<meta property=\"og:title\" content=\"CHAMARRA PARA HOMBRE GLIDE SWITCHBACK LITE - Tienda oficial H-D Toluca\" \/>\n<meta property=\"og:description\" content=\"La m\u00e1xima ventilaci\u00f3n para una conducci\u00f3n m\u00e1s c\u00f3moda est\u00e1 aqu\u00ed en nuestra chaqueta de montar Glide Switchback Lite.\u00a0Su construcci\u00f3n de nailon ultraduradero cuenta con muchos bolsillos con cremallera para guardar tus elementos esenciales y material reflectante para mejorar la visibilidad.\" \/>\n<meta property=\"og:url\" content=\"https:\/\/harleydavidsontoluca.com\/shop\/producto\/chaqueta-glide-switchback-lite-para-hombre\/\" \/>\n<meta property=\"og:site_name\" content=\"Tienda oficial H-D Toluca\" \/>\n<meta property=\"article:publisher\" content=\"https:\/\/www.facebook.com\/HarleyDavidsonToluca\" \/>\n<meta property=\"article:modified_time\" content=\"2025-12-23T20:38:51+00:00\" \/>\n<meta property=\"og:image\" content=\"https:\/\/harleydavidsontoluca.com\/shop\/wp-content\/uploads\/2024\/03\/Untitled-Project-24.jpg\" \/>\n\t<meta property=\"og:image:width\" content=\"1080\" \/>\n\t<meta property=\"og:image:height\" content=\"1080\" \/>\n\t<meta property=\"og:image:type\" content=\"image\/jpeg\" \/>\n<meta name=\"twitter:card\" content=\"summary_large_image\" \/>\n<meta name=\"twitter:label1\" content=\"Tiempo de lectura\" \/>\n\t<meta name=\"twitter:data1\" content=\"1 minuto\" \/>\n<script type=\"application\/ld+json\" class=\"yoast-schema-graph\">{\"@context\":\"https:\\\/\\\/schema.org\",\"@graph\":[{\"@type\":\"WebPage\",\"@id\":\"https:\\\/\\\/harleydavidsontoluca.com\\\/shop\\\/producto\\\/chaqueta-glide-switchback-lite-para-hombre\\\/\",\"url\":\"https:\\\/\\\/harleydavidsontoluca.com\\\/shop\\\/producto\\\/chaqueta-glide-switchback-lite-para-hombre\\\/\",\"name\":\"CHAMARRA PARA HOMBRE GLIDE SWITCHBACK LITE - Tienda oficial H-D Toluca\",\"isPartOf\":{\"@id\":\"https:\\\/\\\/harleydavidsontoluca.com\\\/shop\\\/#website\"},\"primaryImageOfPage\":{\"@id\":\"https:\\\/\\\/harleydavidsontoluca.com\\\/shop\\\/producto\\\/chaqueta-glide-switchback-lite-para-hombre\\\/#primaryimage\"},\"image\":{\"@id\":\"https:\\\/\\\/harleydavidsontoluca.com\\\/shop\\\/producto\\\/chaqueta-glide-switchback-lite-para-hombre\\\/#primaryimage\"},\"thumbnailUrl\":\"https:\\\/\\\/harleydavidsontoluca.com\\\/shop\\\/wp-content\\\/uploads\\\/2024\\\/03\\\/Untitled-Project-24.jpg\",\"datePublished\":\"2024-03-13T18:11:38+00:00\",\"dateModified\":\"2025-12-23T20:38:51+00:00\",\"breadcrumb\":{\"@id\":\"https:\\\/\\\/harleydavidsontoluca.com\\\/shop\\\/producto\\\/chaqueta-glide-switchback-lite-para-hombre\\\/#breadcrumb\"},\"inLanguage\":\"es\",\"potentialAction\":[{\"@type\":\"ReadAction\",\"target\":[\"https:\\\/\\\/harleydavidsontoluca.com\\\/shop\\\/producto\\\/chaqueta-glide-switchback-lite-para-hombre\\\/\"]}]},{\"@type\":\"ImageObject\",\"inLanguage\":\"es\",\"@id\":\"https:\\\/\\\/harleydavidsontoluca.com\\\/shop\\\/producto\\\/chaqueta-glide-switchback-lite-para-hombre\\\/#primaryimage\",\"url\":\"https:\\\/\\\/harleydavidsontoluca.com\\\/shop\\\/wp-content\\\/uploads\\\/2024\\\/03\\\/Untitled-Project-24.jpg\",\"contentUrl\":\"https:\\\/\\\/harleydavidsontoluca.com\\\/shop\\\/wp-content\\\/uploads\\\/2024\\\/03\\\/Untitled-Project-24.jpg\",\"width\":1080,\"height\":1080},{\"@type\":\"BreadcrumbList\",\"@id\":\"https:\\\/\\\/harleydavidsontoluca.com\\\/shop\\\/producto\\\/chaqueta-glide-switchback-lite-para-hombre\\\/#breadcrumb\",\"itemListElement\":[{\"@type\":\"ListItem\",\"position\":1,\"name\":\"Portada\",\"item\":\"https:\\\/\\\/harleydavidsontoluca.com\\\/shop\\\/\"},{\"@type\":\"ListItem\",\"position\":2,\"name\":\"Tienda\",\"item\":\"https:\\\/\\\/harleydavidsontoluca.com\\\/shop\\\/tienda\\\/\"},{\"@type\":\"ListItem\",\"position\":3,\"name\":\"CHAMARRA PARA HOMBRE GLIDE SWITCHBACK LITE\"}]},{\"@type\":\"WebSite\",\"@id\":\"https:\\\/\\\/harleydavidsontoluca.com\\\/shop\\\/#website\",\"url\":\"https:\\\/\\\/harleydavidsontoluca.com\\\/shop\\\/\",\"name\":\"Shop H-D Toluca\",\"description\":\"Shop H-D Toluca\",\"publisher\":{\"@id\":\"https:\\\/\\\/harleydavidsontoluca.com\\\/shop\\\/#organization\"},\"potentialAction\":[{\"@type\":\"SearchAction\",\"target\":{\"@type\":\"EntryPoint\",\"urlTemplate\":\"https:\\\/\\\/harleydavidsontoluca.com\\\/shop\\\/?s={search_term_string}\"},\"query-input\":{\"@type\":\"PropertyValueSpecification\",\"valueRequired\":true,\"valueName\":\"search_term_string\"}}],\"inLanguage\":\"es\"},{\"@type\":\"Organization\",\"@id\":\"https:\\\/\\\/harleydavidsontoluca.com\\\/shop\\\/#organization\",\"name\":\"Concesionaria Central de Motos\",\"url\":\"https:\\\/\\\/harleydavidsontoluca.com\\\/shop\\\/\",\"logo\":{\"@type\":\"ImageObject\",\"inLanguage\":\"es\",\"@id\":\"https:\\\/\\\/harleydavidsontoluca.com\\\/shop\\\/#\\\/schema\\\/logo\\\/image\\\/\",\"url\":\"https:\\\/\\\/harleydavidsontoluca.com\\\/shop\\\/wp-content\\\/uploads\\\/2024\\\/02\\\/cropped-Logo-512.png\",\"contentUrl\":\"https:\\\/\\\/harleydavidsontoluca.com\\\/shop\\\/wp-content\\\/uploads\\\/2024\\\/02\\\/cropped-Logo-512.png\",\"width\":512,\"height\":512,\"caption\":\"Concesionaria Central de Motos\"},\"image\":{\"@id\":\"https:\\\/\\\/harleydavidsontoluca.com\\\/shop\\\/#\\\/schema\\\/logo\\\/image\\\/\"},\"sameAs\":[\"https:\\\/\\\/www.facebook.com\\\/HarleyDavidsonToluca\",\"https:\\\/\\\/www.instagram.com\\\/hdtoluca\\\/\"]}]}<\/script>\n<!-- \/ Yoast SEO plugin. -->","yoast_head_json":{"title":"CHAMARRA PARA HOMBRE GLIDE SWITCHBACK LITE - Tienda oficial H-D Toluca","robots":{"index":"index","follow":"follow","max-snippet":"max-snippet:-1","max-image-preview":"max-image-preview:large","max-video-preview":"max-video-preview:-1"},"canonical":"https:\/\/harleydavidsontoluca.com\/shop\/producto\/chaqueta-glide-switchback-lite-para-hombre\/","og_locale":"es_MX","og_type":"article","og_title":"CHAMARRA PARA HOMBRE GLIDE SWITCHBACK LITE - Tienda oficial H-D Toluca","og_description":"La m\u00e1xima ventilaci\u00f3n para una conducci\u00f3n m\u00e1s c\u00f3moda est\u00e1 aqu\u00ed en nuestra chaqueta de montar Glide Switchback Lite.\u00a0Su construcci\u00f3n de nailon ultraduradero cuenta con muchos bolsillos con cremallera para guardar tus elementos esenciales y material reflectante para mejorar la visibilidad.","og_url":"https:\/\/harleydavidsontoluca.com\/shop\/producto\/chaqueta-glide-switchback-lite-para-hombre\/","og_site_name":"Tienda oficial H-D Toluca","article_publisher":"https:\/\/www.facebook.com\/HarleyDavidsonToluca","article_modified_time":"2025-12-23T20:38:51+00:00","og_image":[{"width":1080,"height":1080,"url":"https:\/\/harleydavidsontoluca.com\/shop\/wp-content\/uploads\/2024\/03\/Untitled-Project-24.jpg","type":"image\/jpeg"}],"twitter_card":"summary_large_image","twitter_misc":{"Tiempo de lectura":"1 minuto"},"schema":{"@context":"https:\/\/schema.org","@graph":[{"@type":"WebPage","@id":"https:\/\/harleydavidsontoluca.com\/shop\/producto\/chaqueta-glide-switchback-lite-para-hombre\/","url":"https:\/\/harleydavidsontoluca.com\/shop\/producto\/chaqueta-glide-switchback-lite-para-hombre\/","name":"CHAMARRA PARA HOMBRE GLIDE SWITCHBACK LITE - Tienda oficial H-D Toluca","isPartOf":{"@id":"https:\/\/harleydavidsontoluca.com\/shop\/#website"},"primaryImageOfPage":{"@id":"https:\/\/harleydavidsontoluca.com\/shop\/producto\/chaqueta-glide-switchback-lite-para-hombre\/#primaryimage"},"image":{"@id":"https:\/\/harleydavidsontoluca.com\/shop\/producto\/chaqueta-glide-switchback-lite-para-hombre\/#primaryimage"},"thumbnailUrl":"https:\/\/harleydavidsontoluca.com\/shop\/wp-content\/uploads\/2024\/03\/Untitled-Project-24.jpg","datePublished":"2024-03-13T18:11:38+00:00","dateModified":"2025-12-23T20:38:51+00:00","breadcrumb":{"@id":"https:\/\/harleydavidsontoluca.com\/shop\/producto\/chaqueta-glide-switchback-lite-para-hombre\/#breadcrumb"},"inLanguage":"es","potentialAction":[{"@type":"ReadAction","target":["https:\/\/harleydavidsontoluca.com\/shop\/producto\/chaqueta-glide-switchback-lite-para-hombre\/"]}]},{"@type":"ImageObject","inLanguage":"es","@id":"https:\/\/harleydavidsontoluca.com\/shop\/producto\/chaqueta-glide-switchback-lite-para-hombre\/#primaryimage","url":"https:\/\/harleydavidsontoluca.com\/shop\/wp-content\/uploads\/2024\/03\/Untitled-Project-24.jpg","contentUrl":"https:\/\/harleydavidsontoluca.com\/shop\/wp-content\/uploads\/2024\/03\/Untitled-Project-24.jpg","width":1080,"height":1080},{"@type":"BreadcrumbList","@id":"https:\/\/harleydavidsontoluca.com\/shop\/producto\/chaqueta-glide-switchback-lite-para-hombre\/#breadcrumb","itemListElement":[{"@type":"ListItem","position":1,"name":"Portada","item":"https:\/\/harleydavidsontoluca.com\/shop\/"},{"@type":"ListItem","position":2,"name":"Tienda","item":"https:\/\/harleydavidsontoluca.com\/shop\/tienda\/"},{"@type":"ListItem","position":3,"name":"CHAMARRA PARA HOMBRE GLIDE SWITCHBACK LITE"}]},{"@type":"WebSite","@id":"https:\/\/harleydavidsontoluca.com\/shop\/#website","url":"https:\/\/harleydavidsontoluca.com\/shop\/","name":"Shop H-D Toluca","description":"Shop H-D Toluca","publisher":{"@id":"https:\/\/harleydavidsontoluca.com\/shop\/#organization"},"potentialAction":[{"@type":"SearchAction","target":{"@type":"EntryPoint","urlTemplate":"https:\/\/harleydavidsontoluca.com\/shop\/?s={search_term_string}"},"query-input":{"@type":"PropertyValueSpecification","valueRequired":true,"valueName":"search_term_string"}}],"inLanguage":"es"},{"@type":"Organization","@id":"https:\/\/harleydavidsontoluca.com\/shop\/#organization","name":"Concesionaria Central de Motos","url":"https:\/\/harleydavidsontoluca.com\/shop\/","logo":{"@type":"ImageObject","inLanguage":"es","@id":"https:\/\/harleydavidsontoluca.com\/shop\/#\/schema\/logo\/image\/","url":"https:\/\/harleydavidsontoluca.com\/shop\/wp-content\/uploads\/2024\/02\/cropped-Logo-512.png","contentUrl":"https:\/\/harleydavidsontoluca.com\/shop\/wp-content\/uploads\/2024\/02\/cropped-Logo-512.png","width":512,"height":512,"caption":"Concesionaria Central de Motos"},"image":{"@id":"https:\/\/harleydavidsontoluca.com\/shop\/#\/schema\/logo\/image\/"},"sameAs":["https:\/\/www.facebook.com\/HarleyDavidsonToluca","https:\/\/www.instagram.com\/hdtoluca\/"]}]}},"_links":{"self":[{"href":"https:\/\/harleydavidsontoluca.com\/shop\/wp-json\/wp\/v2\/product\/45283","targetHints":{"allow":["GET"]}}],"collection":[{"href":"https:\/\/harleydavidsontoluca.com\/shop\/wp-json\/wp\/v2\/product"}],"about":[{"href":"https:\/\/harleydavidsontoluca.com\/shop\/wp-json\/wp\/v2\/types\/product"}],"wp:featuredmedia":[{"embeddable":true,"href":"https:\/\/harleydavidsontoluca.com\/shop\/wp-json\/wp\/v2\/media\/45288"}],"wp:attachment":[{"href":"https:\/\/harleydavidsontoluca.com\/shop\/wp-json\/wp\/v2\/media?parent=45283"}],"wp:term":[{"taxonomy":"product_brand","embeddable":true,"href":"https:\/\/harleydavidsontoluca.com\/shop\/wp-json\/wp\/v2\/product_brand?post=45283"},{"taxonomy":"product_cat","embeddable":true,"href":"https:\/\/harleydavidsontoluca.com\/shop\/wp-json\/wp\/v2\/product_cat?post=45283"},{"taxonomy":"product_tag","embeddable":true,"href":"https:\/\/harleydavidsontoluca.com\/shop\/wp-json\/wp\/v2\/product_tag?post=45283"}],"curies":[{"name":"wp","href":"https:\/\/api.w.org\/{rel}","templated":true}]}}