
{"id":45206,"date":"2024-03-12T17:20:51","date_gmt":"2024-03-12T23:20:51","guid":{"rendered":"https:\/\/harleydavidsontoluca.com\/shop\/?post_type=product&#038;p=45206"},"modified":"2026-01-18T11:22:07","modified_gmt":"2026-01-18T17:22:07","slug":"chaqueta-junction-triple-vent-system","status":"publish","type":"product","link":"https:\/\/harleydavidsontoluca.com\/shop\/producto\/chaqueta-junction-triple-vent-system\/","title":{"rendered":"CHAMARRA PARA RODAR JUNCTION TRIPLE VENT SYSTEM"},"content":{"rendered":"<p id=\"tw-target-text\" class=\"tw-data-text tw-text-large tw-ta\" dir=\"ltr\" data-placeholder=\"Traducci\u00f3n\" data-ved=\"2ahUKEwiYiOTp6u-EAxUwIEQIHXpfC1gQ3ewLegQIBRAU\"><span class=\"Y2IQFc\" lang=\"es\">Chamarra con sistema que cuenta con tres ranuras de ventilaci\u00f3n ubicadas estrat\u00e9gicamente, un desviador del flujo de aire bajo el brazo y una extensi\u00f3n de la cremallera central delantera cubierta, todo ello dise\u00f1ado para mejorar de forma significativa el flujo de aire, incluso en motocicletas con carenados y parabrisas.<\/span><\/p>\n<p class=\"tw-data-text tw-text-large tw-ta\" dir=\"ltr\" data-placeholder=\"Traducci\u00f3n\" data-ved=\"2ahUKEwiYiOTp6u-EAxUwIEQIHXpfC1gQ3ewLegQIBRAU\"><span class=\"Y2IQFc\" lang=\"es\">Caracteristicas:<\/span><\/p>\n<ul>\n<li class=\"tw-data-text tw-text-large tw-ta\" dir=\"ltr\" data-placeholder=\"Traducci\u00f3n\" data-ved=\"2ahUKEwiYiOTp6u-EAxUwIEQIHXpfC1gQ3ewLegQIBRAU\"><span class=\"Y2IQFc\" lang=\"es\">Stay Dry: Confecci\u00f3n con materiales impermeables. <\/span><\/li>\n<li class=\"tw-data-text tw-text-large tw-ta\" dir=\"ltr\" data-placeholder=\"Traducci\u00f3n\" data-ved=\"2ahUKEwiYiOTp6u-EAxUwIEQIHXpfC1gQ3ewLegQIBRAU\"><span class=\"Y2IQFc\" lang=\"es\">Fit &amp; Mobility: Mangas precurvadas y articuladas. Espalda que permite mayor movimiento. <\/span><\/li>\n<li class=\"tw-data-text tw-text-large tw-ta\" dir=\"ltr\" data-placeholder=\"Traducci\u00f3n\" data-ved=\"2ahUKEwiYiOTp6u-EAxUwIEQIHXpfC1gQ3ewLegQIBRAU\"><span class=\"Y2IQFc\" lang=\"es\">Materiales: Oxford pesado. Forro de malla. <\/span><\/li>\n<li class=\"tw-data-text tw-text-large tw-ta\" dir=\"ltr\" data-placeholder=\"Traducci\u00f3n\" data-ved=\"2ahUKEwiYiOTp6u-EAxUwIEQIHXpfC1gQ3ewLegQIBRAU\"><span class=\"Y2IQFc\" lang=\"es\">Cierre: Cremallera frontal de dos v\u00edas. Pu\u00f1os con cremallera <\/span><\/li>\n<li class=\"tw-data-text tw-text-large tw-ta\" dir=\"ltr\" data-placeholder=\"Traducci\u00f3n\" data-ved=\"2ahUKEwiYiOTp6u-EAxUwIEQIHXpfC1gQ3ewLegQIBRAU\"><span class=\"Y2IQFc\" lang=\"es\">Bolsillos: Bolsillos para calentar las manos con cremallera. Bolsillo vertical en el pecho y cierre con cremallera. Un bolsillo interior oculto y un bolsillo interior con cremallera.<\/span><\/li>\n<\/ul>\n","protected":false},"excerpt":{"rendered":"<p>Este sistema cuenta con tres ranuras de ventilaci\u00f3n ubicadas estrat\u00e9gicamente, un desviador del flujo de aire bajo el brazo y una extensi\u00f3n de la cremallera central delantera cubierta, todo ello dise\u00f1ado para mejorar de forma significativa el flujo de aire, incluso en motocicletas con carenados y parabrisas.<\/p>\n","protected":false},"featured_media":45214,"template":"","meta":[],"product_brand":[],"product_cat":[36,24],"product_tag":[],"class_list":{"0":"post-45206","1":"product","2":"type-product","3":"status-publish","4":"has-post-thumbnail","6":"product_cat-chamarra-para-rodar","7":"product_cat-hombre","8":"pa_talla-l","9":"pa_talla-m","10":"pa_talla-s","11":"pa_talla-xl","12":"pa_talla-xxl","14":"first","15":"instock","16":"taxable","17":"shipping-taxable","18":"purchasable","19":"product-type-variable"},"yoast_head":"<!-- This site is optimized with the Yoast SEO plugin v27.5 - https:\/\/yoast.com\/product\/yoast-seo-wordpress\/ -->\n<title>CHAMARRA PARA RODAR JUNCTION TRIPLE VENT SYSTEM - Tienda oficial H-D Toluca<\/title>\n<meta name=\"robots\" content=\"index, follow, max-snippet:-1, max-image-preview:large, max-video-preview:-1\" \/>\n<link rel=\"canonical\" href=\"https:\/\/harleydavidsontoluca.com\/shop\/producto\/chaqueta-junction-triple-vent-system\/\" \/>\n<meta property=\"og:locale\" content=\"es_MX\" \/>\n<meta property=\"og:type\" content=\"article\" \/>\n<meta property=\"og:title\" content=\"CHAMARRA PARA RODAR JUNCTION TRIPLE VENT SYSTEM - Tienda oficial H-D Toluca\" \/>\n<meta property=\"og:description\" content=\"Este sistema cuenta con tres ranuras de ventilaci\u00f3n ubicadas estrat\u00e9gicamente, un desviador del flujo de aire bajo el brazo y una extensi\u00f3n de la cremallera central delantera cubierta, todo ello dise\u00f1ado para mejorar de forma significativa el flujo de aire, incluso en motocicletas con carenados y parabrisas.\" \/>\n<meta property=\"og:url\" content=\"https:\/\/harleydavidsontoluca.com\/shop\/producto\/chaqueta-junction-triple-vent-system\/\" \/>\n<meta property=\"og:site_name\" content=\"Tienda oficial H-D Toluca\" \/>\n<meta property=\"article:publisher\" content=\"https:\/\/www.facebook.com\/HarleyDavidsonToluca\" \/>\n<meta property=\"article:modified_time\" content=\"2026-01-18T17:22:07+00:00\" \/>\n<meta property=\"og:image\" content=\"https:\/\/harleydavidsontoluca.com\/shop\/wp-content\/uploads\/2024\/03\/Untitled-Project-3.jpg\" \/>\n\t<meta property=\"og:image:width\" content=\"1080\" \/>\n\t<meta property=\"og:image:height\" content=\"1080\" \/>\n\t<meta property=\"og:image:type\" content=\"image\/jpeg\" \/>\n<meta name=\"twitter:card\" content=\"summary_large_image\" \/>\n<meta name=\"twitter:label1\" content=\"Tiempo de lectura\" \/>\n\t<meta name=\"twitter:data1\" content=\"1 minuto\" \/>\n<script type=\"application\/ld+json\" class=\"yoast-schema-graph\">{\"@context\":\"https:\\\/\\\/schema.org\",\"@graph\":[{\"@type\":\"WebPage\",\"@id\":\"https:\\\/\\\/harleydavidsontoluca.com\\\/shop\\\/producto\\\/chaqueta-junction-triple-vent-system\\\/\",\"url\":\"https:\\\/\\\/harleydavidsontoluca.com\\\/shop\\\/producto\\\/chaqueta-junction-triple-vent-system\\\/\",\"name\":\"CHAMARRA PARA RODAR JUNCTION TRIPLE VENT SYSTEM - Tienda oficial H-D Toluca\",\"isPartOf\":{\"@id\":\"https:\\\/\\\/harleydavidsontoluca.com\\\/shop\\\/#website\"},\"primaryImageOfPage\":{\"@id\":\"https:\\\/\\\/harleydavidsontoluca.com\\\/shop\\\/producto\\\/chaqueta-junction-triple-vent-system\\\/#primaryimage\"},\"image\":{\"@id\":\"https:\\\/\\\/harleydavidsontoluca.com\\\/shop\\\/producto\\\/chaqueta-junction-triple-vent-system\\\/#primaryimage\"},\"thumbnailUrl\":\"https:\\\/\\\/harleydavidsontoluca.com\\\/shop\\\/wp-content\\\/uploads\\\/2024\\\/03\\\/Untitled-Project-3.jpg\",\"datePublished\":\"2024-03-12T23:20:51+00:00\",\"dateModified\":\"2026-01-18T17:22:07+00:00\",\"breadcrumb\":{\"@id\":\"https:\\\/\\\/harleydavidsontoluca.com\\\/shop\\\/producto\\\/chaqueta-junction-triple-vent-system\\\/#breadcrumb\"},\"inLanguage\":\"es\",\"potentialAction\":[{\"@type\":\"ReadAction\",\"target\":[\"https:\\\/\\\/harleydavidsontoluca.com\\\/shop\\\/producto\\\/chaqueta-junction-triple-vent-system\\\/\"]}]},{\"@type\":\"ImageObject\",\"inLanguage\":\"es\",\"@id\":\"https:\\\/\\\/harleydavidsontoluca.com\\\/shop\\\/producto\\\/chaqueta-junction-triple-vent-system\\\/#primaryimage\",\"url\":\"https:\\\/\\\/harleydavidsontoluca.com\\\/shop\\\/wp-content\\\/uploads\\\/2024\\\/03\\\/Untitled-Project-3.jpg\",\"contentUrl\":\"https:\\\/\\\/harleydavidsontoluca.com\\\/shop\\\/wp-content\\\/uploads\\\/2024\\\/03\\\/Untitled-Project-3.jpg\",\"width\":1080,\"height\":1080},{\"@type\":\"BreadcrumbList\",\"@id\":\"https:\\\/\\\/harleydavidsontoluca.com\\\/shop\\\/producto\\\/chaqueta-junction-triple-vent-system\\\/#breadcrumb\",\"itemListElement\":[{\"@type\":\"ListItem\",\"position\":1,\"name\":\"Portada\",\"item\":\"https:\\\/\\\/harleydavidsontoluca.com\\\/shop\\\/\"},{\"@type\":\"ListItem\",\"position\":2,\"name\":\"Tienda\",\"item\":\"https:\\\/\\\/harleydavidsontoluca.com\\\/shop\\\/tienda\\\/\"},{\"@type\":\"ListItem\",\"position\":3,\"name\":\"CHAMARRA PARA RODAR JUNCTION TRIPLE VENT SYSTEM\"}]},{\"@type\":\"WebSite\",\"@id\":\"https:\\\/\\\/harleydavidsontoluca.com\\\/shop\\\/#website\",\"url\":\"https:\\\/\\\/harleydavidsontoluca.com\\\/shop\\\/\",\"name\":\"Shop H-D Toluca\",\"description\":\"Shop H-D Toluca\",\"publisher\":{\"@id\":\"https:\\\/\\\/harleydavidsontoluca.com\\\/shop\\\/#organization\"},\"potentialAction\":[{\"@type\":\"SearchAction\",\"target\":{\"@type\":\"EntryPoint\",\"urlTemplate\":\"https:\\\/\\\/harleydavidsontoluca.com\\\/shop\\\/?s={search_term_string}\"},\"query-input\":{\"@type\":\"PropertyValueSpecification\",\"valueRequired\":true,\"valueName\":\"search_term_string\"}}],\"inLanguage\":\"es\"},{\"@type\":\"Organization\",\"@id\":\"https:\\\/\\\/harleydavidsontoluca.com\\\/shop\\\/#organization\",\"name\":\"Concesionaria Central de Motos\",\"url\":\"https:\\\/\\\/harleydavidsontoluca.com\\\/shop\\\/\",\"logo\":{\"@type\":\"ImageObject\",\"inLanguage\":\"es\",\"@id\":\"https:\\\/\\\/harleydavidsontoluca.com\\\/shop\\\/#\\\/schema\\\/logo\\\/image\\\/\",\"url\":\"https:\\\/\\\/harleydavidsontoluca.com\\\/shop\\\/wp-content\\\/uploads\\\/2024\\\/02\\\/cropped-Logo-512.png\",\"contentUrl\":\"https:\\\/\\\/harleydavidsontoluca.com\\\/shop\\\/wp-content\\\/uploads\\\/2024\\\/02\\\/cropped-Logo-512.png\",\"width\":512,\"height\":512,\"caption\":\"Concesionaria Central de Motos\"},\"image\":{\"@id\":\"https:\\\/\\\/harleydavidsontoluca.com\\\/shop\\\/#\\\/schema\\\/logo\\\/image\\\/\"},\"sameAs\":[\"https:\\\/\\\/www.facebook.com\\\/HarleyDavidsonToluca\",\"https:\\\/\\\/www.instagram.com\\\/hdtoluca\\\/\"]}]}<\/script>\n<!-- \/ Yoast SEO plugin. -->","yoast_head_json":{"title":"CHAMARRA PARA RODAR JUNCTION TRIPLE VENT SYSTEM - Tienda oficial H-D Toluca","robots":{"index":"index","follow":"follow","max-snippet":"max-snippet:-1","max-image-preview":"max-image-preview:large","max-video-preview":"max-video-preview:-1"},"canonical":"https:\/\/harleydavidsontoluca.com\/shop\/producto\/chaqueta-junction-triple-vent-system\/","og_locale":"es_MX","og_type":"article","og_title":"CHAMARRA PARA RODAR JUNCTION TRIPLE VENT SYSTEM - Tienda oficial H-D Toluca","og_description":"Este sistema cuenta con tres ranuras de ventilaci\u00f3n ubicadas estrat\u00e9gicamente, un desviador del flujo de aire bajo el brazo y una extensi\u00f3n de la cremallera central delantera cubierta, todo ello dise\u00f1ado para mejorar de forma significativa el flujo de aire, incluso en motocicletas con carenados y parabrisas.","og_url":"https:\/\/harleydavidsontoluca.com\/shop\/producto\/chaqueta-junction-triple-vent-system\/","og_site_name":"Tienda oficial H-D Toluca","article_publisher":"https:\/\/www.facebook.com\/HarleyDavidsonToluca","article_modified_time":"2026-01-18T17:22:07+00:00","og_image":[{"width":1080,"height":1080,"url":"https:\/\/harleydavidsontoluca.com\/shop\/wp-content\/uploads\/2024\/03\/Untitled-Project-3.jpg","type":"image\/jpeg"}],"twitter_card":"summary_large_image","twitter_misc":{"Tiempo de lectura":"1 minuto"},"schema":{"@context":"https:\/\/schema.org","@graph":[{"@type":"WebPage","@id":"https:\/\/harleydavidsontoluca.com\/shop\/producto\/chaqueta-junction-triple-vent-system\/","url":"https:\/\/harleydavidsontoluca.com\/shop\/producto\/chaqueta-junction-triple-vent-system\/","name":"CHAMARRA PARA RODAR JUNCTION TRIPLE VENT SYSTEM - Tienda oficial H-D Toluca","isPartOf":{"@id":"https:\/\/harleydavidsontoluca.com\/shop\/#website"},"primaryImageOfPage":{"@id":"https:\/\/harleydavidsontoluca.com\/shop\/producto\/chaqueta-junction-triple-vent-system\/#primaryimage"},"image":{"@id":"https:\/\/harleydavidsontoluca.com\/shop\/producto\/chaqueta-junction-triple-vent-system\/#primaryimage"},"thumbnailUrl":"https:\/\/harleydavidsontoluca.com\/shop\/wp-content\/uploads\/2024\/03\/Untitled-Project-3.jpg","datePublished":"2024-03-12T23:20:51+00:00","dateModified":"2026-01-18T17:22:07+00:00","breadcrumb":{"@id":"https:\/\/harleydavidsontoluca.com\/shop\/producto\/chaqueta-junction-triple-vent-system\/#breadcrumb"},"inLanguage":"es","potentialAction":[{"@type":"ReadAction","target":["https:\/\/harleydavidsontoluca.com\/shop\/producto\/chaqueta-junction-triple-vent-system\/"]}]},{"@type":"ImageObject","inLanguage":"es","@id":"https:\/\/harleydavidsontoluca.com\/shop\/producto\/chaqueta-junction-triple-vent-system\/#primaryimage","url":"https:\/\/harleydavidsontoluca.com\/shop\/wp-content\/uploads\/2024\/03\/Untitled-Project-3.jpg","contentUrl":"https:\/\/harleydavidsontoluca.com\/shop\/wp-content\/uploads\/2024\/03\/Untitled-Project-3.jpg","width":1080,"height":1080},{"@type":"BreadcrumbList","@id":"https:\/\/harleydavidsontoluca.com\/shop\/producto\/chaqueta-junction-triple-vent-system\/#breadcrumb","itemListElement":[{"@type":"ListItem","position":1,"name":"Portada","item":"https:\/\/harleydavidsontoluca.com\/shop\/"},{"@type":"ListItem","position":2,"name":"Tienda","item":"https:\/\/harleydavidsontoluca.com\/shop\/tienda\/"},{"@type":"ListItem","position":3,"name":"CHAMARRA PARA RODAR JUNCTION TRIPLE VENT SYSTEM"}]},{"@type":"WebSite","@id":"https:\/\/harleydavidsontoluca.com\/shop\/#website","url":"https:\/\/harleydavidsontoluca.com\/shop\/","name":"Shop H-D Toluca","description":"Shop H-D Toluca","publisher":{"@id":"https:\/\/harleydavidsontoluca.com\/shop\/#organization"},"potentialAction":[{"@type":"SearchAction","target":{"@type":"EntryPoint","urlTemplate":"https:\/\/harleydavidsontoluca.com\/shop\/?s={search_term_string}"},"query-input":{"@type":"PropertyValueSpecification","valueRequired":true,"valueName":"search_term_string"}}],"inLanguage":"es"},{"@type":"Organization","@id":"https:\/\/harleydavidsontoluca.com\/shop\/#organization","name":"Concesionaria Central de Motos","url":"https:\/\/harleydavidsontoluca.com\/shop\/","logo":{"@type":"ImageObject","inLanguage":"es","@id":"https:\/\/harleydavidsontoluca.com\/shop\/#\/schema\/logo\/image\/","url":"https:\/\/harleydavidsontoluca.com\/shop\/wp-content\/uploads\/2024\/02\/cropped-Logo-512.png","contentUrl":"https:\/\/harleydavidsontoluca.com\/shop\/wp-content\/uploads\/2024\/02\/cropped-Logo-512.png","width":512,"height":512,"caption":"Concesionaria Central de Motos"},"image":{"@id":"https:\/\/harleydavidsontoluca.com\/shop\/#\/schema\/logo\/image\/"},"sameAs":["https:\/\/www.facebook.com\/HarleyDavidsonToluca","https:\/\/www.instagram.com\/hdtoluca\/"]}]}},"_links":{"self":[{"href":"https:\/\/harleydavidsontoluca.com\/shop\/wp-json\/wp\/v2\/product\/45206","targetHints":{"allow":["GET"]}}],"collection":[{"href":"https:\/\/harleydavidsontoluca.com\/shop\/wp-json\/wp\/v2\/product"}],"about":[{"href":"https:\/\/harleydavidsontoluca.com\/shop\/wp-json\/wp\/v2\/types\/product"}],"wp:featuredmedia":[{"embeddable":true,"href":"https:\/\/harleydavidsontoluca.com\/shop\/wp-json\/wp\/v2\/media\/45214"}],"wp:attachment":[{"href":"https:\/\/harleydavidsontoluca.com\/shop\/wp-json\/wp\/v2\/media?parent=45206"}],"wp:term":[{"taxonomy":"product_brand","embeddable":true,"href":"https:\/\/harleydavidsontoluca.com\/shop\/wp-json\/wp\/v2\/product_brand?post=45206"},{"taxonomy":"product_cat","embeddable":true,"href":"https:\/\/harleydavidsontoluca.com\/shop\/wp-json\/wp\/v2\/product_cat?post=45206"},{"taxonomy":"product_tag","embeddable":true,"href":"https:\/\/harleydavidsontoluca.com\/shop\/wp-json\/wp\/v2\/product_tag?post=45206"}],"curies":[{"name":"wp","href":"https:\/\/api.w.org\/{rel}","templated":true}]}}