
{"id":45101,"date":"2024-02-25T12:00:07","date_gmt":"2024-02-25T18:00:07","guid":{"rendered":"https:\/\/harleydavidsontoluca.com\/shop\/?post_type=product&#038;p=45101"},"modified":"2024-06-26T12:26:25","modified_gmt":"2024-06-26T17:26:25","slug":"chamarra-tipo-camisa-para-hombre","status":"publish","type":"product","link":"https:\/\/harleydavidsontoluca.com\/shop\/producto\/chamarra-tipo-camisa-para-hombre\/","title":{"rendered":"CHAMARRA TIPO CAMISA OPERATIVE RIDING PARA HOMBRE"},"content":{"rendered":"<div>Chamarra estilo camisaco y equipo funcional a la vez. Agrega nuestra Limited Edition Operative Riding Shirt Jacket a tu carrito de compras. Esta prenda de corte cl\u00e1sico, confeccionada con una resistente combinaci\u00f3n de algod\u00f3n y poli\u00e9ster, tiene detalles funcionales como ventilaci\u00f3n en la zona de las axilas, mangas precurvadas, paneles de protecci\u00f3n corporal, ribetes reflectantes en el cuello que permiten mayor visibilidad y un cuello con broches a presi\u00f3n ocultos que evitan el aleteo mientras conduces.<\/div>\n<ul>\n<li class=\"mt-3\">\u00a0<span class=\"b2\">Stay Cool:\u00a0<\/span>Ventilaci\u00f3n debajo de los brazos que favorece la circulaci\u00f3n de aire.<\/li>\n<li class=\"mt-3\"><span class=\"b2\">Fit &amp; Mobility:\u00a0<\/span>Mangas precurvadas.<\/li>\n<li class=\"mt-3\"><span class=\"b2\">Materials:\u00a0<\/span>60\u00a0% de algod\u00f3n y 40\u00a0% de poli\u00e9ster. Forro confeccionado con un 100\u00a0% de poli\u00e9ster.<\/li>\n<li class=\"mt-3\"><span class=\"b2\">Closure:\u00a0<\/span>Cremallera bidireccional en la parte delantera. Tapeta delantera y pu\u00f1os con broches a presi\u00f3n.<\/li>\n<li class=\"mt-3\"><span class=\"b2\">Pockets:\u00a0<\/span>Bolsillos con ribete y cierres de broche a presi\u00f3n ocultos par mantener las manos abrigadas. Bolsillos en el pecho con broches a presi\u00f3n.<\/li>\n<li class=\"mt-3\"><span class=\"b2\">Additional Features:\u00a0<\/span>Bolsillos protectores en los hombros, los codos y la espalda. Detalle de material reflectante 3M Scotchlite en la parte trasera del cuello.<\/li>\n<li class=\"mt-3\"><span class=\"b2\">Design Details:\u00a0<\/span>Cuello con broche a presi\u00f3n oculto.<\/li>\n<li class=\"mt-3\"><span class=\"b2\">Graphics:\u00a0<\/span>Bordado directo.<\/li>\n<\/ul>\n","protected":false},"excerpt":{"rendered":"<div class=\"accordion-outer-content py-4 expanded-accordion-content\" role=\"button\" aria-expanded=\"true\" aria-controls=\"expandable-description\">\n<div class=\"accordion-headline\">DESCRIPCI\u00d3N<\/div>\n<div class=\"accordion-button\"><\/div>\n<\/div>\n<div id=\"expandable-description\" class=\"accordion-inner-content\">Chamarra estilo camisaco y equipo funcional a la vez. Agrega nuestra Limited Edition Operative Riding Shirt Jacket a tu carrito de compras. Esta prenda de corte cl\u00e1sico, confeccionada con una resistente combinaci\u00f3n de algod\u00f3n y poli\u00e9ster, tiene detalles funcionales como ventilaci\u00f3n en la zona de las axilas, mangas precurvadas, paneles de protecci\u00f3n corporal, ribetes reflectantes en el cuello que permiten mayor visibilidad y un cuello con broches a presi\u00f3n ocultos que evitan el aleteo mientras conduces.<\/div>\n","protected":false},"featured_media":45105,"template":"","meta":[],"product_brand":[],"product_cat":[41,24],"product_tag":[],"class_list":{"0":"post-45101","1":"product","2":"type-product","3":"status-publish","4":"has-post-thumbnail","6":"product_cat-chamarra-casual-hombre","7":"product_cat-hombre","8":"pa_talla-xl","9":"pa_talla-xxl","11":"first","12":"outofstock","13":"taxable","14":"shipping-taxable","15":"product-type-variable"},"yoast_head":"<!-- This site is optimized with the Yoast SEO plugin v27.4 - https:\/\/yoast.com\/product\/yoast-seo-wordpress\/ -->\n<title>CHAMARRA TIPO CAMISA OPERATIVE RIDING PARA HOMBRE - Tienda oficial H-D Toluca<\/title>\n<meta name=\"robots\" content=\"index, follow, max-snippet:-1, max-image-preview:large, max-video-preview:-1\" \/>\n<link rel=\"canonical\" href=\"https:\/\/harleydavidsontoluca.com\/shop\/producto\/chamarra-tipo-camisa-para-hombre\/\" \/>\n<meta property=\"og:locale\" content=\"es_MX\" \/>\n<meta property=\"og:type\" content=\"article\" \/>\n<meta property=\"og:title\" content=\"CHAMARRA TIPO CAMISA OPERATIVE RIDING PARA HOMBRE - Tienda oficial H-D Toluca\" \/>\n<meta property=\"og:description\" content=\"DESCRIPCI\u00d3N   Chamarra estilo camisaco y equipo funcional a la vez. Agrega nuestra Limited Edition Operative Riding Shirt Jacket a tu carrito de compras. Esta prenda de corte cl\u00e1sico, confeccionada con una resistente combinaci\u00f3n de algod\u00f3n y poli\u00e9ster, tiene detalles funcionales como ventilaci\u00f3n en la zona de las axilas, mangas precurvadas, paneles de protecci\u00f3n corporal, ribetes reflectantes en el cuello que permiten mayor visibilidad y un cuello con broches a presi\u00f3n ocultos que evitan el aleteo mientras conduces.\" \/>\n<meta property=\"og:url\" content=\"https:\/\/harleydavidsontoluca.com\/shop\/producto\/chamarra-tipo-camisa-para-hombre\/\" \/>\n<meta property=\"og:site_name\" content=\"Tienda oficial H-D Toluca\" \/>\n<meta property=\"article:publisher\" content=\"https:\/\/www.facebook.com\/HarleyDavidsonToluca\" \/>\n<meta property=\"article:modified_time\" content=\"2024-06-26T17:26:25+00:00\" \/>\n<meta property=\"og:image\" content=\"https:\/\/harleydavidsontoluca.com\/shop\/wp-content\/uploads\/2024\/02\/Untitled-Project-87.jpg\" \/>\n\t<meta property=\"og:image:width\" content=\"1080\" \/>\n\t<meta property=\"og:image:height\" content=\"1080\" \/>\n\t<meta property=\"og:image:type\" content=\"image\/jpeg\" \/>\n<meta name=\"twitter:card\" content=\"summary_large_image\" \/>\n<meta name=\"twitter:label1\" content=\"Tiempo de lectura\" \/>\n\t<meta name=\"twitter:data1\" content=\"2 minutos\" \/>\n<script type=\"application\/ld+json\" class=\"yoast-schema-graph\">{\"@context\":\"https:\\\/\\\/schema.org\",\"@graph\":[{\"@type\":\"WebPage\",\"@id\":\"https:\\\/\\\/harleydavidsontoluca.com\\\/shop\\\/producto\\\/chamarra-tipo-camisa-para-hombre\\\/\",\"url\":\"https:\\\/\\\/harleydavidsontoluca.com\\\/shop\\\/producto\\\/chamarra-tipo-camisa-para-hombre\\\/\",\"name\":\"CHAMARRA TIPO CAMISA OPERATIVE RIDING PARA HOMBRE - Tienda oficial H-D Toluca\",\"isPartOf\":{\"@id\":\"https:\\\/\\\/harleydavidsontoluca.com\\\/shop\\\/#website\"},\"primaryImageOfPage\":{\"@id\":\"https:\\\/\\\/harleydavidsontoluca.com\\\/shop\\\/producto\\\/chamarra-tipo-camisa-para-hombre\\\/#primaryimage\"},\"image\":{\"@id\":\"https:\\\/\\\/harleydavidsontoluca.com\\\/shop\\\/producto\\\/chamarra-tipo-camisa-para-hombre\\\/#primaryimage\"},\"thumbnailUrl\":\"https:\\\/\\\/harleydavidsontoluca.com\\\/shop\\\/wp-content\\\/uploads\\\/2024\\\/02\\\/Untitled-Project-87.jpg\",\"datePublished\":\"2024-02-25T18:00:07+00:00\",\"dateModified\":\"2024-06-26T17:26:25+00:00\",\"breadcrumb\":{\"@id\":\"https:\\\/\\\/harleydavidsontoluca.com\\\/shop\\\/producto\\\/chamarra-tipo-camisa-para-hombre\\\/#breadcrumb\"},\"inLanguage\":\"es\",\"potentialAction\":[{\"@type\":\"ReadAction\",\"target\":[\"https:\\\/\\\/harleydavidsontoluca.com\\\/shop\\\/producto\\\/chamarra-tipo-camisa-para-hombre\\\/\"]}]},{\"@type\":\"ImageObject\",\"inLanguage\":\"es\",\"@id\":\"https:\\\/\\\/harleydavidsontoluca.com\\\/shop\\\/producto\\\/chamarra-tipo-camisa-para-hombre\\\/#primaryimage\",\"url\":\"https:\\\/\\\/harleydavidsontoluca.com\\\/shop\\\/wp-content\\\/uploads\\\/2024\\\/02\\\/Untitled-Project-87.jpg\",\"contentUrl\":\"https:\\\/\\\/harleydavidsontoluca.com\\\/shop\\\/wp-content\\\/uploads\\\/2024\\\/02\\\/Untitled-Project-87.jpg\",\"width\":1080,\"height\":1080},{\"@type\":\"BreadcrumbList\",\"@id\":\"https:\\\/\\\/harleydavidsontoluca.com\\\/shop\\\/producto\\\/chamarra-tipo-camisa-para-hombre\\\/#breadcrumb\",\"itemListElement\":[{\"@type\":\"ListItem\",\"position\":1,\"name\":\"Portada\",\"item\":\"https:\\\/\\\/harleydavidsontoluca.com\\\/shop\\\/\"},{\"@type\":\"ListItem\",\"position\":2,\"name\":\"Tienda\",\"item\":\"https:\\\/\\\/harleydavidsontoluca.com\\\/shop\\\/tienda\\\/\"},{\"@type\":\"ListItem\",\"position\":3,\"name\":\"CHAMARRA TIPO CAMISA OPERATIVE RIDING PARA HOMBRE\"}]},{\"@type\":\"WebSite\",\"@id\":\"https:\\\/\\\/harleydavidsontoluca.com\\\/shop\\\/#website\",\"url\":\"https:\\\/\\\/harleydavidsontoluca.com\\\/shop\\\/\",\"name\":\"Shop H-D Toluca\",\"description\":\"Shop H-D Toluca\",\"publisher\":{\"@id\":\"https:\\\/\\\/harleydavidsontoluca.com\\\/shop\\\/#organization\"},\"potentialAction\":[{\"@type\":\"SearchAction\",\"target\":{\"@type\":\"EntryPoint\",\"urlTemplate\":\"https:\\\/\\\/harleydavidsontoluca.com\\\/shop\\\/?s={search_term_string}\"},\"query-input\":{\"@type\":\"PropertyValueSpecification\",\"valueRequired\":true,\"valueName\":\"search_term_string\"}}],\"inLanguage\":\"es\"},{\"@type\":\"Organization\",\"@id\":\"https:\\\/\\\/harleydavidsontoluca.com\\\/shop\\\/#organization\",\"name\":\"Concesionaria Central de Motos\",\"url\":\"https:\\\/\\\/harleydavidsontoluca.com\\\/shop\\\/\",\"logo\":{\"@type\":\"ImageObject\",\"inLanguage\":\"es\",\"@id\":\"https:\\\/\\\/harleydavidsontoluca.com\\\/shop\\\/#\\\/schema\\\/logo\\\/image\\\/\",\"url\":\"https:\\\/\\\/harleydavidsontoluca.com\\\/shop\\\/wp-content\\\/uploads\\\/2024\\\/02\\\/cropped-Logo-512.png\",\"contentUrl\":\"https:\\\/\\\/harleydavidsontoluca.com\\\/shop\\\/wp-content\\\/uploads\\\/2024\\\/02\\\/cropped-Logo-512.png\",\"width\":512,\"height\":512,\"caption\":\"Concesionaria Central de Motos\"},\"image\":{\"@id\":\"https:\\\/\\\/harleydavidsontoluca.com\\\/shop\\\/#\\\/schema\\\/logo\\\/image\\\/\"},\"sameAs\":[\"https:\\\/\\\/www.facebook.com\\\/HarleyDavidsonToluca\",\"https:\\\/\\\/www.instagram.com\\\/hdtoluca\\\/\"]}]}<\/script>\n<!-- \/ Yoast SEO plugin. -->","yoast_head_json":{"title":"CHAMARRA TIPO CAMISA OPERATIVE RIDING PARA HOMBRE - Tienda oficial H-D Toluca","robots":{"index":"index","follow":"follow","max-snippet":"max-snippet:-1","max-image-preview":"max-image-preview:large","max-video-preview":"max-video-preview:-1"},"canonical":"https:\/\/harleydavidsontoluca.com\/shop\/producto\/chamarra-tipo-camisa-para-hombre\/","og_locale":"es_MX","og_type":"article","og_title":"CHAMARRA TIPO CAMISA OPERATIVE RIDING PARA HOMBRE - Tienda oficial H-D Toluca","og_description":"DESCRIPCI\u00d3N   Chamarra estilo camisaco y equipo funcional a la vez. Agrega nuestra Limited Edition Operative Riding Shirt Jacket a tu carrito de compras. Esta prenda de corte cl\u00e1sico, confeccionada con una resistente combinaci\u00f3n de algod\u00f3n y poli\u00e9ster, tiene detalles funcionales como ventilaci\u00f3n en la zona de las axilas, mangas precurvadas, paneles de protecci\u00f3n corporal, ribetes reflectantes en el cuello que permiten mayor visibilidad y un cuello con broches a presi\u00f3n ocultos que evitan el aleteo mientras conduces.","og_url":"https:\/\/harleydavidsontoluca.com\/shop\/producto\/chamarra-tipo-camisa-para-hombre\/","og_site_name":"Tienda oficial H-D Toluca","article_publisher":"https:\/\/www.facebook.com\/HarleyDavidsonToluca","article_modified_time":"2024-06-26T17:26:25+00:00","og_image":[{"width":1080,"height":1080,"url":"https:\/\/harleydavidsontoluca.com\/shop\/wp-content\/uploads\/2024\/02\/Untitled-Project-87.jpg","type":"image\/jpeg"}],"twitter_card":"summary_large_image","twitter_misc":{"Tiempo de lectura":"2 minutos"},"schema":{"@context":"https:\/\/schema.org","@graph":[{"@type":"WebPage","@id":"https:\/\/harleydavidsontoluca.com\/shop\/producto\/chamarra-tipo-camisa-para-hombre\/","url":"https:\/\/harleydavidsontoluca.com\/shop\/producto\/chamarra-tipo-camisa-para-hombre\/","name":"CHAMARRA TIPO CAMISA OPERATIVE RIDING PARA HOMBRE - Tienda oficial H-D Toluca","isPartOf":{"@id":"https:\/\/harleydavidsontoluca.com\/shop\/#website"},"primaryImageOfPage":{"@id":"https:\/\/harleydavidsontoluca.com\/shop\/producto\/chamarra-tipo-camisa-para-hombre\/#primaryimage"},"image":{"@id":"https:\/\/harleydavidsontoluca.com\/shop\/producto\/chamarra-tipo-camisa-para-hombre\/#primaryimage"},"thumbnailUrl":"https:\/\/harleydavidsontoluca.com\/shop\/wp-content\/uploads\/2024\/02\/Untitled-Project-87.jpg","datePublished":"2024-02-25T18:00:07+00:00","dateModified":"2024-06-26T17:26:25+00:00","breadcrumb":{"@id":"https:\/\/harleydavidsontoluca.com\/shop\/producto\/chamarra-tipo-camisa-para-hombre\/#breadcrumb"},"inLanguage":"es","potentialAction":[{"@type":"ReadAction","target":["https:\/\/harleydavidsontoluca.com\/shop\/producto\/chamarra-tipo-camisa-para-hombre\/"]}]},{"@type":"ImageObject","inLanguage":"es","@id":"https:\/\/harleydavidsontoluca.com\/shop\/producto\/chamarra-tipo-camisa-para-hombre\/#primaryimage","url":"https:\/\/harleydavidsontoluca.com\/shop\/wp-content\/uploads\/2024\/02\/Untitled-Project-87.jpg","contentUrl":"https:\/\/harleydavidsontoluca.com\/shop\/wp-content\/uploads\/2024\/02\/Untitled-Project-87.jpg","width":1080,"height":1080},{"@type":"BreadcrumbList","@id":"https:\/\/harleydavidsontoluca.com\/shop\/producto\/chamarra-tipo-camisa-para-hombre\/#breadcrumb","itemListElement":[{"@type":"ListItem","position":1,"name":"Portada","item":"https:\/\/harleydavidsontoluca.com\/shop\/"},{"@type":"ListItem","position":2,"name":"Tienda","item":"https:\/\/harleydavidsontoluca.com\/shop\/tienda\/"},{"@type":"ListItem","position":3,"name":"CHAMARRA TIPO CAMISA OPERATIVE RIDING PARA HOMBRE"}]},{"@type":"WebSite","@id":"https:\/\/harleydavidsontoluca.com\/shop\/#website","url":"https:\/\/harleydavidsontoluca.com\/shop\/","name":"Shop H-D Toluca","description":"Shop H-D Toluca","publisher":{"@id":"https:\/\/harleydavidsontoluca.com\/shop\/#organization"},"potentialAction":[{"@type":"SearchAction","target":{"@type":"EntryPoint","urlTemplate":"https:\/\/harleydavidsontoluca.com\/shop\/?s={search_term_string}"},"query-input":{"@type":"PropertyValueSpecification","valueRequired":true,"valueName":"search_term_string"}}],"inLanguage":"es"},{"@type":"Organization","@id":"https:\/\/harleydavidsontoluca.com\/shop\/#organization","name":"Concesionaria Central de Motos","url":"https:\/\/harleydavidsontoluca.com\/shop\/","logo":{"@type":"ImageObject","inLanguage":"es","@id":"https:\/\/harleydavidsontoluca.com\/shop\/#\/schema\/logo\/image\/","url":"https:\/\/harleydavidsontoluca.com\/shop\/wp-content\/uploads\/2024\/02\/cropped-Logo-512.png","contentUrl":"https:\/\/harleydavidsontoluca.com\/shop\/wp-content\/uploads\/2024\/02\/cropped-Logo-512.png","width":512,"height":512,"caption":"Concesionaria Central de Motos"},"image":{"@id":"https:\/\/harleydavidsontoluca.com\/shop\/#\/schema\/logo\/image\/"},"sameAs":["https:\/\/www.facebook.com\/HarleyDavidsonToluca","https:\/\/www.instagram.com\/hdtoluca\/"]}]}},"_links":{"self":[{"href":"https:\/\/harleydavidsontoluca.com\/shop\/wp-json\/wp\/v2\/product\/45101","targetHints":{"allow":["GET"]}}],"collection":[{"href":"https:\/\/harleydavidsontoluca.com\/shop\/wp-json\/wp\/v2\/product"}],"about":[{"href":"https:\/\/harleydavidsontoluca.com\/shop\/wp-json\/wp\/v2\/types\/product"}],"wp:featuredmedia":[{"embeddable":true,"href":"https:\/\/harleydavidsontoluca.com\/shop\/wp-json\/wp\/v2\/media\/45105"}],"wp:attachment":[{"href":"https:\/\/harleydavidsontoluca.com\/shop\/wp-json\/wp\/v2\/media?parent=45101"}],"wp:term":[{"taxonomy":"product_brand","embeddable":true,"href":"https:\/\/harleydavidsontoluca.com\/shop\/wp-json\/wp\/v2\/product_brand?post=45101"},{"taxonomy":"product_cat","embeddable":true,"href":"https:\/\/harleydavidsontoluca.com\/shop\/wp-json\/wp\/v2\/product_cat?post=45101"},{"taxonomy":"product_tag","embeddable":true,"href":"https:\/\/harleydavidsontoluca.com\/shop\/wp-json\/wp\/v2\/product_tag?post=45101"}],"curies":[{"name":"wp","href":"https:\/\/api.w.org\/{rel}","templated":true}]}}