
{"id":44690,"date":"2024-01-24T14:50:16","date_gmt":"2024-01-24T20:50:16","guid":{"rendered":"https:\/\/harleydavidsontoluca.com\/shop\/?post_type=product&#038;p=44690"},"modified":"2024-04-15T01:58:41","modified_gmt":"2024-04-15T06:58:41","slug":"punos-harley-davidson-66-collection","status":"publish","type":"product","link":"https:\/\/harleydavidsontoluca.com\/shop\/producto\/punos-harley-davidson-66-collection\/","title":{"rendered":"PU\u00d1OS HARLEY-DAVIDSON\u00ae 66\u2032 COLLECTION"},"content":{"rendered":"<p class=\"title h3\">Con un look intemporal y aut\u00e9ntico. El estilo artesanal de los accesorios de la \u201966 Collection combina un duradero acabado en negro brillante con toques de aluminio cepillado y en la mayor\u00eda de piezas, incluye un medall\u00f3n de color lat\u00f3n inspirado en el cl\u00e1sico emblema de dep\u00f3sito de Harley-Davidson. Aqu\u00ed tienes una alternativa a los estilos cromados brillantes u oscurecidos que har\u00e1 que tu moto destaque del resto.<\/p>\n<p>&nbsp;<\/p>\n","protected":false},"excerpt":{"rendered":"<p>El aspecto es atemporal y aut\u00e9ntico. El estilo artesanal de los accesorios de la Colecci\u00f3n \u201866 combina un duradero acabado en color negro brillante con toques de aluminio cepillado y un medall\u00f3n de color cobrizo inspirado en un emblema cl\u00e1sico del tanque de Harley-Davidson. He aqu\u00ed una alternativa a los estilos cromados brillantes o ennegrecidos que diferenciar\u00e1 su moto de las dem\u00e1s.<\/p>\n<div class=\"pl-3\">\n<div class=\"mt-3\">\u2022 Durable gloss black finish with brushed aluminum highlights<\/div>\n<div class=\"mt-3\">\u2022 Brass-colored medallion inspired by a classic Harley-Davidson tank emblem for retro style with a modern twist<\/div>\n<div class=\"mt-3\">\u2022 Glueless design permits removal for servicing without damage<\/div>\n<div class=\"mt-3\">\u2022 Rubber provides a positive grip while riding<\/div>\n<div class=\"mt-3\">\u2022 Sold as a pair<\/div>\n<div class=\"mt-3\">\u2022 Complete this custom look with additional accessories from the \u201866 Collection<\/div>\n<\/div>\n","protected":false},"featured_media":44692,"template":"","meta":[],"product_brand":[],"product_cat":[83],"product_tag":[],"class_list":{"0":"post-44690","1":"product","2":"type-product","3":"status-publish","4":"has-post-thumbnail","6":"product_cat-partesyaccesoriosparamotos","8":"first","9":"instock","10":"taxable","11":"shipping-taxable","12":"purchasable","13":"product-type-simple"},"yoast_head":"<!-- This site is optimized with the Yoast SEO plugin v27.4 - https:\/\/yoast.com\/product\/yoast-seo-wordpress\/ -->\n<title>PU\u00d1OS HARLEY-DAVIDSON\u00ae 66\u2032 COLLECTION - Tienda oficial H-D Toluca<\/title>\n<meta name=\"robots\" content=\"index, follow, max-snippet:-1, max-image-preview:large, max-video-preview:-1\" \/>\n<link rel=\"canonical\" href=\"https:\/\/harleydavidsontoluca.com\/shop\/producto\/punos-harley-davidson-66-collection\/\" \/>\n<meta property=\"og:locale\" content=\"es_MX\" \/>\n<meta property=\"og:type\" content=\"article\" \/>\n<meta property=\"og:title\" content=\"PU\u00d1OS HARLEY-DAVIDSON\u00ae 66\u2032 COLLECTION - Tienda oficial H-D Toluca\" \/>\n<meta property=\"og:description\" content=\"El aspecto es atemporal y aut\u00e9ntico. El estilo artesanal de los accesorios de la Colecci\u00f3n \u201866 combina un duradero acabado en color negro brillante con toques de aluminio cepillado y un medall\u00f3n de color cobrizo inspirado en un emblema cl\u00e1sico del tanque de Harley-Davidson. He aqu\u00ed una alternativa a los estilos cromados brillantes o ennegrecidos que diferenciar\u00e1 su moto de las dem\u00e1s.  \u2022 Durable gloss black finish with brushed aluminum highlights \u2022 Brass-colored medallion inspired by a classic Harley-Davidson tank emblem for retro style with a modern twist \u2022 Glueless design permits removal for servicing without damage \u2022 Rubber provides a positive grip while riding \u2022 Sold as a pair \u2022 Complete this custom look with additional accessories from the \u201866 Collection\" \/>\n<meta property=\"og:url\" content=\"https:\/\/harleydavidsontoluca.com\/shop\/producto\/punos-harley-davidson-66-collection\/\" \/>\n<meta property=\"og:site_name\" content=\"Tienda oficial H-D Toluca\" \/>\n<meta property=\"article:publisher\" content=\"https:\/\/www.facebook.com\/HarleyDavidsonToluca\" \/>\n<meta property=\"article:modified_time\" content=\"2024-04-15T06:58:41+00:00\" \/>\n<meta property=\"og:image\" content=\"https:\/\/harleydavidsontoluca.com\/shop\/wp-content\/uploads\/2024\/01\/56100477_TT.jpg\" \/>\n\t<meta property=\"og:image:width\" content=\"2360\" \/>\n\t<meta property=\"og:image:height\" content=\"2132\" \/>\n\t<meta property=\"og:image:type\" content=\"image\/jpeg\" \/>\n<meta name=\"twitter:card\" content=\"summary_large_image\" \/>\n<meta name=\"twitter:label1\" content=\"Tiempo de lectura\" \/>\n\t<meta name=\"twitter:data1\" content=\"1 minuto\" \/>\n<script type=\"application\/ld+json\" class=\"yoast-schema-graph\">{\"@context\":\"https:\\\/\\\/schema.org\",\"@graph\":[{\"@type\":\"WebPage\",\"@id\":\"https:\\\/\\\/harleydavidsontoluca.com\\\/shop\\\/producto\\\/punos-harley-davidson-66-collection\\\/\",\"url\":\"https:\\\/\\\/harleydavidsontoluca.com\\\/shop\\\/producto\\\/punos-harley-davidson-66-collection\\\/\",\"name\":\"PU\u00d1OS HARLEY-DAVIDSON\u00ae 66\u2032 COLLECTION - Tienda oficial H-D Toluca\",\"isPartOf\":{\"@id\":\"https:\\\/\\\/harleydavidsontoluca.com\\\/shop\\\/#website\"},\"primaryImageOfPage\":{\"@id\":\"https:\\\/\\\/harleydavidsontoluca.com\\\/shop\\\/producto\\\/punos-harley-davidson-66-collection\\\/#primaryimage\"},\"image\":{\"@id\":\"https:\\\/\\\/harleydavidsontoluca.com\\\/shop\\\/producto\\\/punos-harley-davidson-66-collection\\\/#primaryimage\"},\"thumbnailUrl\":\"https:\\\/\\\/harleydavidsontoluca.com\\\/shop\\\/wp-content\\\/uploads\\\/2024\\\/01\\\/56100477_TT.jpg\",\"datePublished\":\"2024-01-24T20:50:16+00:00\",\"dateModified\":\"2024-04-15T06:58:41+00:00\",\"breadcrumb\":{\"@id\":\"https:\\\/\\\/harleydavidsontoluca.com\\\/shop\\\/producto\\\/punos-harley-davidson-66-collection\\\/#breadcrumb\"},\"inLanguage\":\"es\",\"potentialAction\":[{\"@type\":\"ReadAction\",\"target\":[\"https:\\\/\\\/harleydavidsontoluca.com\\\/shop\\\/producto\\\/punos-harley-davidson-66-collection\\\/\"]}]},{\"@type\":\"ImageObject\",\"inLanguage\":\"es\",\"@id\":\"https:\\\/\\\/harleydavidsontoluca.com\\\/shop\\\/producto\\\/punos-harley-davidson-66-collection\\\/#primaryimage\",\"url\":\"https:\\\/\\\/harleydavidsontoluca.com\\\/shop\\\/wp-content\\\/uploads\\\/2024\\\/01\\\/56100477_TT.jpg\",\"contentUrl\":\"https:\\\/\\\/harleydavidsontoluca.com\\\/shop\\\/wp-content\\\/uploads\\\/2024\\\/01\\\/56100477_TT.jpg\",\"width\":2360,\"height\":2132},{\"@type\":\"BreadcrumbList\",\"@id\":\"https:\\\/\\\/harleydavidsontoluca.com\\\/shop\\\/producto\\\/punos-harley-davidson-66-collection\\\/#breadcrumb\",\"itemListElement\":[{\"@type\":\"ListItem\",\"position\":1,\"name\":\"Portada\",\"item\":\"https:\\\/\\\/harleydavidsontoluca.com\\\/shop\\\/\"},{\"@type\":\"ListItem\",\"position\":2,\"name\":\"Tienda\",\"item\":\"https:\\\/\\\/harleydavidsontoluca.com\\\/shop\\\/tienda\\\/\"},{\"@type\":\"ListItem\",\"position\":3,\"name\":\"PU\u00d1OS HARLEY-DAVIDSON\u00ae 66\u2032 COLLECTION\"}]},{\"@type\":\"WebSite\",\"@id\":\"https:\\\/\\\/harleydavidsontoluca.com\\\/shop\\\/#website\",\"url\":\"https:\\\/\\\/harleydavidsontoluca.com\\\/shop\\\/\",\"name\":\"Shop H-D Toluca\",\"description\":\"Shop H-D Toluca\",\"publisher\":{\"@id\":\"https:\\\/\\\/harleydavidsontoluca.com\\\/shop\\\/#organization\"},\"potentialAction\":[{\"@type\":\"SearchAction\",\"target\":{\"@type\":\"EntryPoint\",\"urlTemplate\":\"https:\\\/\\\/harleydavidsontoluca.com\\\/shop\\\/?s={search_term_string}\"},\"query-input\":{\"@type\":\"PropertyValueSpecification\",\"valueRequired\":true,\"valueName\":\"search_term_string\"}}],\"inLanguage\":\"es\"},{\"@type\":\"Organization\",\"@id\":\"https:\\\/\\\/harleydavidsontoluca.com\\\/shop\\\/#organization\",\"name\":\"Concesionaria Central de Motos\",\"url\":\"https:\\\/\\\/harleydavidsontoluca.com\\\/shop\\\/\",\"logo\":{\"@type\":\"ImageObject\",\"inLanguage\":\"es\",\"@id\":\"https:\\\/\\\/harleydavidsontoluca.com\\\/shop\\\/#\\\/schema\\\/logo\\\/image\\\/\",\"url\":\"https:\\\/\\\/harleydavidsontoluca.com\\\/shop\\\/wp-content\\\/uploads\\\/2024\\\/02\\\/cropped-Logo-512.png\",\"contentUrl\":\"https:\\\/\\\/harleydavidsontoluca.com\\\/shop\\\/wp-content\\\/uploads\\\/2024\\\/02\\\/cropped-Logo-512.png\",\"width\":512,\"height\":512,\"caption\":\"Concesionaria Central de Motos\"},\"image\":{\"@id\":\"https:\\\/\\\/harleydavidsontoluca.com\\\/shop\\\/#\\\/schema\\\/logo\\\/image\\\/\"},\"sameAs\":[\"https:\\\/\\\/www.facebook.com\\\/HarleyDavidsonToluca\",\"https:\\\/\\\/www.instagram.com\\\/hdtoluca\\\/\"]}]}<\/script>\n<!-- \/ Yoast SEO plugin. -->","yoast_head_json":{"title":"PU\u00d1OS HARLEY-DAVIDSON\u00ae 66\u2032 COLLECTION - Tienda oficial H-D Toluca","robots":{"index":"index","follow":"follow","max-snippet":"max-snippet:-1","max-image-preview":"max-image-preview:large","max-video-preview":"max-video-preview:-1"},"canonical":"https:\/\/harleydavidsontoluca.com\/shop\/producto\/punos-harley-davidson-66-collection\/","og_locale":"es_MX","og_type":"article","og_title":"PU\u00d1OS HARLEY-DAVIDSON\u00ae 66\u2032 COLLECTION - Tienda oficial H-D Toluca","og_description":"El aspecto es atemporal y aut\u00e9ntico. El estilo artesanal de los accesorios de la Colecci\u00f3n \u201866 combina un duradero acabado en color negro brillante con toques de aluminio cepillado y un medall\u00f3n de color cobrizo inspirado en un emblema cl\u00e1sico del tanque de Harley-Davidson. He aqu\u00ed una alternativa a los estilos cromados brillantes o ennegrecidos que diferenciar\u00e1 su moto de las dem\u00e1s.  \u2022 Durable gloss black finish with brushed aluminum highlights \u2022 Brass-colored medallion inspired by a classic Harley-Davidson tank emblem for retro style with a modern twist \u2022 Glueless design permits removal for servicing without damage \u2022 Rubber provides a positive grip while riding \u2022 Sold as a pair \u2022 Complete this custom look with additional accessories from the \u201866 Collection","og_url":"https:\/\/harleydavidsontoluca.com\/shop\/producto\/punos-harley-davidson-66-collection\/","og_site_name":"Tienda oficial H-D Toluca","article_publisher":"https:\/\/www.facebook.com\/HarleyDavidsonToluca","article_modified_time":"2024-04-15T06:58:41+00:00","og_image":[{"width":2360,"height":2132,"url":"https:\/\/harleydavidsontoluca.com\/shop\/wp-content\/uploads\/2024\/01\/56100477_TT.jpg","type":"image\/jpeg"}],"twitter_card":"summary_large_image","twitter_misc":{"Tiempo de lectura":"1 minuto"},"schema":{"@context":"https:\/\/schema.org","@graph":[{"@type":"WebPage","@id":"https:\/\/harleydavidsontoluca.com\/shop\/producto\/punos-harley-davidson-66-collection\/","url":"https:\/\/harleydavidsontoluca.com\/shop\/producto\/punos-harley-davidson-66-collection\/","name":"PU\u00d1OS HARLEY-DAVIDSON\u00ae 66\u2032 COLLECTION - Tienda oficial H-D Toluca","isPartOf":{"@id":"https:\/\/harleydavidsontoluca.com\/shop\/#website"},"primaryImageOfPage":{"@id":"https:\/\/harleydavidsontoluca.com\/shop\/producto\/punos-harley-davidson-66-collection\/#primaryimage"},"image":{"@id":"https:\/\/harleydavidsontoluca.com\/shop\/producto\/punos-harley-davidson-66-collection\/#primaryimage"},"thumbnailUrl":"https:\/\/harleydavidsontoluca.com\/shop\/wp-content\/uploads\/2024\/01\/56100477_TT.jpg","datePublished":"2024-01-24T20:50:16+00:00","dateModified":"2024-04-15T06:58:41+00:00","breadcrumb":{"@id":"https:\/\/harleydavidsontoluca.com\/shop\/producto\/punos-harley-davidson-66-collection\/#breadcrumb"},"inLanguage":"es","potentialAction":[{"@type":"ReadAction","target":["https:\/\/harleydavidsontoluca.com\/shop\/producto\/punos-harley-davidson-66-collection\/"]}]},{"@type":"ImageObject","inLanguage":"es","@id":"https:\/\/harleydavidsontoluca.com\/shop\/producto\/punos-harley-davidson-66-collection\/#primaryimage","url":"https:\/\/harleydavidsontoluca.com\/shop\/wp-content\/uploads\/2024\/01\/56100477_TT.jpg","contentUrl":"https:\/\/harleydavidsontoluca.com\/shop\/wp-content\/uploads\/2024\/01\/56100477_TT.jpg","width":2360,"height":2132},{"@type":"BreadcrumbList","@id":"https:\/\/harleydavidsontoluca.com\/shop\/producto\/punos-harley-davidson-66-collection\/#breadcrumb","itemListElement":[{"@type":"ListItem","position":1,"name":"Portada","item":"https:\/\/harleydavidsontoluca.com\/shop\/"},{"@type":"ListItem","position":2,"name":"Tienda","item":"https:\/\/harleydavidsontoluca.com\/shop\/tienda\/"},{"@type":"ListItem","position":3,"name":"PU\u00d1OS HARLEY-DAVIDSON\u00ae 66\u2032 COLLECTION"}]},{"@type":"WebSite","@id":"https:\/\/harleydavidsontoluca.com\/shop\/#website","url":"https:\/\/harleydavidsontoluca.com\/shop\/","name":"Shop H-D Toluca","description":"Shop H-D Toluca","publisher":{"@id":"https:\/\/harleydavidsontoluca.com\/shop\/#organization"},"potentialAction":[{"@type":"SearchAction","target":{"@type":"EntryPoint","urlTemplate":"https:\/\/harleydavidsontoluca.com\/shop\/?s={search_term_string}"},"query-input":{"@type":"PropertyValueSpecification","valueRequired":true,"valueName":"search_term_string"}}],"inLanguage":"es"},{"@type":"Organization","@id":"https:\/\/harleydavidsontoluca.com\/shop\/#organization","name":"Concesionaria Central de Motos","url":"https:\/\/harleydavidsontoluca.com\/shop\/","logo":{"@type":"ImageObject","inLanguage":"es","@id":"https:\/\/harleydavidsontoluca.com\/shop\/#\/schema\/logo\/image\/","url":"https:\/\/harleydavidsontoluca.com\/shop\/wp-content\/uploads\/2024\/02\/cropped-Logo-512.png","contentUrl":"https:\/\/harleydavidsontoluca.com\/shop\/wp-content\/uploads\/2024\/02\/cropped-Logo-512.png","width":512,"height":512,"caption":"Concesionaria Central de Motos"},"image":{"@id":"https:\/\/harleydavidsontoluca.com\/shop\/#\/schema\/logo\/image\/"},"sameAs":["https:\/\/www.facebook.com\/HarleyDavidsonToluca","https:\/\/www.instagram.com\/hdtoluca\/"]}]}},"_links":{"self":[{"href":"https:\/\/harleydavidsontoluca.com\/shop\/wp-json\/wp\/v2\/product\/44690","targetHints":{"allow":["GET"]}}],"collection":[{"href":"https:\/\/harleydavidsontoluca.com\/shop\/wp-json\/wp\/v2\/product"}],"about":[{"href":"https:\/\/harleydavidsontoluca.com\/shop\/wp-json\/wp\/v2\/types\/product"}],"wp:featuredmedia":[{"embeddable":true,"href":"https:\/\/harleydavidsontoluca.com\/shop\/wp-json\/wp\/v2\/media\/44692"}],"wp:attachment":[{"href":"https:\/\/harleydavidsontoluca.com\/shop\/wp-json\/wp\/v2\/media?parent=44690"}],"wp:term":[{"taxonomy":"product_brand","embeddable":true,"href":"https:\/\/harleydavidsontoluca.com\/shop\/wp-json\/wp\/v2\/product_brand?post=44690"},{"taxonomy":"product_cat","embeddable":true,"href":"https:\/\/harleydavidsontoluca.com\/shop\/wp-json\/wp\/v2\/product_cat?post=44690"},{"taxonomy":"product_tag","embeddable":true,"href":"https:\/\/harleydavidsontoluca.com\/shop\/wp-json\/wp\/v2\/product_tag?post=44690"}],"curies":[{"name":"wp","href":"https:\/\/api.w.org\/{rel}","templated":true}]}}