
{"id":44457,"date":"2023-11-10T13:56:00","date_gmt":"2023-11-10T19:56:00","guid":{"rendered":"https:\/\/harleydavidsontoluca.com\/shop\/?post_type=product&#038;p=44457"},"modified":"2026-03-05T17:39:00","modified_gmt":"2026-03-05T23:39:00","slug":"casco-division-x15-sunshield-full-face","status":"publish","type":"product","link":"https:\/\/harleydavidsontoluca.com\/shop\/producto\/casco-division-x15-sunshield-full-face\/","title":{"rendered":"CASCO X15 SUNSHIELD FULL FACE"},"content":{"rendered":"<pre id=\"tw-target-text\" class=\"tw-data-text tw-text-large tw-ta\" dir=\"ltr\" data-placeholder=\"Traducci\u00f3n\" data-ved=\"2ahUKEwj6q4CFlbqCAxW-D0QIHZ_oBNwQ3ewLegQIBRAQ\"><span class=\"Y2IQFc\" lang=\"es\">\u2022 Peso promedio: 1350 gramos (2 lb 15 6\/8 oz)\r\n\u2022 Construcci\u00f3n del Casco: Cubierta de fibra de vidrio preimpregnada. Correa de ment\u00f3n con doble anillo en D.\r\n\u2022 Stay Cool: Ventilaciones ajustables en la barbilla, parte superior del casco y aler\u00f3n en la parte trasera del casco.\r\n\u2022 Interior y revestimientos: Forro desmontable, lavable y que absorbe la humedad.\r\n\u2022 Caracter\u00edsticas adicionales: La cubierta de bajo perfil de dise\u00f1o aerodin\u00e1mico minimiza el levante y la turbulencia para lograr un manejo m\u00e1s suave, m\u00e1s silencioso y m\u00e1s estable. Sistema sin herramientas para retirar el protector para la cara. Nuevo sistema de trinquete para asegurar el protector de la cara a la visera, lo que garantiza un sello adecuado. El protector para la cara tiene una tecnolog\u00eda antiniebla de primer nivel y protecci\u00f3n contra UV-A y UV-B.<\/span><\/pre>\n","protected":false},"excerpt":{"rendered":"<p>Las mejoras aerodin\u00e1micas, el sellado seguro, las funciones antiniebla&#8230;son solo algunas de las razones por las cuales nuestro Division X15 Sunshield Full Face Helmet de edici\u00f3n limitada es un nuevo accesorio favorito que brinda m\u00e1xima cobertura. Su cubierta de bajo perfil est\u00e1 dise\u00f1ada para minimizar el levante y la turbulencia y lograr un manejo m\u00e1s suave, m\u00e1s silencioso y m\u00e1s estable.<\/p>\n","protected":false},"featured_media":44466,"template":"","meta":[],"product_brand":[],"product_cat":[45,24],"product_tag":[],"class_list":{"0":"post-44457","1":"product","2":"type-product","3":"status-publish","4":"has-post-thumbnail","6":"product_cat-cascos","7":"product_cat-hombre","8":"pa_talla-l","9":"pa_talla-m","10":"pa_talla-xl","11":"pa_talla-xxl","13":"first","14":"instock","15":"taxable","16":"shipping-taxable","17":"purchasable","18":"product-type-variable"},"yoast_head":"<!-- This site is optimized with the Yoast SEO plugin v27.5 - https:\/\/yoast.com\/product\/yoast-seo-wordpress\/ -->\n<title>CASCO X15 SUNSHIELD FULL FACE - Tienda oficial H-D Toluca<\/title>\n<meta name=\"robots\" content=\"index, follow, max-snippet:-1, max-image-preview:large, max-video-preview:-1\" \/>\n<link rel=\"canonical\" href=\"https:\/\/harleydavidsontoluca.com\/shop\/producto\/casco-division-x15-sunshield-full-face\/\" \/>\n<meta property=\"og:locale\" content=\"es_MX\" \/>\n<meta property=\"og:type\" content=\"article\" \/>\n<meta property=\"og:title\" content=\"CASCO X15 SUNSHIELD FULL FACE - Tienda oficial H-D Toluca\" \/>\n<meta property=\"og:description\" content=\"Las mejoras aerodin\u00e1micas, el sellado seguro, las funciones antiniebla...son solo algunas de las razones por las cuales nuestro Division X15 Sunshield Full Face Helmet de edici\u00f3n limitada es un nuevo accesorio favorito que brinda m\u00e1xima cobertura. Su cubierta de bajo perfil est\u00e1 dise\u00f1ada para minimizar el levante y la turbulencia y lograr un manejo m\u00e1s suave, m\u00e1s silencioso y m\u00e1s estable.\" \/>\n<meta property=\"og:url\" content=\"https:\/\/harleydavidsontoluca.com\/shop\/producto\/casco-division-x15-sunshield-full-face\/\" \/>\n<meta property=\"og:site_name\" content=\"Tienda oficial H-D Toluca\" \/>\n<meta property=\"article:publisher\" content=\"https:\/\/www.facebook.com\/HarleyDavidsonToluca\" \/>\n<meta property=\"article:modified_time\" content=\"2026-03-05T23:39:00+00:00\" \/>\n<meta property=\"og:image\" content=\"https:\/\/harleydavidsontoluca.com\/shop\/wp-content\/uploads\/2023\/11\/Untitled-Project-2023-11-10T133956.308.jpg\" \/>\n\t<meta property=\"og:image:width\" content=\"1080\" \/>\n\t<meta property=\"og:image:height\" content=\"1080\" \/>\n\t<meta property=\"og:image:type\" content=\"image\/jpeg\" \/>\n<meta name=\"twitter:card\" content=\"summary_large_image\" \/>\n<meta name=\"twitter:label1\" content=\"Tiempo de lectura\" \/>\n\t<meta name=\"twitter:data1\" content=\"1 minuto\" \/>\n<script type=\"application\/ld+json\" class=\"yoast-schema-graph\">{\"@context\":\"https:\\\/\\\/schema.org\",\"@graph\":[{\"@type\":\"WebPage\",\"@id\":\"https:\\\/\\\/harleydavidsontoluca.com\\\/shop\\\/producto\\\/casco-division-x15-sunshield-full-face\\\/\",\"url\":\"https:\\\/\\\/harleydavidsontoluca.com\\\/shop\\\/producto\\\/casco-division-x15-sunshield-full-face\\\/\",\"name\":\"CASCO X15 SUNSHIELD FULL FACE - Tienda oficial H-D Toluca\",\"isPartOf\":{\"@id\":\"https:\\\/\\\/harleydavidsontoluca.com\\\/shop\\\/#website\"},\"primaryImageOfPage\":{\"@id\":\"https:\\\/\\\/harleydavidsontoluca.com\\\/shop\\\/producto\\\/casco-division-x15-sunshield-full-face\\\/#primaryimage\"},\"image\":{\"@id\":\"https:\\\/\\\/harleydavidsontoluca.com\\\/shop\\\/producto\\\/casco-division-x15-sunshield-full-face\\\/#primaryimage\"},\"thumbnailUrl\":\"https:\\\/\\\/harleydavidsontoluca.com\\\/shop\\\/wp-content\\\/uploads\\\/2023\\\/11\\\/Untitled-Project-2023-11-10T133956.308.jpg\",\"datePublished\":\"2023-11-10T19:56:00+00:00\",\"dateModified\":\"2026-03-05T23:39:00+00:00\",\"breadcrumb\":{\"@id\":\"https:\\\/\\\/harleydavidsontoluca.com\\\/shop\\\/producto\\\/casco-division-x15-sunshield-full-face\\\/#breadcrumb\"},\"inLanguage\":\"es\",\"potentialAction\":[{\"@type\":\"ReadAction\",\"target\":[\"https:\\\/\\\/harleydavidsontoluca.com\\\/shop\\\/producto\\\/casco-division-x15-sunshield-full-face\\\/\"]}]},{\"@type\":\"ImageObject\",\"inLanguage\":\"es\",\"@id\":\"https:\\\/\\\/harleydavidsontoluca.com\\\/shop\\\/producto\\\/casco-division-x15-sunshield-full-face\\\/#primaryimage\",\"url\":\"https:\\\/\\\/harleydavidsontoluca.com\\\/shop\\\/wp-content\\\/uploads\\\/2023\\\/11\\\/Untitled-Project-2023-11-10T133956.308.jpg\",\"contentUrl\":\"https:\\\/\\\/harleydavidsontoluca.com\\\/shop\\\/wp-content\\\/uploads\\\/2023\\\/11\\\/Untitled-Project-2023-11-10T133956.308.jpg\",\"width\":1080,\"height\":1080},{\"@type\":\"BreadcrumbList\",\"@id\":\"https:\\\/\\\/harleydavidsontoluca.com\\\/shop\\\/producto\\\/casco-division-x15-sunshield-full-face\\\/#breadcrumb\",\"itemListElement\":[{\"@type\":\"ListItem\",\"position\":1,\"name\":\"Portada\",\"item\":\"https:\\\/\\\/harleydavidsontoluca.com\\\/shop\\\/\"},{\"@type\":\"ListItem\",\"position\":2,\"name\":\"Tienda\",\"item\":\"https:\\\/\\\/harleydavidsontoluca.com\\\/shop\\\/tienda\\\/\"},{\"@type\":\"ListItem\",\"position\":3,\"name\":\"CASCO X15 SUNSHIELD FULL FACE\"}]},{\"@type\":\"WebSite\",\"@id\":\"https:\\\/\\\/harleydavidsontoluca.com\\\/shop\\\/#website\",\"url\":\"https:\\\/\\\/harleydavidsontoluca.com\\\/shop\\\/\",\"name\":\"Shop H-D Toluca\",\"description\":\"Shop H-D Toluca\",\"publisher\":{\"@id\":\"https:\\\/\\\/harleydavidsontoluca.com\\\/shop\\\/#organization\"},\"potentialAction\":[{\"@type\":\"SearchAction\",\"target\":{\"@type\":\"EntryPoint\",\"urlTemplate\":\"https:\\\/\\\/harleydavidsontoluca.com\\\/shop\\\/?s={search_term_string}\"},\"query-input\":{\"@type\":\"PropertyValueSpecification\",\"valueRequired\":true,\"valueName\":\"search_term_string\"}}],\"inLanguage\":\"es\"},{\"@type\":\"Organization\",\"@id\":\"https:\\\/\\\/harleydavidsontoluca.com\\\/shop\\\/#organization\",\"name\":\"Concesionaria Central de Motos\",\"url\":\"https:\\\/\\\/harleydavidsontoluca.com\\\/shop\\\/\",\"logo\":{\"@type\":\"ImageObject\",\"inLanguage\":\"es\",\"@id\":\"https:\\\/\\\/harleydavidsontoluca.com\\\/shop\\\/#\\\/schema\\\/logo\\\/image\\\/\",\"url\":\"https:\\\/\\\/harleydavidsontoluca.com\\\/shop\\\/wp-content\\\/uploads\\\/2024\\\/02\\\/cropped-Logo-512.png\",\"contentUrl\":\"https:\\\/\\\/harleydavidsontoluca.com\\\/shop\\\/wp-content\\\/uploads\\\/2024\\\/02\\\/cropped-Logo-512.png\",\"width\":512,\"height\":512,\"caption\":\"Concesionaria Central de Motos\"},\"image\":{\"@id\":\"https:\\\/\\\/harleydavidsontoluca.com\\\/shop\\\/#\\\/schema\\\/logo\\\/image\\\/\"},\"sameAs\":[\"https:\\\/\\\/www.facebook.com\\\/HarleyDavidsonToluca\",\"https:\\\/\\\/www.instagram.com\\\/hdtoluca\\\/\"]}]}<\/script>\n<!-- \/ Yoast SEO plugin. -->","yoast_head_json":{"title":"CASCO X15 SUNSHIELD FULL FACE - Tienda oficial H-D Toluca","robots":{"index":"index","follow":"follow","max-snippet":"max-snippet:-1","max-image-preview":"max-image-preview:large","max-video-preview":"max-video-preview:-1"},"canonical":"https:\/\/harleydavidsontoluca.com\/shop\/producto\/casco-division-x15-sunshield-full-face\/","og_locale":"es_MX","og_type":"article","og_title":"CASCO X15 SUNSHIELD FULL FACE - Tienda oficial H-D Toluca","og_description":"Las mejoras aerodin\u00e1micas, el sellado seguro, las funciones antiniebla...son solo algunas de las razones por las cuales nuestro Division X15 Sunshield Full Face Helmet de edici\u00f3n limitada es un nuevo accesorio favorito que brinda m\u00e1xima cobertura. Su cubierta de bajo perfil est\u00e1 dise\u00f1ada para minimizar el levante y la turbulencia y lograr un manejo m\u00e1s suave, m\u00e1s silencioso y m\u00e1s estable.","og_url":"https:\/\/harleydavidsontoluca.com\/shop\/producto\/casco-division-x15-sunshield-full-face\/","og_site_name":"Tienda oficial H-D Toluca","article_publisher":"https:\/\/www.facebook.com\/HarleyDavidsonToluca","article_modified_time":"2026-03-05T23:39:00+00:00","og_image":[{"width":1080,"height":1080,"url":"https:\/\/harleydavidsontoluca.com\/shop\/wp-content\/uploads\/2023\/11\/Untitled-Project-2023-11-10T133956.308.jpg","type":"image\/jpeg"}],"twitter_card":"summary_large_image","twitter_misc":{"Tiempo de lectura":"1 minuto"},"schema":{"@context":"https:\/\/schema.org","@graph":[{"@type":"WebPage","@id":"https:\/\/harleydavidsontoluca.com\/shop\/producto\/casco-division-x15-sunshield-full-face\/","url":"https:\/\/harleydavidsontoluca.com\/shop\/producto\/casco-division-x15-sunshield-full-face\/","name":"CASCO X15 SUNSHIELD FULL FACE - Tienda oficial H-D Toluca","isPartOf":{"@id":"https:\/\/harleydavidsontoluca.com\/shop\/#website"},"primaryImageOfPage":{"@id":"https:\/\/harleydavidsontoluca.com\/shop\/producto\/casco-division-x15-sunshield-full-face\/#primaryimage"},"image":{"@id":"https:\/\/harleydavidsontoluca.com\/shop\/producto\/casco-division-x15-sunshield-full-face\/#primaryimage"},"thumbnailUrl":"https:\/\/harleydavidsontoluca.com\/shop\/wp-content\/uploads\/2023\/11\/Untitled-Project-2023-11-10T133956.308.jpg","datePublished":"2023-11-10T19:56:00+00:00","dateModified":"2026-03-05T23:39:00+00:00","breadcrumb":{"@id":"https:\/\/harleydavidsontoluca.com\/shop\/producto\/casco-division-x15-sunshield-full-face\/#breadcrumb"},"inLanguage":"es","potentialAction":[{"@type":"ReadAction","target":["https:\/\/harleydavidsontoluca.com\/shop\/producto\/casco-division-x15-sunshield-full-face\/"]}]},{"@type":"ImageObject","inLanguage":"es","@id":"https:\/\/harleydavidsontoluca.com\/shop\/producto\/casco-division-x15-sunshield-full-face\/#primaryimage","url":"https:\/\/harleydavidsontoluca.com\/shop\/wp-content\/uploads\/2023\/11\/Untitled-Project-2023-11-10T133956.308.jpg","contentUrl":"https:\/\/harleydavidsontoluca.com\/shop\/wp-content\/uploads\/2023\/11\/Untitled-Project-2023-11-10T133956.308.jpg","width":1080,"height":1080},{"@type":"BreadcrumbList","@id":"https:\/\/harleydavidsontoluca.com\/shop\/producto\/casco-division-x15-sunshield-full-face\/#breadcrumb","itemListElement":[{"@type":"ListItem","position":1,"name":"Portada","item":"https:\/\/harleydavidsontoluca.com\/shop\/"},{"@type":"ListItem","position":2,"name":"Tienda","item":"https:\/\/harleydavidsontoluca.com\/shop\/tienda\/"},{"@type":"ListItem","position":3,"name":"CASCO X15 SUNSHIELD FULL FACE"}]},{"@type":"WebSite","@id":"https:\/\/harleydavidsontoluca.com\/shop\/#website","url":"https:\/\/harleydavidsontoluca.com\/shop\/","name":"Shop H-D Toluca","description":"Shop H-D Toluca","publisher":{"@id":"https:\/\/harleydavidsontoluca.com\/shop\/#organization"},"potentialAction":[{"@type":"SearchAction","target":{"@type":"EntryPoint","urlTemplate":"https:\/\/harleydavidsontoluca.com\/shop\/?s={search_term_string}"},"query-input":{"@type":"PropertyValueSpecification","valueRequired":true,"valueName":"search_term_string"}}],"inLanguage":"es"},{"@type":"Organization","@id":"https:\/\/harleydavidsontoluca.com\/shop\/#organization","name":"Concesionaria Central de Motos","url":"https:\/\/harleydavidsontoluca.com\/shop\/","logo":{"@type":"ImageObject","inLanguage":"es","@id":"https:\/\/harleydavidsontoluca.com\/shop\/#\/schema\/logo\/image\/","url":"https:\/\/harleydavidsontoluca.com\/shop\/wp-content\/uploads\/2024\/02\/cropped-Logo-512.png","contentUrl":"https:\/\/harleydavidsontoluca.com\/shop\/wp-content\/uploads\/2024\/02\/cropped-Logo-512.png","width":512,"height":512,"caption":"Concesionaria Central de Motos"},"image":{"@id":"https:\/\/harleydavidsontoluca.com\/shop\/#\/schema\/logo\/image\/"},"sameAs":["https:\/\/www.facebook.com\/HarleyDavidsonToluca","https:\/\/www.instagram.com\/hdtoluca\/"]}]}},"_links":{"self":[{"href":"https:\/\/harleydavidsontoluca.com\/shop\/wp-json\/wp\/v2\/product\/44457","targetHints":{"allow":["GET"]}}],"collection":[{"href":"https:\/\/harleydavidsontoluca.com\/shop\/wp-json\/wp\/v2\/product"}],"about":[{"href":"https:\/\/harleydavidsontoluca.com\/shop\/wp-json\/wp\/v2\/types\/product"}],"wp:featuredmedia":[{"embeddable":true,"href":"https:\/\/harleydavidsontoluca.com\/shop\/wp-json\/wp\/v2\/media\/44466"}],"wp:attachment":[{"href":"https:\/\/harleydavidsontoluca.com\/shop\/wp-json\/wp\/v2\/media?parent=44457"}],"wp:term":[{"taxonomy":"product_brand","embeddable":true,"href":"https:\/\/harleydavidsontoluca.com\/shop\/wp-json\/wp\/v2\/product_brand?post=44457"},{"taxonomy":"product_cat","embeddable":true,"href":"https:\/\/harleydavidsontoluca.com\/shop\/wp-json\/wp\/v2\/product_cat?post=44457"},{"taxonomy":"product_tag","embeddable":true,"href":"https:\/\/harleydavidsontoluca.com\/shop\/wp-json\/wp\/v2\/product_tag?post=44457"}],"curies":[{"name":"wp","href":"https:\/\/api.w.org\/{rel}","templated":true}]}}