
{"id":44424,"date":"2023-11-09T18:08:29","date_gmt":"2023-11-10T00:08:29","guid":{"rendered":"https:\/\/harleydavidsontoluca.com\/shop\/?post_type=product&#038;p=44424"},"modified":"2025-08-28T12:58:19","modified_gmt":"2025-08-28T17:58:19","slug":"chamarra-para-hombre-up-hoodie-para-hombre-medium-grey-heather","status":"publish","type":"product","link":"https:\/\/harleydavidsontoluca.com\/shop\/producto\/chamarra-para-hombre-up-hoodie-para-hombre-medium-grey-heather\/","title":{"rendered":"SUDADERA PARA HOMBRE MEDIUM GREY HEATHER"},"content":{"rendered":"<div class=\"mt-3\">\u2022\u00a0<span class=\"b2\">Materials:\u00a0<\/span>Tela polar de peso mediano de 60% de algod\u00f3n y 40% de poli\u00e9ster.<\/div>\n<div class=\"mt-3\">\u2022\u00a0<span class=\"b2\">Closure:\u00a0<\/span>Cremallera delantera.<\/div>\n<div class=\"mt-3\">\u2022\u00a0<span class=\"b2\">Pockets:\u00a0<\/span>Bolsillo de tipo canguro.<\/div>\n<div class=\"mt-3\">\u2022\u00a0<span class=\"b2\">Design Details:\u00a0<\/span>Capucha con cord\u00f3n forrada con jersey. Recortes en contraste en el canes\u00fa y en las mangas. Ribetes de material reflectante Scotchlite<sup>\u2122<\/sup>\u00a0de 3M<sup>\u2122<\/sup>\u00a0en el canes\u00fa delantero y trasero. Pu\u00f1os y dobladillo de punto acanalado.<\/div>\n<div class=\"mt-3\">\u2022\u00a0<span class=\"b2\">Graphics:\u00a0<\/span>Estampado suave al tacto.<\/div>\n","protected":false},"excerpt":{"rendered":"<div class=\"accordion-outer-content py-4 expanded-accordion-content\" role=\"button\" aria-expanded=\"true\" aria-controls=\"expandable-description\">\n<div class=\"accordion-headline\">DESCRIPCI\u00d3N<\/div>\n<div class=\"accordion-button\"><\/div>\n<\/div>\n<div id=\"expandable-description\" class=\"accordion-inner-content\">El estilo\u00a0<i>pit crew<\/i>\u00a0rinde homenaje al legado de Harley-Davidson en las carreras con la #1 Victory Zip-Up Hoodie de edici\u00f3n limitada. Confeccionada con tela polar de algod\u00f3n y poli\u00e9ster de peso mediano con un dise\u00f1o que ofrece comodidad durante todo el d\u00eda. Su audaz dise\u00f1o incluye recortes en contraste en el canes\u00fa y las mangas, y ribetes reflectantes para lograr una mayor visibilidad.<\/div>\n","protected":false},"featured_media":44428,"template":"","meta":[],"product_brand":[],"product_cat":[24,44],"product_tag":[],"class_list":{"0":"post-44424","1":"product","2":"type-product","3":"status-publish","4":"has-post-thumbnail","6":"product_cat-hombre","7":"product_cat-sudaderas","8":"pa_talla-l","9":"pa_talla-m","10":"pa_talla-xl","12":"first","13":"outofstock","14":"taxable","15":"shipping-taxable","16":"product-type-variable"},"yoast_head":"<!-- This site is optimized with the Yoast SEO plugin v27.3 - https:\/\/yoast.com\/product\/yoast-seo-wordpress\/ -->\n<title>SUDADERA PARA HOMBRE MEDIUM GREY HEATHER - Tienda oficial H-D Toluca<\/title>\n<meta name=\"robots\" content=\"index, follow, max-snippet:-1, max-image-preview:large, max-video-preview:-1\" \/>\n<link rel=\"canonical\" href=\"https:\/\/harleydavidsontoluca.com\/shop\/producto\/chamarra-para-hombre-up-hoodie-para-hombre-medium-grey-heather\/\" \/>\n<meta property=\"og:locale\" content=\"es_MX\" \/>\n<meta property=\"og:type\" content=\"article\" \/>\n<meta property=\"og:title\" content=\"SUDADERA PARA HOMBRE MEDIUM GREY HEATHER - Tienda oficial H-D Toluca\" \/>\n<meta property=\"og:description\" content=\"DESCRIPCI\u00d3N   El estilo\u00a0pit crew\u00a0rinde homenaje al legado de Harley-Davidson en las carreras con la #1 Victory Zip-Up Hoodie de edici\u00f3n limitada. Confeccionada con tela polar de algod\u00f3n y poli\u00e9ster de peso mediano con un dise\u00f1o que ofrece comodidad durante todo el d\u00eda. Su audaz dise\u00f1o incluye recortes en contraste en el canes\u00fa y las mangas, y ribetes reflectantes para lograr una mayor visibilidad.\" \/>\n<meta property=\"og:url\" content=\"https:\/\/harleydavidsontoluca.com\/shop\/producto\/chamarra-para-hombre-up-hoodie-para-hombre-medium-grey-heather\/\" \/>\n<meta property=\"og:site_name\" content=\"Tienda oficial H-D Toluca\" \/>\n<meta property=\"article:publisher\" content=\"https:\/\/www.facebook.com\/HarleyDavidsonToluca\" \/>\n<meta property=\"article:modified_time\" content=\"2025-08-28T17:58:19+00:00\" \/>\n<meta property=\"og:image\" content=\"https:\/\/harleydavidsontoluca.com\/shop\/wp-content\/uploads\/2023\/11\/Untitled-Project-2023-11-09T180737.397.jpg\" \/>\n\t<meta property=\"og:image:width\" content=\"1080\" \/>\n\t<meta property=\"og:image:height\" content=\"1080\" \/>\n\t<meta property=\"og:image:type\" content=\"image\/jpeg\" \/>\n<meta name=\"twitter:card\" content=\"summary_large_image\" \/>\n<meta name=\"twitter:label1\" content=\"Tiempo de lectura\" \/>\n\t<meta name=\"twitter:data1\" content=\"1 minuto\" \/>\n<script type=\"application\/ld+json\" class=\"yoast-schema-graph\">{\"@context\":\"https:\\\/\\\/schema.org\",\"@graph\":[{\"@type\":\"WebPage\",\"@id\":\"https:\\\/\\\/harleydavidsontoluca.com\\\/shop\\\/producto\\\/chamarra-para-hombre-up-hoodie-para-hombre-medium-grey-heather\\\/\",\"url\":\"https:\\\/\\\/harleydavidsontoluca.com\\\/shop\\\/producto\\\/chamarra-para-hombre-up-hoodie-para-hombre-medium-grey-heather\\\/\",\"name\":\"SUDADERA PARA HOMBRE MEDIUM GREY HEATHER - Tienda oficial H-D Toluca\",\"isPartOf\":{\"@id\":\"https:\\\/\\\/harleydavidsontoluca.com\\\/shop\\\/#website\"},\"primaryImageOfPage\":{\"@id\":\"https:\\\/\\\/harleydavidsontoluca.com\\\/shop\\\/producto\\\/chamarra-para-hombre-up-hoodie-para-hombre-medium-grey-heather\\\/#primaryimage\"},\"image\":{\"@id\":\"https:\\\/\\\/harleydavidsontoluca.com\\\/shop\\\/producto\\\/chamarra-para-hombre-up-hoodie-para-hombre-medium-grey-heather\\\/#primaryimage\"},\"thumbnailUrl\":\"https:\\\/\\\/harleydavidsontoluca.com\\\/shop\\\/wp-content\\\/uploads\\\/2023\\\/11\\\/Untitled-Project-2023-11-09T180737.397.jpg\",\"datePublished\":\"2023-11-10T00:08:29+00:00\",\"dateModified\":\"2025-08-28T17:58:19+00:00\",\"breadcrumb\":{\"@id\":\"https:\\\/\\\/harleydavidsontoluca.com\\\/shop\\\/producto\\\/chamarra-para-hombre-up-hoodie-para-hombre-medium-grey-heather\\\/#breadcrumb\"},\"inLanguage\":\"es\",\"potentialAction\":[{\"@type\":\"ReadAction\",\"target\":[\"https:\\\/\\\/harleydavidsontoluca.com\\\/shop\\\/producto\\\/chamarra-para-hombre-up-hoodie-para-hombre-medium-grey-heather\\\/\"]}]},{\"@type\":\"ImageObject\",\"inLanguage\":\"es\",\"@id\":\"https:\\\/\\\/harleydavidsontoluca.com\\\/shop\\\/producto\\\/chamarra-para-hombre-up-hoodie-para-hombre-medium-grey-heather\\\/#primaryimage\",\"url\":\"https:\\\/\\\/harleydavidsontoluca.com\\\/shop\\\/wp-content\\\/uploads\\\/2023\\\/11\\\/Untitled-Project-2023-11-09T180737.397.jpg\",\"contentUrl\":\"https:\\\/\\\/harleydavidsontoluca.com\\\/shop\\\/wp-content\\\/uploads\\\/2023\\\/11\\\/Untitled-Project-2023-11-09T180737.397.jpg\",\"width\":1080,\"height\":1080},{\"@type\":\"BreadcrumbList\",\"@id\":\"https:\\\/\\\/harleydavidsontoluca.com\\\/shop\\\/producto\\\/chamarra-para-hombre-up-hoodie-para-hombre-medium-grey-heather\\\/#breadcrumb\",\"itemListElement\":[{\"@type\":\"ListItem\",\"position\":1,\"name\":\"Portada\",\"item\":\"https:\\\/\\\/harleydavidsontoluca.com\\\/shop\\\/\"},{\"@type\":\"ListItem\",\"position\":2,\"name\":\"Tienda\",\"item\":\"https:\\\/\\\/harleydavidsontoluca.com\\\/shop\\\/tienda\\\/\"},{\"@type\":\"ListItem\",\"position\":3,\"name\":\"SUDADERA PARA HOMBRE MEDIUM GREY HEATHER\"}]},{\"@type\":\"WebSite\",\"@id\":\"https:\\\/\\\/harleydavidsontoluca.com\\\/shop\\\/#website\",\"url\":\"https:\\\/\\\/harleydavidsontoluca.com\\\/shop\\\/\",\"name\":\"Shop H-D Toluca\",\"description\":\"Shop H-D Toluca\",\"publisher\":{\"@id\":\"https:\\\/\\\/harleydavidsontoluca.com\\\/shop\\\/#organization\"},\"potentialAction\":[{\"@type\":\"SearchAction\",\"target\":{\"@type\":\"EntryPoint\",\"urlTemplate\":\"https:\\\/\\\/harleydavidsontoluca.com\\\/shop\\\/?s={search_term_string}\"},\"query-input\":{\"@type\":\"PropertyValueSpecification\",\"valueRequired\":true,\"valueName\":\"search_term_string\"}}],\"inLanguage\":\"es\"},{\"@type\":\"Organization\",\"@id\":\"https:\\\/\\\/harleydavidsontoluca.com\\\/shop\\\/#organization\",\"name\":\"Concesionaria Central de Motos\",\"url\":\"https:\\\/\\\/harleydavidsontoluca.com\\\/shop\\\/\",\"logo\":{\"@type\":\"ImageObject\",\"inLanguage\":\"es\",\"@id\":\"https:\\\/\\\/harleydavidsontoluca.com\\\/shop\\\/#\\\/schema\\\/logo\\\/image\\\/\",\"url\":\"https:\\\/\\\/harleydavidsontoluca.com\\\/shop\\\/wp-content\\\/uploads\\\/2024\\\/02\\\/cropped-Logo-512.png\",\"contentUrl\":\"https:\\\/\\\/harleydavidsontoluca.com\\\/shop\\\/wp-content\\\/uploads\\\/2024\\\/02\\\/cropped-Logo-512.png\",\"width\":512,\"height\":512,\"caption\":\"Concesionaria Central de Motos\"},\"image\":{\"@id\":\"https:\\\/\\\/harleydavidsontoluca.com\\\/shop\\\/#\\\/schema\\\/logo\\\/image\\\/\"},\"sameAs\":[\"https:\\\/\\\/www.facebook.com\\\/HarleyDavidsonToluca\",\"https:\\\/\\\/www.instagram.com\\\/hdtoluca\\\/\"]}]}<\/script>\n<!-- \/ Yoast SEO plugin. -->","yoast_head_json":{"title":"SUDADERA PARA HOMBRE MEDIUM GREY HEATHER - Tienda oficial H-D Toluca","robots":{"index":"index","follow":"follow","max-snippet":"max-snippet:-1","max-image-preview":"max-image-preview:large","max-video-preview":"max-video-preview:-1"},"canonical":"https:\/\/harleydavidsontoluca.com\/shop\/producto\/chamarra-para-hombre-up-hoodie-para-hombre-medium-grey-heather\/","og_locale":"es_MX","og_type":"article","og_title":"SUDADERA PARA HOMBRE MEDIUM GREY HEATHER - Tienda oficial H-D Toluca","og_description":"DESCRIPCI\u00d3N   El estilo\u00a0pit crew\u00a0rinde homenaje al legado de Harley-Davidson en las carreras con la #1 Victory Zip-Up Hoodie de edici\u00f3n limitada. Confeccionada con tela polar de algod\u00f3n y poli\u00e9ster de peso mediano con un dise\u00f1o que ofrece comodidad durante todo el d\u00eda. Su audaz dise\u00f1o incluye recortes en contraste en el canes\u00fa y las mangas, y ribetes reflectantes para lograr una mayor visibilidad.","og_url":"https:\/\/harleydavidsontoluca.com\/shop\/producto\/chamarra-para-hombre-up-hoodie-para-hombre-medium-grey-heather\/","og_site_name":"Tienda oficial H-D Toluca","article_publisher":"https:\/\/www.facebook.com\/HarleyDavidsonToluca","article_modified_time":"2025-08-28T17:58:19+00:00","og_image":[{"width":1080,"height":1080,"url":"https:\/\/harleydavidsontoluca.com\/shop\/wp-content\/uploads\/2023\/11\/Untitled-Project-2023-11-09T180737.397.jpg","type":"image\/jpeg"}],"twitter_card":"summary_large_image","twitter_misc":{"Tiempo de lectura":"1 minuto"},"schema":{"@context":"https:\/\/schema.org","@graph":[{"@type":"WebPage","@id":"https:\/\/harleydavidsontoluca.com\/shop\/producto\/chamarra-para-hombre-up-hoodie-para-hombre-medium-grey-heather\/","url":"https:\/\/harleydavidsontoluca.com\/shop\/producto\/chamarra-para-hombre-up-hoodie-para-hombre-medium-grey-heather\/","name":"SUDADERA PARA HOMBRE MEDIUM GREY HEATHER - Tienda oficial H-D Toluca","isPartOf":{"@id":"https:\/\/harleydavidsontoluca.com\/shop\/#website"},"primaryImageOfPage":{"@id":"https:\/\/harleydavidsontoluca.com\/shop\/producto\/chamarra-para-hombre-up-hoodie-para-hombre-medium-grey-heather\/#primaryimage"},"image":{"@id":"https:\/\/harleydavidsontoluca.com\/shop\/producto\/chamarra-para-hombre-up-hoodie-para-hombre-medium-grey-heather\/#primaryimage"},"thumbnailUrl":"https:\/\/harleydavidsontoluca.com\/shop\/wp-content\/uploads\/2023\/11\/Untitled-Project-2023-11-09T180737.397.jpg","datePublished":"2023-11-10T00:08:29+00:00","dateModified":"2025-08-28T17:58:19+00:00","breadcrumb":{"@id":"https:\/\/harleydavidsontoluca.com\/shop\/producto\/chamarra-para-hombre-up-hoodie-para-hombre-medium-grey-heather\/#breadcrumb"},"inLanguage":"es","potentialAction":[{"@type":"ReadAction","target":["https:\/\/harleydavidsontoluca.com\/shop\/producto\/chamarra-para-hombre-up-hoodie-para-hombre-medium-grey-heather\/"]}]},{"@type":"ImageObject","inLanguage":"es","@id":"https:\/\/harleydavidsontoluca.com\/shop\/producto\/chamarra-para-hombre-up-hoodie-para-hombre-medium-grey-heather\/#primaryimage","url":"https:\/\/harleydavidsontoluca.com\/shop\/wp-content\/uploads\/2023\/11\/Untitled-Project-2023-11-09T180737.397.jpg","contentUrl":"https:\/\/harleydavidsontoluca.com\/shop\/wp-content\/uploads\/2023\/11\/Untitled-Project-2023-11-09T180737.397.jpg","width":1080,"height":1080},{"@type":"BreadcrumbList","@id":"https:\/\/harleydavidsontoluca.com\/shop\/producto\/chamarra-para-hombre-up-hoodie-para-hombre-medium-grey-heather\/#breadcrumb","itemListElement":[{"@type":"ListItem","position":1,"name":"Portada","item":"https:\/\/harleydavidsontoluca.com\/shop\/"},{"@type":"ListItem","position":2,"name":"Tienda","item":"https:\/\/harleydavidsontoluca.com\/shop\/tienda\/"},{"@type":"ListItem","position":3,"name":"SUDADERA PARA HOMBRE MEDIUM GREY HEATHER"}]},{"@type":"WebSite","@id":"https:\/\/harleydavidsontoluca.com\/shop\/#website","url":"https:\/\/harleydavidsontoluca.com\/shop\/","name":"Shop H-D Toluca","description":"Shop H-D Toluca","publisher":{"@id":"https:\/\/harleydavidsontoluca.com\/shop\/#organization"},"potentialAction":[{"@type":"SearchAction","target":{"@type":"EntryPoint","urlTemplate":"https:\/\/harleydavidsontoluca.com\/shop\/?s={search_term_string}"},"query-input":{"@type":"PropertyValueSpecification","valueRequired":true,"valueName":"search_term_string"}}],"inLanguage":"es"},{"@type":"Organization","@id":"https:\/\/harleydavidsontoluca.com\/shop\/#organization","name":"Concesionaria Central de Motos","url":"https:\/\/harleydavidsontoluca.com\/shop\/","logo":{"@type":"ImageObject","inLanguage":"es","@id":"https:\/\/harleydavidsontoluca.com\/shop\/#\/schema\/logo\/image\/","url":"https:\/\/harleydavidsontoluca.com\/shop\/wp-content\/uploads\/2024\/02\/cropped-Logo-512.png","contentUrl":"https:\/\/harleydavidsontoluca.com\/shop\/wp-content\/uploads\/2024\/02\/cropped-Logo-512.png","width":512,"height":512,"caption":"Concesionaria Central de Motos"},"image":{"@id":"https:\/\/harleydavidsontoluca.com\/shop\/#\/schema\/logo\/image\/"},"sameAs":["https:\/\/www.facebook.com\/HarleyDavidsonToluca","https:\/\/www.instagram.com\/hdtoluca\/"]}]}},"_links":{"self":[{"href":"https:\/\/harleydavidsontoluca.com\/shop\/wp-json\/wp\/v2\/product\/44424","targetHints":{"allow":["GET"]}}],"collection":[{"href":"https:\/\/harleydavidsontoluca.com\/shop\/wp-json\/wp\/v2\/product"}],"about":[{"href":"https:\/\/harleydavidsontoluca.com\/shop\/wp-json\/wp\/v2\/types\/product"}],"wp:featuredmedia":[{"embeddable":true,"href":"https:\/\/harleydavidsontoluca.com\/shop\/wp-json\/wp\/v2\/media\/44428"}],"wp:attachment":[{"href":"https:\/\/harleydavidsontoluca.com\/shop\/wp-json\/wp\/v2\/media?parent=44424"}],"wp:term":[{"taxonomy":"product_brand","embeddable":true,"href":"https:\/\/harleydavidsontoluca.com\/shop\/wp-json\/wp\/v2\/product_brand?post=44424"},{"taxonomy":"product_cat","embeddable":true,"href":"https:\/\/harleydavidsontoluca.com\/shop\/wp-json\/wp\/v2\/product_cat?post=44424"},{"taxonomy":"product_tag","embeddable":true,"href":"https:\/\/harleydavidsontoluca.com\/shop\/wp-json\/wp\/v2\/product_tag?post=44424"}],"curies":[{"name":"wp","href":"https:\/\/api.w.org\/{rel}","templated":true}]}}