
{"id":44324,"date":"2023-10-20T12:06:26","date_gmt":"2023-10-20T17:06:26","guid":{"rendered":"https:\/\/harleydavidsontoluca.com\/shop\/?post_type=product&#038;p=44324"},"modified":"2025-01-10T16:19:14","modified_gmt":"2025-01-10T22:19:14","slug":"set-de-regalo-con-boligrafo-y-agenda-ejecutiva-para-oficina-harley-davidson-motor-co-negro","status":"publish","type":"product","link":"https:\/\/harleydavidsontoluca.com\/shop\/producto\/set-de-regalo-con-boligrafo-y-agenda-ejecutiva-para-oficina-harley-davidson-motor-co-negro\/","title":{"rendered":"SET DE -BOL\u00cdGRAFO Y AGENDA EJECUTIVA- HARLEY-DAVIDSON NEGRO"},"content":{"rendered":"<pre id=\"tw-target-text\" class=\"tw-data-text tw-text-large tw-ta\" dir=\"ltr\" data-placeholder=\"Traducci\u00f3n\" data-ved=\"2ahUKEwigxIPOjIWCAxU8NEQIHafRD7QQ3ewLegQIBhAQ\"><span class=\"Y2IQFc\" lang=\"es\">-Art\u00edculos hechos de piel sint\u00e9tica.\r\n-Incluye: agenda, bol\u00edgrafo, tarjetero y llavero.\r\n-El tarjetero de visita tiene capacidad para 20-25 tarjetas.\r\n-El planificador tiene 100 p\u00e1ginas.\r\n-Bol\u00edgrafo recargable negro.<\/span><\/pre>\n","protected":false},"excerpt":{"rendered":"<pre id=\"tw-target-text\" class=\"tw-data-text tw-text-large tw-ta\" dir=\"ltr\" data-placeholder=\"Traducci\u00f3n\" data-ved=\"2ahUKEwigxIPOjIWCAxU8NEQIHafRD7QQ3ewLegQIBhAQ\"><span class=\"Y2IQFc\" lang=\"es\">Harley-Davidson\u00ae Motor Black, agenda de piel sint\u00e9tica (100 p\u00e1ginas), bol\u00edgrafo de tinta negra (recargable), tarjetero de piel sint\u00e9tica (con capacidad para 20-25 tarjetas) y llavero de piel sint\u00e9tica a juego.<\/span><\/pre>\n","protected":false},"featured_media":44325,"template":"","meta":[],"product_brand":[],"product_cat":[27],"product_tag":[],"class_list":{"0":"post-44324","1":"product","2":"type-product","3":"status-publish","4":"has-post-thumbnail","6":"product_cat-accesorios","8":"first","9":"outofstock","10":"taxable","11":"shipping-taxable","12":"purchasable","13":"product-type-simple"},"yoast_head":"<!-- This site is optimized with the Yoast SEO plugin v27.4 - https:\/\/yoast.com\/product\/yoast-seo-wordpress\/ -->\n<title>SET DE -BOL\u00cdGRAFO Y AGENDA EJECUTIVA- HARLEY-DAVIDSON NEGRO - Tienda oficial H-D Toluca<\/title>\n<meta name=\"robots\" content=\"index, follow, max-snippet:-1, max-image-preview:large, max-video-preview:-1\" \/>\n<link rel=\"canonical\" href=\"https:\/\/harleydavidsontoluca.com\/shop\/producto\/set-de-regalo-con-boligrafo-y-agenda-ejecutiva-para-oficina-harley-davidson-motor-co-negro\/\" \/>\n<meta property=\"og:locale\" content=\"es_MX\" \/>\n<meta property=\"og:type\" content=\"article\" \/>\n<meta property=\"og:title\" content=\"SET DE -BOL\u00cdGRAFO Y AGENDA EJECUTIVA- HARLEY-DAVIDSON NEGRO - Tienda oficial H-D Toluca\" \/>\n<meta property=\"og:description\" content=\"Harley-Davidson\u00ae Motor Black, agenda de piel sint\u00e9tica (100 p\u00e1ginas), bol\u00edgrafo de tinta negra (recargable), tarjetero de piel sint\u00e9tica (con capacidad para 20-25 tarjetas) y llavero de piel sint\u00e9tica a juego.\" \/>\n<meta property=\"og:url\" content=\"https:\/\/harleydavidsontoluca.com\/shop\/producto\/set-de-regalo-con-boligrafo-y-agenda-ejecutiva-para-oficina-harley-davidson-motor-co-negro\/\" \/>\n<meta property=\"og:site_name\" content=\"Tienda oficial H-D Toluca\" \/>\n<meta property=\"article:publisher\" content=\"https:\/\/www.facebook.com\/HarleyDavidsonToluca\" \/>\n<meta property=\"article:modified_time\" content=\"2025-01-10T22:19:14+00:00\" \/>\n<meta property=\"og:image\" content=\"https:\/\/harleydavidsontoluca.com\/shop\/wp-content\/uploads\/2023\/10\/Untitled-Project-2023-10-20T120455.894.jpg\" \/>\n\t<meta property=\"og:image:width\" content=\"1080\" \/>\n\t<meta property=\"og:image:height\" content=\"1080\" \/>\n\t<meta property=\"og:image:type\" content=\"image\/jpeg\" \/>\n<meta name=\"twitter:card\" content=\"summary_large_image\" \/>\n<meta name=\"twitter:label1\" content=\"Tiempo de lectura\" \/>\n\t<meta name=\"twitter:data1\" content=\"1 minuto\" \/>\n<script type=\"application\/ld+json\" class=\"yoast-schema-graph\">{\"@context\":\"https:\\\/\\\/schema.org\",\"@graph\":[{\"@type\":\"WebPage\",\"@id\":\"https:\\\/\\\/harleydavidsontoluca.com\\\/shop\\\/producto\\\/set-de-regalo-con-boligrafo-y-agenda-ejecutiva-para-oficina-harley-davidson-motor-co-negro\\\/\",\"url\":\"https:\\\/\\\/harleydavidsontoluca.com\\\/shop\\\/producto\\\/set-de-regalo-con-boligrafo-y-agenda-ejecutiva-para-oficina-harley-davidson-motor-co-negro\\\/\",\"name\":\"SET DE -BOL\u00cdGRAFO Y AGENDA EJECUTIVA- HARLEY-DAVIDSON NEGRO - Tienda oficial H-D Toluca\",\"isPartOf\":{\"@id\":\"https:\\\/\\\/harleydavidsontoluca.com\\\/shop\\\/#website\"},\"primaryImageOfPage\":{\"@id\":\"https:\\\/\\\/harleydavidsontoluca.com\\\/shop\\\/producto\\\/set-de-regalo-con-boligrafo-y-agenda-ejecutiva-para-oficina-harley-davidson-motor-co-negro\\\/#primaryimage\"},\"image\":{\"@id\":\"https:\\\/\\\/harleydavidsontoluca.com\\\/shop\\\/producto\\\/set-de-regalo-con-boligrafo-y-agenda-ejecutiva-para-oficina-harley-davidson-motor-co-negro\\\/#primaryimage\"},\"thumbnailUrl\":\"https:\\\/\\\/harleydavidsontoluca.com\\\/shop\\\/wp-content\\\/uploads\\\/2023\\\/10\\\/Untitled-Project-2023-10-20T120455.894.jpg\",\"datePublished\":\"2023-10-20T17:06:26+00:00\",\"dateModified\":\"2025-01-10T22:19:14+00:00\",\"breadcrumb\":{\"@id\":\"https:\\\/\\\/harleydavidsontoluca.com\\\/shop\\\/producto\\\/set-de-regalo-con-boligrafo-y-agenda-ejecutiva-para-oficina-harley-davidson-motor-co-negro\\\/#breadcrumb\"},\"inLanguage\":\"es\",\"potentialAction\":[{\"@type\":\"ReadAction\",\"target\":[\"https:\\\/\\\/harleydavidsontoluca.com\\\/shop\\\/producto\\\/set-de-regalo-con-boligrafo-y-agenda-ejecutiva-para-oficina-harley-davidson-motor-co-negro\\\/\"]}]},{\"@type\":\"ImageObject\",\"inLanguage\":\"es\",\"@id\":\"https:\\\/\\\/harleydavidsontoluca.com\\\/shop\\\/producto\\\/set-de-regalo-con-boligrafo-y-agenda-ejecutiva-para-oficina-harley-davidson-motor-co-negro\\\/#primaryimage\",\"url\":\"https:\\\/\\\/harleydavidsontoluca.com\\\/shop\\\/wp-content\\\/uploads\\\/2023\\\/10\\\/Untitled-Project-2023-10-20T120455.894.jpg\",\"contentUrl\":\"https:\\\/\\\/harleydavidsontoluca.com\\\/shop\\\/wp-content\\\/uploads\\\/2023\\\/10\\\/Untitled-Project-2023-10-20T120455.894.jpg\",\"width\":1080,\"height\":1080},{\"@type\":\"BreadcrumbList\",\"@id\":\"https:\\\/\\\/harleydavidsontoluca.com\\\/shop\\\/producto\\\/set-de-regalo-con-boligrafo-y-agenda-ejecutiva-para-oficina-harley-davidson-motor-co-negro\\\/#breadcrumb\",\"itemListElement\":[{\"@type\":\"ListItem\",\"position\":1,\"name\":\"Portada\",\"item\":\"https:\\\/\\\/harleydavidsontoluca.com\\\/shop\\\/\"},{\"@type\":\"ListItem\",\"position\":2,\"name\":\"Tienda\",\"item\":\"https:\\\/\\\/harleydavidsontoluca.com\\\/shop\\\/tienda\\\/\"},{\"@type\":\"ListItem\",\"position\":3,\"name\":\"SET DE -BOL\u00cdGRAFO Y AGENDA EJECUTIVA- HARLEY-DAVIDSON NEGRO\"}]},{\"@type\":\"WebSite\",\"@id\":\"https:\\\/\\\/harleydavidsontoluca.com\\\/shop\\\/#website\",\"url\":\"https:\\\/\\\/harleydavidsontoluca.com\\\/shop\\\/\",\"name\":\"Shop H-D Toluca\",\"description\":\"Shop H-D Toluca\",\"publisher\":{\"@id\":\"https:\\\/\\\/harleydavidsontoluca.com\\\/shop\\\/#organization\"},\"potentialAction\":[{\"@type\":\"SearchAction\",\"target\":{\"@type\":\"EntryPoint\",\"urlTemplate\":\"https:\\\/\\\/harleydavidsontoluca.com\\\/shop\\\/?s={search_term_string}\"},\"query-input\":{\"@type\":\"PropertyValueSpecification\",\"valueRequired\":true,\"valueName\":\"search_term_string\"}}],\"inLanguage\":\"es\"},{\"@type\":\"Organization\",\"@id\":\"https:\\\/\\\/harleydavidsontoluca.com\\\/shop\\\/#organization\",\"name\":\"Concesionaria Central de Motos\",\"url\":\"https:\\\/\\\/harleydavidsontoluca.com\\\/shop\\\/\",\"logo\":{\"@type\":\"ImageObject\",\"inLanguage\":\"es\",\"@id\":\"https:\\\/\\\/harleydavidsontoluca.com\\\/shop\\\/#\\\/schema\\\/logo\\\/image\\\/\",\"url\":\"https:\\\/\\\/harleydavidsontoluca.com\\\/shop\\\/wp-content\\\/uploads\\\/2024\\\/02\\\/cropped-Logo-512.png\",\"contentUrl\":\"https:\\\/\\\/harleydavidsontoluca.com\\\/shop\\\/wp-content\\\/uploads\\\/2024\\\/02\\\/cropped-Logo-512.png\",\"width\":512,\"height\":512,\"caption\":\"Concesionaria Central de Motos\"},\"image\":{\"@id\":\"https:\\\/\\\/harleydavidsontoluca.com\\\/shop\\\/#\\\/schema\\\/logo\\\/image\\\/\"},\"sameAs\":[\"https:\\\/\\\/www.facebook.com\\\/HarleyDavidsonToluca\",\"https:\\\/\\\/www.instagram.com\\\/hdtoluca\\\/\"]}]}<\/script>\n<!-- \/ Yoast SEO plugin. -->","yoast_head_json":{"title":"SET DE -BOL\u00cdGRAFO Y AGENDA EJECUTIVA- HARLEY-DAVIDSON NEGRO - Tienda oficial H-D Toluca","robots":{"index":"index","follow":"follow","max-snippet":"max-snippet:-1","max-image-preview":"max-image-preview:large","max-video-preview":"max-video-preview:-1"},"canonical":"https:\/\/harleydavidsontoluca.com\/shop\/producto\/set-de-regalo-con-boligrafo-y-agenda-ejecutiva-para-oficina-harley-davidson-motor-co-negro\/","og_locale":"es_MX","og_type":"article","og_title":"SET DE -BOL\u00cdGRAFO Y AGENDA EJECUTIVA- HARLEY-DAVIDSON NEGRO - Tienda oficial H-D Toluca","og_description":"Harley-Davidson\u00ae Motor Black, agenda de piel sint\u00e9tica (100 p\u00e1ginas), bol\u00edgrafo de tinta negra (recargable), tarjetero de piel sint\u00e9tica (con capacidad para 20-25 tarjetas) y llavero de piel sint\u00e9tica a juego.","og_url":"https:\/\/harleydavidsontoluca.com\/shop\/producto\/set-de-regalo-con-boligrafo-y-agenda-ejecutiva-para-oficina-harley-davidson-motor-co-negro\/","og_site_name":"Tienda oficial H-D Toluca","article_publisher":"https:\/\/www.facebook.com\/HarleyDavidsonToluca","article_modified_time":"2025-01-10T22:19:14+00:00","og_image":[{"width":1080,"height":1080,"url":"https:\/\/harleydavidsontoluca.com\/shop\/wp-content\/uploads\/2023\/10\/Untitled-Project-2023-10-20T120455.894.jpg","type":"image\/jpeg"}],"twitter_card":"summary_large_image","twitter_misc":{"Tiempo de lectura":"1 minuto"},"schema":{"@context":"https:\/\/schema.org","@graph":[{"@type":"WebPage","@id":"https:\/\/harleydavidsontoluca.com\/shop\/producto\/set-de-regalo-con-boligrafo-y-agenda-ejecutiva-para-oficina-harley-davidson-motor-co-negro\/","url":"https:\/\/harleydavidsontoluca.com\/shop\/producto\/set-de-regalo-con-boligrafo-y-agenda-ejecutiva-para-oficina-harley-davidson-motor-co-negro\/","name":"SET DE -BOL\u00cdGRAFO Y AGENDA EJECUTIVA- HARLEY-DAVIDSON NEGRO - Tienda oficial H-D Toluca","isPartOf":{"@id":"https:\/\/harleydavidsontoluca.com\/shop\/#website"},"primaryImageOfPage":{"@id":"https:\/\/harleydavidsontoluca.com\/shop\/producto\/set-de-regalo-con-boligrafo-y-agenda-ejecutiva-para-oficina-harley-davidson-motor-co-negro\/#primaryimage"},"image":{"@id":"https:\/\/harleydavidsontoluca.com\/shop\/producto\/set-de-regalo-con-boligrafo-y-agenda-ejecutiva-para-oficina-harley-davidson-motor-co-negro\/#primaryimage"},"thumbnailUrl":"https:\/\/harleydavidsontoluca.com\/shop\/wp-content\/uploads\/2023\/10\/Untitled-Project-2023-10-20T120455.894.jpg","datePublished":"2023-10-20T17:06:26+00:00","dateModified":"2025-01-10T22:19:14+00:00","breadcrumb":{"@id":"https:\/\/harleydavidsontoluca.com\/shop\/producto\/set-de-regalo-con-boligrafo-y-agenda-ejecutiva-para-oficina-harley-davidson-motor-co-negro\/#breadcrumb"},"inLanguage":"es","potentialAction":[{"@type":"ReadAction","target":["https:\/\/harleydavidsontoluca.com\/shop\/producto\/set-de-regalo-con-boligrafo-y-agenda-ejecutiva-para-oficina-harley-davidson-motor-co-negro\/"]}]},{"@type":"ImageObject","inLanguage":"es","@id":"https:\/\/harleydavidsontoluca.com\/shop\/producto\/set-de-regalo-con-boligrafo-y-agenda-ejecutiva-para-oficina-harley-davidson-motor-co-negro\/#primaryimage","url":"https:\/\/harleydavidsontoluca.com\/shop\/wp-content\/uploads\/2023\/10\/Untitled-Project-2023-10-20T120455.894.jpg","contentUrl":"https:\/\/harleydavidsontoluca.com\/shop\/wp-content\/uploads\/2023\/10\/Untitled-Project-2023-10-20T120455.894.jpg","width":1080,"height":1080},{"@type":"BreadcrumbList","@id":"https:\/\/harleydavidsontoluca.com\/shop\/producto\/set-de-regalo-con-boligrafo-y-agenda-ejecutiva-para-oficina-harley-davidson-motor-co-negro\/#breadcrumb","itemListElement":[{"@type":"ListItem","position":1,"name":"Portada","item":"https:\/\/harleydavidsontoluca.com\/shop\/"},{"@type":"ListItem","position":2,"name":"Tienda","item":"https:\/\/harleydavidsontoluca.com\/shop\/tienda\/"},{"@type":"ListItem","position":3,"name":"SET DE -BOL\u00cdGRAFO Y AGENDA EJECUTIVA- HARLEY-DAVIDSON NEGRO"}]},{"@type":"WebSite","@id":"https:\/\/harleydavidsontoluca.com\/shop\/#website","url":"https:\/\/harleydavidsontoluca.com\/shop\/","name":"Shop H-D Toluca","description":"Shop H-D Toluca","publisher":{"@id":"https:\/\/harleydavidsontoluca.com\/shop\/#organization"},"potentialAction":[{"@type":"SearchAction","target":{"@type":"EntryPoint","urlTemplate":"https:\/\/harleydavidsontoluca.com\/shop\/?s={search_term_string}"},"query-input":{"@type":"PropertyValueSpecification","valueRequired":true,"valueName":"search_term_string"}}],"inLanguage":"es"},{"@type":"Organization","@id":"https:\/\/harleydavidsontoluca.com\/shop\/#organization","name":"Concesionaria Central de Motos","url":"https:\/\/harleydavidsontoluca.com\/shop\/","logo":{"@type":"ImageObject","inLanguage":"es","@id":"https:\/\/harleydavidsontoluca.com\/shop\/#\/schema\/logo\/image\/","url":"https:\/\/harleydavidsontoluca.com\/shop\/wp-content\/uploads\/2024\/02\/cropped-Logo-512.png","contentUrl":"https:\/\/harleydavidsontoluca.com\/shop\/wp-content\/uploads\/2024\/02\/cropped-Logo-512.png","width":512,"height":512,"caption":"Concesionaria Central de Motos"},"image":{"@id":"https:\/\/harleydavidsontoluca.com\/shop\/#\/schema\/logo\/image\/"},"sameAs":["https:\/\/www.facebook.com\/HarleyDavidsonToluca","https:\/\/www.instagram.com\/hdtoluca\/"]}]}},"_links":{"self":[{"href":"https:\/\/harleydavidsontoluca.com\/shop\/wp-json\/wp\/v2\/product\/44324","targetHints":{"allow":["GET"]}}],"collection":[{"href":"https:\/\/harleydavidsontoluca.com\/shop\/wp-json\/wp\/v2\/product"}],"about":[{"href":"https:\/\/harleydavidsontoluca.com\/shop\/wp-json\/wp\/v2\/types\/product"}],"wp:featuredmedia":[{"embeddable":true,"href":"https:\/\/harleydavidsontoluca.com\/shop\/wp-json\/wp\/v2\/media\/44325"}],"wp:attachment":[{"href":"https:\/\/harleydavidsontoluca.com\/shop\/wp-json\/wp\/v2\/media?parent=44324"}],"wp:term":[{"taxonomy":"product_brand","embeddable":true,"href":"https:\/\/harleydavidsontoluca.com\/shop\/wp-json\/wp\/v2\/product_brand?post=44324"},{"taxonomy":"product_cat","embeddable":true,"href":"https:\/\/harleydavidsontoluca.com\/shop\/wp-json\/wp\/v2\/product_cat?post=44324"},{"taxonomy":"product_tag","embeddable":true,"href":"https:\/\/harleydavidsontoluca.com\/shop\/wp-json\/wp\/v2\/product_tag?post=44324"}],"curies":[{"name":"wp","href":"https:\/\/api.w.org\/{rel}","templated":true}]}}