
{"id":44271,"date":"2023-10-12T18:35:45","date_gmt":"2023-10-12T23:35:45","guid":{"rendered":"https:\/\/harleydavidsontoluca.com\/shop\/?post_type=product&#038;p=44271"},"modified":"2026-03-05T17:42:39","modified_gmt":"2026-03-05T23:42:39","slug":"camisa-con-botones-inherentes-en-la-parte-delantera-para-mujer","status":"publish","type":"product","link":"https:\/\/harleydavidsontoluca.com\/shop\/producto\/camisa-con-botones-inherentes-en-la-parte-delantera-para-mujer\/","title":{"rendered":"BLUSA CON BOTONES EN LA PARTE DELANTERA, PARA MUJER"},"content":{"rendered":"<div class=\"mt-3\">\u2022\u00a0<span class=\"b2\">Materiales:\u00a0<\/span>97% algod\u00f3n, 3% sarga spandex (cuerpo y mangas).\u00a096% poli\u00e9ster, 4% elastano (paneles laterales).\u00a0Lavado para mayor suavidad.<\/div>\n<div class=\"mt-3\">\u2022\u00a0<span class=\"b2\">Cierre:\u00a0<\/span>Bot\u00f3n frontal.<\/div>\n<div class=\"mt-3\">\u2022\u00a0<span class=\"b2\">Detalles de dise\u00f1o:\u00a0<\/span>paneles laterales con nervaduras.\u00a0Ribetes en contraste.\u00a0Pu\u00f1os enrollados.\u00a0Dobladillo redondeado.\u00a0Cuello oculto a presi\u00f3n.<\/div>\n<div class=\"mt-3\">\u2022\u00a0<span class=\"b2\">Gr\u00e1ficos:\u00a0<\/span>Bordado directo.\u00a0Aplique bordado.<\/div>\n","protected":false},"excerpt":{"rendered":"<p>Nuestra camisa con botones inherentes en la parte delantera es una reedici\u00f3n de un favorito de los entusiastas amantes de lo retro.\u00a0Confeccionado de forma pr\u00e1ctica con algod\u00f3n con un toque de sarga de spandex para mayor elasticidad y durabilidad, adem\u00e1s de un cuello a presi\u00f3n oculto que permanece fijo mientras conduces.\u00a0Su silueta elegante y contorneada presenta un dobladillo redondeado para alargar la l\u00ednea de las piernas, pu\u00f1os enrollados, paneles laterales de punto acanalado y un toque de ribetes en contraste en las costuras.\u00a0Hemos actualizado los gr\u00e1ficos pero a\u00fan mantenemos ese magn\u00edfico contraste con el bordado en la parte delantera y trasera.<\/p>\n","protected":false},"featured_media":44277,"template":"","meta":[],"product_brand":[],"product_cat":[71,25],"product_tag":[],"class_list":{"0":"post-44271","1":"product","2":"type-product","3":"status-publish","4":"has-post-thumbnail","6":"product_cat-blusas","7":"product_cat-mujer","8":"pa_talla-l","9":"pa_talla-m","10":"pa_talla-s","11":"pa_talla-xs","13":"first","14":"instock","15":"taxable","16":"shipping-taxable","17":"purchasable","18":"product-type-variable"},"yoast_head":"<!-- This site is optimized with the Yoast SEO plugin v27.4 - https:\/\/yoast.com\/product\/yoast-seo-wordpress\/ -->\n<title>BLUSA CON BOTONES EN LA PARTE DELANTERA, PARA MUJER - Tienda oficial H-D Toluca<\/title>\n<meta name=\"robots\" content=\"index, follow, max-snippet:-1, max-image-preview:large, max-video-preview:-1\" \/>\n<link rel=\"canonical\" href=\"https:\/\/harleydavidsontoluca.com\/shop\/producto\/camisa-con-botones-inherentes-en-la-parte-delantera-para-mujer\/\" \/>\n<meta property=\"og:locale\" content=\"es_MX\" \/>\n<meta property=\"og:type\" content=\"article\" \/>\n<meta property=\"og:title\" content=\"BLUSA CON BOTONES EN LA PARTE DELANTERA, PARA MUJER - Tienda oficial H-D Toluca\" \/>\n<meta property=\"og:description\" content=\"Nuestra camisa con botones inherentes en la parte delantera es una reedici\u00f3n de un favorito de los entusiastas amantes de lo retro.\u00a0Confeccionado de forma pr\u00e1ctica con algod\u00f3n con un toque de sarga de spandex para mayor elasticidad y durabilidad, adem\u00e1s de un cuello a presi\u00f3n oculto que permanece fijo mientras conduces.\u00a0Su silueta elegante y contorneada presenta un dobladillo redondeado para alargar la l\u00ednea de las piernas, pu\u00f1os enrollados, paneles laterales de punto acanalado y un toque de ribetes en contraste en las costuras.\u00a0Hemos actualizado los gr\u00e1ficos pero a\u00fan mantenemos ese magn\u00edfico contraste con el bordado en la parte delantera y trasera.\" \/>\n<meta property=\"og:url\" content=\"https:\/\/harleydavidsontoluca.com\/shop\/producto\/camisa-con-botones-inherentes-en-la-parte-delantera-para-mujer\/\" \/>\n<meta property=\"og:site_name\" content=\"Tienda oficial H-D Toluca\" \/>\n<meta property=\"article:publisher\" content=\"https:\/\/www.facebook.com\/HarleyDavidsonToluca\" \/>\n<meta property=\"article:modified_time\" content=\"2026-03-05T23:42:39+00:00\" \/>\n<meta property=\"og:image\" content=\"https:\/\/harleydavidsontoluca.com\/shop\/wp-content\/uploads\/2023\/10\/Untitled-Project-2023-10-12T182939.787.jpg\" \/>\n\t<meta property=\"og:image:width\" content=\"1080\" \/>\n\t<meta property=\"og:image:height\" content=\"1080\" \/>\n\t<meta property=\"og:image:type\" content=\"image\/jpeg\" \/>\n<meta name=\"twitter:card\" content=\"summary_large_image\" \/>\n<meta name=\"twitter:label1\" content=\"Tiempo de lectura\" \/>\n\t<meta name=\"twitter:data1\" content=\"1 minuto\" \/>\n<script type=\"application\/ld+json\" class=\"yoast-schema-graph\">{\"@context\":\"https:\\\/\\\/schema.org\",\"@graph\":[{\"@type\":\"WebPage\",\"@id\":\"https:\\\/\\\/harleydavidsontoluca.com\\\/shop\\\/producto\\\/camisa-con-botones-inherentes-en-la-parte-delantera-para-mujer\\\/\",\"url\":\"https:\\\/\\\/harleydavidsontoluca.com\\\/shop\\\/producto\\\/camisa-con-botones-inherentes-en-la-parte-delantera-para-mujer\\\/\",\"name\":\"BLUSA CON BOTONES EN LA PARTE DELANTERA, PARA MUJER - Tienda oficial H-D Toluca\",\"isPartOf\":{\"@id\":\"https:\\\/\\\/harleydavidsontoluca.com\\\/shop\\\/#website\"},\"primaryImageOfPage\":{\"@id\":\"https:\\\/\\\/harleydavidsontoluca.com\\\/shop\\\/producto\\\/camisa-con-botones-inherentes-en-la-parte-delantera-para-mujer\\\/#primaryimage\"},\"image\":{\"@id\":\"https:\\\/\\\/harleydavidsontoluca.com\\\/shop\\\/producto\\\/camisa-con-botones-inherentes-en-la-parte-delantera-para-mujer\\\/#primaryimage\"},\"thumbnailUrl\":\"https:\\\/\\\/harleydavidsontoluca.com\\\/shop\\\/wp-content\\\/uploads\\\/2023\\\/10\\\/Untitled-Project-2023-10-12T182939.787.jpg\",\"datePublished\":\"2023-10-12T23:35:45+00:00\",\"dateModified\":\"2026-03-05T23:42:39+00:00\",\"breadcrumb\":{\"@id\":\"https:\\\/\\\/harleydavidsontoluca.com\\\/shop\\\/producto\\\/camisa-con-botones-inherentes-en-la-parte-delantera-para-mujer\\\/#breadcrumb\"},\"inLanguage\":\"es\",\"potentialAction\":[{\"@type\":\"ReadAction\",\"target\":[\"https:\\\/\\\/harleydavidsontoluca.com\\\/shop\\\/producto\\\/camisa-con-botones-inherentes-en-la-parte-delantera-para-mujer\\\/\"]}]},{\"@type\":\"ImageObject\",\"inLanguage\":\"es\",\"@id\":\"https:\\\/\\\/harleydavidsontoluca.com\\\/shop\\\/producto\\\/camisa-con-botones-inherentes-en-la-parte-delantera-para-mujer\\\/#primaryimage\",\"url\":\"https:\\\/\\\/harleydavidsontoluca.com\\\/shop\\\/wp-content\\\/uploads\\\/2023\\\/10\\\/Untitled-Project-2023-10-12T182939.787.jpg\",\"contentUrl\":\"https:\\\/\\\/harleydavidsontoluca.com\\\/shop\\\/wp-content\\\/uploads\\\/2023\\\/10\\\/Untitled-Project-2023-10-12T182939.787.jpg\",\"width\":1080,\"height\":1080},{\"@type\":\"BreadcrumbList\",\"@id\":\"https:\\\/\\\/harleydavidsontoluca.com\\\/shop\\\/producto\\\/camisa-con-botones-inherentes-en-la-parte-delantera-para-mujer\\\/#breadcrumb\",\"itemListElement\":[{\"@type\":\"ListItem\",\"position\":1,\"name\":\"Portada\",\"item\":\"https:\\\/\\\/harleydavidsontoluca.com\\\/shop\\\/\"},{\"@type\":\"ListItem\",\"position\":2,\"name\":\"Tienda\",\"item\":\"https:\\\/\\\/harleydavidsontoluca.com\\\/shop\\\/tienda\\\/\"},{\"@type\":\"ListItem\",\"position\":3,\"name\":\"BLUSA CON BOTONES EN LA PARTE DELANTERA, PARA MUJER\"}]},{\"@type\":\"WebSite\",\"@id\":\"https:\\\/\\\/harleydavidsontoluca.com\\\/shop\\\/#website\",\"url\":\"https:\\\/\\\/harleydavidsontoluca.com\\\/shop\\\/\",\"name\":\"Shop H-D Toluca\",\"description\":\"Shop H-D Toluca\",\"publisher\":{\"@id\":\"https:\\\/\\\/harleydavidsontoluca.com\\\/shop\\\/#organization\"},\"potentialAction\":[{\"@type\":\"SearchAction\",\"target\":{\"@type\":\"EntryPoint\",\"urlTemplate\":\"https:\\\/\\\/harleydavidsontoluca.com\\\/shop\\\/?s={search_term_string}\"},\"query-input\":{\"@type\":\"PropertyValueSpecification\",\"valueRequired\":true,\"valueName\":\"search_term_string\"}}],\"inLanguage\":\"es\"},{\"@type\":\"Organization\",\"@id\":\"https:\\\/\\\/harleydavidsontoluca.com\\\/shop\\\/#organization\",\"name\":\"Concesionaria Central de Motos\",\"url\":\"https:\\\/\\\/harleydavidsontoluca.com\\\/shop\\\/\",\"logo\":{\"@type\":\"ImageObject\",\"inLanguage\":\"es\",\"@id\":\"https:\\\/\\\/harleydavidsontoluca.com\\\/shop\\\/#\\\/schema\\\/logo\\\/image\\\/\",\"url\":\"https:\\\/\\\/harleydavidsontoluca.com\\\/shop\\\/wp-content\\\/uploads\\\/2024\\\/02\\\/cropped-Logo-512.png\",\"contentUrl\":\"https:\\\/\\\/harleydavidsontoluca.com\\\/shop\\\/wp-content\\\/uploads\\\/2024\\\/02\\\/cropped-Logo-512.png\",\"width\":512,\"height\":512,\"caption\":\"Concesionaria Central de Motos\"},\"image\":{\"@id\":\"https:\\\/\\\/harleydavidsontoluca.com\\\/shop\\\/#\\\/schema\\\/logo\\\/image\\\/\"},\"sameAs\":[\"https:\\\/\\\/www.facebook.com\\\/HarleyDavidsonToluca\",\"https:\\\/\\\/www.instagram.com\\\/hdtoluca\\\/\"]}]}<\/script>\n<!-- \/ Yoast SEO plugin. -->","yoast_head_json":{"title":"BLUSA CON BOTONES EN LA PARTE DELANTERA, PARA MUJER - Tienda oficial H-D Toluca","robots":{"index":"index","follow":"follow","max-snippet":"max-snippet:-1","max-image-preview":"max-image-preview:large","max-video-preview":"max-video-preview:-1"},"canonical":"https:\/\/harleydavidsontoluca.com\/shop\/producto\/camisa-con-botones-inherentes-en-la-parte-delantera-para-mujer\/","og_locale":"es_MX","og_type":"article","og_title":"BLUSA CON BOTONES EN LA PARTE DELANTERA, PARA MUJER - Tienda oficial H-D Toluca","og_description":"Nuestra camisa con botones inherentes en la parte delantera es una reedici\u00f3n de un favorito de los entusiastas amantes de lo retro.\u00a0Confeccionado de forma pr\u00e1ctica con algod\u00f3n con un toque de sarga de spandex para mayor elasticidad y durabilidad, adem\u00e1s de un cuello a presi\u00f3n oculto que permanece fijo mientras conduces.\u00a0Su silueta elegante y contorneada presenta un dobladillo redondeado para alargar la l\u00ednea de las piernas, pu\u00f1os enrollados, paneles laterales de punto acanalado y un toque de ribetes en contraste en las costuras.\u00a0Hemos actualizado los gr\u00e1ficos pero a\u00fan mantenemos ese magn\u00edfico contraste con el bordado en la parte delantera y trasera.","og_url":"https:\/\/harleydavidsontoluca.com\/shop\/producto\/camisa-con-botones-inherentes-en-la-parte-delantera-para-mujer\/","og_site_name":"Tienda oficial H-D Toluca","article_publisher":"https:\/\/www.facebook.com\/HarleyDavidsonToluca","article_modified_time":"2026-03-05T23:42:39+00:00","og_image":[{"width":1080,"height":1080,"url":"https:\/\/harleydavidsontoluca.com\/shop\/wp-content\/uploads\/2023\/10\/Untitled-Project-2023-10-12T182939.787.jpg","type":"image\/jpeg"}],"twitter_card":"summary_large_image","twitter_misc":{"Tiempo de lectura":"1 minuto"},"schema":{"@context":"https:\/\/schema.org","@graph":[{"@type":"WebPage","@id":"https:\/\/harleydavidsontoluca.com\/shop\/producto\/camisa-con-botones-inherentes-en-la-parte-delantera-para-mujer\/","url":"https:\/\/harleydavidsontoluca.com\/shop\/producto\/camisa-con-botones-inherentes-en-la-parte-delantera-para-mujer\/","name":"BLUSA CON BOTONES EN LA PARTE DELANTERA, PARA MUJER - Tienda oficial H-D Toluca","isPartOf":{"@id":"https:\/\/harleydavidsontoluca.com\/shop\/#website"},"primaryImageOfPage":{"@id":"https:\/\/harleydavidsontoluca.com\/shop\/producto\/camisa-con-botones-inherentes-en-la-parte-delantera-para-mujer\/#primaryimage"},"image":{"@id":"https:\/\/harleydavidsontoluca.com\/shop\/producto\/camisa-con-botones-inherentes-en-la-parte-delantera-para-mujer\/#primaryimage"},"thumbnailUrl":"https:\/\/harleydavidsontoluca.com\/shop\/wp-content\/uploads\/2023\/10\/Untitled-Project-2023-10-12T182939.787.jpg","datePublished":"2023-10-12T23:35:45+00:00","dateModified":"2026-03-05T23:42:39+00:00","breadcrumb":{"@id":"https:\/\/harleydavidsontoluca.com\/shop\/producto\/camisa-con-botones-inherentes-en-la-parte-delantera-para-mujer\/#breadcrumb"},"inLanguage":"es","potentialAction":[{"@type":"ReadAction","target":["https:\/\/harleydavidsontoluca.com\/shop\/producto\/camisa-con-botones-inherentes-en-la-parte-delantera-para-mujer\/"]}]},{"@type":"ImageObject","inLanguage":"es","@id":"https:\/\/harleydavidsontoluca.com\/shop\/producto\/camisa-con-botones-inherentes-en-la-parte-delantera-para-mujer\/#primaryimage","url":"https:\/\/harleydavidsontoluca.com\/shop\/wp-content\/uploads\/2023\/10\/Untitled-Project-2023-10-12T182939.787.jpg","contentUrl":"https:\/\/harleydavidsontoluca.com\/shop\/wp-content\/uploads\/2023\/10\/Untitled-Project-2023-10-12T182939.787.jpg","width":1080,"height":1080},{"@type":"BreadcrumbList","@id":"https:\/\/harleydavidsontoluca.com\/shop\/producto\/camisa-con-botones-inherentes-en-la-parte-delantera-para-mujer\/#breadcrumb","itemListElement":[{"@type":"ListItem","position":1,"name":"Portada","item":"https:\/\/harleydavidsontoluca.com\/shop\/"},{"@type":"ListItem","position":2,"name":"Tienda","item":"https:\/\/harleydavidsontoluca.com\/shop\/tienda\/"},{"@type":"ListItem","position":3,"name":"BLUSA CON BOTONES EN LA PARTE DELANTERA, PARA MUJER"}]},{"@type":"WebSite","@id":"https:\/\/harleydavidsontoluca.com\/shop\/#website","url":"https:\/\/harleydavidsontoluca.com\/shop\/","name":"Shop H-D Toluca","description":"Shop H-D Toluca","publisher":{"@id":"https:\/\/harleydavidsontoluca.com\/shop\/#organization"},"potentialAction":[{"@type":"SearchAction","target":{"@type":"EntryPoint","urlTemplate":"https:\/\/harleydavidsontoluca.com\/shop\/?s={search_term_string}"},"query-input":{"@type":"PropertyValueSpecification","valueRequired":true,"valueName":"search_term_string"}}],"inLanguage":"es"},{"@type":"Organization","@id":"https:\/\/harleydavidsontoluca.com\/shop\/#organization","name":"Concesionaria Central de Motos","url":"https:\/\/harleydavidsontoluca.com\/shop\/","logo":{"@type":"ImageObject","inLanguage":"es","@id":"https:\/\/harleydavidsontoluca.com\/shop\/#\/schema\/logo\/image\/","url":"https:\/\/harleydavidsontoluca.com\/shop\/wp-content\/uploads\/2024\/02\/cropped-Logo-512.png","contentUrl":"https:\/\/harleydavidsontoluca.com\/shop\/wp-content\/uploads\/2024\/02\/cropped-Logo-512.png","width":512,"height":512,"caption":"Concesionaria Central de Motos"},"image":{"@id":"https:\/\/harleydavidsontoluca.com\/shop\/#\/schema\/logo\/image\/"},"sameAs":["https:\/\/www.facebook.com\/HarleyDavidsonToluca","https:\/\/www.instagram.com\/hdtoluca\/"]}]}},"_links":{"self":[{"href":"https:\/\/harleydavidsontoluca.com\/shop\/wp-json\/wp\/v2\/product\/44271","targetHints":{"allow":["GET"]}}],"collection":[{"href":"https:\/\/harleydavidsontoluca.com\/shop\/wp-json\/wp\/v2\/product"}],"about":[{"href":"https:\/\/harleydavidsontoluca.com\/shop\/wp-json\/wp\/v2\/types\/product"}],"wp:featuredmedia":[{"embeddable":true,"href":"https:\/\/harleydavidsontoluca.com\/shop\/wp-json\/wp\/v2\/media\/44277"}],"wp:attachment":[{"href":"https:\/\/harleydavidsontoluca.com\/shop\/wp-json\/wp\/v2\/media?parent=44271"}],"wp:term":[{"taxonomy":"product_brand","embeddable":true,"href":"https:\/\/harleydavidsontoluca.com\/shop\/wp-json\/wp\/v2\/product_brand?post=44271"},{"taxonomy":"product_cat","embeddable":true,"href":"https:\/\/harleydavidsontoluca.com\/shop\/wp-json\/wp\/v2\/product_cat?post=44271"},{"taxonomy":"product_tag","embeddable":true,"href":"https:\/\/harleydavidsontoluca.com\/shop\/wp-json\/wp\/v2\/product_tag?post=44271"}],"curies":[{"name":"wp","href":"https:\/\/api.w.org\/{rel}","templated":true}]}}