
{"id":44012,"date":"2023-09-10T15:00:34","date_gmt":"2023-09-10T20:00:34","guid":{"rendered":"https:\/\/harleydavidsontoluca.com\/shop\/?post_type=product&#038;p=44012"},"modified":"2025-02-15T11:42:41","modified_gmt":"2025-02-15T17:42:41","slug":"harley-davidson-mens-120th-anniversary-hyde-way-x13-full-face-helmet","status":"publish","type":"product","link":"https:\/\/harleydavidsontoluca.com\/shop\/producto\/harley-davidson-mens-120th-anniversary-hyde-way-x13-full-face-helmet\/","title":{"rendered":"Harley-Davidson\u00ae Men&#8217;s 120th Anniversary Hyde Way X13 Full Face Helmet"},"content":{"rendered":"<p>Casco integral Hyde Way X13 del 120 aniversario de Harley-Davidson\u00ae Negro mate y Celebre los 120 a\u00f1os de Harley-Davidson. Peso promedio: 3 libras. 6,5 onzas. o 1.550 gramos. Carcasa de fibra de vidrio pre-impregnada. Correa para la barbilla con anilla doble en D. Cuenta con ventilaci\u00f3n superior delantera, \u00e1rea perforada en la barbilla y aler\u00f3n de escape trasero. El forro extra\u00edble y lavable absorbe la humedad y es antimicrobiano. Compatible con los auriculares para casco Bluetooth\u00ae BOOM!\u2122 Audio 20S. Protector facial magn\u00e9tico de neodimio pendiente de patente para un movimiento m\u00e1s fluido del protector que se fija con pernos hexagonales con acabado de lat\u00f3n. Se incluye una llave hexagonal M3 para facilitar la extracci\u00f3n de los pernos. Bolsa para casco incluida. Fabricado por Escorpi\u00f3n (Kido Sports). Cumple con los requisitos del est\u00e1ndar de seguridad DOT FMVSS 218 y ECE 22-05.<\/p>\n","protected":false},"excerpt":{"rendered":"<p>Casco integral Hyde Way X13 del 120 aniversario de Harley-Davidson\u00ae Negro mate y Celebre los 120 a\u00f1os de Harley-Davidson.\u00a0 El forro extra\u00edble y lavable absorbe la humedad y es antimicrobiano. Compatible con los auriculares para casco Bluetooth\u00ae BOOM!\u2122 Audio 20S. Protector facial magn\u00e9tico de neodimio pendiente de patente para un movimiento m\u00e1s fluido del protector que se fija con pernos hexagonales con acabado de lat\u00f3n.<\/p>\n","protected":false},"featured_media":44025,"template":"","meta":[],"product_brand":[],"product_cat":[45,70],"product_tag":[],"class_list":{"0":"post-44012","1":"product","2":"type-product","3":"status-publish","4":"has-post-thumbnail","6":"product_cat-cascos","7":"product_cat-cascos-mujer","8":"pa_talla-grande","9":"pa_talla-l","10":"pa_talla-m","11":"pa_talla-s","12":"pa_talla-unitalla","13":"pa_talla-xl","14":"pa_talla-xs","15":"pa_talla-xxl","16":"pa_talla-xxxl","18":"first","19":"outofstock","20":"taxable","21":"shipping-taxable","22":"product-type-variable"},"yoast_head":"<!-- This site is optimized with the Yoast SEO plugin v27.3 - https:\/\/yoast.com\/product\/yoast-seo-wordpress\/ -->\n<title>Harley-Davidson\u00ae Men&#039;s 120th Anniversary Hyde Way X13 Full Face Helmet - Tienda oficial H-D Toluca<\/title>\n<meta name=\"robots\" content=\"index, follow, max-snippet:-1, max-image-preview:large, max-video-preview:-1\" \/>\n<link rel=\"canonical\" href=\"https:\/\/harleydavidsontoluca.com\/shop\/producto\/harley-davidson-mens-120th-anniversary-hyde-way-x13-full-face-helmet\/\" \/>\n<meta property=\"og:locale\" content=\"es_MX\" \/>\n<meta property=\"og:type\" content=\"article\" \/>\n<meta property=\"og:title\" content=\"Harley-Davidson\u00ae Men&#039;s 120th Anniversary Hyde Way X13 Full Face Helmet - Tienda oficial H-D Toluca\" \/>\n<meta property=\"og:description\" content=\"Casco integral Hyde Way X13 del 120 aniversario de Harley-Davidson\u00ae Negro mate y Celebre los 120 a\u00f1os de Harley-Davidson.\u00a0 El forro extra\u00edble y lavable absorbe la humedad y es antimicrobiano. Compatible con los auriculares para casco Bluetooth\u00ae BOOM!\u2122 Audio 20S. Protector facial magn\u00e9tico de neodimio pendiente de patente para un movimiento m\u00e1s fluido del protector que se fija con pernos hexagonales con acabado de lat\u00f3n.\" \/>\n<meta property=\"og:url\" content=\"https:\/\/harleydavidsontoluca.com\/shop\/producto\/harley-davidson-mens-120th-anniversary-hyde-way-x13-full-face-helmet\/\" \/>\n<meta property=\"og:site_name\" content=\"Tienda oficial H-D Toluca\" \/>\n<meta property=\"article:publisher\" content=\"https:\/\/www.facebook.com\/HarleyDavidsonToluca\" \/>\n<meta property=\"article:modified_time\" content=\"2025-02-15T17:42:41+00:00\" \/>\n<meta property=\"og:image\" content=\"https:\/\/harleydavidsontoluca.com\/shop\/wp-content\/uploads\/2023\/09\/97230-23vx-2.jpg\" \/>\n\t<meta property=\"og:image:width\" content=\"750\" \/>\n\t<meta property=\"og:image:height\" content=\"789\" \/>\n\t<meta property=\"og:image:type\" content=\"image\/jpeg\" \/>\n<meta name=\"twitter:card\" content=\"summary_large_image\" \/>\n<meta name=\"twitter:label1\" content=\"Tiempo de lectura\" \/>\n\t<meta name=\"twitter:data1\" content=\"1 minuto\" \/>\n<script type=\"application\/ld+json\" class=\"yoast-schema-graph\">{\"@context\":\"https:\\\/\\\/schema.org\",\"@graph\":[{\"@type\":\"WebPage\",\"@id\":\"https:\\\/\\\/harleydavidsontoluca.com\\\/shop\\\/producto\\\/harley-davidson-mens-120th-anniversary-hyde-way-x13-full-face-helmet\\\/\",\"url\":\"https:\\\/\\\/harleydavidsontoluca.com\\\/shop\\\/producto\\\/harley-davidson-mens-120th-anniversary-hyde-way-x13-full-face-helmet\\\/\",\"name\":\"Harley-Davidson\u00ae Men's 120th Anniversary Hyde Way X13 Full Face Helmet - Tienda oficial H-D Toluca\",\"isPartOf\":{\"@id\":\"https:\\\/\\\/harleydavidsontoluca.com\\\/shop\\\/#website\"},\"primaryImageOfPage\":{\"@id\":\"https:\\\/\\\/harleydavidsontoluca.com\\\/shop\\\/producto\\\/harley-davidson-mens-120th-anniversary-hyde-way-x13-full-face-helmet\\\/#primaryimage\"},\"image\":{\"@id\":\"https:\\\/\\\/harleydavidsontoluca.com\\\/shop\\\/producto\\\/harley-davidson-mens-120th-anniversary-hyde-way-x13-full-face-helmet\\\/#primaryimage\"},\"thumbnailUrl\":\"https:\\\/\\\/harleydavidsontoluca.com\\\/shop\\\/wp-content\\\/uploads\\\/2023\\\/09\\\/97230-23vx-2.jpg\",\"datePublished\":\"2023-09-10T20:00:34+00:00\",\"dateModified\":\"2025-02-15T17:42:41+00:00\",\"breadcrumb\":{\"@id\":\"https:\\\/\\\/harleydavidsontoluca.com\\\/shop\\\/producto\\\/harley-davidson-mens-120th-anniversary-hyde-way-x13-full-face-helmet\\\/#breadcrumb\"},\"inLanguage\":\"es\",\"potentialAction\":[{\"@type\":\"ReadAction\",\"target\":[\"https:\\\/\\\/harleydavidsontoluca.com\\\/shop\\\/producto\\\/harley-davidson-mens-120th-anniversary-hyde-way-x13-full-face-helmet\\\/\"]}]},{\"@type\":\"ImageObject\",\"inLanguage\":\"es\",\"@id\":\"https:\\\/\\\/harleydavidsontoluca.com\\\/shop\\\/producto\\\/harley-davidson-mens-120th-anniversary-hyde-way-x13-full-face-helmet\\\/#primaryimage\",\"url\":\"https:\\\/\\\/harleydavidsontoluca.com\\\/shop\\\/wp-content\\\/uploads\\\/2023\\\/09\\\/97230-23vx-2.jpg\",\"contentUrl\":\"https:\\\/\\\/harleydavidsontoluca.com\\\/shop\\\/wp-content\\\/uploads\\\/2023\\\/09\\\/97230-23vx-2.jpg\",\"width\":750,\"height\":789},{\"@type\":\"BreadcrumbList\",\"@id\":\"https:\\\/\\\/harleydavidsontoluca.com\\\/shop\\\/producto\\\/harley-davidson-mens-120th-anniversary-hyde-way-x13-full-face-helmet\\\/#breadcrumb\",\"itemListElement\":[{\"@type\":\"ListItem\",\"position\":1,\"name\":\"Portada\",\"item\":\"https:\\\/\\\/harleydavidsontoluca.com\\\/shop\\\/\"},{\"@type\":\"ListItem\",\"position\":2,\"name\":\"Tienda\",\"item\":\"https:\\\/\\\/harleydavidsontoluca.com\\\/shop\\\/tienda\\\/\"},{\"@type\":\"ListItem\",\"position\":3,\"name\":\"Harley-Davidson\u00ae Men&#8217;s 120th Anniversary Hyde Way X13 Full Face Helmet\"}]},{\"@type\":\"WebSite\",\"@id\":\"https:\\\/\\\/harleydavidsontoluca.com\\\/shop\\\/#website\",\"url\":\"https:\\\/\\\/harleydavidsontoluca.com\\\/shop\\\/\",\"name\":\"Shop H-D Toluca\",\"description\":\"Shop H-D Toluca\",\"publisher\":{\"@id\":\"https:\\\/\\\/harleydavidsontoluca.com\\\/shop\\\/#organization\"},\"potentialAction\":[{\"@type\":\"SearchAction\",\"target\":{\"@type\":\"EntryPoint\",\"urlTemplate\":\"https:\\\/\\\/harleydavidsontoluca.com\\\/shop\\\/?s={search_term_string}\"},\"query-input\":{\"@type\":\"PropertyValueSpecification\",\"valueRequired\":true,\"valueName\":\"search_term_string\"}}],\"inLanguage\":\"es\"},{\"@type\":\"Organization\",\"@id\":\"https:\\\/\\\/harleydavidsontoluca.com\\\/shop\\\/#organization\",\"name\":\"Concesionaria Central de Motos\",\"url\":\"https:\\\/\\\/harleydavidsontoluca.com\\\/shop\\\/\",\"logo\":{\"@type\":\"ImageObject\",\"inLanguage\":\"es\",\"@id\":\"https:\\\/\\\/harleydavidsontoluca.com\\\/shop\\\/#\\\/schema\\\/logo\\\/image\\\/\",\"url\":\"https:\\\/\\\/harleydavidsontoluca.com\\\/shop\\\/wp-content\\\/uploads\\\/2024\\\/02\\\/cropped-Logo-512.png\",\"contentUrl\":\"https:\\\/\\\/harleydavidsontoluca.com\\\/shop\\\/wp-content\\\/uploads\\\/2024\\\/02\\\/cropped-Logo-512.png\",\"width\":512,\"height\":512,\"caption\":\"Concesionaria Central de Motos\"},\"image\":{\"@id\":\"https:\\\/\\\/harleydavidsontoluca.com\\\/shop\\\/#\\\/schema\\\/logo\\\/image\\\/\"},\"sameAs\":[\"https:\\\/\\\/www.facebook.com\\\/HarleyDavidsonToluca\",\"https:\\\/\\\/www.instagram.com\\\/hdtoluca\\\/\"]}]}<\/script>\n<!-- \/ Yoast SEO plugin. -->","yoast_head_json":{"title":"Harley-Davidson\u00ae Men's 120th Anniversary Hyde Way X13 Full Face Helmet - Tienda oficial H-D Toluca","robots":{"index":"index","follow":"follow","max-snippet":"max-snippet:-1","max-image-preview":"max-image-preview:large","max-video-preview":"max-video-preview:-1"},"canonical":"https:\/\/harleydavidsontoluca.com\/shop\/producto\/harley-davidson-mens-120th-anniversary-hyde-way-x13-full-face-helmet\/","og_locale":"es_MX","og_type":"article","og_title":"Harley-Davidson\u00ae Men's 120th Anniversary Hyde Way X13 Full Face Helmet - Tienda oficial H-D Toluca","og_description":"Casco integral Hyde Way X13 del 120 aniversario de Harley-Davidson\u00ae Negro mate y Celebre los 120 a\u00f1os de Harley-Davidson.\u00a0 El forro extra\u00edble y lavable absorbe la humedad y es antimicrobiano. Compatible con los auriculares para casco Bluetooth\u00ae BOOM!\u2122 Audio 20S. Protector facial magn\u00e9tico de neodimio pendiente de patente para un movimiento m\u00e1s fluido del protector que se fija con pernos hexagonales con acabado de lat\u00f3n.","og_url":"https:\/\/harleydavidsontoluca.com\/shop\/producto\/harley-davidson-mens-120th-anniversary-hyde-way-x13-full-face-helmet\/","og_site_name":"Tienda oficial H-D Toluca","article_publisher":"https:\/\/www.facebook.com\/HarleyDavidsonToluca","article_modified_time":"2025-02-15T17:42:41+00:00","og_image":[{"width":750,"height":789,"url":"https:\/\/harleydavidsontoluca.com\/shop\/wp-content\/uploads\/2023\/09\/97230-23vx-2.jpg","type":"image\/jpeg"}],"twitter_card":"summary_large_image","twitter_misc":{"Tiempo de lectura":"1 minuto"},"schema":{"@context":"https:\/\/schema.org","@graph":[{"@type":"WebPage","@id":"https:\/\/harleydavidsontoluca.com\/shop\/producto\/harley-davidson-mens-120th-anniversary-hyde-way-x13-full-face-helmet\/","url":"https:\/\/harleydavidsontoluca.com\/shop\/producto\/harley-davidson-mens-120th-anniversary-hyde-way-x13-full-face-helmet\/","name":"Harley-Davidson\u00ae Men's 120th Anniversary Hyde Way X13 Full Face Helmet - Tienda oficial H-D Toluca","isPartOf":{"@id":"https:\/\/harleydavidsontoluca.com\/shop\/#website"},"primaryImageOfPage":{"@id":"https:\/\/harleydavidsontoluca.com\/shop\/producto\/harley-davidson-mens-120th-anniversary-hyde-way-x13-full-face-helmet\/#primaryimage"},"image":{"@id":"https:\/\/harleydavidsontoluca.com\/shop\/producto\/harley-davidson-mens-120th-anniversary-hyde-way-x13-full-face-helmet\/#primaryimage"},"thumbnailUrl":"https:\/\/harleydavidsontoluca.com\/shop\/wp-content\/uploads\/2023\/09\/97230-23vx-2.jpg","datePublished":"2023-09-10T20:00:34+00:00","dateModified":"2025-02-15T17:42:41+00:00","breadcrumb":{"@id":"https:\/\/harleydavidsontoluca.com\/shop\/producto\/harley-davidson-mens-120th-anniversary-hyde-way-x13-full-face-helmet\/#breadcrumb"},"inLanguage":"es","potentialAction":[{"@type":"ReadAction","target":["https:\/\/harleydavidsontoluca.com\/shop\/producto\/harley-davidson-mens-120th-anniversary-hyde-way-x13-full-face-helmet\/"]}]},{"@type":"ImageObject","inLanguage":"es","@id":"https:\/\/harleydavidsontoluca.com\/shop\/producto\/harley-davidson-mens-120th-anniversary-hyde-way-x13-full-face-helmet\/#primaryimage","url":"https:\/\/harleydavidsontoluca.com\/shop\/wp-content\/uploads\/2023\/09\/97230-23vx-2.jpg","contentUrl":"https:\/\/harleydavidsontoluca.com\/shop\/wp-content\/uploads\/2023\/09\/97230-23vx-2.jpg","width":750,"height":789},{"@type":"BreadcrumbList","@id":"https:\/\/harleydavidsontoluca.com\/shop\/producto\/harley-davidson-mens-120th-anniversary-hyde-way-x13-full-face-helmet\/#breadcrumb","itemListElement":[{"@type":"ListItem","position":1,"name":"Portada","item":"https:\/\/harleydavidsontoluca.com\/shop\/"},{"@type":"ListItem","position":2,"name":"Tienda","item":"https:\/\/harleydavidsontoluca.com\/shop\/tienda\/"},{"@type":"ListItem","position":3,"name":"Harley-Davidson\u00ae Men&#8217;s 120th Anniversary Hyde Way X13 Full Face Helmet"}]},{"@type":"WebSite","@id":"https:\/\/harleydavidsontoluca.com\/shop\/#website","url":"https:\/\/harleydavidsontoluca.com\/shop\/","name":"Shop H-D Toluca","description":"Shop H-D Toluca","publisher":{"@id":"https:\/\/harleydavidsontoluca.com\/shop\/#organization"},"potentialAction":[{"@type":"SearchAction","target":{"@type":"EntryPoint","urlTemplate":"https:\/\/harleydavidsontoluca.com\/shop\/?s={search_term_string}"},"query-input":{"@type":"PropertyValueSpecification","valueRequired":true,"valueName":"search_term_string"}}],"inLanguage":"es"},{"@type":"Organization","@id":"https:\/\/harleydavidsontoluca.com\/shop\/#organization","name":"Concesionaria Central de Motos","url":"https:\/\/harleydavidsontoluca.com\/shop\/","logo":{"@type":"ImageObject","inLanguage":"es","@id":"https:\/\/harleydavidsontoluca.com\/shop\/#\/schema\/logo\/image\/","url":"https:\/\/harleydavidsontoluca.com\/shop\/wp-content\/uploads\/2024\/02\/cropped-Logo-512.png","contentUrl":"https:\/\/harleydavidsontoluca.com\/shop\/wp-content\/uploads\/2024\/02\/cropped-Logo-512.png","width":512,"height":512,"caption":"Concesionaria Central de Motos"},"image":{"@id":"https:\/\/harleydavidsontoluca.com\/shop\/#\/schema\/logo\/image\/"},"sameAs":["https:\/\/www.facebook.com\/HarleyDavidsonToluca","https:\/\/www.instagram.com\/hdtoluca\/"]}]}},"_links":{"self":[{"href":"https:\/\/harleydavidsontoluca.com\/shop\/wp-json\/wp\/v2\/product\/44012","targetHints":{"allow":["GET"]}}],"collection":[{"href":"https:\/\/harleydavidsontoluca.com\/shop\/wp-json\/wp\/v2\/product"}],"about":[{"href":"https:\/\/harleydavidsontoluca.com\/shop\/wp-json\/wp\/v2\/types\/product"}],"wp:featuredmedia":[{"embeddable":true,"href":"https:\/\/harleydavidsontoluca.com\/shop\/wp-json\/wp\/v2\/media\/44025"}],"wp:attachment":[{"href":"https:\/\/harleydavidsontoluca.com\/shop\/wp-json\/wp\/v2\/media?parent=44012"}],"wp:term":[{"taxonomy":"product_brand","embeddable":true,"href":"https:\/\/harleydavidsontoluca.com\/shop\/wp-json\/wp\/v2\/product_brand?post=44012"},{"taxonomy":"product_cat","embeddable":true,"href":"https:\/\/harleydavidsontoluca.com\/shop\/wp-json\/wp\/v2\/product_cat?post=44012"},{"taxonomy":"product_tag","embeddable":true,"href":"https:\/\/harleydavidsontoluca.com\/shop\/wp-json\/wp\/v2\/product_tag?post=44012"}],"curies":[{"name":"wp","href":"https:\/\/api.w.org\/{rel}","templated":true}]}}