
{"id":42757,"date":"2023-04-14T12:08:12","date_gmt":"2023-04-14T17:08:12","guid":{"rendered":"https:\/\/harleydavidsontoluca.com\/shop\/?post_type=product&#038;p=42757"},"modified":"2026-01-18T11:54:40","modified_gmt":"2026-01-18T17:54:40","slug":"the-citizen-bomber-leather-jacket","status":"publish","type":"product","link":"https:\/\/harleydavidsontoluca.com\/shop\/producto\/the-citizen-bomber-leather-jacket\/","title":{"rendered":"The Citizen Bomber Leather Jacket"},"content":{"rendered":"<div class=\"mt-3\">\u2022\u00a0<span class=\"b2\">Stay Cool:\u00a0<\/span>Arandelas en las axilas y en los laterales para que circule el aire.<\/div>\n<div><\/div>\n<div class=\"mt-3\">\u2022\u00a0<span class=\"b2\">Fit &amp; Mobility:\u00a0<\/span>Espalda que permite mayor movimiento. Mangas precurvadas.<\/div>\n<div><\/div>\n<div class=\"mt-3\">\u2022\u00a0<span class=\"b2\">Materials:\u00a0<\/span>Cuero de b\u00fafalo de peso medio. Forro confeccionado con un 100\u00a0% de poli\u00e9ster.<\/div>\n<div><\/div>\n<div class=\"mt-3\">\u2022\u00a0<span class=\"b2\">Closure:\u00a0<\/span>Cremallera delantera, bidireccional, cubierta. Solapa con broches a presi\u00f3n.<\/div>\n<div><\/div>\n<div class=\"mt-3\">\u2022\u00a0<span class=\"b2\">Pockets:\u00a0<\/span>Bolsillos para mantener las manos abrigadas con cierre de cremallera. Un bolsillo interior oculto y un bolsillo interior con cremallera.<\/div>\n<div><\/div>\n<div class=\"mt-3\">\u2022\u00a0<span class=\"b2\">Additional Features:\u00a0<\/span>Paneles protectores D3O<sup>\u00ae<\/sup>\u00a0Ghost Armor con certificaci\u00f3n CE en los hombros y los codos (98104-22VR y 98103-22VR se venden por separado). El panel<\/div>\n<div class=\"mt-3\">protector trasero (D3O Viper Back Body Armor 98105-22VR se vende por separado). Ribetes de material reflectante Scotchlite<sup>\u2122<\/sup>\u00a0de 3M<sup>\u2122<\/sup>.<\/div>\n<div><\/div>\n<div class=\"mt-3\">\u2022\u00a0<span class=\"b2\">Design Details:\u00a0<\/span>Corte estilo bomber. Cuello, pu\u00f1os y cintura de punto acanalado.<\/div>\n<div><\/div>\n<div class=\"mt-3\">\u2022\u00a0<span class=\"b2\">Graphics:\u00a0<\/span>Bordado directo.<\/div>\n","protected":false},"excerpt":{"rendered":"<p>Una chamarra de cuero por tiempo limitado que ofrece un estilo atemporal. Confeccionada a partir de un corte flexible de cuero de b\u00fafalo de peso medio, la chamarra Citizen Bomber est\u00e1 pensada para la conducci\u00f3n con una espalda que permite mayor movimiento, mangas precurvadas, paneles protectores y ventilaci\u00f3n para favorecer el flujo de aire. Tambi\u00e9n tiene una cremallera bidireccional en la parte delantera cubierta por una tapeta de botones a presi\u00f3n, y un mont\u00f3n de bolsillos para guardar tus objetos personales. Acabado con ribetes reflectantes para una mayor visibilidad y nuestro nombre bordado en la espalda para un aut\u00e9ntico look Harley-Davidson<sup>\u00ae<\/sup>. Obt\u00e9n una transpirabilidad superior y una absorci\u00f3n de impactos ligera cuando equipas esta chamarra para motociclistas para hombre con nuestro D3O<sup>\u00ae<\/sup>\u00a0Armor<\/p>\n","protected":false},"featured_media":0,"template":"","meta":[],"product_brand":[],"product_cat":[104],"product_tag":[],"class_list":{"0":"post-42757","1":"product","2":"type-product","3":"status-publish","5":"product_cat-sin-categorizar","6":"pa_talla-l","7":"pa_talla-m","8":"pa_talla-xl","10":"first","11":"instock","12":"taxable","13":"shipping-taxable","14":"purchasable","15":"product-type-variable"},"yoast_head":"<!-- This site is optimized with the Yoast SEO plugin v27.3 - https:\/\/yoast.com\/product\/yoast-seo-wordpress\/ -->\n<title>The Citizen Bomber Leather Jacket - Tienda oficial H-D Toluca<\/title>\n<meta name=\"robots\" content=\"index, follow, max-snippet:-1, max-image-preview:large, max-video-preview:-1\" \/>\n<link rel=\"canonical\" href=\"https:\/\/harleydavidsontoluca.com\/shop\/producto\/the-citizen-bomber-leather-jacket\/\" \/>\n<meta property=\"og:locale\" content=\"es_MX\" \/>\n<meta property=\"og:type\" content=\"article\" \/>\n<meta property=\"og:title\" content=\"The Citizen Bomber Leather Jacket - Tienda oficial H-D Toluca\" \/>\n<meta property=\"og:description\" content=\"Una chamarra de cuero por tiempo limitado que ofrece un estilo atemporal. Confeccionada a partir de un corte flexible de cuero de b\u00fafalo de peso medio, la chamarra Citizen Bomber est\u00e1 pensada para la conducci\u00f3n con una espalda que permite mayor movimiento, mangas precurvadas, paneles protectores y ventilaci\u00f3n para favorecer el flujo de aire. Tambi\u00e9n tiene una cremallera bidireccional en la parte delantera cubierta por una tapeta de botones a presi\u00f3n, y un mont\u00f3n de bolsillos para guardar tus objetos personales. Acabado con ribetes reflectantes para una mayor visibilidad y nuestro nombre bordado en la espalda para un aut\u00e9ntico look Harley-Davidson\u00ae. Obt\u00e9n una transpirabilidad superior y una absorci\u00f3n de impactos ligera cuando equipas esta chamarra para motociclistas para hombre con nuestro D3O\u00ae\u00a0Armor\" \/>\n<meta property=\"og:url\" content=\"https:\/\/harleydavidsontoluca.com\/shop\/producto\/the-citizen-bomber-leather-jacket\/\" \/>\n<meta property=\"og:site_name\" content=\"Tienda oficial H-D Toluca\" \/>\n<meta property=\"article:publisher\" content=\"https:\/\/www.facebook.com\/HarleyDavidsonToluca\" \/>\n<meta property=\"article:modified_time\" content=\"2026-01-18T17:54:40+00:00\" \/>\n<meta property=\"og:image\" content=\"https:\/\/harleydavidsontoluca.com\/shop\/wp-content\/uploads\/2023\/04\/WhatsApp-Image-2023-04-13-at-6.23.10-PM-10.jpeg\" \/>\n\t<meta property=\"og:image:width\" content=\"800\" \/>\n\t<meta property=\"og:image:height\" content=\"800\" \/>\n\t<meta property=\"og:image:type\" content=\"image\/jpeg\" \/>\n<meta name=\"twitter:card\" content=\"summary_large_image\" \/>\n<meta name=\"twitter:label1\" content=\"Tiempo de lectura\" \/>\n\t<meta name=\"twitter:data1\" content=\"1 minuto\" \/>\n<script type=\"application\/ld+json\" class=\"yoast-schema-graph\">{\"@context\":\"https:\\\/\\\/schema.org\",\"@graph\":[{\"@type\":\"WebPage\",\"@id\":\"https:\\\/\\\/harleydavidsontoluca.com\\\/shop\\\/producto\\\/the-citizen-bomber-leather-jacket\\\/\",\"url\":\"https:\\\/\\\/harleydavidsontoluca.com\\\/shop\\\/producto\\\/the-citizen-bomber-leather-jacket\\\/\",\"name\":\"The Citizen Bomber Leather Jacket - Tienda oficial H-D Toluca\",\"isPartOf\":{\"@id\":\"https:\\\/\\\/harleydavidsontoluca.com\\\/shop\\\/#website\"},\"datePublished\":\"2023-04-14T17:08:12+00:00\",\"dateModified\":\"2026-01-18T17:54:40+00:00\",\"breadcrumb\":{\"@id\":\"https:\\\/\\\/harleydavidsontoluca.com\\\/shop\\\/producto\\\/the-citizen-bomber-leather-jacket\\\/#breadcrumb\"},\"inLanguage\":\"es\",\"potentialAction\":[{\"@type\":\"ReadAction\",\"target\":[\"https:\\\/\\\/harleydavidsontoluca.com\\\/shop\\\/producto\\\/the-citizen-bomber-leather-jacket\\\/\"]}]},{\"@type\":\"BreadcrumbList\",\"@id\":\"https:\\\/\\\/harleydavidsontoluca.com\\\/shop\\\/producto\\\/the-citizen-bomber-leather-jacket\\\/#breadcrumb\",\"itemListElement\":[{\"@type\":\"ListItem\",\"position\":1,\"name\":\"Portada\",\"item\":\"https:\\\/\\\/harleydavidsontoluca.com\\\/shop\\\/\"},{\"@type\":\"ListItem\",\"position\":2,\"name\":\"Tienda\",\"item\":\"https:\\\/\\\/harleydavidsontoluca.com\\\/shop\\\/tienda\\\/\"},{\"@type\":\"ListItem\",\"position\":3,\"name\":\"The Citizen Bomber Leather Jacket\"}]},{\"@type\":\"WebSite\",\"@id\":\"https:\\\/\\\/harleydavidsontoluca.com\\\/shop\\\/#website\",\"url\":\"https:\\\/\\\/harleydavidsontoluca.com\\\/shop\\\/\",\"name\":\"Shop H-D Toluca\",\"description\":\"Shop H-D Toluca\",\"publisher\":{\"@id\":\"https:\\\/\\\/harleydavidsontoluca.com\\\/shop\\\/#organization\"},\"potentialAction\":[{\"@type\":\"SearchAction\",\"target\":{\"@type\":\"EntryPoint\",\"urlTemplate\":\"https:\\\/\\\/harleydavidsontoluca.com\\\/shop\\\/?s={search_term_string}\"},\"query-input\":{\"@type\":\"PropertyValueSpecification\",\"valueRequired\":true,\"valueName\":\"search_term_string\"}}],\"inLanguage\":\"es\"},{\"@type\":\"Organization\",\"@id\":\"https:\\\/\\\/harleydavidsontoluca.com\\\/shop\\\/#organization\",\"name\":\"Concesionaria Central de Motos\",\"url\":\"https:\\\/\\\/harleydavidsontoluca.com\\\/shop\\\/\",\"logo\":{\"@type\":\"ImageObject\",\"inLanguage\":\"es\",\"@id\":\"https:\\\/\\\/harleydavidsontoluca.com\\\/shop\\\/#\\\/schema\\\/logo\\\/image\\\/\",\"url\":\"https:\\\/\\\/harleydavidsontoluca.com\\\/shop\\\/wp-content\\\/uploads\\\/2024\\\/02\\\/cropped-Logo-512.png\",\"contentUrl\":\"https:\\\/\\\/harleydavidsontoluca.com\\\/shop\\\/wp-content\\\/uploads\\\/2024\\\/02\\\/cropped-Logo-512.png\",\"width\":512,\"height\":512,\"caption\":\"Concesionaria Central de Motos\"},\"image\":{\"@id\":\"https:\\\/\\\/harleydavidsontoluca.com\\\/shop\\\/#\\\/schema\\\/logo\\\/image\\\/\"},\"sameAs\":[\"https:\\\/\\\/www.facebook.com\\\/HarleyDavidsonToluca\",\"https:\\\/\\\/www.instagram.com\\\/hdtoluca\\\/\"]}]}<\/script>\n<!-- \/ Yoast SEO plugin. -->","yoast_head_json":{"title":"The Citizen Bomber Leather Jacket - Tienda oficial H-D Toluca","robots":{"index":"index","follow":"follow","max-snippet":"max-snippet:-1","max-image-preview":"max-image-preview:large","max-video-preview":"max-video-preview:-1"},"canonical":"https:\/\/harleydavidsontoluca.com\/shop\/producto\/the-citizen-bomber-leather-jacket\/","og_locale":"es_MX","og_type":"article","og_title":"The Citizen Bomber Leather Jacket - Tienda oficial H-D Toluca","og_description":"Una chamarra de cuero por tiempo limitado que ofrece un estilo atemporal. Confeccionada a partir de un corte flexible de cuero de b\u00fafalo de peso medio, la chamarra Citizen Bomber est\u00e1 pensada para la conducci\u00f3n con una espalda que permite mayor movimiento, mangas precurvadas, paneles protectores y ventilaci\u00f3n para favorecer el flujo de aire. Tambi\u00e9n tiene una cremallera bidireccional en la parte delantera cubierta por una tapeta de botones a presi\u00f3n, y un mont\u00f3n de bolsillos para guardar tus objetos personales. Acabado con ribetes reflectantes para una mayor visibilidad y nuestro nombre bordado en la espalda para un aut\u00e9ntico look Harley-Davidson\u00ae. Obt\u00e9n una transpirabilidad superior y una absorci\u00f3n de impactos ligera cuando equipas esta chamarra para motociclistas para hombre con nuestro D3O\u00ae\u00a0Armor","og_url":"https:\/\/harleydavidsontoluca.com\/shop\/producto\/the-citizen-bomber-leather-jacket\/","og_site_name":"Tienda oficial H-D Toluca","article_publisher":"https:\/\/www.facebook.com\/HarleyDavidsonToluca","article_modified_time":"2026-01-18T17:54:40+00:00","og_image":[{"width":800,"height":800,"url":"https:\/\/harleydavidsontoluca.com\/shop\/wp-content\/uploads\/2023\/04\/WhatsApp-Image-2023-04-13-at-6.23.10-PM-10.jpeg","type":"image\/jpeg"}],"twitter_card":"summary_large_image","twitter_misc":{"Tiempo de lectura":"1 minuto"},"schema":{"@context":"https:\/\/schema.org","@graph":[{"@type":"WebPage","@id":"https:\/\/harleydavidsontoluca.com\/shop\/producto\/the-citizen-bomber-leather-jacket\/","url":"https:\/\/harleydavidsontoluca.com\/shop\/producto\/the-citizen-bomber-leather-jacket\/","name":"The Citizen Bomber Leather Jacket - Tienda oficial H-D Toluca","isPartOf":{"@id":"https:\/\/harleydavidsontoluca.com\/shop\/#website"},"datePublished":"2023-04-14T17:08:12+00:00","dateModified":"2026-01-18T17:54:40+00:00","breadcrumb":{"@id":"https:\/\/harleydavidsontoluca.com\/shop\/producto\/the-citizen-bomber-leather-jacket\/#breadcrumb"},"inLanguage":"es","potentialAction":[{"@type":"ReadAction","target":["https:\/\/harleydavidsontoluca.com\/shop\/producto\/the-citizen-bomber-leather-jacket\/"]}]},{"@type":"BreadcrumbList","@id":"https:\/\/harleydavidsontoluca.com\/shop\/producto\/the-citizen-bomber-leather-jacket\/#breadcrumb","itemListElement":[{"@type":"ListItem","position":1,"name":"Portada","item":"https:\/\/harleydavidsontoluca.com\/shop\/"},{"@type":"ListItem","position":2,"name":"Tienda","item":"https:\/\/harleydavidsontoluca.com\/shop\/tienda\/"},{"@type":"ListItem","position":3,"name":"The Citizen Bomber Leather Jacket"}]},{"@type":"WebSite","@id":"https:\/\/harleydavidsontoluca.com\/shop\/#website","url":"https:\/\/harleydavidsontoluca.com\/shop\/","name":"Shop H-D Toluca","description":"Shop H-D Toluca","publisher":{"@id":"https:\/\/harleydavidsontoluca.com\/shop\/#organization"},"potentialAction":[{"@type":"SearchAction","target":{"@type":"EntryPoint","urlTemplate":"https:\/\/harleydavidsontoluca.com\/shop\/?s={search_term_string}"},"query-input":{"@type":"PropertyValueSpecification","valueRequired":true,"valueName":"search_term_string"}}],"inLanguage":"es"},{"@type":"Organization","@id":"https:\/\/harleydavidsontoluca.com\/shop\/#organization","name":"Concesionaria Central de Motos","url":"https:\/\/harleydavidsontoluca.com\/shop\/","logo":{"@type":"ImageObject","inLanguage":"es","@id":"https:\/\/harleydavidsontoluca.com\/shop\/#\/schema\/logo\/image\/","url":"https:\/\/harleydavidsontoluca.com\/shop\/wp-content\/uploads\/2024\/02\/cropped-Logo-512.png","contentUrl":"https:\/\/harleydavidsontoluca.com\/shop\/wp-content\/uploads\/2024\/02\/cropped-Logo-512.png","width":512,"height":512,"caption":"Concesionaria Central de Motos"},"image":{"@id":"https:\/\/harleydavidsontoluca.com\/shop\/#\/schema\/logo\/image\/"},"sameAs":["https:\/\/www.facebook.com\/HarleyDavidsonToluca","https:\/\/www.instagram.com\/hdtoluca\/"]}]}},"_links":{"self":[{"href":"https:\/\/harleydavidsontoluca.com\/shop\/wp-json\/wp\/v2\/product\/42757","targetHints":{"allow":["GET"]}}],"collection":[{"href":"https:\/\/harleydavidsontoluca.com\/shop\/wp-json\/wp\/v2\/product"}],"about":[{"href":"https:\/\/harleydavidsontoluca.com\/shop\/wp-json\/wp\/v2\/types\/product"}],"wp:attachment":[{"href":"https:\/\/harleydavidsontoluca.com\/shop\/wp-json\/wp\/v2\/media?parent=42757"}],"wp:term":[{"taxonomy":"product_brand","embeddable":true,"href":"https:\/\/harleydavidsontoluca.com\/shop\/wp-json\/wp\/v2\/product_brand?post=42757"},{"taxonomy":"product_cat","embeddable":true,"href":"https:\/\/harleydavidsontoluca.com\/shop\/wp-json\/wp\/v2\/product_cat?post=42757"},{"taxonomy":"product_tag","embeddable":true,"href":"https:\/\/harleydavidsontoluca.com\/shop\/wp-json\/wp\/v2\/product_tag?post=42757"}],"curies":[{"name":"wp","href":"https:\/\/api.w.org\/{rel}","templated":true}]}}