
{"id":42554,"date":"2023-02-22T12:35:51","date_gmt":"2023-02-22T18:35:51","guid":{"rendered":"https:\/\/harleydavidsontoluca.com\/shop\/?post_type=product&#038;p=42554"},"modified":"2026-01-18T11:55:35","modified_gmt":"2026-01-18T17:55:35","slug":"capstone-sun-shield-ii-h31-modular-helmet","status":"publish","type":"product","link":"https:\/\/harleydavidsontoluca.com\/shop\/producto\/capstone-sun-shield-ii-h31-modular-helmet\/","title":{"rendered":"Capstone Sun Shield II H31 Modular Helmet"},"content":{"rendered":"<p>Cuenta con una protecci\u00f3n antiniebla y contra los rayos UV \u00f3pticamente superior, todo ello con un sistema integrado RapidFire Shield Replacement, que permite la extracci\u00f3n y la instalaci\u00f3n inmediatas y sin herramientas. Otra cualidad que se destaca es la comodidad, que se evidencia a trav\u00e9s del sistema de ventilaci\u00f3n, las almohadillas extra\u00edbles y las ranuras en el forro para acomodar las gafas para ver y las de sol. Este casco modular lleva nuestro logo m\u00e1s ic\u00f3nico y es de color Reef Blue que combina con ciertos modelos de motocicletas H-D. Conoce todas las especificaciones a continuaci\u00f3n&#8230;<\/p>\n<div class=\"pl-3\">\n<div class=\"mt-3\">\u2022\u00a01,3\u00a0k. 12 oz o 1,680\u00a0g.<\/div>\n<div class=\"mt-3\">\u2022\u00a0Cubierta de compuesto de policarbonato superior. Correa de ment\u00f3n con doble anillo en D.<\/div>\n<div class=\"mt-3\">\u2022\u00a0Dos ventilaciones de entrada y una ventilaci\u00f3n de salida.<\/div>\n<div class=\"mt-3\">\u2022\u00a0Forro que absorbe la humedad. Las almohadillas de la corona y las mejillas se retiran y se lavan. Las ranuras para gafas permiten colocar gafas para la vista y de sol.<\/div>\n<div class=\"mt-3\">\u2022\u00a0Bolsillos para altavoces para comunicaci\u00f3n Bluetooth. PARA SMART HJC.<\/div>\n<div class=\"mt-3\">\u2022\u00a0Liviano, ajuste superior y c\u00f3modo con tecnolog\u00eda CAD avanzada. El protector de sol integrado de color negro ahumado se coloca de manera r\u00e1pida y f\u00e1cil con un nuevo sistema de operaci\u00f3n de cable, con una posici\u00f3n f\u00e1cil de llegar. RapidFire Shield Replacement System permite un retiro y una colocaci\u00f3n superr\u00e1pidas y sin herramientas, para lograr un funcionamiento eficiente. La protecci\u00f3n facial \u00f3pticamente superior, con sistema antiniebla y preparada para 3D brinda un 99\u00a0% de protecci\u00f3n UV.<\/div>\n<div class=\"mt-3\">\u2022\u00a0HJC. Cumple con las normas de seguridad FMVSS 218 del Departamento de Transporte (DOT) y los requerimientos de la norma ECE 22-05.<\/div>\n<\/div>\n","protected":false},"excerpt":{"rendered":"<p><strong>Color:<\/strong>\u00a0<span class=\"color__name\">Gloss Reef Blue<\/span><\/p>\n<p>Con nuestro Capstone Sun Shield II H31 Modular Helmet, lo que hacemos es mantener algo que funciona bien. Gracias a la avanzada tecnolog\u00eda CAD, la carcasa de compuesto de policarbonato ofrece un ajuste liviano y superior que cumple con las normas de seguridad del DOT y de ECE.<\/p>\n","protected":false},"featured_media":48061,"template":"","meta":[],"product_brand":[],"product_cat":[45,24],"product_tag":[],"class_list":{"0":"post-42554","1":"product","2":"type-product","3":"status-publish","4":"has-post-thumbnail","6":"product_cat-cascos","7":"product_cat-hombre","8":"pa_talla-l","9":"pa_talla-m","10":"pa_talla-s","11":"pa_talla-xl","12":"pa_talla-xxl","14":"first","15":"instock","16":"taxable","17":"shipping-taxable","18":"purchasable","19":"product-type-variable"},"yoast_head":"<!-- This site is optimized with the Yoast SEO plugin v27.4 - https:\/\/yoast.com\/product\/yoast-seo-wordpress\/ -->\n<title>Capstone Sun Shield II H31 Modular Helmet - Tienda oficial H-D Toluca<\/title>\n<meta name=\"robots\" content=\"index, follow, max-snippet:-1, max-image-preview:large, max-video-preview:-1\" \/>\n<link rel=\"canonical\" href=\"https:\/\/harleydavidsontoluca.com\/shop\/producto\/capstone-sun-shield-ii-h31-modular-helmet\/\" \/>\n<meta property=\"og:locale\" content=\"es_MX\" \/>\n<meta property=\"og:type\" content=\"article\" \/>\n<meta property=\"og:title\" content=\"Capstone Sun Shield II H31 Modular Helmet - Tienda oficial H-D Toluca\" \/>\n<meta property=\"og:description\" content=\"Color:\u00a0Gloss Reef Blue  Con nuestro Capstone Sun Shield II H31 Modular Helmet, lo que hacemos es mantener algo que funciona bien. Gracias a la avanzada tecnolog\u00eda CAD, la carcasa de compuesto de policarbonato ofrece un ajuste liviano y superior que cumple con las normas de seguridad del DOT y de ECE.\" \/>\n<meta property=\"og:url\" content=\"https:\/\/harleydavidsontoluca.com\/shop\/producto\/capstone-sun-shield-ii-h31-modular-helmet\/\" \/>\n<meta property=\"og:site_name\" content=\"Tienda oficial H-D Toluca\" \/>\n<meta property=\"article:publisher\" content=\"https:\/\/www.facebook.com\/HarleyDavidsonToluca\" \/>\n<meta property=\"article:modified_time\" content=\"2026-01-18T17:55:35+00:00\" \/>\n<meta property=\"og:image\" content=\"https:\/\/harleydavidsontoluca.com\/shop\/wp-content\/uploads\/2023\/02\/Web_Photo_Editor-19.jpg\" \/>\n\t<meta property=\"og:image:width\" content=\"1080\" \/>\n\t<meta property=\"og:image:height\" content=\"1080\" \/>\n\t<meta property=\"og:image:type\" content=\"image\/jpeg\" \/>\n<meta name=\"twitter:card\" content=\"summary_large_image\" \/>\n<meta name=\"twitter:label1\" content=\"Tiempo de lectura\" \/>\n\t<meta name=\"twitter:data1\" content=\"2 minutos\" \/>\n<script type=\"application\/ld+json\" class=\"yoast-schema-graph\">{\"@context\":\"https:\\\/\\\/schema.org\",\"@graph\":[{\"@type\":\"WebPage\",\"@id\":\"https:\\\/\\\/harleydavidsontoluca.com\\\/shop\\\/producto\\\/capstone-sun-shield-ii-h31-modular-helmet\\\/\",\"url\":\"https:\\\/\\\/harleydavidsontoluca.com\\\/shop\\\/producto\\\/capstone-sun-shield-ii-h31-modular-helmet\\\/\",\"name\":\"Capstone Sun Shield II H31 Modular Helmet - Tienda oficial H-D Toluca\",\"isPartOf\":{\"@id\":\"https:\\\/\\\/harleydavidsontoluca.com\\\/shop\\\/#website\"},\"primaryImageOfPage\":{\"@id\":\"https:\\\/\\\/harleydavidsontoluca.com\\\/shop\\\/producto\\\/capstone-sun-shield-ii-h31-modular-helmet\\\/#primaryimage\"},\"image\":{\"@id\":\"https:\\\/\\\/harleydavidsontoluca.com\\\/shop\\\/producto\\\/capstone-sun-shield-ii-h31-modular-helmet\\\/#primaryimage\"},\"thumbnailUrl\":\"https:\\\/\\\/harleydavidsontoluca.com\\\/shop\\\/wp-content\\\/uploads\\\/2023\\\/02\\\/Web_Photo_Editor-19.jpg\",\"datePublished\":\"2023-02-22T18:35:51+00:00\",\"dateModified\":\"2026-01-18T17:55:35+00:00\",\"breadcrumb\":{\"@id\":\"https:\\\/\\\/harleydavidsontoluca.com\\\/shop\\\/producto\\\/capstone-sun-shield-ii-h31-modular-helmet\\\/#breadcrumb\"},\"inLanguage\":\"es\",\"potentialAction\":[{\"@type\":\"ReadAction\",\"target\":[\"https:\\\/\\\/harleydavidsontoluca.com\\\/shop\\\/producto\\\/capstone-sun-shield-ii-h31-modular-helmet\\\/\"]}]},{\"@type\":\"ImageObject\",\"inLanguage\":\"es\",\"@id\":\"https:\\\/\\\/harleydavidsontoluca.com\\\/shop\\\/producto\\\/capstone-sun-shield-ii-h31-modular-helmet\\\/#primaryimage\",\"url\":\"https:\\\/\\\/harleydavidsontoluca.com\\\/shop\\\/wp-content\\\/uploads\\\/2023\\\/02\\\/Web_Photo_Editor-19.jpg\",\"contentUrl\":\"https:\\\/\\\/harleydavidsontoluca.com\\\/shop\\\/wp-content\\\/uploads\\\/2023\\\/02\\\/Web_Photo_Editor-19.jpg\",\"width\":1080,\"height\":1080},{\"@type\":\"BreadcrumbList\",\"@id\":\"https:\\\/\\\/harleydavidsontoluca.com\\\/shop\\\/producto\\\/capstone-sun-shield-ii-h31-modular-helmet\\\/#breadcrumb\",\"itemListElement\":[{\"@type\":\"ListItem\",\"position\":1,\"name\":\"Portada\",\"item\":\"https:\\\/\\\/harleydavidsontoluca.com\\\/shop\\\/\"},{\"@type\":\"ListItem\",\"position\":2,\"name\":\"Tienda\",\"item\":\"https:\\\/\\\/harleydavidsontoluca.com\\\/shop\\\/tienda\\\/\"},{\"@type\":\"ListItem\",\"position\":3,\"name\":\"Capstone Sun Shield II H31 Modular Helmet\"}]},{\"@type\":\"WebSite\",\"@id\":\"https:\\\/\\\/harleydavidsontoluca.com\\\/shop\\\/#website\",\"url\":\"https:\\\/\\\/harleydavidsontoluca.com\\\/shop\\\/\",\"name\":\"Shop H-D Toluca\",\"description\":\"Shop H-D Toluca\",\"publisher\":{\"@id\":\"https:\\\/\\\/harleydavidsontoluca.com\\\/shop\\\/#organization\"},\"potentialAction\":[{\"@type\":\"SearchAction\",\"target\":{\"@type\":\"EntryPoint\",\"urlTemplate\":\"https:\\\/\\\/harleydavidsontoluca.com\\\/shop\\\/?s={search_term_string}\"},\"query-input\":{\"@type\":\"PropertyValueSpecification\",\"valueRequired\":true,\"valueName\":\"search_term_string\"}}],\"inLanguage\":\"es\"},{\"@type\":\"Organization\",\"@id\":\"https:\\\/\\\/harleydavidsontoluca.com\\\/shop\\\/#organization\",\"name\":\"Concesionaria Central de Motos\",\"url\":\"https:\\\/\\\/harleydavidsontoluca.com\\\/shop\\\/\",\"logo\":{\"@type\":\"ImageObject\",\"inLanguage\":\"es\",\"@id\":\"https:\\\/\\\/harleydavidsontoluca.com\\\/shop\\\/#\\\/schema\\\/logo\\\/image\\\/\",\"url\":\"https:\\\/\\\/harleydavidsontoluca.com\\\/shop\\\/wp-content\\\/uploads\\\/2024\\\/02\\\/cropped-Logo-512.png\",\"contentUrl\":\"https:\\\/\\\/harleydavidsontoluca.com\\\/shop\\\/wp-content\\\/uploads\\\/2024\\\/02\\\/cropped-Logo-512.png\",\"width\":512,\"height\":512,\"caption\":\"Concesionaria Central de Motos\"},\"image\":{\"@id\":\"https:\\\/\\\/harleydavidsontoluca.com\\\/shop\\\/#\\\/schema\\\/logo\\\/image\\\/\"},\"sameAs\":[\"https:\\\/\\\/www.facebook.com\\\/HarleyDavidsonToluca\",\"https:\\\/\\\/www.instagram.com\\\/hdtoluca\\\/\"]}]}<\/script>\n<!-- \/ Yoast SEO plugin. -->","yoast_head_json":{"title":"Capstone Sun Shield II H31 Modular Helmet - Tienda oficial H-D Toluca","robots":{"index":"index","follow":"follow","max-snippet":"max-snippet:-1","max-image-preview":"max-image-preview:large","max-video-preview":"max-video-preview:-1"},"canonical":"https:\/\/harleydavidsontoluca.com\/shop\/producto\/capstone-sun-shield-ii-h31-modular-helmet\/","og_locale":"es_MX","og_type":"article","og_title":"Capstone Sun Shield II H31 Modular Helmet - Tienda oficial H-D Toluca","og_description":"Color:\u00a0Gloss Reef Blue  Con nuestro Capstone Sun Shield II H31 Modular Helmet, lo que hacemos es mantener algo que funciona bien. Gracias a la avanzada tecnolog\u00eda CAD, la carcasa de compuesto de policarbonato ofrece un ajuste liviano y superior que cumple con las normas de seguridad del DOT y de ECE.","og_url":"https:\/\/harleydavidsontoluca.com\/shop\/producto\/capstone-sun-shield-ii-h31-modular-helmet\/","og_site_name":"Tienda oficial H-D Toluca","article_publisher":"https:\/\/www.facebook.com\/HarleyDavidsonToluca","article_modified_time":"2026-01-18T17:55:35+00:00","og_image":[{"width":1080,"height":1080,"url":"https:\/\/harleydavidsontoluca.com\/shop\/wp-content\/uploads\/2023\/02\/Web_Photo_Editor-19.jpg","type":"image\/jpeg"}],"twitter_card":"summary_large_image","twitter_misc":{"Tiempo de lectura":"2 minutos"},"schema":{"@context":"https:\/\/schema.org","@graph":[{"@type":"WebPage","@id":"https:\/\/harleydavidsontoluca.com\/shop\/producto\/capstone-sun-shield-ii-h31-modular-helmet\/","url":"https:\/\/harleydavidsontoluca.com\/shop\/producto\/capstone-sun-shield-ii-h31-modular-helmet\/","name":"Capstone Sun Shield II H31 Modular Helmet - Tienda oficial H-D Toluca","isPartOf":{"@id":"https:\/\/harleydavidsontoluca.com\/shop\/#website"},"primaryImageOfPage":{"@id":"https:\/\/harleydavidsontoluca.com\/shop\/producto\/capstone-sun-shield-ii-h31-modular-helmet\/#primaryimage"},"image":{"@id":"https:\/\/harleydavidsontoluca.com\/shop\/producto\/capstone-sun-shield-ii-h31-modular-helmet\/#primaryimage"},"thumbnailUrl":"https:\/\/harleydavidsontoluca.com\/shop\/wp-content\/uploads\/2023\/02\/Web_Photo_Editor-19.jpg","datePublished":"2023-02-22T18:35:51+00:00","dateModified":"2026-01-18T17:55:35+00:00","breadcrumb":{"@id":"https:\/\/harleydavidsontoluca.com\/shop\/producto\/capstone-sun-shield-ii-h31-modular-helmet\/#breadcrumb"},"inLanguage":"es","potentialAction":[{"@type":"ReadAction","target":["https:\/\/harleydavidsontoluca.com\/shop\/producto\/capstone-sun-shield-ii-h31-modular-helmet\/"]}]},{"@type":"ImageObject","inLanguage":"es","@id":"https:\/\/harleydavidsontoluca.com\/shop\/producto\/capstone-sun-shield-ii-h31-modular-helmet\/#primaryimage","url":"https:\/\/harleydavidsontoluca.com\/shop\/wp-content\/uploads\/2023\/02\/Web_Photo_Editor-19.jpg","contentUrl":"https:\/\/harleydavidsontoluca.com\/shop\/wp-content\/uploads\/2023\/02\/Web_Photo_Editor-19.jpg","width":1080,"height":1080},{"@type":"BreadcrumbList","@id":"https:\/\/harleydavidsontoluca.com\/shop\/producto\/capstone-sun-shield-ii-h31-modular-helmet\/#breadcrumb","itemListElement":[{"@type":"ListItem","position":1,"name":"Portada","item":"https:\/\/harleydavidsontoluca.com\/shop\/"},{"@type":"ListItem","position":2,"name":"Tienda","item":"https:\/\/harleydavidsontoluca.com\/shop\/tienda\/"},{"@type":"ListItem","position":3,"name":"Capstone Sun Shield II H31 Modular Helmet"}]},{"@type":"WebSite","@id":"https:\/\/harleydavidsontoluca.com\/shop\/#website","url":"https:\/\/harleydavidsontoluca.com\/shop\/","name":"Shop H-D Toluca","description":"Shop H-D Toluca","publisher":{"@id":"https:\/\/harleydavidsontoluca.com\/shop\/#organization"},"potentialAction":[{"@type":"SearchAction","target":{"@type":"EntryPoint","urlTemplate":"https:\/\/harleydavidsontoluca.com\/shop\/?s={search_term_string}"},"query-input":{"@type":"PropertyValueSpecification","valueRequired":true,"valueName":"search_term_string"}}],"inLanguage":"es"},{"@type":"Organization","@id":"https:\/\/harleydavidsontoluca.com\/shop\/#organization","name":"Concesionaria Central de Motos","url":"https:\/\/harleydavidsontoluca.com\/shop\/","logo":{"@type":"ImageObject","inLanguage":"es","@id":"https:\/\/harleydavidsontoluca.com\/shop\/#\/schema\/logo\/image\/","url":"https:\/\/harleydavidsontoluca.com\/shop\/wp-content\/uploads\/2024\/02\/cropped-Logo-512.png","contentUrl":"https:\/\/harleydavidsontoluca.com\/shop\/wp-content\/uploads\/2024\/02\/cropped-Logo-512.png","width":512,"height":512,"caption":"Concesionaria Central de Motos"},"image":{"@id":"https:\/\/harleydavidsontoluca.com\/shop\/#\/schema\/logo\/image\/"},"sameAs":["https:\/\/www.facebook.com\/HarleyDavidsonToluca","https:\/\/www.instagram.com\/hdtoluca\/"]}]}},"_links":{"self":[{"href":"https:\/\/harleydavidsontoluca.com\/shop\/wp-json\/wp\/v2\/product\/42554","targetHints":{"allow":["GET"]}}],"collection":[{"href":"https:\/\/harleydavidsontoluca.com\/shop\/wp-json\/wp\/v2\/product"}],"about":[{"href":"https:\/\/harleydavidsontoluca.com\/shop\/wp-json\/wp\/v2\/types\/product"}],"wp:featuredmedia":[{"embeddable":true,"href":"https:\/\/harleydavidsontoluca.com\/shop\/wp-json\/wp\/v2\/media\/48061"}],"wp:attachment":[{"href":"https:\/\/harleydavidsontoluca.com\/shop\/wp-json\/wp\/v2\/media?parent=42554"}],"wp:term":[{"taxonomy":"product_brand","embeddable":true,"href":"https:\/\/harleydavidsontoluca.com\/shop\/wp-json\/wp\/v2\/product_brand?post=42554"},{"taxonomy":"product_cat","embeddable":true,"href":"https:\/\/harleydavidsontoluca.com\/shop\/wp-json\/wp\/v2\/product_cat?post=42554"},{"taxonomy":"product_tag","embeddable":true,"href":"https:\/\/harleydavidsontoluca.com\/shop\/wp-json\/wp\/v2\/product_tag?post=42554"}],"curies":[{"name":"wp","href":"https:\/\/api.w.org\/{rel}","templated":true}]}}