
{"id":42525,"date":"2023-02-22T11:54:17","date_gmt":"2023-02-22T17:54:17","guid":{"rendered":"https:\/\/harleydavidsontoluca.com\/shop\/?post_type=product&#038;p=42525"},"modified":"2026-01-18T11:56:00","modified_gmt":"2026-01-18T17:56:00","slug":"loyalist-fingerless-leather-gloves-para-hombre","status":"publish","type":"product","link":"https:\/\/harleydavidsontoluca.com\/shop\/producto\/loyalist-fingerless-leather-gloves-para-hombre\/","title":{"rendered":"Loyalist Fingerless Leather Gloves para hombre"},"content":{"rendered":"<p>Un look Harley-Davidson ganador con el n\u00famero 1 de nuestra marca que se cre\u00f3 originalmente para celebrar nuestro t\u00edtulo AMA Grand National Championship de 1969.<\/p>\n<div class=\"pl-3\">\n<div class=\"mt-3\">\u2022\u00a0Secciones perforadas para permitir la circulaci\u00f3n de aire.<\/div>\n<div class=\"mt-3\">\u2022\u00a0Costuras c\u00f3modas. Mu\u00f1eca con cierre de Velcro ajustable.<\/div>\n<div class=\"mt-3\">\u2022\u00a0Cuero de cabra genuino. Forro de 85% de poliamida y 15% de lycra<\/div>\n<div class=\"mt-3\">\u2022\u00a0Palma reforzada y acolchada.<\/div>\n<div class=\"mt-3\">\u2022\u00a0Parche de fieltro<\/div>\n<\/div>\n","protected":false},"excerpt":{"rendered":"<p>Comodidad y frescura a toda velocidad con nuestros Loyalist Fingerless Leather Gloves. Estos guantes de cuero de cabra tienen secciones perforadas que favorecen la circulaci\u00f3n del aire, palmas acolchadas que minimizan la vibraci\u00f3n en la carretera y un dise\u00f1o de malla inteligente entre los dedos que hace que los guantes se puedan quitar con facilidad.<\/p>\n","protected":false},"featured_media":0,"template":"","meta":[],"product_brand":[],"product_cat":[37,24],"product_tag":[],"class_list":{"0":"post-42525","1":"product","2":"type-product","3":"status-publish","5":"product_cat-guantes","6":"product_cat-hombre","7":"pa_talla-l","8":"pa_talla-m","9":"pa_talla-xl","10":"pa_talla-xxl","12":"first","13":"instock","14":"taxable","15":"shipping-taxable","16":"purchasable","17":"product-type-variable"},"yoast_head":"<!-- This site is optimized with the Yoast SEO plugin v27.4 - https:\/\/yoast.com\/product\/yoast-seo-wordpress\/ -->\n<title>Loyalist Fingerless Leather Gloves para hombre - Tienda oficial H-D Toluca<\/title>\n<meta name=\"robots\" content=\"index, follow, max-snippet:-1, max-image-preview:large, max-video-preview:-1\" \/>\n<link rel=\"canonical\" href=\"https:\/\/harleydavidsontoluca.com\/shop\/producto\/loyalist-fingerless-leather-gloves-para-hombre\/\" \/>\n<meta property=\"og:locale\" content=\"es_MX\" \/>\n<meta property=\"og:type\" content=\"article\" \/>\n<meta property=\"og:title\" content=\"Loyalist Fingerless Leather Gloves para hombre - Tienda oficial H-D Toluca\" \/>\n<meta property=\"og:description\" content=\"Comodidad y frescura a toda velocidad con nuestros Loyalist Fingerless Leather Gloves. Estos guantes de cuero de cabra tienen secciones perforadas que favorecen la circulaci\u00f3n del aire, palmas acolchadas que minimizan la vibraci\u00f3n en la carretera y un dise\u00f1o de malla inteligente entre los dedos que hace que los guantes se puedan quitar con facilidad.\" \/>\n<meta property=\"og:url\" content=\"https:\/\/harleydavidsontoluca.com\/shop\/producto\/loyalist-fingerless-leather-gloves-para-hombre\/\" \/>\n<meta property=\"og:site_name\" content=\"Tienda oficial H-D Toluca\" \/>\n<meta property=\"article:publisher\" content=\"https:\/\/www.facebook.com\/HarleyDavidsonToluca\" \/>\n<meta property=\"article:modified_time\" content=\"2026-01-18T17:56:00+00:00\" \/>\n<meta property=\"og:image\" content=\"https:\/\/harleydavidsontoluca.com\/shop\/wp-content\/uploads\/2023\/02\/WhatsApp-Image-2023-02-22-at-11.30.24-AM-2.jpeg\" \/>\n\t<meta property=\"og:image:width\" content=\"800\" \/>\n\t<meta property=\"og:image:height\" content=\"800\" \/>\n\t<meta property=\"og:image:type\" content=\"image\/jpeg\" \/>\n<meta name=\"twitter:card\" content=\"summary_large_image\" \/>\n<script type=\"application\/ld+json\" class=\"yoast-schema-graph\">{\"@context\":\"https:\\\/\\\/schema.org\",\"@graph\":[{\"@type\":\"WebPage\",\"@id\":\"https:\\\/\\\/harleydavidsontoluca.com\\\/shop\\\/producto\\\/loyalist-fingerless-leather-gloves-para-hombre\\\/\",\"url\":\"https:\\\/\\\/harleydavidsontoluca.com\\\/shop\\\/producto\\\/loyalist-fingerless-leather-gloves-para-hombre\\\/\",\"name\":\"Loyalist Fingerless Leather Gloves para hombre - Tienda oficial H-D Toluca\",\"isPartOf\":{\"@id\":\"https:\\\/\\\/harleydavidsontoluca.com\\\/shop\\\/#website\"},\"datePublished\":\"2023-02-22T17:54:17+00:00\",\"dateModified\":\"2026-01-18T17:56:00+00:00\",\"breadcrumb\":{\"@id\":\"https:\\\/\\\/harleydavidsontoluca.com\\\/shop\\\/producto\\\/loyalist-fingerless-leather-gloves-para-hombre\\\/#breadcrumb\"},\"inLanguage\":\"es\",\"potentialAction\":[{\"@type\":\"ReadAction\",\"target\":[\"https:\\\/\\\/harleydavidsontoluca.com\\\/shop\\\/producto\\\/loyalist-fingerless-leather-gloves-para-hombre\\\/\"]}]},{\"@type\":\"BreadcrumbList\",\"@id\":\"https:\\\/\\\/harleydavidsontoluca.com\\\/shop\\\/producto\\\/loyalist-fingerless-leather-gloves-para-hombre\\\/#breadcrumb\",\"itemListElement\":[{\"@type\":\"ListItem\",\"position\":1,\"name\":\"Portada\",\"item\":\"https:\\\/\\\/harleydavidsontoluca.com\\\/shop\\\/\"},{\"@type\":\"ListItem\",\"position\":2,\"name\":\"Tienda\",\"item\":\"https:\\\/\\\/harleydavidsontoluca.com\\\/shop\\\/tienda\\\/\"},{\"@type\":\"ListItem\",\"position\":3,\"name\":\"Loyalist Fingerless Leather Gloves para hombre\"}]},{\"@type\":\"WebSite\",\"@id\":\"https:\\\/\\\/harleydavidsontoluca.com\\\/shop\\\/#website\",\"url\":\"https:\\\/\\\/harleydavidsontoluca.com\\\/shop\\\/\",\"name\":\"Shop H-D Toluca\",\"description\":\"Shop H-D Toluca\",\"publisher\":{\"@id\":\"https:\\\/\\\/harleydavidsontoluca.com\\\/shop\\\/#organization\"},\"potentialAction\":[{\"@type\":\"SearchAction\",\"target\":{\"@type\":\"EntryPoint\",\"urlTemplate\":\"https:\\\/\\\/harleydavidsontoluca.com\\\/shop\\\/?s={search_term_string}\"},\"query-input\":{\"@type\":\"PropertyValueSpecification\",\"valueRequired\":true,\"valueName\":\"search_term_string\"}}],\"inLanguage\":\"es\"},{\"@type\":\"Organization\",\"@id\":\"https:\\\/\\\/harleydavidsontoluca.com\\\/shop\\\/#organization\",\"name\":\"Concesionaria Central de Motos\",\"url\":\"https:\\\/\\\/harleydavidsontoluca.com\\\/shop\\\/\",\"logo\":{\"@type\":\"ImageObject\",\"inLanguage\":\"es\",\"@id\":\"https:\\\/\\\/harleydavidsontoluca.com\\\/shop\\\/#\\\/schema\\\/logo\\\/image\\\/\",\"url\":\"https:\\\/\\\/harleydavidsontoluca.com\\\/shop\\\/wp-content\\\/uploads\\\/2024\\\/02\\\/cropped-Logo-512.png\",\"contentUrl\":\"https:\\\/\\\/harleydavidsontoluca.com\\\/shop\\\/wp-content\\\/uploads\\\/2024\\\/02\\\/cropped-Logo-512.png\",\"width\":512,\"height\":512,\"caption\":\"Concesionaria Central de Motos\"},\"image\":{\"@id\":\"https:\\\/\\\/harleydavidsontoluca.com\\\/shop\\\/#\\\/schema\\\/logo\\\/image\\\/\"},\"sameAs\":[\"https:\\\/\\\/www.facebook.com\\\/HarleyDavidsonToluca\",\"https:\\\/\\\/www.instagram.com\\\/hdtoluca\\\/\"]}]}<\/script>\n<!-- \/ Yoast SEO plugin. -->","yoast_head_json":{"title":"Loyalist Fingerless Leather Gloves para hombre - Tienda oficial H-D Toluca","robots":{"index":"index","follow":"follow","max-snippet":"max-snippet:-1","max-image-preview":"max-image-preview:large","max-video-preview":"max-video-preview:-1"},"canonical":"https:\/\/harleydavidsontoluca.com\/shop\/producto\/loyalist-fingerless-leather-gloves-para-hombre\/","og_locale":"es_MX","og_type":"article","og_title":"Loyalist Fingerless Leather Gloves para hombre - Tienda oficial H-D Toluca","og_description":"Comodidad y frescura a toda velocidad con nuestros Loyalist Fingerless Leather Gloves. Estos guantes de cuero de cabra tienen secciones perforadas que favorecen la circulaci\u00f3n del aire, palmas acolchadas que minimizan la vibraci\u00f3n en la carretera y un dise\u00f1o de malla inteligente entre los dedos que hace que los guantes se puedan quitar con facilidad.","og_url":"https:\/\/harleydavidsontoluca.com\/shop\/producto\/loyalist-fingerless-leather-gloves-para-hombre\/","og_site_name":"Tienda oficial H-D Toluca","article_publisher":"https:\/\/www.facebook.com\/HarleyDavidsonToluca","article_modified_time":"2026-01-18T17:56:00+00:00","og_image":[{"width":800,"height":800,"url":"https:\/\/harleydavidsontoluca.com\/shop\/wp-content\/uploads\/2023\/02\/WhatsApp-Image-2023-02-22-at-11.30.24-AM-2.jpeg","type":"image\/jpeg"}],"twitter_card":"summary_large_image","schema":{"@context":"https:\/\/schema.org","@graph":[{"@type":"WebPage","@id":"https:\/\/harleydavidsontoluca.com\/shop\/producto\/loyalist-fingerless-leather-gloves-para-hombre\/","url":"https:\/\/harleydavidsontoluca.com\/shop\/producto\/loyalist-fingerless-leather-gloves-para-hombre\/","name":"Loyalist Fingerless Leather Gloves para hombre - Tienda oficial H-D Toluca","isPartOf":{"@id":"https:\/\/harleydavidsontoluca.com\/shop\/#website"},"datePublished":"2023-02-22T17:54:17+00:00","dateModified":"2026-01-18T17:56:00+00:00","breadcrumb":{"@id":"https:\/\/harleydavidsontoluca.com\/shop\/producto\/loyalist-fingerless-leather-gloves-para-hombre\/#breadcrumb"},"inLanguage":"es","potentialAction":[{"@type":"ReadAction","target":["https:\/\/harleydavidsontoluca.com\/shop\/producto\/loyalist-fingerless-leather-gloves-para-hombre\/"]}]},{"@type":"BreadcrumbList","@id":"https:\/\/harleydavidsontoluca.com\/shop\/producto\/loyalist-fingerless-leather-gloves-para-hombre\/#breadcrumb","itemListElement":[{"@type":"ListItem","position":1,"name":"Portada","item":"https:\/\/harleydavidsontoluca.com\/shop\/"},{"@type":"ListItem","position":2,"name":"Tienda","item":"https:\/\/harleydavidsontoluca.com\/shop\/tienda\/"},{"@type":"ListItem","position":3,"name":"Loyalist Fingerless Leather Gloves para hombre"}]},{"@type":"WebSite","@id":"https:\/\/harleydavidsontoluca.com\/shop\/#website","url":"https:\/\/harleydavidsontoluca.com\/shop\/","name":"Shop H-D Toluca","description":"Shop H-D Toluca","publisher":{"@id":"https:\/\/harleydavidsontoluca.com\/shop\/#organization"},"potentialAction":[{"@type":"SearchAction","target":{"@type":"EntryPoint","urlTemplate":"https:\/\/harleydavidsontoluca.com\/shop\/?s={search_term_string}"},"query-input":{"@type":"PropertyValueSpecification","valueRequired":true,"valueName":"search_term_string"}}],"inLanguage":"es"},{"@type":"Organization","@id":"https:\/\/harleydavidsontoluca.com\/shop\/#organization","name":"Concesionaria Central de Motos","url":"https:\/\/harleydavidsontoluca.com\/shop\/","logo":{"@type":"ImageObject","inLanguage":"es","@id":"https:\/\/harleydavidsontoluca.com\/shop\/#\/schema\/logo\/image\/","url":"https:\/\/harleydavidsontoluca.com\/shop\/wp-content\/uploads\/2024\/02\/cropped-Logo-512.png","contentUrl":"https:\/\/harleydavidsontoluca.com\/shop\/wp-content\/uploads\/2024\/02\/cropped-Logo-512.png","width":512,"height":512,"caption":"Concesionaria Central de Motos"},"image":{"@id":"https:\/\/harleydavidsontoluca.com\/shop\/#\/schema\/logo\/image\/"},"sameAs":["https:\/\/www.facebook.com\/HarleyDavidsonToluca","https:\/\/www.instagram.com\/hdtoluca\/"]}]}},"_links":{"self":[{"href":"https:\/\/harleydavidsontoluca.com\/shop\/wp-json\/wp\/v2\/product\/42525","targetHints":{"allow":["GET"]}}],"collection":[{"href":"https:\/\/harleydavidsontoluca.com\/shop\/wp-json\/wp\/v2\/product"}],"about":[{"href":"https:\/\/harleydavidsontoluca.com\/shop\/wp-json\/wp\/v2\/types\/product"}],"wp:attachment":[{"href":"https:\/\/harleydavidsontoluca.com\/shop\/wp-json\/wp\/v2\/media?parent=42525"}],"wp:term":[{"taxonomy":"product_brand","embeddable":true,"href":"https:\/\/harleydavidsontoluca.com\/shop\/wp-json\/wp\/v2\/product_brand?post=42525"},{"taxonomy":"product_cat","embeddable":true,"href":"https:\/\/harleydavidsontoluca.com\/shop\/wp-json\/wp\/v2\/product_cat?post=42525"},{"taxonomy":"product_tag","embeddable":true,"href":"https:\/\/harleydavidsontoluca.com\/shop\/wp-json\/wp\/v2\/product_tag?post=42525"}],"curies":[{"name":"wp","href":"https:\/\/api.w.org\/{rel}","templated":true}]}}