
{"id":41475,"date":"2022-01-11T11:40:48","date_gmt":"2022-01-11T17:40:48","guid":{"rendered":"https:\/\/harleydavidsontoluca.com\/shop\/?post_type=product&#038;p=41475"},"modified":"2023-11-23T16:45:39","modified_gmt":"2023-11-23T22:45:39","slug":"harley-davidson-mens-rain-suit-full-speed-winged-bs-reflective-suit","status":"publish","type":"product","link":"https:\/\/harleydavidsontoluca.com\/shop\/producto\/harley-davidson-mens-rain-suit-full-speed-winged-bs-reflective-suit\/","title":{"rendered":"Harley-Davidson\u00ae Mens Rain Suit, Full Speed Winged B&amp;S Reflective Suit"},"content":{"rendered":"<p>Traje de lluvia reflectante de alta velocidad para hombre Harley-Davidson\u00ae, negro\/gris. Est\u00e9 preparado para cualquier cambio en el pron\u00f3stico con el traje impermeable Full Speed \u200b\u200bReflective.\u00a0Adem\u00e1s de la impermeabilidad, una de las caracter\u00edsticas clave de un traje de calidad es el material reflectante.\u00a0Tambi\u00e9n incorporamos caracter\u00edsticas esenciales como bolsillos y una capucha plegable.\u00a0La chaqueta cuenta con ripstop 100% nailon impermeable con forro de malla de poli\u00e9ster.\u00a0Cuerda el\u00e1stica y capucha con pliegues debajo del cuello simulado.\u00a0Cremallera frontal bi-direccional con solapa de tormenta de velcro. Pu\u00f1os el\u00e1sticos con leng\u00fcetas ajustables con cord\u00f3n el\u00e1stico y dobladillo de palanca.\u00a0Dos bolsillos calienta manos\u00a0con cremallera.\u00a0y un bolsillo interior vertical con cremallera.\u00a0Ribetes, rayas y gr\u00e1ficos de material reflectante 3M Scotchlite.\u00a0Los pantalones cuentan con ripstop 100% nailon resistente al agua, cintura el\u00e1stica,\u00a0protectores resistentes al calor en la parte inferior de las piernas, estribos, cremallera lateral de la pierna hasta la rodilla y ribetes de material reflectante Scotchlite de 3M.\u00a0Bolsa de almacenamiento incluida.<\/p>\n","protected":false},"excerpt":{"rendered":"<p>Traje de lluvia reflectante de alta velocidad para hombre Harley-Davidson\u00ae, negro\/gris. Est\u00e9 preparado para cualquier cambio en el pron\u00f3stico con el traje impermeable Full Speed \u200b\u200bReflective.\u00a0Adem\u00e1s de la impermeabilidad, una de las caracter\u00edsticas clave de un traje de calidad es el material reflectante.<\/p>\n","protected":false},"featured_media":41480,"template":"","meta":[],"product_brand":[],"product_cat":[24,76],"product_tag":[],"class_list":{"0":"post-41475","1":"product","2":"type-product","3":"status-publish","4":"has-post-thumbnail","6":"product_cat-hombre","7":"product_cat-impermeable-hombre","8":"pa_talla-l","9":"pa_talla-m","10":"pa_talla-s","11":"pa_talla-xl","12":"pa_talla-xs","13":"pa_talla-xxl","14":"pa_talla-xxxl","16":"first","17":"outofstock","18":"taxable","19":"shipping-taxable","20":"product-type-variable","21":"has-default-attributes"},"yoast_head":"<!-- This site is optimized with the Yoast SEO plugin v27.3 - https:\/\/yoast.com\/product\/yoast-seo-wordpress\/ -->\n<title>Harley-Davidson\u00ae Mens Rain Suit, Full Speed Winged B&amp;S Reflective Suit - Tienda oficial H-D Toluca<\/title>\n<meta name=\"robots\" content=\"index, follow, max-snippet:-1, max-image-preview:large, max-video-preview:-1\" \/>\n<link rel=\"canonical\" href=\"https:\/\/harleydavidsontoluca.com\/shop\/producto\/harley-davidson-mens-rain-suit-full-speed-winged-bs-reflective-suit\/\" \/>\n<meta property=\"og:locale\" content=\"es_MX\" \/>\n<meta property=\"og:type\" content=\"article\" \/>\n<meta property=\"og:title\" content=\"Harley-Davidson\u00ae Mens Rain Suit, Full Speed Winged B&amp;S Reflective Suit - Tienda oficial H-D Toluca\" \/>\n<meta property=\"og:description\" content=\"Traje de lluvia reflectante de alta velocidad para hombre Harley-Davidson\u00ae, negro\/gris. Est\u00e9 preparado para cualquier cambio en el pron\u00f3stico con el traje impermeable Full Speed \u200b\u200bReflective.\u00a0Adem\u00e1s de la impermeabilidad, una de las caracter\u00edsticas clave de un traje de calidad es el material reflectante.\" \/>\n<meta property=\"og:url\" content=\"https:\/\/harleydavidsontoluca.com\/shop\/producto\/harley-davidson-mens-rain-suit-full-speed-winged-bs-reflective-suit\/\" \/>\n<meta property=\"og:site_name\" content=\"Tienda oficial H-D Toluca\" \/>\n<meta property=\"article:publisher\" content=\"https:\/\/www.facebook.com\/HarleyDavidsonToluca\" \/>\n<meta property=\"article:modified_time\" content=\"2023-11-23T22:45:39+00:00\" \/>\n<meta property=\"og:image\" content=\"https:\/\/harleydavidsontoluca.com\/shop\/wp-content\/uploads\/2022\/01\/98336-15VM1.jpg\" \/>\n\t<meta property=\"og:image:width\" content=\"1600\" \/>\n\t<meta property=\"og:image:height\" content=\"1600\" \/>\n\t<meta property=\"og:image:type\" content=\"image\/jpeg\" \/>\n<meta name=\"twitter:card\" content=\"summary_large_image\" \/>\n<meta name=\"twitter:label1\" content=\"Tiempo de lectura\" \/>\n\t<meta name=\"twitter:data1\" content=\"1 minuto\" \/>\n<script type=\"application\/ld+json\" class=\"yoast-schema-graph\">{\"@context\":\"https:\\\/\\\/schema.org\",\"@graph\":[{\"@type\":\"WebPage\",\"@id\":\"https:\\\/\\\/harleydavidsontoluca.com\\\/shop\\\/producto\\\/harley-davidson-mens-rain-suit-full-speed-winged-bs-reflective-suit\\\/\",\"url\":\"https:\\\/\\\/harleydavidsontoluca.com\\\/shop\\\/producto\\\/harley-davidson-mens-rain-suit-full-speed-winged-bs-reflective-suit\\\/\",\"name\":\"Harley-Davidson\u00ae Mens Rain Suit, Full Speed Winged B&amp;S Reflective Suit - Tienda oficial H-D Toluca\",\"isPartOf\":{\"@id\":\"https:\\\/\\\/harleydavidsontoluca.com\\\/shop\\\/#website\"},\"primaryImageOfPage\":{\"@id\":\"https:\\\/\\\/harleydavidsontoluca.com\\\/shop\\\/producto\\\/harley-davidson-mens-rain-suit-full-speed-winged-bs-reflective-suit\\\/#primaryimage\"},\"image\":{\"@id\":\"https:\\\/\\\/harleydavidsontoluca.com\\\/shop\\\/producto\\\/harley-davidson-mens-rain-suit-full-speed-winged-bs-reflective-suit\\\/#primaryimage\"},\"thumbnailUrl\":\"https:\\\/\\\/harleydavidsontoluca.com\\\/shop\\\/wp-content\\\/uploads\\\/2022\\\/01\\\/98336-15VM1.jpg\",\"datePublished\":\"2022-01-11T17:40:48+00:00\",\"dateModified\":\"2023-11-23T22:45:39+00:00\",\"breadcrumb\":{\"@id\":\"https:\\\/\\\/harleydavidsontoluca.com\\\/shop\\\/producto\\\/harley-davidson-mens-rain-suit-full-speed-winged-bs-reflective-suit\\\/#breadcrumb\"},\"inLanguage\":\"es\",\"potentialAction\":[{\"@type\":\"ReadAction\",\"target\":[\"https:\\\/\\\/harleydavidsontoluca.com\\\/shop\\\/producto\\\/harley-davidson-mens-rain-suit-full-speed-winged-bs-reflective-suit\\\/\"]}]},{\"@type\":\"ImageObject\",\"inLanguage\":\"es\",\"@id\":\"https:\\\/\\\/harleydavidsontoluca.com\\\/shop\\\/producto\\\/harley-davidson-mens-rain-suit-full-speed-winged-bs-reflective-suit\\\/#primaryimage\",\"url\":\"https:\\\/\\\/harleydavidsontoluca.com\\\/shop\\\/wp-content\\\/uploads\\\/2022\\\/01\\\/98336-15VM1.jpg\",\"contentUrl\":\"https:\\\/\\\/harleydavidsontoluca.com\\\/shop\\\/wp-content\\\/uploads\\\/2022\\\/01\\\/98336-15VM1.jpg\",\"width\":1600,\"height\":1600},{\"@type\":\"BreadcrumbList\",\"@id\":\"https:\\\/\\\/harleydavidsontoluca.com\\\/shop\\\/producto\\\/harley-davidson-mens-rain-suit-full-speed-winged-bs-reflective-suit\\\/#breadcrumb\",\"itemListElement\":[{\"@type\":\"ListItem\",\"position\":1,\"name\":\"Portada\",\"item\":\"https:\\\/\\\/harleydavidsontoluca.com\\\/shop\\\/\"},{\"@type\":\"ListItem\",\"position\":2,\"name\":\"Tienda\",\"item\":\"https:\\\/\\\/harleydavidsontoluca.com\\\/shop\\\/tienda\\\/\"},{\"@type\":\"ListItem\",\"position\":3,\"name\":\"Harley-Davidson\u00ae Mens Rain Suit, Full Speed Winged B&amp;S Reflective Suit\"}]},{\"@type\":\"WebSite\",\"@id\":\"https:\\\/\\\/harleydavidsontoluca.com\\\/shop\\\/#website\",\"url\":\"https:\\\/\\\/harleydavidsontoluca.com\\\/shop\\\/\",\"name\":\"Shop H-D Toluca\",\"description\":\"Shop H-D Toluca\",\"publisher\":{\"@id\":\"https:\\\/\\\/harleydavidsontoluca.com\\\/shop\\\/#organization\"},\"potentialAction\":[{\"@type\":\"SearchAction\",\"target\":{\"@type\":\"EntryPoint\",\"urlTemplate\":\"https:\\\/\\\/harleydavidsontoluca.com\\\/shop\\\/?s={search_term_string}\"},\"query-input\":{\"@type\":\"PropertyValueSpecification\",\"valueRequired\":true,\"valueName\":\"search_term_string\"}}],\"inLanguage\":\"es\"},{\"@type\":\"Organization\",\"@id\":\"https:\\\/\\\/harleydavidsontoluca.com\\\/shop\\\/#organization\",\"name\":\"Concesionaria Central de Motos\",\"url\":\"https:\\\/\\\/harleydavidsontoluca.com\\\/shop\\\/\",\"logo\":{\"@type\":\"ImageObject\",\"inLanguage\":\"es\",\"@id\":\"https:\\\/\\\/harleydavidsontoluca.com\\\/shop\\\/#\\\/schema\\\/logo\\\/image\\\/\",\"url\":\"https:\\\/\\\/harleydavidsontoluca.com\\\/shop\\\/wp-content\\\/uploads\\\/2024\\\/02\\\/cropped-Logo-512.png\",\"contentUrl\":\"https:\\\/\\\/harleydavidsontoluca.com\\\/shop\\\/wp-content\\\/uploads\\\/2024\\\/02\\\/cropped-Logo-512.png\",\"width\":512,\"height\":512,\"caption\":\"Concesionaria Central de Motos\"},\"image\":{\"@id\":\"https:\\\/\\\/harleydavidsontoluca.com\\\/shop\\\/#\\\/schema\\\/logo\\\/image\\\/\"},\"sameAs\":[\"https:\\\/\\\/www.facebook.com\\\/HarleyDavidsonToluca\",\"https:\\\/\\\/www.instagram.com\\\/hdtoluca\\\/\"]}]}<\/script>\n<!-- \/ Yoast SEO plugin. -->","yoast_head_json":{"title":"Harley-Davidson\u00ae Mens Rain Suit, Full Speed Winged B&amp;S Reflective Suit - Tienda oficial H-D Toluca","robots":{"index":"index","follow":"follow","max-snippet":"max-snippet:-1","max-image-preview":"max-image-preview:large","max-video-preview":"max-video-preview:-1"},"canonical":"https:\/\/harleydavidsontoluca.com\/shop\/producto\/harley-davidson-mens-rain-suit-full-speed-winged-bs-reflective-suit\/","og_locale":"es_MX","og_type":"article","og_title":"Harley-Davidson\u00ae Mens Rain Suit, Full Speed Winged B&amp;S Reflective Suit - Tienda oficial H-D Toluca","og_description":"Traje de lluvia reflectante de alta velocidad para hombre Harley-Davidson\u00ae, negro\/gris. Est\u00e9 preparado para cualquier cambio en el pron\u00f3stico con el traje impermeable Full Speed \u200b\u200bReflective.\u00a0Adem\u00e1s de la impermeabilidad, una de las caracter\u00edsticas clave de un traje de calidad es el material reflectante.","og_url":"https:\/\/harleydavidsontoluca.com\/shop\/producto\/harley-davidson-mens-rain-suit-full-speed-winged-bs-reflective-suit\/","og_site_name":"Tienda oficial H-D Toluca","article_publisher":"https:\/\/www.facebook.com\/HarleyDavidsonToluca","article_modified_time":"2023-11-23T22:45:39+00:00","og_image":[{"width":1600,"height":1600,"url":"https:\/\/harleydavidsontoluca.com\/shop\/wp-content\/uploads\/2022\/01\/98336-15VM1.jpg","type":"image\/jpeg"}],"twitter_card":"summary_large_image","twitter_misc":{"Tiempo de lectura":"1 minuto"},"schema":{"@context":"https:\/\/schema.org","@graph":[{"@type":"WebPage","@id":"https:\/\/harleydavidsontoluca.com\/shop\/producto\/harley-davidson-mens-rain-suit-full-speed-winged-bs-reflective-suit\/","url":"https:\/\/harleydavidsontoluca.com\/shop\/producto\/harley-davidson-mens-rain-suit-full-speed-winged-bs-reflective-suit\/","name":"Harley-Davidson\u00ae Mens Rain Suit, Full Speed Winged B&amp;S Reflective Suit - Tienda oficial H-D Toluca","isPartOf":{"@id":"https:\/\/harleydavidsontoluca.com\/shop\/#website"},"primaryImageOfPage":{"@id":"https:\/\/harleydavidsontoluca.com\/shop\/producto\/harley-davidson-mens-rain-suit-full-speed-winged-bs-reflective-suit\/#primaryimage"},"image":{"@id":"https:\/\/harleydavidsontoluca.com\/shop\/producto\/harley-davidson-mens-rain-suit-full-speed-winged-bs-reflective-suit\/#primaryimage"},"thumbnailUrl":"https:\/\/harleydavidsontoluca.com\/shop\/wp-content\/uploads\/2022\/01\/98336-15VM1.jpg","datePublished":"2022-01-11T17:40:48+00:00","dateModified":"2023-11-23T22:45:39+00:00","breadcrumb":{"@id":"https:\/\/harleydavidsontoluca.com\/shop\/producto\/harley-davidson-mens-rain-suit-full-speed-winged-bs-reflective-suit\/#breadcrumb"},"inLanguage":"es","potentialAction":[{"@type":"ReadAction","target":["https:\/\/harleydavidsontoluca.com\/shop\/producto\/harley-davidson-mens-rain-suit-full-speed-winged-bs-reflective-suit\/"]}]},{"@type":"ImageObject","inLanguage":"es","@id":"https:\/\/harleydavidsontoluca.com\/shop\/producto\/harley-davidson-mens-rain-suit-full-speed-winged-bs-reflective-suit\/#primaryimage","url":"https:\/\/harleydavidsontoluca.com\/shop\/wp-content\/uploads\/2022\/01\/98336-15VM1.jpg","contentUrl":"https:\/\/harleydavidsontoluca.com\/shop\/wp-content\/uploads\/2022\/01\/98336-15VM1.jpg","width":1600,"height":1600},{"@type":"BreadcrumbList","@id":"https:\/\/harleydavidsontoluca.com\/shop\/producto\/harley-davidson-mens-rain-suit-full-speed-winged-bs-reflective-suit\/#breadcrumb","itemListElement":[{"@type":"ListItem","position":1,"name":"Portada","item":"https:\/\/harleydavidsontoluca.com\/shop\/"},{"@type":"ListItem","position":2,"name":"Tienda","item":"https:\/\/harleydavidsontoluca.com\/shop\/tienda\/"},{"@type":"ListItem","position":3,"name":"Harley-Davidson\u00ae Mens Rain Suit, Full Speed Winged B&amp;S Reflective Suit"}]},{"@type":"WebSite","@id":"https:\/\/harleydavidsontoluca.com\/shop\/#website","url":"https:\/\/harleydavidsontoluca.com\/shop\/","name":"Shop H-D Toluca","description":"Shop H-D Toluca","publisher":{"@id":"https:\/\/harleydavidsontoluca.com\/shop\/#organization"},"potentialAction":[{"@type":"SearchAction","target":{"@type":"EntryPoint","urlTemplate":"https:\/\/harleydavidsontoluca.com\/shop\/?s={search_term_string}"},"query-input":{"@type":"PropertyValueSpecification","valueRequired":true,"valueName":"search_term_string"}}],"inLanguage":"es"},{"@type":"Organization","@id":"https:\/\/harleydavidsontoluca.com\/shop\/#organization","name":"Concesionaria Central de Motos","url":"https:\/\/harleydavidsontoluca.com\/shop\/","logo":{"@type":"ImageObject","inLanguage":"es","@id":"https:\/\/harleydavidsontoluca.com\/shop\/#\/schema\/logo\/image\/","url":"https:\/\/harleydavidsontoluca.com\/shop\/wp-content\/uploads\/2024\/02\/cropped-Logo-512.png","contentUrl":"https:\/\/harleydavidsontoluca.com\/shop\/wp-content\/uploads\/2024\/02\/cropped-Logo-512.png","width":512,"height":512,"caption":"Concesionaria Central de Motos"},"image":{"@id":"https:\/\/harleydavidsontoluca.com\/shop\/#\/schema\/logo\/image\/"},"sameAs":["https:\/\/www.facebook.com\/HarleyDavidsonToluca","https:\/\/www.instagram.com\/hdtoluca\/"]}]}},"_links":{"self":[{"href":"https:\/\/harleydavidsontoluca.com\/shop\/wp-json\/wp\/v2\/product\/41475","targetHints":{"allow":["GET"]}}],"collection":[{"href":"https:\/\/harleydavidsontoluca.com\/shop\/wp-json\/wp\/v2\/product"}],"about":[{"href":"https:\/\/harleydavidsontoluca.com\/shop\/wp-json\/wp\/v2\/types\/product"}],"wp:featuredmedia":[{"embeddable":true,"href":"https:\/\/harleydavidsontoluca.com\/shop\/wp-json\/wp\/v2\/media\/41480"}],"wp:attachment":[{"href":"https:\/\/harleydavidsontoluca.com\/shop\/wp-json\/wp\/v2\/media?parent=41475"}],"wp:term":[{"taxonomy":"product_brand","embeddable":true,"href":"https:\/\/harleydavidsontoluca.com\/shop\/wp-json\/wp\/v2\/product_brand?post=41475"},{"taxonomy":"product_cat","embeddable":true,"href":"https:\/\/harleydavidsontoluca.com\/shop\/wp-json\/wp\/v2\/product_cat?post=41475"},{"taxonomy":"product_tag","embeddable":true,"href":"https:\/\/harleydavidsontoluca.com\/shop\/wp-json\/wp\/v2\/product_tag?post=41475"}],"curies":[{"name":"wp","href":"https:\/\/api.w.org\/{rel}","templated":true}]}}