
{"id":41369,"date":"2021-12-01T13:51:09","date_gmt":"2021-12-01T19:51:09","guid":{"rendered":"https:\/\/harleydavidsontoluca.com\/shop\/?post_type=product&#038;p=41369"},"modified":"2025-01-10T17:32:00","modified_gmt":"2025-01-10T23:32:00","slug":"boom-audio-n02-full-face-helmet-2-boom-audio-n02-full-face-helmet-3-boom-audio-n02-full-face-helmet-4-boom-audio-n02-full-face-helmet-5-boom-audio-n02-full-face-helmet-6-boom-audio-n02-full-face","status":"publish","type":"product","link":"https:\/\/harleydavidsontoluca.com\/shop\/producto\/boom-audio-n02-full-face-helmet-2-boom-audio-n02-full-face-helmet-3-boom-audio-n02-full-face-helmet-4-boom-audio-n02-full-face-helmet-5-boom-audio-n02-full-face-helmet-6-boom-audio-n02-full-face\/","title":{"rendered":"Boom! Audio N02 Full-Face Helmet"},"content":{"rendered":"<div class=\"accordion-outer-content py-4 expanded-accordion-content\" role=\"button\">\n<div class=\"accordion-headline\">Prep\u00e1rese para una experiencia de sonido revolucionaria con Boom! <sup>\u2122<\/sup>\u00a0Casco integral Audio N02.\u00a0Este casco de motocicleta integral de \u00faltima generaci\u00f3n est\u00e1 listo en la milla uno sin necesidad de configuraci\u00f3n, sin problemas con cables o altavoces de posici\u00f3n.\u00a0Cuenta con una funci\u00f3n de Sena Momentum 30K Bluetooth\u00a0<sup>\u00ae<\/sup>\u00a0sistema de comunicaci\u00f3n para enlazar hasta ocho pilotos de intercomunicaci\u00f3n, altavoces integrados y micr\u00f3fono.\u00a0Disfrute de las melod\u00edas en la radio FM incorporada con parlantes m\u00e1s grandes para obtener m\u00e1s graves y una mejor calidad de sonido.\u00a0Adem\u00e1s, participa en la carretera mientras te comunicas por intercomunicador con hasta ocho ciclistas.\u00a0Y con Bluetooth integrado\u00a0<sup>\u00ae<\/sup>\u00a0tecnolog\u00eda puede emparejar el Bluetooth\u00a0<sup>\u00ae<\/sup>-dispositivo m\u00f3vil habilitado para navegaci\u00f3n, listas de reproducci\u00f3n favoritas y llamadas manos libres.\u00a0Verifique las vi\u00f1etas para todas las especificaciones.<\/div>\n<\/div>\n<div class=\"accordion-inner-content\">\n<div class=\"pl-3\">\n<div class=\"mt-3\"><\/div>\n<div class=\"mt-3\"><\/div>\n<\/div>\n<\/div>\n","protected":false},"excerpt":{"rendered":"<p>Prep\u00e1rese para una experiencia de sonido revolucionaria con Boom! <sup>\u2122<\/sup>\u00a0Casco integral Audio N02.\u00a0Este casco de motocicleta integral de \u00faltima generaci\u00f3n est\u00e1 listo en la milla uno sin necesidad de configuraci\u00f3n, sin problemas con cables o altavoces de posici\u00f3n.\u00a0Cuenta con una funci\u00f3n de Sena Momentum 30K Bluetooth\u00a0<sup>\u00ae<\/sup>\u00a0sistema de comunicaci\u00f3n para enlazar hasta ocho pilotos de intercomunicaci\u00f3n, altavoces integrados y micr\u00f3fono.<\/p>\n","protected":false},"featured_media":41374,"template":"","meta":[],"product_brand":[],"product_cat":[45,70,24,25],"product_tag":[],"class_list":{"0":"post-41369","1":"product","2":"type-product","3":"status-publish","4":"has-post-thumbnail","6":"product_cat-cascos","7":"product_cat-cascos-mujer","8":"product_cat-hombre","9":"product_cat-mujer","10":"pa_talla-l","11":"pa_talla-m","12":"pa_talla-s","13":"pa_talla-xl","14":"pa_talla-xs","15":"pa_talla-xxl","16":"pa_talla-xxxl","18":"first","19":"outofstock","20":"taxable","21":"shipping-taxable","22":"product-type-variable","23":"has-default-attributes"},"yoast_head":"<!-- This site is optimized with the Yoast SEO plugin v27.3 - https:\/\/yoast.com\/product\/yoast-seo-wordpress\/ -->\n<title>Boom! Audio N02 Full-Face Helmet - Tienda oficial H-D Toluca<\/title>\n<meta name=\"robots\" content=\"index, follow, max-snippet:-1, max-image-preview:large, max-video-preview:-1\" \/>\n<link rel=\"canonical\" href=\"https:\/\/harleydavidsontoluca.com\/shop\/producto\/boom-audio-n02-full-face-helmet-2-boom-audio-n02-full-face-helmet-3-boom-audio-n02-full-face-helmet-4-boom-audio-n02-full-face-helmet-5-boom-audio-n02-full-face-helmet-6-boom-audio-n02-full-face\/\" \/>\n<meta property=\"og:locale\" content=\"es_MX\" \/>\n<meta property=\"og:type\" content=\"article\" \/>\n<meta property=\"og:title\" content=\"Boom! Audio N02 Full-Face Helmet - Tienda oficial H-D Toluca\" \/>\n<meta property=\"og:description\" content=\"Prep\u00e1rese para una experiencia de sonido revolucionaria con Boom! \u2122\u00a0Casco integral Audio N02.\u00a0Este casco de motocicleta integral de \u00faltima generaci\u00f3n est\u00e1 listo en la milla uno sin necesidad de configuraci\u00f3n, sin problemas con cables o altavoces de posici\u00f3n.\u00a0Cuenta con una funci\u00f3n de Sena Momentum 30K Bluetooth\u00a0\u00ae\u00a0sistema de comunicaci\u00f3n para enlazar hasta ocho pilotos de intercomunicaci\u00f3n, altavoces integrados y micr\u00f3fono.\" \/>\n<meta property=\"og:url\" content=\"https:\/\/harleydavidsontoluca.com\/shop\/producto\/boom-audio-n02-full-face-helmet-2-boom-audio-n02-full-face-helmet-3-boom-audio-n02-full-face-helmet-4-boom-audio-n02-full-face-helmet-5-boom-audio-n02-full-face-helmet-6-boom-audio-n02-full-face\/\" \/>\n<meta property=\"og:site_name\" content=\"Tienda oficial H-D Toluca\" \/>\n<meta property=\"article:publisher\" content=\"https:\/\/www.facebook.com\/HarleyDavidsonToluca\" \/>\n<meta property=\"article:modified_time\" content=\"2025-01-10T23:32:00+00:00\" \/>\n<meta property=\"og:image\" content=\"https:\/\/harleydavidsontoluca.com\/shop\/wp-content\/uploads\/2021\/12\/98208-20VX.jpg\" \/>\n\t<meta property=\"og:image:width\" content=\"1600\" \/>\n\t<meta property=\"og:image:height\" content=\"1600\" \/>\n\t<meta property=\"og:image:type\" content=\"image\/jpeg\" \/>\n<meta name=\"twitter:card\" content=\"summary_large_image\" \/>\n<meta name=\"twitter:label1\" content=\"Tiempo de lectura\" \/>\n\t<meta name=\"twitter:data1\" content=\"1 minuto\" \/>\n<script type=\"application\/ld+json\" class=\"yoast-schema-graph\">{\"@context\":\"https:\\\/\\\/schema.org\",\"@graph\":[{\"@type\":\"WebPage\",\"@id\":\"https:\\\/\\\/harleydavidsontoluca.com\\\/shop\\\/producto\\\/boom-audio-n02-full-face-helmet-2-boom-audio-n02-full-face-helmet-3-boom-audio-n02-full-face-helmet-4-boom-audio-n02-full-face-helmet-5-boom-audio-n02-full-face-helmet-6-boom-audio-n02-full-face\\\/\",\"url\":\"https:\\\/\\\/harleydavidsontoluca.com\\\/shop\\\/producto\\\/boom-audio-n02-full-face-helmet-2-boom-audio-n02-full-face-helmet-3-boom-audio-n02-full-face-helmet-4-boom-audio-n02-full-face-helmet-5-boom-audio-n02-full-face-helmet-6-boom-audio-n02-full-face\\\/\",\"name\":\"Boom! Audio N02 Full-Face Helmet - Tienda oficial H-D Toluca\",\"isPartOf\":{\"@id\":\"https:\\\/\\\/harleydavidsontoluca.com\\\/shop\\\/#website\"},\"primaryImageOfPage\":{\"@id\":\"https:\\\/\\\/harleydavidsontoluca.com\\\/shop\\\/producto\\\/boom-audio-n02-full-face-helmet-2-boom-audio-n02-full-face-helmet-3-boom-audio-n02-full-face-helmet-4-boom-audio-n02-full-face-helmet-5-boom-audio-n02-full-face-helmet-6-boom-audio-n02-full-face\\\/#primaryimage\"},\"image\":{\"@id\":\"https:\\\/\\\/harleydavidsontoluca.com\\\/shop\\\/producto\\\/boom-audio-n02-full-face-helmet-2-boom-audio-n02-full-face-helmet-3-boom-audio-n02-full-face-helmet-4-boom-audio-n02-full-face-helmet-5-boom-audio-n02-full-face-helmet-6-boom-audio-n02-full-face\\\/#primaryimage\"},\"thumbnailUrl\":\"https:\\\/\\\/harleydavidsontoluca.com\\\/shop\\\/wp-content\\\/uploads\\\/2021\\\/12\\\/98208-20VX.jpg\",\"datePublished\":\"2021-12-01T19:51:09+00:00\",\"dateModified\":\"2025-01-10T23:32:00+00:00\",\"breadcrumb\":{\"@id\":\"https:\\\/\\\/harleydavidsontoluca.com\\\/shop\\\/producto\\\/boom-audio-n02-full-face-helmet-2-boom-audio-n02-full-face-helmet-3-boom-audio-n02-full-face-helmet-4-boom-audio-n02-full-face-helmet-5-boom-audio-n02-full-face-helmet-6-boom-audio-n02-full-face\\\/#breadcrumb\"},\"inLanguage\":\"es\",\"potentialAction\":[{\"@type\":\"ReadAction\",\"target\":[\"https:\\\/\\\/harleydavidsontoluca.com\\\/shop\\\/producto\\\/boom-audio-n02-full-face-helmet-2-boom-audio-n02-full-face-helmet-3-boom-audio-n02-full-face-helmet-4-boom-audio-n02-full-face-helmet-5-boom-audio-n02-full-face-helmet-6-boom-audio-n02-full-face\\\/\"]}]},{\"@type\":\"ImageObject\",\"inLanguage\":\"es\",\"@id\":\"https:\\\/\\\/harleydavidsontoluca.com\\\/shop\\\/producto\\\/boom-audio-n02-full-face-helmet-2-boom-audio-n02-full-face-helmet-3-boom-audio-n02-full-face-helmet-4-boom-audio-n02-full-face-helmet-5-boom-audio-n02-full-face-helmet-6-boom-audio-n02-full-face\\\/#primaryimage\",\"url\":\"https:\\\/\\\/harleydavidsontoluca.com\\\/shop\\\/wp-content\\\/uploads\\\/2021\\\/12\\\/98208-20VX.jpg\",\"contentUrl\":\"https:\\\/\\\/harleydavidsontoluca.com\\\/shop\\\/wp-content\\\/uploads\\\/2021\\\/12\\\/98208-20VX.jpg\",\"width\":1600,\"height\":1600},{\"@type\":\"BreadcrumbList\",\"@id\":\"https:\\\/\\\/harleydavidsontoluca.com\\\/shop\\\/producto\\\/boom-audio-n02-full-face-helmet-2-boom-audio-n02-full-face-helmet-3-boom-audio-n02-full-face-helmet-4-boom-audio-n02-full-face-helmet-5-boom-audio-n02-full-face-helmet-6-boom-audio-n02-full-face\\\/#breadcrumb\",\"itemListElement\":[{\"@type\":\"ListItem\",\"position\":1,\"name\":\"Portada\",\"item\":\"https:\\\/\\\/harleydavidsontoluca.com\\\/shop\\\/\"},{\"@type\":\"ListItem\",\"position\":2,\"name\":\"Tienda\",\"item\":\"https:\\\/\\\/harleydavidsontoluca.com\\\/shop\\\/tienda\\\/\"},{\"@type\":\"ListItem\",\"position\":3,\"name\":\"Boom! Audio N02 Full-Face Helmet\"}]},{\"@type\":\"WebSite\",\"@id\":\"https:\\\/\\\/harleydavidsontoluca.com\\\/shop\\\/#website\",\"url\":\"https:\\\/\\\/harleydavidsontoluca.com\\\/shop\\\/\",\"name\":\"Shop H-D Toluca\",\"description\":\"Shop H-D Toluca\",\"publisher\":{\"@id\":\"https:\\\/\\\/harleydavidsontoluca.com\\\/shop\\\/#organization\"},\"potentialAction\":[{\"@type\":\"SearchAction\",\"target\":{\"@type\":\"EntryPoint\",\"urlTemplate\":\"https:\\\/\\\/harleydavidsontoluca.com\\\/shop\\\/?s={search_term_string}\"},\"query-input\":{\"@type\":\"PropertyValueSpecification\",\"valueRequired\":true,\"valueName\":\"search_term_string\"}}],\"inLanguage\":\"es\"},{\"@type\":\"Organization\",\"@id\":\"https:\\\/\\\/harleydavidsontoluca.com\\\/shop\\\/#organization\",\"name\":\"Concesionaria Central de Motos\",\"url\":\"https:\\\/\\\/harleydavidsontoluca.com\\\/shop\\\/\",\"logo\":{\"@type\":\"ImageObject\",\"inLanguage\":\"es\",\"@id\":\"https:\\\/\\\/harleydavidsontoluca.com\\\/shop\\\/#\\\/schema\\\/logo\\\/image\\\/\",\"url\":\"https:\\\/\\\/harleydavidsontoluca.com\\\/shop\\\/wp-content\\\/uploads\\\/2024\\\/02\\\/cropped-Logo-512.png\",\"contentUrl\":\"https:\\\/\\\/harleydavidsontoluca.com\\\/shop\\\/wp-content\\\/uploads\\\/2024\\\/02\\\/cropped-Logo-512.png\",\"width\":512,\"height\":512,\"caption\":\"Concesionaria Central de Motos\"},\"image\":{\"@id\":\"https:\\\/\\\/harleydavidsontoluca.com\\\/shop\\\/#\\\/schema\\\/logo\\\/image\\\/\"},\"sameAs\":[\"https:\\\/\\\/www.facebook.com\\\/HarleyDavidsonToluca\",\"https:\\\/\\\/www.instagram.com\\\/hdtoluca\\\/\"]}]}<\/script>\n<!-- \/ Yoast SEO plugin. -->","yoast_head_json":{"title":"Boom! Audio N02 Full-Face Helmet - Tienda oficial H-D Toluca","robots":{"index":"index","follow":"follow","max-snippet":"max-snippet:-1","max-image-preview":"max-image-preview:large","max-video-preview":"max-video-preview:-1"},"canonical":"https:\/\/harleydavidsontoluca.com\/shop\/producto\/boom-audio-n02-full-face-helmet-2-boom-audio-n02-full-face-helmet-3-boom-audio-n02-full-face-helmet-4-boom-audio-n02-full-face-helmet-5-boom-audio-n02-full-face-helmet-6-boom-audio-n02-full-face\/","og_locale":"es_MX","og_type":"article","og_title":"Boom! Audio N02 Full-Face Helmet - Tienda oficial H-D Toluca","og_description":"Prep\u00e1rese para una experiencia de sonido revolucionaria con Boom! \u2122\u00a0Casco integral Audio N02.\u00a0Este casco de motocicleta integral de \u00faltima generaci\u00f3n est\u00e1 listo en la milla uno sin necesidad de configuraci\u00f3n, sin problemas con cables o altavoces de posici\u00f3n.\u00a0Cuenta con una funci\u00f3n de Sena Momentum 30K Bluetooth\u00a0\u00ae\u00a0sistema de comunicaci\u00f3n para enlazar hasta ocho pilotos de intercomunicaci\u00f3n, altavoces integrados y micr\u00f3fono.","og_url":"https:\/\/harleydavidsontoluca.com\/shop\/producto\/boom-audio-n02-full-face-helmet-2-boom-audio-n02-full-face-helmet-3-boom-audio-n02-full-face-helmet-4-boom-audio-n02-full-face-helmet-5-boom-audio-n02-full-face-helmet-6-boom-audio-n02-full-face\/","og_site_name":"Tienda oficial H-D Toluca","article_publisher":"https:\/\/www.facebook.com\/HarleyDavidsonToluca","article_modified_time":"2025-01-10T23:32:00+00:00","og_image":[{"width":1600,"height":1600,"url":"https:\/\/harleydavidsontoluca.com\/shop\/wp-content\/uploads\/2021\/12\/98208-20VX.jpg","type":"image\/jpeg"}],"twitter_card":"summary_large_image","twitter_misc":{"Tiempo de lectura":"1 minuto"},"schema":{"@context":"https:\/\/schema.org","@graph":[{"@type":"WebPage","@id":"https:\/\/harleydavidsontoluca.com\/shop\/producto\/boom-audio-n02-full-face-helmet-2-boom-audio-n02-full-face-helmet-3-boom-audio-n02-full-face-helmet-4-boom-audio-n02-full-face-helmet-5-boom-audio-n02-full-face-helmet-6-boom-audio-n02-full-face\/","url":"https:\/\/harleydavidsontoluca.com\/shop\/producto\/boom-audio-n02-full-face-helmet-2-boom-audio-n02-full-face-helmet-3-boom-audio-n02-full-face-helmet-4-boom-audio-n02-full-face-helmet-5-boom-audio-n02-full-face-helmet-6-boom-audio-n02-full-face\/","name":"Boom! Audio N02 Full-Face Helmet - Tienda oficial H-D Toluca","isPartOf":{"@id":"https:\/\/harleydavidsontoluca.com\/shop\/#website"},"primaryImageOfPage":{"@id":"https:\/\/harleydavidsontoluca.com\/shop\/producto\/boom-audio-n02-full-face-helmet-2-boom-audio-n02-full-face-helmet-3-boom-audio-n02-full-face-helmet-4-boom-audio-n02-full-face-helmet-5-boom-audio-n02-full-face-helmet-6-boom-audio-n02-full-face\/#primaryimage"},"image":{"@id":"https:\/\/harleydavidsontoluca.com\/shop\/producto\/boom-audio-n02-full-face-helmet-2-boom-audio-n02-full-face-helmet-3-boom-audio-n02-full-face-helmet-4-boom-audio-n02-full-face-helmet-5-boom-audio-n02-full-face-helmet-6-boom-audio-n02-full-face\/#primaryimage"},"thumbnailUrl":"https:\/\/harleydavidsontoluca.com\/shop\/wp-content\/uploads\/2021\/12\/98208-20VX.jpg","datePublished":"2021-12-01T19:51:09+00:00","dateModified":"2025-01-10T23:32:00+00:00","breadcrumb":{"@id":"https:\/\/harleydavidsontoluca.com\/shop\/producto\/boom-audio-n02-full-face-helmet-2-boom-audio-n02-full-face-helmet-3-boom-audio-n02-full-face-helmet-4-boom-audio-n02-full-face-helmet-5-boom-audio-n02-full-face-helmet-6-boom-audio-n02-full-face\/#breadcrumb"},"inLanguage":"es","potentialAction":[{"@type":"ReadAction","target":["https:\/\/harleydavidsontoluca.com\/shop\/producto\/boom-audio-n02-full-face-helmet-2-boom-audio-n02-full-face-helmet-3-boom-audio-n02-full-face-helmet-4-boom-audio-n02-full-face-helmet-5-boom-audio-n02-full-face-helmet-6-boom-audio-n02-full-face\/"]}]},{"@type":"ImageObject","inLanguage":"es","@id":"https:\/\/harleydavidsontoluca.com\/shop\/producto\/boom-audio-n02-full-face-helmet-2-boom-audio-n02-full-face-helmet-3-boom-audio-n02-full-face-helmet-4-boom-audio-n02-full-face-helmet-5-boom-audio-n02-full-face-helmet-6-boom-audio-n02-full-face\/#primaryimage","url":"https:\/\/harleydavidsontoluca.com\/shop\/wp-content\/uploads\/2021\/12\/98208-20VX.jpg","contentUrl":"https:\/\/harleydavidsontoluca.com\/shop\/wp-content\/uploads\/2021\/12\/98208-20VX.jpg","width":1600,"height":1600},{"@type":"BreadcrumbList","@id":"https:\/\/harleydavidsontoluca.com\/shop\/producto\/boom-audio-n02-full-face-helmet-2-boom-audio-n02-full-face-helmet-3-boom-audio-n02-full-face-helmet-4-boom-audio-n02-full-face-helmet-5-boom-audio-n02-full-face-helmet-6-boom-audio-n02-full-face\/#breadcrumb","itemListElement":[{"@type":"ListItem","position":1,"name":"Portada","item":"https:\/\/harleydavidsontoluca.com\/shop\/"},{"@type":"ListItem","position":2,"name":"Tienda","item":"https:\/\/harleydavidsontoluca.com\/shop\/tienda\/"},{"@type":"ListItem","position":3,"name":"Boom! Audio N02 Full-Face Helmet"}]},{"@type":"WebSite","@id":"https:\/\/harleydavidsontoluca.com\/shop\/#website","url":"https:\/\/harleydavidsontoluca.com\/shop\/","name":"Shop H-D Toluca","description":"Shop H-D Toluca","publisher":{"@id":"https:\/\/harleydavidsontoluca.com\/shop\/#organization"},"potentialAction":[{"@type":"SearchAction","target":{"@type":"EntryPoint","urlTemplate":"https:\/\/harleydavidsontoluca.com\/shop\/?s={search_term_string}"},"query-input":{"@type":"PropertyValueSpecification","valueRequired":true,"valueName":"search_term_string"}}],"inLanguage":"es"},{"@type":"Organization","@id":"https:\/\/harleydavidsontoluca.com\/shop\/#organization","name":"Concesionaria Central de Motos","url":"https:\/\/harleydavidsontoluca.com\/shop\/","logo":{"@type":"ImageObject","inLanguage":"es","@id":"https:\/\/harleydavidsontoluca.com\/shop\/#\/schema\/logo\/image\/","url":"https:\/\/harleydavidsontoluca.com\/shop\/wp-content\/uploads\/2024\/02\/cropped-Logo-512.png","contentUrl":"https:\/\/harleydavidsontoluca.com\/shop\/wp-content\/uploads\/2024\/02\/cropped-Logo-512.png","width":512,"height":512,"caption":"Concesionaria Central de Motos"},"image":{"@id":"https:\/\/harleydavidsontoluca.com\/shop\/#\/schema\/logo\/image\/"},"sameAs":["https:\/\/www.facebook.com\/HarleyDavidsonToluca","https:\/\/www.instagram.com\/hdtoluca\/"]}]}},"_links":{"self":[{"href":"https:\/\/harleydavidsontoluca.com\/shop\/wp-json\/wp\/v2\/product\/41369","targetHints":{"allow":["GET"]}}],"collection":[{"href":"https:\/\/harleydavidsontoluca.com\/shop\/wp-json\/wp\/v2\/product"}],"about":[{"href":"https:\/\/harleydavidsontoluca.com\/shop\/wp-json\/wp\/v2\/types\/product"}],"wp:featuredmedia":[{"embeddable":true,"href":"https:\/\/harleydavidsontoluca.com\/shop\/wp-json\/wp\/v2\/media\/41374"}],"wp:attachment":[{"href":"https:\/\/harleydavidsontoluca.com\/shop\/wp-json\/wp\/v2\/media?parent=41369"}],"wp:term":[{"taxonomy":"product_brand","embeddable":true,"href":"https:\/\/harleydavidsontoluca.com\/shop\/wp-json\/wp\/v2\/product_brand?post=41369"},{"taxonomy":"product_cat","embeddable":true,"href":"https:\/\/harleydavidsontoluca.com\/shop\/wp-json\/wp\/v2\/product_cat?post=41369"},{"taxonomy":"product_tag","embeddable":true,"href":"https:\/\/harleydavidsontoluca.com\/shop\/wp-json\/wp\/v2\/product_tag?post=41369"}],"curies":[{"name":"wp","href":"https:\/\/api.w.org\/{rel}","templated":true}]}}