
{"id":40739,"date":"2021-03-26T13:51:04","date_gmt":"2021-03-26T19:51:04","guid":{"rendered":"https:\/\/harleydavidsontoluca.com\/shop\/?post_type=product&#038;p=40739"},"modified":"2026-01-18T12:00:13","modified_gmt":"2026-01-18T18:00:13","slug":"harley-davidson-mens-washed-colorblocked-39thirty-baseball-cap","status":"publish","type":"product","link":"https:\/\/harleydavidsontoluca.com\/shop\/producto\/harley-davidson-mens-washed-colorblocked-39thirty-baseball-cap\/","title":{"rendered":"Harley-Davidson\u00ae Men&#8217;s Washed Colorblocked 39THIRTY Baseball Cap"},"content":{"rendered":"<p>Gorra para caballero, estilo desgastado con bloques a color.<span lang=\"es\"> La parte delantera est\u00e1 hecha de 100% algod\u00f3n. La parte trasera est\u00e1 hecha de 85% poli\u00e9ster y 15% malla de spandex. Gr\u00e1ficos bordados en la parte delantera. Gr\u00e1ficos bordados en la espalda. Logotipo de la bandera de New Era bordado en el lateral. Ajuste el\u00e1stico<\/span><\/p>\n","protected":false},"excerpt":{"rendered":"<p>Gorra para caballero, estilo desgastado con bloques a color.<span lang=\"es\"> La parte delantera est\u00e1 hecha de 100% algod\u00f3n. La parte trasera est\u00e1 hecha de 85% poli\u00e9ster y 15% malla de spandex. Gr\u00e1ficos bordados en la parte delantera. Gr\u00e1ficos bordados en la espalda. Logotipo de la bandera de New Era bordado en el lateral. Ajuste el\u00e1stico<\/span><\/p>\n","protected":false},"featured_media":40742,"template":"","meta":[],"product_brand":[],"product_cat":[27,49,24],"product_tag":[],"class_list":{"0":"post-40739","1":"product","2":"type-product","3":"status-publish","4":"has-post-thumbnail","6":"product_cat-accesorios","7":"product_cat-gorras","8":"product_cat-hombre","9":"pa_talla-l","10":"pa_talla-m","11":"pa_talla-s","12":"pa_talla-xl","13":"pa_talla-xs","14":"pa_talla-xxl","15":"pa_talla-xxxl","17":"first","18":"instock","19":"taxable","20":"shipping-taxable","21":"purchasable","22":"product-type-variable","23":"has-default-attributes"},"yoast_head":"<!-- This site is optimized with the Yoast SEO plugin v27.4 - https:\/\/yoast.com\/product\/yoast-seo-wordpress\/ -->\n<title>Harley-Davidson\u00ae Men&#039;s Washed Colorblocked 39THIRTY Baseball Cap - Tienda oficial H-D Toluca<\/title>\n<meta name=\"robots\" content=\"index, follow, max-snippet:-1, max-image-preview:large, max-video-preview:-1\" \/>\n<link rel=\"canonical\" href=\"https:\/\/harleydavidsontoluca.com\/shop\/producto\/harley-davidson-mens-washed-colorblocked-39thirty-baseball-cap\/\" \/>\n<meta property=\"og:locale\" content=\"es_MX\" \/>\n<meta property=\"og:type\" content=\"article\" \/>\n<meta property=\"og:title\" content=\"Harley-Davidson\u00ae Men&#039;s Washed Colorblocked 39THIRTY Baseball Cap - Tienda oficial H-D Toluca\" \/>\n<meta property=\"og:description\" content=\"Gorra para caballero, estilo desgastado con bloques a color. La parte delantera est\u00e1 hecha de 100% algod\u00f3n. La parte trasera est\u00e1 hecha de 85% poli\u00e9ster y 15% malla de spandex. Gr\u00e1ficos bordados en la parte delantera. Gr\u00e1ficos bordados en la espalda. Logotipo de la bandera de New Era bordado en el lateral. Ajuste el\u00e1stico\" \/>\n<meta property=\"og:url\" content=\"https:\/\/harleydavidsontoluca.com\/shop\/producto\/harley-davidson-mens-washed-colorblocked-39thirty-baseball-cap\/\" \/>\n<meta property=\"og:site_name\" content=\"Tienda oficial H-D Toluca\" \/>\n<meta property=\"article:publisher\" content=\"https:\/\/www.facebook.com\/HarleyDavidsonToluca\" \/>\n<meta property=\"article:modified_time\" content=\"2026-01-18T18:00:13+00:00\" \/>\n<meta property=\"og:image\" content=\"https:\/\/harleydavidsontoluca.com\/shop\/wp-content\/uploads\/2021\/03\/99407-20VM.jpeg\" \/>\n\t<meta property=\"og:image:width\" content=\"1280\" \/>\n\t<meta property=\"og:image:height\" content=\"1280\" \/>\n\t<meta property=\"og:image:type\" content=\"image\/jpeg\" \/>\n<meta name=\"twitter:card\" content=\"summary_large_image\" \/>\n<script type=\"application\/ld+json\" class=\"yoast-schema-graph\">{\"@context\":\"https:\\\/\\\/schema.org\",\"@graph\":[{\"@type\":\"WebPage\",\"@id\":\"https:\\\/\\\/harleydavidsontoluca.com\\\/shop\\\/producto\\\/harley-davidson-mens-washed-colorblocked-39thirty-baseball-cap\\\/\",\"url\":\"https:\\\/\\\/harleydavidsontoluca.com\\\/shop\\\/producto\\\/harley-davidson-mens-washed-colorblocked-39thirty-baseball-cap\\\/\",\"name\":\"Harley-Davidson\u00ae Men's Washed Colorblocked 39THIRTY Baseball Cap - Tienda oficial H-D Toluca\",\"isPartOf\":{\"@id\":\"https:\\\/\\\/harleydavidsontoluca.com\\\/shop\\\/#website\"},\"primaryImageOfPage\":{\"@id\":\"https:\\\/\\\/harleydavidsontoluca.com\\\/shop\\\/producto\\\/harley-davidson-mens-washed-colorblocked-39thirty-baseball-cap\\\/#primaryimage\"},\"image\":{\"@id\":\"https:\\\/\\\/harleydavidsontoluca.com\\\/shop\\\/producto\\\/harley-davidson-mens-washed-colorblocked-39thirty-baseball-cap\\\/#primaryimage\"},\"thumbnailUrl\":\"https:\\\/\\\/harleydavidsontoluca.com\\\/shop\\\/wp-content\\\/uploads\\\/2021\\\/03\\\/99407-20VM.jpeg\",\"datePublished\":\"2021-03-26T19:51:04+00:00\",\"dateModified\":\"2026-01-18T18:00:13+00:00\",\"breadcrumb\":{\"@id\":\"https:\\\/\\\/harleydavidsontoluca.com\\\/shop\\\/producto\\\/harley-davidson-mens-washed-colorblocked-39thirty-baseball-cap\\\/#breadcrumb\"},\"inLanguage\":\"es\",\"potentialAction\":[{\"@type\":\"ReadAction\",\"target\":[\"https:\\\/\\\/harleydavidsontoluca.com\\\/shop\\\/producto\\\/harley-davidson-mens-washed-colorblocked-39thirty-baseball-cap\\\/\"]}]},{\"@type\":\"ImageObject\",\"inLanguage\":\"es\",\"@id\":\"https:\\\/\\\/harleydavidsontoluca.com\\\/shop\\\/producto\\\/harley-davidson-mens-washed-colorblocked-39thirty-baseball-cap\\\/#primaryimage\",\"url\":\"https:\\\/\\\/harleydavidsontoluca.com\\\/shop\\\/wp-content\\\/uploads\\\/2021\\\/03\\\/99407-20VM.jpeg\",\"contentUrl\":\"https:\\\/\\\/harleydavidsontoluca.com\\\/shop\\\/wp-content\\\/uploads\\\/2021\\\/03\\\/99407-20VM.jpeg\",\"width\":1280,\"height\":1280},{\"@type\":\"BreadcrumbList\",\"@id\":\"https:\\\/\\\/harleydavidsontoluca.com\\\/shop\\\/producto\\\/harley-davidson-mens-washed-colorblocked-39thirty-baseball-cap\\\/#breadcrumb\",\"itemListElement\":[{\"@type\":\"ListItem\",\"position\":1,\"name\":\"Portada\",\"item\":\"https:\\\/\\\/harleydavidsontoluca.com\\\/shop\\\/\"},{\"@type\":\"ListItem\",\"position\":2,\"name\":\"Tienda\",\"item\":\"https:\\\/\\\/harleydavidsontoluca.com\\\/shop\\\/tienda\\\/\"},{\"@type\":\"ListItem\",\"position\":3,\"name\":\"Harley-Davidson\u00ae Men&#8217;s Washed Colorblocked 39THIRTY Baseball Cap\"}]},{\"@type\":\"WebSite\",\"@id\":\"https:\\\/\\\/harleydavidsontoluca.com\\\/shop\\\/#website\",\"url\":\"https:\\\/\\\/harleydavidsontoluca.com\\\/shop\\\/\",\"name\":\"Shop H-D Toluca\",\"description\":\"Shop H-D Toluca\",\"publisher\":{\"@id\":\"https:\\\/\\\/harleydavidsontoluca.com\\\/shop\\\/#organization\"},\"potentialAction\":[{\"@type\":\"SearchAction\",\"target\":{\"@type\":\"EntryPoint\",\"urlTemplate\":\"https:\\\/\\\/harleydavidsontoluca.com\\\/shop\\\/?s={search_term_string}\"},\"query-input\":{\"@type\":\"PropertyValueSpecification\",\"valueRequired\":true,\"valueName\":\"search_term_string\"}}],\"inLanguage\":\"es\"},{\"@type\":\"Organization\",\"@id\":\"https:\\\/\\\/harleydavidsontoluca.com\\\/shop\\\/#organization\",\"name\":\"Concesionaria Central de Motos\",\"url\":\"https:\\\/\\\/harleydavidsontoluca.com\\\/shop\\\/\",\"logo\":{\"@type\":\"ImageObject\",\"inLanguage\":\"es\",\"@id\":\"https:\\\/\\\/harleydavidsontoluca.com\\\/shop\\\/#\\\/schema\\\/logo\\\/image\\\/\",\"url\":\"https:\\\/\\\/harleydavidsontoluca.com\\\/shop\\\/wp-content\\\/uploads\\\/2024\\\/02\\\/cropped-Logo-512.png\",\"contentUrl\":\"https:\\\/\\\/harleydavidsontoluca.com\\\/shop\\\/wp-content\\\/uploads\\\/2024\\\/02\\\/cropped-Logo-512.png\",\"width\":512,\"height\":512,\"caption\":\"Concesionaria Central de Motos\"},\"image\":{\"@id\":\"https:\\\/\\\/harleydavidsontoluca.com\\\/shop\\\/#\\\/schema\\\/logo\\\/image\\\/\"},\"sameAs\":[\"https:\\\/\\\/www.facebook.com\\\/HarleyDavidsonToluca\",\"https:\\\/\\\/www.instagram.com\\\/hdtoluca\\\/\"]}]}<\/script>\n<!-- \/ Yoast SEO plugin. -->","yoast_head_json":{"title":"Harley-Davidson\u00ae Men's Washed Colorblocked 39THIRTY Baseball Cap - Tienda oficial H-D Toluca","robots":{"index":"index","follow":"follow","max-snippet":"max-snippet:-1","max-image-preview":"max-image-preview:large","max-video-preview":"max-video-preview:-1"},"canonical":"https:\/\/harleydavidsontoluca.com\/shop\/producto\/harley-davidson-mens-washed-colorblocked-39thirty-baseball-cap\/","og_locale":"es_MX","og_type":"article","og_title":"Harley-Davidson\u00ae Men's Washed Colorblocked 39THIRTY Baseball Cap - Tienda oficial H-D Toluca","og_description":"Gorra para caballero, estilo desgastado con bloques a color. La parte delantera est\u00e1 hecha de 100% algod\u00f3n. La parte trasera est\u00e1 hecha de 85% poli\u00e9ster y 15% malla de spandex. Gr\u00e1ficos bordados en la parte delantera. Gr\u00e1ficos bordados en la espalda. Logotipo de la bandera de New Era bordado en el lateral. Ajuste el\u00e1stico","og_url":"https:\/\/harleydavidsontoluca.com\/shop\/producto\/harley-davidson-mens-washed-colorblocked-39thirty-baseball-cap\/","og_site_name":"Tienda oficial H-D Toluca","article_publisher":"https:\/\/www.facebook.com\/HarleyDavidsonToluca","article_modified_time":"2026-01-18T18:00:13+00:00","og_image":[{"width":1280,"height":1280,"url":"https:\/\/harleydavidsontoluca.com\/shop\/wp-content\/uploads\/2021\/03\/99407-20VM.jpeg","type":"image\/jpeg"}],"twitter_card":"summary_large_image","schema":{"@context":"https:\/\/schema.org","@graph":[{"@type":"WebPage","@id":"https:\/\/harleydavidsontoluca.com\/shop\/producto\/harley-davidson-mens-washed-colorblocked-39thirty-baseball-cap\/","url":"https:\/\/harleydavidsontoluca.com\/shop\/producto\/harley-davidson-mens-washed-colorblocked-39thirty-baseball-cap\/","name":"Harley-Davidson\u00ae Men's Washed Colorblocked 39THIRTY Baseball Cap - Tienda oficial H-D Toluca","isPartOf":{"@id":"https:\/\/harleydavidsontoluca.com\/shop\/#website"},"primaryImageOfPage":{"@id":"https:\/\/harleydavidsontoluca.com\/shop\/producto\/harley-davidson-mens-washed-colorblocked-39thirty-baseball-cap\/#primaryimage"},"image":{"@id":"https:\/\/harleydavidsontoluca.com\/shop\/producto\/harley-davidson-mens-washed-colorblocked-39thirty-baseball-cap\/#primaryimage"},"thumbnailUrl":"https:\/\/harleydavidsontoluca.com\/shop\/wp-content\/uploads\/2021\/03\/99407-20VM.jpeg","datePublished":"2021-03-26T19:51:04+00:00","dateModified":"2026-01-18T18:00:13+00:00","breadcrumb":{"@id":"https:\/\/harleydavidsontoluca.com\/shop\/producto\/harley-davidson-mens-washed-colorblocked-39thirty-baseball-cap\/#breadcrumb"},"inLanguage":"es","potentialAction":[{"@type":"ReadAction","target":["https:\/\/harleydavidsontoluca.com\/shop\/producto\/harley-davidson-mens-washed-colorblocked-39thirty-baseball-cap\/"]}]},{"@type":"ImageObject","inLanguage":"es","@id":"https:\/\/harleydavidsontoluca.com\/shop\/producto\/harley-davidson-mens-washed-colorblocked-39thirty-baseball-cap\/#primaryimage","url":"https:\/\/harleydavidsontoluca.com\/shop\/wp-content\/uploads\/2021\/03\/99407-20VM.jpeg","contentUrl":"https:\/\/harleydavidsontoluca.com\/shop\/wp-content\/uploads\/2021\/03\/99407-20VM.jpeg","width":1280,"height":1280},{"@type":"BreadcrumbList","@id":"https:\/\/harleydavidsontoluca.com\/shop\/producto\/harley-davidson-mens-washed-colorblocked-39thirty-baseball-cap\/#breadcrumb","itemListElement":[{"@type":"ListItem","position":1,"name":"Portada","item":"https:\/\/harleydavidsontoluca.com\/shop\/"},{"@type":"ListItem","position":2,"name":"Tienda","item":"https:\/\/harleydavidsontoluca.com\/shop\/tienda\/"},{"@type":"ListItem","position":3,"name":"Harley-Davidson\u00ae Men&#8217;s Washed Colorblocked 39THIRTY Baseball Cap"}]},{"@type":"WebSite","@id":"https:\/\/harleydavidsontoluca.com\/shop\/#website","url":"https:\/\/harleydavidsontoluca.com\/shop\/","name":"Shop H-D Toluca","description":"Shop H-D Toluca","publisher":{"@id":"https:\/\/harleydavidsontoluca.com\/shop\/#organization"},"potentialAction":[{"@type":"SearchAction","target":{"@type":"EntryPoint","urlTemplate":"https:\/\/harleydavidsontoluca.com\/shop\/?s={search_term_string}"},"query-input":{"@type":"PropertyValueSpecification","valueRequired":true,"valueName":"search_term_string"}}],"inLanguage":"es"},{"@type":"Organization","@id":"https:\/\/harleydavidsontoluca.com\/shop\/#organization","name":"Concesionaria Central de Motos","url":"https:\/\/harleydavidsontoluca.com\/shop\/","logo":{"@type":"ImageObject","inLanguage":"es","@id":"https:\/\/harleydavidsontoluca.com\/shop\/#\/schema\/logo\/image\/","url":"https:\/\/harleydavidsontoluca.com\/shop\/wp-content\/uploads\/2024\/02\/cropped-Logo-512.png","contentUrl":"https:\/\/harleydavidsontoluca.com\/shop\/wp-content\/uploads\/2024\/02\/cropped-Logo-512.png","width":512,"height":512,"caption":"Concesionaria Central de Motos"},"image":{"@id":"https:\/\/harleydavidsontoluca.com\/shop\/#\/schema\/logo\/image\/"},"sameAs":["https:\/\/www.facebook.com\/HarleyDavidsonToluca","https:\/\/www.instagram.com\/hdtoluca\/"]}]}},"_links":{"self":[{"href":"https:\/\/harleydavidsontoluca.com\/shop\/wp-json\/wp\/v2\/product\/40739","targetHints":{"allow":["GET"]}}],"collection":[{"href":"https:\/\/harleydavidsontoluca.com\/shop\/wp-json\/wp\/v2\/product"}],"about":[{"href":"https:\/\/harleydavidsontoluca.com\/shop\/wp-json\/wp\/v2\/types\/product"}],"wp:featuredmedia":[{"embeddable":true,"href":"https:\/\/harleydavidsontoluca.com\/shop\/wp-json\/wp\/v2\/media\/40742"}],"wp:attachment":[{"href":"https:\/\/harleydavidsontoluca.com\/shop\/wp-json\/wp\/v2\/media?parent=40739"}],"wp:term":[{"taxonomy":"product_brand","embeddable":true,"href":"https:\/\/harleydavidsontoluca.com\/shop\/wp-json\/wp\/v2\/product_brand?post=40739"},{"taxonomy":"product_cat","embeddable":true,"href":"https:\/\/harleydavidsontoluca.com\/shop\/wp-json\/wp\/v2\/product_cat?post=40739"},{"taxonomy":"product_tag","embeddable":true,"href":"https:\/\/harleydavidsontoluca.com\/shop\/wp-json\/wp\/v2\/product_tag?post=40739"}],"curies":[{"name":"wp","href":"https:\/\/api.w.org\/{rel}","templated":true}]}}