
{"id":40238,"date":"2020-12-10T20:59:03","date_gmt":"2020-12-10T20:59:03","guid":{"rendered":"https:\/\/harleydavidsontoluca.com\/shop\/?post_type=product&#038;p=40238"},"modified":"2023-11-23T17:36:39","modified_gmt":"2023-11-23T23:36:39","slug":"harley-davidson-mens-metallic-graphic-sun-shield-m05-full-face-helmet","status":"publish","type":"product","link":"https:\/\/harleydavidsontoluca.com\/shop\/producto\/harley-davidson-mens-metallic-graphic-sun-shield-m05-full-face-helmet\/","title":{"rendered":"Harley-Davidson\u00ae Mens Metallic Graphic Sun Shield M05 Full-Face Helmet"},"content":{"rendered":"<p>EN CASCOS NO HAY CAMBIOS NI DEVOLUCIONES<\/p>\n<p>Casco integral para hombre. <span lang=\"es\">Los cascos integrales son los mejores para la protecci\u00f3n general mientras se conduce la motocicleta. Son ideales para circular por carreteras, caminos secundarios y autopistas en cualquier lugar. Fabricado con una carcasa termopl\u00e1stica exclusiva de H-D\u00ae, el casco tiene una correa para la barbilla con doble anillo en D y conductos\u00a0 para ventilaci\u00f3n. El parasol retr\u00e1ctil ofrece un 95% de protecci\u00f3n UV y tiene un revestimiento antirrayaduras. El forro del casco es extra\u00edble y lavable, y absorbe la humedad, manteniendo la cabeza c\u00f3moda y seca. El casco\u00a0 es compatible con el auricular de casco Bluetooth\u00ae BOOM! \u2122 Audio 20S. Los gr\u00e1ficos met\u00e1licos mate personalizados son vanguardistas y \u00fanicos. Incluye bolsa para casco. Cumple con el est\u00e1ndar de seguridad DOT FMVSS 218 y su peso es de 1.424 kg. Debido a las estrictas restricciones de salud y seguridad del DOT, los cascos no se pueden devolver ni cambiar<\/span><\/p>\n<p>ACCESORIOS Y REPUESTOS SE VENDEN POR SEPARADO<\/p>\n","protected":false},"excerpt":{"rendered":"<p>EN CASCOS NO HAY CAMBIOS NI DEVOLUCIONES<\/p>\n<p>Casco integral para hombre. <span lang=\"es\">Los cascos integrales son los mejores para la protecci\u00f3n general mientras se conduce la motocicleta. Son ideales para circular por carreteras, caminos secundarios y autopistas en cualquier lugar. Fabricado con una carcasa termopl\u00e1stica exclusiva de H-D\u00ae, el casco tiene una correa para la barbilla con doble anillo en D y conductos\u00a0 para ventilaci\u00f3n. El parasol retr\u00e1ctil ofrece un 95% de protecci\u00f3n UV y tiene un revestimiento antirrayaduras. El forro del casco es extra\u00edble y lavable, y absorbe la humedad, manteniendo la cabeza c\u00f3moda y seca. El casco\u00a0 es compatible con el auricular de casco Bluetooth\u00ae BOOM! \u2122 Audio 20S. Los gr\u00e1ficos met\u00e1licos mate personalizados son vanguardistas y \u00fanicos. Incluye bolsa para casco. Cumple con el est\u00e1ndar de seguridad DOT FMVSS 218 y su peso es de 1.424 kg. Debido a las estrictas restricciones de salud y seguridad del DOT, los cascos no se pueden devolver ni cambiar<\/span><\/p>\n<p>ACCESORIOS Y REPUESTOS SE VENDEN POR SEPARADO<\/p>\n","protected":false},"featured_media":40112,"template":"","meta":[],"product_brand":[],"product_cat":[45,24],"product_tag":[],"class_list":{"0":"post-40238","1":"product","2":"type-product","3":"status-publish","4":"has-post-thumbnail","6":"product_cat-cascos","7":"product_cat-hombre","8":"pa_talla-l","9":"pa_talla-m","10":"pa_talla-s","11":"pa_talla-xl","12":"pa_talla-xs","13":"pa_talla-xxl","14":"pa_talla-xxxl","16":"first","17":"outofstock","18":"taxable","19":"shipping-taxable","20":"product-type-variable","21":"has-default-attributes"},"yoast_head":"<!-- This site is optimized with the Yoast SEO plugin v27.3 - https:\/\/yoast.com\/product\/yoast-seo-wordpress\/ -->\n<title>Harley-Davidson\u00ae Mens Metallic Graphic Sun Shield M05 Full-Face Helmet - Tienda oficial H-D Toluca<\/title>\n<meta name=\"robots\" content=\"index, follow, max-snippet:-1, max-image-preview:large, max-video-preview:-1\" \/>\n<link rel=\"canonical\" href=\"https:\/\/harleydavidsontoluca.com\/shop\/producto\/harley-davidson-mens-metallic-graphic-sun-shield-m05-full-face-helmet\/\" \/>\n<meta property=\"og:locale\" content=\"es_MX\" \/>\n<meta property=\"og:type\" content=\"article\" \/>\n<meta property=\"og:title\" content=\"Harley-Davidson\u00ae Mens Metallic Graphic Sun Shield M05 Full-Face Helmet - Tienda oficial H-D Toluca\" \/>\n<meta property=\"og:description\" content=\"EN CASCOS NO HAY CAMBIOS NI DEVOLUCIONES  Casco integral para hombre. Los cascos integrales son los mejores para la protecci\u00f3n general mientras se conduce la motocicleta. Son ideales para circular por carreteras, caminos secundarios y autopistas en cualquier lugar. Fabricado con una carcasa termopl\u00e1stica exclusiva de H-D\u00ae, el casco tiene una correa para la barbilla con doble anillo en D y conductos\u00a0 para ventilaci\u00f3n. El parasol retr\u00e1ctil ofrece un 95% de protecci\u00f3n UV y tiene un revestimiento antirrayaduras. El forro del casco es extra\u00edble y lavable, y absorbe la humedad, manteniendo la cabeza c\u00f3moda y seca. El casco\u00a0 es compatible con el auricular de casco Bluetooth\u00ae BOOM! \u2122 Audio 20S. Los gr\u00e1ficos met\u00e1licos mate personalizados son vanguardistas y \u00fanicos. Incluye bolsa para casco. Cumple con el est\u00e1ndar de seguridad DOT FMVSS 218 y su peso es de 1.424 kg. Debido a las estrictas restricciones de salud y seguridad del DOT, los cascos no se pueden devolver ni cambiar  ACCESORIOS Y REPUESTOS SE VENDEN POR SEPARADO\" \/>\n<meta property=\"og:url\" content=\"https:\/\/harleydavidsontoluca.com\/shop\/producto\/harley-davidson-mens-metallic-graphic-sun-shield-m05-full-face-helmet\/\" \/>\n<meta property=\"og:site_name\" content=\"Tienda oficial H-D Toluca\" \/>\n<meta property=\"article:publisher\" content=\"https:\/\/www.facebook.com\/HarleyDavidsonToluca\" \/>\n<meta property=\"article:modified_time\" content=\"2023-11-23T23:36:39+00:00\" \/>\n<meta property=\"og:image\" content=\"https:\/\/harleydavidsontoluca.com\/shop\/wp-content\/uploads\/2020\/12\/98228-18VX-1.jpg\" \/>\n\t<meta property=\"og:image:width\" content=\"800\" \/>\n\t<meta property=\"og:image:height\" content=\"800\" \/>\n\t<meta property=\"og:image:type\" content=\"image\/jpeg\" \/>\n<meta name=\"twitter:card\" content=\"summary_large_image\" \/>\n<meta name=\"twitter:label1\" content=\"Tiempo de lectura\" \/>\n\t<meta name=\"twitter:data1\" content=\"1 minuto\" \/>\n<script type=\"application\/ld+json\" class=\"yoast-schema-graph\">{\"@context\":\"https:\\\/\\\/schema.org\",\"@graph\":[{\"@type\":\"WebPage\",\"@id\":\"https:\\\/\\\/harleydavidsontoluca.com\\\/shop\\\/producto\\\/harley-davidson-mens-metallic-graphic-sun-shield-m05-full-face-helmet\\\/\",\"url\":\"https:\\\/\\\/harleydavidsontoluca.com\\\/shop\\\/producto\\\/harley-davidson-mens-metallic-graphic-sun-shield-m05-full-face-helmet\\\/\",\"name\":\"Harley-Davidson\u00ae Mens Metallic Graphic Sun Shield M05 Full-Face Helmet - Tienda oficial H-D Toluca\",\"isPartOf\":{\"@id\":\"https:\\\/\\\/harleydavidsontoluca.com\\\/shop\\\/#website\"},\"primaryImageOfPage\":{\"@id\":\"https:\\\/\\\/harleydavidsontoluca.com\\\/shop\\\/producto\\\/harley-davidson-mens-metallic-graphic-sun-shield-m05-full-face-helmet\\\/#primaryimage\"},\"image\":{\"@id\":\"https:\\\/\\\/harleydavidsontoluca.com\\\/shop\\\/producto\\\/harley-davidson-mens-metallic-graphic-sun-shield-m05-full-face-helmet\\\/#primaryimage\"},\"thumbnailUrl\":\"https:\\\/\\\/harleydavidsontoluca.com\\\/shop\\\/wp-content\\\/uploads\\\/2020\\\/12\\\/98228-18VX-1.jpg\",\"datePublished\":\"2020-12-10T20:59:03+00:00\",\"dateModified\":\"2023-11-23T23:36:39+00:00\",\"breadcrumb\":{\"@id\":\"https:\\\/\\\/harleydavidsontoluca.com\\\/shop\\\/producto\\\/harley-davidson-mens-metallic-graphic-sun-shield-m05-full-face-helmet\\\/#breadcrumb\"},\"inLanguage\":\"es\",\"potentialAction\":[{\"@type\":\"ReadAction\",\"target\":[\"https:\\\/\\\/harleydavidsontoluca.com\\\/shop\\\/producto\\\/harley-davidson-mens-metallic-graphic-sun-shield-m05-full-face-helmet\\\/\"]}]},{\"@type\":\"ImageObject\",\"inLanguage\":\"es\",\"@id\":\"https:\\\/\\\/harleydavidsontoluca.com\\\/shop\\\/producto\\\/harley-davidson-mens-metallic-graphic-sun-shield-m05-full-face-helmet\\\/#primaryimage\",\"url\":\"https:\\\/\\\/harleydavidsontoluca.com\\\/shop\\\/wp-content\\\/uploads\\\/2020\\\/12\\\/98228-18VX-1.jpg\",\"contentUrl\":\"https:\\\/\\\/harleydavidsontoluca.com\\\/shop\\\/wp-content\\\/uploads\\\/2020\\\/12\\\/98228-18VX-1.jpg\",\"width\":800,\"height\":800},{\"@type\":\"BreadcrumbList\",\"@id\":\"https:\\\/\\\/harleydavidsontoluca.com\\\/shop\\\/producto\\\/harley-davidson-mens-metallic-graphic-sun-shield-m05-full-face-helmet\\\/#breadcrumb\",\"itemListElement\":[{\"@type\":\"ListItem\",\"position\":1,\"name\":\"Portada\",\"item\":\"https:\\\/\\\/harleydavidsontoluca.com\\\/shop\\\/\"},{\"@type\":\"ListItem\",\"position\":2,\"name\":\"Tienda\",\"item\":\"https:\\\/\\\/harleydavidsontoluca.com\\\/shop\\\/tienda\\\/\"},{\"@type\":\"ListItem\",\"position\":3,\"name\":\"Harley-Davidson\u00ae Mens Metallic Graphic Sun Shield M05 Full-Face Helmet\"}]},{\"@type\":\"WebSite\",\"@id\":\"https:\\\/\\\/harleydavidsontoluca.com\\\/shop\\\/#website\",\"url\":\"https:\\\/\\\/harleydavidsontoluca.com\\\/shop\\\/\",\"name\":\"Shop H-D Toluca\",\"description\":\"Shop H-D Toluca\",\"publisher\":{\"@id\":\"https:\\\/\\\/harleydavidsontoluca.com\\\/shop\\\/#organization\"},\"potentialAction\":[{\"@type\":\"SearchAction\",\"target\":{\"@type\":\"EntryPoint\",\"urlTemplate\":\"https:\\\/\\\/harleydavidsontoluca.com\\\/shop\\\/?s={search_term_string}\"},\"query-input\":{\"@type\":\"PropertyValueSpecification\",\"valueRequired\":true,\"valueName\":\"search_term_string\"}}],\"inLanguage\":\"es\"},{\"@type\":\"Organization\",\"@id\":\"https:\\\/\\\/harleydavidsontoluca.com\\\/shop\\\/#organization\",\"name\":\"Concesionaria Central de Motos\",\"url\":\"https:\\\/\\\/harleydavidsontoluca.com\\\/shop\\\/\",\"logo\":{\"@type\":\"ImageObject\",\"inLanguage\":\"es\",\"@id\":\"https:\\\/\\\/harleydavidsontoluca.com\\\/shop\\\/#\\\/schema\\\/logo\\\/image\\\/\",\"url\":\"https:\\\/\\\/harleydavidsontoluca.com\\\/shop\\\/wp-content\\\/uploads\\\/2024\\\/02\\\/cropped-Logo-512.png\",\"contentUrl\":\"https:\\\/\\\/harleydavidsontoluca.com\\\/shop\\\/wp-content\\\/uploads\\\/2024\\\/02\\\/cropped-Logo-512.png\",\"width\":512,\"height\":512,\"caption\":\"Concesionaria Central de Motos\"},\"image\":{\"@id\":\"https:\\\/\\\/harleydavidsontoluca.com\\\/shop\\\/#\\\/schema\\\/logo\\\/image\\\/\"},\"sameAs\":[\"https:\\\/\\\/www.facebook.com\\\/HarleyDavidsonToluca\",\"https:\\\/\\\/www.instagram.com\\\/hdtoluca\\\/\"]}]}<\/script>\n<!-- \/ Yoast SEO plugin. -->","yoast_head_json":{"title":"Harley-Davidson\u00ae Mens Metallic Graphic Sun Shield M05 Full-Face Helmet - Tienda oficial H-D Toluca","robots":{"index":"index","follow":"follow","max-snippet":"max-snippet:-1","max-image-preview":"max-image-preview:large","max-video-preview":"max-video-preview:-1"},"canonical":"https:\/\/harleydavidsontoluca.com\/shop\/producto\/harley-davidson-mens-metallic-graphic-sun-shield-m05-full-face-helmet\/","og_locale":"es_MX","og_type":"article","og_title":"Harley-Davidson\u00ae Mens Metallic Graphic Sun Shield M05 Full-Face Helmet - Tienda oficial H-D Toluca","og_description":"EN CASCOS NO HAY CAMBIOS NI DEVOLUCIONES  Casco integral para hombre. Los cascos integrales son los mejores para la protecci\u00f3n general mientras se conduce la motocicleta. Son ideales para circular por carreteras, caminos secundarios y autopistas en cualquier lugar. Fabricado con una carcasa termopl\u00e1stica exclusiva de H-D\u00ae, el casco tiene una correa para la barbilla con doble anillo en D y conductos\u00a0 para ventilaci\u00f3n. El parasol retr\u00e1ctil ofrece un 95% de protecci\u00f3n UV y tiene un revestimiento antirrayaduras. El forro del casco es extra\u00edble y lavable, y absorbe la humedad, manteniendo la cabeza c\u00f3moda y seca. El casco\u00a0 es compatible con el auricular de casco Bluetooth\u00ae BOOM! \u2122 Audio 20S. Los gr\u00e1ficos met\u00e1licos mate personalizados son vanguardistas y \u00fanicos. Incluye bolsa para casco. Cumple con el est\u00e1ndar de seguridad DOT FMVSS 218 y su peso es de 1.424 kg. Debido a las estrictas restricciones de salud y seguridad del DOT, los cascos no se pueden devolver ni cambiar  ACCESORIOS Y REPUESTOS SE VENDEN POR SEPARADO","og_url":"https:\/\/harleydavidsontoluca.com\/shop\/producto\/harley-davidson-mens-metallic-graphic-sun-shield-m05-full-face-helmet\/","og_site_name":"Tienda oficial H-D Toluca","article_publisher":"https:\/\/www.facebook.com\/HarleyDavidsonToluca","article_modified_time":"2023-11-23T23:36:39+00:00","og_image":[{"width":800,"height":800,"url":"https:\/\/harleydavidsontoluca.com\/shop\/wp-content\/uploads\/2020\/12\/98228-18VX-1.jpg","type":"image\/jpeg"}],"twitter_card":"summary_large_image","twitter_misc":{"Tiempo de lectura":"1 minuto"},"schema":{"@context":"https:\/\/schema.org","@graph":[{"@type":"WebPage","@id":"https:\/\/harleydavidsontoluca.com\/shop\/producto\/harley-davidson-mens-metallic-graphic-sun-shield-m05-full-face-helmet\/","url":"https:\/\/harleydavidsontoluca.com\/shop\/producto\/harley-davidson-mens-metallic-graphic-sun-shield-m05-full-face-helmet\/","name":"Harley-Davidson\u00ae Mens Metallic Graphic Sun Shield M05 Full-Face Helmet - Tienda oficial H-D Toluca","isPartOf":{"@id":"https:\/\/harleydavidsontoluca.com\/shop\/#website"},"primaryImageOfPage":{"@id":"https:\/\/harleydavidsontoluca.com\/shop\/producto\/harley-davidson-mens-metallic-graphic-sun-shield-m05-full-face-helmet\/#primaryimage"},"image":{"@id":"https:\/\/harleydavidsontoluca.com\/shop\/producto\/harley-davidson-mens-metallic-graphic-sun-shield-m05-full-face-helmet\/#primaryimage"},"thumbnailUrl":"https:\/\/harleydavidsontoluca.com\/shop\/wp-content\/uploads\/2020\/12\/98228-18VX-1.jpg","datePublished":"2020-12-10T20:59:03+00:00","dateModified":"2023-11-23T23:36:39+00:00","breadcrumb":{"@id":"https:\/\/harleydavidsontoluca.com\/shop\/producto\/harley-davidson-mens-metallic-graphic-sun-shield-m05-full-face-helmet\/#breadcrumb"},"inLanguage":"es","potentialAction":[{"@type":"ReadAction","target":["https:\/\/harleydavidsontoluca.com\/shop\/producto\/harley-davidson-mens-metallic-graphic-sun-shield-m05-full-face-helmet\/"]}]},{"@type":"ImageObject","inLanguage":"es","@id":"https:\/\/harleydavidsontoluca.com\/shop\/producto\/harley-davidson-mens-metallic-graphic-sun-shield-m05-full-face-helmet\/#primaryimage","url":"https:\/\/harleydavidsontoluca.com\/shop\/wp-content\/uploads\/2020\/12\/98228-18VX-1.jpg","contentUrl":"https:\/\/harleydavidsontoluca.com\/shop\/wp-content\/uploads\/2020\/12\/98228-18VX-1.jpg","width":800,"height":800},{"@type":"BreadcrumbList","@id":"https:\/\/harleydavidsontoluca.com\/shop\/producto\/harley-davidson-mens-metallic-graphic-sun-shield-m05-full-face-helmet\/#breadcrumb","itemListElement":[{"@type":"ListItem","position":1,"name":"Portada","item":"https:\/\/harleydavidsontoluca.com\/shop\/"},{"@type":"ListItem","position":2,"name":"Tienda","item":"https:\/\/harleydavidsontoluca.com\/shop\/tienda\/"},{"@type":"ListItem","position":3,"name":"Harley-Davidson\u00ae Mens Metallic Graphic Sun Shield M05 Full-Face Helmet"}]},{"@type":"WebSite","@id":"https:\/\/harleydavidsontoluca.com\/shop\/#website","url":"https:\/\/harleydavidsontoluca.com\/shop\/","name":"Shop H-D Toluca","description":"Shop H-D Toluca","publisher":{"@id":"https:\/\/harleydavidsontoluca.com\/shop\/#organization"},"potentialAction":[{"@type":"SearchAction","target":{"@type":"EntryPoint","urlTemplate":"https:\/\/harleydavidsontoluca.com\/shop\/?s={search_term_string}"},"query-input":{"@type":"PropertyValueSpecification","valueRequired":true,"valueName":"search_term_string"}}],"inLanguage":"es"},{"@type":"Organization","@id":"https:\/\/harleydavidsontoluca.com\/shop\/#organization","name":"Concesionaria Central de Motos","url":"https:\/\/harleydavidsontoluca.com\/shop\/","logo":{"@type":"ImageObject","inLanguage":"es","@id":"https:\/\/harleydavidsontoluca.com\/shop\/#\/schema\/logo\/image\/","url":"https:\/\/harleydavidsontoluca.com\/shop\/wp-content\/uploads\/2024\/02\/cropped-Logo-512.png","contentUrl":"https:\/\/harleydavidsontoluca.com\/shop\/wp-content\/uploads\/2024\/02\/cropped-Logo-512.png","width":512,"height":512,"caption":"Concesionaria Central de Motos"},"image":{"@id":"https:\/\/harleydavidsontoluca.com\/shop\/#\/schema\/logo\/image\/"},"sameAs":["https:\/\/www.facebook.com\/HarleyDavidsonToluca","https:\/\/www.instagram.com\/hdtoluca\/"]}]}},"_links":{"self":[{"href":"https:\/\/harleydavidsontoluca.com\/shop\/wp-json\/wp\/v2\/product\/40238","targetHints":{"allow":["GET"]}}],"collection":[{"href":"https:\/\/harleydavidsontoluca.com\/shop\/wp-json\/wp\/v2\/product"}],"about":[{"href":"https:\/\/harleydavidsontoluca.com\/shop\/wp-json\/wp\/v2\/types\/product"}],"wp:featuredmedia":[{"embeddable":true,"href":"https:\/\/harleydavidsontoluca.com\/shop\/wp-json\/wp\/v2\/media\/40112"}],"wp:attachment":[{"href":"https:\/\/harleydavidsontoluca.com\/shop\/wp-json\/wp\/v2\/media?parent=40238"}],"wp:term":[{"taxonomy":"product_brand","embeddable":true,"href":"https:\/\/harleydavidsontoluca.com\/shop\/wp-json\/wp\/v2\/product_brand?post=40238"},{"taxonomy":"product_cat","embeddable":true,"href":"https:\/\/harleydavidsontoluca.com\/shop\/wp-json\/wp\/v2\/product_cat?post=40238"},{"taxonomy":"product_tag","embeddable":true,"href":"https:\/\/harleydavidsontoluca.com\/shop\/wp-json\/wp\/v2\/product_tag?post=40238"}],"curies":[{"name":"wp","href":"https:\/\/api.w.org\/{rel}","templated":true}]}}