
{"id":40217,"date":"2020-12-09T19:40:57","date_gmt":"2020-12-09T19:40:57","guid":{"rendered":"https:\/\/harleydavidsontoluca.com\/shop\/?post_type=product&#038;p=40217"},"modified":"2025-02-15T12:30:15","modified_gmt":"2025-02-15T18:30:15","slug":"harley-davidson-mens-newhall-mixed-media-full-finger-gloves","status":"publish","type":"product","link":"https:\/\/harleydavidsontoluca.com\/shop\/producto\/harley-davidson-mens-newhall-mixed-media-full-finger-gloves\/","title":{"rendered":"Harley-Davidson\u00ae Men&#8217;s Newhall Mixed Media Full-Finger Gloves"},"content":{"rendered":"<p>Guantes<span lang=\"es\"> para hombre. La malla y el cuero perforado ayudan a que el aire fluya, ya que cuenta con un forro Coolcore en el dorso de la mano para un efecto refrescante. Pulgar ergon\u00f3mico y dedos precurvados 30\u00ba. Nudillos de estiramiento. Flexi\u00f3n el\u00e1stica en la palma para un ajuste ergon\u00f3mico y comodidad. Cierre ajustable con leng\u00fceta de asistencia al pu\u00f1o. Palma y pulgar acolchados. Tuber\u00eda de material reflectante Scotchlite \u2122 de 3M \u2122. Compatible con pantalla t\u00e1ctil. Gr\u00e1ficos de goma<\/span><\/p>\n","protected":false},"excerpt":{"rendered":"<p>Guantes<span lang=\"es\"> para hombre. La malla y el cuero perforado ayudan a que el aire fluya, ya que cuenta con un forro Coolcore en el dorso de la mano para un efecto refrescante. Pulgar ergon\u00f3mico y dedos precurvados 30\u00ba. Nudillos de estiramiento. Flexi\u00f3n el\u00e1stica en la palma para un ajuste ergon\u00f3mico y comodidad. Cierre ajustable con leng\u00fceta de asistencia al pu\u00f1o. Palma y pulgar acolchados. Tuber\u00eda de material reflectante Scotchlite \u2122 de 3M \u2122. Compatible con pantalla t\u00e1ctil. Gr\u00e1ficos de goma<\/span><\/p>\n","protected":false},"featured_media":40136,"template":"","meta":[],"product_brand":[],"product_cat":[37,24],"product_tag":[],"class_list":{"0":"post-40217","1":"product","2":"type-product","3":"status-publish","4":"has-post-thumbnail","6":"product_cat-guantes","7":"product_cat-hombre","8":"pa_talla-l","9":"pa_talla-m","10":"pa_talla-s","11":"pa_talla-xl","12":"pa_talla-xs","13":"pa_talla-xxl","14":"pa_talla-xxxl","16":"first","17":"outofstock","18":"taxable","19":"shipping-taxable","20":"product-type-variable","21":"has-default-attributes"},"yoast_head":"<!-- This site is optimized with the Yoast SEO plugin v27.3 - https:\/\/yoast.com\/product\/yoast-seo-wordpress\/ -->\n<title>Harley-Davidson\u00ae Men&#039;s Newhall Mixed Media Full-Finger Gloves - Tienda oficial H-D Toluca<\/title>\n<meta name=\"robots\" content=\"index, follow, max-snippet:-1, max-image-preview:large, max-video-preview:-1\" \/>\n<link rel=\"canonical\" href=\"https:\/\/harleydavidsontoluca.com\/shop\/producto\/harley-davidson-mens-newhall-mixed-media-full-finger-gloves\/\" \/>\n<meta property=\"og:locale\" content=\"es_MX\" \/>\n<meta property=\"og:type\" content=\"article\" \/>\n<meta property=\"og:title\" content=\"Harley-Davidson\u00ae Men&#039;s Newhall Mixed Media Full-Finger Gloves - Tienda oficial H-D Toluca\" \/>\n<meta property=\"og:description\" content=\"Guantes para hombre. La malla y el cuero perforado ayudan a que el aire fluya, ya que cuenta con un forro Coolcore en el dorso de la mano para un efecto refrescante. Pulgar ergon\u00f3mico y dedos precurvados 30\u00ba. Nudillos de estiramiento. Flexi\u00f3n el\u00e1stica en la palma para un ajuste ergon\u00f3mico y comodidad. Cierre ajustable con leng\u00fceta de asistencia al pu\u00f1o. Palma y pulgar acolchados. Tuber\u00eda de material reflectante Scotchlite \u2122 de 3M \u2122. Compatible con pantalla t\u00e1ctil. Gr\u00e1ficos de goma\" \/>\n<meta property=\"og:url\" content=\"https:\/\/harleydavidsontoluca.com\/shop\/producto\/harley-davidson-mens-newhall-mixed-media-full-finger-gloves\/\" \/>\n<meta property=\"og:site_name\" content=\"Tienda oficial H-D Toluca\" \/>\n<meta property=\"article:publisher\" content=\"https:\/\/www.facebook.com\/HarleyDavidsonToluca\" \/>\n<meta property=\"article:modified_time\" content=\"2025-02-15T18:30:15+00:00\" \/>\n<meta property=\"og:image\" content=\"https:\/\/harleydavidsontoluca.com\/shop\/wp-content\/uploads\/2020\/12\/98385-19VM.jpg\" \/>\n\t<meta property=\"og:image:width\" content=\"800\" \/>\n\t<meta property=\"og:image:height\" content=\"800\" \/>\n\t<meta property=\"og:image:type\" content=\"image\/jpeg\" \/>\n<meta name=\"twitter:card\" content=\"summary_large_image\" \/>\n<script type=\"application\/ld+json\" class=\"yoast-schema-graph\">{\"@context\":\"https:\\\/\\\/schema.org\",\"@graph\":[{\"@type\":\"WebPage\",\"@id\":\"https:\\\/\\\/harleydavidsontoluca.com\\\/shop\\\/producto\\\/harley-davidson-mens-newhall-mixed-media-full-finger-gloves\\\/\",\"url\":\"https:\\\/\\\/harleydavidsontoluca.com\\\/shop\\\/producto\\\/harley-davidson-mens-newhall-mixed-media-full-finger-gloves\\\/\",\"name\":\"Harley-Davidson\u00ae Men's Newhall Mixed Media Full-Finger Gloves - Tienda oficial H-D Toluca\",\"isPartOf\":{\"@id\":\"https:\\\/\\\/harleydavidsontoluca.com\\\/shop\\\/#website\"},\"primaryImageOfPage\":{\"@id\":\"https:\\\/\\\/harleydavidsontoluca.com\\\/shop\\\/producto\\\/harley-davidson-mens-newhall-mixed-media-full-finger-gloves\\\/#primaryimage\"},\"image\":{\"@id\":\"https:\\\/\\\/harleydavidsontoluca.com\\\/shop\\\/producto\\\/harley-davidson-mens-newhall-mixed-media-full-finger-gloves\\\/#primaryimage\"},\"thumbnailUrl\":\"https:\\\/\\\/harleydavidsontoluca.com\\\/shop\\\/wp-content\\\/uploads\\\/2020\\\/12\\\/98385-19VM.jpg\",\"datePublished\":\"2020-12-09T19:40:57+00:00\",\"dateModified\":\"2025-02-15T18:30:15+00:00\",\"breadcrumb\":{\"@id\":\"https:\\\/\\\/harleydavidsontoluca.com\\\/shop\\\/producto\\\/harley-davidson-mens-newhall-mixed-media-full-finger-gloves\\\/#breadcrumb\"},\"inLanguage\":\"es\",\"potentialAction\":[{\"@type\":\"ReadAction\",\"target\":[\"https:\\\/\\\/harleydavidsontoluca.com\\\/shop\\\/producto\\\/harley-davidson-mens-newhall-mixed-media-full-finger-gloves\\\/\"]}]},{\"@type\":\"ImageObject\",\"inLanguage\":\"es\",\"@id\":\"https:\\\/\\\/harleydavidsontoluca.com\\\/shop\\\/producto\\\/harley-davidson-mens-newhall-mixed-media-full-finger-gloves\\\/#primaryimage\",\"url\":\"https:\\\/\\\/harleydavidsontoluca.com\\\/shop\\\/wp-content\\\/uploads\\\/2020\\\/12\\\/98385-19VM.jpg\",\"contentUrl\":\"https:\\\/\\\/harleydavidsontoluca.com\\\/shop\\\/wp-content\\\/uploads\\\/2020\\\/12\\\/98385-19VM.jpg\",\"width\":800,\"height\":800},{\"@type\":\"BreadcrumbList\",\"@id\":\"https:\\\/\\\/harleydavidsontoluca.com\\\/shop\\\/producto\\\/harley-davidson-mens-newhall-mixed-media-full-finger-gloves\\\/#breadcrumb\",\"itemListElement\":[{\"@type\":\"ListItem\",\"position\":1,\"name\":\"Portada\",\"item\":\"https:\\\/\\\/harleydavidsontoluca.com\\\/shop\\\/\"},{\"@type\":\"ListItem\",\"position\":2,\"name\":\"Tienda\",\"item\":\"https:\\\/\\\/harleydavidsontoluca.com\\\/shop\\\/tienda\\\/\"},{\"@type\":\"ListItem\",\"position\":3,\"name\":\"Harley-Davidson\u00ae Men&#8217;s Newhall Mixed Media Full-Finger Gloves\"}]},{\"@type\":\"WebSite\",\"@id\":\"https:\\\/\\\/harleydavidsontoluca.com\\\/shop\\\/#website\",\"url\":\"https:\\\/\\\/harleydavidsontoluca.com\\\/shop\\\/\",\"name\":\"Shop H-D Toluca\",\"description\":\"Shop H-D Toluca\",\"publisher\":{\"@id\":\"https:\\\/\\\/harleydavidsontoluca.com\\\/shop\\\/#organization\"},\"potentialAction\":[{\"@type\":\"SearchAction\",\"target\":{\"@type\":\"EntryPoint\",\"urlTemplate\":\"https:\\\/\\\/harleydavidsontoluca.com\\\/shop\\\/?s={search_term_string}\"},\"query-input\":{\"@type\":\"PropertyValueSpecification\",\"valueRequired\":true,\"valueName\":\"search_term_string\"}}],\"inLanguage\":\"es\"},{\"@type\":\"Organization\",\"@id\":\"https:\\\/\\\/harleydavidsontoluca.com\\\/shop\\\/#organization\",\"name\":\"Concesionaria Central de Motos\",\"url\":\"https:\\\/\\\/harleydavidsontoluca.com\\\/shop\\\/\",\"logo\":{\"@type\":\"ImageObject\",\"inLanguage\":\"es\",\"@id\":\"https:\\\/\\\/harleydavidsontoluca.com\\\/shop\\\/#\\\/schema\\\/logo\\\/image\\\/\",\"url\":\"https:\\\/\\\/harleydavidsontoluca.com\\\/shop\\\/wp-content\\\/uploads\\\/2024\\\/02\\\/cropped-Logo-512.png\",\"contentUrl\":\"https:\\\/\\\/harleydavidsontoluca.com\\\/shop\\\/wp-content\\\/uploads\\\/2024\\\/02\\\/cropped-Logo-512.png\",\"width\":512,\"height\":512,\"caption\":\"Concesionaria Central de Motos\"},\"image\":{\"@id\":\"https:\\\/\\\/harleydavidsontoluca.com\\\/shop\\\/#\\\/schema\\\/logo\\\/image\\\/\"},\"sameAs\":[\"https:\\\/\\\/www.facebook.com\\\/HarleyDavidsonToluca\",\"https:\\\/\\\/www.instagram.com\\\/hdtoluca\\\/\"]}]}<\/script>\n<!-- \/ Yoast SEO plugin. -->","yoast_head_json":{"title":"Harley-Davidson\u00ae Men's Newhall Mixed Media Full-Finger Gloves - Tienda oficial H-D Toluca","robots":{"index":"index","follow":"follow","max-snippet":"max-snippet:-1","max-image-preview":"max-image-preview:large","max-video-preview":"max-video-preview:-1"},"canonical":"https:\/\/harleydavidsontoluca.com\/shop\/producto\/harley-davidson-mens-newhall-mixed-media-full-finger-gloves\/","og_locale":"es_MX","og_type":"article","og_title":"Harley-Davidson\u00ae Men's Newhall Mixed Media Full-Finger Gloves - Tienda oficial H-D Toluca","og_description":"Guantes para hombre. La malla y el cuero perforado ayudan a que el aire fluya, ya que cuenta con un forro Coolcore en el dorso de la mano para un efecto refrescante. Pulgar ergon\u00f3mico y dedos precurvados 30\u00ba. Nudillos de estiramiento. Flexi\u00f3n el\u00e1stica en la palma para un ajuste ergon\u00f3mico y comodidad. Cierre ajustable con leng\u00fceta de asistencia al pu\u00f1o. Palma y pulgar acolchados. Tuber\u00eda de material reflectante Scotchlite \u2122 de 3M \u2122. Compatible con pantalla t\u00e1ctil. Gr\u00e1ficos de goma","og_url":"https:\/\/harleydavidsontoluca.com\/shop\/producto\/harley-davidson-mens-newhall-mixed-media-full-finger-gloves\/","og_site_name":"Tienda oficial H-D Toluca","article_publisher":"https:\/\/www.facebook.com\/HarleyDavidsonToluca","article_modified_time":"2025-02-15T18:30:15+00:00","og_image":[{"width":800,"height":800,"url":"https:\/\/harleydavidsontoluca.com\/shop\/wp-content\/uploads\/2020\/12\/98385-19VM.jpg","type":"image\/jpeg"}],"twitter_card":"summary_large_image","schema":{"@context":"https:\/\/schema.org","@graph":[{"@type":"WebPage","@id":"https:\/\/harleydavidsontoluca.com\/shop\/producto\/harley-davidson-mens-newhall-mixed-media-full-finger-gloves\/","url":"https:\/\/harleydavidsontoluca.com\/shop\/producto\/harley-davidson-mens-newhall-mixed-media-full-finger-gloves\/","name":"Harley-Davidson\u00ae Men's Newhall Mixed Media Full-Finger Gloves - Tienda oficial H-D Toluca","isPartOf":{"@id":"https:\/\/harleydavidsontoluca.com\/shop\/#website"},"primaryImageOfPage":{"@id":"https:\/\/harleydavidsontoluca.com\/shop\/producto\/harley-davidson-mens-newhall-mixed-media-full-finger-gloves\/#primaryimage"},"image":{"@id":"https:\/\/harleydavidsontoluca.com\/shop\/producto\/harley-davidson-mens-newhall-mixed-media-full-finger-gloves\/#primaryimage"},"thumbnailUrl":"https:\/\/harleydavidsontoluca.com\/shop\/wp-content\/uploads\/2020\/12\/98385-19VM.jpg","datePublished":"2020-12-09T19:40:57+00:00","dateModified":"2025-02-15T18:30:15+00:00","breadcrumb":{"@id":"https:\/\/harleydavidsontoluca.com\/shop\/producto\/harley-davidson-mens-newhall-mixed-media-full-finger-gloves\/#breadcrumb"},"inLanguage":"es","potentialAction":[{"@type":"ReadAction","target":["https:\/\/harleydavidsontoluca.com\/shop\/producto\/harley-davidson-mens-newhall-mixed-media-full-finger-gloves\/"]}]},{"@type":"ImageObject","inLanguage":"es","@id":"https:\/\/harleydavidsontoluca.com\/shop\/producto\/harley-davidson-mens-newhall-mixed-media-full-finger-gloves\/#primaryimage","url":"https:\/\/harleydavidsontoluca.com\/shop\/wp-content\/uploads\/2020\/12\/98385-19VM.jpg","contentUrl":"https:\/\/harleydavidsontoluca.com\/shop\/wp-content\/uploads\/2020\/12\/98385-19VM.jpg","width":800,"height":800},{"@type":"BreadcrumbList","@id":"https:\/\/harleydavidsontoluca.com\/shop\/producto\/harley-davidson-mens-newhall-mixed-media-full-finger-gloves\/#breadcrumb","itemListElement":[{"@type":"ListItem","position":1,"name":"Portada","item":"https:\/\/harleydavidsontoluca.com\/shop\/"},{"@type":"ListItem","position":2,"name":"Tienda","item":"https:\/\/harleydavidsontoluca.com\/shop\/tienda\/"},{"@type":"ListItem","position":3,"name":"Harley-Davidson\u00ae Men&#8217;s Newhall Mixed Media Full-Finger Gloves"}]},{"@type":"WebSite","@id":"https:\/\/harleydavidsontoluca.com\/shop\/#website","url":"https:\/\/harleydavidsontoluca.com\/shop\/","name":"Shop H-D Toluca","description":"Shop H-D Toluca","publisher":{"@id":"https:\/\/harleydavidsontoluca.com\/shop\/#organization"},"potentialAction":[{"@type":"SearchAction","target":{"@type":"EntryPoint","urlTemplate":"https:\/\/harleydavidsontoluca.com\/shop\/?s={search_term_string}"},"query-input":{"@type":"PropertyValueSpecification","valueRequired":true,"valueName":"search_term_string"}}],"inLanguage":"es"},{"@type":"Organization","@id":"https:\/\/harleydavidsontoluca.com\/shop\/#organization","name":"Concesionaria Central de Motos","url":"https:\/\/harleydavidsontoluca.com\/shop\/","logo":{"@type":"ImageObject","inLanguage":"es","@id":"https:\/\/harleydavidsontoluca.com\/shop\/#\/schema\/logo\/image\/","url":"https:\/\/harleydavidsontoluca.com\/shop\/wp-content\/uploads\/2024\/02\/cropped-Logo-512.png","contentUrl":"https:\/\/harleydavidsontoluca.com\/shop\/wp-content\/uploads\/2024\/02\/cropped-Logo-512.png","width":512,"height":512,"caption":"Concesionaria Central de Motos"},"image":{"@id":"https:\/\/harleydavidsontoluca.com\/shop\/#\/schema\/logo\/image\/"},"sameAs":["https:\/\/www.facebook.com\/HarleyDavidsonToluca","https:\/\/www.instagram.com\/hdtoluca\/"]}]}},"_links":{"self":[{"href":"https:\/\/harleydavidsontoluca.com\/shop\/wp-json\/wp\/v2\/product\/40217","targetHints":{"allow":["GET"]}}],"collection":[{"href":"https:\/\/harleydavidsontoluca.com\/shop\/wp-json\/wp\/v2\/product"}],"about":[{"href":"https:\/\/harleydavidsontoluca.com\/shop\/wp-json\/wp\/v2\/types\/product"}],"wp:featuredmedia":[{"embeddable":true,"href":"https:\/\/harleydavidsontoluca.com\/shop\/wp-json\/wp\/v2\/media\/40136"}],"wp:attachment":[{"href":"https:\/\/harleydavidsontoluca.com\/shop\/wp-json\/wp\/v2\/media?parent=40217"}],"wp:term":[{"taxonomy":"product_brand","embeddable":true,"href":"https:\/\/harleydavidsontoluca.com\/shop\/wp-json\/wp\/v2\/product_brand?post=40217"},{"taxonomy":"product_cat","embeddable":true,"href":"https:\/\/harleydavidsontoluca.com\/shop\/wp-json\/wp\/v2\/product_cat?post=40217"},{"taxonomy":"product_tag","embeddable":true,"href":"https:\/\/harleydavidsontoluca.com\/shop\/wp-json\/wp\/v2\/product_tag?post=40217"}],"curies":[{"name":"wp","href":"https:\/\/api.w.org\/{rel}","templated":true}]}}