
{"id":3397,"date":"2018-05-09T21:40:29","date_gmt":"2018-05-09T21:40:29","guid":{"rendered":"https:\/\/harleydavidsontoluca.com\/shop\/?post_type=product&#038;p=3397"},"modified":"2025-01-14T17:36:59","modified_gmt":"2025-01-14T23:36:59","slug":"harley-davidson-mens-garage-stinger-b14-full-face-helmet-black","status":"publish","type":"product","link":"https:\/\/harleydavidsontoluca.com\/shop\/producto\/harley-davidson-mens-garage-stinger-b14-full-face-helmet-black\/","title":{"rendered":"Harley-Davidson\u00ae Men&#8217;s Garage Stinger B14 Full-Face Helmet, Black"},"content":{"rendered":"<p>EN CASCOS NO TENEMOS CAMBIOS NI DEVOLUCIONES<\/p>\n<p>Casco\u00a0<span lang=\"es\">integral para hombres Harley-Davidson\u00ae Stinger B14, de la colecci\u00f3n Garage. Concha compuesta de fibra de vidrio. Correa acolchada doble D-ring en la barbilla. Rejillas de ventilaci\u00f3n en la zona del ment\u00f3n. Forro lavable y extra\u00edble. Almohadillas lavables extra\u00edbles. Visera de cinco botones. El dise\u00f1o abierto de cara completa le permite al motociclista agregar gafas para una apariencia retro. Bolsa de casco incluida. Peso 1,248 grms.\u00a0<\/span><\/p>\n","protected":false},"excerpt":{"rendered":"<p>EN CASCOS NO TENEMOS CAMBIOS NI DEVOLUCIONES<\/p>\n<p>Casco\u00a0<span lang=\"es\">integral para hombres Harley-Davidson\u00ae Stinger B14, de la colecci\u00f3n Garage. Concha compuesta de fibra de vidrio. Correa acolchada doble D-ring en la barbilla. Rejillas de ventilaci\u00f3n en la zona del ment\u00f3n. Forro lavable y extra\u00edble. Almohadillas lavables extra\u00edbles. Visera de cinco botones. El dise\u00f1o abierto de cara completa le permite al\u00a0motociclista\u00a0agregar gafas para una apariencia retro. Bolsa de casco incluida.\u00a0<\/span><\/p>\n<p>B14 Repuestos: visera de repuesto matte black (SE VENDE POR SEPARADO)<\/p>\n","protected":false},"featured_media":39768,"template":"","meta":[],"product_brand":[],"product_cat":[45,24],"product_tag":[],"class_list":{"0":"post-3397","1":"product","2":"type-product","3":"status-publish","4":"has-post-thumbnail","6":"product_cat-cascos","7":"product_cat-hombre","8":"pa_talla-l","9":"pa_talla-m","10":"pa_talla-s","11":"pa_talla-xl","12":"pa_talla-xs","13":"pa_talla-xxl","14":"pa_talla-xxxl","16":"first","17":"outofstock","18":"taxable","19":"shipping-taxable","20":"product-type-variable","21":"has-default-attributes"},"yoast_head":"<!-- This site is optimized with the Yoast SEO plugin v27.5 - https:\/\/yoast.com\/product\/yoast-seo-wordpress\/ -->\n<title>Harley-Davidson\u00ae Men&#039;s Garage Stinger B14 Full-Face Helmet, Black - Tienda oficial H-D Toluca<\/title>\n<meta name=\"robots\" content=\"index, follow, max-snippet:-1, max-image-preview:large, max-video-preview:-1\" \/>\n<link rel=\"canonical\" href=\"https:\/\/harleydavidsontoluca.com\/shop\/producto\/harley-davidson-mens-garage-stinger-b14-full-face-helmet-black\/\" \/>\n<meta property=\"og:locale\" content=\"es_MX\" \/>\n<meta property=\"og:type\" content=\"article\" \/>\n<meta property=\"og:title\" content=\"Harley-Davidson\u00ae Men&#039;s Garage Stinger B14 Full-Face Helmet, Black - Tienda oficial H-D Toluca\" \/>\n<meta property=\"og:description\" content=\"EN CASCOS NO TENEMOS CAMBIOS NI DEVOLUCIONES  Casco\u00a0integral para hombres Harley-Davidson\u00ae Stinger B14, de la colecci\u00f3n Garage. Concha compuesta de fibra de vidrio. Correa acolchada doble D-ring en la barbilla. Rejillas de ventilaci\u00f3n en la zona del ment\u00f3n. Forro lavable y extra\u00edble. Almohadillas lavables extra\u00edbles. Visera de cinco botones. El dise\u00f1o abierto de cara completa le permite al\u00a0motociclista\u00a0agregar gafas para una apariencia retro. Bolsa de casco incluida.\u00a0  B14 Repuestos: visera de repuesto matte black (SE VENDE POR SEPARADO)\" \/>\n<meta property=\"og:url\" content=\"https:\/\/harleydavidsontoluca.com\/shop\/producto\/harley-davidson-mens-garage-stinger-b14-full-face-helmet-black\/\" \/>\n<meta property=\"og:site_name\" content=\"Tienda oficial H-D Toluca\" \/>\n<meta property=\"article:publisher\" content=\"https:\/\/www.facebook.com\/HarleyDavidsonToluca\" \/>\n<meta property=\"article:modified_time\" content=\"2025-01-14T23:36:59+00:00\" \/>\n<meta property=\"og:image\" content=\"https:\/\/harleydavidsontoluca.com\/shop\/wp-content\/uploads\/2018\/05\/98197-18VX.jpeg\" \/>\n\t<meta property=\"og:image:width\" content=\"750\" \/>\n\t<meta property=\"og:image:height\" content=\"789\" \/>\n\t<meta property=\"og:image:type\" content=\"image\/jpeg\" \/>\n<meta name=\"twitter:card\" content=\"summary_large_image\" \/>\n<script type=\"application\/ld+json\" class=\"yoast-schema-graph\">{\"@context\":\"https:\\\/\\\/schema.org\",\"@graph\":[{\"@type\":\"WebPage\",\"@id\":\"https:\\\/\\\/harleydavidsontoluca.com\\\/shop\\\/producto\\\/harley-davidson-mens-garage-stinger-b14-full-face-helmet-black\\\/\",\"url\":\"https:\\\/\\\/harleydavidsontoluca.com\\\/shop\\\/producto\\\/harley-davidson-mens-garage-stinger-b14-full-face-helmet-black\\\/\",\"name\":\"Harley-Davidson\u00ae Men's Garage Stinger B14 Full-Face Helmet, Black - Tienda oficial H-D Toluca\",\"isPartOf\":{\"@id\":\"https:\\\/\\\/harleydavidsontoluca.com\\\/shop\\\/#website\"},\"primaryImageOfPage\":{\"@id\":\"https:\\\/\\\/harleydavidsontoluca.com\\\/shop\\\/producto\\\/harley-davidson-mens-garage-stinger-b14-full-face-helmet-black\\\/#primaryimage\"},\"image\":{\"@id\":\"https:\\\/\\\/harleydavidsontoluca.com\\\/shop\\\/producto\\\/harley-davidson-mens-garage-stinger-b14-full-face-helmet-black\\\/#primaryimage\"},\"thumbnailUrl\":\"https:\\\/\\\/harleydavidsontoluca.com\\\/shop\\\/wp-content\\\/uploads\\\/2018\\\/05\\\/98197-18VX.jpeg\",\"datePublished\":\"2018-05-09T21:40:29+00:00\",\"dateModified\":\"2025-01-14T23:36:59+00:00\",\"breadcrumb\":{\"@id\":\"https:\\\/\\\/harleydavidsontoluca.com\\\/shop\\\/producto\\\/harley-davidson-mens-garage-stinger-b14-full-face-helmet-black\\\/#breadcrumb\"},\"inLanguage\":\"es\",\"potentialAction\":[{\"@type\":\"ReadAction\",\"target\":[\"https:\\\/\\\/harleydavidsontoluca.com\\\/shop\\\/producto\\\/harley-davidson-mens-garage-stinger-b14-full-face-helmet-black\\\/\"]}]},{\"@type\":\"ImageObject\",\"inLanguage\":\"es\",\"@id\":\"https:\\\/\\\/harleydavidsontoluca.com\\\/shop\\\/producto\\\/harley-davidson-mens-garage-stinger-b14-full-face-helmet-black\\\/#primaryimage\",\"url\":\"https:\\\/\\\/harleydavidsontoluca.com\\\/shop\\\/wp-content\\\/uploads\\\/2018\\\/05\\\/98197-18VX.jpeg\",\"contentUrl\":\"https:\\\/\\\/harleydavidsontoluca.com\\\/shop\\\/wp-content\\\/uploads\\\/2018\\\/05\\\/98197-18VX.jpeg\",\"width\":750,\"height\":789,\"caption\":\"{\\\"source_sid\\\":\\\"6965460C-581D-46FB-BE76-C106DB56C279_1593195037933\\\",\\\"subsource\\\":\\\"done_button\\\",\\\"uid\\\":\\\"6965460C-581D-46FB-BE76-C106DB56C279_1593195037926\\\",\\\"source\\\":\\\"other\\\",\\\"origin\\\":\\\"gallery\\\"}\"},{\"@type\":\"BreadcrumbList\",\"@id\":\"https:\\\/\\\/harleydavidsontoluca.com\\\/shop\\\/producto\\\/harley-davidson-mens-garage-stinger-b14-full-face-helmet-black\\\/#breadcrumb\",\"itemListElement\":[{\"@type\":\"ListItem\",\"position\":1,\"name\":\"Portada\",\"item\":\"https:\\\/\\\/harleydavidsontoluca.com\\\/shop\\\/\"},{\"@type\":\"ListItem\",\"position\":2,\"name\":\"Tienda\",\"item\":\"https:\\\/\\\/harleydavidsontoluca.com\\\/shop\\\/tienda\\\/\"},{\"@type\":\"ListItem\",\"position\":3,\"name\":\"Harley-Davidson\u00ae Men&#8217;s Garage Stinger B14 Full-Face Helmet, Black\"}]},{\"@type\":\"WebSite\",\"@id\":\"https:\\\/\\\/harleydavidsontoluca.com\\\/shop\\\/#website\",\"url\":\"https:\\\/\\\/harleydavidsontoluca.com\\\/shop\\\/\",\"name\":\"Shop H-D Toluca\",\"description\":\"Shop H-D Toluca\",\"publisher\":{\"@id\":\"https:\\\/\\\/harleydavidsontoluca.com\\\/shop\\\/#organization\"},\"potentialAction\":[{\"@type\":\"SearchAction\",\"target\":{\"@type\":\"EntryPoint\",\"urlTemplate\":\"https:\\\/\\\/harleydavidsontoluca.com\\\/shop\\\/?s={search_term_string}\"},\"query-input\":{\"@type\":\"PropertyValueSpecification\",\"valueRequired\":true,\"valueName\":\"search_term_string\"}}],\"inLanguage\":\"es\"},{\"@type\":\"Organization\",\"@id\":\"https:\\\/\\\/harleydavidsontoluca.com\\\/shop\\\/#organization\",\"name\":\"Concesionaria Central de Motos\",\"url\":\"https:\\\/\\\/harleydavidsontoluca.com\\\/shop\\\/\",\"logo\":{\"@type\":\"ImageObject\",\"inLanguage\":\"es\",\"@id\":\"https:\\\/\\\/harleydavidsontoluca.com\\\/shop\\\/#\\\/schema\\\/logo\\\/image\\\/\",\"url\":\"https:\\\/\\\/harleydavidsontoluca.com\\\/shop\\\/wp-content\\\/uploads\\\/2024\\\/02\\\/cropped-Logo-512.png\",\"contentUrl\":\"https:\\\/\\\/harleydavidsontoluca.com\\\/shop\\\/wp-content\\\/uploads\\\/2024\\\/02\\\/cropped-Logo-512.png\",\"width\":512,\"height\":512,\"caption\":\"Concesionaria Central de Motos\"},\"image\":{\"@id\":\"https:\\\/\\\/harleydavidsontoluca.com\\\/shop\\\/#\\\/schema\\\/logo\\\/image\\\/\"},\"sameAs\":[\"https:\\\/\\\/www.facebook.com\\\/HarleyDavidsonToluca\",\"https:\\\/\\\/www.instagram.com\\\/hdtoluca\\\/\"]}]}<\/script>\n<!-- \/ Yoast SEO plugin. -->","yoast_head_json":{"title":"Harley-Davidson\u00ae Men's Garage Stinger B14 Full-Face Helmet, Black - Tienda oficial H-D Toluca","robots":{"index":"index","follow":"follow","max-snippet":"max-snippet:-1","max-image-preview":"max-image-preview:large","max-video-preview":"max-video-preview:-1"},"canonical":"https:\/\/harleydavidsontoluca.com\/shop\/producto\/harley-davidson-mens-garage-stinger-b14-full-face-helmet-black\/","og_locale":"es_MX","og_type":"article","og_title":"Harley-Davidson\u00ae Men's Garage Stinger B14 Full-Face Helmet, Black - Tienda oficial H-D Toluca","og_description":"EN CASCOS NO TENEMOS CAMBIOS NI DEVOLUCIONES  Casco\u00a0integral para hombres Harley-Davidson\u00ae Stinger B14, de la colecci\u00f3n Garage. Concha compuesta de fibra de vidrio. Correa acolchada doble D-ring en la barbilla. Rejillas de ventilaci\u00f3n en la zona del ment\u00f3n. Forro lavable y extra\u00edble. Almohadillas lavables extra\u00edbles. Visera de cinco botones. El dise\u00f1o abierto de cara completa le permite al\u00a0motociclista\u00a0agregar gafas para una apariencia retro. Bolsa de casco incluida.\u00a0  B14 Repuestos: visera de repuesto matte black (SE VENDE POR SEPARADO)","og_url":"https:\/\/harleydavidsontoluca.com\/shop\/producto\/harley-davidson-mens-garage-stinger-b14-full-face-helmet-black\/","og_site_name":"Tienda oficial H-D Toluca","article_publisher":"https:\/\/www.facebook.com\/HarleyDavidsonToluca","article_modified_time":"2025-01-14T23:36:59+00:00","og_image":[{"width":750,"height":789,"url":"https:\/\/harleydavidsontoluca.com\/shop\/wp-content\/uploads\/2018\/05\/98197-18VX.jpeg","type":"image\/jpeg"}],"twitter_card":"summary_large_image","schema":{"@context":"https:\/\/schema.org","@graph":[{"@type":"WebPage","@id":"https:\/\/harleydavidsontoluca.com\/shop\/producto\/harley-davidson-mens-garage-stinger-b14-full-face-helmet-black\/","url":"https:\/\/harleydavidsontoluca.com\/shop\/producto\/harley-davidson-mens-garage-stinger-b14-full-face-helmet-black\/","name":"Harley-Davidson\u00ae Men's Garage Stinger B14 Full-Face Helmet, Black - Tienda oficial H-D Toluca","isPartOf":{"@id":"https:\/\/harleydavidsontoluca.com\/shop\/#website"},"primaryImageOfPage":{"@id":"https:\/\/harleydavidsontoluca.com\/shop\/producto\/harley-davidson-mens-garage-stinger-b14-full-face-helmet-black\/#primaryimage"},"image":{"@id":"https:\/\/harleydavidsontoluca.com\/shop\/producto\/harley-davidson-mens-garage-stinger-b14-full-face-helmet-black\/#primaryimage"},"thumbnailUrl":"https:\/\/harleydavidsontoluca.com\/shop\/wp-content\/uploads\/2018\/05\/98197-18VX.jpeg","datePublished":"2018-05-09T21:40:29+00:00","dateModified":"2025-01-14T23:36:59+00:00","breadcrumb":{"@id":"https:\/\/harleydavidsontoluca.com\/shop\/producto\/harley-davidson-mens-garage-stinger-b14-full-face-helmet-black\/#breadcrumb"},"inLanguage":"es","potentialAction":[{"@type":"ReadAction","target":["https:\/\/harleydavidsontoluca.com\/shop\/producto\/harley-davidson-mens-garage-stinger-b14-full-face-helmet-black\/"]}]},{"@type":"ImageObject","inLanguage":"es","@id":"https:\/\/harleydavidsontoluca.com\/shop\/producto\/harley-davidson-mens-garage-stinger-b14-full-face-helmet-black\/#primaryimage","url":"https:\/\/harleydavidsontoluca.com\/shop\/wp-content\/uploads\/2018\/05\/98197-18VX.jpeg","contentUrl":"https:\/\/harleydavidsontoluca.com\/shop\/wp-content\/uploads\/2018\/05\/98197-18VX.jpeg","width":750,"height":789,"caption":"{\"source_sid\":\"6965460C-581D-46FB-BE76-C106DB56C279_1593195037933\",\"subsource\":\"done_button\",\"uid\":\"6965460C-581D-46FB-BE76-C106DB56C279_1593195037926\",\"source\":\"other\",\"origin\":\"gallery\"}"},{"@type":"BreadcrumbList","@id":"https:\/\/harleydavidsontoluca.com\/shop\/producto\/harley-davidson-mens-garage-stinger-b14-full-face-helmet-black\/#breadcrumb","itemListElement":[{"@type":"ListItem","position":1,"name":"Portada","item":"https:\/\/harleydavidsontoluca.com\/shop\/"},{"@type":"ListItem","position":2,"name":"Tienda","item":"https:\/\/harleydavidsontoluca.com\/shop\/tienda\/"},{"@type":"ListItem","position":3,"name":"Harley-Davidson\u00ae Men&#8217;s Garage Stinger B14 Full-Face Helmet, Black"}]},{"@type":"WebSite","@id":"https:\/\/harleydavidsontoluca.com\/shop\/#website","url":"https:\/\/harleydavidsontoluca.com\/shop\/","name":"Shop H-D Toluca","description":"Shop H-D Toluca","publisher":{"@id":"https:\/\/harleydavidsontoluca.com\/shop\/#organization"},"potentialAction":[{"@type":"SearchAction","target":{"@type":"EntryPoint","urlTemplate":"https:\/\/harleydavidsontoluca.com\/shop\/?s={search_term_string}"},"query-input":{"@type":"PropertyValueSpecification","valueRequired":true,"valueName":"search_term_string"}}],"inLanguage":"es"},{"@type":"Organization","@id":"https:\/\/harleydavidsontoluca.com\/shop\/#organization","name":"Concesionaria Central de Motos","url":"https:\/\/harleydavidsontoluca.com\/shop\/","logo":{"@type":"ImageObject","inLanguage":"es","@id":"https:\/\/harleydavidsontoluca.com\/shop\/#\/schema\/logo\/image\/","url":"https:\/\/harleydavidsontoluca.com\/shop\/wp-content\/uploads\/2024\/02\/cropped-Logo-512.png","contentUrl":"https:\/\/harleydavidsontoluca.com\/shop\/wp-content\/uploads\/2024\/02\/cropped-Logo-512.png","width":512,"height":512,"caption":"Concesionaria Central de Motos"},"image":{"@id":"https:\/\/harleydavidsontoluca.com\/shop\/#\/schema\/logo\/image\/"},"sameAs":["https:\/\/www.facebook.com\/HarleyDavidsonToluca","https:\/\/www.instagram.com\/hdtoluca\/"]}]}},"_links":{"self":[{"href":"https:\/\/harleydavidsontoluca.com\/shop\/wp-json\/wp\/v2\/product\/3397","targetHints":{"allow":["GET"]}}],"collection":[{"href":"https:\/\/harleydavidsontoluca.com\/shop\/wp-json\/wp\/v2\/product"}],"about":[{"href":"https:\/\/harleydavidsontoluca.com\/shop\/wp-json\/wp\/v2\/types\/product"}],"wp:featuredmedia":[{"embeddable":true,"href":"https:\/\/harleydavidsontoluca.com\/shop\/wp-json\/wp\/v2\/media\/39768"}],"wp:attachment":[{"href":"https:\/\/harleydavidsontoluca.com\/shop\/wp-json\/wp\/v2\/media?parent=3397"}],"wp:term":[{"taxonomy":"product_brand","embeddable":true,"href":"https:\/\/harleydavidsontoluca.com\/shop\/wp-json\/wp\/v2\/product_brand?post=3397"},{"taxonomy":"product_cat","embeddable":true,"href":"https:\/\/harleydavidsontoluca.com\/shop\/wp-json\/wp\/v2\/product_cat?post=3397"},{"taxonomy":"product_tag","embeddable":true,"href":"https:\/\/harleydavidsontoluca.com\/shop\/wp-json\/wp\/v2\/product_tag?post=3397"}],"curies":[{"name":"wp","href":"https:\/\/api.w.org\/{rel}","templated":true}]}}